{"id":109809,"date":"2024-11-15T08:29:30","date_gmt":"2024-11-15T08:29:30","guid":{"rendered":"https:\/\/www.metaflotech.com\/?page_id=109809"},"modified":"2025-12-22T22:18:43","modified_gmt":"2025-12-22T22:18:43","slug":"produkte","status":"publish","type":"page","link":"https:\/\/www.metaflotech.com\/de\/products\/","title":{"rendered":"Produkte"},"content":{"rendered":"<h1>\n\t\t\tVerfestigungsreagenzien (MF)\t<\/h1>\n\t<h1>Revolutionierung der Verfestigung von Fl\u00fcssigabf\u00e4llen<\/h1>\n\t<p>MetaFLO ist der f\u00fchrende Anbieter innovativer, umweltfreundlicher Chemie und einzigartiger Reagenzienzufuhrsysteme f\u00fcr die Behandlung von fl\u00fcssigen Abfallstr\u00f6men.<\/p>\n<p>Einfach gesagt: Wir helfen den Menschen schnell <strong>fl\u00fcssige Abf\u00e4lle am Ort der Fl\u00fcssigkeitsentstehung in einen handhabbaren Feststoff zu verwandeln.<\/strong><\/p>\n\t<h3><strong>Anmeldung<\/strong><\/h3>\n\t\t\t <p><a href=\"https:\/\/www.metaflotech.com\/de\/anwendungen\/horizontale-richtbohrungen\/\">Horizontales Richtungsbohren<\/a>, <a href=\"https:\/\/www.metaflotech.com\/de\/anwendungen\/tunnelbau\/\">Tunnelbau und Microtunneling<\/a><\/p>\t\t\n\t\t\t <p><a href=\"https:\/\/www.metaflotech.com\/de\/branchen\/ol-und-gas\/\">\u00d6l- und Gasbohrungen<\/a><\/p>\u00a0\t\t\n\t\t\t <p><a href=\"https:\/\/www.metaflotech.com\/de\/anwendungen\/hydrograbungen\/\">Hydrograbungen<\/a><\/p>\u00a0\t\t\n\t\t\t <p><a href=\"https:\/\/www.metaflotech.com\/de\/anwendungen\/umweltbaggerung\/\">Umweltbezogene Baggerarbeiten<\/a><\/p>\u00a0\t\t\n\t<h3><strong>Vorteile<\/strong><\/h3>\n\t\t\t <p>Verringerung von Risiko und Haftung, Verbesserung der Sicherheit auf der Baustelle<\/p>\t\t\n\t\t\t <p>Senkung der Kosten f\u00fcr die Bewirtschaftung fl\u00fcssiger Abf\u00e4lle<\/p>\t\t\n\t\t\t <p>Reduzieren Sie Ihre Umweltbelastung<\/p>\t\t\n\t\t<iframe loading=\"lazy\" width=\"1120\" height=\"630\" src=\"https:\/\/www.youtube.com\/embed\/K7BlhvqGN-E?si=DG_Hz1XDcxIpNhQR\" title=\"MetaFLO Technologies - Solidification Reagents\" frameborder=\"0\" allow=\"accelerometer; autoplay; clipboard-write; encrypted-media; gyroscope; picture-in-picture; web-share\" referrerpolicy=\"strict-origin-when-cross-origin\" allowfullscreen><\/iframe>\t\n\t\t\t\t<a href=\"https:\/\/www.metaflotech.com\/de\/produkte\/mf003\/\"  target=\"_self\" itemprop=\"url\">\n\t\t\t\t<img decoding=\"async\" src=\"https:\/\/www.metaflotech.com\/wp-content\/uploads\/2024\/03\/Dark-MF003.svg\" alt=\"MF003\" itemprop=\"image\" height=\"100\" width=\"100\" onerror=\"this.style.display='none'\" loading=\"lazy\" \/>\n\t\t\t\t<\/a>\n\t<p><strong>\u2713 L<\/strong>Fl\u00fcssige Abfallstr\u00f6me<\/p>\n\t\t\t\t<a href=\"https:\/\/www.metaflotech.com\/de\/produkte\/mf006\/\"  target=\"_self\" itemprop=\"url\">\n\t\t\t\t<img decoding=\"async\" src=\"https:\/\/www.metaflotech.com\/wp-content\/uploads\/2024\/03\/Dark-MF006.svg\" alt=\"MF006\" itemprop=\"image\" height=\"100\" width=\"100\" onerror=\"this.style.display='none'\" loading=\"lazy\" \/>\n\t\t\t\t<\/a>\n\t<p><strong>\u2713 Semi-Solid auf Wasserbasis<\/strong><\/p>\n\t\t\t\t<a href=\"https:\/\/www.metaflotech.com\/de\/produkte\/mf008\/\"  target=\"_self\" rel=\"nofollow\"  itemprop=\"url\">\n\t\t\t\t<img decoding=\"async\" src=\"https:\/\/www.metaflotech.com\/wp-content\/uploads\/2024\/03\/Dark-MF008.svg\" alt=\"Dunkel MF008\" itemprop=\"image\" height=\"100\" width=\"100\" title=\"Dunkel MF008\" onerror=\"this.style.display='none'\" loading=\"lazy\" \/>\n\t\t\t\t<\/a>\n\t<p><strong>\u2713 \u00d6l- und Gasanwendungen<\/strong><\/p>\n<h1>\n\t\t\tBiopolymere (Technik)\t<\/h1>\n\t<h1>Revolutionierung industrieller Prozesse<\/h1>\n\t<p>At MetaFLO, we know that the industrial sector faces unique challenges.\u00a0That&#8217;s why we&#8217;ve developed a suite of innovative biopolymers designed to increase efficiency, enhance environmental compliance and streamline operations.<\/p>\n<p>Entdecken Sie, wie unsere L\u00f6sungen <strong>revolutionieren Sie Ihren Betrieb.<\/strong><\/p>\n\t<h3><strong>Anmeldung<\/strong><\/h3>\n\t\t\t <p><strong>Stabilisierung des Bodens:<\/strong> Stabilisierung von Unterbau und Tragschicht im Stra\u00dfenbau und Staubkontrolle (SoilTech, DusTech)<\/p>\t\t\n\t\t\t <p><strong>Bergbau:<\/strong> Verbesserung der Extraktion von Edelmineralien (Gold), Zyanidreduktion, Reaktionsbeschleunigung (ExtracTech)<\/p>\t\t\n\t\t\t <p><strong>\u00d6l und Gas:<\/strong> Fortgeschrittene Sanierung von Produktionswasser (RemTech)<\/p>\t\t\n\t\t\t <p><strong>Bindemittel:<\/strong> f\u00fcr die Herstellung von Ziegeln, Pflastersteinen und \u00e4hnlichen Materialien (CemenTech)<\/p>\t\t\n\t<h3><strong>Vorteile<\/strong><\/h3>\n\t\t\t <p>Kosten reduzieren<\/p>\t\t\n\t\t\t <p>Einhaltung der Umweltvorschriften<\/p>\t\t\n\t\t\t <p>Verbesserung der betrieblichen Effizienz<\/p>\t\t\n\t\t\t\t<a href=\"https:\/\/www.metaflotech.com\/de\/produkte\/soiltech\/\"  target=\"_self\" rel=\"nofollow\"  itemprop=\"url\">\n\t\t\t\t<img decoding=\"async\" src=\"https:\/\/www.metaflotech.com\/wp-content\/uploads\/2025\/07\/Dark-3.svg\" alt=\"Dunkelheit\" itemprop=\"image\" height=\"100\" width=\"100\" title=\"Dunkelheit\" onerror=\"this.style.display='none'\" loading=\"lazy\" \/>\n\t\t\t\t<\/a>\n\t<p><strong>\u2713 <\/strong>Stabilisierung des Bodens<\/p>\n\t\t\t\t<a href=\"https:\/\/www.metaflotech.com\/de\/produkte\/dustech\/\"  target=\"_self\" rel=\"nofollow\"  itemprop=\"url\">\n\t\t\t\t<img decoding=\"async\" src=\"https:\/\/www.metaflotech.com\/wp-content\/uploads\/2025\/07\/Dark-5.svg\" alt=\"Dunkelheit\" itemprop=\"image\" height=\"100\" width=\"100\" title=\"Dunkelheit\" onerror=\"this.style.display='none'\" loading=\"lazy\" \/>\n\t\t\t\t<\/a>\n\t<p><strong>\u2713 Staubunterdr\u00fcckung\u00a0<\/strong><\/p>\n\t\t\t\t<a href=\"https:\/\/www.metaflotech.com\/de\/produkte\/extractech\/\"  target=\"_self\" itemprop=\"url\">\n\t\t\t\t<img decoding=\"async\" src=\"https:\/\/www.metaflotech.com\/wp-content\/uploads\/2025\/07\/Dark-4.svg\" alt=\"Dunkelheit\" itemprop=\"image\" height=\"100\" width=\"100\" title=\"Dunkelheit\" onerror=\"this.style.display='none'\" loading=\"lazy\" \/>\n\t\t\t\t<\/a>\n\t<strong>\u2713 Goldgewinnung &amp; Cyanid-Reduktion<br \/>\n<\/strong>\n\t\t\t\t<a href=\"https:\/\/www.metaflotech.com\/de\/produkte\/remtech\/\"  target=\"_self\" rel=\"nofollow\"  itemprop=\"url\">\n\t\t\t\t<img decoding=\"async\" src=\"https:\/\/www.metaflotech.com\/wp-content\/uploads\/2025\/07\/Dark.svg\" alt=\"Dunkelheit\" itemprop=\"image\" height=\"100\" width=\"100\" title=\"Dunkelheit\" onerror=\"this.style.display='none'\" loading=\"lazy\" \/>\n\t\t\t\t<\/a>\n\t<p><strong>\u2713 Verunreinigtes Wasser<\/strong><\/p>","protected":false},"excerpt":{"rendered":"<p>Solidification Reagents (MF) Revolutionizing Liquid Waste Solidification MetaFLO is the leading provider of innovative, environmentally friendly chemistry and unique reagent delivery systems for the treatment of liquid waste streams. Simply put, we help people rapidly turn liquid waste into a manageable solid at the site of fluid generation. Application Horizontal Directional Drilling, Tunneling &amp; Microtunneling&hellip;<\/p>","protected":false},"author":1,"featured_media":0,"parent":0,"menu_order":0,"comment_status":"closed","ping_status":"closed","template":"","meta":{"_acf_changed":false,"inline_featured_image":false,"footnotes":""},"class_list":["post-109809","page","type-page","status-publish","hentry"],"acf":[],"yoast_head":"<!-- This site is optimized with the Yoast SEO plugin v27.4 - https:\/\/yoast.com\/product\/yoast-seo-wordpress\/ -->\n<title>Products | MetaFLO Technologies<\/title>\n<meta name=\"description\" content=\"FOCUSED ON ENGINEERED SOLUTIONS FOR LIQUID WASTE SOLIDIFICATION THAT ARE EFFECTIVE, EFFICIENT AND MINIMIZE ENVIRONMENTAL IMPACT.\" \/>\n<meta name=\"robots\" content=\"index, follow, max-snippet:-1, max-image-preview:large, max-video-preview:-1\" \/>\n<link rel=\"canonical\" href=\"https:\/\/www.metaflotech.com\/de\/produkte\/\" \/>\n<meta property=\"og:locale\" content=\"de_DE\" \/>\n<meta property=\"og:type\" content=\"article\" \/>\n<meta property=\"og:title\" content=\"Products | MetaFLO Technologies\" \/>\n<meta property=\"og:description\" content=\"FOCUSED ON ENGINEERED SOLUTIONS FOR LIQUID WASTE SOLIDIFICATION THAT ARE EFFECTIVE, EFFICIENT AND MINIMIZE ENVIRONMENTAL IMPACT.\" \/>\n<meta property=\"og:url\" content=\"https:\/\/www.metaflotech.com\/de\/produkte\/\" \/>\n<meta property=\"og:site_name\" content=\"MetaFLO Technologies\" \/>\n<meta property=\"article:publisher\" content=\"https:\/\/www.facebook.com\/MetaFLOTechnologies\/\" \/>\n<meta property=\"article:modified_time\" content=\"2025-12-22T22:18:43+00:00\" \/>\n<meta property=\"og:image\" content=\"https:\/\/www.metaflotech.com\/wp-content\/uploads\/2024\/03\/Dark-MF003.svg\" \/>\n<meta name=\"twitter:card\" content=\"summary_large_image\" \/>\n<meta name=\"twitter:site\" content=\"@metaflo\" \/>\n<meta name=\"twitter:label1\" content=\"Gesch\u00e4tzte Lesezeit\" \/>\n\t<meta name=\"twitter:data1\" content=\"3\u00a0Minuten\" \/>\n<script type=\"application\/ld+json\" class=\"yoast-schema-graph\">{\"@context\":\"https:\\\/\\\/schema.org\",\"@graph\":[{\"@type\":\"WebPage\",\"@id\":\"https:\\\/\\\/www.metaflotech.com\\\/de\\\/products\\\/\",\"url\":\"https:\\\/\\\/www.metaflotech.com\\\/de\\\/products\\\/\",\"name\":\"Products | MetaFLO Technologies\",\"isPartOf\":{\"@id\":\"https:\\\/\\\/www.metaflotech.com\\\/de\\\/#website\"},\"primaryImageOfPage\":{\"@id\":\"https:\\\/\\\/www.metaflotech.com\\\/de\\\/products\\\/#primaryimage\"},\"image\":{\"@id\":\"https:\\\/\\\/www.metaflotech.com\\\/de\\\/products\\\/#primaryimage\"},\"thumbnailUrl\":\"https:\\\/\\\/www.metaflotech.com\\\/wp-content\\\/uploads\\\/2024\\\/03\\\/Dark-MF003.svg\",\"datePublished\":\"2024-11-15T08:29:30+00:00\",\"dateModified\":\"2025-12-22T22:18:43+00:00\",\"description\":\"FOCUSED ON ENGINEERED SOLUTIONS FOR LIQUID WASTE SOLIDIFICATION THAT ARE EFFECTIVE, EFFICIENT AND MINIMIZE ENVIRONMENTAL IMPACT.\",\"breadcrumb\":{\"@id\":\"https:\\\/\\\/www.metaflotech.com\\\/de\\\/products\\\/#breadcrumb\"},\"inLanguage\":\"de\",\"potentialAction\":[{\"@type\":\"ReadAction\",\"target\":[\"https:\\\/\\\/www.metaflotech.com\\\/de\\\/products\\\/\"]}]},{\"@type\":\"ImageObject\",\"inLanguage\":\"de\",\"@id\":\"https:\\\/\\\/www.metaflotech.com\\\/de\\\/products\\\/#primaryimage\",\"url\":\"https:\\\/\\\/www.metaflotech.com\\\/wp-content\\\/uploads\\\/2024\\\/03\\\/Dark-MF003.svg\",\"contentUrl\":\"https:\\\/\\\/www.metaflotech.com\\\/wp-content\\\/uploads\\\/2024\\\/03\\\/Dark-MF003.svg\"},{\"@type\":\"BreadcrumbList\",\"@id\":\"https:\\\/\\\/www.metaflotech.com\\\/de\\\/products\\\/#breadcrumb\",\"itemListElement\":[{\"@type\":\"ListItem\",\"position\":1,\"name\":\"Home\",\"item\":\"https:\\\/\\\/www.metaflotech.com\\\/\"},{\"@type\":\"ListItem\",\"position\":2,\"name\":\"Products\"}]},{\"@type\":\"WebSite\",\"@id\":\"https:\\\/\\\/www.metaflotech.com\\\/de\\\/#website\",\"url\":\"https:\\\/\\\/www.metaflotech.com\\\/de\\\/\",\"name\":\"MetaFLO Technologies\",\"description\":\"Engineered Polymer Solutions For Industrial Applications\",\"potentialAction\":[{\"@type\":\"SearchAction\",\"target\":{\"@type\":\"EntryPoint\",\"urlTemplate\":\"https:\\\/\\\/www.metaflotech.com\\\/de\\\/?s={search_term_string}\"},\"query-input\":{\"@type\":\"PropertyValueSpecification\",\"valueRequired\":true,\"valueName\":\"search_term_string\"}}],\"inLanguage\":\"de\"}]}<\/script>\n<!-- \/ Yoast SEO plugin. -->","yoast_head_json":{"title":"Products | MetaFLO Technologies","description":"KONZENTRIERT SICH AUF TECHNISCHE L\u00d6SUNGEN F\u00dcR DIE VERFESTIGUNG VON FL\u00dcSSIGABF\u00c4LLEN, DIE EFFEKTIV UND EFFIZIENT SIND UND DIE UMWELTBELASTUNG MINIMIEREN.","robots":{"index":"index","follow":"follow","max-snippet":"max-snippet:-1","max-image-preview":"max-image-preview:large","max-video-preview":"max-video-preview:-1"},"canonical":"https:\/\/www.metaflotech.com\/de\/produkte\/","og_locale":"de_DE","og_type":"article","og_title":"Products | MetaFLO Technologies","og_description":"FOCUSED ON ENGINEERED SOLUTIONS FOR LIQUID WASTE SOLIDIFICATION THAT ARE EFFECTIVE, EFFICIENT AND MINIMIZE ENVIRONMENTAL IMPACT.","og_url":"https:\/\/www.metaflotech.com\/de\/produkte\/","og_site_name":"MetaFLO Technologies","article_publisher":"https:\/\/www.facebook.com\/MetaFLOTechnologies\/","article_modified_time":"2025-12-22T22:18:43+00:00","og_image":[{"url":"https:\/\/www.metaflotech.com\/wp-content\/uploads\/2024\/03\/Dark-MF003.svg","type":"","width":"","height":""}],"twitter_card":"summary_large_image","twitter_site":"@metaflo","twitter_misc":{"Gesch\u00e4tzte Lesezeit":"3\u00a0Minuten"},"schema":{"@context":"https:\/\/schema.org","@graph":[{"@type":"WebPage","@id":"https:\/\/www.metaflotech.com\/de\/products\/","url":"https:\/\/www.metaflotech.com\/de\/products\/","name":"Products | MetaFLO Technologies","isPartOf":{"@id":"https:\/\/www.metaflotech.com\/de\/#website"},"primaryImageOfPage":{"@id":"https:\/\/www.metaflotech.com\/de\/products\/#primaryimage"},"image":{"@id":"https:\/\/www.metaflotech.com\/de\/products\/#primaryimage"},"thumbnailUrl":"https:\/\/www.metaflotech.com\/wp-content\/uploads\/2024\/03\/Dark-MF003.svg","datePublished":"2024-11-15T08:29:30+00:00","dateModified":"2025-12-22T22:18:43+00:00","description":"KONZENTRIERT SICH AUF TECHNISCHE L\u00d6SUNGEN F\u00dcR DIE VERFESTIGUNG VON FL\u00dcSSIGABF\u00c4LLEN, DIE EFFEKTIV UND EFFIZIENT SIND UND DIE UMWELTBELASTUNG MINIMIEREN.","breadcrumb":{"@id":"https:\/\/www.metaflotech.com\/de\/products\/#breadcrumb"},"inLanguage":"de","potentialAction":[{"@type":"ReadAction","target":["https:\/\/www.metaflotech.com\/de\/products\/"]}]},{"@type":"ImageObject","inLanguage":"de","@id":"https:\/\/www.metaflotech.com\/de\/products\/#primaryimage","url":"https:\/\/www.metaflotech.com\/wp-content\/uploads\/2024\/03\/Dark-MF003.svg","contentUrl":"https:\/\/www.metaflotech.com\/wp-content\/uploads\/2024\/03\/Dark-MF003.svg"},{"@type":"BreadcrumbList","@id":"https:\/\/www.metaflotech.com\/de\/products\/#breadcrumb","itemListElement":[{"@type":"ListItem","position":1,"name":"Home","item":"https:\/\/www.metaflotech.com\/"},{"@type":"ListItem","position":2,"name":"Products"}]},{"@type":"WebSite","@id":"https:\/\/www.metaflotech.com\/de\/#website","url":"https:\/\/www.metaflotech.com\/de\/","name":"MetaFLO-Technologien","description":"Entwickelte Polymerl\u00f6sungen f\u00fcr industrielle Anwendungen","potentialAction":[{"@type":"SearchAction","target":{"@type":"EntryPoint","urlTemplate":"https:\/\/www.metaflotech.com\/de\/?s={search_term_string}"},"query-input":{"@type":"PropertyValueSpecification","valueRequired":true,"valueName":"search_term_string"}}],"inLanguage":"de"}]}},"_links":{"self":[{"href":"https:\/\/www.metaflotech.com\/de\/wp-json\/wp\/v2\/pages\/109809","targetHints":{"allow":["GET"]}}],"collection":[{"href":"https:\/\/www.metaflotech.com\/de\/wp-json\/wp\/v2\/pages"}],"about":[{"href":"https:\/\/www.metaflotech.com\/de\/wp-json\/wp\/v2\/types\/page"}],"author":[{"embeddable":true,"href":"https:\/\/www.metaflotech.com\/de\/wp-json\/wp\/v2\/users\/1"}],"replies":[{"embeddable":true,"href":"https:\/\/www.metaflotech.com\/de\/wp-json\/wp\/v2\/comments?post=109809"}],"version-history":[{"count":0,"href":"https:\/\/www.metaflotech.com\/de\/wp-json\/wp\/v2\/pages\/109809\/revisions"}],"wp:attachment":[{"href":"https:\/\/www.metaflotech.com\/de\/wp-json\/wp\/v2\/media?parent=109809"}],"curies":[{"name":"wp","href":"https:\/\/api.w.org\/{rel}","templated":true}]}}