{"id":115954,"date":"2024-12-10T09:58:37","date_gmt":"2024-12-10T09:58:37","guid":{"rendered":"https:\/\/www.metaflotech.com\/?page_id=115954"},"modified":"2026-03-12T13:02:13","modified_gmt":"2026-03-12T13:02:13","slug":"bodenstabilisierung","status":"publish","type":"page","link":"https:\/\/www.metaflotech.com\/de\/applications\/soil-stabilization\/","title":{"rendered":"Soil Stabilization for Unpaved, Gravel and Haul Roads"},"content":{"rendered":"<img decoding=\"async\" src=\"https:\/\/www.metaflotech.com\/wp-content\/uploads\/2024\/12\/scene-construction-site-with-equipment_23-2151317307.jpg\" alt=\"scene-construction-site-with-equipment_23-2151317307\" itemprop=\"image\" height=\"1200\" width=\"1800\" title=\"scene-construction-site-with-equipment_23-2151317307\" onerror=\"this.style.display='none'\" loading='lazy' \/>\r\n\t<h1><strong>Stabilisierung des Bodens<\/strong><\/h1>\r\n<h2><em>Innovative, nachhaltige und kosteneffiziente Bodenstabilisierung<\/em><\/h2>\r\n<h3>\r\n\t\t\tThema im \u00dcberblick\t<\/h3>\r\n\t<p>Subgrade regularization and backfill layers must be stable so that infrastructure isn&#8217;t compromised by heavy rains and transportation. In addition, high CBR ground conditions are necessary to reduce maintenance of the surface. Traditional methods to achieve these goals require substantial water usage and high operational costs.<\/p>\r\n<h3>\r\n\t\t\tOverview of MetaFLO&#8217;s product\t<\/h3>\r\n\t<p><b>SoilTech<\/b> ist unsere innovative Biopolymerl\u00f6sung f\u00fcr die Bodenstabilisierung. Sie wurde entwickelt, um die mechanischen Eigenschaften des Bodens zu verbessern und die Koh\u00e4sion bei der Partikelagglomeration im behandelten Gebiet zu erh\u00f6hen.<\/p>\r\n<h1>\r\n\t\t\tWIE ES FUNKTIONIERT\t<\/h1>\r\n\t\t\t <p><strong>SoilTech wird verd\u00fcnnt, damit es chemisch mit den im Boden vorhandenen Mineralien reagiert,<\/strong> forming a new, more resistant and compact structure-in addition to increasing the soil&#8217;s impermeability. <\/p>\t\t\r\n\t\t\t <p><strong>SoilTech wirkt wie ein Stabilisator, wenn es in den Boden eingebracht wird,<\/strong> Dadurch werden die mechanischen Eigenschaften deutlich verbessert und die ben\u00f6tigte Wassermenge im Vergleich zu herk\u00f6mmlichen Methoden stark reduziert. <\/p>\t\t\r\n\t\t\t <p><strong>Es ist wasserl\u00f6slich,<\/strong> kann direkt im Wassertank verd\u00fcnnt werden und ist leicht anzuwenden.<\/p>\t\t\r\n\t\t\t <p><strong>SoilTech kann auf jeder Art von Boden wirksam eingesetzt werden,<\/strong> wie lehmig, schluffig, sandig, usw. Es erh\u00f6ht die Bodenkoh\u00e4sion, wodurch Staubemissionen in der Luft wirksam vermieden werden.<\/p>\t\t\r\n\t\t\t<a href=\"https:\/\/www.metaflotech.com\/de\/produkte\/biopolymere\/soiltech\/\" target=\"_self\">\r\n\t\t\t\t\t\t\tMEHR LERNEN\r\n\t\t\t\t\t<\/a>\r\n<h1>\r\n\t\t\tBENEFITS\t<\/h1>\r\n\t\t\t\t<img decoding=\"async\" src=\"https:\/\/www.metaflotech.com\/wp-content\/uploads\/2024\/12\/water-reduction.svg\" alt=\"Wasserreduzierung\" itemprop=\"image\" height=\"100\" width=\"100\" title=\"Wasserreduzierung\" onerror=\"this.style.display='none'\" loading='lazy' \/>\r\n\t<h3><b>WASSERREDUZIERUNG<\/b><\/h3>\r\n<p>Verglichen mit anderen konventionellen Techniken wird der Wasserverbrauch im Prozess erheblich reduziert.<\/p>\r\n\t\t\t\t<img decoding=\"async\" src=\"https:\/\/www.metaflotech.com\/wp-content\/uploads\/2024\/12\/environmentally-safe.svg\" alt=\"umweltvertr\u00e4glich\" itemprop=\"image\" height=\"100\" width=\"100\" title=\"umweltvertr\u00e4glich\" onerror=\"this.style.display='none'\" loading='lazy' \/>\r\n\t<h3><b>UMWELTVERTR\u00c4GLICH<\/b><\/h3>\r\n<p>Es wird aus Algen hergestellt und ist frei von chemischen Schadstoffen, die die Umwelt belasten k\u00f6nnten.<\/p>\r\n\t\t\t\t<img decoding=\"async\" src=\"https:\/\/www.metaflotech.com\/wp-content\/uploads\/2024\/12\/operational-efficiency.svg\" alt=\"Betriebseffizienz\" itemprop=\"image\" height=\"100\" width=\"100\" title=\"Betriebseffizienz\" onerror=\"this.style.display='none'\" loading='lazy' \/>\r\n\t<h3><b>BETRIEBSEFFIZIENZ<\/b><\/h3>\r\n<p>Vereinfachte Anwendung und keine zus\u00e4tzlichen Maschinen erforderlich f\u00fcr k\u00fcrzere Bauzeiten.<\/p>\r\n<h2>\r\n\t\t\tFallstudien\t<\/h2>\r\n<h3>\r\n\t\t<a href=\"https:\/\/www.metaflotech.com\/wp-content\/uploads\/2025\/07\/SoilTech-Case-Study-1-English-MetaFLO-Technologies.pdf\" title=\"SoilTech Powers Nachhaltige Fahrbahnstabilisierung\"  target=\"_self\">\r\n\t\t\tSoilTech Powers Nachhaltige Fahrbahnstabilisierung\t\t<\/a>\r\n\t<\/h3>\r\n\t<p>MetaFLO&#8217;s innovative stabilization solution provided essential cost savings, productivity gains, and environmental benefits to keep a large-scale roadway project on schedule and within budget.<\/p>\r\n<h3>\r\n\t\t<a href=\"https:\/\/www.metaflotech.com\/wp-content\/uploads\/2025\/07\/SoilTech-Case-Study-2-English-MetaFLO-Technologies.pdf\" title=\"SoilTech Powers: Nachhaltige Eisenbahn-Hinterf\u00fcllungsschicht\"  target=\"_self\">\r\n\t\t\tSoilTech Powers: Nachhaltige Eisenbahn-Hinterf\u00fcllungsschicht\t\t<\/a>\r\n\t<\/h3>\r\n\t<p>The use of MetaFLO&#8217;s biopolymer resulted in notable cost savings, productivity gains, and environmental benefits for a large-scale railway project by speeding up the stabilization process while cutting down water usage.<\/p>\r\n<h3>\r\n\t\t<a href=\"https:\/\/www.metaflotech.com\/wp-content\/uploads\/2025\/07\/SoilTech-Case-Study-3-English-MetaFLO-Technologies.pdf\" title=\"SoilTech treibt nachhaltige Stra\u00dfen aus indigenem Land voran\"  target=\"_self\">\r\n\t\t\tSoilTech treibt nachhaltige Stra\u00dfen aus indigenem Land voran\t\t<\/a>\r\n\t<\/h3>\r\n\t<p>MetaFLO&#8217;s biopolymer quickly turned a potentially hazardous unpaved road into a compact and durable surface while saving time and money.<\/p>","protected":false},"excerpt":{"rendered":"<p>Soil Stabilization Innovative, Sustainable And Cost-Effective Soil Stabilization Issue at a Glance Subgrade regularization and backfill layers must be stable so that infrastructure isn&#8217;t compromised by heavy rains and transportation. In addition, high CBR ground conditions are necessary to reduce maintenance of the surface. Traditional methods to achieve these goals require substantial water usage and&hellip;<\/p>","protected":false},"author":1,"featured_media":0,"parent":73499,"menu_order":0,"comment_status":"closed","ping_status":"closed","template":"","meta":{"_acf_changed":false,"inline_featured_image":false,"footnotes":""},"class_list":["post-115954","page","type-page","status-publish","hentry"],"acf":[],"yoast_head":"<!-- This site is optimized with the Yoast SEO plugin v27.5 - https:\/\/yoast.com\/product\/yoast-seo-wordpress\/ -->\n<title>Soil Stabilization for Unpaved, Gravel and Haul Roads | MetaFLO Technologies<\/title>\n<meta name=\"description\" content=\"MetaFLO provides sustainable biopolymer solutions for soil stabilization on unpaved, gravel and haul roads, improving road durability, trafficability and long-term performance.\" \/>\n<meta name=\"robots\" content=\"index, follow, max-snippet:-1, max-image-preview:large, max-video-preview:-1\" \/>\n<link rel=\"canonical\" href=\"https:\/\/www.metaflotech.com\/de\/anwendungen\/bodenstabilisierung\/\" \/>\n<meta property=\"og:locale\" content=\"de_DE\" \/>\n<meta property=\"og:type\" content=\"article\" \/>\n<meta property=\"og:title\" content=\"Soil Stabilization for Unpaved, Gravel and Haul Roads | MetaFLO Technologies\" \/>\n<meta property=\"og:description\" content=\"MetaFLO provides sustainable biopolymer solutions for soil stabilization on unpaved, gravel and haul roads, improving road durability, trafficability and long-term performance.\" \/>\n<meta property=\"og:url\" content=\"https:\/\/www.metaflotech.com\/de\/anwendungen\/bodenstabilisierung\/\" \/>\n<meta property=\"og:site_name\" content=\"MetaFLO Technologies\" \/>\n<meta property=\"article:publisher\" content=\"https:\/\/www.facebook.com\/MetaFLOTechnologies\/\" \/>\n<meta property=\"article:modified_time\" content=\"2026-03-12T13:02:13+00:00\" \/>\n<meta property=\"og:image\" content=\"https:\/\/www.metaflotech.com\/wp-content\/uploads\/2024\/12\/scene-construction-site-with-equipment_23-2151317307.jpg\" \/>\n<meta name=\"twitter:card\" content=\"summary_large_image\" \/>\n<meta name=\"twitter:site\" content=\"@metaflo\" \/>\n<meta name=\"twitter:label1\" content=\"Gesch\u00e4tzte Lesezeit\" \/>\n\t<meta name=\"twitter:data1\" content=\"3\u00a0Minuten\" \/>\n<script type=\"application\/ld+json\" class=\"yoast-schema-graph\">{\"@context\":\"https:\\\/\\\/schema.org\",\"@graph\":[{\"@type\":\"WebPage\",\"@id\":\"https:\\\/\\\/www.metaflotech.com\\\/de\\\/applications\\\/soil-stabilization\\\/\",\"url\":\"https:\\\/\\\/www.metaflotech.com\\\/de\\\/applications\\\/soil-stabilization\\\/\",\"name\":\"Soil Stabilization for Unpaved, Gravel and Haul Roads | MetaFLO Technologies\",\"isPartOf\":{\"@id\":\"https:\\\/\\\/www.metaflotech.com\\\/de\\\/#website\"},\"primaryImageOfPage\":{\"@id\":\"https:\\\/\\\/www.metaflotech.com\\\/de\\\/applications\\\/soil-stabilization\\\/#primaryimage\"},\"image\":{\"@id\":\"https:\\\/\\\/www.metaflotech.com\\\/de\\\/applications\\\/soil-stabilization\\\/#primaryimage\"},\"thumbnailUrl\":\"https:\\\/\\\/www.metaflotech.com\\\/wp-content\\\/uploads\\\/2024\\\/12\\\/scene-construction-site-with-equipment_23-2151317307.jpg\",\"datePublished\":\"2024-12-10T09:58:37+00:00\",\"dateModified\":\"2026-03-12T13:02:13+00:00\",\"description\":\"MetaFLO provides sustainable biopolymer solutions for soil stabilization on unpaved, gravel and haul roads, improving road durability, trafficability and long-term performance.\",\"breadcrumb\":{\"@id\":\"https:\\\/\\\/www.metaflotech.com\\\/de\\\/applications\\\/soil-stabilization\\\/#breadcrumb\"},\"inLanguage\":\"de\",\"potentialAction\":[{\"@type\":\"ReadAction\",\"target\":[\"https:\\\/\\\/www.metaflotech.com\\\/de\\\/applications\\\/soil-stabilization\\\/\"]}]},{\"@type\":\"ImageObject\",\"inLanguage\":\"de\",\"@id\":\"https:\\\/\\\/www.metaflotech.com\\\/de\\\/applications\\\/soil-stabilization\\\/#primaryimage\",\"url\":\"https:\\\/\\\/www.metaflotech.com\\\/wp-content\\\/uploads\\\/2024\\\/12\\\/scene-construction-site-with-equipment_23-2151317307.jpg\",\"contentUrl\":\"https:\\\/\\\/www.metaflotech.com\\\/wp-content\\\/uploads\\\/2024\\\/12\\\/scene-construction-site-with-equipment_23-2151317307.jpg\"},{\"@type\":\"BreadcrumbList\",\"@id\":\"https:\\\/\\\/www.metaflotech.com\\\/de\\\/applications\\\/soil-stabilization\\\/#breadcrumb\",\"itemListElement\":[{\"@type\":\"ListItem\",\"position\":1,\"name\":\"Home\",\"item\":\"https:\\\/\\\/www.metaflotech.com\\\/\"},{\"@type\":\"ListItem\",\"position\":2,\"name\":\"Applications\",\"item\":\"https:\\\/\\\/www.metaflotech.com\\\/applications\\\/\"},{\"@type\":\"ListItem\",\"position\":3,\"name\":\"Soil Stabilization for Unpaved, Gravel and Haul Roads\"}]},{\"@type\":\"WebSite\",\"@id\":\"https:\\\/\\\/www.metaflotech.com\\\/de\\\/#website\",\"url\":\"https:\\\/\\\/www.metaflotech.com\\\/de\\\/\",\"name\":\"MetaFLO Technologies\",\"description\":\"Engineered Polymer Solutions For Industrial Applications\",\"potentialAction\":[{\"@type\":\"SearchAction\",\"target\":{\"@type\":\"EntryPoint\",\"urlTemplate\":\"https:\\\/\\\/www.metaflotech.com\\\/de\\\/?s={search_term_string}\"},\"query-input\":{\"@type\":\"PropertyValueSpecification\",\"valueRequired\":true,\"valueName\":\"search_term_string\"}}],\"inLanguage\":\"de\"}]}<\/script>\n<!-- \/ Yoast SEO plugin. -->","yoast_head_json":{"title":"Soil Stabilization for Unpaved, Gravel and Haul Roads | MetaFLO Technologies","description":"MetaFLO provides sustainable biopolymer solutions for soil stabilization on unpaved, gravel and haul roads, improving road durability, trafficability and long-term performance.","robots":{"index":"index","follow":"follow","max-snippet":"max-snippet:-1","max-image-preview":"max-image-preview:large","max-video-preview":"max-video-preview:-1"},"canonical":"https:\/\/www.metaflotech.com\/de\/anwendungen\/bodenstabilisierung\/","og_locale":"de_DE","og_type":"article","og_title":"Soil Stabilization for Unpaved, Gravel and Haul Roads | MetaFLO Technologies","og_description":"MetaFLO provides sustainable biopolymer solutions for soil stabilization on unpaved, gravel and haul roads, improving road durability, trafficability and long-term performance.","og_url":"https:\/\/www.metaflotech.com\/de\/anwendungen\/bodenstabilisierung\/","og_site_name":"MetaFLO Technologies","article_publisher":"https:\/\/www.facebook.com\/MetaFLOTechnologies\/","article_modified_time":"2026-03-12T13:02:13+00:00","og_image":[{"url":"https:\/\/www.metaflotech.com\/wp-content\/uploads\/2024\/12\/scene-construction-site-with-equipment_23-2151317307.jpg","type":"","width":"","height":""}],"twitter_card":"summary_large_image","twitter_site":"@metaflo","twitter_misc":{"Gesch\u00e4tzte Lesezeit":"3\u00a0Minuten"},"schema":{"@context":"https:\/\/schema.org","@graph":[{"@type":"WebPage","@id":"https:\/\/www.metaflotech.com\/de\/applications\/soil-stabilization\/","url":"https:\/\/www.metaflotech.com\/de\/applications\/soil-stabilization\/","name":"Soil Stabilization for Unpaved, Gravel and Haul Roads | MetaFLO Technologies","isPartOf":{"@id":"https:\/\/www.metaflotech.com\/de\/#website"},"primaryImageOfPage":{"@id":"https:\/\/www.metaflotech.com\/de\/applications\/soil-stabilization\/#primaryimage"},"image":{"@id":"https:\/\/www.metaflotech.com\/de\/applications\/soil-stabilization\/#primaryimage"},"thumbnailUrl":"https:\/\/www.metaflotech.com\/wp-content\/uploads\/2024\/12\/scene-construction-site-with-equipment_23-2151317307.jpg","datePublished":"2024-12-10T09:58:37+00:00","dateModified":"2026-03-12T13:02:13+00:00","description":"MetaFLO provides sustainable biopolymer solutions for soil stabilization on unpaved, gravel and haul roads, improving road durability, trafficability and long-term performance.","breadcrumb":{"@id":"https:\/\/www.metaflotech.com\/de\/applications\/soil-stabilization\/#breadcrumb"},"inLanguage":"de","potentialAction":[{"@type":"ReadAction","target":["https:\/\/www.metaflotech.com\/de\/applications\/soil-stabilization\/"]}]},{"@type":"ImageObject","inLanguage":"de","@id":"https:\/\/www.metaflotech.com\/de\/applications\/soil-stabilization\/#primaryimage","url":"https:\/\/www.metaflotech.com\/wp-content\/uploads\/2024\/12\/scene-construction-site-with-equipment_23-2151317307.jpg","contentUrl":"https:\/\/www.metaflotech.com\/wp-content\/uploads\/2024\/12\/scene-construction-site-with-equipment_23-2151317307.jpg"},{"@type":"BreadcrumbList","@id":"https:\/\/www.metaflotech.com\/de\/applications\/soil-stabilization\/#breadcrumb","itemListElement":[{"@type":"ListItem","position":1,"name":"Home","item":"https:\/\/www.metaflotech.com\/"},{"@type":"ListItem","position":2,"name":"Applications","item":"https:\/\/www.metaflotech.com\/applications\/"},{"@type":"ListItem","position":3,"name":"Soil Stabilization for Unpaved, Gravel and Haul Roads"}]},{"@type":"WebSite","@id":"https:\/\/www.metaflotech.com\/de\/#website","url":"https:\/\/www.metaflotech.com\/de\/","name":"MetaFLO-Technologien","description":"Entwickelte Polymerl\u00f6sungen f\u00fcr industrielle Anwendungen","potentialAction":[{"@type":"SearchAction","target":{"@type":"EntryPoint","urlTemplate":"https:\/\/www.metaflotech.com\/de\/?s={search_term_string}"},"query-input":{"@type":"PropertyValueSpecification","valueRequired":true,"valueName":"search_term_string"}}],"inLanguage":"de"}]}},"_links":{"self":[{"href":"https:\/\/www.metaflotech.com\/de\/wp-json\/wp\/v2\/pages\/115954","targetHints":{"allow":["GET"]}}],"collection":[{"href":"https:\/\/www.metaflotech.com\/de\/wp-json\/wp\/v2\/pages"}],"about":[{"href":"https:\/\/www.metaflotech.com\/de\/wp-json\/wp\/v2\/types\/page"}],"author":[{"embeddable":true,"href":"https:\/\/www.metaflotech.com\/de\/wp-json\/wp\/v2\/users\/1"}],"replies":[{"embeddable":true,"href":"https:\/\/www.metaflotech.com\/de\/wp-json\/wp\/v2\/comments?post=115954"}],"version-history":[{"count":0,"href":"https:\/\/www.metaflotech.com\/de\/wp-json\/wp\/v2\/pages\/115954\/revisions"}],"up":[{"embeddable":true,"href":"https:\/\/www.metaflotech.com\/de\/wp-json\/wp\/v2\/pages\/73499"}],"wp:attachment":[{"href":"https:\/\/www.metaflotech.com\/de\/wp-json\/wp\/v2\/media?parent=115954"}],"curies":[{"name":"wp","href":"https:\/\/api.w.org\/{rel}","templated":true}]}}