{"id":116345,"date":"2024-12-10T11:21:22","date_gmt":"2024-12-10T11:21:22","guid":{"rendered":"https:\/\/www.metaflotech.com\/?page_id=116345"},"modified":"2026-03-12T12:57:08","modified_gmt":"2026-03-12T12:57:08","slug":"staubunterdruckung","status":"publish","type":"page","link":"https:\/\/www.metaflotech.com\/de\/applications\/dust-suppression\/","title":{"rendered":"Dust Suppression for Unpaved, Industrial and Mining Roads"},"content":{"rendered":"<img decoding=\"async\" src=\"https:\/\/www.metaflotech.com\/wp-content\/uploads\/2024\/12\/dirt-road-road-works-dust-suppression.jpeg\" alt=\"unbefestigte Stra\u00dfen Stra\u00dfenbauarbeiten Staubbek\u00e4mpfung\" itemprop=\"image\" height=\"684\" width=\"1024\" onerror=\"this.style.display='none'\" loading='lazy' \/>\r\n\t<h1><strong>Staubunterdr\u00fcckung<\/strong><\/h1>\r\n<h2><em>Effektive und wassersparende Staubunterdr\u00fcckung<\/em><\/h2>\r\n<h3>\r\n\t\t\tThema im \u00dcberblick\t<\/h3>\r\n\t<p>Eine wirksame Staubbek\u00e4mpfung wird zur Pflicht, da zahlreiche Gesundheits- und Umweltprobleme im Zusammenhang mit \u00fcberm\u00e4\u00dfigem Feinstaub in der Luft auf Baustellen, im Bergbau, im Tunnelbau usw. auftauchen.<\/p>\r\n<p>Staub sch\u00e4digt die Umwelt, gef\u00e4hrdet die menschliche Gesundheit, wirkt sich negativ auf die Gemeinden aus und verringert die Produktivit\u00e4t der Unternehmen.<\/p>\r\n<p>Herk\u00f6mmliche Methoden zur Staubbek\u00e4mpfung erfordern derzeit gro\u00dfe Mengen an Wasser, das verspr\u00fcht wird, einen hohen Kraftstoffverbrauch hat und erhebliche Mengen an umweltsch\u00e4dlichen Gasen freisetzt. <\/p>\r\n<h3>\r\n\t\t\tOverview of MetaFLO&#8217;s product\t<\/h3>\r\n\t<p><b>DusTech <\/b>ist ein staubunterdr\u00fcckendes Biopolymer, das f\u00fcr eine einfache Anwendung entwickelt wurde. Es kann effektiv auf einer Vielzahl von unbefestigten Stra\u00dfen eingesetzt werden, einschlie\u00dflich Minenzugangsstra\u00dfen, Explorationsstra\u00dfen, Baustellen, kommunalen Stra\u00dfen und Stra\u00dfen in einheimischen D\u00f6rfern. Es kann auch auf Sandd\u00fcnen und Materialhalden aufgetragen werden, um Staub zu reduzieren und die durch Wind verursachte Erosion zu kontrollieren.<\/p>\r\n<p>Bei der Anwendung verbessert DusTech die Partikelagglutination, versiegelt die molekulare Matrix und verbessert die Luftqualit\u00e4t.\u00a0<\/p>\r\n<p>DusTech erfordert im Vergleich zu herk\u00f6mmlichen Methoden weniger Wasserspritzen, und bei jeder erneuten Anwendung sind geringere Dosen des Biopolymers erforderlich, um die Oberfl\u00e4chenstabilit\u00e4t zu gew\u00e4hrleisten.<\/p>\r\n\t\t\t<a href=\"https:\/\/www.metaflotech.com\/de\/produkte\/biopolymere\/dustech\/\" target=\"_self\">\r\n\t\t\t\t\t\t\tMEHR LERNEN\r\n\t\t\t\t\t<\/a>\r\n<h1>\r\n\t\t\tWIE ES FUNKTIONIERT\t<\/h1>\r\n\t\t\t <p><strong>Unter Verwendung einer Dosis von 2-3%,<\/strong> DusTech wird direkt in den Wassertank gegeben, so dass es in Bereiche mit feinen Staubpartikeln gespr\u00fcht werden kann. Es kann auf jeder Art von Boden, wie z. B. lehmig, schluffig, sandig usw., wirksam eingesetzt werden. <\/p>\r\n\t\t\t <p>Zus\u00e4tzlich zur Staubbek\u00e4mpfung auf den Stra\u00dfen, <strong>DusTech kann auch in der Materiallagerung eingesetzt werden<\/strong> Werften, um sicherzustellen, dass Ihr Material an Ort und Stelle bleibt und die Umgebung oder die Gemeinden nicht beeintr\u00e4chtigt. <\/p>\t\t\r\n\t\t\t <p>Nach der Erstbehandlung, <strong>Die Bodenfeuchtigkeit wird durch das Biopolymer verl\u00e4ngert.<\/strong> Dar\u00fcber hinaus sind f\u00fcr nachfolgende Anwendungen immer geringere Dosen erforderlich, um die Oberfl\u00e4chenstabilit\u00e4t zu gew\u00e4hrleisten, da es als Reststoff wirkt<\/p>\t\t\r\n\t<h1>\r\n\t\t\tBENEFITS\t<\/h1>\r\n\t\t\t\t<img decoding=\"async\" src=\"https:\/\/www.metaflotech.com\/wp-content\/uploads\/2024\/12\/time-efficiency.svg\" alt=\"Zeiteffizienz\" itemprop=\"image\" height=\"100\" width=\"100\" title=\"Zeiteffizienz\" onerror=\"this.style.display='none'\" loading='lazy' \/>\r\n\t<h3><b>Zeiteffizienz<\/b><\/h3>\r\n<p>Weniger Anwendungen im Vergleich zu Standardalternativen.<\/p>\r\n\t\t\t\t<img decoding=\"async\" src=\"https:\/\/www.metaflotech.com\/wp-content\/uploads\/2024\/12\/health-and-safety.svg\" alt=\"Gesundheit und Sicherheit\" itemprop=\"image\" height=\"100\" width=\"100\" title=\"Gesundheit und Sicherheit\" onerror=\"this.style.display='none'\" loading='lazy' \/>\r\n\t<h3><b>Verbesserte Gesundheit und Sicherheit<\/b><\/h3>\r\n<p>Wirksame Staubbek\u00e4mpfungsma\u00dfnahmen, die die Verkehrssicherheit erh\u00f6hen, die Sichtbarkeit im Stra\u00dfenverkehr verbessern und die Luftqualit\u00e4t f\u00fcr die Besch\u00e4ftigten, die Umwelt und die umliegenden Gemeinden verbessern. <\/p>\r\n\t\t\t\t<img decoding=\"async\" src=\"https:\/\/www.metaflotech.com\/wp-content\/uploads\/2024\/12\/cost-saving.svg\" alt=\"Kosteneinsparung\" itemprop=\"image\" height=\"100\" width=\"100\" title=\"Kosteneinsparung\" onerror=\"this.style.display='none'\" loading='lazy' \/>\r\n\t<h3><b>Kosteneffizienz<\/b><\/h3>\r\n<p>Geringere Betriebskosten im Vergleich zu herk\u00f6mmlichen Methoden wie Bew\u00e4sserungsprogrammen.<\/p>\r\n<h2>\r\n\t\t\tFallstudien\t<\/h2>\r\n<h3>\r\n\t\t<a href=\"https:\/\/www.metaflotech.com\/wp-content\/uploads\/2025\/07\/DusTech-Case-Study-1-English-MetaFLO-Technologies.pdf\" title=\"DusTech verbessert die Luftqualit\u00e4t und spart einer Baustelle 360.000 Liter Wasser pro Tag\"  target=\"_self\">\r\n\t\t\tDusTech verbessert die Luftqualit\u00e4t und spart einer Baustelle 360.000 Liter Wasser pro Tag\t\t<\/a>\r\n\t<\/h3>\r\n\tAs dust suppression becomes mandatory due to health and environmental concerns, MetaFLO&#8217;s fast-acting<br \/>\r\nBiopolymer bietet eine kosteng\u00fcnstige und effiziente L\u00f6sung zur Verbesserung der Luftqualit\u00e4t auf Baustellen.\r\n<h3>\r\n\t\t<a href=\"https:\/\/www.metaflotech.com\/wp-content\/uploads\/2025\/07\/DusTech-Case-Study-2-English-MetaFLO-Technologies.pdf\" title=\"DusTech verbessert die Luftqualit\u00e4t f\u00fcr einen Goldminendamm\"  target=\"_self\">\r\n\t\t\tDusTech verbessert die Luftqualit\u00e4t f\u00fcr einen Goldminendamm\t\t<\/a>\r\n\t<\/h3>\r\n\t<p>MetaFLO&#8217;s use of a high-quality dust suppression biopolymer helped a gold mining dam improve air quality to keep workers and communities safe in a rapid and cost-effective way.<\/p>\r\n<h3>\r\n\t\t<a href=\"https:\/\/www.metaflotech.com\/wp-content\/uploads\/2025\/07\/DusTech-Case-Study-3-English-MetaFLO-Technologies.pdf\" title=\"DusTech verbessert die Luftqualit\u00e4t auf einer Baustelle\"  target=\"_self\">\r\n\t\t\tDusTech verbessert die Luftqualit\u00e4t auf einer Baustelle\t\t<\/a>\r\n\t<\/h3>\r\n\t<p>MetaFLO&#8217;s dust suppressant helped a construction site improve air quality through effective dust suppression, helping save costs, increase productivity, and benefit the environment.<\/p>","protected":false},"excerpt":{"rendered":"<p>Dust Suppression Effective and Water-Saving Dust Suppression Issue at a Glance Effective dust suppression is becoming mandatory as numerous health and environmental concerns associated with excessive airborne particulate matter are being raised regarding air quality on construction sites, and in mining, tunneling etc. Dust harms the environment, compromises human health, negatively affects communities and reduces&hellip;<\/p>","protected":false},"author":1,"featured_media":0,"parent":73499,"menu_order":0,"comment_status":"closed","ping_status":"closed","template":"","meta":{"_acf_changed":false,"inline_featured_image":false,"footnotes":""},"class_list":["post-116345","page","type-page","status-publish","hentry"],"acf":[],"yoast_head":"<!-- This site is optimized with the Yoast SEO plugin v27.5 - https:\/\/yoast.com\/product\/yoast-seo-wordpress\/ -->\n<title>Dust Suppression for Unpaved, Industrial and Mining Roads | MetaFLO Technologies<\/title>\n<meta name=\"description\" content=\"DusTech is an advanced biopolymer for dust control on unpaved, gravel, industrial and mining roads, improving air quality, road safety and operational efficiency.\" \/>\n<meta name=\"robots\" content=\"index, follow, max-snippet:-1, max-image-preview:large, max-video-preview:-1\" \/>\n<link rel=\"canonical\" href=\"https:\/\/www.metaflotech.com\/de\/anwendungen\/staubunterdruckung\/\" \/>\n<meta property=\"og:locale\" content=\"de_DE\" \/>\n<meta property=\"og:type\" content=\"article\" \/>\n<meta property=\"og:title\" content=\"Dust Suppression for Unpaved, Industrial and Mining Roads | MetaFLO Technologies\" \/>\n<meta property=\"og:description\" content=\"DusTech is an advanced biopolymer for dust control on unpaved, gravel, industrial and mining roads, improving air quality, road safety and operational efficiency.\" \/>\n<meta property=\"og:url\" content=\"https:\/\/www.metaflotech.com\/de\/anwendungen\/staubunterdruckung\/\" \/>\n<meta property=\"og:site_name\" content=\"MetaFLO Technologies\" \/>\n<meta property=\"article:publisher\" content=\"https:\/\/www.facebook.com\/MetaFLOTechnologies\/\" \/>\n<meta property=\"article:modified_time\" content=\"2026-03-12T12:57:08+00:00\" \/>\n<meta property=\"og:image\" content=\"https:\/\/www.metaflotech.com\/wp-content\/uploads\/2024\/12\/dirt-road-road-works-dust-suppression.jpeg\" \/>\n<meta name=\"twitter:card\" content=\"summary_large_image\" \/>\n<meta name=\"twitter:site\" content=\"@metaflo\" \/>\n<meta name=\"twitter:label1\" content=\"Gesch\u00e4tzte Lesezeit\" \/>\n\t<meta name=\"twitter:data1\" content=\"3\u00a0Minuten\" \/>\n<script type=\"application\/ld+json\" class=\"yoast-schema-graph\">{\"@context\":\"https:\\\/\\\/schema.org\",\"@graph\":[{\"@type\":\"WebPage\",\"@id\":\"https:\\\/\\\/www.metaflotech.com\\\/de\\\/applications\\\/dust-suppression\\\/\",\"url\":\"https:\\\/\\\/www.metaflotech.com\\\/de\\\/applications\\\/dust-suppression\\\/\",\"name\":\"Dust Suppression for Unpaved, Industrial and Mining Roads | MetaFLO Technologies\",\"isPartOf\":{\"@id\":\"https:\\\/\\\/www.metaflotech.com\\\/de\\\/#website\"},\"primaryImageOfPage\":{\"@id\":\"https:\\\/\\\/www.metaflotech.com\\\/de\\\/applications\\\/dust-suppression\\\/#primaryimage\"},\"image\":{\"@id\":\"https:\\\/\\\/www.metaflotech.com\\\/de\\\/applications\\\/dust-suppression\\\/#primaryimage\"},\"thumbnailUrl\":\"https:\\\/\\\/www.metaflotech.com\\\/wp-content\\\/uploads\\\/2024\\\/12\\\/dirt-road-road-works-dust-suppression.jpeg\",\"datePublished\":\"2024-12-10T11:21:22+00:00\",\"dateModified\":\"2026-03-12T12:57:08+00:00\",\"description\":\"DusTech is an advanced biopolymer for dust control on unpaved, gravel, industrial and mining roads, improving air quality, road safety and operational efficiency.\",\"breadcrumb\":{\"@id\":\"https:\\\/\\\/www.metaflotech.com\\\/de\\\/applications\\\/dust-suppression\\\/#breadcrumb\"},\"inLanguage\":\"de\",\"potentialAction\":[{\"@type\":\"ReadAction\",\"target\":[\"https:\\\/\\\/www.metaflotech.com\\\/de\\\/applications\\\/dust-suppression\\\/\"]}]},{\"@type\":\"ImageObject\",\"inLanguage\":\"de\",\"@id\":\"https:\\\/\\\/www.metaflotech.com\\\/de\\\/applications\\\/dust-suppression\\\/#primaryimage\",\"url\":\"https:\\\/\\\/www.metaflotech.com\\\/wp-content\\\/uploads\\\/2024\\\/12\\\/dirt-road-road-works-dust-suppression.jpeg\",\"contentUrl\":\"https:\\\/\\\/www.metaflotech.com\\\/wp-content\\\/uploads\\\/2024\\\/12\\\/dirt-road-road-works-dust-suppression.jpeg\"},{\"@type\":\"BreadcrumbList\",\"@id\":\"https:\\\/\\\/www.metaflotech.com\\\/de\\\/applications\\\/dust-suppression\\\/#breadcrumb\",\"itemListElement\":[{\"@type\":\"ListItem\",\"position\":1,\"name\":\"Home\",\"item\":\"https:\\\/\\\/www.metaflotech.com\\\/\"},{\"@type\":\"ListItem\",\"position\":2,\"name\":\"Applications\",\"item\":\"https:\\\/\\\/www.metaflotech.com\\\/applications\\\/\"},{\"@type\":\"ListItem\",\"position\":3,\"name\":\"Dust Suppression for Unpaved, Industrial and Mining Roads\"}]},{\"@type\":\"WebSite\",\"@id\":\"https:\\\/\\\/www.metaflotech.com\\\/de\\\/#website\",\"url\":\"https:\\\/\\\/www.metaflotech.com\\\/de\\\/\",\"name\":\"MetaFLO Technologies\",\"description\":\"Engineered Polymer Solutions For Industrial Applications\",\"potentialAction\":[{\"@type\":\"SearchAction\",\"target\":{\"@type\":\"EntryPoint\",\"urlTemplate\":\"https:\\\/\\\/www.metaflotech.com\\\/de\\\/?s={search_term_string}\"},\"query-input\":{\"@type\":\"PropertyValueSpecification\",\"valueRequired\":true,\"valueName\":\"search_term_string\"}}],\"inLanguage\":\"de\"}]}<\/script>\n<!-- \/ Yoast SEO plugin. -->","yoast_head_json":{"title":"Dust Suppression for Unpaved, Industrial and Mining Roads | MetaFLO Technologies","description":"DusTech is an advanced biopolymer for dust control on unpaved, gravel, industrial and mining roads, improving air quality, road safety and operational efficiency.","robots":{"index":"index","follow":"follow","max-snippet":"max-snippet:-1","max-image-preview":"max-image-preview:large","max-video-preview":"max-video-preview:-1"},"canonical":"https:\/\/www.metaflotech.com\/de\/anwendungen\/staubunterdruckung\/","og_locale":"de_DE","og_type":"article","og_title":"Dust Suppression for Unpaved, Industrial and Mining Roads | MetaFLO Technologies","og_description":"DusTech is an advanced biopolymer for dust control on unpaved, gravel, industrial and mining roads, improving air quality, road safety and operational efficiency.","og_url":"https:\/\/www.metaflotech.com\/de\/anwendungen\/staubunterdruckung\/","og_site_name":"MetaFLO Technologies","article_publisher":"https:\/\/www.facebook.com\/MetaFLOTechnologies\/","article_modified_time":"2026-03-12T12:57:08+00:00","og_image":[{"url":"https:\/\/www.metaflotech.com\/wp-content\/uploads\/2024\/12\/dirt-road-road-works-dust-suppression.jpeg","type":"","width":"","height":""}],"twitter_card":"summary_large_image","twitter_site":"@metaflo","twitter_misc":{"Gesch\u00e4tzte Lesezeit":"3\u00a0Minuten"},"schema":{"@context":"https:\/\/schema.org","@graph":[{"@type":"WebPage","@id":"https:\/\/www.metaflotech.com\/de\/applications\/dust-suppression\/","url":"https:\/\/www.metaflotech.com\/de\/applications\/dust-suppression\/","name":"Dust Suppression for Unpaved, Industrial and Mining Roads | MetaFLO Technologies","isPartOf":{"@id":"https:\/\/www.metaflotech.com\/de\/#website"},"primaryImageOfPage":{"@id":"https:\/\/www.metaflotech.com\/de\/applications\/dust-suppression\/#primaryimage"},"image":{"@id":"https:\/\/www.metaflotech.com\/de\/applications\/dust-suppression\/#primaryimage"},"thumbnailUrl":"https:\/\/www.metaflotech.com\/wp-content\/uploads\/2024\/12\/dirt-road-road-works-dust-suppression.jpeg","datePublished":"2024-12-10T11:21:22+00:00","dateModified":"2026-03-12T12:57:08+00:00","description":"DusTech is an advanced biopolymer for dust control on unpaved, gravel, industrial and mining roads, improving air quality, road safety and operational efficiency.","breadcrumb":{"@id":"https:\/\/www.metaflotech.com\/de\/applications\/dust-suppression\/#breadcrumb"},"inLanguage":"de","potentialAction":[{"@type":"ReadAction","target":["https:\/\/www.metaflotech.com\/de\/applications\/dust-suppression\/"]}]},{"@type":"ImageObject","inLanguage":"de","@id":"https:\/\/www.metaflotech.com\/de\/applications\/dust-suppression\/#primaryimage","url":"https:\/\/www.metaflotech.com\/wp-content\/uploads\/2024\/12\/dirt-road-road-works-dust-suppression.jpeg","contentUrl":"https:\/\/www.metaflotech.com\/wp-content\/uploads\/2024\/12\/dirt-road-road-works-dust-suppression.jpeg"},{"@type":"BreadcrumbList","@id":"https:\/\/www.metaflotech.com\/de\/applications\/dust-suppression\/#breadcrumb","itemListElement":[{"@type":"ListItem","position":1,"name":"Home","item":"https:\/\/www.metaflotech.com\/"},{"@type":"ListItem","position":2,"name":"Applications","item":"https:\/\/www.metaflotech.com\/applications\/"},{"@type":"ListItem","position":3,"name":"Dust Suppression for Unpaved, Industrial and Mining Roads"}]},{"@type":"WebSite","@id":"https:\/\/www.metaflotech.com\/de\/#website","url":"https:\/\/www.metaflotech.com\/de\/","name":"MetaFLO-Technologien","description":"Entwickelte Polymerl\u00f6sungen f\u00fcr industrielle Anwendungen","potentialAction":[{"@type":"SearchAction","target":{"@type":"EntryPoint","urlTemplate":"https:\/\/www.metaflotech.com\/de\/?s={search_term_string}"},"query-input":{"@type":"PropertyValueSpecification","valueRequired":true,"valueName":"search_term_string"}}],"inLanguage":"de"}]}},"_links":{"self":[{"href":"https:\/\/www.metaflotech.com\/de\/wp-json\/wp\/v2\/pages\/116345","targetHints":{"allow":["GET"]}}],"collection":[{"href":"https:\/\/www.metaflotech.com\/de\/wp-json\/wp\/v2\/pages"}],"about":[{"href":"https:\/\/www.metaflotech.com\/de\/wp-json\/wp\/v2\/types\/page"}],"author":[{"embeddable":true,"href":"https:\/\/www.metaflotech.com\/de\/wp-json\/wp\/v2\/users\/1"}],"replies":[{"embeddable":true,"href":"https:\/\/www.metaflotech.com\/de\/wp-json\/wp\/v2\/comments?post=116345"}],"version-history":[{"count":0,"href":"https:\/\/www.metaflotech.com\/de\/wp-json\/wp\/v2\/pages\/116345\/revisions"}],"up":[{"embeddable":true,"href":"https:\/\/www.metaflotech.com\/de\/wp-json\/wp\/v2\/pages\/73499"}],"wp:attachment":[{"href":"https:\/\/www.metaflotech.com\/de\/wp-json\/wp\/v2\/media?parent=116345"}],"curies":[{"name":"wp","href":"https:\/\/api.w.org\/{rel}","templated":true}]}}