{"id":116350,"date":"2024-12-10T11:22:13","date_gmt":"2024-12-10T11:22:13","guid":{"rendered":"https:\/\/www.metaflotech.com\/?page_id=116350"},"modified":"2026-03-12T12:58:31","modified_gmt":"2026-03-12T12:58:31","slug":"goldgewinnung-und-zyanidreduktion","status":"publish","type":"page","link":"https:\/\/www.metaflotech.com\/de\/applications\/gold-extraction-and-cyanide-reduction\/","title":{"rendered":"Biopolymer for Gold Recovery and Cyanide Reduction"},"content":{"rendered":"<img decoding=\"async\" src=\"https:\/\/www.metaflotech.com\/wp-content\/uploads\/2024\/12\/Gold.jpg\" alt=\"Gold\" itemprop=\"image\" height=\"533\" width=\"800\" title=\"Gold\" onerror=\"this.style.display='none'\" loading='lazy' \/>\r\n\t<h1><strong>Verbesserte Goldgewinnung und Zyanidreduzierung<\/strong><\/h1>\r\n<h2><em>Verbesserte Extraktion von Edelmineralien<\/em><\/h2>\r\n<h3>\r\n\t\t\tThema im \u00dcberblick\t<\/h3>\r\n\t<p>Die Zyanidlaugung ist die wirksamste Methode zur Goldgewinnung, erfordert jedoch einen hohen Verbrauch an Zyanid, der die Umwelt und die menschliche Gesundheit stark gef\u00e4hrden kann. Die Erh\u00f6hung des Goldgewinnungsanteils kann eine Herausforderung f\u00fcr die Umwelt darstellen, insbesondere bei refrakt\u00e4ren Erzen.<\/p>\r\n<h3>\r\n\t\t\tOverview of MetaFLO&#8217;s product\t<\/h3>\r\n\t<p><b>ExtracTech<\/b> ist unser fortschrittliches Biopolymer-Additiv, das zur Optimierung Ihres Edelmetallgewinnungsprozesses w\u00e4hrend der Cyanidierung entwickelt wurde. Das ExtracTech-Fl\u00fcssigpolymer kann ohne zus\u00e4tzlichen Kapitalaufwand w\u00e4hrend des Cyanidationsprozesses ohne zus\u00e4tzliche Ausr\u00fcstung eingef\u00fchrt werden.\u00a0<\/p>\r\n<p>Als Zusatz zu Ihrem bestehenden Cyanidierungsprozess kann ExtracTech Ihren Cyanidverbrauch um bis zu 20% reduzieren.<\/p>\r\n\t\t\t<a href=\"https:\/\/www.metaflotech.com\/de\/produkte\/biopolymere\/extractech\/\" download target=\"_self\">\r\n\t\t\t\t\t\t\tMEHR LERNEN\r\n\t\t\t\t\t<\/a>\r\n<h1>\r\n\t\t\tWIE ES FUNKTIONIERT\t<\/h1>\r\n\t\t\t <p>Unser umweltfreundliches Polymer, das aus Algen gewonnen wird, wirkt als Superoxidationsmittel und <strong>bricht die Bindungen von Mineralien mit hohem ORP-Wert in Ihrem feuerfesten Erz.<\/strong><\/p>\t\t\r\n\t\t\t <p><strong>Beim Auftragen kommt es zu einer chemischen Reaktion mit den Goldpartikeln,<\/strong> Dadurch ist das betreffende Metall bei der Auslaugung st\u00e4rker der Reaktion mit Zyanid ausgesetzt.<\/p>\t\t\r\n\t<h1>\r\n\t\t\tBENEFITS\t<\/h1>\r\n\t\t\t\t<img decoding=\"async\" src=\"https:\/\/www.metaflotech.com\/wp-content\/uploads\/2024\/12\/boost-yields.svg\" alt=\"die Ertr\u00e4ge steigern\" itemprop=\"image\" height=\"100\" width=\"100\" title=\"die Ertr\u00e4ge steigern\" onerror=\"this.style.display='none'\" loading='lazy' \/>\r\n\t<h3><b>Nutzt bestehende Prozesse<\/b><\/h3>\r\n<p>Erh\u00f6ht die Ertr\u00e4ge um 3-5%.<\/p>\r\n\t\t\t\t<img decoding=\"async\" src=\"https:\/\/www.metaflotech.com\/wp-content\/uploads\/2024\/12\/environmentally-safe.svg\" alt=\"umweltvertr\u00e4glich\" itemprop=\"image\" height=\"100\" width=\"100\" title=\"umweltvertr\u00e4glich\" onerror=\"this.style.display='none'\" loading='lazy' \/>\r\n\t<h3><b>Geringere Umweltbelastung<\/b><\/h3>\r\n<p>Aus Algen hergestelltes Biopolymer als Zusatzstoff reduziert den Zyanidverbrauch um 20-30%.<\/p>\r\n\t\t\t\t<img decoding=\"async\" src=\"https:\/\/www.metaflotech.com\/wp-content\/uploads\/2024\/12\/operational-efficiency.svg\" alt=\"Betriebseffizienz\" itemprop=\"image\" height=\"100\" width=\"100\" title=\"Betriebseffizienz\" onerror=\"this.style.display='none'\" loading='lazy' \/>\r\n\t<h3><b>BETRIEBSEFFIZIENZ<\/b><\/h3>\r\n<p>Bei niedriger Dosierung beschleunigt es die Reaktionszeit um bis zu 40%.<\/p>\r\n<h2>\r\n\t\t\tFallstudien\t<\/h2>\r\n<h3>\r\n\t\t<a href=\"https:\/\/www.metaflotech.com\/wp-content\/uploads\/2025\/07\/ExtracTech-Case-Study-English-MetaFLO-Technologies.pdf\" title=\"ExtracTech Verbesserte Goldgewinnung in feuerfesten Erzen\"  target=\"_self\">\r\n\t\t\tExtracTech Verbesserte Goldgewinnung in feuerfesten Erzen\t\t<\/a>\r\n\t<\/h3>\r\n\t<p>MetaFLO&#8217;s ExtracTech biopolymer demonstrated substantial efficacy for the gold extraction process, supporting safe and sustainable practices.<\/p>","protected":false},"excerpt":{"rendered":"<p>Enhanced Gold Extraction &amp; Cyanide Reduction Enhanced Extraction For Precious Minerals Issue at a Glance Cyanide leaching is the most effective gold extraction method, but it requires a high consumption of cyanide which can pose severe risks to the environment and to human health. Increasing gold extraction percentages can be environmentally challenging, especially in refractory&hellip;<\/p>","protected":false},"author":1,"featured_media":0,"parent":73499,"menu_order":0,"comment_status":"closed","ping_status":"closed","template":"","meta":{"_acf_changed":false,"inline_featured_image":false,"footnotes":""},"class_list":["post-116350","page","type-page","status-publish","hentry"],"acf":[],"yoast_head":"<!-- This site is optimized with the Yoast SEO plugin v27.5 - https:\/\/yoast.com\/product\/yoast-seo-wordpress\/ -->\n<title>Biopolymer for Gold Recovery and Cyanide Reduction | MetaFLO Technologies<\/title>\n<meta name=\"description\" content=\"MetaFLO biopolymers enhance gold processing and extraction by improving leaching efficiency, reducing cyanide consumption, stabilizing pH and increasing metal recovery.\" \/>\n<meta name=\"robots\" content=\"index, follow, max-snippet:-1, max-image-preview:large, max-video-preview:-1\" \/>\n<link rel=\"canonical\" href=\"https:\/\/www.metaflotech.com\/de\/anwendungen\/goldgewinnung-und-zyanidreduktion\/\" \/>\n<meta property=\"og:locale\" content=\"de_DE\" \/>\n<meta property=\"og:type\" content=\"article\" \/>\n<meta property=\"og:title\" content=\"Biopolymer for Gold Recovery and Cyanide Reduction | MetaFLO Technologies\" \/>\n<meta property=\"og:description\" content=\"MetaFLO biopolymers enhance gold processing and extraction by improving leaching efficiency, reducing cyanide consumption, stabilizing pH and increasing metal recovery.\" \/>\n<meta property=\"og:url\" content=\"https:\/\/www.metaflotech.com\/de\/anwendungen\/goldgewinnung-und-zyanidreduktion\/\" \/>\n<meta property=\"og:site_name\" content=\"MetaFLO Technologies\" \/>\n<meta property=\"article:publisher\" content=\"https:\/\/www.facebook.com\/MetaFLOTechnologies\/\" \/>\n<meta property=\"article:modified_time\" content=\"2026-03-12T12:58:31+00:00\" \/>\n<meta property=\"og:image\" content=\"https:\/\/www.metaflotech.com\/wp-content\/uploads\/2024\/12\/Gold.jpg\" \/>\n<meta name=\"twitter:card\" content=\"summary_large_image\" \/>\n<meta name=\"twitter:site\" content=\"@metaflo\" \/>\n<meta name=\"twitter:label1\" content=\"Gesch\u00e4tzte Lesezeit\" \/>\n\t<meta name=\"twitter:data1\" content=\"2\u00a0Minuten\" \/>\n<script type=\"application\/ld+json\" class=\"yoast-schema-graph\">{\"@context\":\"https:\\\/\\\/schema.org\",\"@graph\":[{\"@type\":\"WebPage\",\"@id\":\"https:\\\/\\\/www.metaflotech.com\\\/de\\\/applications\\\/gold-extraction-and-cyanide-reduction\\\/\",\"url\":\"https:\\\/\\\/www.metaflotech.com\\\/de\\\/applications\\\/gold-extraction-and-cyanide-reduction\\\/\",\"name\":\"Biopolymer for Gold Recovery and Cyanide Reduction | MetaFLO Technologies\",\"isPartOf\":{\"@id\":\"https:\\\/\\\/www.metaflotech.com\\\/de\\\/#website\"},\"primaryImageOfPage\":{\"@id\":\"https:\\\/\\\/www.metaflotech.com\\\/de\\\/applications\\\/gold-extraction-and-cyanide-reduction\\\/#primaryimage\"},\"image\":{\"@id\":\"https:\\\/\\\/www.metaflotech.com\\\/de\\\/applications\\\/gold-extraction-and-cyanide-reduction\\\/#primaryimage\"},\"thumbnailUrl\":\"https:\\\/\\\/www.metaflotech.com\\\/wp-content\\\/uploads\\\/2024\\\/12\\\/Gold.jpg\",\"datePublished\":\"2024-12-10T11:22:13+00:00\",\"dateModified\":\"2026-03-12T12:58:31+00:00\",\"description\":\"MetaFLO biopolymers enhance gold processing and extraction by improving leaching efficiency, reducing cyanide consumption, stabilizing pH and increasing metal recovery.\",\"breadcrumb\":{\"@id\":\"https:\\\/\\\/www.metaflotech.com\\\/de\\\/applications\\\/gold-extraction-and-cyanide-reduction\\\/#breadcrumb\"},\"inLanguage\":\"de\",\"potentialAction\":[{\"@type\":\"ReadAction\",\"target\":[\"https:\\\/\\\/www.metaflotech.com\\\/de\\\/applications\\\/gold-extraction-and-cyanide-reduction\\\/\"]}]},{\"@type\":\"ImageObject\",\"inLanguage\":\"de\",\"@id\":\"https:\\\/\\\/www.metaflotech.com\\\/de\\\/applications\\\/gold-extraction-and-cyanide-reduction\\\/#primaryimage\",\"url\":\"https:\\\/\\\/www.metaflotech.com\\\/wp-content\\\/uploads\\\/2024\\\/12\\\/Gold.jpg\",\"contentUrl\":\"https:\\\/\\\/www.metaflotech.com\\\/wp-content\\\/uploads\\\/2024\\\/12\\\/Gold.jpg\"},{\"@type\":\"BreadcrumbList\",\"@id\":\"https:\\\/\\\/www.metaflotech.com\\\/de\\\/applications\\\/gold-extraction-and-cyanide-reduction\\\/#breadcrumb\",\"itemListElement\":[{\"@type\":\"ListItem\",\"position\":1,\"name\":\"Home\",\"item\":\"https:\\\/\\\/www.metaflotech.com\\\/\"},{\"@type\":\"ListItem\",\"position\":2,\"name\":\"Applications\",\"item\":\"https:\\\/\\\/www.metaflotech.com\\\/applications\\\/\"},{\"@type\":\"ListItem\",\"position\":3,\"name\":\"Biopolymer for Gold Recovery and Cyanide Reduction\"}]},{\"@type\":\"WebSite\",\"@id\":\"https:\\\/\\\/www.metaflotech.com\\\/de\\\/#website\",\"url\":\"https:\\\/\\\/www.metaflotech.com\\\/de\\\/\",\"name\":\"MetaFLO Technologies\",\"description\":\"Engineered Polymer Solutions For Industrial Applications\",\"potentialAction\":[{\"@type\":\"SearchAction\",\"target\":{\"@type\":\"EntryPoint\",\"urlTemplate\":\"https:\\\/\\\/www.metaflotech.com\\\/de\\\/?s={search_term_string}\"},\"query-input\":{\"@type\":\"PropertyValueSpecification\",\"valueRequired\":true,\"valueName\":\"search_term_string\"}}],\"inLanguage\":\"de\"}]}<\/script>\n<!-- \/ Yoast SEO plugin. -->","yoast_head_json":{"title":"Biopolymer for Gold Recovery and Cyanide Reduction | MetaFLO Technologies","description":"MetaFLO biopolymers enhance gold processing and extraction by improving leaching efficiency, reducing cyanide consumption, stabilizing pH and increasing metal recovery.","robots":{"index":"index","follow":"follow","max-snippet":"max-snippet:-1","max-image-preview":"max-image-preview:large","max-video-preview":"max-video-preview:-1"},"canonical":"https:\/\/www.metaflotech.com\/de\/anwendungen\/goldgewinnung-und-zyanidreduktion\/","og_locale":"de_DE","og_type":"article","og_title":"Biopolymer for Gold Recovery and Cyanide Reduction | MetaFLO Technologies","og_description":"MetaFLO biopolymers enhance gold processing and extraction by improving leaching efficiency, reducing cyanide consumption, stabilizing pH and increasing metal recovery.","og_url":"https:\/\/www.metaflotech.com\/de\/anwendungen\/goldgewinnung-und-zyanidreduktion\/","og_site_name":"MetaFLO Technologies","article_publisher":"https:\/\/www.facebook.com\/MetaFLOTechnologies\/","article_modified_time":"2026-03-12T12:58:31+00:00","og_image":[{"url":"https:\/\/www.metaflotech.com\/wp-content\/uploads\/2024\/12\/Gold.jpg","type":"","width":"","height":""}],"twitter_card":"summary_large_image","twitter_site":"@metaflo","twitter_misc":{"Gesch\u00e4tzte Lesezeit":"2\u00a0Minuten"},"schema":{"@context":"https:\/\/schema.org","@graph":[{"@type":"WebPage","@id":"https:\/\/www.metaflotech.com\/de\/applications\/gold-extraction-and-cyanide-reduction\/","url":"https:\/\/www.metaflotech.com\/de\/applications\/gold-extraction-and-cyanide-reduction\/","name":"Biopolymer for Gold Recovery and Cyanide Reduction | MetaFLO Technologies","isPartOf":{"@id":"https:\/\/www.metaflotech.com\/de\/#website"},"primaryImageOfPage":{"@id":"https:\/\/www.metaflotech.com\/de\/applications\/gold-extraction-and-cyanide-reduction\/#primaryimage"},"image":{"@id":"https:\/\/www.metaflotech.com\/de\/applications\/gold-extraction-and-cyanide-reduction\/#primaryimage"},"thumbnailUrl":"https:\/\/www.metaflotech.com\/wp-content\/uploads\/2024\/12\/Gold.jpg","datePublished":"2024-12-10T11:22:13+00:00","dateModified":"2026-03-12T12:58:31+00:00","description":"MetaFLO biopolymers enhance gold processing and extraction by improving leaching efficiency, reducing cyanide consumption, stabilizing pH and increasing metal recovery.","breadcrumb":{"@id":"https:\/\/www.metaflotech.com\/de\/applications\/gold-extraction-and-cyanide-reduction\/#breadcrumb"},"inLanguage":"de","potentialAction":[{"@type":"ReadAction","target":["https:\/\/www.metaflotech.com\/de\/applications\/gold-extraction-and-cyanide-reduction\/"]}]},{"@type":"ImageObject","inLanguage":"de","@id":"https:\/\/www.metaflotech.com\/de\/applications\/gold-extraction-and-cyanide-reduction\/#primaryimage","url":"https:\/\/www.metaflotech.com\/wp-content\/uploads\/2024\/12\/Gold.jpg","contentUrl":"https:\/\/www.metaflotech.com\/wp-content\/uploads\/2024\/12\/Gold.jpg"},{"@type":"BreadcrumbList","@id":"https:\/\/www.metaflotech.com\/de\/applications\/gold-extraction-and-cyanide-reduction\/#breadcrumb","itemListElement":[{"@type":"ListItem","position":1,"name":"Home","item":"https:\/\/www.metaflotech.com\/"},{"@type":"ListItem","position":2,"name":"Applications","item":"https:\/\/www.metaflotech.com\/applications\/"},{"@type":"ListItem","position":3,"name":"Biopolymer for Gold Recovery and Cyanide Reduction"}]},{"@type":"WebSite","@id":"https:\/\/www.metaflotech.com\/de\/#website","url":"https:\/\/www.metaflotech.com\/de\/","name":"MetaFLO-Technologien","description":"Entwickelte Polymerl\u00f6sungen f\u00fcr industrielle Anwendungen","potentialAction":[{"@type":"SearchAction","target":{"@type":"EntryPoint","urlTemplate":"https:\/\/www.metaflotech.com\/de\/?s={search_term_string}"},"query-input":{"@type":"PropertyValueSpecification","valueRequired":true,"valueName":"search_term_string"}}],"inLanguage":"de"}]}},"_links":{"self":[{"href":"https:\/\/www.metaflotech.com\/de\/wp-json\/wp\/v2\/pages\/116350","targetHints":{"allow":["GET"]}}],"collection":[{"href":"https:\/\/www.metaflotech.com\/de\/wp-json\/wp\/v2\/pages"}],"about":[{"href":"https:\/\/www.metaflotech.com\/de\/wp-json\/wp\/v2\/types\/page"}],"author":[{"embeddable":true,"href":"https:\/\/www.metaflotech.com\/de\/wp-json\/wp\/v2\/users\/1"}],"replies":[{"embeddable":true,"href":"https:\/\/www.metaflotech.com\/de\/wp-json\/wp\/v2\/comments?post=116350"}],"version-history":[{"count":0,"href":"https:\/\/www.metaflotech.com\/de\/wp-json\/wp\/v2\/pages\/116350\/revisions"}],"up":[{"embeddable":true,"href":"https:\/\/www.metaflotech.com\/de\/wp-json\/wp\/v2\/pages\/73499"}],"wp:attachment":[{"href":"https:\/\/www.metaflotech.com\/de\/wp-json\/wp\/v2\/media?parent=116350"}],"curies":[{"name":"wp","href":"https:\/\/api.w.org\/{rel}","templated":true}]}}