{"id":116352,"date":"2024-12-10T11:22:47","date_gmt":"2024-12-10T11:22:47","guid":{"rendered":"https:\/\/www.metaflotech.com\/?page_id=116352"},"modified":"2026-03-12T12:55:06","modified_gmt":"2026-03-12T12:55:06","slug":"behandlung-von-kontaminiertem-wasser","status":"publish","type":"page","link":"https:\/\/www.metaflotech.com\/de\/applications\/contaminated-water-treatment\/","title":{"rendered":"Contaminated Water Treatment for Mining and Industrial Operations"},"content":{"rendered":"<img decoding=\"async\" src=\"https:\/\/www.metaflotech.com\/wp-content\/uploads\/2024\/12\/researcher-holds-test-tube-with-water-hand-blue-glove_8353-7164.jpg\" alt=\"Forscher-h\u00e4lt-Pr\u00fcfr\u00f6hrchen-mit-Wasser-Hand-blauem-Handschuh_8353-7164\" itemprop=\"image\" height=\"1200\" width=\"1800\" title=\"Forscher-h\u00e4lt-Pr\u00fcfr\u00f6hrchen-mit-Wasser-Hand-blauem-Handschuh_8353-7164\" onerror=\"this.style.display='none'\" loading='lazy' \/>\r\n\t<h1><strong>Verseuchtes Wasser<br \/>\r\nBEHANDLUNG<\/strong><\/h1>\r\n<h2><em>Fortschrittliche L\u00f6sung f\u00fcr saubereres Wasser<\/em><\/h2>\r\n<h3>\r\n\t\t\tThema im \u00dcberblick\t<\/h3>\r\n\t<p>Verunreinigtes Wasser birgt Umweltrisiken und stellt die Beh\u00f6rden vor gro\u00dfe Herausforderungen. Herk\u00f6mmliche Dekontaminationsmethoden k\u00f6nnen langsam sein und erfordern gro\u00dfe Mengen an Zusatzstoffen.<\/p>\r\n<h3>\r\n\t\t\tOverview of MetaFLO&#8217;s product\t<\/h3>\r\n\t<p><strong>RemTech<\/strong> ist unsere spezialisierte Wasseraufbereitungsl\u00f6sung, die darauf ausgelegt ist, Verunreinigungen wie Schwermetalle und Kohlenwasserstoffe wirksam zu binden.<\/p>\r\n<p>Mit seinen anpassbaren Formulierungen gew\u00e4hrleistet RemTech eine gezielte und effiziente Behandlung, die es \u00d6l- und Bergbaubetrieben erm\u00f6glicht, die gesetzlichen Anforderungen zu erf\u00fcllen und die umliegenden \u00d6kosysteme zu sch\u00fctzen.<\/p>\r\n\t\t\t<a href=\"https:\/\/www.metaflotech.com\/de\/produkte\/biopolymere\/remtech\/\" download target=\"_self\">\r\n\t\t\t\t\t\t\tMEHR LERNEN\r\n\t\t\t\t\t<\/a>\r\n<h1>\r\n\t\t\tWIE ES FUNKTIONIERT\t<\/h1>\r\n\t\t\t <p>Die <strong>Bio-Zusatzstoff<\/strong> ist ein alkalisches Oxidationsmittel, das f\u00fcr verschiedene Verschmutzungsszenarien entwickelt wurde, darunter mit Schwermetallen und Kohlenwasserstoffen belastetes Wasser, kontaminierte Abfallschl\u00e4mme und cyanidhaltige Absetzbecken.<\/p>\t\t\r\n\t\t\t <p>Durch Ausnutzung der Ausf\u00e4llung von Schwermetallen durch Ionenaustausch, <strong>RemTech beseitigt effektiv mehrere Schwermetalle gleichzeitig. <\/strong>Dieses Verfahren verbessert nicht nur die Umwelt, sondern bietet auch die M\u00f6glichkeit, Wasser in industriellen Prozessen wiederzuverwenden, was zu einem nachhaltigeren Betrieb beitr\u00e4gt.<\/p>\t\t\r\n\t<h1>\r\n\t\t\tBENEFITS\t<\/h1>\r\n\t\t\t\t<img decoding=\"async\" src=\"https:\/\/www.metaflotech.com\/wp-content\/uploads\/2024\/12\/compliance.svg\" alt=\"Compliance\" itemprop=\"image\" height=\"100\" width=\"100\" title=\"Compliance\" onerror=\"this.style.display='none'\" loading='lazy' \/>\r\n\t<h3><b>Sicherstellung der Einhaltung<\/b><\/h3>\r\n<p>Erf\u00fcllen und \u00fcbertreffen Sie Umweltvorschriften.<\/p>\r\n\t\t\t\t<img decoding=\"async\" src=\"https:\/\/www.metaflotech.com\/wp-content\/uploads\/2024\/12\/cost-saving.svg\" alt=\"Kosteneinsparung\" itemprop=\"image\" height=\"100\" width=\"100\" title=\"Kosteneinsparung\" onerror=\"this.style.display='none'\" loading='lazy' \/>\r\n\t<h3><b>Kosteng\u00fcnstig<\/b><\/h3>\r\n<p>Reduziert den Bedarf an zus\u00e4tzlichen Alkalisierungsmitteln und die Sanierungszeit.<\/p>\r\n\t\t\t\t<img decoding=\"async\" src=\"https:\/\/www.metaflotech.com\/wp-content\/uploads\/2024\/12\/environmentally-safe.svg\" alt=\"umweltvertr\u00e4glich\" itemprop=\"image\" height=\"100\" width=\"100\" title=\"umweltvertr\u00e4glich\" onerror=\"this.style.display='none'\" loading='lazy' \/>\r\n\t<h3><b>Umwelt und Sicherheit<\/b><\/h3>\r\n<p>RemTech wird aus Meeresalgen gewonnen und ist eine umweltfreundliche L\u00f6sung.<\/p>\r\n<h2>\r\n\t\t\tFallstudien\t<\/h2>\r\n<h3>\r\n\t\t<a href=\"https:\/\/www.metaflotech.com\/wp-content\/uploads\/2025\/07\/RemTech-Case-Study-1-English-MetaFLO-Technologies.pdf\" title=\"RemTech behandelt gleichzeitig Schwermetalle f\u00fcr Goldlaugungsabw\u00e4sser\"  target=\"_self\">\r\n\t\t\tRemTech behandelt gleichzeitig Schwermetalle f\u00fcr Goldlaugungsabw\u00e4sser\t\t<\/a>\r\n\t<\/h3>\r\n\t<p>MetaFLO&#8217;s biopolymer provides advanced bio-friendly remediation of contaminated water such as effluents, helping companies save costs, increase productivity and protect the environment.<\/p>\r\n<h3>\r\n\t\t<a href=\"https:\/\/www.metaflotech.com\/wp-content\/uploads\/2025\/07\/RemTech-Case-Study-2-English-MetaFLO-Technologies-1.pdf\" title=\"RemTech behandelt Kohlenwasserstoffe f\u00fcr industrielle Erd\u00f6labw\u00e4sser\"  target=\"_self\">\r\n\t\t\tRemTech behandelt Kohlenwasserstoffe f\u00fcr industrielle Erd\u00f6labw\u00e4sser\t\t<\/a>\r\n\t<\/h3>\r\n\t<p>MetaFLO&#8217;s study reveals unmatched cost savings, productivity gains, and environmental benefits for treating hydrocarbons on an effluent.<\/p>","protected":false},"excerpt":{"rendered":"<p>Contaminated Water TREATMENT Advanced Solution For Cleaner Water Issue at a Glance Contaminated water poses environmental risks and regulatory challenges. Traditional decontamination methods can be slow and demand high volumes of additives. Overview of MetaFLO&#8217;s product RemTech is our specialized water treatment solution, designed to effectively attach contaminants such as heavy metals and hydrocarbons. With&hellip;<\/p>","protected":false},"author":1,"featured_media":0,"parent":73499,"menu_order":0,"comment_status":"closed","ping_status":"closed","template":"","meta":{"_acf_changed":false,"inline_featured_image":false,"footnotes":""},"class_list":["post-116352","page","type-page","status-publish","hentry"],"acf":[],"yoast_head":"<!-- This site is optimized with the Yoast SEO plugin v27.5 - https:\/\/yoast.com\/product\/yoast-seo-wordpress\/ -->\n<title>Contaminated Water Treatment for Mining and Industrial Operations | MetaFLO Technologies<\/title>\n<meta name=\"description\" content=\"MetaFLO provides advanced biopolymer solutions for contaminated water treatment, removing metals and hydrocarbons while supporting safer environmental and industrial operations.\" \/>\n<meta name=\"robots\" content=\"index, follow, max-snippet:-1, max-image-preview:large, max-video-preview:-1\" \/>\n<link rel=\"canonical\" href=\"https:\/\/www.metaflotech.com\/de\/anwendungen\/behandlung-von-kontaminiertem-wasser\/\" \/>\n<meta property=\"og:locale\" content=\"de_DE\" \/>\n<meta property=\"og:type\" content=\"article\" \/>\n<meta property=\"og:title\" content=\"Contaminated Water Treatment for Mining and Industrial Operations | MetaFLO Technologies\" \/>\n<meta property=\"og:description\" content=\"MetaFLO provides advanced biopolymer solutions for contaminated water treatment, removing metals and hydrocarbons while supporting safer environmental and industrial operations.\" \/>\n<meta property=\"og:url\" content=\"https:\/\/www.metaflotech.com\/de\/anwendungen\/behandlung-von-kontaminiertem-wasser\/\" \/>\n<meta property=\"og:site_name\" content=\"MetaFLO Technologies\" \/>\n<meta property=\"article:publisher\" content=\"https:\/\/www.facebook.com\/MetaFLOTechnologies\/\" \/>\n<meta property=\"article:modified_time\" content=\"2026-03-12T12:55:06+00:00\" \/>\n<meta property=\"og:image\" content=\"https:\/\/www.metaflotech.com\/wp-content\/uploads\/2024\/12\/researcher-holds-test-tube-with-water-hand-blue-glove_8353-7164.jpg\" \/>\n<meta name=\"twitter:card\" content=\"summary_large_image\" \/>\n<meta name=\"twitter:site\" content=\"@metaflo\" \/>\n<meta name=\"twitter:label1\" content=\"Gesch\u00e4tzte Lesezeit\" \/>\n\t<meta name=\"twitter:data1\" content=\"2\u00a0Minuten\" \/>\n<script type=\"application\/ld+json\" class=\"yoast-schema-graph\">{\"@context\":\"https:\\\/\\\/schema.org\",\"@graph\":[{\"@type\":\"WebPage\",\"@id\":\"https:\\\/\\\/www.metaflotech.com\\\/de\\\/applications\\\/contaminated-water-treatment\\\/\",\"url\":\"https:\\\/\\\/www.metaflotech.com\\\/de\\\/applications\\\/contaminated-water-treatment\\\/\",\"name\":\"Contaminated Water Treatment for Mining and Industrial Operations | MetaFLO Technologies\",\"isPartOf\":{\"@id\":\"https:\\\/\\\/www.metaflotech.com\\\/de\\\/#website\"},\"primaryImageOfPage\":{\"@id\":\"https:\\\/\\\/www.metaflotech.com\\\/de\\\/applications\\\/contaminated-water-treatment\\\/#primaryimage\"},\"image\":{\"@id\":\"https:\\\/\\\/www.metaflotech.com\\\/de\\\/applications\\\/contaminated-water-treatment\\\/#primaryimage\"},\"thumbnailUrl\":\"https:\\\/\\\/www.metaflotech.com\\\/wp-content\\\/uploads\\\/2024\\\/12\\\/researcher-holds-test-tube-with-water-hand-blue-glove_8353-7164.jpg\",\"datePublished\":\"2024-12-10T11:22:47+00:00\",\"dateModified\":\"2026-03-12T12:55:06+00:00\",\"description\":\"MetaFLO provides advanced biopolymer solutions for contaminated water treatment, removing metals and hydrocarbons while supporting safer environmental and industrial operations.\",\"breadcrumb\":{\"@id\":\"https:\\\/\\\/www.metaflotech.com\\\/de\\\/applications\\\/contaminated-water-treatment\\\/#breadcrumb\"},\"inLanguage\":\"de\",\"potentialAction\":[{\"@type\":\"ReadAction\",\"target\":[\"https:\\\/\\\/www.metaflotech.com\\\/de\\\/applications\\\/contaminated-water-treatment\\\/\"]}]},{\"@type\":\"ImageObject\",\"inLanguage\":\"de\",\"@id\":\"https:\\\/\\\/www.metaflotech.com\\\/de\\\/applications\\\/contaminated-water-treatment\\\/#primaryimage\",\"url\":\"https:\\\/\\\/www.metaflotech.com\\\/wp-content\\\/uploads\\\/2024\\\/12\\\/researcher-holds-test-tube-with-water-hand-blue-glove_8353-7164.jpg\",\"contentUrl\":\"https:\\\/\\\/www.metaflotech.com\\\/wp-content\\\/uploads\\\/2024\\\/12\\\/researcher-holds-test-tube-with-water-hand-blue-glove_8353-7164.jpg\"},{\"@type\":\"BreadcrumbList\",\"@id\":\"https:\\\/\\\/www.metaflotech.com\\\/de\\\/applications\\\/contaminated-water-treatment\\\/#breadcrumb\",\"itemListElement\":[{\"@type\":\"ListItem\",\"position\":1,\"name\":\"Home\",\"item\":\"https:\\\/\\\/www.metaflotech.com\\\/\"},{\"@type\":\"ListItem\",\"position\":2,\"name\":\"Applications\",\"item\":\"https:\\\/\\\/www.metaflotech.com\\\/applications\\\/\"},{\"@type\":\"ListItem\",\"position\":3,\"name\":\"Contaminated Water Treatment for Mining and Industrial Operations\"}]},{\"@type\":\"WebSite\",\"@id\":\"https:\\\/\\\/www.metaflotech.com\\\/de\\\/#website\",\"url\":\"https:\\\/\\\/www.metaflotech.com\\\/de\\\/\",\"name\":\"MetaFLO Technologies\",\"description\":\"Engineered Polymer Solutions For Industrial Applications\",\"potentialAction\":[{\"@type\":\"SearchAction\",\"target\":{\"@type\":\"EntryPoint\",\"urlTemplate\":\"https:\\\/\\\/www.metaflotech.com\\\/de\\\/?s={search_term_string}\"},\"query-input\":{\"@type\":\"PropertyValueSpecification\",\"valueRequired\":true,\"valueName\":\"search_term_string\"}}],\"inLanguage\":\"de\"}]}<\/script>\n<!-- \/ Yoast SEO plugin. -->","yoast_head_json":{"title":"Contaminated Water Treatment for Mining and Industrial Operations | MetaFLO Technologies","description":"MetaFLO provides advanced biopolymer solutions for contaminated water treatment, removing metals and hydrocarbons while supporting safer environmental and industrial operations.","robots":{"index":"index","follow":"follow","max-snippet":"max-snippet:-1","max-image-preview":"max-image-preview:large","max-video-preview":"max-video-preview:-1"},"canonical":"https:\/\/www.metaflotech.com\/de\/anwendungen\/behandlung-von-kontaminiertem-wasser\/","og_locale":"de_DE","og_type":"article","og_title":"Contaminated Water Treatment for Mining and Industrial Operations | MetaFLO Technologies","og_description":"MetaFLO provides advanced biopolymer solutions for contaminated water treatment, removing metals and hydrocarbons while supporting safer environmental and industrial operations.","og_url":"https:\/\/www.metaflotech.com\/de\/anwendungen\/behandlung-von-kontaminiertem-wasser\/","og_site_name":"MetaFLO Technologies","article_publisher":"https:\/\/www.facebook.com\/MetaFLOTechnologies\/","article_modified_time":"2026-03-12T12:55:06+00:00","og_image":[{"url":"https:\/\/www.metaflotech.com\/wp-content\/uploads\/2024\/12\/researcher-holds-test-tube-with-water-hand-blue-glove_8353-7164.jpg","type":"","width":"","height":""}],"twitter_card":"summary_large_image","twitter_site":"@metaflo","twitter_misc":{"Gesch\u00e4tzte Lesezeit":"2\u00a0Minuten"},"schema":{"@context":"https:\/\/schema.org","@graph":[{"@type":"WebPage","@id":"https:\/\/www.metaflotech.com\/de\/applications\/contaminated-water-treatment\/","url":"https:\/\/www.metaflotech.com\/de\/applications\/contaminated-water-treatment\/","name":"Contaminated Water Treatment for Mining and Industrial Operations | MetaFLO Technologies","isPartOf":{"@id":"https:\/\/www.metaflotech.com\/de\/#website"},"primaryImageOfPage":{"@id":"https:\/\/www.metaflotech.com\/de\/applications\/contaminated-water-treatment\/#primaryimage"},"image":{"@id":"https:\/\/www.metaflotech.com\/de\/applications\/contaminated-water-treatment\/#primaryimage"},"thumbnailUrl":"https:\/\/www.metaflotech.com\/wp-content\/uploads\/2024\/12\/researcher-holds-test-tube-with-water-hand-blue-glove_8353-7164.jpg","datePublished":"2024-12-10T11:22:47+00:00","dateModified":"2026-03-12T12:55:06+00:00","description":"MetaFLO provides advanced biopolymer solutions for contaminated water treatment, removing metals and hydrocarbons while supporting safer environmental and industrial operations.","breadcrumb":{"@id":"https:\/\/www.metaflotech.com\/de\/applications\/contaminated-water-treatment\/#breadcrumb"},"inLanguage":"de","potentialAction":[{"@type":"ReadAction","target":["https:\/\/www.metaflotech.com\/de\/applications\/contaminated-water-treatment\/"]}]},{"@type":"ImageObject","inLanguage":"de","@id":"https:\/\/www.metaflotech.com\/de\/applications\/contaminated-water-treatment\/#primaryimage","url":"https:\/\/www.metaflotech.com\/wp-content\/uploads\/2024\/12\/researcher-holds-test-tube-with-water-hand-blue-glove_8353-7164.jpg","contentUrl":"https:\/\/www.metaflotech.com\/wp-content\/uploads\/2024\/12\/researcher-holds-test-tube-with-water-hand-blue-glove_8353-7164.jpg"},{"@type":"BreadcrumbList","@id":"https:\/\/www.metaflotech.com\/de\/applications\/contaminated-water-treatment\/#breadcrumb","itemListElement":[{"@type":"ListItem","position":1,"name":"Home","item":"https:\/\/www.metaflotech.com\/"},{"@type":"ListItem","position":2,"name":"Applications","item":"https:\/\/www.metaflotech.com\/applications\/"},{"@type":"ListItem","position":3,"name":"Contaminated Water Treatment for Mining and Industrial Operations"}]},{"@type":"WebSite","@id":"https:\/\/www.metaflotech.com\/de\/#website","url":"https:\/\/www.metaflotech.com\/de\/","name":"MetaFLO-Technologien","description":"Entwickelte Polymerl\u00f6sungen f\u00fcr industrielle Anwendungen","potentialAction":[{"@type":"SearchAction","target":{"@type":"EntryPoint","urlTemplate":"https:\/\/www.metaflotech.com\/de\/?s={search_term_string}"},"query-input":{"@type":"PropertyValueSpecification","valueRequired":true,"valueName":"search_term_string"}}],"inLanguage":"de"}]}},"_links":{"self":[{"href":"https:\/\/www.metaflotech.com\/de\/wp-json\/wp\/v2\/pages\/116352","targetHints":{"allow":["GET"]}}],"collection":[{"href":"https:\/\/www.metaflotech.com\/de\/wp-json\/wp\/v2\/pages"}],"about":[{"href":"https:\/\/www.metaflotech.com\/de\/wp-json\/wp\/v2\/types\/page"}],"author":[{"embeddable":true,"href":"https:\/\/www.metaflotech.com\/de\/wp-json\/wp\/v2\/users\/1"}],"replies":[{"embeddable":true,"href":"https:\/\/www.metaflotech.com\/de\/wp-json\/wp\/v2\/comments?post=116352"}],"version-history":[{"count":0,"href":"https:\/\/www.metaflotech.com\/de\/wp-json\/wp\/v2\/pages\/116352\/revisions"}],"up":[{"embeddable":true,"href":"https:\/\/www.metaflotech.com\/de\/wp-json\/wp\/v2\/pages\/73499"}],"wp:attachment":[{"href":"https:\/\/www.metaflotech.com\/de\/wp-json\/wp\/v2\/media?parent=116352"}],"curies":[{"name":"wp","href":"https:\/\/api.w.org\/{rel}","templated":true}]}}