{"id":120698,"date":"2024-12-25T09:50:31","date_gmt":"2024-12-25T09:50:31","guid":{"rendered":"https:\/\/www.metaflotech.com\/?page_id=120698"},"modified":"2026-03-12T13:20:36","modified_gmt":"2026-03-12T13:20:36","slug":"bergbau","status":"publish","type":"page","link":"https:\/\/www.metaflotech.com\/de\/industries\/mining\/","title":{"rendered":"Mining Solutions for Haul Roads, Metal Recovery and Dust Control"},"content":{"rendered":"<h1><strong>Bergbau<\/strong><\/h1>\r\n<h2>\r\n\t\t\tHerausforderungen\t<\/h2>\r\n\t<h3><strong>Bergbauunternehmen stehen bei ihren T\u00e4tigkeiten vor einer Reihe von Herausforderungen:<\/strong><\/h3>\r\n\t\t\t <h4>Behandlung von verschmutztem Wasser.<\/h4>\t\t\r\n\t\t\t <h4>Instandhaltung der Zufahrts- und Transportwege.<\/h4>\t\t\r\n\t\t\t <h4>Staubkontrolle.<\/h4>\t\t\r\n\t\t\t <h4>Steigerung der Ausbeute von feuerfesten Erzk\u00f6rpern ohne gro\u00dfe Kapitalaufwendungen.<\/h4>\t\t\r\n\t\t\t <h4>Verantwortungsvoller Umgang mit Zyanid und anderen Chemikalien.<\/h4>\t\t\r\n\t\t\t <h4>Verfestigung gro\u00dfer Mengen von Schl\u00e4mmen und Schlickern.<\/h4>\t\t\r\n\t\t\t <h4>Schaffung einer sinnvollen Wiederverwendung von sterilem Abfallmaterial.<\/h4>\t\t\r\n\t\t\t\t<img decoding=\"async\" src=\"https:\/\/www.metaflotech.com\/wp-content\/uploads\/2025\/02\/Mining-1.svg\" alt=\"Bergbau 1\" itemprop=\"image\" height=\"843\" width=\"3859\" title=\"Bergbau 1\" onerror=\"this.style.display='none'\" loading=\"lazy\" \/>\r\n\t<h3><strong>Nasse Ausbeute<\/strong><\/h3>\r\n\t\t\t <h4>Gro\u00dfe Mengen an nassem Abraum sind oft schwierig und teuer zu entsorgen.<\/h4>\t\t\r\n\t\t\t <h4>F\u00fcr die Entsorgung von Nassaushub sind h\u00e4ufig spezielle Saugfahrzeuge erforderlich, die den fl\u00fcssigen Abfall zu einer Umladestation transportieren.<\/h4>\t\t\r\n\t\t\t <h4>S\u00e4gemehl, Kalk und Zement k\u00f6nnen verwendet werden, um nassen Abraum zu verfestigen, allerdings kann diese Methode das Entsorgungsvolumen um bis zu 300% erh\u00f6hen, was bedeutet, dass die Kipplaster mehr zu transportieren haben und eine h\u00f6here Abfallbelastung an der Endlagerst\u00e4tte verursachen.<\/h4>\t\t\r\n\t\t\t\t<img decoding=\"async\" src=\"https:\/\/www.metaflotech.com\/wp-content\/uploads\/2025\/02\/Energy-Utilities-4.svg\" alt=\"Energieversorgungsunternehmen 4\" itemprop=\"image\" height=\"847\" width=\"3838\" title=\"Energieversorgungsunternehmen 4\" onerror=\"this.style.display='none'\" loading=\"lazy\" \/>\r\n\t\t\t\t<a href=\"https:\/\/www.metaflotech.com\/de\/produkte\/erstarrungsreagenzien\/mf003\/\"  target=\"_blank\" rel=\"noopener\"  itemprop=\"url\">\r\n\t\t\t\t<img decoding=\"async\" src=\"https:\/\/www.metaflotech.com\/wp-content\/uploads\/2024\/03\/Logo-MF003.svg\" alt=\"Logo MF003\" itemprop=\"image\" height=\"100\" width=\"100\" title=\"Logo MF003\" onerror=\"this.style.display='none'\" loading=\"lazy\" \/>\r\n\t\t\t\t<\/a>\r\n<h2>\r\n\t\t\tMETAFLO-L\u00d6SUNG\t<\/h2>\r\n\t\t\t <h4>Ungiftiges, inertes* Verfestigungsreagenz absorbiert schnell Wasser, \u00d6l und Fett und verfestigt den Schlamm vor Ort &lt; 1 Stunde.<\/h4>\t\t\r\n\t\t\t <h4>Sobald der Abfall verfestigt ist, kann er den Lackfiltertest (PFT) bestehen.<\/h4>\t\t\r\n\t\t\t <h4>Der verfestigte Schlamm wird direkt zur Endlagerst\u00e4tte transportiert, wodurch die Transport- und Entsorgungskosten gesenkt und gleichzeitig die Sicherheit und die Einhaltung der Vorschriften verbessert werden.<\/h4>\t\t\r\n\t<p><em>*Die Produktklassifizierung kann in den verschiedenen L\u00e4ndern unterschiedlich sein.<\/em><\/p>\r\n\t\t\t\t<img decoding=\"async\" src=\"https:\/\/www.metaflotech.com\/wp-content\/uploads\/2024\/10\/Reagents-Hero.png\" alt=\"Reagenzien Held\" itemprop=\"image\" height=\"449\" width=\"800\" onerror=\"this.style.display='none'\" loading=\"lazy\" \/>\r\n\t\t\t\t<img decoding=\"async\" src=\"https:\/\/www.metaflotech.com\/wp-content\/uploads\/2025\/02\/Mining-2.svg\" alt=\"Bergbau 2\" itemprop=\"image\" height=\"1861\" width=\"1718\" title=\"Bergbau 2\" onerror=\"this.style.display='none'\" loading=\"lazy\" \/>\r\n<h2>\r\n\t\t\tHerausforderungen\t<\/h2>\r\n\t<h3><strong>Stabilisierung von Transportwegen<\/strong><\/h3>\r\n\t\t\t <h4>Transportstra\u00dfen k\u00f6nnen durch die t\u00e4gliche Durchfahrt schwerer Fahrzeuge strukturelle Sch\u00e4den erleiden und m\u00fcssen daher h\u00e4ufig gewartet werden.<\/h4>\t\t\r\n\t<h3><strong>Staub in der Luft<\/strong><\/h3>\r\n\t\t\t <h4>Die durch den Bergbau verursachte \u00fcberm\u00e4\u00dfige Staubbelastung der Luft ist zunehmend zu einem Problem f\u00fcr Umwelt und Gesundheit geworden.<\/h4>\t\t\r\n\t\t\t <h4>Staub sch\u00e4digt die Umwelt, gef\u00e4hrdet die menschliche Gesundheit, wirkt sich negativ auf die Gemeinden aus und verringert die Produktivit\u00e4t der Unternehmen.<\/h4>\t\t\r\n\t\t\t <h4>Herk\u00f6mmliche Methoden zur Staubbek\u00e4mpfung erfordern in der Regel gro\u00dfe Mengen an Wasser, was sowohl logistisch als auch \u00f6kologisch kostspielig ist.<\/h4>\t\t\r\n\t\t\t\t<img decoding=\"async\" src=\"https:\/\/www.metaflotech.com\/wp-content\/uploads\/2025\/02\/Roads-3.svg\" alt=\"Stra\u00dfen 3\" itemprop=\"image\" height=\"843\" width=\"3859\" title=\"Stra\u00dfen 3\" onerror=\"this.style.display='none'\" loading=\"lazy\" \/>\r\n\t\t\t\t<a href=\"https:\/\/www.metaflotech.com\/de\/produkte\/biopolymere\/soiltech\/\"  target=\"_blank\" rel=\"noopener\"  itemprop=\"url\">\r\n\t\t\t\t<img decoding=\"async\" src=\"https:\/\/www.metaflotech.com\/wp-content\/uploads\/2025\/07\/Logo-3.svg\" alt=\"Logo\" itemprop=\"image\" height=\"100\" width=\"100\" title=\"Logo\" onerror=\"this.style.display='none'\" loading=\"lazy\" \/>\r\n\t\t\t\t<\/a>\r\n\t\t\t\t<a href=\"https:\/\/www.metaflotech.com\/de\/produkte\/biopolymere\/dustech\/\"  target=\"_blank\" rel=\"noopener\"  itemprop=\"url\">\r\n\t\t\t\t<img decoding=\"async\" src=\"https:\/\/www.metaflotech.com\/wp-content\/uploads\/2025\/07\/Logo-5.svg\" alt=\"Logo\" itemprop=\"image\" height=\"100\" width=\"100\" title=\"Logo\" onerror=\"this.style.display='none'\" loading=\"lazy\" \/>\r\n\t\t\t\t<\/a>\r\n\t\t\t\t<img decoding=\"async\" src=\"https:\/\/www.metaflotech.com\/wp-content\/uploads\/2025\/02\/Roads-2.svg\" alt=\"Stra\u00dfen 2\" itemprop=\"image\" height=\"1860\" width=\"1712\" title=\"Stra\u00dfen 2\" onerror=\"this.style.display='none'\" loading=\"lazy\" \/>\r\n<h2>\r\n\t\t\tMetaFLO-L\u00f6sung\t<\/h2>\r\n\t\t\t <h4>SoilTech wirkt als chemischer Stabilisator\/Bindemittel im Boden und f\u00fchrt zu einer erh\u00f6hten Massendichte, einer besseren Verdichtung, verbesserten mechanischen Eigenschaften, einer verbesserten Schichtstabilisierung und einer verbesserten Undurchl\u00e4ssigkeit.<\/h4>\t\t\r\n\t\t\t <h4>Einfache Anwendung durch Zugabe einer minimalen Dosierung zu Ihren vorhandenen Wasserfahrzeugen. Ben\u00f6tigt viel weniger Wasser als herk\u00f6mmliche Methoden.<\/h4>\t\t\r\n\t\t\t <h4>Umweltsicher und frei von chemischen Schadstoffen.<\/h4>\t\t\r\n\t\t\t\t<img decoding=\"async\" src=\"https:\/\/www.metaflotech.com\/wp-content\/uploads\/2024\/10\/Biopolymer-Hero-2.png\" alt=\"Biopolymer Held 2\" itemprop=\"image\" height=\"447\" width=\"800\" onerror=\"this.style.display='none'\" loading=\"lazy\" \/>\r\n<h2>\r\n\t\t\tHerausforderungen\t<\/h2>\r\n\t\t\t <h4>Verunreinigte Abw\u00e4sser aus dem Bergbau enthalten oft hohe Konzentrationen von Metallen und Kohlenwasserstoffen, was die Einhaltung von Vorschriften und die Umwelt vor Herausforderungen stellt.<\/h4>\t\t\r\n\t\t\t <h4>Verunreinigtes Abwasser, das m\u00f6glicherweise nicht den beh\u00f6rdlichen Vorschriften f\u00fcr die Einleitung oder Wiederverwendung entspricht.<\/h4>\t\t\r\n\t\t\t\t<img decoding=\"async\" src=\"https:\/\/www.metaflotech.com\/wp-content\/uploads\/2024\/11\/Fracking-Remediation.png\" alt=\"Fracking-Sanierung\" itemprop=\"image\" height=\"702\" width=\"728\" onerror=\"this.style.display='none'\" loading=\"lazy\" \/>\r\n\t\t\t\t<a href=\"https:\/\/www.metaflotech.com\/de\/produkte\/remtech\/\"  target=\"_blank\" rel=\"noopener\"  itemprop=\"url\">\r\n\t\t\t\t<img decoding=\"async\" src=\"https:\/\/www.metaflotech.com\/wp-content\/uploads\/2025\/07\/Logo.svg\" alt=\"Logo\" itemprop=\"image\" height=\"100\" width=\"100\" title=\"Logo\" onerror=\"this.style.display='none'\" loading=\"lazy\" \/>\r\n\t\t\t\t<\/a>\r\n<h2>\r\n\t\t\tMETAFLO-L\u00d6SUNG\t<\/h2>\r\n\t\t\t <h4>Biofreundliche L\u00f6sung aus Algen mit dem Potenzial zur gleichzeitigen Behandlung von Kohlenwasserstoffen und Metallen in kontaminiertem Wasser.<\/h4>\t\t\r\n\t\t\t <h4>Als Superoxidationsmittel wirkt Remtech schnell in der Reaktion und erm\u00f6glicht die Wiederverwendung des behandelten Wassers. Dar\u00fcber hinaus ist es frei von chemischen Verunreinigungen.<\/h4>\t\t\r\n\t\t\t <h4>Als Alkalisierungsmittel kann es im bestehenden Prozess eingesetzt und direkt ins Wasser dosiert werden, da es eine hohe L\u00f6slichkeit aufweist.<\/h4>\t\t\r\n\t\t\t\t<img decoding=\"async\" src=\"https:\/\/www.metaflotech.com\/wp-content\/uploads\/2025\/02\/Mining-5.svg\" alt=\"Bergbau 5\" itemprop=\"image\" height=\"847\" width=\"2960\" title=\"Bergbau 5\" onerror=\"this.style.display='none'\" loading=\"lazy\" \/>\r\n<h2>\r\n\t\t\tHerausforderungen\t<\/h2>\r\n\t<h3><strong>Steigerung der Ausbeute bei der Gewinnung von feuerfesten Erzen<\/strong><\/h3>\r\n\t\t\t <h4>Das Verfahren der Goldlaugung mit Zyanid ist bekannterma\u00dfen mit erheblichen Umwelt- und Gesundheitsproblemen verbunden. Die so genannte Goldzyanidierung wird zur Gewinnung von Gold aus Roherz aus dem Boden verwendet. Das Zyanid l\u00f6st das Gold im Erz auf und gewinnt es in fl\u00fcssiger Form.<\/h4>\t\t\r\n\t\t\t <h4>Das Gold wird behandelt, um das Zyanid zu entfernen, dem es ausgesetzt war, aber eine effiziente Gewinnung aus refrakt\u00e4ren Erzen ist schwieriger.<\/h4>\t\t\r\n\t<h2>\r\n\t\t\tMETAFLO-L\u00d6SUNG\t<\/h2>\r\n\t<h3><strong>ExtracTech ist ein umweltfreundliches Biopolymer-Additiv f\u00fcr den Goldgewinnungsprozess. Es wirkt als Zusatz zum Konzentrationsprozess und kann direkt in die Zyanidationstanks oder Laugungshaufen gegeben werden.<\/strong><\/h3>\r\n\t\t\t <h4>ExtracTech f\u00fchrt als Superoxidationsmittel chemische Reaktionen mit Metallen mit hohem ORP durch, wodurch das betreffende Metall leichter mit dem Cyanid im Auslaugungsprozess reagieren kann.<\/h4>\t\t\r\n\t\t\t <h4>Das Biopolymer erh\u00f6ht die Reaktionskinetik und f\u00f6rdert so einen effizienteren Metallgewinnungsprozess aus refrakt\u00e4rem Erz.<\/h4>\t\t\r\n\t\t\t <h4>Ohne zus\u00e4tzliche Ausr\u00fcstung erm\u00f6glicht es einen saubereren Prozess, bei dem Abg\u00e4nge mit geringerer Toxizit\u00e4t anfallen, und es reduziert den Zyanidverbrauch.<\/h4>\t\t\r\n\t\t\t\t<a href=\"https:\/\/www.metaflotech.com\/de\/produkte\/extractech\/\"  target=\"_blank\" rel=\"noopener\"  itemprop=\"url\">\r\n\t\t\t\t<img decoding=\"async\" src=\"https:\/\/www.metaflotech.com\/wp-content\/uploads\/2025\/07\/Logo-4.svg\" alt=\"Logo\" itemprop=\"image\" height=\"100\" width=\"100\" title=\"Logo\" onerror=\"this.style.display='none'\" loading=\"lazy\" \/>\r\n\t\t\t\t<\/a>\r\n\t\t\t\t<img decoding=\"async\" src=\"https:\/\/www.metaflotech.com\/wp-content\/uploads\/2024\/10\/Biopolymer-Hero.png\" alt=\"Biopolymer Held\" itemprop=\"image\" height=\"447\" width=\"800\" onerror=\"this.style.display='none'\" loading=\"lazy\" \/>\r\n<h2>\r\n\t\t\tFallstudien\t<\/h2>\r\n<h3>\r\n\t\t<a href=\"https:\/\/www.metaflotech.com\/wp-content\/uploads\/2024\/12\/MF006-Case-Study-4-English-MetaFLO-Technologies.pdf\" title=\"Nachhaltige Schlammverfestigung f\u00fcr entlegene Bergbaubetriebe\"  target=\"_self\">\r\n\t\t\tNachhaltige Schlammverfestigung f\u00fcr entlegene Bergbaubetriebe\t\t<\/a>\r\n\t<\/h3>\r\n\t<p>MetaFLO&#8217;s technology enables safe, cost-effective sludge disposal for Vale&#8217;s Northern Ontario operations, supporting sustainable mining practices in a challenging environment.<\/p>\r\n\t\t\t\t<img decoding=\"async\" src=\"https:\/\/www.metaflotech.com\/wp-content\/uploads\/2024\/10\/icon-transport-w.png\" alt=\"Symboltransport w\" itemprop=\"image\" height=\"311\" width=\"311\" title=\"Symboltransport w\" onerror=\"this.style.display='none'\" loading=\"lazy\" \/>\r\n\t<h3><b>Erhebliche Reduzierung der Transportkosten<\/b><\/h3>\r\n\t\t\t\t<img decoding=\"async\" src=\"https:\/\/www.metaflotech.com\/wp-content\/uploads\/2024\/10\/icon-ecology-w.png\" alt=\"Symbol \u00d6kologie w\" itemprop=\"image\" height=\"311\" width=\"311\" title=\"Symbol \u00d6kologie w\" onerror=\"this.style.display='none'\" loading=\"lazy\" \/>\r\n\t<h3><b>Minimierung von Umwelt- und Sicherheitsrisiken<\/b><\/h3>\r\n\t\t\t\t<img decoding=\"async\" src=\"https:\/\/www.metaflotech.com\/wp-content\/uploads\/2024\/10\/icon-savings-w.png\" alt=\"Symbol Einsparungen w\" itemprop=\"image\" height=\"311\" width=\"311\" title=\"Symbol Einsparungen w\" onerror=\"this.style.display='none'\" loading=\"lazy\" \/>\r\n\t<h3><b>Nachhaltige und effiziente Abfallwirtschaft<\/b><\/h3>","protected":false},"excerpt":{"rendered":"<p>Mining Challenges Mining companies face a number challenges in their operations including: Contaminated water treatment. Access and haul road maintenance. Dust control. Increasing yields from refractory ore bodies without large capital expenditures. Responsible management of cyanide and other chemicals. Solidification of large volumes of sludges and slurries. Creating beneficial re-use for sterile waste material. Wet&hellip;<\/p>","protected":false},"author":1,"featured_media":0,"parent":120582,"menu_order":0,"comment_status":"closed","ping_status":"closed","template":"","meta":{"_acf_changed":false,"inline_featured_image":false,"footnotes":""},"class_list":["post-120698","page","type-page","status-publish","hentry"],"acf":[],"yoast_head":"<!-- This site is optimized with the Yoast SEO plugin v27.5 - https:\/\/yoast.com\/product\/yoast-seo-wordpress\/ -->\n<title>Mining Solutions for Haul Roads, Metal Recovery and Dust Control | MetaFLO Technologies<\/title>\n<meta name=\"description\" content=\"MetaFLO provides sustainable polymer and biopolymer solutions for mining, supporting haul road stabilization, dust suppression, metal recovery and liquid waste management.\" \/>\n<meta name=\"robots\" content=\"index, follow, max-snippet:-1, max-image-preview:large, max-video-preview:-1\" \/>\n<link rel=\"canonical\" href=\"https:\/\/www.metaflotech.com\/de\/branchen\/bergbau\/\" \/>\n<meta property=\"og:locale\" content=\"de_DE\" \/>\n<meta property=\"og:type\" content=\"article\" \/>\n<meta property=\"og:title\" content=\"Mining Solutions for Haul Roads, Metal Recovery and Dust Control | MetaFLO Technologies\" \/>\n<meta property=\"og:description\" content=\"MetaFLO provides sustainable polymer and biopolymer solutions for mining, supporting haul road stabilization, dust suppression, metal recovery and liquid waste management.\" \/>\n<meta property=\"og:url\" content=\"https:\/\/www.metaflotech.com\/de\/branchen\/bergbau\/\" \/>\n<meta property=\"og:site_name\" content=\"MetaFLO Technologies\" \/>\n<meta property=\"article:publisher\" content=\"https:\/\/www.facebook.com\/MetaFLOTechnologies\/\" \/>\n<meta property=\"article:modified_time\" content=\"2026-03-12T13:20:36+00:00\" \/>\n<meta property=\"og:image\" content=\"https:\/\/www.metaflotech.com\/wp-content\/uploads\/2025\/02\/Mining-1.svg\" \/>\n<meta name=\"twitter:card\" content=\"summary_large_image\" \/>\n<meta name=\"twitter:site\" content=\"@metaflo\" \/>\n<meta name=\"twitter:label1\" content=\"Gesch\u00e4tzte Lesezeit\" \/>\n\t<meta name=\"twitter:data1\" content=\"7\u00a0Minuten\" \/>\n<script type=\"application\/ld+json\" class=\"yoast-schema-graph\">{\"@context\":\"https:\\\/\\\/schema.org\",\"@graph\":[{\"@type\":\"WebPage\",\"@id\":\"https:\\\/\\\/www.metaflotech.com\\\/de\\\/industries\\\/mining\\\/\",\"url\":\"https:\\\/\\\/www.metaflotech.com\\\/de\\\/industries\\\/mining\\\/\",\"name\":\"Mining Solutions for Haul Roads, Metal Recovery and Dust Control | MetaFLO Technologies\",\"isPartOf\":{\"@id\":\"https:\\\/\\\/www.metaflotech.com\\\/de\\\/#website\"},\"primaryImageOfPage\":{\"@id\":\"https:\\\/\\\/www.metaflotech.com\\\/de\\\/industries\\\/mining\\\/#primaryimage\"},\"image\":{\"@id\":\"https:\\\/\\\/www.metaflotech.com\\\/de\\\/industries\\\/mining\\\/#primaryimage\"},\"thumbnailUrl\":\"https:\\\/\\\/www.metaflotech.com\\\/wp-content\\\/uploads\\\/2025\\\/02\\\/Mining-1.svg\",\"datePublished\":\"2024-12-25T09:50:31+00:00\",\"dateModified\":\"2026-03-12T13:20:36+00:00\",\"description\":\"MetaFLO provides sustainable polymer and biopolymer solutions for mining, supporting haul road stabilization, dust suppression, metal recovery and liquid waste management.\",\"breadcrumb\":{\"@id\":\"https:\\\/\\\/www.metaflotech.com\\\/de\\\/industries\\\/mining\\\/#breadcrumb\"},\"inLanguage\":\"de\",\"potentialAction\":[{\"@type\":\"ReadAction\",\"target\":[\"https:\\\/\\\/www.metaflotech.com\\\/de\\\/industries\\\/mining\\\/\"]}]},{\"@type\":\"ImageObject\",\"inLanguage\":\"de\",\"@id\":\"https:\\\/\\\/www.metaflotech.com\\\/de\\\/industries\\\/mining\\\/#primaryimage\",\"url\":\"https:\\\/\\\/www.metaflotech.com\\\/wp-content\\\/uploads\\\/2025\\\/02\\\/Mining-1.svg\",\"contentUrl\":\"https:\\\/\\\/www.metaflotech.com\\\/wp-content\\\/uploads\\\/2025\\\/02\\\/Mining-1.svg\"},{\"@type\":\"BreadcrumbList\",\"@id\":\"https:\\\/\\\/www.metaflotech.com\\\/de\\\/industries\\\/mining\\\/#breadcrumb\",\"itemListElement\":[{\"@type\":\"ListItem\",\"position\":1,\"name\":\"Home\",\"item\":\"https:\\\/\\\/www.metaflotech.com\\\/\"},{\"@type\":\"ListItem\",\"position\":2,\"name\":\"Industries\",\"item\":\"https:\\\/\\\/www.metaflotech.com\\\/industries\\\/\"},{\"@type\":\"ListItem\",\"position\":3,\"name\":\"Mining Solutions for Haul Roads, Metal Recovery and Dust Control\"}]},{\"@type\":\"WebSite\",\"@id\":\"https:\\\/\\\/www.metaflotech.com\\\/de\\\/#website\",\"url\":\"https:\\\/\\\/www.metaflotech.com\\\/de\\\/\",\"name\":\"MetaFLO Technologies\",\"description\":\"Engineered Polymer Solutions For Industrial Applications\",\"potentialAction\":[{\"@type\":\"SearchAction\",\"target\":{\"@type\":\"EntryPoint\",\"urlTemplate\":\"https:\\\/\\\/www.metaflotech.com\\\/de\\\/?s={search_term_string}\"},\"query-input\":{\"@type\":\"PropertyValueSpecification\",\"valueRequired\":true,\"valueName\":\"search_term_string\"}}],\"inLanguage\":\"de\"}]}<\/script>\n<!-- \/ Yoast SEO plugin. -->","yoast_head_json":{"title":"Mining Solutions for Haul Roads, Metal Recovery and Dust Control | MetaFLO Technologies","description":"MetaFLO provides sustainable polymer and biopolymer solutions for mining, supporting haul road stabilization, dust suppression, metal recovery and liquid waste management.","robots":{"index":"index","follow":"follow","max-snippet":"max-snippet:-1","max-image-preview":"max-image-preview:large","max-video-preview":"max-video-preview:-1"},"canonical":"https:\/\/www.metaflotech.com\/de\/branchen\/bergbau\/","og_locale":"de_DE","og_type":"article","og_title":"Mining Solutions for Haul Roads, Metal Recovery and Dust Control | MetaFLO Technologies","og_description":"MetaFLO provides sustainable polymer and biopolymer solutions for mining, supporting haul road stabilization, dust suppression, metal recovery and liquid waste management.","og_url":"https:\/\/www.metaflotech.com\/de\/branchen\/bergbau\/","og_site_name":"MetaFLO Technologies","article_publisher":"https:\/\/www.facebook.com\/MetaFLOTechnologies\/","article_modified_time":"2026-03-12T13:20:36+00:00","og_image":[{"url":"https:\/\/www.metaflotech.com\/wp-content\/uploads\/2025\/02\/Mining-1.svg","type":"","width":"","height":""}],"twitter_card":"summary_large_image","twitter_site":"@metaflo","twitter_misc":{"Gesch\u00e4tzte Lesezeit":"7\u00a0Minuten"},"schema":{"@context":"https:\/\/schema.org","@graph":[{"@type":"WebPage","@id":"https:\/\/www.metaflotech.com\/de\/industries\/mining\/","url":"https:\/\/www.metaflotech.com\/de\/industries\/mining\/","name":"Mining Solutions for Haul Roads, Metal Recovery and Dust Control | MetaFLO Technologies","isPartOf":{"@id":"https:\/\/www.metaflotech.com\/de\/#website"},"primaryImageOfPage":{"@id":"https:\/\/www.metaflotech.com\/de\/industries\/mining\/#primaryimage"},"image":{"@id":"https:\/\/www.metaflotech.com\/de\/industries\/mining\/#primaryimage"},"thumbnailUrl":"https:\/\/www.metaflotech.com\/wp-content\/uploads\/2025\/02\/Mining-1.svg","datePublished":"2024-12-25T09:50:31+00:00","dateModified":"2026-03-12T13:20:36+00:00","description":"MetaFLO provides sustainable polymer and biopolymer solutions for mining, supporting haul road stabilization, dust suppression, metal recovery and liquid waste management.","breadcrumb":{"@id":"https:\/\/www.metaflotech.com\/de\/industries\/mining\/#breadcrumb"},"inLanguage":"de","potentialAction":[{"@type":"ReadAction","target":["https:\/\/www.metaflotech.com\/de\/industries\/mining\/"]}]},{"@type":"ImageObject","inLanguage":"de","@id":"https:\/\/www.metaflotech.com\/de\/industries\/mining\/#primaryimage","url":"https:\/\/www.metaflotech.com\/wp-content\/uploads\/2025\/02\/Mining-1.svg","contentUrl":"https:\/\/www.metaflotech.com\/wp-content\/uploads\/2025\/02\/Mining-1.svg"},{"@type":"BreadcrumbList","@id":"https:\/\/www.metaflotech.com\/de\/industries\/mining\/#breadcrumb","itemListElement":[{"@type":"ListItem","position":1,"name":"Home","item":"https:\/\/www.metaflotech.com\/"},{"@type":"ListItem","position":2,"name":"Industries","item":"https:\/\/www.metaflotech.com\/industries\/"},{"@type":"ListItem","position":3,"name":"Mining Solutions for Haul Roads, Metal Recovery and Dust Control"}]},{"@type":"WebSite","@id":"https:\/\/www.metaflotech.com\/de\/#website","url":"https:\/\/www.metaflotech.com\/de\/","name":"MetaFLO-Technologien","description":"Entwickelte Polymerl\u00f6sungen f\u00fcr industrielle Anwendungen","potentialAction":[{"@type":"SearchAction","target":{"@type":"EntryPoint","urlTemplate":"https:\/\/www.metaflotech.com\/de\/?s={search_term_string}"},"query-input":{"@type":"PropertyValueSpecification","valueRequired":true,"valueName":"search_term_string"}}],"inLanguage":"de"}]}},"_links":{"self":[{"href":"https:\/\/www.metaflotech.com\/de\/wp-json\/wp\/v2\/pages\/120698","targetHints":{"allow":["GET"]}}],"collection":[{"href":"https:\/\/www.metaflotech.com\/de\/wp-json\/wp\/v2\/pages"}],"about":[{"href":"https:\/\/www.metaflotech.com\/de\/wp-json\/wp\/v2\/types\/page"}],"author":[{"embeddable":true,"href":"https:\/\/www.metaflotech.com\/de\/wp-json\/wp\/v2\/users\/1"}],"replies":[{"embeddable":true,"href":"https:\/\/www.metaflotech.com\/de\/wp-json\/wp\/v2\/comments?post=120698"}],"version-history":[{"count":0,"href":"https:\/\/www.metaflotech.com\/de\/wp-json\/wp\/v2\/pages\/120698\/revisions"}],"up":[{"embeddable":true,"href":"https:\/\/www.metaflotech.com\/de\/wp-json\/wp\/v2\/pages\/120582"}],"wp:attachment":[{"href":"https:\/\/www.metaflotech.com\/de\/wp-json\/wp\/v2\/media?parent=120698"}],"curies":[{"name":"wp","href":"https:\/\/api.w.org\/{rel}","templated":true}]}}