{"id":120859,"date":"2024-12-25T10:20:54","date_gmt":"2024-12-25T10:20:54","guid":{"rendered":"https:\/\/www.metaflotech.com\/?page_id=120859"},"modified":"2026-03-12T13:19:01","modified_gmt":"2026-03-12T13:19:01","slug":"ol-und-gas","status":"publish","type":"page","link":"https:\/\/www.metaflotech.com\/de\/industries\/oil-and-gas\/","title":{"rendered":"Oil and Gas Wastewater Treatment and Hydrocarbon Removal"},"content":{"rendered":"<h1><strong>\u00d6l und Gas<\/strong><\/h1>\r\n\t\t\t\t<a href=\"https:\/\/www.metaflotech.com\/de\/produkte\/biopolymere\/remtech\/\"  target=\"_blank\" rel=\"noopener\"  itemprop=\"url\">\r\n\t\t\t\t<img decoding=\"async\" src=\"https:\/\/www.metaflotech.com\/wp-content\/uploads\/2025\/07\/Logo.svg\" alt=\"Logo\" itemprop=\"image\" height=\"100\" width=\"100\" title=\"Logo\" onerror=\"this.style.display='none'\" loading='lazy' \/>\r\n\t\t\t\t<\/a>\r\n<h2>\r\n\t\t\tHerausforderungen\t<\/h2>\r\n\t<h3><strong>Verseuchtes Wasser<\/strong><\/h3>\r\n\t\t\t <h4>Die Abw\u00e4sser k\u00f6nnen hohe Konzentrationen von Metallen und Kohlenwasserstoffen enthalten, was die Einhaltung der Vorschriften und den Umweltschutz erschwert.<\/h4>\t\t\r\n\t\t\t <h4>Abwasser\/Produktionswasser, erf\u00fcllt m\u00f6glicherweise nicht die beh\u00f6rdlichen Standards f\u00fcr die Einleitung oder Wiederverwendung.<\/h4>\t\t\r\n\t\t\t <h4>Herk\u00f6mmliche Behandlungen k\u00f6nnen nicht alle Metalle und Kohlenwasserstoffe beseitigen.<\/h4>\t\t\r\n\t<h3><strong>G\u00fclle<\/strong><\/h3>\r\n\t\t\t <h4>Fl\u00fcssige Abf\u00e4lle sind schwierig zu entsorgen, insbesondere \u00f6lhaltige Abf\u00e4lle, f\u00fcr deren Transport Spezialsauger erforderlich sind, was die Betriebskosten und die Komplexit\u00e4t erh\u00f6ht. <\/h4>\t\t\r\n\t\t\t\t<img decoding=\"async\" src=\"https:\/\/www.metaflotech.com\/wp-content\/uploads\/2025\/02\/Oil-Gas-1-1.svg\" alt=\"\u00d6l und Gas 1\" itemprop=\"image\" height=\"843\" width=\"3859\" title=\"\u00d6l und Gas 1\" onerror=\"this.style.display='none'\" loading='lazy' \/>\r\n<h2>\r\n\t\t\tMetaFLO-L\u00f6sung\t<\/h2>\r\n\t\t\t <h4><strong>Biofreundliche L\u00f6sung aus Algen mit dem Potenzial zur gleichzeitigen Behandlung von Kohlenwasserstoffen und Metallen in kontaminiertem Wasser.<\/strong><\/h4>\t\t\r\n\t\t\t <h4><strong>Als Superoxidationsmittel wirkt Remtech schnell in der Reaktion und erm\u00f6glicht die Wiederverwendung des behandelten Wassers.<\/strong><\/h4>\t\t\r\n\t\t\t <h4><strong>Als Alkalisierungsmittel kann es im bestehenden Prozess eingesetzt und direkt ins Wasser dosiert werden, da es eine hohe L\u00f6slichkeit aufweist.<\/strong><\/h4>\t\t\r\n\t\t\t <h4><strong>Umweltsicher und frei von chemischen Schadstoffen.<\/strong><\/h4>\t\t\r\n\t\t\t\t<img decoding=\"async\" src=\"https:\/\/www.metaflotech.com\/wp-content\/uploads\/2024\/11\/Fracking-Remediation.png\" alt=\"Fracking-Sanierung\" itemprop=\"image\" height=\"702\" width=\"728\" onerror=\"this.style.display='none'\" loading='lazy' \/>\r\n\t\t\t\t<a href=\"https:\/\/www.metaflotech.com\/de\/produkte\/erstarrungsreagenzien\/mf003\/\"  target=\"_blank\" rel=\"noopener\"  itemprop=\"url\">\r\n\t\t\t\t<img decoding=\"async\" src=\"https:\/\/www.metaflotech.com\/wp-content\/uploads\/2024\/03\/Logo-MF003.svg\" alt=\"Logo MF003\" itemprop=\"image\" height=\"100\" width=\"100\" title=\"Logo MF003\" onerror=\"this.style.display='none'\" loading='lazy' \/>\r\n\t\t\t\t<\/a>\r\n\t\t\t\t<a href=\"https:\/\/www.metaflotech.com\/de\/produkte\/erstarrungsreagenzien\/mf006\/\"  target=\"_blank\" rel=\"noopener\"  itemprop=\"url\">\r\n\t\t\t\t<img decoding=\"async\" src=\"https:\/\/www.metaflotech.com\/wp-content\/uploads\/2024\/03\/Logo-MF006.svg\" alt=\"Logo MF006\" itemprop=\"image\" height=\"100\" width=\"100\" title=\"Logo MF006\" onerror=\"this.style.display='none'\" loading='lazy' \/>\r\n\t\t\t\t<\/a>\r\n\t\t\t\t<a href=\"https:\/\/www.metaflotech.com\/de\/produkte\/erstarrungsreagenzien\/mf008\/\"  target=\"_blank\" rel=\"noopener\"  itemprop=\"url\">\r\n\t\t\t\t<img decoding=\"async\" src=\"https:\/\/www.metaflotech.com\/wp-content\/uploads\/2024\/03\/Logo-MF008.svg\" alt=\"Logo MF008\" itemprop=\"image\" height=\"100\" width=\"100\" title=\"Logo MF008\" onerror=\"this.style.display='none'\" loading='lazy' \/>\r\n\t\t\t\t<\/a>\r\n\t\t\t\t<img decoding=\"async\" src=\"https:\/\/www.metaflotech.com\/wp-content\/uploads\/2025\/02\/Oil-Gas-2-1.svg\" alt=\"\u00d6l und Gas 2\" itemprop=\"image\" height=\"1860\" width=\"1717\" title=\"\u00d6l und Gas 2\" onerror=\"this.style.display='none'\" loading='lazy' \/>\r\n<h2>\r\n\t\t\tMetaFLO-L\u00f6sung\t<\/h2>\r\n\t\t\t <h4><strong>Ungiftiges, inertes Verfestigungsreagenz absorbiert schnell Wasser, \u00d6l und Fett, um den Schlamm vor Ort &lt; 1 Stunde zu verfestigen.<\/strong><\/h4>\t\t\r\n\t\t\t <h4><strong>Sobald der Abfall verfestigt ist, kann er den Lackfiltertest (PFT) bestehen.<\/strong><\/h4>\t\t\r\n\t\t\t <h4><strong>Der verfestigte Schlamm wird direkt zur Endlagerst\u00e4tte transportiert, wodurch die Transport- und Entsorgungskosten gesenkt und gleichzeitig die Sicherheit und die Einhaltung der Vorschriften verbessert werden.<\/strong><\/h4>\t\t\r\n\t\t\t\t<img decoding=\"async\" src=\"https:\/\/www.metaflotech.com\/wp-content\/uploads\/2024\/10\/Reagents-Hero.png\" alt=\"Reagenzien Held\" itemprop=\"image\" height=\"449\" width=\"800\" onerror=\"this.style.display='none'\" loading='lazy' \/>\r\n<h2>\r\n\t\t\tFallstudien\t<\/h2>\r\n<h3>\r\n\t\t<a href=\"https:\/\/www.metaflotech.com\/wp-content\/uploads\/2025\/07\/RemTech-Case-Study-2-English-MetaFLO-Technologies.pdf\" title=\"RemTech behandelt Kohlenwasserstoffe f\u00fcr industrielle Erd\u00f6labw\u00e4sser\"  target=\"_self\">\r\n\t\t\tRemTech behandelt Kohlenwasserstoffe f\u00fcr industrielle Erd\u00f6labw\u00e4sser\t\t<\/a>\r\n\t<\/h3>\r\n\t<p>MetaFLO&#8217;s study reveals unmatched cost savings, productivity gains, and environmental benefits for treating hydrocarbons on an effluent.<\/p>\r\n\t\t\t\t<img decoding=\"async\" src=\"https:\/\/www.metaflotech.com\/wp-content\/uploads\/2024\/10\/icon-transport-w.png\" alt=\"Symboltransport w\" itemprop=\"image\" height=\"311\" width=\"311\" title=\"Symboltransport w\" onerror=\"this.style.display='none'\" loading='lazy' \/>\r\n\t<h3><b>Erhebliche Reduzierung der Transportkosten<\/b><\/h3>\r\n\t\t\t\t<img decoding=\"async\" src=\"https:\/\/www.metaflotech.com\/wp-content\/uploads\/2024\/10\/icon-ecology-w.png\" alt=\"Symbol \u00d6kologie w\" itemprop=\"image\" height=\"311\" width=\"311\" title=\"Symbol \u00d6kologie w\" onerror=\"this.style.display='none'\" loading='lazy' \/>\r\n\t<h3><b>Minimierung von Umwelt- und Sicherheitsrisiken<\/b><\/h3>\r\n\t\t\t\t<img decoding=\"async\" src=\"https:\/\/www.metaflotech.com\/wp-content\/uploads\/2024\/10\/icon-savings-w.png\" alt=\"Symbol Einsparungen w\" itemprop=\"image\" height=\"311\" width=\"311\" title=\"Symbol Einsparungen w\" onerror=\"this.style.display='none'\" loading='lazy' \/>\r\n\t<h3><b>Nachhaltige und effiziente Abfallwirtschaft<\/b><\/h3>","protected":false},"excerpt":{"rendered":"<p>Oil &amp; Gas Challenges Contaminated Water Effluents may contain high concentrations of metals and hydrocarbons, posing compliance and environmental challenges. Wastewater \/ Produced water, may not meet regulatory standards for discharge or reuse. Traditional treatments may not eliminate all metals and hydrocarbons. Slurry Liquid waste is difficult to dispose of, especially oil-based waste, requiring specialized&hellip;<\/p>","protected":false},"author":1,"featured_media":0,"parent":120582,"menu_order":0,"comment_status":"closed","ping_status":"closed","template":"","meta":{"_acf_changed":false,"inline_featured_image":false,"footnotes":""},"class_list":["post-120859","page","type-page","status-publish","hentry"],"acf":[],"yoast_head":"<!-- This site is optimized with the Yoast SEO plugin v27.4 - https:\/\/yoast.com\/product\/yoast-seo-wordpress\/ -->\n<title>Oil and Gas Wastewater Treatment and Hydrocarbon Removal | MetaFLO Technologies<\/title>\n<meta name=\"description\" content=\"Sustainable solutions for oil and gas wastewater and produced water treatment, removing hydrocarbons and metals while improving environmental compliance.\" \/>\n<meta name=\"robots\" content=\"index, follow, max-snippet:-1, max-image-preview:large, max-video-preview:-1\" \/>\n<link rel=\"canonical\" href=\"https:\/\/www.metaflotech.com\/de\/branchen\/ol-und-gas\/\" \/>\n<meta property=\"og:locale\" content=\"de_DE\" \/>\n<meta property=\"og:type\" content=\"article\" \/>\n<meta property=\"og:title\" content=\"Oil and Gas Wastewater Treatment and Hydrocarbon Removal | MetaFLO Technologies\" \/>\n<meta property=\"og:description\" content=\"Sustainable solutions for oil and gas wastewater and produced water treatment, removing hydrocarbons and metals while improving environmental compliance.\" \/>\n<meta property=\"og:url\" content=\"https:\/\/www.metaflotech.com\/de\/branchen\/ol-und-gas\/\" \/>\n<meta property=\"og:site_name\" content=\"MetaFLO Technologies\" \/>\n<meta property=\"article:publisher\" content=\"https:\/\/www.facebook.com\/MetaFLOTechnologies\/\" \/>\n<meta property=\"article:modified_time\" content=\"2026-03-12T13:19:01+00:00\" \/>\n<meta property=\"og:image\" content=\"https:\/\/www.metaflotech.com\/wp-content\/uploads\/2025\/07\/Logo.svg\" \/>\n<meta name=\"twitter:card\" content=\"summary_large_image\" \/>\n<meta name=\"twitter:site\" content=\"@metaflo\" \/>\n<meta name=\"twitter:label1\" content=\"Gesch\u00e4tzte Lesezeit\" \/>\n\t<meta name=\"twitter:data1\" content=\"4\u00a0Minuten\" \/>\n<script type=\"application\/ld+json\" class=\"yoast-schema-graph\">{\"@context\":\"https:\\\/\\\/schema.org\",\"@graph\":[{\"@type\":\"WebPage\",\"@id\":\"https:\\\/\\\/www.metaflotech.com\\\/de\\\/industries\\\/oil-and-gas\\\/\",\"url\":\"https:\\\/\\\/www.metaflotech.com\\\/de\\\/industries\\\/oil-and-gas\\\/\",\"name\":\"Oil and Gas Wastewater Treatment and Hydrocarbon Removal | MetaFLO Technologies\",\"isPartOf\":{\"@id\":\"https:\\\/\\\/www.metaflotech.com\\\/de\\\/#website\"},\"primaryImageOfPage\":{\"@id\":\"https:\\\/\\\/www.metaflotech.com\\\/de\\\/industries\\\/oil-and-gas\\\/#primaryimage\"},\"image\":{\"@id\":\"https:\\\/\\\/www.metaflotech.com\\\/de\\\/industries\\\/oil-and-gas\\\/#primaryimage\"},\"thumbnailUrl\":\"https:\\\/\\\/www.metaflotech.com\\\/wp-content\\\/uploads\\\/2025\\\/07\\\/Logo.svg\",\"datePublished\":\"2024-12-25T10:20:54+00:00\",\"dateModified\":\"2026-03-12T13:19:01+00:00\",\"description\":\"Sustainable solutions for oil and gas wastewater and produced water treatment, removing hydrocarbons and metals while improving environmental compliance.\",\"breadcrumb\":{\"@id\":\"https:\\\/\\\/www.metaflotech.com\\\/de\\\/industries\\\/oil-and-gas\\\/#breadcrumb\"},\"inLanguage\":\"de\",\"potentialAction\":[{\"@type\":\"ReadAction\",\"target\":[\"https:\\\/\\\/www.metaflotech.com\\\/de\\\/industries\\\/oil-and-gas\\\/\"]}]},{\"@type\":\"ImageObject\",\"inLanguage\":\"de\",\"@id\":\"https:\\\/\\\/www.metaflotech.com\\\/de\\\/industries\\\/oil-and-gas\\\/#primaryimage\",\"url\":\"https:\\\/\\\/www.metaflotech.com\\\/wp-content\\\/uploads\\\/2025\\\/07\\\/Logo.svg\",\"contentUrl\":\"https:\\\/\\\/www.metaflotech.com\\\/wp-content\\\/uploads\\\/2025\\\/07\\\/Logo.svg\"},{\"@type\":\"BreadcrumbList\",\"@id\":\"https:\\\/\\\/www.metaflotech.com\\\/de\\\/industries\\\/oil-and-gas\\\/#breadcrumb\",\"itemListElement\":[{\"@type\":\"ListItem\",\"position\":1,\"name\":\"Home\",\"item\":\"https:\\\/\\\/www.metaflotech.com\\\/\"},{\"@type\":\"ListItem\",\"position\":2,\"name\":\"Industries\",\"item\":\"https:\\\/\\\/www.metaflotech.com\\\/industries\\\/\"},{\"@type\":\"ListItem\",\"position\":3,\"name\":\"Oil and Gas Wastewater Treatment and Hydrocarbon Removal\"}]},{\"@type\":\"WebSite\",\"@id\":\"https:\\\/\\\/www.metaflotech.com\\\/de\\\/#website\",\"url\":\"https:\\\/\\\/www.metaflotech.com\\\/de\\\/\",\"name\":\"MetaFLO Technologies\",\"description\":\"Engineered Polymer Solutions For Industrial Applications\",\"potentialAction\":[{\"@type\":\"SearchAction\",\"target\":{\"@type\":\"EntryPoint\",\"urlTemplate\":\"https:\\\/\\\/www.metaflotech.com\\\/de\\\/?s={search_term_string}\"},\"query-input\":{\"@type\":\"PropertyValueSpecification\",\"valueRequired\":true,\"valueName\":\"search_term_string\"}}],\"inLanguage\":\"de\"}]}<\/script>\n<!-- \/ Yoast SEO plugin. -->","yoast_head_json":{"title":"Oil and Gas Wastewater Treatment and Hydrocarbon Removal | MetaFLO Technologies","description":"Sustainable solutions for oil and gas wastewater and produced water treatment, removing hydrocarbons and metals while improving environmental compliance.","robots":{"index":"index","follow":"follow","max-snippet":"max-snippet:-1","max-image-preview":"max-image-preview:large","max-video-preview":"max-video-preview:-1"},"canonical":"https:\/\/www.metaflotech.com\/de\/branchen\/ol-und-gas\/","og_locale":"de_DE","og_type":"article","og_title":"Oil and Gas Wastewater Treatment and Hydrocarbon Removal | MetaFLO Technologies","og_description":"Sustainable solutions for oil and gas wastewater and produced water treatment, removing hydrocarbons and metals while improving environmental compliance.","og_url":"https:\/\/www.metaflotech.com\/de\/branchen\/ol-und-gas\/","og_site_name":"MetaFLO Technologies","article_publisher":"https:\/\/www.facebook.com\/MetaFLOTechnologies\/","article_modified_time":"2026-03-12T13:19:01+00:00","og_image":[{"url":"https:\/\/www.metaflotech.com\/wp-content\/uploads\/2025\/07\/Logo.svg","type":"","width":"","height":""}],"twitter_card":"summary_large_image","twitter_site":"@metaflo","twitter_misc":{"Gesch\u00e4tzte Lesezeit":"4\u00a0Minuten"},"schema":{"@context":"https:\/\/schema.org","@graph":[{"@type":"WebPage","@id":"https:\/\/www.metaflotech.com\/de\/industries\/oil-and-gas\/","url":"https:\/\/www.metaflotech.com\/de\/industries\/oil-and-gas\/","name":"Oil and Gas Wastewater Treatment and Hydrocarbon Removal | MetaFLO Technologies","isPartOf":{"@id":"https:\/\/www.metaflotech.com\/de\/#website"},"primaryImageOfPage":{"@id":"https:\/\/www.metaflotech.com\/de\/industries\/oil-and-gas\/#primaryimage"},"image":{"@id":"https:\/\/www.metaflotech.com\/de\/industries\/oil-and-gas\/#primaryimage"},"thumbnailUrl":"https:\/\/www.metaflotech.com\/wp-content\/uploads\/2025\/07\/Logo.svg","datePublished":"2024-12-25T10:20:54+00:00","dateModified":"2026-03-12T13:19:01+00:00","description":"Sustainable solutions for oil and gas wastewater and produced water treatment, removing hydrocarbons and metals while improving environmental compliance.","breadcrumb":{"@id":"https:\/\/www.metaflotech.com\/de\/industries\/oil-and-gas\/#breadcrumb"},"inLanguage":"de","potentialAction":[{"@type":"ReadAction","target":["https:\/\/www.metaflotech.com\/de\/industries\/oil-and-gas\/"]}]},{"@type":"ImageObject","inLanguage":"de","@id":"https:\/\/www.metaflotech.com\/de\/industries\/oil-and-gas\/#primaryimage","url":"https:\/\/www.metaflotech.com\/wp-content\/uploads\/2025\/07\/Logo.svg","contentUrl":"https:\/\/www.metaflotech.com\/wp-content\/uploads\/2025\/07\/Logo.svg"},{"@type":"BreadcrumbList","@id":"https:\/\/www.metaflotech.com\/de\/industries\/oil-and-gas\/#breadcrumb","itemListElement":[{"@type":"ListItem","position":1,"name":"Home","item":"https:\/\/www.metaflotech.com\/"},{"@type":"ListItem","position":2,"name":"Industries","item":"https:\/\/www.metaflotech.com\/industries\/"},{"@type":"ListItem","position":3,"name":"Oil and Gas Wastewater Treatment and Hydrocarbon Removal"}]},{"@type":"WebSite","@id":"https:\/\/www.metaflotech.com\/de\/#website","url":"https:\/\/www.metaflotech.com\/de\/","name":"MetaFLO-Technologien","description":"Entwickelte Polymerl\u00f6sungen f\u00fcr industrielle Anwendungen","potentialAction":[{"@type":"SearchAction","target":{"@type":"EntryPoint","urlTemplate":"https:\/\/www.metaflotech.com\/de\/?s={search_term_string}"},"query-input":{"@type":"PropertyValueSpecification","valueRequired":true,"valueName":"search_term_string"}}],"inLanguage":"de"}]}},"_links":{"self":[{"href":"https:\/\/www.metaflotech.com\/de\/wp-json\/wp\/v2\/pages\/120859","targetHints":{"allow":["GET"]}}],"collection":[{"href":"https:\/\/www.metaflotech.com\/de\/wp-json\/wp\/v2\/pages"}],"about":[{"href":"https:\/\/www.metaflotech.com\/de\/wp-json\/wp\/v2\/types\/page"}],"author":[{"embeddable":true,"href":"https:\/\/www.metaflotech.com\/de\/wp-json\/wp\/v2\/users\/1"}],"replies":[{"embeddable":true,"href":"https:\/\/www.metaflotech.com\/de\/wp-json\/wp\/v2\/comments?post=120859"}],"version-history":[{"count":0,"href":"https:\/\/www.metaflotech.com\/de\/wp-json\/wp\/v2\/pages\/120859\/revisions"}],"up":[{"embeddable":true,"href":"https:\/\/www.metaflotech.com\/de\/wp-json\/wp\/v2\/pages\/120582"}],"wp:attachment":[{"href":"https:\/\/www.metaflotech.com\/de\/wp-json\/wp\/v2\/media?parent=120859"}],"curies":[{"name":"wp","href":"https:\/\/api.w.org\/{rel}","templated":true}]}}