{"id":120990,"date":"2024-12-25T10:46:43","date_gmt":"2024-12-25T10:46:43","guid":{"rendered":"https:\/\/www.metaflotech.com\/?page_id=120990"},"modified":"2026-03-12T13:18:12","modified_gmt":"2026-03-12T13:18:12","slug":"strasen","status":"publish","type":"page","link":"https:\/\/www.metaflotech.com\/de\/industries\/roads\/","title":{"rendered":"Soil Stabilization and Dust Control for Strong Roads"},"content":{"rendered":"<h1><strong>Stra\u00dfen<\/strong><\/h1>\r\n<h2>\r\n\t\t\tHerausforderungen\t<\/h2>\r\n\t<h3><b>Stabilisierung von Stra\u00dfen<br \/>\r\n<\/b><\/h3>\r\n\t\t\t <h4>Bei starken Regenf\u00e4llen und hohem Verkehrsaufkommen kommt es zu Erosions- und Setzungsprozessen des stabilisierten Materials in diesem Abschnitt. Infolgedessen wird der Stra\u00dfenunterbau beeintr\u00e4chtigt, was die Tragf\u00e4higkeit der Stra\u00dfe verringert, ihren Verfall beschleunigt, ihre Nutzungsdauer verk\u00fcrzt und zu einem erheblichen Anstieg der Instandhaltungskosten f\u00fchrt.<\/h4>\t\t\r\n\t\t\t <h4>Die traditionelle Planumsregulierung erfordert oft gro\u00dfe Wassermengen und hohe Betriebskosten.<\/h4>\t\t\r\n\t\t\t <h4>Schotterstra\u00dfen sind sehr anf\u00e4llig f\u00fcr strukturelle Sch\u00e4den durch Erosion, die durch Regenf\u00e4lle, flie\u00dfendes Wasser und Wind verursacht wird, so dass sie h\u00e4ufig gewartet werden m\u00fcssen und in einigen F\u00e4llen nicht asphaltiert werden k\u00f6nnen.<\/h4>\t\t\r\n\t\t\t\t<img decoding=\"async\" src=\"https:\/\/www.metaflotech.com\/wp-content\/uploads\/2025\/02\/Roads-1.svg\" alt=\"Stra\u00dfen 1\" itemprop=\"image\" height=\"845\" width=\"3859\" title=\"Stra\u00dfen 1\" onerror=\"this.style.display='none'\" loading='lazy' \/>\r\n<h2>\r\n\t\t\tMetaFLO-L\u00f6sung\t<\/h2>\r\n\t\t\t <h4>Die SoilTech-Bodenstabilisierung erh\u00f6ht die Massendichte und den CBR-Wert und erm\u00f6glicht eine bessere Verdichtung. Verbessert die mechanischen Eigenschaften des Bodens und die Schichtstabilisierung sowie die Wasserdurchl\u00e4ssigkeit.<\/h4>\t\t\r\n\t\t\t <h4>Einfache Anwendung durch Zugabe einer minimalen Dosierung zu Ihren vorhandenen Wasserfahrzeugen. Ben\u00f6tigt viel weniger Wasser als herk\u00f6mmliche Methoden.<\/h4>\t\t\r\n\t\t\t <h4>Umweltsicher und frei von chemischen Schadstoffen.<\/h4>\t\t\r\n\t\t\t\t<img decoding=\"async\" src=\"https:\/\/www.metaflotech.com\/wp-content\/uploads\/2024\/10\/Biopolymer-Hero-2.png\" alt=\"Biopolymer Held 2\" itemprop=\"image\" height=\"447\" width=\"800\" onerror=\"this.style.display='none'\" loading='lazy' \/>\r\n\t\t\t\t<a href=\"https:\/\/www.metaflotech.com\/de\/produkte\/biopolymere\/soiltech\/\"  target=\"_blank\" rel=\"noopener\"  itemprop=\"url\">\r\n\t\t\t\t<img decoding=\"async\" src=\"https:\/\/www.metaflotech.com\/wp-content\/uploads\/2025\/07\/Logo-3.svg\" alt=\"Logo\" itemprop=\"image\" height=\"100\" width=\"100\" title=\"Logo\" onerror=\"this.style.display='none'\" loading='lazy' \/>\r\n\t\t\t\t<\/a>\r\n<h2>\r\n\t\t\tHerausforderungen\t<\/h2>\r\n\t<h3><b>Staub in der Luft<br \/>\r\n<\/b><\/h3>\r\n\t\t\t <h4>Staub sch\u00e4digt die Umwelt, gef\u00e4hrdet die menschliche Gesundheit, wirkt sich negativ auf die Gemeinden aus und verringert die Produktivit\u00e4t der Unternehmen.<\/h4>\t\t\r\n\t\t\t <h4>Die feinen Partikel in unbefestigten Stra\u00dfen werden durch Bauarbeiten und den Verkehr in die Luft geschleudert, insbesondere bei trockenem Wetter. Dies f\u00fchrt zu Sichtproblemen f\u00fcr Autofahrer, Gesundheitsgefahren und Umweltverschmutzung.<\/h4>\t\t\r\n\t\t\t <h4>Herk\u00f6mmliche Methoden zur Staubbek\u00e4mpfung erfordern in der Regel gro\u00dfe Mengen an Wasser, was sowohl logistisch als auch \u00f6kologisch kostspielig ist.<\/h4>\t\t\r\n\t\t\t\t<img decoding=\"async\" src=\"https:\/\/www.metaflotech.com\/wp-content\/uploads\/2025\/02\/Roads-3.svg\" alt=\"Stra\u00dfen 3\" itemprop=\"image\" height=\"843\" width=\"3859\" title=\"Stra\u00dfen 3\" onerror=\"this.style.display='none'\" loading='lazy' \/>\r\n<h2>\r\n\t\t\tMetaFLO-L\u00f6sung\t<\/h2>\r\n\t\t\t <h4>DusTech ist ein wasserl\u00f6sliches Biopolymer, das direkt in einem Wasserfahrzeug verd\u00fcnnt wird und leicht vor Ort zur Staubbek\u00e4mpfung eingesetzt werden kann.<\/h4>\t\t\r\n\t\t\t <h4>Sorgt f\u00fcr eine st\u00e4rkere Verklumpung der Bodenpartikel und damit f\u00fcr weniger Staub.<br \/>50% weniger Wasser im Vergleich zu herk\u00f6mmlichen Methoden ben\u00f6tigt.<\/h4>\t\t\r\n\t\t\t <h4>Erh\u00f6ht die Verkehrssicherheit, verbessert die Sichtbarkeit des Verkehrs und die Luftqualit\u00e4t.<\/h4>\t\t\r\n\t\t\t <h4>Verbindet sich sofort mit dem Boden. Keine Notwendigkeit, Stra\u00dfen f\u00fcr l\u00e4ngere Zeit f\u00fcr den Verkehr zu sperren.<\/h4>\t\t\r\n\t\t\t <h4>Im Gegensatz zu herk\u00f6mmlichen chemischen Staubbindemitteln verringert DusTech den Reibungskoeffizienten nicht.<\/h4>\t\t\r\n\t\t\t\t<img decoding=\"async\" src=\"https:\/\/www.metaflotech.com\/wp-content\/uploads\/2025\/02\/Roads-4.svg\" alt=\"Stra\u00dfen 4\" itemprop=\"image\" height=\"1860\" width=\"1717\" title=\"Stra\u00dfen 4\" onerror=\"this.style.display='none'\" loading='lazy' \/>\r\n\t\t\t\t<a href=\"https:\/\/www.metaflotech.com\/de\/produkte\/biopolymere\/dustech\/\"  target=\"_blank\" rel=\"noopener\"  itemprop=\"url\">\r\n\t\t\t\t<img decoding=\"async\" src=\"https:\/\/www.metaflotech.com\/wp-content\/uploads\/2025\/07\/Logo-5.svg\" alt=\"Logo\" itemprop=\"image\" height=\"100\" width=\"100\" title=\"Logo\" onerror=\"this.style.display='none'\" loading='lazy' \/>\r\n\t\t\t\t<\/a>\r\n<h2>\r\n\t\t\tFallstudien\t<\/h2>\r\n<h3>\r\n\t\t<a href=\"https:\/\/www.metaflotech.com\/wp-content\/uploads\/2025\/07\/SoilTech-Case-Study-1-English-MetaFLO-Technologies.pdf\" title=\"SoilTech Powers Nachhaltige Fahrbahnstabilisierung\"  target=\"_self\">\r\n\t\t\tSoilTech Powers Nachhaltige Fahrbahnstabilisierung\t\t<\/a>\r\n\t<\/h3>\r\n\t<p>MetaFLO&#8217;s innovative stabilization solution provided essential cost savings, productivity gains, and environmental benefits to keep a large-scale roadway project on schedule and within budget.<\/p>\r\n\t\t\t\t<img decoding=\"async\" src=\"https:\/\/www.metaflotech.com\/wp-content\/uploads\/2024\/10\/icon-transport-w.png\" alt=\"Symboltransport w\" itemprop=\"image\" height=\"311\" width=\"311\" title=\"Symboltransport w\" onerror=\"this.style.display='none'\" loading='lazy' \/>\r\n\t<h3><b>Erhebliche Reduzierung der Transportkosten<\/b><\/h3>\r\n\t\t\t\t<img decoding=\"async\" src=\"https:\/\/www.metaflotech.com\/wp-content\/uploads\/2024\/10\/icon-ecology-w.png\" alt=\"Symbol \u00d6kologie w\" itemprop=\"image\" height=\"311\" width=\"311\" title=\"Symbol \u00d6kologie w\" onerror=\"this.style.display='none'\" loading='lazy' \/>\r\n\t<h3><b>Minimierung von Umwelt- und Sicherheitsrisiken<\/b><\/h3>\r\n\t\t\t\t<img decoding=\"async\" src=\"https:\/\/www.metaflotech.com\/wp-content\/uploads\/2024\/10\/icon-savings-w.png\" alt=\"Symbol Einsparungen w\" itemprop=\"image\" height=\"311\" width=\"311\" title=\"Symbol Einsparungen w\" onerror=\"this.style.display='none'\" loading='lazy' \/>\r\n\t<h3><b>Nachhaltige und effiziente Abfallwirtschaft<\/b><\/h3>","protected":false},"excerpt":{"rendered":"<p>Roads Challenges Road Stabilization With heavy rains and high traffic, the stabilized material in the section undergoes erosion and settlement processes. As a result, the road base is compromised, which reduces the load-bearing capacity of the road, accelerating its degradation, reducing its useful life and generating a significant increase in maintenance costs. Traditional subgrade regularization&hellip;<\/p>","protected":false},"author":1,"featured_media":0,"parent":120582,"menu_order":0,"comment_status":"closed","ping_status":"closed","template":"","meta":{"_acf_changed":false,"inline_featured_image":false,"footnotes":""},"class_list":["post-120990","page","type-page","status-publish","hentry"],"acf":[],"yoast_head":"<!-- This site is optimized with the Yoast SEO plugin v27.5 - https:\/\/yoast.com\/product\/yoast-seo-wordpress\/ -->\n<title>Soil Stabilization and Dust Control for Strong Roads | MetaFLO Technologies<\/title>\n<meta name=\"description\" content=\"Sustainable and environmentally safe solutions for soil stabilization and dust control on unpaved, gravel and haul roads.\" \/>\n<meta name=\"robots\" content=\"index, follow, max-snippet:-1, max-image-preview:large, max-video-preview:-1\" \/>\n<link rel=\"canonical\" href=\"https:\/\/www.metaflotech.com\/de\/branchen\/strasen\/\" \/>\n<meta property=\"og:locale\" content=\"de_DE\" \/>\n<meta property=\"og:type\" content=\"article\" \/>\n<meta property=\"og:title\" content=\"Soil Stabilization and Dust Control for Strong Roads | MetaFLO Technologies\" \/>\n<meta property=\"og:description\" content=\"Sustainable and environmentally safe solutions for soil stabilization and dust control on unpaved, gravel and haul roads.\" \/>\n<meta property=\"og:url\" content=\"https:\/\/www.metaflotech.com\/de\/branchen\/strasen\/\" \/>\n<meta property=\"og:site_name\" content=\"MetaFLO Technologies\" \/>\n<meta property=\"article:publisher\" content=\"https:\/\/www.facebook.com\/MetaFLOTechnologies\/\" \/>\n<meta property=\"article:modified_time\" content=\"2026-03-12T13:18:12+00:00\" \/>\n<meta property=\"og:image\" content=\"https:\/\/www.metaflotech.com\/wp-content\/uploads\/2025\/02\/Roads-1.svg\" \/>\n<meta name=\"twitter:card\" content=\"summary_large_image\" \/>\n<meta name=\"twitter:site\" content=\"@metaflo\" \/>\n<meta name=\"twitter:label1\" content=\"Gesch\u00e4tzte Lesezeit\" \/>\n\t<meta name=\"twitter:data1\" content=\"4\u00a0Minuten\" \/>\n<script type=\"application\/ld+json\" class=\"yoast-schema-graph\">{\"@context\":\"https:\\\/\\\/schema.org\",\"@graph\":[{\"@type\":\"WebPage\",\"@id\":\"https:\\\/\\\/www.metaflotech.com\\\/de\\\/industries\\\/roads\\\/\",\"url\":\"https:\\\/\\\/www.metaflotech.com\\\/de\\\/industries\\\/roads\\\/\",\"name\":\"Soil Stabilization and Dust Control for Strong Roads | MetaFLO Technologies\",\"isPartOf\":{\"@id\":\"https:\\\/\\\/www.metaflotech.com\\\/de\\\/#website\"},\"primaryImageOfPage\":{\"@id\":\"https:\\\/\\\/www.metaflotech.com\\\/de\\\/industries\\\/roads\\\/#primaryimage\"},\"image\":{\"@id\":\"https:\\\/\\\/www.metaflotech.com\\\/de\\\/industries\\\/roads\\\/#primaryimage\"},\"thumbnailUrl\":\"https:\\\/\\\/www.metaflotech.com\\\/wp-content\\\/uploads\\\/2025\\\/02\\\/Roads-1.svg\",\"datePublished\":\"2024-12-25T10:46:43+00:00\",\"dateModified\":\"2026-03-12T13:18:12+00:00\",\"description\":\"Sustainable and environmentally safe solutions for soil stabilization and dust control on unpaved, gravel and haul roads.\",\"breadcrumb\":{\"@id\":\"https:\\\/\\\/www.metaflotech.com\\\/de\\\/industries\\\/roads\\\/#breadcrumb\"},\"inLanguage\":\"de\",\"potentialAction\":[{\"@type\":\"ReadAction\",\"target\":[\"https:\\\/\\\/www.metaflotech.com\\\/de\\\/industries\\\/roads\\\/\"]}]},{\"@type\":\"ImageObject\",\"inLanguage\":\"de\",\"@id\":\"https:\\\/\\\/www.metaflotech.com\\\/de\\\/industries\\\/roads\\\/#primaryimage\",\"url\":\"https:\\\/\\\/www.metaflotech.com\\\/wp-content\\\/uploads\\\/2025\\\/02\\\/Roads-1.svg\",\"contentUrl\":\"https:\\\/\\\/www.metaflotech.com\\\/wp-content\\\/uploads\\\/2025\\\/02\\\/Roads-1.svg\"},{\"@type\":\"BreadcrumbList\",\"@id\":\"https:\\\/\\\/www.metaflotech.com\\\/de\\\/industries\\\/roads\\\/#breadcrumb\",\"itemListElement\":[{\"@type\":\"ListItem\",\"position\":1,\"name\":\"Home\",\"item\":\"https:\\\/\\\/www.metaflotech.com\\\/\"},{\"@type\":\"ListItem\",\"position\":2,\"name\":\"Industries\",\"item\":\"https:\\\/\\\/www.metaflotech.com\\\/industries\\\/\"},{\"@type\":\"ListItem\",\"position\":3,\"name\":\"Soil Stabilization and Dust Control for Strong Roads\"}]},{\"@type\":\"WebSite\",\"@id\":\"https:\\\/\\\/www.metaflotech.com\\\/de\\\/#website\",\"url\":\"https:\\\/\\\/www.metaflotech.com\\\/de\\\/\",\"name\":\"MetaFLO Technologies\",\"description\":\"Engineered Polymer Solutions For Industrial Applications\",\"potentialAction\":[{\"@type\":\"SearchAction\",\"target\":{\"@type\":\"EntryPoint\",\"urlTemplate\":\"https:\\\/\\\/www.metaflotech.com\\\/de\\\/?s={search_term_string}\"},\"query-input\":{\"@type\":\"PropertyValueSpecification\",\"valueRequired\":true,\"valueName\":\"search_term_string\"}}],\"inLanguage\":\"de\"}]}<\/script>\n<!-- \/ Yoast SEO plugin. -->","yoast_head_json":{"title":"Soil Stabilization and Dust Control for Strong Roads | MetaFLO Technologies","description":"Sustainable and environmentally safe solutions for soil stabilization and dust control on unpaved, gravel and haul roads.","robots":{"index":"index","follow":"follow","max-snippet":"max-snippet:-1","max-image-preview":"max-image-preview:large","max-video-preview":"max-video-preview:-1"},"canonical":"https:\/\/www.metaflotech.com\/de\/branchen\/strasen\/","og_locale":"de_DE","og_type":"article","og_title":"Soil Stabilization and Dust Control for Strong Roads | MetaFLO Technologies","og_description":"Sustainable and environmentally safe solutions for soil stabilization and dust control on unpaved, gravel and haul roads.","og_url":"https:\/\/www.metaflotech.com\/de\/branchen\/strasen\/","og_site_name":"MetaFLO Technologies","article_publisher":"https:\/\/www.facebook.com\/MetaFLOTechnologies\/","article_modified_time":"2026-03-12T13:18:12+00:00","og_image":[{"url":"https:\/\/www.metaflotech.com\/wp-content\/uploads\/2025\/02\/Roads-1.svg","type":"","width":"","height":""}],"twitter_card":"summary_large_image","twitter_site":"@metaflo","twitter_misc":{"Gesch\u00e4tzte Lesezeit":"4\u00a0Minuten"},"schema":{"@context":"https:\/\/schema.org","@graph":[{"@type":"WebPage","@id":"https:\/\/www.metaflotech.com\/de\/industries\/roads\/","url":"https:\/\/www.metaflotech.com\/de\/industries\/roads\/","name":"Soil Stabilization and Dust Control for Strong Roads | MetaFLO Technologies","isPartOf":{"@id":"https:\/\/www.metaflotech.com\/de\/#website"},"primaryImageOfPage":{"@id":"https:\/\/www.metaflotech.com\/de\/industries\/roads\/#primaryimage"},"image":{"@id":"https:\/\/www.metaflotech.com\/de\/industries\/roads\/#primaryimage"},"thumbnailUrl":"https:\/\/www.metaflotech.com\/wp-content\/uploads\/2025\/02\/Roads-1.svg","datePublished":"2024-12-25T10:46:43+00:00","dateModified":"2026-03-12T13:18:12+00:00","description":"Sustainable and environmentally safe solutions for soil stabilization and dust control on unpaved, gravel and haul roads.","breadcrumb":{"@id":"https:\/\/www.metaflotech.com\/de\/industries\/roads\/#breadcrumb"},"inLanguage":"de","potentialAction":[{"@type":"ReadAction","target":["https:\/\/www.metaflotech.com\/de\/industries\/roads\/"]}]},{"@type":"ImageObject","inLanguage":"de","@id":"https:\/\/www.metaflotech.com\/de\/industries\/roads\/#primaryimage","url":"https:\/\/www.metaflotech.com\/wp-content\/uploads\/2025\/02\/Roads-1.svg","contentUrl":"https:\/\/www.metaflotech.com\/wp-content\/uploads\/2025\/02\/Roads-1.svg"},{"@type":"BreadcrumbList","@id":"https:\/\/www.metaflotech.com\/de\/industries\/roads\/#breadcrumb","itemListElement":[{"@type":"ListItem","position":1,"name":"Home","item":"https:\/\/www.metaflotech.com\/"},{"@type":"ListItem","position":2,"name":"Industries","item":"https:\/\/www.metaflotech.com\/industries\/"},{"@type":"ListItem","position":3,"name":"Soil Stabilization and Dust Control for Strong Roads"}]},{"@type":"WebSite","@id":"https:\/\/www.metaflotech.com\/de\/#website","url":"https:\/\/www.metaflotech.com\/de\/","name":"MetaFLO-Technologien","description":"Entwickelte Polymerl\u00f6sungen f\u00fcr industrielle Anwendungen","potentialAction":[{"@type":"SearchAction","target":{"@type":"EntryPoint","urlTemplate":"https:\/\/www.metaflotech.com\/de\/?s={search_term_string}"},"query-input":{"@type":"PropertyValueSpecification","valueRequired":true,"valueName":"search_term_string"}}],"inLanguage":"de"}]}},"_links":{"self":[{"href":"https:\/\/www.metaflotech.com\/de\/wp-json\/wp\/v2\/pages\/120990","targetHints":{"allow":["GET"]}}],"collection":[{"href":"https:\/\/www.metaflotech.com\/de\/wp-json\/wp\/v2\/pages"}],"about":[{"href":"https:\/\/www.metaflotech.com\/de\/wp-json\/wp\/v2\/types\/page"}],"author":[{"embeddable":true,"href":"https:\/\/www.metaflotech.com\/de\/wp-json\/wp\/v2\/users\/1"}],"replies":[{"embeddable":true,"href":"https:\/\/www.metaflotech.com\/de\/wp-json\/wp\/v2\/comments?post=120990"}],"version-history":[{"count":0,"href":"https:\/\/www.metaflotech.com\/de\/wp-json\/wp\/v2\/pages\/120990\/revisions"}],"up":[{"embeddable":true,"href":"https:\/\/www.metaflotech.com\/de\/wp-json\/wp\/v2\/pages\/120582"}],"wp:attachment":[{"href":"https:\/\/www.metaflotech.com\/de\/wp-json\/wp\/v2\/media?parent=120990"}],"curies":[{"name":"wp","href":"https:\/\/api.w.org\/{rel}","templated":true}]}}