{"id":121047,"date":"2024-12-25T11:01:37","date_gmt":"2024-12-25T11:01:37","guid":{"rendered":"https:\/\/www.metaflotech.com\/?page_id=121047"},"modified":"2026-03-12T13:19:57","modified_gmt":"2026-03-12T13:19:57","slug":"umwelt","status":"publish","type":"page","link":"https:\/\/www.metaflotech.com\/de\/industries\/environmental\/","title":{"rendered":"Stormwater and Wastewater Sludge Solidification Solutions"},"content":{"rendered":"<h1><strong>Umwelt<\/strong><\/h1>\r\n<h2>\r\n\t\t\tHerausforderungen\t<\/h2>\r\n\t<h3><strong>Regenwasser-\/Abwasserteiche<br \/>\r\n<\/strong><\/h3>\r\n\t\t\t <h4>Laufende Wartung ist der Schl\u00fcssel zum Erfolg von Regenwasserteichen. Wenn sich jedoch die Sedimente im Teich ansammeln und nicht regelm\u00e4\u00dfig entfernt werden, kann der Regenwasserteich die Verunreinigungen nicht mehr richtig filtern.<\/h4>\t\t\r\n\t\t\t <h4>Herk\u00f6mmliche Methoden der Schlammbehandlung sind arbeitsintensiv, zeitaufwendig und kostspielig.<\/h4>\t\t\r\n\t\t\t <h4>S\u00e4gesp\u00e4ne, Kalk und Zement k\u00f6nnen zur Verfestigung des Teiches verwendet werden, allerdings kann diese Methode das Entsorgungsvolumen um bis zu 300% erh\u00f6hen, was bedeutet, dass die Kipplaster mehr zu transportieren haben und eine h\u00f6here Abfallbelastung auf der Endlagerst\u00e4tte verursachen.<\/h4>\t\t\r\n\t\t\t\t<img decoding=\"async\" src=\"https:\/\/www.metaflotech.com\/wp-content\/uploads\/2025\/02\/Environmental-1.svg\" alt=\"Umwelt 1\" itemprop=\"image\" height=\"843\" width=\"3859\" title=\"Umwelt 1\" onerror=\"this.style.display='none'\" loading='lazy' \/>\r\n<h2>\r\n\t\t\tMetaFLO-L\u00f6sung\t<\/h2>\r\n\t\t\t <h4>Ungiftiges, inertes* Verfestigungsreagenz absorbiert schnell Wasser und verfestigt die Aufschl\u00e4mmung vor Ort &lt; 1 Stunde.<\/h4>\t\t\r\n\t\t\t <h4>Sobald der Abfall verfestigt ist, kann er den Lackfiltertest (PFT) bestehen.<\/h4>\t\t\r\n\t\t\t <h4>Der verfestigte Schlamm wird direkt zur Endlagerst\u00e4tte transportiert, wodurch die Transport- und Entsorgungskosten gesenkt und gleichzeitig die Sicherheit und die Einhaltung der Vorschriften verbessert werden.<\/h4>\t\t\r\n\t<p><em>*Die Produktklassifizierung kann in den verschiedenen L\u00e4ndern unterschiedlich sein.<\/em><\/p>\r\n\t\t\t\t<img decoding=\"async\" src=\"https:\/\/www.metaflotech.com\/wp-content\/uploads\/2025\/02\/Environmental-4.svg\" alt=\"Umwelt 4\" itemprop=\"image\" height=\"1861\" width=\"1718\" title=\"Umwelt 4\" onerror=\"this.style.display='none'\" loading='lazy' \/>\r\n\t\t\t\t<a href=\"https:\/\/www.metaflotech.com\/de\/produkte\/erstarrungsreagenzien\/mf003\/\"  target=\"_blank\" rel=\"noopener\"  itemprop=\"url\">\r\n\t\t\t\t<img decoding=\"async\" src=\"https:\/\/www.metaflotech.com\/wp-content\/uploads\/2024\/03\/Logo-MF003.svg\" alt=\"Logo MF003\" itemprop=\"image\" height=\"100\" width=\"100\" title=\"Logo MF003\" onerror=\"this.style.display='none'\" loading='lazy' \/>\r\n\t\t\t\t<\/a>\r\n\t\t\t\t<a href=\"https:\/\/www.metaflotech.com\/de\/produkte\/erstarrungsreagenzien\/mf006\/\"  target=\"_blank\" rel=\"noopener\"  itemprop=\"url\">\r\n\t\t\t\t<img decoding=\"async\" src=\"https:\/\/www.metaflotech.com\/wp-content\/uploads\/2024\/03\/Logo-MF006.svg\" alt=\"Logo MF006\" itemprop=\"image\" height=\"100\" width=\"100\" title=\"Logo MF006\" onerror=\"this.style.display='none'\" loading='lazy' \/>\r\n\t\t\t\t<\/a>\r\n<h2>\r\n\t\t\tFallstudien\t<\/h2>\r\n<h3>\r\n\t\t<a href=\"https:\/\/www.metaflotech.com\/wp-content\/uploads\/2024\/12\/MF006-Case-Study-5_-Hydrovac-English-MetaFLO-Technologies.pdf\" title=\"Umwandlung von Hydrovac-Abf\u00e4llen in landwirtschaftlichen Nutzen\"  target=\"_self\">\r\n\t\t\tUmwandlung von Hydrovac-Abf\u00e4llen in landwirtschaftlichen Nutzen\t\t<\/a>\r\n\t<\/h3>\r\n\t<p>MetaFLO bereitet Hydrovac-Schlamm auf, um die Bodengesundheit und Nachhaltigkeit f\u00fcr kanadische Landwirte zu verbessern und ein industrielles Nebenprodukt in eine wertvolle landwirtschaftliche Ressource zu verwandeln.<\/p>\r\n\t\t\t\t<img decoding=\"async\" src=\"https:\/\/www.metaflotech.com\/wp-content\/uploads\/2024\/10\/icon-transport-w.png\" alt=\"Symboltransport w\" itemprop=\"image\" height=\"311\" width=\"311\" title=\"Symboltransport w\" onerror=\"this.style.display='none'\" loading='lazy' \/>\r\n\t<h3><b>Erhebliche Reduzierung der Transportkosten<\/b><\/h3>\r\n\t\t\t\t<img decoding=\"async\" src=\"https:\/\/www.metaflotech.com\/wp-content\/uploads\/2024\/10\/icon-ecology-w.png\" alt=\"Symbol \u00d6kologie w\" itemprop=\"image\" height=\"311\" width=\"311\" title=\"Symbol \u00d6kologie w\" onerror=\"this.style.display='none'\" loading='lazy' \/>\r\n\t<h3><b>Minimierung von Umwelt- und Sicherheitsrisiken<\/b><\/h3>\r\n\t\t\t\t<img decoding=\"async\" src=\"https:\/\/www.metaflotech.com\/wp-content\/uploads\/2024\/10\/icon-savings-w.png\" alt=\"Symbol Einsparungen w\" itemprop=\"image\" height=\"311\" width=\"311\" title=\"Symbol Einsparungen w\" onerror=\"this.style.display='none'\" loading='lazy' \/>\r\n\t<h3><b>Nachhaltige und effiziente Abfallwirtschaft<\/b><\/h3>","protected":false},"excerpt":{"rendered":"<p>Environmental Challenges Stormwater \/ Wastewater ponds Ongoing maintenance is key to the success of stormwater ponds. But if the sediment is left to build up in the pond and is not removed regularly, the stormwater pond can no longer properly filter debris. Traditional sludge handling methods are labor-intensive, time-consuming and costly. Sawdust, lime and cement&hellip;<\/p>","protected":false},"author":1,"featured_media":0,"parent":120582,"menu_order":0,"comment_status":"closed","ping_status":"closed","template":"","meta":{"_acf_changed":false,"inline_featured_image":false,"footnotes":""},"class_list":["post-121047","page","type-page","status-publish","hentry"],"acf":[],"yoast_head":"<!-- This site is optimized with the Yoast SEO plugin v27.5 - https:\/\/yoast.com\/product\/yoast-seo-wordpress\/ -->\n<title>Stormwater and Wastewater Sludge Solidification Solutions | MetaFLO Technologies<\/title>\n<meta name=\"description\" content=\"MetaFLO provides sustainable solutions for stormwater and wastewater pond sludge management, enabling efficient solidification while reducing transport and disposal volumes.\" \/>\n<meta name=\"robots\" content=\"index, follow, max-snippet:-1, max-image-preview:large, max-video-preview:-1\" \/>\n<link rel=\"canonical\" href=\"https:\/\/www.metaflotech.com\/de\/branchen\/umwelt\/\" \/>\n<meta property=\"og:locale\" content=\"de_DE\" \/>\n<meta property=\"og:type\" content=\"article\" \/>\n<meta property=\"og:title\" content=\"Stormwater and Wastewater Sludge Solidification Solutions | MetaFLO Technologies\" \/>\n<meta property=\"og:description\" content=\"MetaFLO provides sustainable solutions for stormwater and wastewater pond sludge management, enabling efficient solidification while reducing transport and disposal volumes.\" \/>\n<meta property=\"og:url\" content=\"https:\/\/www.metaflotech.com\/de\/branchen\/umwelt\/\" \/>\n<meta property=\"og:site_name\" content=\"MetaFLO Technologies\" \/>\n<meta property=\"article:publisher\" content=\"https:\/\/www.facebook.com\/MetaFLOTechnologies\/\" \/>\n<meta property=\"article:modified_time\" content=\"2026-03-12T13:19:57+00:00\" \/>\n<meta property=\"og:image\" content=\"https:\/\/www.metaflotech.com\/wp-content\/uploads\/2025\/02\/Environmental-1.svg\" \/>\n<meta name=\"twitter:card\" content=\"summary_large_image\" \/>\n<meta name=\"twitter:site\" content=\"@metaflo\" \/>\n<meta name=\"twitter:label1\" content=\"Gesch\u00e4tzte Lesezeit\" \/>\n\t<meta name=\"twitter:data1\" content=\"3\u00a0Minuten\" \/>\n<script type=\"application\/ld+json\" class=\"yoast-schema-graph\">{\"@context\":\"https:\\\/\\\/schema.org\",\"@graph\":[{\"@type\":\"WebPage\",\"@id\":\"https:\\\/\\\/www.metaflotech.com\\\/de\\\/industries\\\/environmental\\\/\",\"url\":\"https:\\\/\\\/www.metaflotech.com\\\/de\\\/industries\\\/environmental\\\/\",\"name\":\"Stormwater and Wastewater Sludge Solidification Solutions | MetaFLO Technologies\",\"isPartOf\":{\"@id\":\"https:\\\/\\\/www.metaflotech.com\\\/de\\\/#website\"},\"primaryImageOfPage\":{\"@id\":\"https:\\\/\\\/www.metaflotech.com\\\/de\\\/industries\\\/environmental\\\/#primaryimage\"},\"image\":{\"@id\":\"https:\\\/\\\/www.metaflotech.com\\\/de\\\/industries\\\/environmental\\\/#primaryimage\"},\"thumbnailUrl\":\"https:\\\/\\\/www.metaflotech.com\\\/wp-content\\\/uploads\\\/2025\\\/02\\\/Environmental-1.svg\",\"datePublished\":\"2024-12-25T11:01:37+00:00\",\"dateModified\":\"2026-03-12T13:19:57+00:00\",\"description\":\"MetaFLO provides sustainable solutions for stormwater and wastewater pond sludge management, enabling efficient solidification while reducing transport and disposal volumes.\",\"breadcrumb\":{\"@id\":\"https:\\\/\\\/www.metaflotech.com\\\/de\\\/industries\\\/environmental\\\/#breadcrumb\"},\"inLanguage\":\"de\",\"potentialAction\":[{\"@type\":\"ReadAction\",\"target\":[\"https:\\\/\\\/www.metaflotech.com\\\/de\\\/industries\\\/environmental\\\/\"]}]},{\"@type\":\"ImageObject\",\"inLanguage\":\"de\",\"@id\":\"https:\\\/\\\/www.metaflotech.com\\\/de\\\/industries\\\/environmental\\\/#primaryimage\",\"url\":\"https:\\\/\\\/www.metaflotech.com\\\/wp-content\\\/uploads\\\/2025\\\/02\\\/Environmental-1.svg\",\"contentUrl\":\"https:\\\/\\\/www.metaflotech.com\\\/wp-content\\\/uploads\\\/2025\\\/02\\\/Environmental-1.svg\"},{\"@type\":\"BreadcrumbList\",\"@id\":\"https:\\\/\\\/www.metaflotech.com\\\/de\\\/industries\\\/environmental\\\/#breadcrumb\",\"itemListElement\":[{\"@type\":\"ListItem\",\"position\":1,\"name\":\"Home\",\"item\":\"https:\\\/\\\/www.metaflotech.com\\\/\"},{\"@type\":\"ListItem\",\"position\":2,\"name\":\"Industries\",\"item\":\"https:\\\/\\\/www.metaflotech.com\\\/industries\\\/\"},{\"@type\":\"ListItem\",\"position\":3,\"name\":\"Stormwater and Wastewater Sludge Solidification Solutions\"}]},{\"@type\":\"WebSite\",\"@id\":\"https:\\\/\\\/www.metaflotech.com\\\/de\\\/#website\",\"url\":\"https:\\\/\\\/www.metaflotech.com\\\/de\\\/\",\"name\":\"MetaFLO Technologies\",\"description\":\"Engineered Polymer Solutions For Industrial Applications\",\"potentialAction\":[{\"@type\":\"SearchAction\",\"target\":{\"@type\":\"EntryPoint\",\"urlTemplate\":\"https:\\\/\\\/www.metaflotech.com\\\/de\\\/?s={search_term_string}\"},\"query-input\":{\"@type\":\"PropertyValueSpecification\",\"valueRequired\":true,\"valueName\":\"search_term_string\"}}],\"inLanguage\":\"de\"}]}<\/script>\n<!-- \/ Yoast SEO plugin. -->","yoast_head_json":{"title":"Stormwater and Wastewater Sludge Solidification Solutions | MetaFLO Technologies","description":"MetaFLO provides sustainable solutions for stormwater and wastewater pond sludge management, enabling efficient solidification while reducing transport and disposal volumes.","robots":{"index":"index","follow":"follow","max-snippet":"max-snippet:-1","max-image-preview":"max-image-preview:large","max-video-preview":"max-video-preview:-1"},"canonical":"https:\/\/www.metaflotech.com\/de\/branchen\/umwelt\/","og_locale":"de_DE","og_type":"article","og_title":"Stormwater and Wastewater Sludge Solidification Solutions | MetaFLO Technologies","og_description":"MetaFLO provides sustainable solutions for stormwater and wastewater pond sludge management, enabling efficient solidification while reducing transport and disposal volumes.","og_url":"https:\/\/www.metaflotech.com\/de\/branchen\/umwelt\/","og_site_name":"MetaFLO Technologies","article_publisher":"https:\/\/www.facebook.com\/MetaFLOTechnologies\/","article_modified_time":"2026-03-12T13:19:57+00:00","og_image":[{"url":"https:\/\/www.metaflotech.com\/wp-content\/uploads\/2025\/02\/Environmental-1.svg","type":"","width":"","height":""}],"twitter_card":"summary_large_image","twitter_site":"@metaflo","twitter_misc":{"Gesch\u00e4tzte Lesezeit":"3\u00a0Minuten"},"schema":{"@context":"https:\/\/schema.org","@graph":[{"@type":"WebPage","@id":"https:\/\/www.metaflotech.com\/de\/industries\/environmental\/","url":"https:\/\/www.metaflotech.com\/de\/industries\/environmental\/","name":"Stormwater and Wastewater Sludge Solidification Solutions | MetaFLO Technologies","isPartOf":{"@id":"https:\/\/www.metaflotech.com\/de\/#website"},"primaryImageOfPage":{"@id":"https:\/\/www.metaflotech.com\/de\/industries\/environmental\/#primaryimage"},"image":{"@id":"https:\/\/www.metaflotech.com\/de\/industries\/environmental\/#primaryimage"},"thumbnailUrl":"https:\/\/www.metaflotech.com\/wp-content\/uploads\/2025\/02\/Environmental-1.svg","datePublished":"2024-12-25T11:01:37+00:00","dateModified":"2026-03-12T13:19:57+00:00","description":"MetaFLO provides sustainable solutions for stormwater and wastewater pond sludge management, enabling efficient solidification while reducing transport and disposal volumes.","breadcrumb":{"@id":"https:\/\/www.metaflotech.com\/de\/industries\/environmental\/#breadcrumb"},"inLanguage":"de","potentialAction":[{"@type":"ReadAction","target":["https:\/\/www.metaflotech.com\/de\/industries\/environmental\/"]}]},{"@type":"ImageObject","inLanguage":"de","@id":"https:\/\/www.metaflotech.com\/de\/industries\/environmental\/#primaryimage","url":"https:\/\/www.metaflotech.com\/wp-content\/uploads\/2025\/02\/Environmental-1.svg","contentUrl":"https:\/\/www.metaflotech.com\/wp-content\/uploads\/2025\/02\/Environmental-1.svg"},{"@type":"BreadcrumbList","@id":"https:\/\/www.metaflotech.com\/de\/industries\/environmental\/#breadcrumb","itemListElement":[{"@type":"ListItem","position":1,"name":"Home","item":"https:\/\/www.metaflotech.com\/"},{"@type":"ListItem","position":2,"name":"Industries","item":"https:\/\/www.metaflotech.com\/industries\/"},{"@type":"ListItem","position":3,"name":"Stormwater and Wastewater Sludge Solidification Solutions"}]},{"@type":"WebSite","@id":"https:\/\/www.metaflotech.com\/de\/#website","url":"https:\/\/www.metaflotech.com\/de\/","name":"MetaFLO-Technologien","description":"Entwickelte Polymerl\u00f6sungen f\u00fcr industrielle Anwendungen","potentialAction":[{"@type":"SearchAction","target":{"@type":"EntryPoint","urlTemplate":"https:\/\/www.metaflotech.com\/de\/?s={search_term_string}"},"query-input":{"@type":"PropertyValueSpecification","valueRequired":true,"valueName":"search_term_string"}}],"inLanguage":"de"}]}},"_links":{"self":[{"href":"https:\/\/www.metaflotech.com\/de\/wp-json\/wp\/v2\/pages\/121047","targetHints":{"allow":["GET"]}}],"collection":[{"href":"https:\/\/www.metaflotech.com\/de\/wp-json\/wp\/v2\/pages"}],"about":[{"href":"https:\/\/www.metaflotech.com\/de\/wp-json\/wp\/v2\/types\/page"}],"author":[{"embeddable":true,"href":"https:\/\/www.metaflotech.com\/de\/wp-json\/wp\/v2\/users\/1"}],"replies":[{"embeddable":true,"href":"https:\/\/www.metaflotech.com\/de\/wp-json\/wp\/v2\/comments?post=121047"}],"version-history":[{"count":0,"href":"https:\/\/www.metaflotech.com\/de\/wp-json\/wp\/v2\/pages\/121047\/revisions"}],"up":[{"embeddable":true,"href":"https:\/\/www.metaflotech.com\/de\/wp-json\/wp\/v2\/pages\/120582"}],"wp:attachment":[{"href":"https:\/\/www.metaflotech.com\/de\/wp-json\/wp\/v2\/media?parent=121047"}],"curies":[{"name":"wp","href":"https:\/\/api.w.org\/{rel}","templated":true}]}}