{"id":73455,"date":"2021-04-23T15:26:18","date_gmt":"2021-04-23T15:26:18","guid":{"rendered":"https:\/\/metaflotech.com\/?page_id=73455"},"modified":"2025-11-22T07:54:15","modified_gmt":"2025-11-22T07:54:15","slug":"was-ist-das-metaflo-verfestigungsreagenz","status":"publish","type":"page","link":"https:\/\/www.metaflotech.com\/de\/what-is-metaflo-solidification-reagent\/","title":{"rendered":"Was ist MetaFLO"},"content":{"rendered":"<h1>\n\t\t\tWas ist MetaFLO?\t<\/h1>\n<h2>\n\t\t\tVerfestigungsreagenz\t<\/h2>\n<h3>\n\t\t\tUmwandlung von fl\u00fcssigen Abf\u00e4llen in stapelbare Feststoffe\t<\/h3>\n\t\t<iframe loading=\"lazy\" width=\"560\" height=\"315\" src=\"https:\/\/www.youtube.com\/embed\/WlS27JOvtbg\" title=\"Understanding Solidification - MetaFLO Technologies\" frameborder=\"0\" allow=\"accelerometer; autoplay; clipboard-write; encrypted-media; gyroscope; picture-in-picture\" allowfullscreen><\/iframe>\t\n\t<p>MetaFLO-Reagenzien verwandeln fl\u00fcssige Abf\u00e4lle in Echtzeit in einen stapelbaren Feststoff und f\u00fcgen dabei nur <strong>1\/2 von 1% <\/strong>des Fl\u00fcssigabfallvolumens. Die MetaFLO-Reagenzien sind eine firmeneigene Reagenzienchemie, die viele g\u00e4ngige und kostspieligere Alternativen wie Portlandzement, S\u00e4gemehl, Kalk, Flugasche und andere ersetzen und Ihnen eine einfache, schnelle und umweltfreundliche M\u00f6glichkeit bieten, Ihre fl\u00fcssigen Abfallstr\u00f6me zu verwalten.<\/p>\n\t<p>MetaFLO&#8217;s proprietary reagent formula solidifies liquid waste in minutes while only increasing overall waste by &lt;1%, typically a lot lower, making it easier, more efficient and less costly to dispose.<\/p>\n<h3><strong>Warum MetaFLO verwenden?<\/strong><\/h3>\n<ul>\n<li>MetaFLO reagents are fast &#8211; Immediately converts liquid waste to a solid in minutes.<\/li>\n<li>MetaFLO reagents are easy &#8211; Creates a dry, stackable solid for easy handling.<\/li>\n<li>MetaFLO hat einen Bulking-Faktor von nur 100% und manchmal &gt;200% erreichen k\u00f6nnen.<\/li>\n<li>MetaFLO-Reagenzien sind besser f\u00fcr die Umwelt als herk\u00f6mmliche Zusatzstoffe.<\/li>\n<li>Hilft, dass Abf\u00e4lle das Toxicity Characteristic Leaching Procedure (EPA-Methode 1311) bestehen.<\/li>\n<li>Hilft, dass Abf\u00e4lle die Farbfilterkriterien (EPA 9095) erf\u00fcllen.<\/li>\n<li>Deponiefreundlich und nicht biologisch abbaubar.<\/li>\n<\/ul>\n<h3><strong>Eine solide L\u00f6sung<\/strong><\/h3>\n<p>MetaFLO&#8217;s proprietary reagent chemistry, when combined with existing industry standard mechanical mixing technologies, turn liquid waste into a manageable solid in real-time, on site.<\/p>\n<h3><strong>Wie funktioniert MetaFLO?<\/strong><\/h3>\n<p>MetaFLO reagents work in a variety of applications where liquid waste is produced from pipeline, infrastructure construction, boring, tunneling, micro-tunneling, hydro excavation and horizontal directional drilling (HDD). The reagents also work well in the solidification of municipal wastewater sediment and storm water settling pond sediment, liquid transfer station sludge and more. In a large-scale construction project, for example, we isolated the produced bored out slurry &#8211; a combination of mud, water and other sub-soil debris elements &#8211; and applied a minimal dose of MetaFLO&#8217;s reagent. The result? Within minutes you have solid, stackable material waste ready for disposal using conventional dump trucks that reduce costs and time required for disposal.<\/p>\n\t\t\t\t<img decoding=\"async\" src=\"https:\/\/www.metaflotech.com\/wp-content\/uploads\/2024\/12\/MetaFLO-reagent-directional-drilling-liquid-waste-solidification-EN.webp\" alt=\"MetaFLO Reagenzien f\u00fcr die Verfestigung von Sp\u00fclungsabf\u00e4llen bei Richtbohrungen - DE\" itemprop=\"image\" height=\"516\" width=\"1054\" title=\"MetaFLO Reagenzien f\u00fcr die Verfestigung von Sp\u00fclungsabf\u00e4llen bei Richtbohrungen - DE\" onerror=\"this.style.display='none'\" loading=\"lazy\" \/>\n\t\t\t\t<img decoding=\"async\" src=\"https:\/\/www.metaflotech.com\/wp-content\/uploads\/2024\/12\/MetaFLO-reagent-directional-drilling-liquid-waste-solidification-Steps-EN.webp\" alt=\"MetaFLO-Reagenz Richtbohrfl\u00fcssigkeit Verfestigung von Abf\u00e4llen Schritte - DE\" itemprop=\"image\" height=\"262\" width=\"1018\" title=\"MetaFLO-Reagenz Richtbohrfl\u00fcssigkeit Verfestigung von Abf\u00e4llen Schritte - DE\" onerror=\"this.style.display='none'\" loading=\"lazy\" \/>\n\t\t<iframe loading=\"lazy\" width=\"560\" height=\"315\" src=\"https:\/\/www.youtube.com\/embed\/K7BlhvqGN-E\" title=\"Patented Solidification Process Demonstration - MetaFLO Technologies\" frameborder=\"0\" allow=\"accelerometer; autoplay; clipboard-write; encrypted-media; gyroscope; picture-in-picture\" allowfullscreen><\/iframe>\t\n\t<h3><strong>So einfach wie 1-2-3:<\/strong><\/h3>\n<ol>\n<li>Fl\u00fcssige Abf\u00e4lle wurden in einem Teich, Tank usw. gesammelt.<\/li>\n<li>Erstarrungsreagenz wird zugegeben<\/li>\n<li>Die Fl\u00fcssigkeit verfestigt sich in wenigen Minuten und kann entsorgt werden.<\/li>\n<\/ol>\n\t<h1><strong>Unsere Reagenzien<\/strong><\/h1>\n<p>MetaFLO&#8217;s reagents turn industrial liquid waste streams into solids in minutes. By simply adding a minimal dosage of MetaFLO&#8217;s proprietary formulations to industrial liquid waste-from processes like HDD, drilling, boring, tunneling, micro-tunneling and hydro excavations-these reagents absorb excess water and immobilize any contaminants.<\/p>\n<p>All MetaFLO solidification products are environmentally safe, and are applied to help meet environmental solids criteria for wet spoils. The solidified material will also immobilize metals and hydrocarbons and can safely be transported to landfill directly from the generator site-or can be applied at liquid transfer stations prior to disposal.<\/p>\n<p>MetaFLO stellt Reagenzien f\u00fcr viele verschiedene Anwendungen her, und wir sind auch in der Lage, eine Reagenzienmischung speziell f\u00fcr Ihren Abfallstrom zu entwickeln. Kontaktieren Sie uns f\u00fcr weitere Details.<\/p>\n\t\t\t\t<a href=\"https:\/\/www.metaflotech.com\/de\/was-ist-das-metaflo-verfestigungsreagenz\/\"  target=\"_self\" itemprop=\"url\">\n\t\t\t\t<img decoding=\"async\" src=\"https:\/\/www.metaflotech.com\/wp-content\/uploads\/2021\/03\/What-150px.png\" alt=\"Was ist MetaFLO\" itemprop=\"image\" height=\"150\" width=\"150\" title=\"Was-150px\" onerror=\"this.style.display='none'\" loading=\"lazy\" \/>\n\t\t\t\t<\/a>\n\t\t\t\t<a href=\"https:\/\/www.metaflotech.com\/de\/wie-metaflo-funktioniert\/\"  target=\"_self\" itemprop=\"url\">\n\t\t\t\t<img decoding=\"async\" src=\"https:\/\/www.metaflotech.com\/wp-content\/uploads\/2021\/03\/When-150px.png\" alt=\"Wann sollte MetaFLO verwendet werden?\" itemprop=\"image\" height=\"150\" width=\"150\" title=\"Wenn-150px\" onerror=\"this.style.display='none'\" loading=\"lazy\" \/>\n\t\t\t\t<\/a>\n\t\t\t\t<a href=\"https:\/\/www.metaflotech.com\/de\/warum-metaflo-fur-die-entsorgung-von-flussigabfallen-wahlen\/\"  target=\"_self\" itemprop=\"url\">\n\t\t\t\t<img decoding=\"async\" src=\"https:\/\/www.metaflotech.com\/wp-content\/uploads\/2021\/03\/Why-150px.png\" alt=\"Warum MetaFLO w\u00e4hlen?\" itemprop=\"image\" height=\"150\" width=\"150\" title=\"Warum-150px\" onerror=\"this.style.display='none'\" loading=\"lazy\" \/>\n\t\t\t\t<\/a>","protected":false},"excerpt":{"rendered":"<p>What is MetaFLO? Solidification reagent Turning liquid waste into stackable solid MetaFLO reagents turn liquid waste into a stackable solid in real time while adding only 1\/2 of 1% of the liquid waste volume. A proprietary reagent chemistry, MetaFLO reagents replace the need for many common and more costly alternatives like Portland cement, sawdust, lime,&hellip;<\/p>","protected":false},"author":1,"featured_media":0,"parent":0,"menu_order":0,"comment_status":"closed","ping_status":"closed","template":"","meta":{"_acf_changed":false,"inline_featured_image":false,"footnotes":""},"class_list":["post-73455","page","type-page","status-publish","hentry"],"acf":[],"yoast_head":"<!-- This site is optimized with the Yoast SEO plugin v27.4 - https:\/\/yoast.com\/product\/yoast-seo-wordpress\/ -->\n<title>What is MetaFLO | MetaFLO Technologies<\/title>\n<meta name=\"description\" content=\"MetaFLO solidification reagents for liquid waste create a stackable solid in real time. Easy liquid waste disposal.\" \/>\n<meta name=\"robots\" content=\"index, follow, max-snippet:-1, max-image-preview:large, max-video-preview:-1\" \/>\n<link rel=\"canonical\" href=\"https:\/\/www.metaflotech.com\/de\/was-ist-das-metaflo-verfestigungsreagenz\/\" \/>\n<meta property=\"og:locale\" content=\"de_DE\" \/>\n<meta property=\"og:type\" content=\"article\" \/>\n<meta property=\"og:title\" content=\"What is MetaFLO | MetaFLO Technologies\" \/>\n<meta property=\"og:description\" content=\"MetaFLO solidification reagents for liquid waste create a stackable solid in real time. Easy liquid waste disposal.\" \/>\n<meta property=\"og:url\" content=\"https:\/\/www.metaflotech.com\/de\/was-ist-das-metaflo-verfestigungsreagenz\/\" \/>\n<meta property=\"og:site_name\" content=\"MetaFLO Technologies\" \/>\n<meta property=\"article:publisher\" content=\"https:\/\/www.facebook.com\/MetaFLOTechnologies\/\" \/>\n<meta property=\"article:modified_time\" content=\"2025-11-22T07:54:15+00:00\" \/>\n<meta property=\"og:image\" content=\"https:\/\/www.metaflotech.com\/wp-content\/uploads\/2024\/12\/MetaFLO-reagent-directional-drilling-liquid-waste-solidification-EN.webp\" \/>\n<meta name=\"twitter:card\" content=\"summary_large_image\" \/>\n<meta name=\"twitter:site\" content=\"@metaflo\" \/>\n<meta name=\"twitter:label1\" content=\"Gesch\u00e4tzte Lesezeit\" \/>\n\t<meta name=\"twitter:data1\" content=\"3\u00a0Minuten\" \/>\n<script type=\"application\/ld+json\" class=\"yoast-schema-graph\">{\"@context\":\"https:\\\/\\\/schema.org\",\"@graph\":[{\"@type\":\"WebPage\",\"@id\":\"https:\\\/\\\/www.metaflotech.com\\\/de\\\/what-is-metaflo-solidification-reagent\\\/\",\"url\":\"https:\\\/\\\/www.metaflotech.com\\\/de\\\/what-is-metaflo-solidification-reagent\\\/\",\"name\":\"What is MetaFLO | MetaFLO Technologies\",\"isPartOf\":{\"@id\":\"https:\\\/\\\/www.metaflotech.com\\\/de\\\/#website\"},\"primaryImageOfPage\":{\"@id\":\"https:\\\/\\\/www.metaflotech.com\\\/de\\\/what-is-metaflo-solidification-reagent\\\/#primaryimage\"},\"image\":{\"@id\":\"https:\\\/\\\/www.metaflotech.com\\\/de\\\/what-is-metaflo-solidification-reagent\\\/#primaryimage\"},\"thumbnailUrl\":\"https:\\\/\\\/www.metaflotech.com\\\/wp-content\\\/uploads\\\/2024\\\/12\\\/MetaFLO-reagent-directional-drilling-liquid-waste-solidification-EN.webp\",\"datePublished\":\"2021-04-23T15:26:18+00:00\",\"dateModified\":\"2025-11-22T07:54:15+00:00\",\"description\":\"MetaFLO solidification reagents for liquid waste create a stackable solid in real time. Easy liquid waste disposal.\",\"breadcrumb\":{\"@id\":\"https:\\\/\\\/www.metaflotech.com\\\/de\\\/what-is-metaflo-solidification-reagent\\\/#breadcrumb\"},\"inLanguage\":\"de\",\"potentialAction\":[{\"@type\":\"ReadAction\",\"target\":[\"https:\\\/\\\/www.metaflotech.com\\\/de\\\/what-is-metaflo-solidification-reagent\\\/\"]}]},{\"@type\":\"ImageObject\",\"inLanguage\":\"de\",\"@id\":\"https:\\\/\\\/www.metaflotech.com\\\/de\\\/what-is-metaflo-solidification-reagent\\\/#primaryimage\",\"url\":\"https:\\\/\\\/www.metaflotech.com\\\/wp-content\\\/uploads\\\/2024\\\/12\\\/MetaFLO-reagent-directional-drilling-liquid-waste-solidification-EN.webp\",\"contentUrl\":\"https:\\\/\\\/www.metaflotech.com\\\/wp-content\\\/uploads\\\/2024\\\/12\\\/MetaFLO-reagent-directional-drilling-liquid-waste-solidification-EN.webp\"},{\"@type\":\"BreadcrumbList\",\"@id\":\"https:\\\/\\\/www.metaflotech.com\\\/de\\\/what-is-metaflo-solidification-reagent\\\/#breadcrumb\",\"itemListElement\":[{\"@type\":\"ListItem\",\"position\":1,\"name\":\"Home\",\"item\":\"https:\\\/\\\/www.metaflotech.com\\\/\"},{\"@type\":\"ListItem\",\"position\":2,\"name\":\"What is MetaFLO\"}]},{\"@type\":\"WebSite\",\"@id\":\"https:\\\/\\\/www.metaflotech.com\\\/de\\\/#website\",\"url\":\"https:\\\/\\\/www.metaflotech.com\\\/de\\\/\",\"name\":\"MetaFLO Technologies\",\"description\":\"Engineered Polymer Solutions For Industrial Applications\",\"potentialAction\":[{\"@type\":\"SearchAction\",\"target\":{\"@type\":\"EntryPoint\",\"urlTemplate\":\"https:\\\/\\\/www.metaflotech.com\\\/de\\\/?s={search_term_string}\"},\"query-input\":{\"@type\":\"PropertyValueSpecification\",\"valueRequired\":true,\"valueName\":\"search_term_string\"}}],\"inLanguage\":\"de\"}]}<\/script>\n<!-- \/ Yoast SEO plugin. -->","yoast_head_json":{"title":"What is MetaFLO | MetaFLO Technologies","description":"MetaFLO-Verfestigungsreagenzien f\u00fcr fl\u00fcssige Abf\u00e4lle erzeugen in Echtzeit einen stapelbaren Feststoff. Einfache Entsorgung von Fl\u00fcssigabf\u00e4llen.","robots":{"index":"index","follow":"follow","max-snippet":"max-snippet:-1","max-image-preview":"max-image-preview:large","max-video-preview":"max-video-preview:-1"},"canonical":"https:\/\/www.metaflotech.com\/de\/was-ist-das-metaflo-verfestigungsreagenz\/","og_locale":"de_DE","og_type":"article","og_title":"What is MetaFLO | MetaFLO Technologies","og_description":"MetaFLO solidification reagents for liquid waste create a stackable solid in real time. Easy liquid waste disposal.","og_url":"https:\/\/www.metaflotech.com\/de\/was-ist-das-metaflo-verfestigungsreagenz\/","og_site_name":"MetaFLO Technologies","article_publisher":"https:\/\/www.facebook.com\/MetaFLOTechnologies\/","article_modified_time":"2025-11-22T07:54:15+00:00","og_image":[{"url":"https:\/\/www.metaflotech.com\/wp-content\/uploads\/2024\/12\/MetaFLO-reagent-directional-drilling-liquid-waste-solidification-EN.webp","type":"","width":"","height":""}],"twitter_card":"summary_large_image","twitter_site":"@metaflo","twitter_misc":{"Gesch\u00e4tzte Lesezeit":"3\u00a0Minuten"},"schema":{"@context":"https:\/\/schema.org","@graph":[{"@type":"WebPage","@id":"https:\/\/www.metaflotech.com\/de\/what-is-metaflo-solidification-reagent\/","url":"https:\/\/www.metaflotech.com\/de\/what-is-metaflo-solidification-reagent\/","name":"What is MetaFLO | MetaFLO Technologies","isPartOf":{"@id":"https:\/\/www.metaflotech.com\/de\/#website"},"primaryImageOfPage":{"@id":"https:\/\/www.metaflotech.com\/de\/what-is-metaflo-solidification-reagent\/#primaryimage"},"image":{"@id":"https:\/\/www.metaflotech.com\/de\/what-is-metaflo-solidification-reagent\/#primaryimage"},"thumbnailUrl":"https:\/\/www.metaflotech.com\/wp-content\/uploads\/2024\/12\/MetaFLO-reagent-directional-drilling-liquid-waste-solidification-EN.webp","datePublished":"2021-04-23T15:26:18+00:00","dateModified":"2025-11-22T07:54:15+00:00","description":"MetaFLO-Verfestigungsreagenzien f\u00fcr fl\u00fcssige Abf\u00e4lle erzeugen in Echtzeit einen stapelbaren Feststoff. Einfache Entsorgung von Fl\u00fcssigabf\u00e4llen.","breadcrumb":{"@id":"https:\/\/www.metaflotech.com\/de\/what-is-metaflo-solidification-reagent\/#breadcrumb"},"inLanguage":"de","potentialAction":[{"@type":"ReadAction","target":["https:\/\/www.metaflotech.com\/de\/what-is-metaflo-solidification-reagent\/"]}]},{"@type":"ImageObject","inLanguage":"de","@id":"https:\/\/www.metaflotech.com\/de\/what-is-metaflo-solidification-reagent\/#primaryimage","url":"https:\/\/www.metaflotech.com\/wp-content\/uploads\/2024\/12\/MetaFLO-reagent-directional-drilling-liquid-waste-solidification-EN.webp","contentUrl":"https:\/\/www.metaflotech.com\/wp-content\/uploads\/2024\/12\/MetaFLO-reagent-directional-drilling-liquid-waste-solidification-EN.webp"},{"@type":"BreadcrumbList","@id":"https:\/\/www.metaflotech.com\/de\/what-is-metaflo-solidification-reagent\/#breadcrumb","itemListElement":[{"@type":"ListItem","position":1,"name":"Home","item":"https:\/\/www.metaflotech.com\/"},{"@type":"ListItem","position":2,"name":"What is MetaFLO"}]},{"@type":"WebSite","@id":"https:\/\/www.metaflotech.com\/de\/#website","url":"https:\/\/www.metaflotech.com\/de\/","name":"MetaFLO-Technologien","description":"Entwickelte Polymerl\u00f6sungen f\u00fcr industrielle Anwendungen","potentialAction":[{"@type":"SearchAction","target":{"@type":"EntryPoint","urlTemplate":"https:\/\/www.metaflotech.com\/de\/?s={search_term_string}"},"query-input":{"@type":"PropertyValueSpecification","valueRequired":true,"valueName":"search_term_string"}}],"inLanguage":"de"}]}},"_links":{"self":[{"href":"https:\/\/www.metaflotech.com\/de\/wp-json\/wp\/v2\/pages\/73455","targetHints":{"allow":["GET"]}}],"collection":[{"href":"https:\/\/www.metaflotech.com\/de\/wp-json\/wp\/v2\/pages"}],"about":[{"href":"https:\/\/www.metaflotech.com\/de\/wp-json\/wp\/v2\/types\/page"}],"author":[{"embeddable":true,"href":"https:\/\/www.metaflotech.com\/de\/wp-json\/wp\/v2\/users\/1"}],"replies":[{"embeddable":true,"href":"https:\/\/www.metaflotech.com\/de\/wp-json\/wp\/v2\/comments?post=73455"}],"version-history":[{"count":0,"href":"https:\/\/www.metaflotech.com\/de\/wp-json\/wp\/v2\/pages\/73455\/revisions"}],"wp:attachment":[{"href":"https:\/\/www.metaflotech.com\/de\/wp-json\/wp\/v2\/media?parent=73455"}],"curies":[{"name":"wp","href":"https:\/\/api.w.org\/{rel}","templated":true}]}}