{"id":73472,"date":"2021-04-23T15:58:22","date_gmt":"2021-04-23T15:58:22","guid":{"rendered":"https:\/\/metaflotech.com\/?page_id=73472"},"modified":"2025-11-22T07:57:37","modified_gmt":"2025-11-22T07:57:37","slug":"wie-metaflo-funktioniert","status":"publish","type":"page","link":"https:\/\/www.metaflotech.com\/de\/how-metaflo-works\/","title":{"rendered":"Wie funktioniert MetaFLO?"},"content":{"rendered":"<h1>\n\t\t\tWann und wie MetaFLO funktioniert\t<\/h1>\n<h2>\n\t\t\tVerfestigungsreagenz\t<\/h2>\n<h3>\n\t\t\tUmwandlung von fl\u00fcssigen Abf\u00e4llen in stapelbare Feststoffe\t<\/h3>\n\t\t<iframe loading=\"lazy\" width=\"1120\" height=\"630\" src=\"https:\/\/www.youtube.com\/embed\/K7BlhvqGN-E\" title=\"Patented Solidification Process Demonstration - MetaFLO Technologies\" frameborder=\"0\" allow=\"accelerometer; autoplay; clipboard-write; encrypted-media; gyroscope; picture-in-picture\" allowfullscreen><\/iframe>\t\n<h2>\n\t\t\tVerfestigen Sie fl\u00fcssige Abf\u00e4lle in wenigen Minuten:  Wie MetaFLO funktioniert \t<\/h2>\n\t<p>MetaFLO-Reagenzien verwandeln fl\u00fcssige Abf\u00e4lle in Echtzeit und vor Ort in 4 einfachen Schritten in handhabbare Feststoffe:<\/p>\n<ol>\n<li>Fl\u00fcssige Abf\u00e4lle, die in einem Teich, Tank usw. gesammelt werden.<\/li>\n<li>Die Fl\u00fcssigkeit wird mit der vorhandenen Mischanlage ger\u00fchrt, w\u00e4hrend unser Verfestigungsreagenz hinzugef\u00fcgt wird.<\/li>\n<li>Fl\u00fcssigkeit wird innerhalb von Minuten zu einem Feststoff<\/li>\n<li>Bereit zur Entsorgung<\/li>\n<\/ol>\n\t\t\t\t<img decoding=\"async\" src=\"https:\/\/www.metaflotech.com\/wp-content\/uploads\/2024\/12\/MetaFLO-reagent-directional-drilling-liquid-waste-solidification-Steps-EN.webp\" alt=\"MetaFLO-Reagenz Richtbohrfl\u00fcssigkeit Verfestigung von Abf\u00e4llen Schritte - DE\" itemprop=\"image\" height=\"262\" width=\"1018\" title=\"MetaFLO-Reagenz Richtbohrfl\u00fcssigkeit Verfestigung von Abf\u00e4llen Schritte - DE\" onerror=\"this.style.display='none'\" loading=\"lazy\" \/>\n<h2>\n\t\t\tZeugnis\t<\/h2>\n\t<p>&#8220;First and Foremost I would like to thank you for all your help , support and technical advice during the Block Island Project . Your product was a great tool in the management of drilling spoils on our project. We have completed the drilling process in block island and are planning on mobilizing to our next drilling project. Once again many Thanks.&#8221;<\/p>\n<p><em><strong>John Diffley, Block Island Wind Farm Projekt<\/strong><\/em><\/p>\n<h2>\n\t\t\tWo und wann k\u00f6nnen Sie MetaFLO-Reagenzien verwenden? Anwendungen f\u00fcr den Einsatz\t<\/h2>\n\t<p>MetaFLO-Verfestigungsreagenzien finden in vielen Branchen breite Anwendung, z. B. in der Versorgungsinfrastruktur, im \u00d6l- und Gaspipelinebau, im allgemeinen Infrastrukturbau sowie bei Abwasser- und Regenwasseranwendungen. Alle Anwendungen, bei denen fl\u00fcssige Abf\u00e4lle, Schl\u00e4mme und Schl\u00e4mme anfallen, wie z. B. horizontale Richtbohrungen (HDD), Tunnelbau, Bohrungen, Mikrotunnel oder Hydrograbungen, eignen sich hervorragend f\u00fcr MetaFLO-Reagenzien.<\/p>\n<h2>\n\t\t\tUnsere Produkte\t<\/h2>\n\t<p>MetaFLO-Verfestigungsreagenzien verwenden eine Mischung aus firmeneigenen Inhaltsstoffen, die sich als die wirksamsten Reagenzien erweisen, die f\u00fcr die Behandlung in verschiedenen Anwendungen verf\u00fcgbar sind.<\/p>\n<p><strong>MF003:<\/strong> Ideal f\u00fcr die Verfestigung verschiedener fl\u00fcssiger Abfallstr\u00f6me; entwickelt, um fl\u00fcssige Abf\u00e4lle zu verfestigen und den Paint Filter Test (PFT) zu erf\u00fcllen.\u00a0 <a href=\"\/de\/produkte\/mf003\/\" target=\"_blank\" rel=\"noopener\">Mehr erfahren<\/a><\/p>\n<p><strong>MF006<\/strong>: Ideal for solidification of water-based semi solids &#8211; such as drill cuttings, hydro-excavation materials, mining waste, municipal waste, storm water lagoons. <a href=\"\/de\/produkte\/mf006\/\" target=\"_blank\" rel=\"noopener\">Mehr erfahren<\/a><\/p>\n<p><strong>MF008:<\/strong> Ideal for oil and gas applications &#8211; such as invert or OBM cuttings, brine-based cuttings. <a href=\"\/de\/produkte\/mf008\/\" target=\"_blank\" rel=\"noopener\">Mehr erfahren<\/a><\/p>\n<h3>\n\t\t\tMetaFLO bietet ma\u00dfgeschneiderte L\u00f6sungen f\u00fcr Ihre Bed\u00fcrfnisse\t<\/h3>\n\t<p>Wir helfen Ihnen gerne, die richtige MetaFLO-L\u00f6sung f\u00fcr Sie zu finden!<\/p>\n\t<h1><strong>Unsere Reagenzien<\/strong><\/h1>\n<p>MetaFLO&#8217;s reagents turn industrial liquid waste streams into solids in minutes. By simply adding a minimal dosage of MetaFLO&#8217;s proprietary formulations to industrial liquid waste-from processes like HDD, drilling, boring, tunneling, micro-tunneling and hydro excavations-these reagents absorb excess water and immobilize any contaminants.<\/p>\n<p>All MetaFLO solidification products are environmentally safe, and are applied to help meet environmental solids criteria for wet spoils. The solidified material will also immobilize metals and hydrocarbons and can safely be transported to landfill directly from the generator site-or can be applied at liquid transfer stations prior to disposal.<\/p>\n<p>MetaFLO stellt Reagenzien f\u00fcr viele verschiedene Anwendungen her, und wir sind auch in der Lage, eine Reagenzienmischung speziell f\u00fcr Ihren Abfallstrom zu entwickeln. Kontaktieren Sie uns f\u00fcr weitere Details.<\/p>\n\t\t\t\t<a href=\"https:\/\/www.metaflotech.com\/de\/was-ist-das-metaflo-verfestigungsreagenz\/\"  target=\"_self\" itemprop=\"url\">\n\t\t\t\t<img decoding=\"async\" src=\"https:\/\/www.metaflotech.com\/wp-content\/uploads\/2021\/03\/What-150px.png\" alt=\"Was ist MetaFLO\" itemprop=\"image\" height=\"150\" width=\"150\" title=\"Was-150px\" onerror=\"this.style.display='none'\" loading=\"lazy\" \/>\n\t\t\t\t<\/a>\n\t\t\t\t<a href=\"https:\/\/www.metaflotech.com\/de\/wie-metaflo-funktioniert\/\"  target=\"_self\" itemprop=\"url\">\n\t\t\t\t<img decoding=\"async\" src=\"https:\/\/www.metaflotech.com\/wp-content\/uploads\/2021\/03\/When-150px.png\" alt=\"Wann sollte MetaFLO verwendet werden?\" itemprop=\"image\" height=\"150\" width=\"150\" title=\"Wenn-150px\" onerror=\"this.style.display='none'\" loading=\"lazy\" \/>\n\t\t\t\t<\/a>\n\t\t\t\t<a href=\"https:\/\/www.metaflotech.com\/de\/warum-metaflo-fur-die-entsorgung-von-flussigabfallen-wahlen\/\"  target=\"_self\" itemprop=\"url\">\n\t\t\t\t<img decoding=\"async\" src=\"https:\/\/www.metaflotech.com\/wp-content\/uploads\/2021\/03\/Why-150px.png\" alt=\"Warum MetaFLO w\u00e4hlen?\" itemprop=\"image\" height=\"150\" width=\"150\" title=\"Warum-150px\" onerror=\"this.style.display='none'\" loading=\"lazy\" \/>\n\t\t\t\t<\/a>","protected":false},"excerpt":{"rendered":"<p>When and How MetaFLO Works Solidification reagent Turning liquid waste into stackable solid Solidify liquid waste in minutes: How MetaFLO Works MetaFLO reagents turn liquid waste into manageable solid in real-time, on site in a matter of minutes, in 4 Easy Steps: Liquid waste collected in a pond, tank, etc. Fluid is agitated by existing&hellip;<\/p>","protected":false},"author":1,"featured_media":0,"parent":0,"menu_order":0,"comment_status":"closed","ping_status":"closed","template":"","meta":{"_acf_changed":false,"inline_featured_image":false,"footnotes":""},"class_list":["post-73472","page","type-page","status-publish","hentry"],"acf":[],"yoast_head":"<!-- This site is optimized with the Yoast SEO plugin v27.4 - https:\/\/yoast.com\/product\/yoast-seo-wordpress\/ -->\n<title>How MetaFLO Works | MetaFLO Technologies<\/title>\n<meta name=\"description\" content=\"MetaFLO reagents turn liquid waste into manageable, stackable solid in real-time, on site in a matter of minutes.\" \/>\n<meta name=\"robots\" content=\"index, follow, max-snippet:-1, max-image-preview:large, max-video-preview:-1\" \/>\n<link rel=\"canonical\" href=\"https:\/\/www.metaflotech.com\/de\/wie-metaflo-funktioniert\/\" \/>\n<meta property=\"og:locale\" content=\"de_DE\" \/>\n<meta property=\"og:type\" content=\"article\" \/>\n<meta property=\"og:title\" content=\"How MetaFLO Works | MetaFLO Technologies\" \/>\n<meta property=\"og:description\" content=\"MetaFLO reagents turn liquid waste into manageable, stackable solid in real-time, on site in a matter of minutes.\" \/>\n<meta property=\"og:url\" content=\"https:\/\/www.metaflotech.com\/de\/wie-metaflo-funktioniert\/\" \/>\n<meta property=\"og:site_name\" content=\"MetaFLO Technologies\" \/>\n<meta property=\"article:publisher\" content=\"https:\/\/www.facebook.com\/MetaFLOTechnologies\/\" \/>\n<meta property=\"article:modified_time\" content=\"2025-11-22T07:57:37+00:00\" \/>\n<meta property=\"og:image\" content=\"https:\/\/www.metaflotech.com\/wp-content\/uploads\/2024\/12\/MetaFLO-reagent-directional-drilling-liquid-waste-solidification-Steps-EN.webp\" \/>\n<meta name=\"twitter:card\" content=\"summary_large_image\" \/>\n<meta name=\"twitter:site\" content=\"@metaflo\" \/>\n<meta name=\"twitter:label1\" content=\"Gesch\u00e4tzte Lesezeit\" \/>\n\t<meta name=\"twitter:data1\" content=\"2\u00a0Minuten\" \/>\n<script type=\"application\/ld+json\" class=\"yoast-schema-graph\">{\"@context\":\"https:\\\/\\\/schema.org\",\"@graph\":[{\"@type\":\"WebPage\",\"@id\":\"https:\\\/\\\/www.metaflotech.com\\\/de\\\/how-metaflo-works\\\/\",\"url\":\"https:\\\/\\\/www.metaflotech.com\\\/de\\\/how-metaflo-works\\\/\",\"name\":\"How MetaFLO Works | MetaFLO Technologies\",\"isPartOf\":{\"@id\":\"https:\\\/\\\/www.metaflotech.com\\\/de\\\/#website\"},\"primaryImageOfPage\":{\"@id\":\"https:\\\/\\\/www.metaflotech.com\\\/de\\\/how-metaflo-works\\\/#primaryimage\"},\"image\":{\"@id\":\"https:\\\/\\\/www.metaflotech.com\\\/de\\\/how-metaflo-works\\\/#primaryimage\"},\"thumbnailUrl\":\"https:\\\/\\\/www.metaflotech.com\\\/wp-content\\\/uploads\\\/2024\\\/12\\\/MetaFLO-reagent-directional-drilling-liquid-waste-solidification-Steps-EN.webp\",\"datePublished\":\"2021-04-23T15:58:22+00:00\",\"dateModified\":\"2025-11-22T07:57:37+00:00\",\"description\":\"MetaFLO reagents turn liquid waste into manageable, stackable solid in real-time, on site in a matter of minutes.\",\"breadcrumb\":{\"@id\":\"https:\\\/\\\/www.metaflotech.com\\\/de\\\/how-metaflo-works\\\/#breadcrumb\"},\"inLanguage\":\"de\",\"potentialAction\":[{\"@type\":\"ReadAction\",\"target\":[\"https:\\\/\\\/www.metaflotech.com\\\/de\\\/how-metaflo-works\\\/\"]}]},{\"@type\":\"ImageObject\",\"inLanguage\":\"de\",\"@id\":\"https:\\\/\\\/www.metaflotech.com\\\/de\\\/how-metaflo-works\\\/#primaryimage\",\"url\":\"https:\\\/\\\/www.metaflotech.com\\\/wp-content\\\/uploads\\\/2024\\\/12\\\/MetaFLO-reagent-directional-drilling-liquid-waste-solidification-Steps-EN.webp\",\"contentUrl\":\"https:\\\/\\\/www.metaflotech.com\\\/wp-content\\\/uploads\\\/2024\\\/12\\\/MetaFLO-reagent-directional-drilling-liquid-waste-solidification-Steps-EN.webp\"},{\"@type\":\"BreadcrumbList\",\"@id\":\"https:\\\/\\\/www.metaflotech.com\\\/de\\\/how-metaflo-works\\\/#breadcrumb\",\"itemListElement\":[{\"@type\":\"ListItem\",\"position\":1,\"name\":\"Home\",\"item\":\"https:\\\/\\\/www.metaflotech.com\\\/\"},{\"@type\":\"ListItem\",\"position\":2,\"name\":\"How MetaFLO Works\"}]},{\"@type\":\"WebSite\",\"@id\":\"https:\\\/\\\/www.metaflotech.com\\\/de\\\/#website\",\"url\":\"https:\\\/\\\/www.metaflotech.com\\\/de\\\/\",\"name\":\"MetaFLO Technologies\",\"description\":\"Engineered Polymer Solutions For Industrial Applications\",\"potentialAction\":[{\"@type\":\"SearchAction\",\"target\":{\"@type\":\"EntryPoint\",\"urlTemplate\":\"https:\\\/\\\/www.metaflotech.com\\\/de\\\/?s={search_term_string}\"},\"query-input\":{\"@type\":\"PropertyValueSpecification\",\"valueRequired\":true,\"valueName\":\"search_term_string\"}}],\"inLanguage\":\"de\"}]}<\/script>\n<!-- \/ Yoast SEO plugin. -->","yoast_head_json":{"title":"How MetaFLO Works | MetaFLO Technologies","description":"MetaFLO-Reagenzien verwandeln fl\u00fcssige Abf\u00e4lle in Echtzeit und vor Ort innerhalb weniger Minuten in handhabbare, stapelbare Feststoffe.","robots":{"index":"index","follow":"follow","max-snippet":"max-snippet:-1","max-image-preview":"max-image-preview:large","max-video-preview":"max-video-preview:-1"},"canonical":"https:\/\/www.metaflotech.com\/de\/wie-metaflo-funktioniert\/","og_locale":"de_DE","og_type":"article","og_title":"How MetaFLO Works | MetaFLO Technologies","og_description":"MetaFLO reagents turn liquid waste into manageable, stackable solid in real-time, on site in a matter of minutes.","og_url":"https:\/\/www.metaflotech.com\/de\/wie-metaflo-funktioniert\/","og_site_name":"MetaFLO Technologies","article_publisher":"https:\/\/www.facebook.com\/MetaFLOTechnologies\/","article_modified_time":"2025-11-22T07:57:37+00:00","og_image":[{"url":"https:\/\/www.metaflotech.com\/wp-content\/uploads\/2024\/12\/MetaFLO-reagent-directional-drilling-liquid-waste-solidification-Steps-EN.webp","type":"","width":"","height":""}],"twitter_card":"summary_large_image","twitter_site":"@metaflo","twitter_misc":{"Gesch\u00e4tzte Lesezeit":"2\u00a0Minuten"},"schema":{"@context":"https:\/\/schema.org","@graph":[{"@type":"WebPage","@id":"https:\/\/www.metaflotech.com\/de\/how-metaflo-works\/","url":"https:\/\/www.metaflotech.com\/de\/how-metaflo-works\/","name":"How MetaFLO Works | MetaFLO Technologies","isPartOf":{"@id":"https:\/\/www.metaflotech.com\/de\/#website"},"primaryImageOfPage":{"@id":"https:\/\/www.metaflotech.com\/de\/how-metaflo-works\/#primaryimage"},"image":{"@id":"https:\/\/www.metaflotech.com\/de\/how-metaflo-works\/#primaryimage"},"thumbnailUrl":"https:\/\/www.metaflotech.com\/wp-content\/uploads\/2024\/12\/MetaFLO-reagent-directional-drilling-liquid-waste-solidification-Steps-EN.webp","datePublished":"2021-04-23T15:58:22+00:00","dateModified":"2025-11-22T07:57:37+00:00","description":"MetaFLO-Reagenzien verwandeln fl\u00fcssige Abf\u00e4lle in Echtzeit und vor Ort innerhalb weniger Minuten in handhabbare, stapelbare Feststoffe.","breadcrumb":{"@id":"https:\/\/www.metaflotech.com\/de\/how-metaflo-works\/#breadcrumb"},"inLanguage":"de","potentialAction":[{"@type":"ReadAction","target":["https:\/\/www.metaflotech.com\/de\/how-metaflo-works\/"]}]},{"@type":"ImageObject","inLanguage":"de","@id":"https:\/\/www.metaflotech.com\/de\/how-metaflo-works\/#primaryimage","url":"https:\/\/www.metaflotech.com\/wp-content\/uploads\/2024\/12\/MetaFLO-reagent-directional-drilling-liquid-waste-solidification-Steps-EN.webp","contentUrl":"https:\/\/www.metaflotech.com\/wp-content\/uploads\/2024\/12\/MetaFLO-reagent-directional-drilling-liquid-waste-solidification-Steps-EN.webp"},{"@type":"BreadcrumbList","@id":"https:\/\/www.metaflotech.com\/de\/how-metaflo-works\/#breadcrumb","itemListElement":[{"@type":"ListItem","position":1,"name":"Home","item":"https:\/\/www.metaflotech.com\/"},{"@type":"ListItem","position":2,"name":"How MetaFLO Works"}]},{"@type":"WebSite","@id":"https:\/\/www.metaflotech.com\/de\/#website","url":"https:\/\/www.metaflotech.com\/de\/","name":"MetaFLO-Technologien","description":"Entwickelte Polymerl\u00f6sungen f\u00fcr industrielle Anwendungen","potentialAction":[{"@type":"SearchAction","target":{"@type":"EntryPoint","urlTemplate":"https:\/\/www.metaflotech.com\/de\/?s={search_term_string}"},"query-input":{"@type":"PropertyValueSpecification","valueRequired":true,"valueName":"search_term_string"}}],"inLanguage":"de"}]}},"_links":{"self":[{"href":"https:\/\/www.metaflotech.com\/de\/wp-json\/wp\/v2\/pages\/73472","targetHints":{"allow":["GET"]}}],"collection":[{"href":"https:\/\/www.metaflotech.com\/de\/wp-json\/wp\/v2\/pages"}],"about":[{"href":"https:\/\/www.metaflotech.com\/de\/wp-json\/wp\/v2\/types\/page"}],"author":[{"embeddable":true,"href":"https:\/\/www.metaflotech.com\/de\/wp-json\/wp\/v2\/users\/1"}],"replies":[{"embeddable":true,"href":"https:\/\/www.metaflotech.com\/de\/wp-json\/wp\/v2\/comments?post=73472"}],"version-history":[{"count":0,"href":"https:\/\/www.metaflotech.com\/de\/wp-json\/wp\/v2\/pages\/73472\/revisions"}],"wp:attachment":[{"href":"https:\/\/www.metaflotech.com\/de\/wp-json\/wp\/v2\/media?parent=73472"}],"curies":[{"name":"wp","href":"https:\/\/api.w.org\/{rel}","templated":true}]}}