{"id":73490,"date":"2021-04-26T15:49:39","date_gmt":"2021-04-26T15:49:39","guid":{"rendered":"https:\/\/metaflotech.com\/?page_id=73490"},"modified":"2025-11-22T07:58:44","modified_gmt":"2025-11-22T07:58:44","slug":"warum-metaflo-fur-die-entsorgung-von-flussigabfallen-wahlen","status":"publish","type":"page","link":"https:\/\/www.metaflotech.com\/de\/why-choose-metaflo-for-liquid-waste-management\/","title":{"rendered":"Warum MetaFLO w\u00e4hlen?"},"content":{"rendered":"<h1>\n\t\t\tWarum MetaFLO w\u00e4hlen?\t<\/h1>\n<h2>\n\t\t\t f\u00fcr die Entsorgung von Fl\u00fcssigabf\u00e4llen? \t<\/h2>\n\t<p>MetaFLO&#8217;s advanced chemistry turns liquid waste into a stackable solid in real time. Our proprietary reagent formula solidifies the same amount of liquid but without creating excess volume (bulking), making disposal easier, more efficient and less costly. Simply put:\u00a0 less waste, lower transportation and disposal costs, improved safety, better control and compliance while significantly reducing GHG emissions<\/p>\n\t\t\t\t<img decoding=\"async\" src=\"https:\/\/metaflotech.com\/wp-content\/uploads\/2021\/03\/about-metaflo-benefits-1.png\" alt=\"MetaFLO Vorteile\" itemprop=\"image\" title=\"\u00fcber-metaflo-vorteile-1\" onerror=\"this.style.display='none'\" loading=\"lazy\" \/>\n<h3>\n\t\t\tMetaFLO ist eine praktische, kosteng\u00fcnstige und nachhaltige Option\t<\/h3>\n\t<p>Conventional liquid waste disposal techniques add amendments like Portland, fly-ash, lime or sawdust to meet solids criteria for transportation to landfill &#8211; expanding volume by up to 200%. MetaFLO&#8217;s engineered reagents typically require a dosage of only 0.5%.<\/p>\n\t\t\t\t<img decoding=\"async\" src=\"https:\/\/www.metaflotech.com\/wp-content\/uploads\/2021\/03\/about-metaflo-process-1.png\" alt=\"MetaFLO-Prozess\" itemprop=\"image\" height=\"181\" width=\"650\" title=\"\u00fcber-metaflo-prozess-1\" onerror=\"this.style.display='none'\" loading=\"lazy\" \/>\n<h3>\n\t\t\tWarum MetaFLO verwenden?\t<\/h3>\n\t<ul>\n<li>MetaFLO reagents are fast &#8211; Immediately converts liquid waste to a solid in minutes<\/li>\n<li>MetaFLO reagents are easy &#8211; Creates a dry, stackable solid for easy handling<\/li>\n<li>MetaFLO-Reagenzien f\u00fchren im Vergleich zu herk\u00f6mmlichen Alternativen zu minimaler Aufbl\u00e4hung\n<ul>\n<li>MetaFLO-Reagenzien erf\u00fcllen Standards<\/li>\n<li>Hilft Abf\u00e4llen, das Toxicity Characteristic Leaching Procedure (EPA-Methode 1311) zu bestehen.<\/li>\n<li>Hilft Abf\u00e4llen, die Farbfilterkriterien zu erf\u00fcllen (EPA 9095)<\/li>\n<li>Deponiefreundlich und nicht biologisch abbaubar<\/li>\n<\/ul>\n<\/li>\n<li>MetaFLO-Reagenzien sind umweltfreundlich\n<ul>\n<li>Ungef\u00e4hrlich<\/li>\n<li>Ungiftig<\/li>\n<li>Chemisch inert<\/li>\n<\/ul>\n<\/li>\n<\/ul>\n\t\t\t\t<img decoding=\"async\" src=\"https:\/\/www.metaflotech.com\/wp-content\/uploads\/2024\/12\/Liquid-Waste-Solidification-EN-2.svg\" alt=\"Verfestigung fl\u00fcssiger Abf\u00e4lle - DE\" itemprop=\"image\" height=\"100\" width=\"100\" title=\"Verfestigung fl\u00fcssiger Abf\u00e4lle - DE\" onerror=\"this.style.display='none'\" loading=\"lazy\" \/>\n<h3>\n\t\t\tConventional Liquid Waste Disposal vs. MetaFLO&#8217;s On-Site Liquid Waste Disposal\t<\/h3>\n<h3>\n\t\t\tMetaFLO&#8217;s On-Site Liquid Waste Disposal (Solidification)\t<\/h3>\n\t<ul>\n<li>F\u00fcr den Transport zur Entsorgung werden 60 Kipplaster ben\u00f6tigt<\/li>\n<li>Verbringung von Abf\u00e4llen zur Endlagerst\u00e4tte<\/li>\n<li>Geringeres Risiko durch 54%, weniger Lastwagen und KEINEN Fl\u00fcssigkeitstransport<\/li>\n<li>Mehr Kontrolle \u00fcber Abf\u00e4lle und Einhaltung der Vorschriften f\u00fcr den Kunden<\/li>\n<li>Rund 33% Kosteneinsparungen in diesem Beispiel<\/li>\n<li>63% Reduzierung der Treibhausgasemissionen (C02 eq.)*<\/li>\n<li>Wiederverwendung des Bodens als sauberes, regeneratives F\u00fcllmaterial in der \u00f6rtlichen Kiesgrube<\/li>\n<\/ul>\n<h3>\n\t\t\tKonventionelle Fl\u00fcssigabfallentsorgung (keine Verfestigung)\t<\/h3>\n\t<ul>\n<li>F\u00fcr den Transport zur Entsorgung werden 130 Saugwagen ben\u00f6tigt<\/li>\n<li>Zu einer zugelassenen Umladestation verbrachte Abf\u00e4lle<\/li>\n<li>Erh\u00f6htes Risiko durch den Transport von Fl\u00fcssigkeiten<\/li>\n<li>Weniger Kontrolle der Abf\u00e4lle und Einhaltung der Vorschriften f\u00fcr den Kunden<\/li>\n<li>H\u00f6here Kosten, da f\u00fcr die Abfallentsorgung mehr Saugwagen ben\u00f6tigt werden (die im Vergleich zu Kippwagen teurer sind)<\/li>\n<li>H\u00f6here Treibhausgasemissionen durch mehr Lkw f\u00fcr den Abfalltransport<\/li>\n<li>Abf\u00e4lle k\u00f6nnen nicht f\u00fcr eine n\u00fctzliche Wiederverwendung aufgebracht werden.<\/li>\n<\/ul>\n<h2>\n\t\t\tMetaFLO&#8217;s Technology can Yield Significant Cost Savings\t<\/h2>\n\t\t\t\t<img decoding=\"async\" src=\"https:\/\/www.metaflotech.com\/wp-content\/uploads\/2024\/05\/Infographic.png\" alt=\"Infografik\" itemprop=\"image\" height=\"1810\" width=\"1280\" title=\"Infografik\" onerror=\"this.style.display='none'\" loading=\"lazy\" \/>\n<h3>\n\t\t\tMetaFLO&#8217;s Technology has a Reduced Environmental Impact\t<\/h3>\n\t<p>Our solidification methods use extremely low dosages of reagent to achieve regulatory solids criteria &#8211; often less than 1% wt\/wt. The low dosage adds less weight to the source waste than what is lost through natural evaporation after treatment resulting in a net reduction in total waste. Dump trucks can now be utilized to transport the solidified material to the appropriate disposal site far more efficiently than relying on vacuum trucks to transport liquids to treatment facilities. Additionally, liquid waste receiving sites are more scarce in most jurisdictions resulting in longer drives and greater cost associated with turn-around times. The table below illustrates how more trucks and greater drive times cause significant and unnecessary additional carbon emissions.<\/p>\n\t\t<iframe loading=\"lazy\" width=\"560\" height=\"315\" src=\"https:\/\/www.youtube.com\/embed\/WlS27JOvtbg\" title=\"Understanding Solidification - MetaFLO Technologies\" frameborder=\"0\" allow=\"accelerometer; autoplay; clipboard-write; encrypted-media; gyroscope; picture-in-picture\" allowfullscreen><\/iframe>\t\n\t\t\t\t<img decoding=\"async\" src=\"https:\/\/www.metaflotech.com\/wp-content\/uploads\/2021\/04\/image47.png\" alt=\"Bild47\" itemprop=\"image\" height=\"677\" width=\"845\" title=\"Bild47\" onerror=\"this.style.display='none'\" loading=\"lazy\" \/>\n\t<h1><strong>Unsere Reagenzien<\/strong><\/h1>\n<p>MetaFLO&#8217;s reagents turn industrial liquid waste streams into solids in minutes. By simply adding a minimal dosage of MetaFLO&#8217;s proprietary formulations to industrial liquid waste-from processes like HDD, drilling, boring, tunneling, micro-tunneling and hydro excavations-these reagents absorb excess water and immobilize any contaminants.<\/p>\n<p>All MetaFLO solidification products are environmentally safe, and are applied to help meet environmental solids criteria for wet spoils. The solidified material will also immobilize metals and hydrocarbons and can safely be transported to landfill directly from the generator site-or can be applied at liquid transfer stations prior to disposal.<\/p>\n<p>MetaFLO stellt Reagenzien f\u00fcr viele verschiedene Anwendungen her, und wir sind auch in der Lage, eine Reagenzienmischung speziell f\u00fcr Ihren Abfallstrom zu entwickeln. Kontaktieren Sie uns f\u00fcr weitere Details.<\/p>\n\t\t\t\t<a href=\"https:\/\/www.metaflotech.com\/de\/was-ist-das-metaflo-verfestigungsreagenz\/\"  target=\"_self\" itemprop=\"url\">\n\t\t\t\t<img decoding=\"async\" src=\"https:\/\/www.metaflotech.com\/wp-content\/uploads\/2021\/03\/What-150px.png\" alt=\"Was ist MetaFLO\" itemprop=\"image\" height=\"150\" width=\"150\" title=\"Was-150px\" onerror=\"this.style.display='none'\" loading=\"lazy\" \/>\n\t\t\t\t<\/a>\n\t\t\t\t<a href=\"https:\/\/www.metaflotech.com\/de\/wie-metaflo-funktioniert\/\"  target=\"_self\" itemprop=\"url\">\n\t\t\t\t<img decoding=\"async\" src=\"https:\/\/www.metaflotech.com\/wp-content\/uploads\/2021\/03\/When-150px.png\" alt=\"Wann sollte MetaFLO verwendet werden?\" itemprop=\"image\" height=\"150\" width=\"150\" title=\"Wenn-150px\" onerror=\"this.style.display='none'\" loading=\"lazy\" \/>\n\t\t\t\t<\/a>\n\t\t\t\t<a href=\"https:\/\/www.metaflotech.com\/de\/warum-metaflo-fur-die-entsorgung-von-flussigabfallen-wahlen\/\"  target=\"_self\" itemprop=\"url\">\n\t\t\t\t<img decoding=\"async\" src=\"https:\/\/www.metaflotech.com\/wp-content\/uploads\/2021\/03\/Why-150px.png\" alt=\"Warum MetaFLO w\u00e4hlen?\" itemprop=\"image\" height=\"150\" width=\"150\" title=\"Warum-150px\" onerror=\"this.style.display='none'\" loading=\"lazy\" \/>\n\t\t\t\t<\/a>","protected":false},"excerpt":{"rendered":"<p>Why choose MetaFLO for liquid waste management? MetaFLO&#8217;s advanced chemistry turns liquid waste into a stackable solid in real time. Our proprietary reagent formula solidifies the same amount of liquid but without creating excess volume (bulking), making disposal easier, more efficient and less costly. Simply put:\u00a0 less waste, lower transportation and disposal costs, improved safety,&hellip;<\/p>","protected":false},"author":1,"featured_media":0,"parent":0,"menu_order":0,"comment_status":"closed","ping_status":"closed","template":"","meta":{"_acf_changed":false,"inline_featured_image":false,"footnotes":""},"class_list":["post-73490","page","type-page","status-publish","hentry"],"acf":[],"yoast_head":"<!-- This site is optimized with the Yoast SEO plugin v27.4 - https:\/\/yoast.com\/product\/yoast-seo-wordpress\/ -->\n<title>Why Choose MetaFLO | MetaFLO Technologies<\/title>\n<meta name=\"description\" content=\"Proprietary reagent formula solidifies liquid but without creating excess volume, making disposal easier, more efficient and less costly.\" \/>\n<meta name=\"robots\" content=\"index, follow, max-snippet:-1, max-image-preview:large, max-video-preview:-1\" \/>\n<link rel=\"canonical\" href=\"https:\/\/www.metaflotech.com\/de\/warum-metaflo-fur-die-entsorgung-von-flussigabfallen-wahlen\/\" \/>\n<meta property=\"og:locale\" content=\"de_DE\" \/>\n<meta property=\"og:type\" content=\"article\" \/>\n<meta property=\"og:title\" content=\"Why Choose MetaFLO | MetaFLO Technologies\" \/>\n<meta property=\"og:description\" content=\"Proprietary reagent formula solidifies liquid but without creating excess volume, making disposal easier, more efficient and less costly.\" \/>\n<meta property=\"og:url\" content=\"https:\/\/www.metaflotech.com\/de\/warum-metaflo-fur-die-entsorgung-von-flussigabfallen-wahlen\/\" \/>\n<meta property=\"og:site_name\" content=\"MetaFLO Technologies\" \/>\n<meta property=\"article:publisher\" content=\"https:\/\/www.facebook.com\/MetaFLOTechnologies\/\" \/>\n<meta property=\"article:modified_time\" content=\"2025-11-22T07:58:44+00:00\" \/>\n<meta property=\"og:image\" content=\"https:\/\/metaflotech.com\/wp-content\/uploads\/2021\/03\/about-metaflo-benefits-1.png\" \/>\n<meta name=\"twitter:card\" content=\"summary_large_image\" \/>\n<meta name=\"twitter:site\" content=\"@metaflo\" \/>\n<meta name=\"twitter:label1\" content=\"Gesch\u00e4tzte Lesezeit\" \/>\n\t<meta name=\"twitter:data1\" content=\"4\u00a0Minuten\" \/>\n<script type=\"application\/ld+json\" class=\"yoast-schema-graph\">{\"@context\":\"https:\\\/\\\/schema.org\",\"@graph\":[{\"@type\":\"WebPage\",\"@id\":\"https:\\\/\\\/www.metaflotech.com\\\/de\\\/why-choose-metaflo-for-liquid-waste-management\\\/\",\"url\":\"https:\\\/\\\/www.metaflotech.com\\\/de\\\/why-choose-metaflo-for-liquid-waste-management\\\/\",\"name\":\"Why Choose MetaFLO | MetaFLO Technologies\",\"isPartOf\":{\"@id\":\"https:\\\/\\\/www.metaflotech.com\\\/de\\\/#website\"},\"primaryImageOfPage\":{\"@id\":\"https:\\\/\\\/www.metaflotech.com\\\/de\\\/why-choose-metaflo-for-liquid-waste-management\\\/#primaryimage\"},\"image\":{\"@id\":\"https:\\\/\\\/www.metaflotech.com\\\/de\\\/why-choose-metaflo-for-liquid-waste-management\\\/#primaryimage\"},\"thumbnailUrl\":\"https:\\\/\\\/metaflotech.com\\\/wp-content\\\/uploads\\\/2021\\\/03\\\/about-metaflo-benefits-1.png\",\"datePublished\":\"2021-04-26T15:49:39+00:00\",\"dateModified\":\"2025-11-22T07:58:44+00:00\",\"description\":\"Proprietary reagent formula solidifies liquid but without creating excess volume, making disposal easier, more efficient and less costly.\",\"breadcrumb\":{\"@id\":\"https:\\\/\\\/www.metaflotech.com\\\/de\\\/why-choose-metaflo-for-liquid-waste-management\\\/#breadcrumb\"},\"inLanguage\":\"de\",\"potentialAction\":[{\"@type\":\"ReadAction\",\"target\":[\"https:\\\/\\\/www.metaflotech.com\\\/de\\\/why-choose-metaflo-for-liquid-waste-management\\\/\"]}]},{\"@type\":\"ImageObject\",\"inLanguage\":\"de\",\"@id\":\"https:\\\/\\\/www.metaflotech.com\\\/de\\\/why-choose-metaflo-for-liquid-waste-management\\\/#primaryimage\",\"url\":\"https:\\\/\\\/metaflotech.com\\\/wp-content\\\/uploads\\\/2021\\\/03\\\/about-metaflo-benefits-1.png\",\"contentUrl\":\"https:\\\/\\\/metaflotech.com\\\/wp-content\\\/uploads\\\/2021\\\/03\\\/about-metaflo-benefits-1.png\"},{\"@type\":\"BreadcrumbList\",\"@id\":\"https:\\\/\\\/www.metaflotech.com\\\/de\\\/why-choose-metaflo-for-liquid-waste-management\\\/#breadcrumb\",\"itemListElement\":[{\"@type\":\"ListItem\",\"position\":1,\"name\":\"Home\",\"item\":\"https:\\\/\\\/www.metaflotech.com\\\/\"},{\"@type\":\"ListItem\",\"position\":2,\"name\":\"Why Choose MetaFLO\"}]},{\"@type\":\"WebSite\",\"@id\":\"https:\\\/\\\/www.metaflotech.com\\\/de\\\/#website\",\"url\":\"https:\\\/\\\/www.metaflotech.com\\\/de\\\/\",\"name\":\"MetaFLO Technologies\",\"description\":\"Engineered Polymer Solutions For Industrial Applications\",\"potentialAction\":[{\"@type\":\"SearchAction\",\"target\":{\"@type\":\"EntryPoint\",\"urlTemplate\":\"https:\\\/\\\/www.metaflotech.com\\\/de\\\/?s={search_term_string}\"},\"query-input\":{\"@type\":\"PropertyValueSpecification\",\"valueRequired\":true,\"valueName\":\"search_term_string\"}}],\"inLanguage\":\"de\"}]}<\/script>\n<!-- \/ Yoast SEO plugin. -->","yoast_head_json":{"title":"Why Choose MetaFLO | MetaFLO Technologies","description":"Die firmeneigene Reagenzienformel verfestigt die Fl\u00fcssigkeit, ohne jedoch \u00fcbersch\u00fcssiges Volumen zu erzeugen, was die Entsorgung einfacher, effizienter und kosteng\u00fcnstiger macht.","robots":{"index":"index","follow":"follow","max-snippet":"max-snippet:-1","max-image-preview":"max-image-preview:large","max-video-preview":"max-video-preview:-1"},"canonical":"https:\/\/www.metaflotech.com\/de\/warum-metaflo-fur-die-entsorgung-von-flussigabfallen-wahlen\/","og_locale":"de_DE","og_type":"article","og_title":"Why Choose MetaFLO | MetaFLO Technologies","og_description":"Proprietary reagent formula solidifies liquid but without creating excess volume, making disposal easier, more efficient and less costly.","og_url":"https:\/\/www.metaflotech.com\/de\/warum-metaflo-fur-die-entsorgung-von-flussigabfallen-wahlen\/","og_site_name":"MetaFLO Technologies","article_publisher":"https:\/\/www.facebook.com\/MetaFLOTechnologies\/","article_modified_time":"2025-11-22T07:58:44+00:00","og_image":[{"url":"https:\/\/metaflotech.com\/wp-content\/uploads\/2021\/03\/about-metaflo-benefits-1.png","type":"","width":"","height":""}],"twitter_card":"summary_large_image","twitter_site":"@metaflo","twitter_misc":{"Gesch\u00e4tzte Lesezeit":"4\u00a0Minuten"},"schema":{"@context":"https:\/\/schema.org","@graph":[{"@type":"WebPage","@id":"https:\/\/www.metaflotech.com\/de\/why-choose-metaflo-for-liquid-waste-management\/","url":"https:\/\/www.metaflotech.com\/de\/why-choose-metaflo-for-liquid-waste-management\/","name":"Why Choose MetaFLO | MetaFLO Technologies","isPartOf":{"@id":"https:\/\/www.metaflotech.com\/de\/#website"},"primaryImageOfPage":{"@id":"https:\/\/www.metaflotech.com\/de\/why-choose-metaflo-for-liquid-waste-management\/#primaryimage"},"image":{"@id":"https:\/\/www.metaflotech.com\/de\/why-choose-metaflo-for-liquid-waste-management\/#primaryimage"},"thumbnailUrl":"https:\/\/metaflotech.com\/wp-content\/uploads\/2021\/03\/about-metaflo-benefits-1.png","datePublished":"2021-04-26T15:49:39+00:00","dateModified":"2025-11-22T07:58:44+00:00","description":"Die firmeneigene Reagenzienformel verfestigt die Fl\u00fcssigkeit, ohne jedoch \u00fcbersch\u00fcssiges Volumen zu erzeugen, was die Entsorgung einfacher, effizienter und kosteng\u00fcnstiger macht.","breadcrumb":{"@id":"https:\/\/www.metaflotech.com\/de\/why-choose-metaflo-for-liquid-waste-management\/#breadcrumb"},"inLanguage":"de","potentialAction":[{"@type":"ReadAction","target":["https:\/\/www.metaflotech.com\/de\/why-choose-metaflo-for-liquid-waste-management\/"]}]},{"@type":"ImageObject","inLanguage":"de","@id":"https:\/\/www.metaflotech.com\/de\/why-choose-metaflo-for-liquid-waste-management\/#primaryimage","url":"https:\/\/metaflotech.com\/wp-content\/uploads\/2021\/03\/about-metaflo-benefits-1.png","contentUrl":"https:\/\/metaflotech.com\/wp-content\/uploads\/2021\/03\/about-metaflo-benefits-1.png"},{"@type":"BreadcrumbList","@id":"https:\/\/www.metaflotech.com\/de\/why-choose-metaflo-for-liquid-waste-management\/#breadcrumb","itemListElement":[{"@type":"ListItem","position":1,"name":"Home","item":"https:\/\/www.metaflotech.com\/"},{"@type":"ListItem","position":2,"name":"Why Choose MetaFLO"}]},{"@type":"WebSite","@id":"https:\/\/www.metaflotech.com\/de\/#website","url":"https:\/\/www.metaflotech.com\/de\/","name":"MetaFLO-Technologien","description":"Entwickelte Polymerl\u00f6sungen f\u00fcr industrielle Anwendungen","potentialAction":[{"@type":"SearchAction","target":{"@type":"EntryPoint","urlTemplate":"https:\/\/www.metaflotech.com\/de\/?s={search_term_string}"},"query-input":{"@type":"PropertyValueSpecification","valueRequired":true,"valueName":"search_term_string"}}],"inLanguage":"de"}]}},"_links":{"self":[{"href":"https:\/\/www.metaflotech.com\/de\/wp-json\/wp\/v2\/pages\/73490","targetHints":{"allow":["GET"]}}],"collection":[{"href":"https:\/\/www.metaflotech.com\/de\/wp-json\/wp\/v2\/pages"}],"about":[{"href":"https:\/\/www.metaflotech.com\/de\/wp-json\/wp\/v2\/types\/page"}],"author":[{"embeddable":true,"href":"https:\/\/www.metaflotech.com\/de\/wp-json\/wp\/v2\/users\/1"}],"replies":[{"embeddable":true,"href":"https:\/\/www.metaflotech.com\/de\/wp-json\/wp\/v2\/comments?post=73490"}],"version-history":[{"count":0,"href":"https:\/\/www.metaflotech.com\/de\/wp-json\/wp\/v2\/pages\/73490\/revisions"}],"wp:attachment":[{"href":"https:\/\/www.metaflotech.com\/de\/wp-json\/wp\/v2\/media?parent=73490"}],"curies":[{"name":"wp","href":"https:\/\/api.w.org\/{rel}","templated":true}]}}