{"id":89260,"date":"2024-03-25T11:28:51","date_gmt":"2024-03-25T11:28:51","guid":{"rendered":"https:\/\/www.metaflotech.com\/?page_id=89260"},"modified":"2026-03-12T13:15:08","modified_gmt":"2026-03-12T13:15:08","slug":"mf003","status":"publish","type":"page","link":"https:\/\/www.metaflotech.com\/de\/products\/solidification-reagents\/mf003\/","title":{"rendered":"MF003 Liquid Waste Solidification Polymer"},"content":{"rendered":"<img decoding=\"async\" src=\"https:\/\/www.metaflotech.com\/wp-content\/uploads\/2024\/03\/Dark-MF003.svg\" alt=\"MF003\" itemprop=\"image\" height=\"100\" width=\"100\" onerror=\"this.style.display='none'\" loading=\"lazy\" \/>\r\n\t<h1><strong>Ideal f\u00fcr die Verfestigung von verschiedenen fl\u00fcssigen Abfallstr\u00f6men<br \/>\r\n<\/strong><\/h1>\r\n<h1>Entwickelt f\u00fcr die Verfestigung von fl\u00fcssigen Abf\u00e4llen aus dem Tunnelbau (EPB), Richtbohrungen und mehr<\/h1>\r\n\t<h3><strong>Anmeldung<\/strong><\/h3>\r\n\t\t\t <p>Direktionales Bohren<\/p>\t\t\r\n\t\t\t <p>Tunnelbau (EPB)<\/p>\t\t\r\n\t\t\t <p>Mikro-Tunneling<\/p>\t\t\r\n\t\t\t <p>Regenwasser Sediment<\/p>\r\n\t\t\t <p>Schl\u00e4mme auf Wasserbasis<\/p>\t\t\r\n\t\t\t <p>Infrastruktur Schlamm<\/p>\r\n\t\t\t <p>Variable Abfallstr\u00f6me<\/p>\r\n\t<h3><strong>Ersetzt<\/strong><\/h3>\r\n\t\t\t <p>S\u00e4gesp\u00e4ne<\/p>\r\n\t\t\t <p>Limette<\/p>\r\n\t\t\t <p>Andere trockene \u00c4nderungsantr\u00e4ge<\/p>\r\n\t<h3><strong>Vorteile<\/strong><\/h3>\r\n\t\t\t <p>Entwickelt, um fl\u00fcssige Abf\u00e4lle zu verfestigen und den Farbfiltertest (EPA-Testmethode 9095) zu erf\u00fcllen<\/p>\r\n\t\t\t <p>Sehr niedriger Dosierungsbedarf<\/p>\r\n\t\t\t <p>Variabler Feststoffgehalt<\/p>\t\t\r\n\t\t\t <p>Kann Gewicht und Volumen bis zu 20% reduzieren (unter g\u00fcnstigen, trockenen Bedingungen)<\/p>\t\t\r\n\t\t\t <p>wandelt Bohrsp\u00fclungen schnell in Feststoffe um (&lt;30 Min.)<\/p>\t\t\r\n\t\t\t <p>Erzeugt einen trockenen, stapelbaren Feststoff f\u00fcr einfache Handhabung und Transport<\/p>\t\t\r\n\t\t\t <p>Immobilisiert Schadstoffe<\/p>\t\t\r\n\t\t\t <p>Besteht Mikrotoxizit\u00e4tstests<\/p>\t\t\r\n\t\t\t <p>Minimale Auswirkungen von Feuchtigkeit<\/p>\r\n\t\t\t <p>M\u00fclldeponiefreundlich<\/p>\r\n\t<h1><strong>Unsere Reagenzien<\/strong><\/h1>\r\n<p>MetaFLO&#8217;s reagents turn industrial liquid waste streams into solids in minutes. By simply adding a minimal dosage of MetaFLO&#8217;s proprietary formulations to industrial liquid waste-from processes like HDD, drilling, boring, tunneling, micro-tunneling and hydro excavations-these reagents absorb excess water and immobilize any contaminants.<\/p>\r\n<p>All MetaFLO solidification products are environmentally safe, and are applied to help meet environmental solids criteria for wet spoils. The solidified material will also immobilize metals and hydrocarbons and can safely be transported to landfill directly from the generator site-or can be applied at liquid transfer stations prior to disposal.<\/p>\r\n<p>MetaFLO stellt Reagenzien f\u00fcr viele verschiedene Anwendungen her, und wir sind auch in der Lage, eine Reagenzienmischung speziell f\u00fcr Ihren Abfallstrom zu entwickeln. Kontaktieren Sie uns f\u00fcr weitere Details.<\/p>\r\n\t\t\t\t<a href=\"https:\/\/www.metaflotech.com\/de\/was-ist-das-metaflo-verfestigungsreagenz\/\"  target=\"_self\" itemprop=\"url\">\r\n\t\t\t\t<img decoding=\"async\" src=\"https:\/\/www.metaflotech.com\/wp-content\/uploads\/2021\/03\/What-150px.png\" alt=\"Was ist MetaFLO\" itemprop=\"image\" height=\"150\" width=\"150\" title=\"Was-150px\" onerror=\"this.style.display='none'\" loading=\"lazy\" \/>\r\n\t\t\t\t<\/a>\r\n\t\t\t\t<a href=\"https:\/\/www.metaflotech.com\/de\/wie-metaflo-funktioniert\/\"  target=\"_self\" itemprop=\"url\">\r\n\t\t\t\t<img decoding=\"async\" src=\"https:\/\/www.metaflotech.com\/wp-content\/uploads\/2021\/03\/When-150px.png\" alt=\"Wann sollte MetaFLO verwendet werden?\" itemprop=\"image\" height=\"150\" width=\"150\" title=\"Wenn-150px\" onerror=\"this.style.display='none'\" loading=\"lazy\" \/>\r\n\t\t\t\t<\/a>\r\n\t\t\t\t<a href=\"https:\/\/www.metaflotech.com\/de\/warum-metaflo-fur-die-entsorgung-von-flussigabfallen-wahlen\/\"  target=\"_self\" itemprop=\"url\">\r\n\t\t\t\t<img decoding=\"async\" src=\"https:\/\/www.metaflotech.com\/wp-content\/uploads\/2021\/03\/Why-150px.png\" alt=\"Warum MetaFLO w\u00e4hlen?\" itemprop=\"image\" height=\"150\" width=\"150\" title=\"Warum-150px\" onerror=\"this.style.display='none'\" loading=\"lazy\" \/>\r\n\t\t\t\t<\/a>\r\n<h2>\r\n\t\t\tFallstudien\t<\/h2>\r\n<h3>\r\n\t\t<a href=\"https:\/\/www.metaflotech.com\/wp-content\/uploads\/2024\/12\/MF003-Case-Study-1_-Tunneling-English-MetaFLO-Technologies.pdf\" title=\"Australia's Longest Road Tunnel Made Efficient with MetaFLO's Waste Transport Solution\"  target=\"_self\">\r\n\t\t\tAustralia&#8217;s Longest Road Tunnel Made Efficient with MetaFLO&#8217;s Waste Transport Solution\t\t<\/a>\r\n\t<\/h3>\r\n\t<p>Rapid solidification technology simplifies waste handling, saving time and costs for Sydney&#8217;s NorthConnex project.<\/p>\r\n<h3>\r\n\t\t<a href=\"https:\/\/www.metaflotech.com\/wp-content\/uploads\/2024\/12\/MF003-Case-Study-2-English-MetaFLO-Technologies.pdf\" title=\"Schnelle Verfestigung f\u00fcr komplexe M\u00f6rtelabf\u00e4lle auf Baustellen\"  target=\"_self\">\r\n\t\t\tSchnelle Verfestigung f\u00fcr komplexe M\u00f6rtelabf\u00e4lle auf Baustellen\t\t<\/a>\r\n\t<\/h3>\r\n\t<p>MetaFLO&#8217;s swift solution for jet grout spoils keeps projects on schedule and minimizes environmental impact, offering a reliable method to handle chemically complex waste in the construction industry.<\/p>\r\n\t\t\t\t<a href=\"https:\/\/www.metaflotech.com\/de\/produkte\/erstarrungsreagenzien\/mf003\/\"  target=\"_self\" itemprop=\"url\">\r\n\t\t\t\t<img decoding=\"async\" src=\"https:\/\/www.metaflotech.com\/wp-content\/uploads\/2024\/03\/Logo-MF003.svg\" alt=\"Logo MF003\" itemprop=\"image\" height=\"100\" width=\"100\" title=\"Logo MF003\" onerror=\"this.style.display='none'\" loading=\"lazy\" \/>\r\n\t\t\t\t<\/a>\r\n\t<p>\u2713 Fl\u00fcssige Abfallstr\u00f6me<\/p>\r\n\t\t\t\t<a href=\"https:\/\/www.metaflotech.com\/de\/produkte\/erstarrungsreagenzien\/mf006\/\"  target=\"_self\" itemprop=\"url\">\r\n\t\t\t\t<img decoding=\"async\" src=\"https:\/\/www.metaflotech.com\/wp-content\/uploads\/2024\/03\/Logo-MF006.svg\" alt=\"Logo MF006\" itemprop=\"image\" height=\"100\" width=\"100\" title=\"Logo MF006\" onerror=\"this.style.display='none'\" loading=\"lazy\" \/>\r\n\t\t\t\t<\/a>\r\n\t<p>\u2713 Semi-Solid auf Wasserbasis<\/p>\r\n\t\t\t\t<a href=\"https:\/\/www.metaflotech.com\/de\/produkte\/erstarrungsreagenzien\/mf008\/\"  target=\"_self\" itemprop=\"url\">\r\n\t\t\t\t<img decoding=\"async\" src=\"https:\/\/www.metaflotech.com\/wp-content\/uploads\/2024\/03\/Logo-MF008.svg\" alt=\"Logo MF008\" itemprop=\"image\" height=\"100\" width=\"100\" title=\"Logo MF008\" onerror=\"this.style.display='none'\" loading=\"lazy\" \/>\r\n\t\t\t\t<\/a>\r\n\t<p>\u2713 \u00d6l- und Gasanwendungen<\/p>","protected":false},"excerpt":{"rendered":"<p>Ideal for solidification of various liquid waste streams Designed to solidify liquid wastes from tunneling (EPB), directional drilling and more Application Directional Drilling Tunneling (EPB) Micro-Tunnelling Stormwater Sediment Water-Based Slurries Infrastructure Sludge Variable Waste Streams Replaces Sawdust Lime Other Dry Amendments Benefits Designed to solidify liquid wastes to meet the Paint Filter Test (EPA Test&hellip;<\/p>","protected":false},"author":1,"featured_media":0,"parent":108080,"menu_order":0,"comment_status":"closed","ping_status":"closed","template":"","meta":{"_acf_changed":false,"inline_featured_image":false,"footnotes":""},"class_list":["post-89260","page","type-page","status-publish","hentry"],"acf":[],"yoast_head":"<!-- This site is optimized with the Yoast SEO plugin v27.4 - https:\/\/yoast.com\/product\/yoast-seo-wordpress\/ -->\n<title>MF003 Liquid Waste Solidification Polymer | MetaFLO Technologies<\/title>\n<meta name=\"description\" content=\"MF003 is a high-performance polymer for liquid waste, sludge and slurry solidification, enabling faster handling, safer transport and reduced disposal costs.\" \/>\n<meta name=\"robots\" content=\"index, follow, max-snippet:-1, max-image-preview:large, max-video-preview:-1\" \/>\n<link rel=\"canonical\" href=\"https:\/\/www.metaflotech.com\/de\/produkte\/erstarrungsreagenzien\/mf003\/\" \/>\n<meta property=\"og:locale\" content=\"de_DE\" \/>\n<meta property=\"og:type\" content=\"article\" \/>\n<meta property=\"og:title\" content=\"MF003 Liquid Waste Solidification Polymer | MetaFLO Technologies\" \/>\n<meta property=\"og:description\" content=\"MF003 is a high-performance polymer for liquid waste, sludge and slurry solidification, enabling faster handling, safer transport and reduced disposal costs.\" \/>\n<meta property=\"og:url\" content=\"https:\/\/www.metaflotech.com\/de\/produkte\/erstarrungsreagenzien\/mf003\/\" \/>\n<meta property=\"og:site_name\" content=\"MetaFLO Technologies\" \/>\n<meta property=\"article:publisher\" content=\"https:\/\/www.facebook.com\/MetaFLOTechnologies\/\" \/>\n<meta property=\"article:modified_time\" content=\"2026-03-12T13:15:08+00:00\" \/>\n<meta property=\"og:image\" content=\"https:\/\/www.metaflotech.com\/wp-content\/uploads\/2024\/03\/Dark-MF003.svg\" \/>\n<meta name=\"twitter:card\" content=\"summary_large_image\" \/>\n<meta name=\"twitter:site\" content=\"@metaflo\" \/>\n<meta name=\"twitter:label1\" content=\"Gesch\u00e4tzte Lesezeit\" \/>\n\t<meta name=\"twitter:data1\" content=\"3\u00a0Minuten\" \/>\n<script type=\"application\/ld+json\" class=\"yoast-schema-graph\">{\"@context\":\"https:\\\/\\\/schema.org\",\"@graph\":[{\"@type\":\"WebPage\",\"@id\":\"https:\\\/\\\/www.metaflotech.com\\\/de\\\/products\\\/solidification-reagents\\\/mf003\\\/\",\"url\":\"https:\\\/\\\/www.metaflotech.com\\\/de\\\/products\\\/solidification-reagents\\\/mf003\\\/\",\"name\":\"MF003 Liquid Waste Solidification Polymer | MetaFLO Technologies\",\"isPartOf\":{\"@id\":\"https:\\\/\\\/www.metaflotech.com\\\/de\\\/#website\"},\"primaryImageOfPage\":{\"@id\":\"https:\\\/\\\/www.metaflotech.com\\\/de\\\/products\\\/solidification-reagents\\\/mf003\\\/#primaryimage\"},\"image\":{\"@id\":\"https:\\\/\\\/www.metaflotech.com\\\/de\\\/products\\\/solidification-reagents\\\/mf003\\\/#primaryimage\"},\"thumbnailUrl\":\"https:\\\/\\\/www.metaflotech.com\\\/wp-content\\\/uploads\\\/2024\\\/03\\\/Dark-MF003.svg\",\"datePublished\":\"2024-03-25T11:28:51+00:00\",\"dateModified\":\"2026-03-12T13:15:08+00:00\",\"description\":\"MF003 is a high-performance polymer for liquid waste, sludge and slurry solidification, enabling faster handling, safer transport and reduced disposal costs.\",\"breadcrumb\":{\"@id\":\"https:\\\/\\\/www.metaflotech.com\\\/de\\\/products\\\/solidification-reagents\\\/mf003\\\/#breadcrumb\"},\"inLanguage\":\"de\",\"potentialAction\":[{\"@type\":\"ReadAction\",\"target\":[\"https:\\\/\\\/www.metaflotech.com\\\/de\\\/products\\\/solidification-reagents\\\/mf003\\\/\"]}]},{\"@type\":\"ImageObject\",\"inLanguage\":\"de\",\"@id\":\"https:\\\/\\\/www.metaflotech.com\\\/de\\\/products\\\/solidification-reagents\\\/mf003\\\/#primaryimage\",\"url\":\"https:\\\/\\\/www.metaflotech.com\\\/wp-content\\\/uploads\\\/2024\\\/03\\\/Dark-MF003.svg\",\"contentUrl\":\"https:\\\/\\\/www.metaflotech.com\\\/wp-content\\\/uploads\\\/2024\\\/03\\\/Dark-MF003.svg\"},{\"@type\":\"BreadcrumbList\",\"@id\":\"https:\\\/\\\/www.metaflotech.com\\\/de\\\/products\\\/solidification-reagents\\\/mf003\\\/#breadcrumb\",\"itemListElement\":[{\"@type\":\"ListItem\",\"position\":1,\"name\":\"Home\",\"item\":\"https:\\\/\\\/www.metaflotech.com\\\/\"},{\"@type\":\"ListItem\",\"position\":2,\"name\":\"Products\",\"item\":\"https:\\\/\\\/www.metaflotech.com\\\/products\\\/\"},{\"@type\":\"ListItem\",\"position\":3,\"name\":\"Solidification Reagents (MF)\",\"item\":\"https:\\\/\\\/www.metaflotech.com\\\/products\\\/solidification-reagents\\\/\"},{\"@type\":\"ListItem\",\"position\":4,\"name\":\"MF003 Liquid Waste Solidification Polymer\"}]},{\"@type\":\"WebSite\",\"@id\":\"https:\\\/\\\/www.metaflotech.com\\\/de\\\/#website\",\"url\":\"https:\\\/\\\/www.metaflotech.com\\\/de\\\/\",\"name\":\"MetaFLO Technologies\",\"description\":\"Engineered Polymer Solutions For Industrial Applications\",\"potentialAction\":[{\"@type\":\"SearchAction\",\"target\":{\"@type\":\"EntryPoint\",\"urlTemplate\":\"https:\\\/\\\/www.metaflotech.com\\\/de\\\/?s={search_term_string}\"},\"query-input\":{\"@type\":\"PropertyValueSpecification\",\"valueRequired\":true,\"valueName\":\"search_term_string\"}}],\"inLanguage\":\"de\"}]}<\/script>\n<!-- \/ Yoast SEO plugin. -->","yoast_head_json":{"title":"MF003 Liquid Waste Solidification Polymer | MetaFLO Technologies","description":"MF003 is a high-performance polymer for liquid waste, sludge and slurry solidification, enabling faster handling, safer transport and reduced disposal costs.","robots":{"index":"index","follow":"follow","max-snippet":"max-snippet:-1","max-image-preview":"max-image-preview:large","max-video-preview":"max-video-preview:-1"},"canonical":"https:\/\/www.metaflotech.com\/de\/produkte\/erstarrungsreagenzien\/mf003\/","og_locale":"de_DE","og_type":"article","og_title":"MF003 Liquid Waste Solidification Polymer | MetaFLO Technologies","og_description":"MF003 is a high-performance polymer for liquid waste, sludge and slurry solidification, enabling faster handling, safer transport and reduced disposal costs.","og_url":"https:\/\/www.metaflotech.com\/de\/produkte\/erstarrungsreagenzien\/mf003\/","og_site_name":"MetaFLO Technologies","article_publisher":"https:\/\/www.facebook.com\/MetaFLOTechnologies\/","article_modified_time":"2026-03-12T13:15:08+00:00","og_image":[{"url":"https:\/\/www.metaflotech.com\/wp-content\/uploads\/2024\/03\/Dark-MF003.svg","type":"","width":"","height":""}],"twitter_card":"summary_large_image","twitter_site":"@metaflo","twitter_misc":{"Gesch\u00e4tzte Lesezeit":"3\u00a0Minuten"},"schema":{"@context":"https:\/\/schema.org","@graph":[{"@type":"WebPage","@id":"https:\/\/www.metaflotech.com\/de\/products\/solidification-reagents\/mf003\/","url":"https:\/\/www.metaflotech.com\/de\/products\/solidification-reagents\/mf003\/","name":"MF003 Liquid Waste Solidification Polymer | MetaFLO Technologies","isPartOf":{"@id":"https:\/\/www.metaflotech.com\/de\/#website"},"primaryImageOfPage":{"@id":"https:\/\/www.metaflotech.com\/de\/products\/solidification-reagents\/mf003\/#primaryimage"},"image":{"@id":"https:\/\/www.metaflotech.com\/de\/products\/solidification-reagents\/mf003\/#primaryimage"},"thumbnailUrl":"https:\/\/www.metaflotech.com\/wp-content\/uploads\/2024\/03\/Dark-MF003.svg","datePublished":"2024-03-25T11:28:51+00:00","dateModified":"2026-03-12T13:15:08+00:00","description":"MF003 is a high-performance polymer for liquid waste, sludge and slurry solidification, enabling faster handling, safer transport and reduced disposal costs.","breadcrumb":{"@id":"https:\/\/www.metaflotech.com\/de\/products\/solidification-reagents\/mf003\/#breadcrumb"},"inLanguage":"de","potentialAction":[{"@type":"ReadAction","target":["https:\/\/www.metaflotech.com\/de\/products\/solidification-reagents\/mf003\/"]}]},{"@type":"ImageObject","inLanguage":"de","@id":"https:\/\/www.metaflotech.com\/de\/products\/solidification-reagents\/mf003\/#primaryimage","url":"https:\/\/www.metaflotech.com\/wp-content\/uploads\/2024\/03\/Dark-MF003.svg","contentUrl":"https:\/\/www.metaflotech.com\/wp-content\/uploads\/2024\/03\/Dark-MF003.svg"},{"@type":"BreadcrumbList","@id":"https:\/\/www.metaflotech.com\/de\/products\/solidification-reagents\/mf003\/#breadcrumb","itemListElement":[{"@type":"ListItem","position":1,"name":"Home","item":"https:\/\/www.metaflotech.com\/"},{"@type":"ListItem","position":2,"name":"Products","item":"https:\/\/www.metaflotech.com\/products\/"},{"@type":"ListItem","position":3,"name":"Solidification Reagents (MF)","item":"https:\/\/www.metaflotech.com\/products\/solidification-reagents\/"},{"@type":"ListItem","position":4,"name":"MF003 Liquid Waste Solidification Polymer"}]},{"@type":"WebSite","@id":"https:\/\/www.metaflotech.com\/de\/#website","url":"https:\/\/www.metaflotech.com\/de\/","name":"MetaFLO-Technologien","description":"Entwickelte Polymerl\u00f6sungen f\u00fcr industrielle Anwendungen","potentialAction":[{"@type":"SearchAction","target":{"@type":"EntryPoint","urlTemplate":"https:\/\/www.metaflotech.com\/de\/?s={search_term_string}"},"query-input":{"@type":"PropertyValueSpecification","valueRequired":true,"valueName":"search_term_string"}}],"inLanguage":"de"}]}},"_links":{"self":[{"href":"https:\/\/www.metaflotech.com\/de\/wp-json\/wp\/v2\/pages\/89260","targetHints":{"allow":["GET"]}}],"collection":[{"href":"https:\/\/www.metaflotech.com\/de\/wp-json\/wp\/v2\/pages"}],"about":[{"href":"https:\/\/www.metaflotech.com\/de\/wp-json\/wp\/v2\/types\/page"}],"author":[{"embeddable":true,"href":"https:\/\/www.metaflotech.com\/de\/wp-json\/wp\/v2\/users\/1"}],"replies":[{"embeddable":true,"href":"https:\/\/www.metaflotech.com\/de\/wp-json\/wp\/v2\/comments?post=89260"}],"version-history":[{"count":0,"href":"https:\/\/www.metaflotech.com\/de\/wp-json\/wp\/v2\/pages\/89260\/revisions"}],"up":[{"embeddable":true,"href":"https:\/\/www.metaflotech.com\/de\/wp-json\/wp\/v2\/pages\/108080"}],"wp:attachment":[{"href":"https:\/\/www.metaflotech.com\/de\/wp-json\/wp\/v2\/media?parent=89260"}],"curies":[{"name":"wp","href":"https:\/\/api.w.org\/{rel}","templated":true}]}}