{"id":94636,"date":"2024-10-09T07:19:08","date_gmt":"2024-10-09T07:19:08","guid":{"rendered":"https:\/\/www.metaflotech.com\/?page_id=94636"},"modified":"2026-03-17T14:24:10","modified_gmt":"2026-03-17T14:24:10","slug":"soiltech","status":"publish","type":"page","link":"https:\/\/www.metaflotech.com\/de\/products\/biopolymers\/soiltech\/","title":{"rendered":"SoilTech Biopolymer for Soil Stabilization and Unpaved Roads"},"content":{"rendered":"<p><img loading=\"lazy\" decoding=\"async\" title=\"Dunkelheit\" src=\"https:\/\/www.metaflotech.com\/wp-content\/uploads\/2025\/07\/Dark-3.svg\" alt=\"Dunkelheit\" width=\"100\" height=\"100\" \/><\/p>\r\n<h1><strong>Biopolymer<\/strong><\/h1>\r\n<h1>Einsatz bei der Bodenstabilisierung und Staubbek\u00e4mpfung<\/h1>\r\n<h3><strong>Anmeldung<\/strong><\/h3>\r\n<p>Transportwege<\/p>\r\n<p>Fundamente<\/p>\r\n<p>St\u00fctzmauern<\/p>\r\n<p>Bergbau-Infrastruktur<\/p>\r\n<h3><strong>Vorteile<\/strong><\/h3>\r\n<p>Senkung der Betriebs- und Logistikkosten durch Behandlung des Bodens vor Ort.<\/p>\r\n<p>Unsere exklusive Technologie sorgt f\u00fcr eine erh\u00f6hte Langlebigkeit und Widerstandsf\u00e4higkeit des Stra\u00dfenbelags, Staubbeseitigung und ein besseres Kosten-Nutzen-Verh\u00e4ltnis.<\/p>\r\n<p>Verbesserung der mechanischen Eigenschaften des Bodens.<\/p>\r\n<p>SoilTech erh\u00f6ht den CBR (California Bearing Index) in verschiedenen Bodentypen erheblich.<\/p>\r\n<p>Environmental safety &#8211; SoilTech is free of chemical contaminants that can affect the environment.<\/p>\r\n<p>Die behandelte Bodenschicht wird nicht rutschig.<\/p>\r\n<p><img loading=\"lazy\" decoding=\"async\" src=\"https:\/\/www.metaflotech.com\/wp-content\/uploads\/2024\/10\/Icon-1-Home-Page-200x200-1.png\" alt=\"\" width=\"200\" height=\"200\" \/><\/p>\r\n<h3><strong>Aus Algen gewonnenes Biopolymer, das umweltvertr\u00e4glich f\u00fcr den Boden und die terrestrische Fauna ist und in Bioreaktoren hergestellt wird. Verbesserte Bodenstabilisierung und Staubunterdr\u00fcckung.<\/strong><\/h3>\r\n<p><img loading=\"lazy\" decoding=\"async\" title=\"Icon-2-Home-Page-200x200\" src=\"https:\/\/www.metaflotech.com\/wp-content\/uploads\/2024\/10\/Icon-2-Home-Page-200x200-1.png\" alt=\"Icon-2-Home-Page-200x200\" width=\"200\" height=\"200\" \/><\/p>\r\n<h3><strong>Verbindet sich mit dem Boden und bildet eine undurchl\u00e4ssigere Oberfl\u00e4che mit verbesserten mechanischen Eigenschaften, einschlie\u00dflich erh\u00f6hter Druckfestigkeit, verbesserter Koh\u00e4sion und gr\u00f6\u00dferer Elastizit\u00e4t.<\/strong><\/h3>\r\n<p><img loading=\"lazy\" decoding=\"async\" title=\"Icon-3-Home-Page-200x200\" src=\"https:\/\/www.metaflotech.com\/wp-content\/uploads\/2024\/10\/Icon-3-Home-Page-200x200-1.png\" alt=\"Icon-3-Home-Page-200x200\" width=\"200\" height=\"200\" \/><\/p>\r\n<h3><strong>Modernste Technologie, die Einsparungen bei Ihrem Bauprojekt erm\u00f6glicht.<br \/><\/strong><\/h3>\r\n<h1><strong>ANWENDUNGSMETHODIK<\/strong><\/h1>\r\n<h3>Easy application, low dosage &#8211; can be diluted directly in the water truck<br \/>ohne zus\u00e4tzliche Ausr\u00fcstung.<\/h3>\r\n<h2><strong>Nat\u00fcrlicher Boden<\/strong><\/h2>\r\n<p><img loading=\"lazy\" decoding=\"async\" src=\"https:\/\/www.metaflotech.com\/wp-content\/uploads\/2024\/10\/Image-1-Home-Page-600x400-1.jpg\" alt=\"\" width=\"600\" height=\"400\" \/><\/p>\r\n<p><em>Gelber lateritischer Boden<\/em><\/p>\r\n<h2><strong>Dilution of SoilTech in water<\/strong><\/h2>\r\n<p><img loading=\"lazy\" decoding=\"async\" src=\"https:\/\/www.metaflotech.com\/wp-content\/uploads\/2024\/10\/Image-2-Home-Page-400x400-1.png\" alt=\"\" width=\"400\" height=\"400\" \/><\/p>\r\n<p><em>Einfache Anwendung<\/em><\/p>\r\n<h2><strong>After SoilTech<\/strong><\/h2>\r\n<p><img loading=\"lazy\" decoding=\"async\" src=\"https:\/\/www.metaflotech.com\/wp-content\/uploads\/2024\/10\/Image-4-Home-Page-400x400-1.png\" alt=\"\" width=\"400\" height=\"400\" \/><\/p>\r\n<p><em>Testmuster<\/em><\/p>\r\n<h2><strong>Verbesserte mechanische Eigenschaften des Bodens<\/strong><\/h2>\r\n<p>SoilTech erh\u00f6ht den CBR-Wert in verschiedenen Bodentypen erheblich.<\/p>\r\n<p><img loading=\"lazy\" decoding=\"async\" title=\"Image-4-Startseite\" src=\"https:\/\/www.metaflotech.com\/wp-content\/uploads\/2024\/10\/Image-4-Home-Page.png\" alt=\"Image-4-Startseite\" width=\"1080\" height=\"1080\" \/><\/p>\r\n<h2><strong>Wirkt als Stabilisator in verschiedenen Schichten<\/strong><\/h2>\r\n<p>SoilTech kann als Basis, Unterbau und Unterbaustabilisator verwendet werden.<\/p>\r\n<p><img loading=\"lazy\" decoding=\"async\" title=\"Bild-5-Startseite\" src=\"https:\/\/www.metaflotech.com\/wp-content\/uploads\/2024\/10\/Image-5-Home-Page.png\" alt=\"Bild-5-Startseite\" width=\"1080\" height=\"1080\" \/> <img loading=\"lazy\" decoding=\"async\" title=\"Bild-3-Startseite\" src=\"https:\/\/www.metaflotech.com\/wp-content\/uploads\/2024\/10\/Image-3-Home-Page.png\" alt=\"Bild-3-Startseite\" width=\"1080\" height=\"1080\" \/><\/p>\r\n<h2><strong>Nachhaltigkeit<\/strong><\/h2>\r\n<p>\u00d6kologisch unbedenklich f\u00fcr den Boden und die terrestrische Fauna.<\/p>\r\n<p><img loading=\"lazy\" decoding=\"async\" title=\"Bild-6-Home-Page\" src=\"https:\/\/www.metaflotech.com\/wp-content\/uploads\/2024\/10\/Image-6-Home-Page.png\" alt=\"Bild-6-Home-Page\" width=\"1080\" height=\"1080\" \/><\/p>\r\n<h2><strong>St\u00e4rkung des Zusammenhalts<\/strong><\/h2>\r\n<p>Zunahme der Partikelagglomeration an der Bodenoberfl\u00e4che.<\/p>\r\n<h3><strong>Eine wirksame Staubbek\u00e4mpfung wird zur Pflicht, da zahlreiche Gesundheits- und Umweltprobleme im Zusammenhang mit \u00fcberm\u00e4\u00dfigem Feinstaub in der Luft auftauchen.<\/strong><\/h3>\r\n<p>SoilTech soil stabilization polymers also provide dust suppression when applied using conventional spraying apparatus. SoilTech offers a wide range of benefits over water spraying-our patented biopolymer solutions have unique properties that enable them to effectively bind and stabilize soil particles and reduce dust emissions in mining, agriculture, and construction.<\/p>\r\n<h3><strong>Senkung der Betriebs- und Logistikkosten durch Behandlung des Bodens an Ort und Stelle.<\/strong><\/h3>\r\n<h3><strong>Es werden keine zus\u00e4tzlichen Bodenstabilisierungsmaterialien wie Kies, Sand und Zement ben\u00f6tigt.<\/strong><\/h3>\r\n<h3><strong>Unsere einzigartige, patentierte Technologie sorgt f\u00fcr eine h\u00f6here Widerstandsf\u00e4higkeit und Festigkeit der Stra\u00dfenoberfl\u00e4che, f\u00fcr Staubbeseitigung und niedrigere Gesamtbetriebskosten.<\/strong><\/h3>\r\n<h2><strong>Nat\u00fcrlicher Boden vor und nach der Anwendung von SoilTech<\/strong><\/h2>\r\n<h3><strong>An\u00e1polis &#8211; GO (Brazil)<\/strong><\/h3>\r\n<p><img loading=\"lazy\" decoding=\"async\" title=\"Vorher und nachher\" src=\"https:\/\/www.metaflotech.com\/wp-content\/uploads\/2024\/10\/Before-and-After.png\" alt=\"Vorher und nachher\" width=\"1601\" height=\"969\" \/><\/p>\r\n<h2>Fallstudien<\/h2>\r\n<h3><a title=\"SoilTech Powers Nachhaltige Fahrbahnstabilisierung\" href=\"https:\/\/www.metaflotech.com\/wp-content\/uploads\/2025\/07\/SoilTech-Case-Study-1-English-MetaFLO-Technologies.pdf\" target=\"_self\"> SoilTech Powers Nachhaltige Fahrbahnstabilisierung <\/a><\/h3>\r\n<p>MetaFLO&#8217;s innovative stabilization solution provided essential cost savings, productivity gains, and environmental benefits to keep a large-scale roadway project on schedule and within budget.<\/p>\r\n<h3><a title=\"SoilTech Powers: Nachhaltige Eisenbahn-Hinterf\u00fcllungsschicht\" href=\"https:\/\/www.metaflotech.com\/wp-content\/uploads\/2025\/07\/SoilTech-Case-Study-2-English-MetaFLO-Technologies.pdf\" target=\"_self\"> SoilTech Powers: Nachhaltige Eisenbahn-Hinterf\u00fcllungsschicht <\/a><\/h3>\r\n<p>The use of MetaFLO&#8217;s biopolymer resulted in notable cost savings, productivity gains, and environmental benefits for a large-scale railway project by speeding up the stabilization process while cutting down water usage.<\/p>\r\n<h3><a title=\"SoilTech treibt nachhaltige Stra\u00dfen aus indigenem Land voran\" href=\"https:\/\/www.metaflotech.com\/wp-content\/uploads\/2025\/07\/SoilTech-Case-Study-3-English-MetaFLO-Technologies.pdf\" target=\"_self\"> SoilTech treibt nachhaltige Stra\u00dfen aus indigenem Land voran <\/a><\/h3>\r\n<p>MetaFLO&#8217;s biopolymer quickly turned a potentially hazardous unpaved road into a compact and durable surface while saving time and money.<\/p>\r\n<h1><strong>Unsere Biopolymere<\/strong><\/h1>\r\n<p>MetaFLO&#8217;s biopolymers have been purposefully engineered to provide a variety of cost-effective solutions for multiple applications, from dust suppression to gold extraction. Our products are environmentally safe, easy to use, and can be tailored to meet specific needs. Contact us for more details.<\/p>\r\n<p><a href=\"https:\/\/www.metaflotech.com\/de\/produkte\/biopolymere\/soiltech\/\" target=\"_self\"> <img loading=\"lazy\" decoding=\"async\" title=\"Logo\" src=\"https:\/\/www.metaflotech.com\/wp-content\/uploads\/2025\/07\/Logo-3.svg\" alt=\"Logo\" width=\"100\" height=\"100\" \/> <\/a><\/p>\r\n<p><strong>\u2713 Bodenstabilisierung<\/strong><\/p>\r\n<p><a href=\"https:\/\/www.metaflotech.com\/de\/produkte\/biopolymere\/dustech\/\" target=\"_self\"> <img loading=\"lazy\" decoding=\"async\" title=\"Logo\" src=\"https:\/\/www.metaflotech.com\/wp-content\/uploads\/2025\/07\/Logo-5.svg\" alt=\"Logo\" width=\"100\" height=\"100\" \/> <\/a><\/p>\r\n<p><strong>\u2713 Staubunterdr\u00fcckung<\/strong><\/p>\r\n<p><a href=\"https:\/\/www.metaflotech.com\/de\/produkte\/biopolymere\/extractech\/\" target=\"_self\"> <img loading=\"lazy\" decoding=\"async\" title=\"Logo\" src=\"https:\/\/www.metaflotech.com\/wp-content\/uploads\/2025\/07\/Logo-4.svg\" alt=\"Logo\" width=\"100\" height=\"100\" \/> <\/a> <strong>\u2713 Goldgewinnung &amp; Cyanid-Reduktion<br \/><\/strong> <a href=\"https:\/\/www.metaflotech.com\/de\/produkte\/biopolymere\/remtech\/\" target=\"_self\"> <img loading=\"lazy\" decoding=\"async\" title=\"Logo\" src=\"https:\/\/www.metaflotech.com\/wp-content\/uploads\/2025\/07\/Logo.svg\" alt=\"Logo\" width=\"100\" height=\"100\" \/> <\/a><\/p>\r\n<p><strong>\u2713 Verunreinigtes Wasser<\/strong><\/p>\r\n<p><a href=\"https:\/\/www.metaflotech.com\/de\/produkte\/biopolymere\/zementech\/\" target=\"_self\"> <img loading=\"lazy\" decoding=\"async\" title=\"Logo\" src=\"https:\/\/www.metaflotech.com\/wp-content\/uploads\/2025\/07\/Logo-8.svg\" alt=\"Logo\" width=\"100\" height=\"100\" \/> <\/a><\/p>\r\n<p><strong>\u2713 Zementveredelung<\/strong><\/p>","protected":false},"excerpt":{"rendered":"<p>Biopolymer Used in soil stabilization and dust suppression Application Haul Roads Foundations Retaining Walls Mine Infrastructure Benefits Reduction in operational and logistics costs by treating the soil on site. Our exclusive technology ensures increased longevity and resistance of the road surface, dust elimination and better cost-benefit. Improvement of soil mechanical properties. SoilTech significantly increases the&hellip;<\/p>","protected":false},"author":1,"featured_media":0,"parent":108180,"menu_order":0,"comment_status":"closed","ping_status":"closed","template":"","meta":{"_acf_changed":false,"inline_featured_image":false,"footnotes":""},"class_list":["post-94636","page","type-page","status-publish","hentry"],"acf":[],"yoast_head":"<!-- This site is optimized with the Yoast SEO plugin v27.4 - https:\/\/yoast.com\/product\/yoast-seo-wordpress\/ -->\n<title>SoilTech Biopolymer for Soil Stabilization and Unpaved Roads | MetaFLO Technologies<\/title>\n<meta name=\"description\" content=\"MetaFLO SoilTech is an advanced biopolymer for soil stabilization on unpaved and industrial roads, improving durability, trafficability and long-term road performance.\" \/>\n<meta name=\"robots\" content=\"index, follow, max-snippet:-1, max-image-preview:large, max-video-preview:-1\" \/>\n<link rel=\"canonical\" href=\"https:\/\/www.metaflotech.com\/de\/produkte\/biopolymere\/soiltech\/\" \/>\n<meta property=\"og:locale\" content=\"de_DE\" \/>\n<meta property=\"og:type\" content=\"article\" \/>\n<meta property=\"og:title\" content=\"SoilTech Biopolymer for Soil Stabilization and Unpaved Roads | MetaFLO Technologies\" \/>\n<meta property=\"og:description\" content=\"MetaFLO SoilTech is an advanced biopolymer for soil stabilization on unpaved and industrial roads, improving durability, trafficability and long-term road performance.\" \/>\n<meta property=\"og:url\" content=\"https:\/\/www.metaflotech.com\/de\/produkte\/biopolymere\/soiltech\/\" \/>\n<meta property=\"og:site_name\" content=\"MetaFLO Technologies\" \/>\n<meta property=\"article:publisher\" content=\"https:\/\/www.facebook.com\/MetaFLOTechnologies\/\" \/>\n<meta property=\"article:modified_time\" content=\"2026-03-17T14:24:10+00:00\" \/>\n<meta property=\"og:image\" content=\"https:\/\/www.metaflotech.com\/wp-content\/uploads\/2025\/07\/Dark-3.svg\" \/>\n<meta name=\"twitter:card\" content=\"summary_large_image\" \/>\n<meta name=\"twitter:site\" content=\"@metaflo\" \/>\n<meta name=\"twitter:label1\" content=\"Gesch\u00e4tzte Lesezeit\" \/>\n\t<meta name=\"twitter:data1\" content=\"6\u00a0Minuten\" \/>\n<script type=\"application\/ld+json\" class=\"yoast-schema-graph\">{\"@context\":\"https:\\\/\\\/schema.org\",\"@graph\":[{\"@type\":\"WebPage\",\"@id\":\"https:\\\/\\\/www.metaflotech.com\\\/de\\\/products\\\/biopolymers\\\/soiltech\\\/\",\"url\":\"https:\\\/\\\/www.metaflotech.com\\\/de\\\/products\\\/biopolymers\\\/soiltech\\\/\",\"name\":\"SoilTech Biopolymer for Soil Stabilization and Unpaved Roads | MetaFLO Technologies\",\"isPartOf\":{\"@id\":\"https:\\\/\\\/www.metaflotech.com\\\/de\\\/#website\"},\"primaryImageOfPage\":{\"@id\":\"https:\\\/\\\/www.metaflotech.com\\\/de\\\/products\\\/biopolymers\\\/soiltech\\\/#primaryimage\"},\"image\":{\"@id\":\"https:\\\/\\\/www.metaflotech.com\\\/de\\\/products\\\/biopolymers\\\/soiltech\\\/#primaryimage\"},\"thumbnailUrl\":\"https:\\\/\\\/www.metaflotech.com\\\/wp-content\\\/uploads\\\/2025\\\/07\\\/Dark-3.svg\",\"datePublished\":\"2024-10-09T07:19:08+00:00\",\"dateModified\":\"2026-03-17T14:24:10+00:00\",\"description\":\"MetaFLO SoilTech is an advanced biopolymer for soil stabilization on unpaved and industrial roads, improving durability, trafficability and long-term road performance.\",\"breadcrumb\":{\"@id\":\"https:\\\/\\\/www.metaflotech.com\\\/de\\\/products\\\/biopolymers\\\/soiltech\\\/#breadcrumb\"},\"inLanguage\":\"de\",\"potentialAction\":[{\"@type\":\"ReadAction\",\"target\":[\"https:\\\/\\\/www.metaflotech.com\\\/de\\\/products\\\/biopolymers\\\/soiltech\\\/\"]}]},{\"@type\":\"ImageObject\",\"inLanguage\":\"de\",\"@id\":\"https:\\\/\\\/www.metaflotech.com\\\/de\\\/products\\\/biopolymers\\\/soiltech\\\/#primaryimage\",\"url\":\"https:\\\/\\\/www.metaflotech.com\\\/wp-content\\\/uploads\\\/2025\\\/07\\\/Dark-3.svg\",\"contentUrl\":\"https:\\\/\\\/www.metaflotech.com\\\/wp-content\\\/uploads\\\/2025\\\/07\\\/Dark-3.svg\"},{\"@type\":\"BreadcrumbList\",\"@id\":\"https:\\\/\\\/www.metaflotech.com\\\/de\\\/products\\\/biopolymers\\\/soiltech\\\/#breadcrumb\",\"itemListElement\":[{\"@type\":\"ListItem\",\"position\":1,\"name\":\"Home\",\"item\":\"https:\\\/\\\/www.metaflotech.com\\\/\"},{\"@type\":\"ListItem\",\"position\":2,\"name\":\"Products\",\"item\":\"https:\\\/\\\/www.metaflotech.com\\\/products\\\/\"},{\"@type\":\"ListItem\",\"position\":3,\"name\":\"Biopolymers (Tech)\",\"item\":\"https:\\\/\\\/www.metaflotech.com\\\/products\\\/biopolymers\\\/\"},{\"@type\":\"ListItem\",\"position\":4,\"name\":\"SoilTech Biopolymer for Soil Stabilization and Unpaved Roads\"}]},{\"@type\":\"WebSite\",\"@id\":\"https:\\\/\\\/www.metaflotech.com\\\/de\\\/#website\",\"url\":\"https:\\\/\\\/www.metaflotech.com\\\/de\\\/\",\"name\":\"MetaFLO Technologies\",\"description\":\"Engineered Polymer Solutions For Industrial Applications\",\"potentialAction\":[{\"@type\":\"SearchAction\",\"target\":{\"@type\":\"EntryPoint\",\"urlTemplate\":\"https:\\\/\\\/www.metaflotech.com\\\/de\\\/?s={search_term_string}\"},\"query-input\":{\"@type\":\"PropertyValueSpecification\",\"valueRequired\":true,\"valueName\":\"search_term_string\"}}],\"inLanguage\":\"de\"}]}<\/script>\n<!-- \/ Yoast SEO plugin. -->","yoast_head_json":{"title":"SoilTech Biopolymer for Soil Stabilization and Unpaved Roads | MetaFLO Technologies","description":"MetaFLO SoilTech is an advanced biopolymer for soil stabilization on unpaved and industrial roads, improving durability, trafficability and long-term road performance.","robots":{"index":"index","follow":"follow","max-snippet":"max-snippet:-1","max-image-preview":"max-image-preview:large","max-video-preview":"max-video-preview:-1"},"canonical":"https:\/\/www.metaflotech.com\/de\/produkte\/biopolymere\/soiltech\/","og_locale":"de_DE","og_type":"article","og_title":"SoilTech Biopolymer for Soil Stabilization and Unpaved Roads | MetaFLO Technologies","og_description":"MetaFLO SoilTech is an advanced biopolymer for soil stabilization on unpaved and industrial roads, improving durability, trafficability and long-term road performance.","og_url":"https:\/\/www.metaflotech.com\/de\/produkte\/biopolymere\/soiltech\/","og_site_name":"MetaFLO Technologies","article_publisher":"https:\/\/www.facebook.com\/MetaFLOTechnologies\/","article_modified_time":"2026-03-17T14:24:10+00:00","og_image":[{"url":"https:\/\/www.metaflotech.com\/wp-content\/uploads\/2025\/07\/Dark-3.svg","type":"","width":"","height":""}],"twitter_card":"summary_large_image","twitter_site":"@metaflo","twitter_misc":{"Gesch\u00e4tzte Lesezeit":"6\u00a0Minuten"},"schema":{"@context":"https:\/\/schema.org","@graph":[{"@type":"WebPage","@id":"https:\/\/www.metaflotech.com\/de\/products\/biopolymers\/soiltech\/","url":"https:\/\/www.metaflotech.com\/de\/products\/biopolymers\/soiltech\/","name":"SoilTech Biopolymer for Soil Stabilization and Unpaved Roads | MetaFLO Technologies","isPartOf":{"@id":"https:\/\/www.metaflotech.com\/de\/#website"},"primaryImageOfPage":{"@id":"https:\/\/www.metaflotech.com\/de\/products\/biopolymers\/soiltech\/#primaryimage"},"image":{"@id":"https:\/\/www.metaflotech.com\/de\/products\/biopolymers\/soiltech\/#primaryimage"},"thumbnailUrl":"https:\/\/www.metaflotech.com\/wp-content\/uploads\/2025\/07\/Dark-3.svg","datePublished":"2024-10-09T07:19:08+00:00","dateModified":"2026-03-17T14:24:10+00:00","description":"MetaFLO SoilTech is an advanced biopolymer for soil stabilization on unpaved and industrial roads, improving durability, trafficability and long-term road performance.","breadcrumb":{"@id":"https:\/\/www.metaflotech.com\/de\/products\/biopolymers\/soiltech\/#breadcrumb"},"inLanguage":"de","potentialAction":[{"@type":"ReadAction","target":["https:\/\/www.metaflotech.com\/de\/products\/biopolymers\/soiltech\/"]}]},{"@type":"ImageObject","inLanguage":"de","@id":"https:\/\/www.metaflotech.com\/de\/products\/biopolymers\/soiltech\/#primaryimage","url":"https:\/\/www.metaflotech.com\/wp-content\/uploads\/2025\/07\/Dark-3.svg","contentUrl":"https:\/\/www.metaflotech.com\/wp-content\/uploads\/2025\/07\/Dark-3.svg"},{"@type":"BreadcrumbList","@id":"https:\/\/www.metaflotech.com\/de\/products\/biopolymers\/soiltech\/#breadcrumb","itemListElement":[{"@type":"ListItem","position":1,"name":"Home","item":"https:\/\/www.metaflotech.com\/"},{"@type":"ListItem","position":2,"name":"Products","item":"https:\/\/www.metaflotech.com\/products\/"},{"@type":"ListItem","position":3,"name":"Biopolymers (Tech)","item":"https:\/\/www.metaflotech.com\/products\/biopolymers\/"},{"@type":"ListItem","position":4,"name":"SoilTech Biopolymer for Soil Stabilization and Unpaved Roads"}]},{"@type":"WebSite","@id":"https:\/\/www.metaflotech.com\/de\/#website","url":"https:\/\/www.metaflotech.com\/de\/","name":"MetaFLO-Technologien","description":"Entwickelte Polymerl\u00f6sungen f\u00fcr industrielle Anwendungen","potentialAction":[{"@type":"SearchAction","target":{"@type":"EntryPoint","urlTemplate":"https:\/\/www.metaflotech.com\/de\/?s={search_term_string}"},"query-input":{"@type":"PropertyValueSpecification","valueRequired":true,"valueName":"search_term_string"}}],"inLanguage":"de"}]}},"_links":{"self":[{"href":"https:\/\/www.metaflotech.com\/de\/wp-json\/wp\/v2\/pages\/94636","targetHints":{"allow":["GET"]}}],"collection":[{"href":"https:\/\/www.metaflotech.com\/de\/wp-json\/wp\/v2\/pages"}],"about":[{"href":"https:\/\/www.metaflotech.com\/de\/wp-json\/wp\/v2\/types\/page"}],"author":[{"embeddable":true,"href":"https:\/\/www.metaflotech.com\/de\/wp-json\/wp\/v2\/users\/1"}],"replies":[{"embeddable":true,"href":"https:\/\/www.metaflotech.com\/de\/wp-json\/wp\/v2\/comments?post=94636"}],"version-history":[{"count":0,"href":"https:\/\/www.metaflotech.com\/de\/wp-json\/wp\/v2\/pages\/94636\/revisions"}],"up":[{"embeddable":true,"href":"https:\/\/www.metaflotech.com\/de\/wp-json\/wp\/v2\/pages\/108180"}],"wp:attachment":[{"href":"https:\/\/www.metaflotech.com\/de\/wp-json\/wp\/v2\/media?parent=94636"}],"curies":[{"name":"wp","href":"https:\/\/api.w.org\/{rel}","templated":true}]}}