{"id":95190,"date":"2024-10-09T13:54:53","date_gmt":"2024-10-09T13:54:53","guid":{"rendered":"https:\/\/www.metaflotech.com\/?page_id=95190"},"modified":"2026-03-12T13:10:53","modified_gmt":"2026-03-12T13:10:53","slug":"extractech","status":"publish","type":"page","link":"https:\/\/www.metaflotech.com\/de\/products\/biopolymers\/extractech\/","title":{"rendered":"ExtracTech Gold Extraction and Metal Recovery"},"content":{"rendered":"<p><img loading=\"lazy\" decoding=\"async\" title=\"Dunkelheit\" src=\"https:\/\/www.metaflotech.com\/wp-content\/uploads\/2025\/07\/Dark-4.svg\" alt=\"Dunkelheit\" width=\"100\" height=\"100\" \/><\/p>\r\n<h1><strong>Biopolymer<\/strong><\/h1>\r\n<h1>Einsatz in der Edelmetallverarbeitung<\/h1>\r\n<h3><strong>Anmeldung<\/strong><\/h3>\r\n<p>Verarbeitung von Edelmetallen in Laugungsbecken.<\/p>\r\n<h3><strong>Vorteile<\/strong><\/h3>\r\n<p>Beschleunigte Reaktionszeiten unter Verwendung bestehender Kinetiken.<\/p>\r\n<p>Die Verwertungseffizienz kann erh\u00f6ht werden\u00a0<b>bis zu 3%.<\/b><\/p>\r\n<p>Verringerung des Zyanideinsatzes um <strong>bis zu 35%.<\/strong><\/p>\r\n<p>Ersatz des im Prozess verwendeten Alkalisierungsmittels und Verwendung von Dosierungen <strong>bis zu 20-mal niedriger.<\/strong><\/p>\r\n<p>Stabilit\u00e4t des gew\u00fcnschten pH-Wertes w\u00e4hrend des Prozesses, Vermeidung von Schwankungen, wie sie bei der Verwendung anderer Alkalisierungsmittel auftreten.<\/p>\r\n<p>Bei einem saubereren Verfahren k\u00f6nnen Abf\u00e4lle mit geringerer Toxizit\u00e4t anfallen.<\/p>\r\n<p>Erm\u00f6glicht die Verwendung von Gold und Edelmetallen mit h\u00f6herem Reinheitsgrad.<\/p>\r\n<p>Keine zus\u00e4tzliche Spezialausr\u00fcstung erforderlich.<\/p>\r\n<p>&nbsp;<\/p>\r\n<p>Die Wirksamkeit l\u00e4sst sich leicht in Ihren Labors validieren.<\/p>\r\n<p>&nbsp;<\/p>\r\n<p>Skalierbar unter Verwendung Ihrer bestehenden Tankinjektionskonfiguration.<\/p>\r\n<p>\u00a0 <img loading=\"lazy\" decoding=\"async\" title=\"ExtracTech-Goldlaugungsl\u00f6sung\" src=\"https:\/\/www.metaflotech.com\/wp-content\/uploads\/2024\/10\/ExtracTech-Gold-leaching-solution.png\" alt=\"ExtracTech-Goldlaugungsl\u00f6sung\" width=\"694\" height=\"694\" \/><\/p>\r\n<h3>Die Chemie des MetaFLO-Biopolymers wurde f\u00fcr den Cyanidierungsprozess entwickelt, um Verbesserungen bei der Goldlaugung zu erzielen. Es wirkt nicht nur als Alkalisierungsmittel im Prozess, <strong>by reacting with the heavy metals associated with gold, MetaFLO&#8217;s biopolymer can increase gold extraction percentages by up to 3%.<\/strong><\/h3>\r\n<h2><strong>Cyanid-Reduktion<\/strong><\/h2>\r\n<h2><strong>Verst\u00e4rkte Erholung<\/strong><\/h2>\r\n<h2><strong>Reaktion Beschleunigung<\/strong><\/h2>\r\n<div style=\"width: 640px;\" class=\"wp-video\"><video class=\"wp-video-shortcode\" id=\"video-95190-1\" width=\"640\" height=\"360\" poster=\"https:\/\/www.metaflotech.com\/wp-content\/uploads\/2023\/01\/extractech-video.jpg\" preload=\"none\" controls=\"controls\"><source type=\"video\/mp4\" src=\"https:\/\/www.metaflotech.com\/wp-content\/uploads\/2023\/01\/Extractech_30_sec_version.mp4?_=1\" \/><source type=\"video\/mp4\" src=\"https:\/\/www.metaflotech.com\/wp-content\/uploads\/2023\/01\/Extractech_30_sec_version.mp4?_=1\" \/><a href=\"https:\/\/www.metaflotech.com\/wp-content\/uploads\/2023\/01\/Extractech_30_sec_version.mp4\">https:\/\/www.metaflotech.com\/wp-content\/uploads\/2023\/01\/Extractech_30_sec_version.mp4<\/a><\/video><\/div>\r\n<h2><strong>Wie funktioniert es?<\/strong><\/h2>\r\n<p>ExtracTech erf\u00fcllt bei Kontakt mit dem Erz chemisch zwei Funktionen: als Alkalisierungsmittel, das den pH-Wert des Breis an den gew\u00fcnschten Bereich anpasst und f\u00fcr seine Stabilit\u00e4t w\u00e4hrend des gesamten Prozesses sorgt, und als chemisches Oxidationsmittel, das Oxidations-Reduktionsreaktionen mit den anderen in der Goldmatrix vorhandenen Metallen durchf\u00fchrt und diese eliminiert.<\/p>\r\n<p>ExtracTech liefert auch zus\u00e4tzlichen Sauerstoff f\u00fcr die Reaktion, wodurch die Reaktion selbst beschleunigt werden kann.<\/p>\r\n<p><em><strong>Das Zyanid kann das Gold nicht sehen, bevor es freigesetzt wird. Es muss also erst mit den Metallen auf der Oberfl\u00e4che reagieren, um dann das Gold sehen zu k\u00f6nnen.<\/strong><\/em><\/p>\r\n<p><img loading=\"lazy\" decoding=\"async\" title=\"Cyanidierung-mit-ExtracTech-Zusatz\" src=\"https:\/\/www.metaflotech.com\/wp-content\/uploads\/2024\/10\/Cyanidation-with-having-ExtracTech-added.png\" alt=\"Cyanidierung-mit-ExtracTech-Zusatz\" width=\"1500\" height=\"667\" \/> <strong>ExtracTech reagiert mit den Metallen, die mit den Goldpartikeln verbunden sind, und erleichtert so die Wirkung des Zyanids im Prozess.<\/strong> <strong> Es reagiert in der Reihenfolge der Reaktivit\u00e4t der Metalle und bricht die Bindungen auf, wobei Energie in einer leicht exothermen Reaktion freigesetzt wird.<\/strong> <strong> Es reagiert schneller mit Nichtmetallen und mit Metallen mit hohem Oxidations-Reduktions-Potenzial (ORP), wie z. B. Eisen.<\/strong> <img loading=\"lazy\" decoding=\"async\" title=\"Dunkelheit\" src=\"https:\/\/www.metaflotech.com\/wp-content\/uploads\/2025\/07\/Dark-4.svg\" alt=\"Dunkelheit\" width=\"100\" height=\"100\" \/><\/p>\r\n<h1>ExtracTech wurde erfolgreich in Goldminen getestet, wobei Vorteile wie der Ersatz von Alkalien, eine h\u00f6here metallurgische Ausbeute und ein geringerer Zyanidverbrauch erzielt wurden.<\/h1>\r\n<h2><strong>Before ExtracTech Reaction<\/strong><\/h2>\r\n<p><img loading=\"lazy\" decoding=\"async\" title=\"Extractech-vor\" src=\"https:\/\/www.metaflotech.com\/wp-content\/uploads\/2024\/10\/Extractech-Before.png\" alt=\"Extractech-vor\" width=\"694\" height=\"694\" \/><\/p>\r\n<h2><strong>After ExtracTech Reaction<\/strong><\/h2>\r\n<p><img loading=\"lazy\" decoding=\"async\" title=\"Extractech-After-1\" src=\"https:\/\/www.metaflotech.com\/wp-content\/uploads\/2024\/10\/Extractech-After-1.png\" alt=\"Extractech-After-1\" width=\"694\" height=\"694\" \/><\/p>\r\n<p><em>Anwendung von ExtracTech bei refrakt\u00e4rem Golderz mit Palladium und Platin.<\/em><\/p>\r\n<p>&nbsp;<\/p>\r\n<h3><strong>Es sind wesentlich geringere Dosierungen erforderlich als bei herk\u00f6mmlichen Alkalisierungsmitteln, und der gew\u00fcnschte pH-Bereich bleibt stabil.<\/strong><\/h3>\r\n<h1>Als Biopolymer f\u00fcr die Cyanidreduktion<\/h1>\r\n<h3>Als Zusatz zu Ihrem bestehenden Cyanidierungsprozess,<strong> ExtracTech can also reduce your cyanide usage by up to 35%. <\/strong><\/h3>\r\n<h2>Fallstudien<\/h2>\r\n<h3><a title=\"ExtracTech Verbesserte Goldgewinnung in feuerfesten Erzen\" href=\"https:\/\/www.metaflotech.com\/wp-content\/uploads\/2025\/07\/ExtracTech-Case-Study-English-MetaFLO-Technologies.pdf\" target=\"_self\"> ExtracTech Verbesserte Goldgewinnung in feuerfesten Erzen <\/a><\/h3>\r\n<p>MetaFLO&#8217;s ExtracTech biopolymer demonstrated substantial efficacy for the gold extraction process, supporting safe and sustainable practices.<\/p>\r\n<h1><strong>Unsere Biopolymere<\/strong><\/h1>\r\n<p>MetaFLO&#8217;s biopolymers have been purposefully engineered to provide a variety of cost-effective solutions for multiple applications, from dust suppression to gold extraction. Our products are environmentally safe, easy to use, and can be tailored to meet specific needs. Contact us for more details.<\/p>\r\n<p><a href=\"https:\/\/www.metaflotech.com\/de\/produkte\/biopolymere\/soiltech\/\" target=\"_self\"> <img loading=\"lazy\" decoding=\"async\" title=\"Logo\" src=\"https:\/\/www.metaflotech.com\/wp-content\/uploads\/2025\/07\/Logo-3.svg\" alt=\"Logo\" width=\"100\" height=\"100\" \/> <\/a><\/p>\r\n<p><strong>\u2713 Bodenstabilisierung<\/strong><\/p>\r\n<p><a href=\"https:\/\/www.metaflotech.com\/de\/produkte\/biopolymere\/dustech\/\" target=\"_self\"> <img loading=\"lazy\" decoding=\"async\" title=\"Logo\" src=\"https:\/\/www.metaflotech.com\/wp-content\/uploads\/2025\/07\/Logo-5.svg\" alt=\"Logo\" width=\"100\" height=\"100\" \/> <\/a><\/p>\r\n<p><strong>\u2713 Staubunterdr\u00fcckung<\/strong><\/p>\r\n<p><a href=\"https:\/\/www.metaflotech.com\/de\/produkte\/biopolymere\/extractech\/\" target=\"_self\"> <img loading=\"lazy\" decoding=\"async\" title=\"Logo\" src=\"https:\/\/www.metaflotech.com\/wp-content\/uploads\/2025\/07\/Logo-4.svg\" alt=\"Logo\" width=\"100\" height=\"100\" \/> <\/a> <strong>\u2713 Goldgewinnung &amp; Cyanid-Reduktion<br \/><\/strong> <a href=\"https:\/\/www.metaflotech.com\/de\/produkte\/biopolymere\/remtech\/\" target=\"_self\"> <img loading=\"lazy\" decoding=\"async\" title=\"Logo\" src=\"https:\/\/www.metaflotech.com\/wp-content\/uploads\/2025\/07\/Logo.svg\" alt=\"Logo\" width=\"100\" height=\"100\" \/> <\/a><\/p>\r\n<p><strong>\u2713 Verunreinigtes Wasser<\/strong><\/p>\r\n<p><a href=\"https:\/\/www.metaflotech.com\/de\/produkte\/biopolymere\/zementech\/\" target=\"_self\"> <img loading=\"lazy\" decoding=\"async\" title=\"Logo\" src=\"https:\/\/www.metaflotech.com\/wp-content\/uploads\/2025\/07\/Logo-8.svg\" alt=\"Logo\" width=\"100\" height=\"100\" \/> <\/a><\/p>\r\n<p><strong>\u2713 Zementveredelung<\/strong><\/p>","protected":false},"excerpt":{"rendered":"<p>Biopolymer Used for precious metal processing Application Processing of precious metals in leaching tanks. Benefits Accelerated reaction times using existing kinetics. Recovery efficiency can be increased\u00a0up to 3%. Reduced cyanide use by up to 35%. Replacement of the alkalizer used in the process and use of dosages up to 20x lower. Stability of the desired&hellip;<\/p>","protected":false},"author":1,"featured_media":0,"parent":108180,"menu_order":0,"comment_status":"closed","ping_status":"closed","template":"","meta":{"_acf_changed":false,"inline_featured_image":false,"footnotes":""},"class_list":["post-95190","page","type-page","status-publish","hentry"],"acf":[],"yoast_head":"<!-- This site is optimized with the Yoast SEO plugin v27.4 - https:\/\/yoast.com\/product\/yoast-seo-wordpress\/ -->\n<title>ExtracTech Gold Extraction and Metal Recovery | MetaFLO Technologies<\/title>\n<meta name=\"description\" content=\"ExtracTech enhances gold extraction and metal recovery in mining operations, improving process efficiency while reducing cyanide consumption and environmental impact.\" \/>\n<meta name=\"robots\" content=\"index, follow, max-snippet:-1, max-image-preview:large, max-video-preview:-1\" \/>\n<link rel=\"canonical\" href=\"https:\/\/www.metaflotech.com\/de\/produkte\/biopolymere\/extractech\/\" \/>\n<meta property=\"og:locale\" content=\"de_DE\" \/>\n<meta property=\"og:type\" content=\"article\" \/>\n<meta property=\"og:title\" content=\"ExtracTech Gold Extraction and Metal Recovery | MetaFLO Technologies\" \/>\n<meta property=\"og:description\" content=\"ExtracTech enhances gold extraction and metal recovery in mining operations, improving process efficiency while reducing cyanide consumption and environmental impact.\" \/>\n<meta property=\"og:url\" content=\"https:\/\/www.metaflotech.com\/de\/produkte\/biopolymere\/extractech\/\" \/>\n<meta property=\"og:site_name\" content=\"MetaFLO Technologies\" \/>\n<meta property=\"article:publisher\" content=\"https:\/\/www.facebook.com\/MetaFLOTechnologies\/\" \/>\n<meta property=\"article:modified_time\" content=\"2026-03-12T13:10:53+00:00\" \/>\n<meta property=\"og:image\" content=\"https:\/\/www.metaflotech.com\/wp-content\/uploads\/2025\/07\/Dark-4.svg\" \/>\n<meta name=\"twitter:card\" content=\"summary_large_image\" \/>\n<meta name=\"twitter:site\" content=\"@metaflo\" \/>\n<meta name=\"twitter:label1\" content=\"Gesch\u00e4tzte Lesezeit\" \/>\n\t<meta name=\"twitter:data1\" content=\"5\u00a0Minuten\" \/>\n<script type=\"application\/ld+json\" class=\"yoast-schema-graph\">{\"@context\":\"https:\\\/\\\/schema.org\",\"@graph\":[{\"@type\":\"WebPage\",\"@id\":\"https:\\\/\\\/www.metaflotech.com\\\/de\\\/products\\\/biopolymers\\\/extractech\\\/\",\"url\":\"https:\\\/\\\/www.metaflotech.com\\\/de\\\/products\\\/biopolymers\\\/extractech\\\/\",\"name\":\"ExtracTech Gold Extraction and Metal Recovery | MetaFLO Technologies\",\"isPartOf\":{\"@id\":\"https:\\\/\\\/www.metaflotech.com\\\/de\\\/#website\"},\"primaryImageOfPage\":{\"@id\":\"https:\\\/\\\/www.metaflotech.com\\\/de\\\/products\\\/biopolymers\\\/extractech\\\/#primaryimage\"},\"image\":{\"@id\":\"https:\\\/\\\/www.metaflotech.com\\\/de\\\/products\\\/biopolymers\\\/extractech\\\/#primaryimage\"},\"thumbnailUrl\":\"https:\\\/\\\/www.metaflotech.com\\\/wp-content\\\/uploads\\\/2025\\\/07\\\/Dark-4.svg\",\"datePublished\":\"2024-10-09T13:54:53+00:00\",\"dateModified\":\"2026-03-12T13:10:53+00:00\",\"description\":\"ExtracTech enhances gold extraction and metal recovery in mining operations, improving process efficiency while reducing cyanide consumption and environmental impact.\",\"breadcrumb\":{\"@id\":\"https:\\\/\\\/www.metaflotech.com\\\/de\\\/products\\\/biopolymers\\\/extractech\\\/#breadcrumb\"},\"inLanguage\":\"de\",\"potentialAction\":[{\"@type\":\"ReadAction\",\"target\":[\"https:\\\/\\\/www.metaflotech.com\\\/de\\\/products\\\/biopolymers\\\/extractech\\\/\"]}]},{\"@type\":\"ImageObject\",\"inLanguage\":\"de\",\"@id\":\"https:\\\/\\\/www.metaflotech.com\\\/de\\\/products\\\/biopolymers\\\/extractech\\\/#primaryimage\",\"url\":\"https:\\\/\\\/www.metaflotech.com\\\/wp-content\\\/uploads\\\/2025\\\/07\\\/Dark-4.svg\",\"contentUrl\":\"https:\\\/\\\/www.metaflotech.com\\\/wp-content\\\/uploads\\\/2025\\\/07\\\/Dark-4.svg\"},{\"@type\":\"BreadcrumbList\",\"@id\":\"https:\\\/\\\/www.metaflotech.com\\\/de\\\/products\\\/biopolymers\\\/extractech\\\/#breadcrumb\",\"itemListElement\":[{\"@type\":\"ListItem\",\"position\":1,\"name\":\"Home\",\"item\":\"https:\\\/\\\/www.metaflotech.com\\\/\"},{\"@type\":\"ListItem\",\"position\":2,\"name\":\"Products\",\"item\":\"https:\\\/\\\/www.metaflotech.com\\\/products\\\/\"},{\"@type\":\"ListItem\",\"position\":3,\"name\":\"Biopolymers (Tech)\",\"item\":\"https:\\\/\\\/www.metaflotech.com\\\/products\\\/biopolymers\\\/\"},{\"@type\":\"ListItem\",\"position\":4,\"name\":\"ExtracTech Gold Extraction and Metal Recovery\"}]},{\"@type\":\"WebSite\",\"@id\":\"https:\\\/\\\/www.metaflotech.com\\\/de\\\/#website\",\"url\":\"https:\\\/\\\/www.metaflotech.com\\\/de\\\/\",\"name\":\"MetaFLO Technologies\",\"description\":\"Engineered Polymer Solutions For Industrial Applications\",\"potentialAction\":[{\"@type\":\"SearchAction\",\"target\":{\"@type\":\"EntryPoint\",\"urlTemplate\":\"https:\\\/\\\/www.metaflotech.com\\\/de\\\/?s={search_term_string}\"},\"query-input\":{\"@type\":\"PropertyValueSpecification\",\"valueRequired\":true,\"valueName\":\"search_term_string\"}}],\"inLanguage\":\"de\"}]}<\/script>\n<!-- \/ Yoast SEO plugin. -->","yoast_head_json":{"title":"ExtracTech Gold Extraction and Metal Recovery | MetaFLO Technologies","description":"ExtracTech enhances gold extraction and metal recovery in mining operations, improving process efficiency while reducing cyanide consumption and environmental impact.","robots":{"index":"index","follow":"follow","max-snippet":"max-snippet:-1","max-image-preview":"max-image-preview:large","max-video-preview":"max-video-preview:-1"},"canonical":"https:\/\/www.metaflotech.com\/de\/produkte\/biopolymere\/extractech\/","og_locale":"de_DE","og_type":"article","og_title":"ExtracTech Gold Extraction and Metal Recovery | MetaFLO Technologies","og_description":"ExtracTech enhances gold extraction and metal recovery in mining operations, improving process efficiency while reducing cyanide consumption and environmental impact.","og_url":"https:\/\/www.metaflotech.com\/de\/produkte\/biopolymere\/extractech\/","og_site_name":"MetaFLO Technologies","article_publisher":"https:\/\/www.facebook.com\/MetaFLOTechnologies\/","article_modified_time":"2026-03-12T13:10:53+00:00","og_image":[{"url":"https:\/\/www.metaflotech.com\/wp-content\/uploads\/2025\/07\/Dark-4.svg","type":"","width":"","height":""}],"twitter_card":"summary_large_image","twitter_site":"@metaflo","twitter_misc":{"Gesch\u00e4tzte Lesezeit":"5\u00a0Minuten"},"schema":{"@context":"https:\/\/schema.org","@graph":[{"@type":"WebPage","@id":"https:\/\/www.metaflotech.com\/de\/products\/biopolymers\/extractech\/","url":"https:\/\/www.metaflotech.com\/de\/products\/biopolymers\/extractech\/","name":"ExtracTech Gold Extraction and Metal Recovery | MetaFLO Technologies","isPartOf":{"@id":"https:\/\/www.metaflotech.com\/de\/#website"},"primaryImageOfPage":{"@id":"https:\/\/www.metaflotech.com\/de\/products\/biopolymers\/extractech\/#primaryimage"},"image":{"@id":"https:\/\/www.metaflotech.com\/de\/products\/biopolymers\/extractech\/#primaryimage"},"thumbnailUrl":"https:\/\/www.metaflotech.com\/wp-content\/uploads\/2025\/07\/Dark-4.svg","datePublished":"2024-10-09T13:54:53+00:00","dateModified":"2026-03-12T13:10:53+00:00","description":"ExtracTech enhances gold extraction and metal recovery in mining operations, improving process efficiency while reducing cyanide consumption and environmental impact.","breadcrumb":{"@id":"https:\/\/www.metaflotech.com\/de\/products\/biopolymers\/extractech\/#breadcrumb"},"inLanguage":"de","potentialAction":[{"@type":"ReadAction","target":["https:\/\/www.metaflotech.com\/de\/products\/biopolymers\/extractech\/"]}]},{"@type":"ImageObject","inLanguage":"de","@id":"https:\/\/www.metaflotech.com\/de\/products\/biopolymers\/extractech\/#primaryimage","url":"https:\/\/www.metaflotech.com\/wp-content\/uploads\/2025\/07\/Dark-4.svg","contentUrl":"https:\/\/www.metaflotech.com\/wp-content\/uploads\/2025\/07\/Dark-4.svg"},{"@type":"BreadcrumbList","@id":"https:\/\/www.metaflotech.com\/de\/products\/biopolymers\/extractech\/#breadcrumb","itemListElement":[{"@type":"ListItem","position":1,"name":"Home","item":"https:\/\/www.metaflotech.com\/"},{"@type":"ListItem","position":2,"name":"Products","item":"https:\/\/www.metaflotech.com\/products\/"},{"@type":"ListItem","position":3,"name":"Biopolymers (Tech)","item":"https:\/\/www.metaflotech.com\/products\/biopolymers\/"},{"@type":"ListItem","position":4,"name":"ExtracTech Gold Extraction and Metal Recovery"}]},{"@type":"WebSite","@id":"https:\/\/www.metaflotech.com\/de\/#website","url":"https:\/\/www.metaflotech.com\/de\/","name":"MetaFLO-Technologien","description":"Entwickelte Polymerl\u00f6sungen f\u00fcr industrielle Anwendungen","potentialAction":[{"@type":"SearchAction","target":{"@type":"EntryPoint","urlTemplate":"https:\/\/www.metaflotech.com\/de\/?s={search_term_string}"},"query-input":{"@type":"PropertyValueSpecification","valueRequired":true,"valueName":"search_term_string"}}],"inLanguage":"de"}]}},"_links":{"self":[{"href":"https:\/\/www.metaflotech.com\/de\/wp-json\/wp\/v2\/pages\/95190","targetHints":{"allow":["GET"]}}],"collection":[{"href":"https:\/\/www.metaflotech.com\/de\/wp-json\/wp\/v2\/pages"}],"about":[{"href":"https:\/\/www.metaflotech.com\/de\/wp-json\/wp\/v2\/types\/page"}],"author":[{"embeddable":true,"href":"https:\/\/www.metaflotech.com\/de\/wp-json\/wp\/v2\/users\/1"}],"replies":[{"embeddable":true,"href":"https:\/\/www.metaflotech.com\/de\/wp-json\/wp\/v2\/comments?post=95190"}],"version-history":[{"count":0,"href":"https:\/\/www.metaflotech.com\/de\/wp-json\/wp\/v2\/pages\/95190\/revisions"}],"up":[{"embeddable":true,"href":"https:\/\/www.metaflotech.com\/de\/wp-json\/wp\/v2\/pages\/108180"}],"wp:attachment":[{"href":"https:\/\/www.metaflotech.com\/de\/wp-json\/wp\/v2\/media?parent=95190"}],"curies":[{"name":"wp","href":"https:\/\/api.w.org\/{rel}","templated":true}]}}