{"id":95711,"date":"2024-10-10T08:18:09","date_gmt":"2024-10-10T08:18:09","guid":{"rendered":"https:\/\/www.metaflotech.com\/?page_id=95711"},"modified":"2026-03-12T13:08:00","modified_gmt":"2026-03-12T13:08:00","slug":"dustech","status":"publish","type":"page","link":"https:\/\/www.metaflotech.com\/de\/products\/biopolymers\/dustech\/","title":{"rendered":"DusTech Dust Control Biopolymer for Unpaved and Haul Roads"},"content":{"rendered":"<img decoding=\"async\" src=\"https:\/\/www.metaflotech.com\/wp-content\/uploads\/2025\/07\/Dark-5.svg\" alt=\"Dunkelheit\" itemprop=\"image\" height=\"100\" width=\"100\" title=\"Dunkelheit\" onerror=\"this.style.display='none'\" loading=\"lazy\" \/>\r\n\t<h1><strong>Biopolymer<\/strong><\/h1>\r\n<h1>f\u00fcr eine wirksame Staubbek\u00e4mpfung eingesetzt<\/h1>\r\n\t<h3><strong>Anmeldung<\/strong><\/h3>\r\n\t\t\t <p>Schotterstra\u00dfen<\/p>\u00a0\t\t\r\n\t\t\t <p>Minenzugangsstra\u00dfen<\/p>\u00a0\t\t\r\n\t\t\t <p>Sandige H\u00fcgel<\/p>\u00a0\t\t\r\n\t\t\t <p>Material auf Halde<\/p>\u00a0\t\t\r\n\t<h3><strong>Vorteile<\/strong><\/h3>\r\n\t\t\t <p>Verbessern Sie die Luftqualit\u00e4t, indem Sie den Staub in der Luft deutlich reduzieren.<\/p>\t\t\r\n\t\t\t <p>Erh\u00f6hung der Verkehrssicherheit durch bessere Sichtbarkeit f\u00fcr den Verkehr.<\/p>\t\t\r\n\t\t\t <p>Minimiert den Wasserverbrauch und verbraucht im Vergleich zu herk\u00f6mmlichen Methoden der Stra\u00dfenbew\u00e4sserung deutlich weniger.<\/p>\t\t\r\n\t\t\t <p>Kosteng\u00fcnstig, da weniger Anwendungen erforderlich sind und die Betriebskosten im Vergleich zu Bew\u00e4sserungsprogrammen gesenkt werden.<\/p>\t\t\r\n\t\t\t <p>Reduziert die Menge an Wasserfahrzeugen, die f\u00fcr die Befeuchtung von Stra\u00dfen ben\u00f6tigt werden, und senkt so den Wasserverbrauch und die Betriebskosten weiter.<\/p>\t\t\r\n\t\t\t <p>Ein umweltfreundliches Biopolymer, das aus Algen gewonnen wird und eine umweltfreundliche L\u00f6sung darstellt.<\/p>\t\t\r\n\t<h3><strong>DusTech f\u00fchrt zu einer verbesserten Partikelagglutination, <\/strong>eine bessere Versiegelung der molekularen Matrix und eine deutliche Verringerung der Staubentwicklung.<\/h3>\r\n\t<h3><strong>DusTech acts residually &#8211;<\/strong> Nach der ersten Behandlung wird die Bodenfeuchtigkeit durch das Biopolymer verl\u00e4ngert. Au\u00dferdem sind bei sp\u00e4teren Anwendungen immer geringere Dosen erforderlich, um die Oberfl\u00e4chenstabilit\u00e4t zu gew\u00e4hrleisten.<\/h3>\r\n\t\t\t\t<img decoding=\"async\" src=\"https:\/\/www.metaflotech.com\/wp-content\/uploads\/2024\/11\/DusTech-dirt-road-dust-suppression-additive-1.webp\" alt=\"DusTech Zusatzstoff zur Staubunterdr\u00fcckung auf unbefestigten Stra\u00dfen 1\" itemprop=\"image\" height=\"760\" width=\"658\" onerror=\"this.style.display='none'\" loading=\"lazy\" \/>\r\n\t\t\t\t<img decoding=\"async\" src=\"https:\/\/www.metaflotech.com\/wp-content\/uploads\/2024\/11\/DusTech-dirt-road-dust-suppression-additive-2.webp\" alt=\"DusTech Zusatzstoff zur Staubunterdr\u00fcckung auf unbefestigten Stra\u00dfen 2\" itemprop=\"image\" height=\"760\" width=\"658\" onerror=\"this.style.display='none'\" loading=\"lazy\" \/>\r\n\t\t\t\t<img decoding=\"async\" src=\"https:\/\/www.metaflotech.com\/wp-content\/uploads\/2024\/11\/DusTech-dirt-road-dust-suppression-additive-3.webp\" alt=\"DusTech Additiv zur Staubunterdr\u00fcckung auf unbefestigten Stra\u00dfen 3\" itemprop=\"image\" height=\"760\" width=\"658\" onerror=\"this.style.display='none'\" loading=\"lazy\" \/>\r\n\t<h3><strong>Verbessert die Luftqualit\u00e4t durch eine deutliche Reduzierung von Schwebestaub.<\/strong><\/h3>\r\n\t<h3><strong>Erh\u00f6ht die Verkehrssicherheit durch bessere Sichtbarkeit f\u00fcr den Verkehr.<\/strong><\/h3>\r\n\t<h1><strong>ANWENDUNGSMETHODIK<\/strong><\/h1>\r\n<h3>Easy application with low dosage &#8211; It can be diluted directly in the water truck<br \/>\r\nohne die Notwendigkeit zus\u00e4tzlicher Ausr\u00fcstung.<\/h3>\r\n<h2>\r\n\t\t\tFallstudien\t<\/h2>\r\n<h3>\r\n\t\t<a href=\"https:\/\/www.metaflotech.com\/wp-content\/uploads\/2025\/07\/DusTech-Case-Study-1-English-MetaFLO-Technologies.pdf\" title=\"DusTech verbessert die Luftqualit\u00e4t und spart einer Baustelle 360.000 Liter Wasser pro Tag\"  target=\"_self\">\r\n\t\t\tDusTech verbessert die Luftqualit\u00e4t und spart einer Baustelle 360.000 Liter Wasser pro Tag\t\t<\/a>\r\n\t<\/h3>\r\n\t<p>As dust suppression becomes mandatory due to health and environmental concerns, MetaFLO&#8217;s fast-acting biopolymer provides a low-cost and efficient solution for improving air quality on construction sites.<\/p>\r\n<h3>\r\n\t\t<a href=\"https:\/\/www.metaflotech.com\/wp-content\/uploads\/2025\/07\/DusTech-Case-Study-2-English-MetaFLO-Technologies.pdf\" title=\"DusTech verbessert die Luftqualit\u00e4t f\u00fcr einen Goldminendamm\"  target=\"_self\">\r\n\t\t\tDusTech verbessert die Luftqualit\u00e4t f\u00fcr einen Goldminendamm\t\t<\/a>\r\n\t<\/h3>\r\n\t<p>MetaFLO&#8217;s use of a high-quality dust suppression biopolymer helped a gold mining dam improve air quality to keep workers and communities safe in a rapid and cost-effective way.<\/p>\r\n<h3>\r\n\t\t<a href=\"https:\/\/www.metaflotech.com\/wp-content\/uploads\/2025\/07\/DusTech-Case-Study-3-English-MetaFLO-Technologies.pdf\" title=\"DusTech verbessert die Luftqualit\u00e4t auf einer Baustelle\"  target=\"_self\">\r\n\t\t\tDusTech verbessert die Luftqualit\u00e4t auf einer Baustelle\t\t<\/a>\r\n\t<\/h3>\r\n\t<p>MetaFLO&#8217;s dust suppressant helped a construction site improve air quality through effective dust suppression, helping save costs, increase productivity, and benefit the environment.<\/p>\r\n\t<h1><strong>Unsere Biopolymere<\/strong><\/h1>\r\n<p>MetaFLO&#8217;s biopolymers have been purposefully engineered to provide a variety of cost-effective solutions for multiple applications, from dust suppression to gold extraction. Our products are environmentally safe, easy to use, and can be tailored to meet specific needs. Contact us for more details.<\/p>\r\n\t\t\t\t<a href=\"https:\/\/www.metaflotech.com\/de\/produkte\/biopolymere\/soiltech\/\"  target=\"_self\" itemprop=\"url\">\r\n\t\t\t\t<img decoding=\"async\" src=\"https:\/\/www.metaflotech.com\/wp-content\/uploads\/2025\/07\/Logo-3.svg\" alt=\"Logo\" itemprop=\"image\" height=\"100\" width=\"100\" title=\"Logo\" onerror=\"this.style.display='none'\" loading=\"lazy\" \/>\r\n\t\t\t\t<\/a>\r\n\t<p><strong>\u2713 Bodenstabilisierung<\/strong><\/p>\r\n\t\t\t\t<a href=\"https:\/\/www.metaflotech.com\/de\/produkte\/biopolymere\/dustech\/\"  target=\"_self\" itemprop=\"url\">\r\n\t\t\t\t<img decoding=\"async\" src=\"https:\/\/www.metaflotech.com\/wp-content\/uploads\/2025\/07\/Logo-5.svg\" alt=\"Logo\" itemprop=\"image\" height=\"100\" width=\"100\" title=\"Logo\" onerror=\"this.style.display='none'\" loading=\"lazy\" \/>\r\n\t\t\t\t<\/a>\r\n\t<p><strong>\u2713 Staubunterdr\u00fcckung<\/strong><\/p>\r\n\t\t\t\t<a href=\"https:\/\/www.metaflotech.com\/de\/produkte\/biopolymere\/extractech\/\"  target=\"_self\" itemprop=\"url\">\r\n\t\t\t\t<img decoding=\"async\" src=\"https:\/\/www.metaflotech.com\/wp-content\/uploads\/2025\/07\/Logo-4.svg\" alt=\"Logo\" itemprop=\"image\" height=\"100\" width=\"100\" title=\"Logo\" onerror=\"this.style.display='none'\" loading=\"lazy\" \/>\r\n\t\t\t\t<\/a>\r\n\t<strong>\u2713 Goldgewinnung &amp; Cyanid-Reduktion<br \/>\r\n<\/strong>\r\n\t\t\t\t<a href=\"https:\/\/www.metaflotech.com\/de\/produkte\/biopolymere\/remtech\/\"  target=\"_self\" itemprop=\"url\">\r\n\t\t\t\t<img decoding=\"async\" src=\"https:\/\/www.metaflotech.com\/wp-content\/uploads\/2025\/07\/Logo.svg\" alt=\"Logo\" itemprop=\"image\" height=\"100\" width=\"100\" title=\"Logo\" onerror=\"this.style.display='none'\" loading=\"lazy\" \/>\r\n\t\t\t\t<\/a>\r\n\t<p><strong>\u2713 Verunreinigtes Wasser<\/strong><\/p>\r\n\t\t\t\t<a href=\"https:\/\/www.metaflotech.com\/de\/produkte\/biopolymere\/zementech\/\"  target=\"_self\" itemprop=\"url\">\r\n\t\t\t\t<img decoding=\"async\" src=\"https:\/\/www.metaflotech.com\/wp-content\/uploads\/2025\/07\/Logo-8.svg\" alt=\"Logo\" itemprop=\"image\" height=\"100\" width=\"100\" title=\"Logo\" onerror=\"this.style.display='none'\" loading=\"lazy\" \/>\r\n\t\t\t\t<\/a>\r\n\t<p><strong>\u2713 Zementveredelung<\/strong><\/p>","protected":false},"excerpt":{"rendered":"<p>Biopolymer used for effective dust suppression Application Dirt roads \u00a0 Mine access roads \u00a0 Sandy hills \u00a0 Stockpiles material \u00a0 Benefits Improve air quality by significantly reducing airborne dust. Enhance road safety with greater visibility for traffic. Minimizes water usage, using far less compared to traditional road irrigation methods. Cost-effective, requiring fewer applications and cutting&hellip;<\/p>","protected":false},"author":1,"featured_media":0,"parent":108180,"menu_order":0,"comment_status":"closed","ping_status":"closed","template":"","meta":{"_acf_changed":false,"inline_featured_image":false,"footnotes":""},"class_list":["post-95711","page","type-page","status-publish","hentry"],"acf":[],"yoast_head":"<!-- This site is optimized with the Yoast SEO plugin v27.5 - https:\/\/yoast.com\/product\/yoast-seo-wordpress\/ -->\n<title>DusTech Dust Control Biopolymer for Unpaved and Haul Roads | MetaFLO Technologies<\/title>\n<meta name=\"description\" content=\"DusTech is an advanced biopolymer for dust suppression on unpaved, rural, industrial and mining roads, improving air quality, road safety and operational efficiency.\" \/>\n<meta name=\"robots\" content=\"index, follow, max-snippet:-1, max-image-preview:large, max-video-preview:-1\" \/>\n<link rel=\"canonical\" href=\"https:\/\/www.metaflotech.com\/de\/produkte\/biopolymere\/dustech\/\" \/>\n<meta property=\"og:locale\" content=\"de_DE\" \/>\n<meta property=\"og:type\" content=\"article\" \/>\n<meta property=\"og:title\" content=\"DusTech Dust Control Biopolymer for Unpaved and Haul Roads | MetaFLO Technologies\" \/>\n<meta property=\"og:description\" content=\"DusTech is an advanced biopolymer for dust suppression on unpaved, rural, industrial and mining roads, improving air quality, road safety and operational efficiency.\" \/>\n<meta property=\"og:url\" content=\"https:\/\/www.metaflotech.com\/de\/produkte\/biopolymere\/dustech\/\" \/>\n<meta property=\"og:site_name\" content=\"MetaFLO Technologies\" \/>\n<meta property=\"article:publisher\" content=\"https:\/\/www.facebook.com\/MetaFLOTechnologies\/\" \/>\n<meta property=\"article:modified_time\" content=\"2026-03-12T13:08:00+00:00\" \/>\n<meta property=\"og:image\" content=\"https:\/\/www.metaflotech.com\/wp-content\/uploads\/2025\/07\/Dark-5.svg\" \/>\n<meta name=\"twitter:card\" content=\"summary_large_image\" \/>\n<meta name=\"twitter:site\" content=\"@metaflo\" \/>\n<meta name=\"twitter:label1\" content=\"Gesch\u00e4tzte Lesezeit\" \/>\n\t<meta name=\"twitter:data1\" content=\"4\u00a0Minuten\" \/>\n<script type=\"application\/ld+json\" class=\"yoast-schema-graph\">{\"@context\":\"https:\\\/\\\/schema.org\",\"@graph\":[{\"@type\":\"WebPage\",\"@id\":\"https:\\\/\\\/www.metaflotech.com\\\/de\\\/products\\\/biopolymers\\\/dustech\\\/\",\"url\":\"https:\\\/\\\/www.metaflotech.com\\\/de\\\/products\\\/biopolymers\\\/dustech\\\/\",\"name\":\"DusTech Dust Control Biopolymer for Unpaved and Haul Roads | MetaFLO Technologies\",\"isPartOf\":{\"@id\":\"https:\\\/\\\/www.metaflotech.com\\\/de\\\/#website\"},\"primaryImageOfPage\":{\"@id\":\"https:\\\/\\\/www.metaflotech.com\\\/de\\\/products\\\/biopolymers\\\/dustech\\\/#primaryimage\"},\"image\":{\"@id\":\"https:\\\/\\\/www.metaflotech.com\\\/de\\\/products\\\/biopolymers\\\/dustech\\\/#primaryimage\"},\"thumbnailUrl\":\"https:\\\/\\\/www.metaflotech.com\\\/wp-content\\\/uploads\\\/2025\\\/07\\\/Dark-5.svg\",\"datePublished\":\"2024-10-10T08:18:09+00:00\",\"dateModified\":\"2026-03-12T13:08:00+00:00\",\"description\":\"DusTech is an advanced biopolymer for dust suppression on unpaved, rural, industrial and mining roads, improving air quality, road safety and operational efficiency.\",\"breadcrumb\":{\"@id\":\"https:\\\/\\\/www.metaflotech.com\\\/de\\\/products\\\/biopolymers\\\/dustech\\\/#breadcrumb\"},\"inLanguage\":\"de\",\"potentialAction\":[{\"@type\":\"ReadAction\",\"target\":[\"https:\\\/\\\/www.metaflotech.com\\\/de\\\/products\\\/biopolymers\\\/dustech\\\/\"]}]},{\"@type\":\"ImageObject\",\"inLanguage\":\"de\",\"@id\":\"https:\\\/\\\/www.metaflotech.com\\\/de\\\/products\\\/biopolymers\\\/dustech\\\/#primaryimage\",\"url\":\"https:\\\/\\\/www.metaflotech.com\\\/wp-content\\\/uploads\\\/2025\\\/07\\\/Dark-5.svg\",\"contentUrl\":\"https:\\\/\\\/www.metaflotech.com\\\/wp-content\\\/uploads\\\/2025\\\/07\\\/Dark-5.svg\"},{\"@type\":\"BreadcrumbList\",\"@id\":\"https:\\\/\\\/www.metaflotech.com\\\/de\\\/products\\\/biopolymers\\\/dustech\\\/#breadcrumb\",\"itemListElement\":[{\"@type\":\"ListItem\",\"position\":1,\"name\":\"Home\",\"item\":\"https:\\\/\\\/www.metaflotech.com\\\/\"},{\"@type\":\"ListItem\",\"position\":2,\"name\":\"Products\",\"item\":\"https:\\\/\\\/www.metaflotech.com\\\/products\\\/\"},{\"@type\":\"ListItem\",\"position\":3,\"name\":\"Biopolymers (Tech)\",\"item\":\"https:\\\/\\\/www.metaflotech.com\\\/products\\\/biopolymers\\\/\"},{\"@type\":\"ListItem\",\"position\":4,\"name\":\"DusTech Dust Control Biopolymer for Unpaved and Haul Roads\"}]},{\"@type\":\"WebSite\",\"@id\":\"https:\\\/\\\/www.metaflotech.com\\\/de\\\/#website\",\"url\":\"https:\\\/\\\/www.metaflotech.com\\\/de\\\/\",\"name\":\"MetaFLO Technologies\",\"description\":\"Engineered Polymer Solutions For Industrial Applications\",\"potentialAction\":[{\"@type\":\"SearchAction\",\"target\":{\"@type\":\"EntryPoint\",\"urlTemplate\":\"https:\\\/\\\/www.metaflotech.com\\\/de\\\/?s={search_term_string}\"},\"query-input\":{\"@type\":\"PropertyValueSpecification\",\"valueRequired\":true,\"valueName\":\"search_term_string\"}}],\"inLanguage\":\"de\"}]}<\/script>\n<!-- \/ Yoast SEO plugin. -->","yoast_head_json":{"title":"DusTech Dust Control Biopolymer for Unpaved and Haul Roads | MetaFLO Technologies","description":"DusTech is an advanced biopolymer for dust suppression on unpaved, rural, industrial and mining roads, improving air quality, road safety and operational efficiency.","robots":{"index":"index","follow":"follow","max-snippet":"max-snippet:-1","max-image-preview":"max-image-preview:large","max-video-preview":"max-video-preview:-1"},"canonical":"https:\/\/www.metaflotech.com\/de\/produkte\/biopolymere\/dustech\/","og_locale":"de_DE","og_type":"article","og_title":"DusTech Dust Control Biopolymer for Unpaved and Haul Roads | MetaFLO Technologies","og_description":"DusTech is an advanced biopolymer for dust suppression on unpaved, rural, industrial and mining roads, improving air quality, road safety and operational efficiency.","og_url":"https:\/\/www.metaflotech.com\/de\/produkte\/biopolymere\/dustech\/","og_site_name":"MetaFLO Technologies","article_publisher":"https:\/\/www.facebook.com\/MetaFLOTechnologies\/","article_modified_time":"2026-03-12T13:08:00+00:00","og_image":[{"url":"https:\/\/www.metaflotech.com\/wp-content\/uploads\/2025\/07\/Dark-5.svg","type":"","width":"","height":""}],"twitter_card":"summary_large_image","twitter_site":"@metaflo","twitter_misc":{"Gesch\u00e4tzte Lesezeit":"4\u00a0Minuten"},"schema":{"@context":"https:\/\/schema.org","@graph":[{"@type":"WebPage","@id":"https:\/\/www.metaflotech.com\/de\/products\/biopolymers\/dustech\/","url":"https:\/\/www.metaflotech.com\/de\/products\/biopolymers\/dustech\/","name":"DusTech Dust Control Biopolymer for Unpaved and Haul Roads | MetaFLO Technologies","isPartOf":{"@id":"https:\/\/www.metaflotech.com\/de\/#website"},"primaryImageOfPage":{"@id":"https:\/\/www.metaflotech.com\/de\/products\/biopolymers\/dustech\/#primaryimage"},"image":{"@id":"https:\/\/www.metaflotech.com\/de\/products\/biopolymers\/dustech\/#primaryimage"},"thumbnailUrl":"https:\/\/www.metaflotech.com\/wp-content\/uploads\/2025\/07\/Dark-5.svg","datePublished":"2024-10-10T08:18:09+00:00","dateModified":"2026-03-12T13:08:00+00:00","description":"DusTech is an advanced biopolymer for dust suppression on unpaved, rural, industrial and mining roads, improving air quality, road safety and operational efficiency.","breadcrumb":{"@id":"https:\/\/www.metaflotech.com\/de\/products\/biopolymers\/dustech\/#breadcrumb"},"inLanguage":"de","potentialAction":[{"@type":"ReadAction","target":["https:\/\/www.metaflotech.com\/de\/products\/biopolymers\/dustech\/"]}]},{"@type":"ImageObject","inLanguage":"de","@id":"https:\/\/www.metaflotech.com\/de\/products\/biopolymers\/dustech\/#primaryimage","url":"https:\/\/www.metaflotech.com\/wp-content\/uploads\/2025\/07\/Dark-5.svg","contentUrl":"https:\/\/www.metaflotech.com\/wp-content\/uploads\/2025\/07\/Dark-5.svg"},{"@type":"BreadcrumbList","@id":"https:\/\/www.metaflotech.com\/de\/products\/biopolymers\/dustech\/#breadcrumb","itemListElement":[{"@type":"ListItem","position":1,"name":"Home","item":"https:\/\/www.metaflotech.com\/"},{"@type":"ListItem","position":2,"name":"Products","item":"https:\/\/www.metaflotech.com\/products\/"},{"@type":"ListItem","position":3,"name":"Biopolymers (Tech)","item":"https:\/\/www.metaflotech.com\/products\/biopolymers\/"},{"@type":"ListItem","position":4,"name":"DusTech Dust Control Biopolymer for Unpaved and Haul Roads"}]},{"@type":"WebSite","@id":"https:\/\/www.metaflotech.com\/de\/#website","url":"https:\/\/www.metaflotech.com\/de\/","name":"MetaFLO-Technologien","description":"Entwickelte Polymerl\u00f6sungen f\u00fcr industrielle Anwendungen","potentialAction":[{"@type":"SearchAction","target":{"@type":"EntryPoint","urlTemplate":"https:\/\/www.metaflotech.com\/de\/?s={search_term_string}"},"query-input":{"@type":"PropertyValueSpecification","valueRequired":true,"valueName":"search_term_string"}}],"inLanguage":"de"}]}},"_links":{"self":[{"href":"https:\/\/www.metaflotech.com\/de\/wp-json\/wp\/v2\/pages\/95711","targetHints":{"allow":["GET"]}}],"collection":[{"href":"https:\/\/www.metaflotech.com\/de\/wp-json\/wp\/v2\/pages"}],"about":[{"href":"https:\/\/www.metaflotech.com\/de\/wp-json\/wp\/v2\/types\/page"}],"author":[{"embeddable":true,"href":"https:\/\/www.metaflotech.com\/de\/wp-json\/wp\/v2\/users\/1"}],"replies":[{"embeddable":true,"href":"https:\/\/www.metaflotech.com\/de\/wp-json\/wp\/v2\/comments?post=95711"}],"version-history":[{"count":0,"href":"https:\/\/www.metaflotech.com\/de\/wp-json\/wp\/v2\/pages\/95711\/revisions"}],"up":[{"embeddable":true,"href":"https:\/\/www.metaflotech.com\/de\/wp-json\/wp\/v2\/pages\/108180"}],"wp:attachment":[{"href":"https:\/\/www.metaflotech.com\/de\/wp-json\/wp\/v2\/media?parent=95711"}],"curies":[{"name":"wp","href":"https:\/\/api.w.org\/{rel}","templated":true}]}}