{"id":99321,"date":"2024-10-25T09:21:25","date_gmt":"2024-10-25T09:21:25","guid":{"rendered":"https:\/\/www.metaflotech.com\/?page_id=99321"},"modified":"2026-03-12T12:59:39","modified_gmt":"2026-03-12T12:59:39","slug":"horizontale-richtbohrungen","status":"publish","type":"page","link":"https:\/\/www.metaflotech.com\/de\/applications\/horizontal-directional-drilling\/","title":{"rendered":"HDD Waste Management for Drilling Mud and Drilling Fluid"},"content":{"rendered":"<img decoding=\"async\" src=\"https:\/\/www.metaflotech.com\/wp-content\/uploads\/2024\/10\/HX30G-Vacuum-Excavator-Large.jpg\" alt=\"\" itemprop=\"image\" height=\"1068\" width=\"1600\" onerror=\"this.style.display='none'\" loading='lazy' \/>\r\n\t<h1><strong>Horizontales Richtungsbohren (HDD)<\/strong><\/h1>\r\n<h2><em>Innovation bei der Entsorgung von Fl\u00fcssigkeiten auf Wasserbasis<\/em><\/h2>\r\n<h3>\r\n\t\t\tThema im \u00dcberblick\t<\/h3>\r\n\t<p>Horizontal Directional Drilling (HDD) ist eine Bautechnik, bei der ein Tunnel unter einer Wasserstra\u00dfe oder einem anderen bestimmten Gebiet gebohrt und eine Rohrleitung oder ein anderes Versorgungsunternehmen durch den gebohrten unterirdischen Tunnel gezogen wird. Bei diesem Verfahren f\u00e4llt fl\u00fcssiger Schlamm an, der entsorgt werden muss.<\/p>\r\n<p>Die Entsorgung von Fl\u00fcssigg\u00fclle ist oft kostspielig und umweltsch\u00e4dlich, wenn sie nicht richtig gehandhabt wird.<\/p>\r\n<p>Die herk\u00f6mmlichen Methoden sind ineffizient, langsam und teuer.<\/p>\r\n<p>Das Verfahren zur Entsorgung von Fl\u00fcssigmist sieht oft folgenderma\u00dfen aus:<\/p>\r\n<ol>\r\n<li>Spezialisierte Saugwagen transportieren die G\u00fclle zu einer Umladestation<\/li>\r\n<li>Es werden F\u00fcllstoffe wie S\u00e4gemehl verwendet (in der Regel wird die G\u00fclle um 50-200% aufgeschwemmt)<\/li>\r\n<li>Muldenkipper transportieren die erh\u00f6hte Abfallmenge zu einer Endlagerst\u00e4tte<\/li>\r\n<\/ol>\r\n<p>Das bedeutet, dass mehr Lkw ben\u00f6tigt werden, mehr Zeit verloren geht und h\u00f6here Entsorgungskosten anfallen.<\/p>\r\n<h3>\r\n\t\t\tOverview of MetaFLO&#8217;s product\t<\/h3>\r\n\t<p>MetaFLO-Reagenzien sind ungiftige, inerte* Verfestigungsreagenzien, die schnell Wasser absorbieren und dazu beitragen, dass Abf\u00e4lle den Farbfiltertest (PFT) bestehen. Es wird f\u00fcr Fl\u00fcssigkeiten auf Wasserbasis wie Bohrsp\u00fclungen, Injektionsmittel und Bergbauabf\u00e4lle verwendet.<\/p>\r\n<p>Mit MetaFLO wird die Entsorgung von Fl\u00fcssigschlamm optimiert:<\/p>\r\n<ol>\r\n<li>MetaFLO&#8217;s technology solidifies the liquid waste on-site<\/li>\r\n<li>Die verfestigten Abf\u00e4lle werden auf Kipplaster verladen und direkt zur Endlagerst\u00e4tte transportiert.<\/li>\r\n<\/ol>\r\n<p>Mit unserem patentierten Verfahren liegen die Vorteile auf der Hand:<\/p>\r\n<ul>\r\n<li>Kosteneinsparungen<\/li>\r\n<li>Weniger Lkw erforderlich<\/li>\r\n<li>Kein teurer Transport von Fl\u00fcssigkeiten<\/li>\r\n<li>Verringerung der Treibhausgasemissionen<\/li>\r\n<li>Kontrolle der Abf\u00e4lle<\/li>\r\n<li>Einhaltung der Vorschriften f\u00fcr den Kunden<\/li>\r\n<li>Wiederverwendung des Bodens als sauberes, regeneratives F\u00fcllmaterial<\/li>\r\n<li>Weniger Papierkram erforderlich<\/li>\r\n<\/ul>\r\n<p>MetaFLO Technologies kann mit dem Betriebspersonal zusammenarbeiten, um einen ma\u00dfgeschneiderten und effektiven Plan zur Bew\u00e4ltigung der Herausforderungen durch wasserbasierte Fl\u00fcssigkeitsabf\u00e4lle zu erstellen.<\/p>\r\n<p><em>*Die Produktklassifizierung kann in den verschiedenen L\u00e4ndern unterschiedlich sein.<\/em><\/p>\r\n\t\t\t\t<img decoding=\"async\" src=\"https:\/\/www.metaflotech.com\/wp-content\/uploads\/2024\/10\/icon-transport-w.png\" alt=\"Symboltransport w\" itemprop=\"image\" height=\"311\" width=\"311\" title=\"Symboltransport w\" onerror=\"this.style.display='none'\" loading='lazy' \/>\r\n\t<h3><b>Erhebliche Reduzierung der Transportkosten<\/b><\/h3>\r\n\t\t\t\t<img decoding=\"async\" src=\"https:\/\/www.metaflotech.com\/wp-content\/uploads\/2024\/10\/icon-ecology-w.png\" alt=\"Symbol \u00d6kologie w\" itemprop=\"image\" height=\"311\" width=\"311\" title=\"Symbol \u00d6kologie w\" onerror=\"this.style.display='none'\" loading='lazy' \/>\r\n\t<h3><b>Minimierung von Umwelt- und Sicherheitsrisiken<\/b><\/h3>\r\n\t\t\t\t<img decoding=\"async\" src=\"https:\/\/www.metaflotech.com\/wp-content\/uploads\/2024\/10\/icon-savings-w.png\" alt=\"Symbol Einsparungen w\" itemprop=\"image\" height=\"311\" width=\"311\" title=\"Symbol Einsparungen w\" onerror=\"this.style.display='none'\" loading='lazy' \/>\r\n\t<h3><b>Nachhaltige und effiziente Abfallwirtschaft<\/b><\/h3>\r\n\t\t\t\t<img decoding=\"async\" src=\"https:\/\/www.metaflotech.com\/wp-content\/uploads\/2025\/01\/Method-EN.svg\" alt=\"Methode-EN\" itemprop=\"image\" height=\"100\" width=\"100\" title=\"Methode-EN\" onerror=\"this.style.display='none'\" loading='lazy' \/>\r\n<h1>\r\n\t\t\tMuldenkipper vs. Vac Trucks\t<\/h1>\r\n\t\t\t\t<img decoding=\"async\" src=\"https:\/\/www.metaflotech.com\/wp-content\/uploads\/2024\/12\/Trucks-2-EN.svg\" alt=\"Lastkraftwagen - 2 DE\" itemprop=\"image\" height=\"100\" width=\"100\" title=\"Lastkraftwagen - 2 DE\" onerror=\"this.style.display='none'\" loading='lazy' \/>\r\n\t\t\t\t<img decoding=\"async\" src=\"https:\/\/www.metaflotech.com\/wp-content\/uploads\/2024\/12\/Trucks-1-EN.svg\" alt=\"Lastkraftwagen - 1 DE\" itemprop=\"image\" height=\"100\" width=\"100\" title=\"Lastkraftwagen - 1 DE\" onerror=\"this.style.display='none'\" loading='lazy' \/>\r\n\t<h3><strong>Unser bew\u00e4hrtes MetaFLO-Verfahren hat klare Vorteile:<\/strong><\/h3>\r\n<ol>\r\n<li>Geringerer operativer Platzbedarf in \u00fcberlasteten st\u00e4dtischen Gebieten, um Abraum schnell zu entsorgen<\/li>\r\n<li>Verbesserte Transporteffizienz beim Abtransport von Trockenmaterial von Projektstandorten<\/li>\r\n<li>Verfestigter Abraum, der die gesetzlichen Kriterien erf\u00fcllt und direkt in saubere Deponien verbracht wird Geringere Treibhausgasemissionen, verbesserte st\u00e4dtische Logistik, verantwortungsvoller Umgang mit \u00fcbersch\u00fcssigem Boden<\/li>\r\n<\/ol>\r\n<h2>\r\n\t\t\tFallstudien\t<\/h2>\r\n<h3>\r\n\t\t<a href=\"https:\/\/www.metaflotech.com\/wp-content\/uploads\/2024\/12\/MF002-Case-Study_-HDD-English-MetaFLO-Technologies.pdf\" title=\"Sustainable Waste Management for Enbridge's GTA Pipeline Project\"  target=\"_self\">\r\n\t\t\tSustainable Waste Management for Enbridge&#8217;s GTA Pipeline Project\t\t<\/a>\r\n\t<\/h3>\r\n\t<p>MetaFLO&#8217;s technology cuts GHG emissions by 67% and turns liquid waste into reusable resources, supporting a cleaner future for urban infrastructure.<\/p>\r\n\t\t\t\t<img decoding=\"async\" src=\"https:\/\/www.metaflotech.com\/wp-content\/uploads\/2025\/01\/Full-Infographic-EN.svg\" alt=\"Vollst\u00e4ndige Infografik-EN\" itemprop=\"image\" height=\"100\" width=\"100\" title=\"Vollst\u00e4ndige Infografik-EN\" onerror=\"this.style.display='none'\" loading='lazy' \/>","protected":false},"excerpt":{"rendered":"<p>Horizontal Directional Drilling (HDD) Innovation In Water-Based Fluid Disposal Issue at a Glance Horizontal Directional Drilling (HDD) is a construction technique in which a tunnel is drilled under a waterway or other designated area, and a pipeline or other utility is pulled through the drilled underground tunnel. This process generates liquid slurry waste that requires&hellip;<\/p>","protected":false},"author":1,"featured_media":0,"parent":73499,"menu_order":0,"comment_status":"closed","ping_status":"closed","template":"","meta":{"_acf_changed":false,"inline_featured_image":false,"footnotes":""},"class_list":["post-99321","page","type-page","status-publish","hentry"],"acf":[],"yoast_head":"<!-- This site is optimized with the Yoast SEO plugin v27.5 - https:\/\/yoast.com\/product\/yoast-seo-wordpress\/ -->\n<title>HDD Waste Management for Drilling Mud and Drilling Fluid | MetaFLO Technologies<\/title>\n<meta name=\"description\" content=\"MetaFLO provides solutions for horizontal directional drilling, enabling efficient drilling fluid and HDD slurry solidification for safer handling, transport and disposal.\" \/>\n<meta name=\"robots\" content=\"index, follow, max-snippet:-1, max-image-preview:large, max-video-preview:-1\" \/>\n<link rel=\"canonical\" href=\"https:\/\/www.metaflotech.com\/de\/anwendungen\/horizontale-richtbohrungen\/\" \/>\n<meta property=\"og:locale\" content=\"de_DE\" \/>\n<meta property=\"og:type\" content=\"article\" \/>\n<meta property=\"og:title\" content=\"HDD Waste Management for Drilling Mud and Drilling Fluid | MetaFLO Technologies\" \/>\n<meta property=\"og:description\" content=\"MetaFLO provides solutions for horizontal directional drilling, enabling efficient drilling fluid and HDD slurry solidification for safer handling, transport and disposal.\" \/>\n<meta property=\"og:url\" content=\"https:\/\/www.metaflotech.com\/de\/anwendungen\/horizontale-richtbohrungen\/\" \/>\n<meta property=\"og:site_name\" content=\"MetaFLO Technologies\" \/>\n<meta property=\"article:publisher\" content=\"https:\/\/www.facebook.com\/MetaFLOTechnologies\/\" \/>\n<meta property=\"article:modified_time\" content=\"2026-03-12T12:59:39+00:00\" \/>\n<meta property=\"og:image\" content=\"https:\/\/www.metaflotech.com\/wp-content\/uploads\/2024\/10\/HX30G-Vacuum-Excavator-Large.jpg\" \/>\n<meta name=\"twitter:card\" content=\"summary_large_image\" \/>\n<meta name=\"twitter:site\" content=\"@metaflo\" \/>\n<meta name=\"twitter:label1\" content=\"Gesch\u00e4tzte Lesezeit\" \/>\n\t<meta name=\"twitter:data1\" content=\"4\u00a0Minuten\" \/>\n<script type=\"application\/ld+json\" class=\"yoast-schema-graph\">{\"@context\":\"https:\\\/\\\/schema.org\",\"@graph\":[{\"@type\":\"WebPage\",\"@id\":\"https:\\\/\\\/www.metaflotech.com\\\/de\\\/applications\\\/horizontal-directional-drilling\\\/\",\"url\":\"https:\\\/\\\/www.metaflotech.com\\\/de\\\/applications\\\/horizontal-directional-drilling\\\/\",\"name\":\"HDD Waste Management for Drilling Mud and Drilling Fluid | MetaFLO Technologies\",\"isPartOf\":{\"@id\":\"https:\\\/\\\/www.metaflotech.com\\\/de\\\/#website\"},\"primaryImageOfPage\":{\"@id\":\"https:\\\/\\\/www.metaflotech.com\\\/de\\\/applications\\\/horizontal-directional-drilling\\\/#primaryimage\"},\"image\":{\"@id\":\"https:\\\/\\\/www.metaflotech.com\\\/de\\\/applications\\\/horizontal-directional-drilling\\\/#primaryimage\"},\"thumbnailUrl\":\"https:\\\/\\\/www.metaflotech.com\\\/wp-content\\\/uploads\\\/2024\\\/10\\\/HX30G-Vacuum-Excavator-Large.jpg\",\"datePublished\":\"2024-10-25T09:21:25+00:00\",\"dateModified\":\"2026-03-12T12:59:39+00:00\",\"description\":\"MetaFLO provides solutions for horizontal directional drilling, enabling efficient drilling fluid and HDD slurry solidification for safer handling, transport and disposal.\",\"breadcrumb\":{\"@id\":\"https:\\\/\\\/www.metaflotech.com\\\/de\\\/applications\\\/horizontal-directional-drilling\\\/#breadcrumb\"},\"inLanguage\":\"de\",\"potentialAction\":[{\"@type\":\"ReadAction\",\"target\":[\"https:\\\/\\\/www.metaflotech.com\\\/de\\\/applications\\\/horizontal-directional-drilling\\\/\"]}]},{\"@type\":\"ImageObject\",\"inLanguage\":\"de\",\"@id\":\"https:\\\/\\\/www.metaflotech.com\\\/de\\\/applications\\\/horizontal-directional-drilling\\\/#primaryimage\",\"url\":\"https:\\\/\\\/www.metaflotech.com\\\/wp-content\\\/uploads\\\/2024\\\/10\\\/HX30G-Vacuum-Excavator-Large.jpg\",\"contentUrl\":\"https:\\\/\\\/www.metaflotech.com\\\/wp-content\\\/uploads\\\/2024\\\/10\\\/HX30G-Vacuum-Excavator-Large.jpg\"},{\"@type\":\"BreadcrumbList\",\"@id\":\"https:\\\/\\\/www.metaflotech.com\\\/de\\\/applications\\\/horizontal-directional-drilling\\\/#breadcrumb\",\"itemListElement\":[{\"@type\":\"ListItem\",\"position\":1,\"name\":\"Home\",\"item\":\"https:\\\/\\\/www.metaflotech.com\\\/\"},{\"@type\":\"ListItem\",\"position\":2,\"name\":\"Applications\",\"item\":\"https:\\\/\\\/www.metaflotech.com\\\/applications\\\/\"},{\"@type\":\"ListItem\",\"position\":3,\"name\":\"HDD Waste Management for Drilling Mud and Drilling Fluid\"}]},{\"@type\":\"WebSite\",\"@id\":\"https:\\\/\\\/www.metaflotech.com\\\/de\\\/#website\",\"url\":\"https:\\\/\\\/www.metaflotech.com\\\/de\\\/\",\"name\":\"MetaFLO Technologies\",\"description\":\"Engineered Polymer Solutions For Industrial Applications\",\"potentialAction\":[{\"@type\":\"SearchAction\",\"target\":{\"@type\":\"EntryPoint\",\"urlTemplate\":\"https:\\\/\\\/www.metaflotech.com\\\/de\\\/?s={search_term_string}\"},\"query-input\":{\"@type\":\"PropertyValueSpecification\",\"valueRequired\":true,\"valueName\":\"search_term_string\"}}],\"inLanguage\":\"de\"}]}<\/script>\n<!-- \/ Yoast SEO plugin. -->","yoast_head_json":{"title":"HDD Waste Management for Drilling Mud and Drilling Fluid | MetaFLO Technologies","description":"MetaFLO provides solutions for horizontal directional drilling, enabling efficient drilling fluid and HDD slurry solidification for safer handling, transport and disposal.","robots":{"index":"index","follow":"follow","max-snippet":"max-snippet:-1","max-image-preview":"max-image-preview:large","max-video-preview":"max-video-preview:-1"},"canonical":"https:\/\/www.metaflotech.com\/de\/anwendungen\/horizontale-richtbohrungen\/","og_locale":"de_DE","og_type":"article","og_title":"HDD Waste Management for Drilling Mud and Drilling Fluid | MetaFLO Technologies","og_description":"MetaFLO provides solutions for horizontal directional drilling, enabling efficient drilling fluid and HDD slurry solidification for safer handling, transport and disposal.","og_url":"https:\/\/www.metaflotech.com\/de\/anwendungen\/horizontale-richtbohrungen\/","og_site_name":"MetaFLO Technologies","article_publisher":"https:\/\/www.facebook.com\/MetaFLOTechnologies\/","article_modified_time":"2026-03-12T12:59:39+00:00","og_image":[{"url":"https:\/\/www.metaflotech.com\/wp-content\/uploads\/2024\/10\/HX30G-Vacuum-Excavator-Large.jpg","type":"","width":"","height":""}],"twitter_card":"summary_large_image","twitter_site":"@metaflo","twitter_misc":{"Gesch\u00e4tzte Lesezeit":"4\u00a0Minuten"},"schema":{"@context":"https:\/\/schema.org","@graph":[{"@type":"WebPage","@id":"https:\/\/www.metaflotech.com\/de\/applications\/horizontal-directional-drilling\/","url":"https:\/\/www.metaflotech.com\/de\/applications\/horizontal-directional-drilling\/","name":"HDD Waste Management for Drilling Mud and Drilling Fluid | MetaFLO Technologies","isPartOf":{"@id":"https:\/\/www.metaflotech.com\/de\/#website"},"primaryImageOfPage":{"@id":"https:\/\/www.metaflotech.com\/de\/applications\/horizontal-directional-drilling\/#primaryimage"},"image":{"@id":"https:\/\/www.metaflotech.com\/de\/applications\/horizontal-directional-drilling\/#primaryimage"},"thumbnailUrl":"https:\/\/www.metaflotech.com\/wp-content\/uploads\/2024\/10\/HX30G-Vacuum-Excavator-Large.jpg","datePublished":"2024-10-25T09:21:25+00:00","dateModified":"2026-03-12T12:59:39+00:00","description":"MetaFLO provides solutions for horizontal directional drilling, enabling efficient drilling fluid and HDD slurry solidification for safer handling, transport and disposal.","breadcrumb":{"@id":"https:\/\/www.metaflotech.com\/de\/applications\/horizontal-directional-drilling\/#breadcrumb"},"inLanguage":"de","potentialAction":[{"@type":"ReadAction","target":["https:\/\/www.metaflotech.com\/de\/applications\/horizontal-directional-drilling\/"]}]},{"@type":"ImageObject","inLanguage":"de","@id":"https:\/\/www.metaflotech.com\/de\/applications\/horizontal-directional-drilling\/#primaryimage","url":"https:\/\/www.metaflotech.com\/wp-content\/uploads\/2024\/10\/HX30G-Vacuum-Excavator-Large.jpg","contentUrl":"https:\/\/www.metaflotech.com\/wp-content\/uploads\/2024\/10\/HX30G-Vacuum-Excavator-Large.jpg"},{"@type":"BreadcrumbList","@id":"https:\/\/www.metaflotech.com\/de\/applications\/horizontal-directional-drilling\/#breadcrumb","itemListElement":[{"@type":"ListItem","position":1,"name":"Home","item":"https:\/\/www.metaflotech.com\/"},{"@type":"ListItem","position":2,"name":"Applications","item":"https:\/\/www.metaflotech.com\/applications\/"},{"@type":"ListItem","position":3,"name":"HDD Waste Management for Drilling Mud and Drilling Fluid"}]},{"@type":"WebSite","@id":"https:\/\/www.metaflotech.com\/de\/#website","url":"https:\/\/www.metaflotech.com\/de\/","name":"MetaFLO-Technologien","description":"Entwickelte Polymerl\u00f6sungen f\u00fcr industrielle Anwendungen","potentialAction":[{"@type":"SearchAction","target":{"@type":"EntryPoint","urlTemplate":"https:\/\/www.metaflotech.com\/de\/?s={search_term_string}"},"query-input":{"@type":"PropertyValueSpecification","valueRequired":true,"valueName":"search_term_string"}}],"inLanguage":"de"}]}},"_links":{"self":[{"href":"https:\/\/www.metaflotech.com\/de\/wp-json\/wp\/v2\/pages\/99321","targetHints":{"allow":["GET"]}}],"collection":[{"href":"https:\/\/www.metaflotech.com\/de\/wp-json\/wp\/v2\/pages"}],"about":[{"href":"https:\/\/www.metaflotech.com\/de\/wp-json\/wp\/v2\/types\/page"}],"author":[{"embeddable":true,"href":"https:\/\/www.metaflotech.com\/de\/wp-json\/wp\/v2\/users\/1"}],"replies":[{"embeddable":true,"href":"https:\/\/www.metaflotech.com\/de\/wp-json\/wp\/v2\/comments?post=99321"}],"version-history":[{"count":0,"href":"https:\/\/www.metaflotech.com\/de\/wp-json\/wp\/v2\/pages\/99321\/revisions"}],"up":[{"embeddable":true,"href":"https:\/\/www.metaflotech.com\/de\/wp-json\/wp\/v2\/pages\/73499"}],"wp:attachment":[{"href":"https:\/\/www.metaflotech.com\/de\/wp-json\/wp\/v2\/media?parent=99321"}],"curies":[{"name":"wp","href":"https:\/\/api.w.org\/{rel}","templated":true}]}}