{"id":99458,"date":"2024-10-25T09:59:17","date_gmt":"2024-10-25T09:59:17","guid":{"rendered":"https:\/\/www.metaflotech.com\/?page_id=99458"},"modified":"2026-03-13T12:47:00","modified_gmt":"2026-03-13T12:47:00","slug":"hydrograbungen","status":"publish","type":"page","link":"https:\/\/www.metaflotech.com\/de\/applications\/hydro-excavations\/","title":{"rendered":"Hydro Excavation Slurry Solidification and Waste Management"},"content":{"rendered":"<img loading=\"lazy\" decoding=\"async\" src=\"https:\/\/www.metaflotech.com\/wp-content\/uploads\/2024\/10\/AdobeStock_334523187.jpeg\" alt=\"Hydrovac Seite\" itemprop=\"image\" height=\"1667\" width=\"2500\" title=\"Hydrovac Seite\" onerror=\"this.style.display='none'\"  \/>\r\n\t<h1><strong>Hydrograbungen<\/strong><\/h1>\r\n<h2><em>Innovation bei der Entsorgung von wasserbasierten Halbfeststoffen<\/em><\/h2>\r\n<h3>\r\n\t\tThema im \u00dcberblick\r\n\t<\/h3>\r\n\t<p>Bei der Hydrograbung (Hydrovac) wird fl\u00fcssiger Schlamm erzeugt, der in der Regel an verschiedenen Auffangstellen deponiert wird.<\/p>\r\n<p>Die G\u00fclle wird in mehreren Beh\u00e4ltern oder Gruben aufbewahrt, bis sie getrocknet ist, oder sie wird auf Trockenbeeten ausgebreitet. Diese traditionelle Behandlungsmethode erfordert eine gro\u00dfe Fl\u00e4che und kann bei Regen oder Schnee Probleme verursachen.<\/p>\r\n<p>Das Verfahren zur Entsorgung von Fl\u00fcssigmist sieht oft folgenderma\u00dfen aus:<\/p>\r\n<ol>\r\n<li>Spezialisierte Saugwagen transportieren die G\u00fclle zu einer Umladestation<\/li>\r\n<li>Es werden F\u00fcllstoffe wie S\u00e4gemehl verwendet (in der Regel wird die G\u00fclle um 50-200% aufgeschwemmt)<\/li>\r\n<li>Muldenkipper transportieren die erh\u00f6hte Abfallmenge zu einer Endlagerst\u00e4tte<\/li>\r\n<\/ol>\r\n<p>Das bedeutet, dass mehr Lkw ben\u00f6tigt werden, mehr Zeit verloren geht und h\u00f6here Entsorgungskosten anfallen.<\/p>\r\n<h3>\r\n\t\tOverview of MetaFLO&#8217;s product\r\n\t<\/h3>\r\n\t<p>Using MetaFLO&#8217;s reagent, the hydro excavation material is transformed into a dry, earth-like finish.<\/p>\r\n<p>Diese L\u00f6sung erfordert keine Auffangwannen im Boden und bietet optimale Effizienz f\u00fcr teure Hydrobagger und kosteng\u00fcnstige Entsorgungsm\u00f6glichkeiten f\u00fcr Feststoffe.<\/p>\r\n<p>The 1% dosage required for solidification with MetaFLO&#8217;s reagent results in a much smaller quantity than would be produced by sawdust or wood chip bulking methods.<\/p>\r\n<p>Dies verringert auch die Aktivit\u00e4ten, die einen CO2-Fu\u00dfabdruck verursachen, und mindert die Sicherheits- und Umweltrisiken, die mit dem Transport gro\u00dfer Mengen fl\u00fcssiger Abf\u00e4lle verbunden sind.<\/p>\r\n<p>Mit MetaFLO wird die Entsorgung von Fl\u00fcssigschlamm optimiert:<\/p>\r\n<ol>\r\n<li>MetaFLO&#8217;s technology solidifies the liquid waste on-site<\/li>\r\n<li>Die verfestigten Abf\u00e4lle werden auf Kipplaster verladen und direkt zur Endlagerst\u00e4tte transportiert.<\/li>\r\n<\/ol>\r\n<p>Die Vorteile des patentierten MetaFLO-Verfahrens liegen auf der Hand:<\/p>\r\n<ul>\r\n<li>Kosteneinsparungen<\/li>\r\n<li>Weniger Lkw erforderlich<\/li>\r\n<li>Kein teurer Transport von Fl\u00fcssigkeiten<\/li>\r\n<li>Verringerung der Treibhausgasemissionen<\/li>\r\n<li>Kontrolle der Abf\u00e4lle<\/li>\r\n<li>Einhaltung der Vorschriften f\u00fcr den Kunden<\/li>\r\n<li>Wiederverwendung des Bodens als sauberes, regeneratives F\u00fcllmaterial<\/li>\r\n<li>Weniger Papierkram erforderlich<\/li>\r\n<\/ul>\r\n<p>MetaFLO Technologies kann mit dem Betriebspersonal zusammenarbeiten, um einen ma\u00dfgeschneiderten und effektiven Plan f\u00fcr die Bew\u00e4ltigung der Herausforderungen von variablen fl\u00fcssigen Abfallstr\u00f6men (z. B. Tunnelaushub, Hydrograbungsschl\u00e4mme und Abwasserlagunen) zu erstellen.<\/p>\r\n\t\t\t\t<img loading=\"lazy\" decoding=\"async\" src=\"https:\/\/www.metaflotech.com\/wp-content\/uploads\/2024\/10\/icon-transport-w.png\" alt=\"Symboltransport w\" itemprop=\"image\" height=\"311\" width=\"311\" title=\"Symboltransport w\" onerror=\"this.style.display='none'\"  \/>\r\n\t<h3><b>Erhebliche Reduzierung der Transportkosten<\/b><\/h3>\r\n\t\t\t\t<img loading=\"lazy\" decoding=\"async\" src=\"https:\/\/www.metaflotech.com\/wp-content\/uploads\/2024\/10\/icon-ecology-w.png\" alt=\"Symbol \u00d6kologie w\" itemprop=\"image\" height=\"311\" width=\"311\" title=\"Symbol \u00d6kologie w\" onerror=\"this.style.display='none'\"  \/>\r\n\t<h3><b>Minimierung von Umwelt- und Sicherheitsrisiken<\/b><\/h3>\r\n\t\t\t\t<img loading=\"lazy\" decoding=\"async\" src=\"https:\/\/www.metaflotech.com\/wp-content\/uploads\/2024\/10\/icon-savings-w.png\" alt=\"Symbol Einsparungen w\" itemprop=\"image\" height=\"311\" width=\"311\" title=\"Symbol Einsparungen w\" onerror=\"this.style.display='none'\"  \/>\r\n\t<h3><b>Nachhaltige und effiziente Abfallwirtschaft<\/b><\/h3>\r\n\t\t\t\t<img loading=\"lazy\" decoding=\"async\" src=\"https:\/\/www.metaflotech.com\/wp-content\/uploads\/2025\/01\/Method-EN.svg\" alt=\"Methode-EN\" itemprop=\"image\" height=\"100\" width=\"100\" title=\"Methode-EN\" onerror=\"this.style.display='none'\"  \/>\r\n<h1>\r\n\t\tMuldenkipper vs. Vac Trucks\r\n\t<\/h1>\r\n\t\t\t\t<img loading=\"lazy\" decoding=\"async\" src=\"https:\/\/www.metaflotech.com\/wp-content\/uploads\/2024\/12\/Trucks-2-EN.svg\" alt=\"Lastkraftwagen - 2 DE\" itemprop=\"image\" height=\"100\" width=\"100\" title=\"Lastkraftwagen - 2 DE\" onerror=\"this.style.display='none'\"  \/>\r\n\t\t\t\t<img loading=\"lazy\" decoding=\"async\" src=\"https:\/\/www.metaflotech.com\/wp-content\/uploads\/2024\/12\/Trucks-1-EN.svg\" alt=\"Lastkraftwagen - 1 DE\" itemprop=\"image\" height=\"100\" width=\"100\" title=\"Lastkraftwagen - 1 DE\" onerror=\"this.style.display='none'\"  \/>\r\n\t<h3><strong>Unser bew\u00e4hrtes MetaFLO-Verfahren hat klare Vorteile:<\/strong><\/h3>\r\n<ol>\r\n<li>Geringerer operativer Platzbedarf in \u00fcberlasteten st\u00e4dtischen Gebieten, um Abraum schnell zu entsorgen<\/li>\r\n<li>Verbesserte Transporteffizienz beim Abtransport von Trockenmaterial von Projektstandorten<\/li>\r\n<li>Verfestigter Abraum, der die gesetzlichen Kriterien erf\u00fcllt und direkt in saubere Deponien verbracht wird Geringere Treibhausgasemissionen, verbesserte st\u00e4dtische Logistik, verantwortungsvoller Umgang mit \u00fcbersch\u00fcssigem Boden<\/li>\r\n<\/ol>\r\n<h2>\r\n\t\tFallstudien\r\n\t<\/h2>\r\n<h3>\r\n\t\t<a href=\"https:\/\/www.metaflotech.com\/wp-content\/uploads\/2024\/12\/MF006-Case-Study-5_-Hydrovac-English-MetaFLO-Technologies.pdf\" title=\"Umwandlung von Hydrovac-Abf\u00e4llen in landwirtschaftlichen Nutzen\"  target=\"_self\">\r\n\t\tUmwandlung von Hydrovac-Abf\u00e4llen in landwirtschaftlichen Nutzen\r\n\t\t<\/a>\r\n\t<\/h3>\r\n\t<p>MetaFLO bereitet Hydrovac-Schlamm auf, um die Bodengesundheit und Nachhaltigkeit f\u00fcr kanadische Landwirte zu verbessern und ein industrielles Nebenprodukt in eine wertvolle landwirtschaftliche Ressource zu verwandeln.<\/p>","protected":false},"excerpt":{"rendered":"<p>Hydro Excavations Innovation In Water-Based Semi-Solids Disposal Issue at a Glance Hydro excavation (hydrovac) generates liquid slurry, typically dumped at various receiving sites. To deal with this slurry, multiple bins or pits hold it until it dries, or the slurry is spread out on drying beds. This traditional treatment method requires a large area and&hellip;<\/p>","protected":false},"author":1,"featured_media":0,"parent":73499,"menu_order":0,"comment_status":"closed","ping_status":"closed","template":"","meta":{"_acf_changed":false,"inline_featured_image":false,"footnotes":""},"class_list":["post-99458","page","type-page","status-publish","hentry"],"acf":[],"yoast_head":"<!-- This site is optimized with the Yoast SEO plugin v27.4 - https:\/\/yoast.com\/product\/yoast-seo-wordpress\/ -->\n<title>Hydro Excavation Slurry Solidification and Waste Management | MetaFLO Technologies<\/title>\n<meta name=\"description\" content=\"MetaFLO provides polymer solutions for hydro excavation waste management, enabling efficient slurry solidification and safer transport and disposal.\" \/>\n<meta name=\"robots\" content=\"index, follow, max-snippet:-1, max-image-preview:large, max-video-preview:-1\" \/>\n<link rel=\"canonical\" href=\"https:\/\/www.metaflotech.com\/de\/anwendungen\/hydrograbungen\/\" \/>\n<meta property=\"og:locale\" content=\"de_DE\" \/>\n<meta property=\"og:type\" content=\"article\" \/>\n<meta property=\"og:title\" content=\"Hydro Excavation Slurry Solidification and Waste Management | MetaFLO Technologies\" \/>\n<meta property=\"og:description\" content=\"MetaFLO provides polymer solutions for hydro excavation waste management, enabling efficient slurry solidification and safer transport and disposal.\" \/>\n<meta property=\"og:url\" content=\"https:\/\/www.metaflotech.com\/de\/anwendungen\/hydrograbungen\/\" \/>\n<meta property=\"og:site_name\" content=\"MetaFLO Technologies\" \/>\n<meta property=\"article:publisher\" content=\"https:\/\/www.facebook.com\/MetaFLOTechnologies\/\" \/>\n<meta property=\"article:modified_time\" content=\"2026-03-13T12:47:00+00:00\" \/>\n<meta property=\"og:image\" content=\"https:\/\/www.metaflotech.com\/wp-content\/uploads\/2024\/10\/AdobeStock_334523187.jpeg\" \/>\n<meta name=\"twitter:card\" content=\"summary_large_image\" \/>\n<meta name=\"twitter:site\" content=\"@metaflo\" \/>\n<meta name=\"twitter:label1\" content=\"Gesch\u00e4tzte Lesezeit\" \/>\n\t<meta name=\"twitter:data1\" content=\"4\u00a0Minuten\" \/>\n<script type=\"application\/ld+json\" class=\"yoast-schema-graph\">{\"@context\":\"https:\\\/\\\/schema.org\",\"@graph\":[{\"@type\":\"WebPage\",\"@id\":\"https:\\\/\\\/www.metaflotech.com\\\/de\\\/applications\\\/hydro-excavations\\\/\",\"url\":\"https:\\\/\\\/www.metaflotech.com\\\/de\\\/applications\\\/hydro-excavations\\\/\",\"name\":\"Hydro Excavation Slurry Solidification and Waste Management | MetaFLO Technologies\",\"isPartOf\":{\"@id\":\"https:\\\/\\\/www.metaflotech.com\\\/de\\\/#website\"},\"primaryImageOfPage\":{\"@id\":\"https:\\\/\\\/www.metaflotech.com\\\/de\\\/applications\\\/hydro-excavations\\\/#primaryimage\"},\"image\":{\"@id\":\"https:\\\/\\\/www.metaflotech.com\\\/de\\\/applications\\\/hydro-excavations\\\/#primaryimage\"},\"thumbnailUrl\":\"https:\\\/\\\/www.metaflotech.com\\\/wp-content\\\/uploads\\\/2024\\\/10\\\/AdobeStock_334523187.jpeg\",\"datePublished\":\"2024-10-25T09:59:17+00:00\",\"dateModified\":\"2026-03-13T12:47:00+00:00\",\"description\":\"MetaFLO provides polymer solutions for hydro excavation waste management, enabling efficient slurry solidification and safer transport and disposal.\",\"breadcrumb\":{\"@id\":\"https:\\\/\\\/www.metaflotech.com\\\/de\\\/applications\\\/hydro-excavations\\\/#breadcrumb\"},\"inLanguage\":\"de\",\"potentialAction\":[{\"@type\":\"ReadAction\",\"target\":[\"https:\\\/\\\/www.metaflotech.com\\\/de\\\/applications\\\/hydro-excavations\\\/\"]}]},{\"@type\":\"ImageObject\",\"inLanguage\":\"de\",\"@id\":\"https:\\\/\\\/www.metaflotech.com\\\/de\\\/applications\\\/hydro-excavations\\\/#primaryimage\",\"url\":\"https:\\\/\\\/www.metaflotech.com\\\/wp-content\\\/uploads\\\/2024\\\/10\\\/AdobeStock_334523187.jpeg\",\"contentUrl\":\"https:\\\/\\\/www.metaflotech.com\\\/wp-content\\\/uploads\\\/2024\\\/10\\\/AdobeStock_334523187.jpeg\"},{\"@type\":\"BreadcrumbList\",\"@id\":\"https:\\\/\\\/www.metaflotech.com\\\/de\\\/applications\\\/hydro-excavations\\\/#breadcrumb\",\"itemListElement\":[{\"@type\":\"ListItem\",\"position\":1,\"name\":\"Home\",\"item\":\"https:\\\/\\\/www.metaflotech.com\\\/\"},{\"@type\":\"ListItem\",\"position\":2,\"name\":\"Applications\",\"item\":\"https:\\\/\\\/www.metaflotech.com\\\/applications\\\/\"},{\"@type\":\"ListItem\",\"position\":3,\"name\":\"Hydro Excavation Slurry Solidification and Waste Management\"}]},{\"@type\":\"WebSite\",\"@id\":\"https:\\\/\\\/www.metaflotech.com\\\/de\\\/#website\",\"url\":\"https:\\\/\\\/www.metaflotech.com\\\/de\\\/\",\"name\":\"MetaFLO Technologies\",\"description\":\"Engineered Polymer Solutions For Industrial Applications\",\"potentialAction\":[{\"@type\":\"SearchAction\",\"target\":{\"@type\":\"EntryPoint\",\"urlTemplate\":\"https:\\\/\\\/www.metaflotech.com\\\/de\\\/?s={search_term_string}\"},\"query-input\":{\"@type\":\"PropertyValueSpecification\",\"valueRequired\":true,\"valueName\":\"search_term_string\"}}],\"inLanguage\":\"de\"}]}<\/script>\n<!-- \/ Yoast SEO plugin. -->","yoast_head_json":{"title":"Hydro Excavation Slurry Solidification and Waste Management | MetaFLO Technologies","description":"MetaFLO provides polymer solutions for hydro excavation waste management, enabling efficient slurry solidification and safer transport and disposal.","robots":{"index":"index","follow":"follow","max-snippet":"max-snippet:-1","max-image-preview":"max-image-preview:large","max-video-preview":"max-video-preview:-1"},"canonical":"https:\/\/www.metaflotech.com\/de\/anwendungen\/hydrograbungen\/","og_locale":"de_DE","og_type":"article","og_title":"Hydro Excavation Slurry Solidification and Waste Management | MetaFLO Technologies","og_description":"MetaFLO provides polymer solutions for hydro excavation waste management, enabling efficient slurry solidification and safer transport and disposal.","og_url":"https:\/\/www.metaflotech.com\/de\/anwendungen\/hydrograbungen\/","og_site_name":"MetaFLO Technologies","article_publisher":"https:\/\/www.facebook.com\/MetaFLOTechnologies\/","article_modified_time":"2026-03-13T12:47:00+00:00","og_image":[{"url":"https:\/\/www.metaflotech.com\/wp-content\/uploads\/2024\/10\/AdobeStock_334523187.jpeg","type":"","width":"","height":""}],"twitter_card":"summary_large_image","twitter_site":"@metaflo","twitter_misc":{"Gesch\u00e4tzte Lesezeit":"4\u00a0Minuten"},"schema":{"@context":"https:\/\/schema.org","@graph":[{"@type":"WebPage","@id":"https:\/\/www.metaflotech.com\/de\/applications\/hydro-excavations\/","url":"https:\/\/www.metaflotech.com\/de\/applications\/hydro-excavations\/","name":"Hydro Excavation Slurry Solidification and Waste Management | MetaFLO Technologies","isPartOf":{"@id":"https:\/\/www.metaflotech.com\/de\/#website"},"primaryImageOfPage":{"@id":"https:\/\/www.metaflotech.com\/de\/applications\/hydro-excavations\/#primaryimage"},"image":{"@id":"https:\/\/www.metaflotech.com\/de\/applications\/hydro-excavations\/#primaryimage"},"thumbnailUrl":"https:\/\/www.metaflotech.com\/wp-content\/uploads\/2024\/10\/AdobeStock_334523187.jpeg","datePublished":"2024-10-25T09:59:17+00:00","dateModified":"2026-03-13T12:47:00+00:00","description":"MetaFLO provides polymer solutions for hydro excavation waste management, enabling efficient slurry solidification and safer transport and disposal.","breadcrumb":{"@id":"https:\/\/www.metaflotech.com\/de\/applications\/hydro-excavations\/#breadcrumb"},"inLanguage":"de","potentialAction":[{"@type":"ReadAction","target":["https:\/\/www.metaflotech.com\/de\/applications\/hydro-excavations\/"]}]},{"@type":"ImageObject","inLanguage":"de","@id":"https:\/\/www.metaflotech.com\/de\/applications\/hydro-excavations\/#primaryimage","url":"https:\/\/www.metaflotech.com\/wp-content\/uploads\/2024\/10\/AdobeStock_334523187.jpeg","contentUrl":"https:\/\/www.metaflotech.com\/wp-content\/uploads\/2024\/10\/AdobeStock_334523187.jpeg"},{"@type":"BreadcrumbList","@id":"https:\/\/www.metaflotech.com\/de\/applications\/hydro-excavations\/#breadcrumb","itemListElement":[{"@type":"ListItem","position":1,"name":"Home","item":"https:\/\/www.metaflotech.com\/"},{"@type":"ListItem","position":2,"name":"Applications","item":"https:\/\/www.metaflotech.com\/applications\/"},{"@type":"ListItem","position":3,"name":"Hydro Excavation Slurry Solidification and Waste Management"}]},{"@type":"WebSite","@id":"https:\/\/www.metaflotech.com\/de\/#website","url":"https:\/\/www.metaflotech.com\/de\/","name":"MetaFLO-Technologien","description":"Entwickelte Polymerl\u00f6sungen f\u00fcr industrielle Anwendungen","potentialAction":[{"@type":"SearchAction","target":{"@type":"EntryPoint","urlTemplate":"https:\/\/www.metaflotech.com\/de\/?s={search_term_string}"},"query-input":{"@type":"PropertyValueSpecification","valueRequired":true,"valueName":"search_term_string"}}],"inLanguage":"de"}]}},"_links":{"self":[{"href":"https:\/\/www.metaflotech.com\/de\/wp-json\/wp\/v2\/pages\/99458","targetHints":{"allow":["GET"]}}],"collection":[{"href":"https:\/\/www.metaflotech.com\/de\/wp-json\/wp\/v2\/pages"}],"about":[{"href":"https:\/\/www.metaflotech.com\/de\/wp-json\/wp\/v2\/types\/page"}],"author":[{"embeddable":true,"href":"https:\/\/www.metaflotech.com\/de\/wp-json\/wp\/v2\/users\/1"}],"replies":[{"embeddable":true,"href":"https:\/\/www.metaflotech.com\/de\/wp-json\/wp\/v2\/comments?post=99458"}],"version-history":[{"count":0,"href":"https:\/\/www.metaflotech.com\/de\/wp-json\/wp\/v2\/pages\/99458\/revisions"}],"up":[{"embeddable":true,"href":"https:\/\/www.metaflotech.com\/de\/wp-json\/wp\/v2\/pages\/73499"}],"wp:attachment":[{"href":"https:\/\/www.metaflotech.com\/de\/wp-json\/wp\/v2\/media?parent=99458"}],"curies":[{"name":"wp","href":"https:\/\/api.w.org\/{rel}","templated":true}]}}