{"id":99540,"date":"2024-10-25T10:49:23","date_gmt":"2024-10-25T10:49:23","guid":{"rendered":"https:\/\/www.metaflotech.com\/?page_id=99540"},"modified":"2026-03-12T13:03:03","modified_gmt":"2026-03-12T13:03:03","slug":"regenwasser-abwasserteiche","status":"publish","type":"page","link":"https:\/\/www.metaflotech.com\/de\/applications\/stormwater-wastewater-ponds\/","title":{"rendered":"Stormwater and Wastewater Pond Sludge Solidification Solutions"},"content":{"rendered":"<img loading=\"lazy\" decoding=\"async\" src=\"https:\/\/www.metaflotech.com\/wp-content\/uploads\/2024\/10\/conventionaldredge.jpg\" alt=\"\" itemprop=\"image\" height=\"1875\" width=\"2500\" onerror=\"this.style.display='none'\"  \/>\r\n\t<h1><strong>Regenwasser\/Abwasserteiche<\/strong><\/h1>\r\n<h2><em>Innovation in der Bewirtschaftung von Regenwasser- und Sedimentteichen<\/em><\/h2>\r\n<h3>\r\n\t\tThema im \u00dcberblick\r\n\t<\/h3>\r\n\t<p>Regenwasserteiche fungieren als Filter, die verhindern, dass Schmutz in unsere nat\u00fcrlichen Wassersysteme eindringt, und wirken sich positiv auf die Erosion aus.<\/p>\r\n<p>Diese Teiche f\u00fcllen sich jedoch mit Ablagerungen, die sich als Sediment auf dem Boden absetzen. Es enth\u00e4lt in der Regel Sand, Schlick und Ton aus der Oberfl\u00e4chenerosion, kann aber auch weniger menschenfreundliche Elemente wie Kohlenwasserstoffe und Salz enthalten.<\/p>\r\n<p>Eine kontinuierliche Wartung ist der Schl\u00fcssel zum Erfolg dieses passiven Wassermanagementinstruments. Wenn sich die Sedimente im Teich ansammeln und nicht regelm\u00e4\u00dfig entfernt werden, kann der Regenwasserteich die Verunreinigungen nicht mehr richtig filtern.<\/p>\r\n<h3>\r\n\t\tOverview of MetaFLO&#8217;s product\r\n\t<\/h3>\r\n\t<p>Using MetaFLO&#8217;s reagent, the hydro excavation material is transformed into a dry, earth-like finish.<\/p>\r\n<p>Diese L\u00f6sung erfordert keine Auffangwannen im Boden und bietet optimale Effizienz f\u00fcr teure Hydrobagger und kosteng\u00fcnstige Entsorgungsm\u00f6glichkeiten f\u00fcr Feststoffe.<\/p>\r\n<p>The dosage required for solidification with MetaFLO&#8217;s reagent results in a much smaller quantity than would be produced by sawdust or wood chip bulking methods.<\/p>\r\n<p>Dies verringert auch die Aktivit\u00e4ten, die einen CO2-Fu\u00dfabdruck verursachen, und mindert die Sicherheits- und Umweltrisiken, die mit dem Transport gro\u00dfer Mengen fl\u00fcssiger Abf\u00e4lle verbunden sind.<\/p>\r\n<p>Mit MetaFLO wird die Entsorgung von Fl\u00fcssigschlamm optimiert:<\/p>\r\n<ol>\r\n<li>MetaFLO&#8217;s technology solidifies the liquid waste on-site<\/li>\r\n<li>Die verfestigten Abf\u00e4lle werden auf Kipplaster verladen und direkt zur Endlagerst\u00e4tte transportiert.<\/li>\r\n<\/ol>\r\n<p>Das patentierte MetaFLO-Verfahren bietet enorme Vorteile, wie zum Beispiel:<\/p>\r\n<ul>\r\n<li>Kosteneinsparungen<\/li>\r\n<li>Weniger Lkw erforderlich<\/li>\r\n<li>Kein teurer Transport von Fl\u00fcssigkeiten<\/li>\r\n<li>Verringerung der Treibhausgasemissionen<\/li>\r\n<li>Kontrolle der Abf\u00e4lle<\/li>\r\n<li>Einhaltung der Vorschriften f\u00fcr den Kunden<\/li>\r\n<li>Wiederverwendung des Bodens als sauberes, regeneratives F\u00fcllmaterial<\/li>\r\n<li>Weniger Papierkram erforderlich<\/li>\r\n<\/ul>\r\n<p>MetaFLO Technologies kann in Zusammenarbeit mit dem Betriebspersonal einen ma\u00dfgeschneiderten und effektiven Plan f\u00fcr den Umgang mit nassem Abraum (z. B. Bohrklein, Hydroexkavationsmaterial und Bergbauabf\u00e4lle) erstellen.<\/p>\r\n\t\t\t\t<img loading=\"lazy\" decoding=\"async\" src=\"https:\/\/www.metaflotech.com\/wp-content\/uploads\/2024\/10\/icon-transport-w.png\" alt=\"Symboltransport w\" itemprop=\"image\" height=\"311\" width=\"311\" title=\"Symboltransport w\" onerror=\"this.style.display='none'\"  \/>\r\n\t<h3><b>Erhebliche Reduzierung der Transportkosten<\/b><\/h3>\r\n\t\t\t\t<img loading=\"lazy\" decoding=\"async\" src=\"https:\/\/www.metaflotech.com\/wp-content\/uploads\/2024\/10\/icon-ecology-w.png\" alt=\"Symbol \u00d6kologie w\" itemprop=\"image\" height=\"311\" width=\"311\" title=\"Symbol \u00d6kologie w\" onerror=\"this.style.display='none'\"  \/>\r\n\t<h3><b>Minimierung von Umwelt- und Sicherheitsrisiken<\/b><\/h3>\r\n\t\t\t\t<img loading=\"lazy\" decoding=\"async\" src=\"https:\/\/www.metaflotech.com\/wp-content\/uploads\/2024\/10\/icon-savings-w.png\" alt=\"Symbol Einsparungen w\" itemprop=\"image\" height=\"311\" width=\"311\" title=\"Symbol Einsparungen w\" onerror=\"this.style.display='none'\"  \/>\r\n\t<h3><b>Nachhaltige und effiziente Abfallwirtschaft<\/b><\/h3>\r\n\t\t\t\t<img loading=\"lazy\" decoding=\"async\" src=\"https:\/\/www.metaflotech.com\/wp-content\/uploads\/2025\/01\/Method-EN.svg\" alt=\"Methode-EN\" itemprop=\"image\" height=\"100\" width=\"100\" title=\"Methode-EN\" onerror=\"this.style.display='none'\"  \/>\r\n<h1>\r\n\t\tMuldenkipper vs. Vac Trucks\r\n\t<\/h1>\r\n\t\t\t\t<img loading=\"lazy\" decoding=\"async\" src=\"https:\/\/www.metaflotech.com\/wp-content\/uploads\/2024\/12\/Trucks-2-EN.svg\" alt=\"Lastkraftwagen - 2 DE\" itemprop=\"image\" height=\"100\" width=\"100\" title=\"Lastkraftwagen - 2 DE\" onerror=\"this.style.display='none'\"  \/>\r\n\t\t\t\t<img loading=\"lazy\" decoding=\"async\" src=\"https:\/\/www.metaflotech.com\/wp-content\/uploads\/2024\/12\/Trucks-1-EN.svg\" alt=\"Lastkraftwagen - 1 DE\" itemprop=\"image\" height=\"100\" width=\"100\" title=\"Lastkraftwagen - 1 DE\" onerror=\"this.style.display='none'\"  \/>\r\n\t<h3><strong>Unser bew\u00e4hrtes MetaFLO-Verfahren hat klare Vorteile:<\/strong><\/h3>\r\n<ol>\r\n<li>Geringerer operativer Platzbedarf in \u00fcberlasteten st\u00e4dtischen Gebieten, um Abraum schnell zu entsorgen<\/li>\r\n<li>Verbesserte Transporteffizienz beim Abtransport von Trockenmaterial von Projektstandorten<\/li>\r\n<li>Verfestigter Abraum, der die gesetzlichen Kriterien erf\u00fcllt und direkt in saubere Deponien verbracht wird Geringere Treibhausgasemissionen, verbesserte st\u00e4dtische Logistik, verantwortungsvoller Umgang mit \u00fcbersch\u00fcssigem Boden<\/li>\r\n<\/ol>\r\n<h2>\r\n\t\tFallstudien\r\n\t<\/h2>\r\n<h3>\r\n\t\t<a href=\"https:\/\/www.metaflotech.com\/wp-content\/uploads\/2024\/12\/MF006-Case-Study-3_-Wastewater-English-MetaFLO-Technologies.pdf\" title=\"Cabonne Shire's Wastewater Project Completed on Time and Under Budget\"  target=\"_self\">\r\n\t\tCabonne Shire&#8217;s Wastewater Project Completed on Time and Under Budget\r\n\t\t<\/a>\r\n\t<\/h3>\r\n\t<p>MetaFLO&#8217;s quick lagoon sludge solidification meets EPA standards, streamlining operations and reducing disposal costs, supporting efficient municipal waste management.<\/p>","protected":false},"excerpt":{"rendered":"<p>Stormwater\/Wastewater Ponds Innovation In Stormwater And Sediment Pond Management Issue at a Glance Stormwater ponds act as filters to prevent debris from seeping into our natural water systems and positively impact erosion. However, these ponds fill with debris that settles on the bottom as sediment. It usually contains sand, silt and clay from surface erosion,&hellip;<\/p>","protected":false},"author":1,"featured_media":0,"parent":73499,"menu_order":0,"comment_status":"closed","ping_status":"closed","template":"","meta":{"_acf_changed":false,"inline_featured_image":false,"footnotes":""},"class_list":["post-99540","page","type-page","status-publish","hentry"],"acf":[],"yoast_head":"<!-- This site is optimized with the Yoast SEO plugin v27.5 - https:\/\/yoast.com\/product\/yoast-seo-wordpress\/ -->\n<title>Stormwater and Wastewater Pond Sludge Solidification Solutions | MetaFLO Technologies<\/title>\n<meta name=\"description\" content=\"MetaFLO provides solutions for stormwater and wastewater pond sludge management, enabling efficient solidification and reduced disposal volumes.\" \/>\n<meta name=\"robots\" content=\"index, follow, max-snippet:-1, max-image-preview:large, max-video-preview:-1\" \/>\n<link rel=\"canonical\" href=\"https:\/\/www.metaflotech.com\/de\/anwendungen\/regenwasser-abwasserteiche\/\" \/>\n<meta property=\"og:locale\" content=\"de_DE\" \/>\n<meta property=\"og:type\" content=\"article\" \/>\n<meta property=\"og:title\" content=\"Stormwater and Wastewater Pond Sludge Solidification Solutions | MetaFLO Technologies\" \/>\n<meta property=\"og:description\" content=\"MetaFLO provides solutions for stormwater and wastewater pond sludge management, enabling efficient solidification and reduced disposal volumes.\" \/>\n<meta property=\"og:url\" content=\"https:\/\/www.metaflotech.com\/de\/anwendungen\/regenwasser-abwasserteiche\/\" \/>\n<meta property=\"og:site_name\" content=\"MetaFLO Technologies\" \/>\n<meta property=\"article:publisher\" content=\"https:\/\/www.facebook.com\/MetaFLOTechnologies\/\" \/>\n<meta property=\"article:modified_time\" content=\"2026-03-12T13:03:03+00:00\" \/>\n<meta property=\"og:image\" content=\"https:\/\/www.metaflotech.com\/wp-content\/uploads\/2024\/10\/conventionaldredge.jpg\" \/>\n<meta name=\"twitter:card\" content=\"summary_large_image\" \/>\n<meta name=\"twitter:site\" content=\"@metaflo\" \/>\n<meta name=\"twitter:label1\" content=\"Gesch\u00e4tzte Lesezeit\" \/>\n\t<meta name=\"twitter:data1\" content=\"4\u00a0Minuten\" \/>\n<script type=\"application\/ld+json\" class=\"yoast-schema-graph\">{\"@context\":\"https:\\\/\\\/schema.org\",\"@graph\":[{\"@type\":\"WebPage\",\"@id\":\"https:\\\/\\\/www.metaflotech.com\\\/de\\\/applications\\\/stormwater-wastewater-ponds\\\/\",\"url\":\"https:\\\/\\\/www.metaflotech.com\\\/de\\\/applications\\\/stormwater-wastewater-ponds\\\/\",\"name\":\"Stormwater and Wastewater Pond Sludge Solidification Solutions | MetaFLO Technologies\",\"isPartOf\":{\"@id\":\"https:\\\/\\\/www.metaflotech.com\\\/de\\\/#website\"},\"primaryImageOfPage\":{\"@id\":\"https:\\\/\\\/www.metaflotech.com\\\/de\\\/applications\\\/stormwater-wastewater-ponds\\\/#primaryimage\"},\"image\":{\"@id\":\"https:\\\/\\\/www.metaflotech.com\\\/de\\\/applications\\\/stormwater-wastewater-ponds\\\/#primaryimage\"},\"thumbnailUrl\":\"https:\\\/\\\/www.metaflotech.com\\\/wp-content\\\/uploads\\\/2024\\\/10\\\/conventionaldredge.jpg\",\"datePublished\":\"2024-10-25T10:49:23+00:00\",\"dateModified\":\"2026-03-12T13:03:03+00:00\",\"description\":\"MetaFLO provides solutions for stormwater and wastewater pond sludge management, enabling efficient solidification and reduced disposal volumes.\",\"breadcrumb\":{\"@id\":\"https:\\\/\\\/www.metaflotech.com\\\/de\\\/applications\\\/stormwater-wastewater-ponds\\\/#breadcrumb\"},\"inLanguage\":\"de\",\"potentialAction\":[{\"@type\":\"ReadAction\",\"target\":[\"https:\\\/\\\/www.metaflotech.com\\\/de\\\/applications\\\/stormwater-wastewater-ponds\\\/\"]}]},{\"@type\":\"ImageObject\",\"inLanguage\":\"de\",\"@id\":\"https:\\\/\\\/www.metaflotech.com\\\/de\\\/applications\\\/stormwater-wastewater-ponds\\\/#primaryimage\",\"url\":\"https:\\\/\\\/www.metaflotech.com\\\/wp-content\\\/uploads\\\/2024\\\/10\\\/conventionaldredge.jpg\",\"contentUrl\":\"https:\\\/\\\/www.metaflotech.com\\\/wp-content\\\/uploads\\\/2024\\\/10\\\/conventionaldredge.jpg\"},{\"@type\":\"BreadcrumbList\",\"@id\":\"https:\\\/\\\/www.metaflotech.com\\\/de\\\/applications\\\/stormwater-wastewater-ponds\\\/#breadcrumb\",\"itemListElement\":[{\"@type\":\"ListItem\",\"position\":1,\"name\":\"Home\",\"item\":\"https:\\\/\\\/www.metaflotech.com\\\/\"},{\"@type\":\"ListItem\",\"position\":2,\"name\":\"Applications\",\"item\":\"https:\\\/\\\/www.metaflotech.com\\\/applications\\\/\"},{\"@type\":\"ListItem\",\"position\":3,\"name\":\"Stormwater and Wastewater Pond Sludge Solidification Solutions\"}]},{\"@type\":\"WebSite\",\"@id\":\"https:\\\/\\\/www.metaflotech.com\\\/de\\\/#website\",\"url\":\"https:\\\/\\\/www.metaflotech.com\\\/de\\\/\",\"name\":\"MetaFLO Technologies\",\"description\":\"Engineered Polymer Solutions For Industrial Applications\",\"potentialAction\":[{\"@type\":\"SearchAction\",\"target\":{\"@type\":\"EntryPoint\",\"urlTemplate\":\"https:\\\/\\\/www.metaflotech.com\\\/de\\\/?s={search_term_string}\"},\"query-input\":{\"@type\":\"PropertyValueSpecification\",\"valueRequired\":true,\"valueName\":\"search_term_string\"}}],\"inLanguage\":\"de\"}]}<\/script>\n<!-- \/ Yoast SEO plugin. -->","yoast_head_json":{"title":"Stormwater and Wastewater Pond Sludge Solidification Solutions | MetaFLO Technologies","description":"MetaFLO provides solutions for stormwater and wastewater pond sludge management, enabling efficient solidification and reduced disposal volumes.","robots":{"index":"index","follow":"follow","max-snippet":"max-snippet:-1","max-image-preview":"max-image-preview:large","max-video-preview":"max-video-preview:-1"},"canonical":"https:\/\/www.metaflotech.com\/de\/anwendungen\/regenwasser-abwasserteiche\/","og_locale":"de_DE","og_type":"article","og_title":"Stormwater and Wastewater Pond Sludge Solidification Solutions | MetaFLO Technologies","og_description":"MetaFLO provides solutions for stormwater and wastewater pond sludge management, enabling efficient solidification and reduced disposal volumes.","og_url":"https:\/\/www.metaflotech.com\/de\/anwendungen\/regenwasser-abwasserteiche\/","og_site_name":"MetaFLO Technologies","article_publisher":"https:\/\/www.facebook.com\/MetaFLOTechnologies\/","article_modified_time":"2026-03-12T13:03:03+00:00","og_image":[{"url":"https:\/\/www.metaflotech.com\/wp-content\/uploads\/2024\/10\/conventionaldredge.jpg","type":"","width":"","height":""}],"twitter_card":"summary_large_image","twitter_site":"@metaflo","twitter_misc":{"Gesch\u00e4tzte Lesezeit":"4\u00a0Minuten"},"schema":{"@context":"https:\/\/schema.org","@graph":[{"@type":"WebPage","@id":"https:\/\/www.metaflotech.com\/de\/applications\/stormwater-wastewater-ponds\/","url":"https:\/\/www.metaflotech.com\/de\/applications\/stormwater-wastewater-ponds\/","name":"Stormwater and Wastewater Pond Sludge Solidification Solutions | MetaFLO Technologies","isPartOf":{"@id":"https:\/\/www.metaflotech.com\/de\/#website"},"primaryImageOfPage":{"@id":"https:\/\/www.metaflotech.com\/de\/applications\/stormwater-wastewater-ponds\/#primaryimage"},"image":{"@id":"https:\/\/www.metaflotech.com\/de\/applications\/stormwater-wastewater-ponds\/#primaryimage"},"thumbnailUrl":"https:\/\/www.metaflotech.com\/wp-content\/uploads\/2024\/10\/conventionaldredge.jpg","datePublished":"2024-10-25T10:49:23+00:00","dateModified":"2026-03-12T13:03:03+00:00","description":"MetaFLO provides solutions for stormwater and wastewater pond sludge management, enabling efficient solidification and reduced disposal volumes.","breadcrumb":{"@id":"https:\/\/www.metaflotech.com\/de\/applications\/stormwater-wastewater-ponds\/#breadcrumb"},"inLanguage":"de","potentialAction":[{"@type":"ReadAction","target":["https:\/\/www.metaflotech.com\/de\/applications\/stormwater-wastewater-ponds\/"]}]},{"@type":"ImageObject","inLanguage":"de","@id":"https:\/\/www.metaflotech.com\/de\/applications\/stormwater-wastewater-ponds\/#primaryimage","url":"https:\/\/www.metaflotech.com\/wp-content\/uploads\/2024\/10\/conventionaldredge.jpg","contentUrl":"https:\/\/www.metaflotech.com\/wp-content\/uploads\/2024\/10\/conventionaldredge.jpg"},{"@type":"BreadcrumbList","@id":"https:\/\/www.metaflotech.com\/de\/applications\/stormwater-wastewater-ponds\/#breadcrumb","itemListElement":[{"@type":"ListItem","position":1,"name":"Home","item":"https:\/\/www.metaflotech.com\/"},{"@type":"ListItem","position":2,"name":"Applications","item":"https:\/\/www.metaflotech.com\/applications\/"},{"@type":"ListItem","position":3,"name":"Stormwater and Wastewater Pond Sludge Solidification Solutions"}]},{"@type":"WebSite","@id":"https:\/\/www.metaflotech.com\/de\/#website","url":"https:\/\/www.metaflotech.com\/de\/","name":"MetaFLO-Technologien","description":"Entwickelte Polymerl\u00f6sungen f\u00fcr industrielle Anwendungen","potentialAction":[{"@type":"SearchAction","target":{"@type":"EntryPoint","urlTemplate":"https:\/\/www.metaflotech.com\/de\/?s={search_term_string}"},"query-input":{"@type":"PropertyValueSpecification","valueRequired":true,"valueName":"search_term_string"}}],"inLanguage":"de"}]}},"_links":{"self":[{"href":"https:\/\/www.metaflotech.com\/de\/wp-json\/wp\/v2\/pages\/99540","targetHints":{"allow":["GET"]}}],"collection":[{"href":"https:\/\/www.metaflotech.com\/de\/wp-json\/wp\/v2\/pages"}],"about":[{"href":"https:\/\/www.metaflotech.com\/de\/wp-json\/wp\/v2\/types\/page"}],"author":[{"embeddable":true,"href":"https:\/\/www.metaflotech.com\/de\/wp-json\/wp\/v2\/users\/1"}],"replies":[{"embeddable":true,"href":"https:\/\/www.metaflotech.com\/de\/wp-json\/wp\/v2\/comments?post=99540"}],"version-history":[{"count":0,"href":"https:\/\/www.metaflotech.com\/de\/wp-json\/wp\/v2\/pages\/99540\/revisions"}],"up":[{"embeddable":true,"href":"https:\/\/www.metaflotech.com\/de\/wp-json\/wp\/v2\/pages\/73499"}],"wp:attachment":[{"href":"https:\/\/www.metaflotech.com\/de\/wp-json\/wp\/v2\/media?parent=99540"}],"curies":[{"name":"wp","href":"https:\/\/api.w.org\/{rel}","templated":true}]}}