{"id":108080,"date":"2024-11-08T08:29:34","date_gmt":"2024-11-08T08:29:34","guid":{"rendered":"https:\/\/www.metaflotech.com\/?page_id=108080"},"modified":"2025-11-22T07:50:39","modified_gmt":"2025-11-22T07:50:39","slug":"reactivos-de-solidificacion","status":"publish","type":"page","link":"https:\/\/www.metaflotech.com\/es\/products\/solidification-reagents\/","title":{"rendered":"Reactivos de solidificaci\u00f3n (MF)"},"content":{"rendered":"<h1>\n\t\t\tReactivos de solidificaci\u00f3n (MF)\t<\/h1>\n\t<h1>Revoluci\u00f3n en la solidificaci\u00f3n de residuos l\u00edquidos<\/h1>\n\t<p>MetaFLO es el proveedor l\u00edder de productos qu\u00edmicos innovadores y respetuosos con el medio ambiente y de sistemas \u00fanicos de suministro de reactivos para el tratamiento de flujos de residuos l\u00edquidos.<\/p>\n<p>En pocas palabras, ayudamos a la gente r\u00e1pidamente <strong>convertir los residuos l\u00edquidos en s\u00f3lidos manejables en el lugar de generaci\u00f3n de fluidos.<\/strong><\/p>\n\t<h3><strong>Aplicaci\u00f3n<\/strong><\/h3>\n\t\t\t <p><a href=\"https:\/\/www.metaflotech.com\/es\/aplicaciones\/perforacion-horizontal-dirigida\/\">Perforaci\u00f3n horizontal dirigida<\/a>, <a href=\"https:\/\/www.metaflotech.com\/es\/aplicaciones\/tunel\/\">T\u00faneles y microt\u00faneles<\/a><\/p>\t\t\n\t\t\t <p><a href=\"https:\/\/www.metaflotech.com\/es\/industrias\/petroleo-y-gas\/\">Perforaciones petrol\u00edferas y de gas<\/a><\/p>\u00a0\t\t\n\t\t\t <p><a href=\"https:\/\/www.metaflotech.com\/es\/aplicaciones\/hidroexcavaciones\/\">Hidroexcavaciones<\/a><\/p>\u00a0\t\t\n\t\t\t <p><a href=\"https:\/\/www.metaflotech.com\/es\/aplicaciones\/environmental-dredging\/\">Dragado medioambiental<\/a><\/p>\u00a0\t\t\n\t<h3><strong>Beneficios<\/strong><\/h3>\n\t\t\t <p>Reducci\u00f3n de riesgos y responsabilidades, mejora de la seguridad en las obras<\/p>\t\t\n\t\t\t <p>Reducir los costes de gesti\u00f3n de los residuos l\u00edquidos<\/p>\t\t\n\t\t\t <p>Reduzca su impacto ambiental<\/p>\t\t\n\t\t<iframe loading=\"lazy\" width=\"1120\" height=\"630\" src=\"https:\/\/www.youtube-nocookie.com\/embed\/FKZ48xxmRfM\" title=\"Solidification Process Explained - MetaFLO Technologies\" frameborder=\"0\" allow=\"accelerometer; autoplay; clipboard-write; encrypted-media; gyroscope; picture-in-picture; web-share\" referrerpolicy=\"strict-origin-when-cross-origin\" allowfullscreen><\/iframe>\t\n\t<h1><strong>Atributos del producto<\/strong><\/h1>\n <strong>Reduces industrial waste disposal costs &#8211; expands in volume by less than 1%.<\/strong>\n<strong> Pol\u00edmero no biodegradable (40 CFR 264.314 (e)(ii)).<\/strong>\n<strong> Si se utilizan correctamente, los lodos residuales superar\u00e1n la prueba del filtro de pintura (EPA 9095).<\/strong>\n <strong>Probado en congelaci\u00f3n-descongelaci\u00f3n. El pol\u00edmero no desprende l\u00edquidos libres.<\/strong>\n<strong> El pol\u00edmero absorbe excelentemente los residuos acuosos de pH &gt; 4.<\/strong>\n<strong> Residuos muy \u00e1cidos, se recomienda la neutralizaci\u00f3n (ajuste del pH).<\/strong>\n<p>&nbsp;<\/p>\n<p>La introducci\u00f3n de nuestros pol\u00edmeros agiliza su proceso global y reduce la toxicidad de los residuos mineros. Lo mejor es comprender d\u00f3nde puede ser m\u00e1s eficaz el aditivo en su proceso espec\u00edfico. Los ingenieros de MetaFLO est\u00e1n aqu\u00ed para ayudarle de principio a fin, orient\u00e1ndole en las pruebas de banco, estableciendo un piloto y colaborando estrechamente con usted para pasar a la producci\u00f3n.<\/p>\n\t\t\t\t<img decoding=\"async\" src=\"https:\/\/www.metaflotech.com\/wp-content\/uploads\/2024\/10\/Polymer-benefits.png\" alt=\"Pol\u00edmero-beneficios\" itemprop=\"image\" height=\"694\" width=\"694\" title=\"Pol\u00edmero-beneficios\" onerror=\"this.style.display='none'\" loading=\"lazy\" \/>\n\t\t\t\t<a href=\"https:\/\/www.metaflotech.com\/es\/productos\/reactivos-de-solidificacion\/mf003\/\"  target=\"_self\" itemprop=\"url\">\n\t\t\t\t<img decoding=\"async\" src=\"https:\/\/www.metaflotech.com\/wp-content\/uploads\/2024\/03\/Dark-MF003.svg\" alt=\"MF003\" itemprop=\"image\" height=\"100\" width=\"100\" onerror=\"this.style.display='none'\" loading=\"lazy\" \/>\n\t\t\t\t<\/a>\n\t<p><strong>\u2713 L<\/strong>flujos de residuos l\u00edquidos<\/p>\n\t\t\t\t<a href=\"https:\/\/www.metaflotech.com\/es\/productos\/reactivos-de-solidificacion\/mf006\/\"  target=\"_self\" itemprop=\"url\">\n\t\t\t\t<img decoding=\"async\" src=\"https:\/\/www.metaflotech.com\/wp-content\/uploads\/2024\/03\/Dark-MF006.svg\" alt=\"MF006\" itemprop=\"image\" height=\"100\" width=\"100\" onerror=\"this.style.display='none'\" loading=\"lazy\" \/>\n\t\t\t\t<\/a>\n\t<p><strong>\u2713 Semis\u00f3lidos a base de agua<\/strong><\/p>\n\t\t\t\t<a href=\"https:\/\/www.metaflotech.com\/es\/productos\/reactivos-de-solidificacion\/mf008\/\"  target=\"_self\" itemprop=\"url\">\n\t\t\t\t<img decoding=\"async\" src=\"https:\/\/www.metaflotech.com\/wp-content\/uploads\/2024\/03\/Dark-MF008.svg\" alt=\"MF008 oscuro\" itemprop=\"image\" height=\"100\" width=\"100\" title=\"MF008 oscuro\" onerror=\"this.style.display='none'\" loading=\"lazy\" \/>\n\t\t\t\t<\/a>\n\t<p><strong>\u2713 Aplicaciones de petr\u00f3leo y gas<\/strong><\/p>","protected":false},"excerpt":{"rendered":"<p>Solidification Reagents (MF) Revolutionizing Liquid Waste Solidification MetaFLO is the leading provider of innovative, environmentally friendly chemistry and unique reagent delivery systems for the treatment of liquid waste streams. Simply put, we help people rapidly turn liquid waste into a manageable solid at the site of fluid generation. Application Horizontal Directional Drilling, Tunneling &amp; Microtunneling&hellip;<\/p>","protected":false},"author":1,"featured_media":0,"parent":109809,"menu_order":0,"comment_status":"closed","ping_status":"closed","template":"","meta":{"_acf_changed":false,"inline_featured_image":false,"footnotes":""},"class_list":["post-108080","page","type-page","status-publish","hentry"],"acf":[],"yoast_head":"<!-- This site is optimized with the Yoast SEO plugin v27.4 - https:\/\/yoast.com\/product\/yoast-seo-wordpress\/ -->\n<title>Solidification Reagents (MF) | MetaFLO Technologies<\/title>\n<meta name=\"description\" content=\"FOCUSED ON ENGINEERED SOLUTIONS FOR LIQUID WASTE SOLIDIFICATION THAT ARE EFFECTIVE, EFFICIENT AND MINIMIZE ENVIRONMENTAL IMPACT.\" \/>\n<meta name=\"robots\" content=\"index, follow, max-snippet:-1, max-image-preview:large, max-video-preview:-1\" \/>\n<link rel=\"canonical\" href=\"https:\/\/www.metaflotech.com\/es\/productos\/reactivos-de-solidificacion\/\" \/>\n<meta property=\"og:locale\" content=\"es_ES\" \/>\n<meta property=\"og:type\" content=\"article\" \/>\n<meta property=\"og:title\" content=\"Solidification Reagents (MF) | MetaFLO Technologies\" \/>\n<meta property=\"og:description\" content=\"FOCUSED ON ENGINEERED SOLUTIONS FOR LIQUID WASTE SOLIDIFICATION THAT ARE EFFECTIVE, EFFICIENT AND MINIMIZE ENVIRONMENTAL IMPACT.\" \/>\n<meta property=\"og:url\" content=\"https:\/\/www.metaflotech.com\/es\/productos\/reactivos-de-solidificacion\/\" \/>\n<meta property=\"og:site_name\" content=\"MetaFLO Technologies\" \/>\n<meta property=\"article:publisher\" content=\"https:\/\/www.facebook.com\/MetaFLOTechnologies\/\" \/>\n<meta property=\"article:modified_time\" content=\"2025-11-22T07:50:39+00:00\" \/>\n<meta property=\"og:image\" content=\"https:\/\/www.metaflotech.com\/wp-content\/uploads\/2024\/10\/Polymer-benefits.png\" \/>\n<meta name=\"twitter:card\" content=\"summary_large_image\" \/>\n<meta name=\"twitter:site\" content=\"@metaflo\" \/>\n<meta name=\"twitter:label1\" content=\"Tiempo de lectura\" \/>\n\t<meta name=\"twitter:data1\" content=\"3 minutos\" \/>\n<script type=\"application\/ld+json\" class=\"yoast-schema-graph\">{\"@context\":\"https:\\\/\\\/schema.org\",\"@graph\":[{\"@type\":\"WebPage\",\"@id\":\"https:\\\/\\\/www.metaflotech.com\\\/es\\\/products\\\/solidification-reagents\\\/\",\"url\":\"https:\\\/\\\/www.metaflotech.com\\\/es\\\/products\\\/solidification-reagents\\\/\",\"name\":\"Solidification Reagents (MF) | MetaFLO Technologies\",\"isPartOf\":{\"@id\":\"https:\\\/\\\/www.metaflotech.com\\\/es\\\/#website\"},\"primaryImageOfPage\":{\"@id\":\"https:\\\/\\\/www.metaflotech.com\\\/es\\\/products\\\/solidification-reagents\\\/#primaryimage\"},\"image\":{\"@id\":\"https:\\\/\\\/www.metaflotech.com\\\/es\\\/products\\\/solidification-reagents\\\/#primaryimage\"},\"thumbnailUrl\":\"https:\\\/\\\/www.metaflotech.com\\\/wp-content\\\/uploads\\\/2024\\\/10\\\/Polymer-benefits.png\",\"datePublished\":\"2024-11-08T08:29:34+00:00\",\"dateModified\":\"2025-11-22T07:50:39+00:00\",\"description\":\"FOCUSED ON ENGINEERED SOLUTIONS FOR LIQUID WASTE SOLIDIFICATION THAT ARE EFFECTIVE, EFFICIENT AND MINIMIZE ENVIRONMENTAL IMPACT.\",\"breadcrumb\":{\"@id\":\"https:\\\/\\\/www.metaflotech.com\\\/es\\\/products\\\/solidification-reagents\\\/#breadcrumb\"},\"inLanguage\":\"es\",\"potentialAction\":[{\"@type\":\"ReadAction\",\"target\":[\"https:\\\/\\\/www.metaflotech.com\\\/es\\\/products\\\/solidification-reagents\\\/\"]}]},{\"@type\":\"ImageObject\",\"inLanguage\":\"es\",\"@id\":\"https:\\\/\\\/www.metaflotech.com\\\/es\\\/products\\\/solidification-reagents\\\/#primaryimage\",\"url\":\"https:\\\/\\\/www.metaflotech.com\\\/wp-content\\\/uploads\\\/2024\\\/10\\\/Polymer-benefits.png\",\"contentUrl\":\"https:\\\/\\\/www.metaflotech.com\\\/wp-content\\\/uploads\\\/2024\\\/10\\\/Polymer-benefits.png\"},{\"@type\":\"BreadcrumbList\",\"@id\":\"https:\\\/\\\/www.metaflotech.com\\\/es\\\/products\\\/solidification-reagents\\\/#breadcrumb\",\"itemListElement\":[{\"@type\":\"ListItem\",\"position\":1,\"name\":\"Home\",\"item\":\"https:\\\/\\\/www.metaflotech.com\\\/\"},{\"@type\":\"ListItem\",\"position\":2,\"name\":\"Products\",\"item\":\"https:\\\/\\\/www.metaflotech.com\\\/products\\\/\"},{\"@type\":\"ListItem\",\"position\":3,\"name\":\"Solidification Reagents (MF)\"}]},{\"@type\":\"WebSite\",\"@id\":\"https:\\\/\\\/www.metaflotech.com\\\/es\\\/#website\",\"url\":\"https:\\\/\\\/www.metaflotech.com\\\/es\\\/\",\"name\":\"MetaFLO Technologies\",\"description\":\"Engineered Polymer Solutions For Industrial Applications\",\"potentialAction\":[{\"@type\":\"SearchAction\",\"target\":{\"@type\":\"EntryPoint\",\"urlTemplate\":\"https:\\\/\\\/www.metaflotech.com\\\/es\\\/?s={search_term_string}\"},\"query-input\":{\"@type\":\"PropertyValueSpecification\",\"valueRequired\":true,\"valueName\":\"search_term_string\"}}],\"inLanguage\":\"es\"}]}<\/script>\n<!-- \/ Yoast SEO plugin. -->","yoast_head_json":{"title":"Solidification Reagents (MF) | MetaFLO Technologies","description":"CENTRADA EN SOLUCIONES DE INGENIER\u00cdA PARA LA SOLIDIFICACI\u00d3N DE RESIDUOS L\u00cdQUIDOS QUE SEAN EFICACES, EFICIENTES Y MINIMICEN EL IMPACTO MEDIOAMBIENTAL.","robots":{"index":"index","follow":"follow","max-snippet":"max-snippet:-1","max-image-preview":"max-image-preview:large","max-video-preview":"max-video-preview:-1"},"canonical":"https:\/\/www.metaflotech.com\/es\/productos\/reactivos-de-solidificacion\/","og_locale":"es_ES","og_type":"article","og_title":"Solidification Reagents (MF) | MetaFLO Technologies","og_description":"FOCUSED ON ENGINEERED SOLUTIONS FOR LIQUID WASTE SOLIDIFICATION THAT ARE EFFECTIVE, EFFICIENT AND MINIMIZE ENVIRONMENTAL IMPACT.","og_url":"https:\/\/www.metaflotech.com\/es\/productos\/reactivos-de-solidificacion\/","og_site_name":"MetaFLO Technologies","article_publisher":"https:\/\/www.facebook.com\/MetaFLOTechnologies\/","article_modified_time":"2025-11-22T07:50:39+00:00","og_image":[{"url":"https:\/\/www.metaflotech.com\/wp-content\/uploads\/2024\/10\/Polymer-benefits.png","type":"","width":"","height":""}],"twitter_card":"summary_large_image","twitter_site":"@metaflo","twitter_misc":{"Tiempo de lectura":"3 minutos"},"schema":{"@context":"https:\/\/schema.org","@graph":[{"@type":"WebPage","@id":"https:\/\/www.metaflotech.com\/es\/products\/solidification-reagents\/","url":"https:\/\/www.metaflotech.com\/es\/products\/solidification-reagents\/","name":"Solidification Reagents (MF) | MetaFLO Technologies","isPartOf":{"@id":"https:\/\/www.metaflotech.com\/es\/#website"},"primaryImageOfPage":{"@id":"https:\/\/www.metaflotech.com\/es\/products\/solidification-reagents\/#primaryimage"},"image":{"@id":"https:\/\/www.metaflotech.com\/es\/products\/solidification-reagents\/#primaryimage"},"thumbnailUrl":"https:\/\/www.metaflotech.com\/wp-content\/uploads\/2024\/10\/Polymer-benefits.png","datePublished":"2024-11-08T08:29:34+00:00","dateModified":"2025-11-22T07:50:39+00:00","description":"CENTRADA EN SOLUCIONES DE INGENIER\u00cdA PARA LA SOLIDIFICACI\u00d3N DE RESIDUOS L\u00cdQUIDOS QUE SEAN EFICACES, EFICIENTES Y MINIMICEN EL IMPACTO MEDIOAMBIENTAL.","breadcrumb":{"@id":"https:\/\/www.metaflotech.com\/es\/products\/solidification-reagents\/#breadcrumb"},"inLanguage":"es","potentialAction":[{"@type":"ReadAction","target":["https:\/\/www.metaflotech.com\/es\/products\/solidification-reagents\/"]}]},{"@type":"ImageObject","inLanguage":"es","@id":"https:\/\/www.metaflotech.com\/es\/products\/solidification-reagents\/#primaryimage","url":"https:\/\/www.metaflotech.com\/wp-content\/uploads\/2024\/10\/Polymer-benefits.png","contentUrl":"https:\/\/www.metaflotech.com\/wp-content\/uploads\/2024\/10\/Polymer-benefits.png"},{"@type":"BreadcrumbList","@id":"https:\/\/www.metaflotech.com\/es\/products\/solidification-reagents\/#breadcrumb","itemListElement":[{"@type":"ListItem","position":1,"name":"Home","item":"https:\/\/www.metaflotech.com\/"},{"@type":"ListItem","position":2,"name":"Products","item":"https:\/\/www.metaflotech.com\/products\/"},{"@type":"ListItem","position":3,"name":"Solidification Reagents (MF)"}]},{"@type":"WebSite","@id":"https:\/\/www.metaflotech.com\/es\/#website","url":"https:\/\/www.metaflotech.com\/es\/","name":"Tecnolog\u00edas MetaFLO","description":"Soluciones de pol\u00edmeros para aplicaciones industriales","potentialAction":[{"@type":"SearchAction","target":{"@type":"EntryPoint","urlTemplate":"https:\/\/www.metaflotech.com\/es\/?s={search_term_string}"},"query-input":{"@type":"PropertyValueSpecification","valueRequired":true,"valueName":"search_term_string"}}],"inLanguage":"es"}]}},"_links":{"self":[{"href":"https:\/\/www.metaflotech.com\/es\/wp-json\/wp\/v2\/pages\/108080","targetHints":{"allow":["GET"]}}],"collection":[{"href":"https:\/\/www.metaflotech.com\/es\/wp-json\/wp\/v2\/pages"}],"about":[{"href":"https:\/\/www.metaflotech.com\/es\/wp-json\/wp\/v2\/types\/page"}],"author":[{"embeddable":true,"href":"https:\/\/www.metaflotech.com\/es\/wp-json\/wp\/v2\/users\/1"}],"replies":[{"embeddable":true,"href":"https:\/\/www.metaflotech.com\/es\/wp-json\/wp\/v2\/comments?post=108080"}],"version-history":[{"count":0,"href":"https:\/\/www.metaflotech.com\/es\/wp-json\/wp\/v2\/pages\/108080\/revisions"}],"up":[{"embeddable":true,"href":"https:\/\/www.metaflotech.com\/es\/wp-json\/wp\/v2\/pages\/109809"}],"wp:attachment":[{"href":"https:\/\/www.metaflotech.com\/es\/wp-json\/wp\/v2\/media?parent=108080"}],"curies":[{"name":"wp","href":"https:\/\/api.w.org\/{rel}","templated":true}]}}