{"id":108180,"date":"2024-11-08T09:06:17","date_gmt":"2024-11-08T09:06:17","guid":{"rendered":"https:\/\/www.metaflotech.com\/?page_id=108180"},"modified":"2025-12-22T22:15:07","modified_gmt":"2025-12-22T22:15:07","slug":"biopolimeros","status":"publish","type":"page","link":"https:\/\/www.metaflotech.com\/es\/products\/biopolymers\/","title":{"rendered":"Biopol\u00edmeros (Tecnolog\u00eda)"},"content":{"rendered":"<h1>\n\t\t\tBiopol\u00edmeros (Tecnolog\u00eda)\t<\/h1>\n\t<h1>Revolucionar los procesos industriales<\/h1>\n\t<p>At MetaFLO, we know that the industrial sector faces unique challenges.\u00a0That&#8217;s why we&#8217;ve developed a suite of innovative biopolymers designed to increase efficiency, enhance environmental compliance and streamline operations.<\/p>\n<p>Descubra c\u00f3mo nuestras soluciones pueden <strong>revolucionar sus operaciones.<\/strong><\/p>\n\t<h3><strong>Aplicaci\u00f3n<\/strong><\/h3>\n\t\t\t <p><strong>Estabilizaci\u00f3n del suelo:<\/strong> estabilizaci\u00f3n de la base y la subbase de la construcci\u00f3n de carreteras y control del polvo (SoilTech, DusTech)<\/p>\t\t\n\t\t\t <p><strong>Miner\u00eda:<\/strong> mejora de la extracci\u00f3n de minerales preciosos (oro), reducci\u00f3n del cianuro, aceleraci\u00f3n de la reacci\u00f3n (ExtracTech)<\/p>\t\t\n\t\t\t <p><strong>Petr\u00f3leo y gas:<\/strong> remediaci\u00f3n avanzada del agua producida (RemTech)<\/p>\t\t\n\t<h3><strong>Beneficios<\/strong><\/h3>\n\t\t\t <p>Reducir costes<\/p>\t\t\n\t\t\t <p>Cumplir las normas medioambientales<\/p>\t\t\n\t\t\t <p>Mejorar la eficacia operativa<\/p>\t\t\n\t\t\t\t<a href=\"https:\/\/www.metaflotech.com\/es\/productos\/soiltech\/\"  target=\"_self\" rel=\"nofollow\"  itemprop=\"url\">\n\t\t\t\t<img decoding=\"async\" src=\"https:\/\/www.metaflotech.com\/wp-content\/uploads\/2025\/07\/Dark-3.svg\" alt=\"Oscuro\" itemprop=\"image\" height=\"100\" width=\"100\" title=\"Oscuro\" onerror=\"this.style.display='none'\" loading=\"lazy\" \/>\n\t\t\t\t<\/a>\n\t<p><strong>\u2713 <\/strong>Estabilizaci\u00f3n del suelo<\/p>\n\t\t\t\t<a href=\"https:\/\/www.metaflotech.com\/es\/productos\/dustech\/\"  target=\"_self\" rel=\"nofollow\"  itemprop=\"url\">\n\t\t\t\t<img decoding=\"async\" src=\"https:\/\/www.metaflotech.com\/wp-content\/uploads\/2025\/07\/Dark-5.svg\" alt=\"Oscuro\" itemprop=\"image\" height=\"100\" width=\"100\" title=\"Oscuro\" onerror=\"this.style.display='none'\" loading=\"lazy\" \/>\n\t\t\t\t<\/a>\n\t<p><strong>\u2713 Supresi\u00f3n de polvo\u00a0<\/strong><\/p>\n\t\t\t\t<a href=\"https:\/\/www.metaflotech.com\/es\/productos\/extractech\/\"  target=\"_self\" itemprop=\"url\">\n\t\t\t\t<img decoding=\"async\" src=\"https:\/\/www.metaflotech.com\/wp-content\/uploads\/2025\/07\/Dark-4.svg\" alt=\"Oscuro\" itemprop=\"image\" height=\"100\" width=\"100\" title=\"Oscuro\" onerror=\"this.style.display='none'\" loading=\"lazy\" \/>\n\t\t\t\t<\/a>\n\t<strong>\u2713 Extracci\u00f3n de oro y reducci\u00f3n de cianuro<br \/>\n<\/strong>\n\t\t\t\t<a href=\"https:\/\/www.metaflotech.com\/es\/productos\/remtech\/\"  target=\"_self\" rel=\"nofollow\"  itemprop=\"url\">\n\t\t\t\t<img decoding=\"async\" src=\"https:\/\/www.metaflotech.com\/wp-content\/uploads\/2025\/07\/Dark.svg\" alt=\"Oscuro\" itemprop=\"image\" height=\"100\" width=\"100\" title=\"Oscuro\" onerror=\"this.style.display='none'\" loading=\"lazy\" \/>\n\t\t\t\t<\/a>\n\t<p><strong>\u2713 Agua contaminada<\/strong><\/p>\n\t\t\t <p><strong>Producido a partir de algas marinas<\/strong><\/p>\n\t\t\t <p><strong>Comercializado en forma l\u00edquida<\/strong><\/p>\t\t\n\t\t\t <p><strong>Soluble en agua<\/strong><\/p>\t\t\n\t\t\t <p><strong>F\u00e1cil aplicaci\u00f3n<\/strong><\/p>\n\t\t\t <p><strong>No se requiere equipo adicional para el proceso<\/strong><\/p>\n\t\t\t <p><strong>Ambientalmente seguro para el suelo y la fauna terrestre<\/strong><\/p>\n\t\t\t <p><strong>Adaptable a cualquier lugar<\/strong><\/p>\n\t<h2><strong>PROCESO DE PRODUCCI\u00d3N DE BIOPOL\u00cdMEROS DE SEMILLAS<\/strong><\/h2>\n\t\t\t\t<img decoding=\"async\" src=\"https:\/\/www.metaflotech.com\/wp-content\/uploads\/2025\/04\/naturally-derived-biopolymer-from-seaweed1.png\" alt=\"biopol\u00edmero natural de algas marinas1\" itemprop=\"image\" height=\"798\" width=\"3677\" onerror=\"this.style.display='none'\" loading=\"lazy\" \/>","protected":false},"excerpt":{"rendered":"<p>Biopolymers (Tech) Revolutionizing Industrial Processes At MetaFLO, we know that the industrial sector faces unique challenges.\u00a0That&#8217;s why we&#8217;ve developed a suite of innovative biopolymers designed to increase efficiency, enhance environmental compliance and streamline operations. Discover how our solutions can revolutionize your operations. Application Soil Stabilization: road construction base and sub-base stabilization and dust control (SoilTech,&hellip;<\/p>","protected":false},"author":1,"featured_media":0,"parent":109809,"menu_order":0,"comment_status":"closed","ping_status":"closed","template":"","meta":{"_acf_changed":false,"inline_featured_image":false,"footnotes":""},"class_list":["post-108180","page","type-page","status-publish","hentry"],"acf":[],"yoast_head":"<!-- This site is optimized with the Yoast SEO plugin v27.5 - https:\/\/yoast.com\/product\/yoast-seo-wordpress\/ -->\n<title>Biopolymers (Tech) | MetaFLO Technologies<\/title>\n<meta name=\"description\" content=\"FOCUSED ON ENGINEERED SOLUTIONS FOR LIQUID WASTE SOLIDIFICATION THAT ARE EFFECTIVE, EFFICIENT AND MINIMIZE ENVIRONMENTAL IMPACT.\" \/>\n<meta name=\"robots\" content=\"index, follow, max-snippet:-1, max-image-preview:large, max-video-preview:-1\" \/>\n<link rel=\"canonical\" href=\"https:\/\/www.metaflotech.com\/es\/productos\/biopolimeros\/\" \/>\n<meta property=\"og:locale\" content=\"es_ES\" \/>\n<meta property=\"og:type\" content=\"article\" \/>\n<meta property=\"og:title\" content=\"Biopolymers (Tech) | MetaFLO Technologies\" \/>\n<meta property=\"og:description\" content=\"FOCUSED ON ENGINEERED SOLUTIONS FOR LIQUID WASTE SOLIDIFICATION THAT ARE EFFECTIVE, EFFICIENT AND MINIMIZE ENVIRONMENTAL IMPACT.\" \/>\n<meta property=\"og:url\" content=\"https:\/\/www.metaflotech.com\/es\/productos\/biopolimeros\/\" \/>\n<meta property=\"og:site_name\" content=\"MetaFLO Technologies\" \/>\n<meta property=\"article:publisher\" content=\"https:\/\/www.facebook.com\/MetaFLOTechnologies\/\" \/>\n<meta property=\"article:modified_time\" content=\"2025-12-22T22:15:07+00:00\" \/>\n<meta property=\"og:image\" content=\"https:\/\/www.metaflotech.com\/wp-content\/uploads\/2025\/07\/Dark-3.svg\" \/>\n<meta name=\"twitter:card\" content=\"summary_large_image\" \/>\n<meta name=\"twitter:site\" content=\"@metaflo\" \/>\n<meta name=\"twitter:label1\" content=\"Tiempo de lectura\" \/>\n\t<meta name=\"twitter:data1\" content=\"2 minutos\" \/>\n<script type=\"application\/ld+json\" class=\"yoast-schema-graph\">{\"@context\":\"https:\\\/\\\/schema.org\",\"@graph\":[{\"@type\":\"WebPage\",\"@id\":\"https:\\\/\\\/www.metaflotech.com\\\/es\\\/products\\\/biopolymers\\\/\",\"url\":\"https:\\\/\\\/www.metaflotech.com\\\/es\\\/products\\\/biopolymers\\\/\",\"name\":\"Biopolymers (Tech) | MetaFLO Technologies\",\"isPartOf\":{\"@id\":\"https:\\\/\\\/www.metaflotech.com\\\/es\\\/#website\"},\"primaryImageOfPage\":{\"@id\":\"https:\\\/\\\/www.metaflotech.com\\\/es\\\/products\\\/biopolymers\\\/#primaryimage\"},\"image\":{\"@id\":\"https:\\\/\\\/www.metaflotech.com\\\/es\\\/products\\\/biopolymers\\\/#primaryimage\"},\"thumbnailUrl\":\"https:\\\/\\\/www.metaflotech.com\\\/wp-content\\\/uploads\\\/2025\\\/07\\\/Dark-3.svg\",\"datePublished\":\"2024-11-08T09:06:17+00:00\",\"dateModified\":\"2025-12-22T22:15:07+00:00\",\"description\":\"FOCUSED ON ENGINEERED SOLUTIONS FOR LIQUID WASTE SOLIDIFICATION THAT ARE EFFECTIVE, EFFICIENT AND MINIMIZE ENVIRONMENTAL IMPACT.\",\"breadcrumb\":{\"@id\":\"https:\\\/\\\/www.metaflotech.com\\\/es\\\/products\\\/biopolymers\\\/#breadcrumb\"},\"inLanguage\":\"es\",\"potentialAction\":[{\"@type\":\"ReadAction\",\"target\":[\"https:\\\/\\\/www.metaflotech.com\\\/es\\\/products\\\/biopolymers\\\/\"]}]},{\"@type\":\"ImageObject\",\"inLanguage\":\"es\",\"@id\":\"https:\\\/\\\/www.metaflotech.com\\\/es\\\/products\\\/biopolymers\\\/#primaryimage\",\"url\":\"https:\\\/\\\/www.metaflotech.com\\\/wp-content\\\/uploads\\\/2025\\\/07\\\/Dark-3.svg\",\"contentUrl\":\"https:\\\/\\\/www.metaflotech.com\\\/wp-content\\\/uploads\\\/2025\\\/07\\\/Dark-3.svg\"},{\"@type\":\"BreadcrumbList\",\"@id\":\"https:\\\/\\\/www.metaflotech.com\\\/es\\\/products\\\/biopolymers\\\/#breadcrumb\",\"itemListElement\":[{\"@type\":\"ListItem\",\"position\":1,\"name\":\"Home\",\"item\":\"https:\\\/\\\/www.metaflotech.com\\\/\"},{\"@type\":\"ListItem\",\"position\":2,\"name\":\"Products\",\"item\":\"https:\\\/\\\/www.metaflotech.com\\\/products\\\/\"},{\"@type\":\"ListItem\",\"position\":3,\"name\":\"Biopolymers (Tech)\"}]},{\"@type\":\"WebSite\",\"@id\":\"https:\\\/\\\/www.metaflotech.com\\\/es\\\/#website\",\"url\":\"https:\\\/\\\/www.metaflotech.com\\\/es\\\/\",\"name\":\"MetaFLO Technologies\",\"description\":\"Engineered Polymer Solutions For Industrial Applications\",\"potentialAction\":[{\"@type\":\"SearchAction\",\"target\":{\"@type\":\"EntryPoint\",\"urlTemplate\":\"https:\\\/\\\/www.metaflotech.com\\\/es\\\/?s={search_term_string}\"},\"query-input\":{\"@type\":\"PropertyValueSpecification\",\"valueRequired\":true,\"valueName\":\"search_term_string\"}}],\"inLanguage\":\"es\"}]}<\/script>\n<!-- \/ Yoast SEO plugin. -->","yoast_head_json":{"title":"Biopolymers (Tech) | MetaFLO Technologies","description":"CENTRADA EN SOLUCIONES DE INGENIER\u00cdA PARA LA SOLIDIFICACI\u00d3N DE RESIDUOS L\u00cdQUIDOS QUE SEAN EFICACES, EFICIENTES Y MINIMICEN EL IMPACTO MEDIOAMBIENTAL.","robots":{"index":"index","follow":"follow","max-snippet":"max-snippet:-1","max-image-preview":"max-image-preview:large","max-video-preview":"max-video-preview:-1"},"canonical":"https:\/\/www.metaflotech.com\/es\/productos\/biopolimeros\/","og_locale":"es_ES","og_type":"article","og_title":"Biopolymers (Tech) | MetaFLO Technologies","og_description":"FOCUSED ON ENGINEERED SOLUTIONS FOR LIQUID WASTE SOLIDIFICATION THAT ARE EFFECTIVE, EFFICIENT AND MINIMIZE ENVIRONMENTAL IMPACT.","og_url":"https:\/\/www.metaflotech.com\/es\/productos\/biopolimeros\/","og_site_name":"MetaFLO Technologies","article_publisher":"https:\/\/www.facebook.com\/MetaFLOTechnologies\/","article_modified_time":"2025-12-22T22:15:07+00:00","og_image":[{"url":"https:\/\/www.metaflotech.com\/wp-content\/uploads\/2025\/07\/Dark-3.svg","type":"","width":"","height":""}],"twitter_card":"summary_large_image","twitter_site":"@metaflo","twitter_misc":{"Tiempo de lectura":"2 minutos"},"schema":{"@context":"https:\/\/schema.org","@graph":[{"@type":"WebPage","@id":"https:\/\/www.metaflotech.com\/es\/products\/biopolymers\/","url":"https:\/\/www.metaflotech.com\/es\/products\/biopolymers\/","name":"Biopolymers (Tech) | MetaFLO Technologies","isPartOf":{"@id":"https:\/\/www.metaflotech.com\/es\/#website"},"primaryImageOfPage":{"@id":"https:\/\/www.metaflotech.com\/es\/products\/biopolymers\/#primaryimage"},"image":{"@id":"https:\/\/www.metaflotech.com\/es\/products\/biopolymers\/#primaryimage"},"thumbnailUrl":"https:\/\/www.metaflotech.com\/wp-content\/uploads\/2025\/07\/Dark-3.svg","datePublished":"2024-11-08T09:06:17+00:00","dateModified":"2025-12-22T22:15:07+00:00","description":"CENTRADA EN SOLUCIONES DE INGENIER\u00cdA PARA LA SOLIDIFICACI\u00d3N DE RESIDUOS L\u00cdQUIDOS QUE SEAN EFICACES, EFICIENTES Y MINIMICEN EL IMPACTO MEDIOAMBIENTAL.","breadcrumb":{"@id":"https:\/\/www.metaflotech.com\/es\/products\/biopolymers\/#breadcrumb"},"inLanguage":"es","potentialAction":[{"@type":"ReadAction","target":["https:\/\/www.metaflotech.com\/es\/products\/biopolymers\/"]}]},{"@type":"ImageObject","inLanguage":"es","@id":"https:\/\/www.metaflotech.com\/es\/products\/biopolymers\/#primaryimage","url":"https:\/\/www.metaflotech.com\/wp-content\/uploads\/2025\/07\/Dark-3.svg","contentUrl":"https:\/\/www.metaflotech.com\/wp-content\/uploads\/2025\/07\/Dark-3.svg"},{"@type":"BreadcrumbList","@id":"https:\/\/www.metaflotech.com\/es\/products\/biopolymers\/#breadcrumb","itemListElement":[{"@type":"ListItem","position":1,"name":"Home","item":"https:\/\/www.metaflotech.com\/"},{"@type":"ListItem","position":2,"name":"Products","item":"https:\/\/www.metaflotech.com\/products\/"},{"@type":"ListItem","position":3,"name":"Biopolymers (Tech)"}]},{"@type":"WebSite","@id":"https:\/\/www.metaflotech.com\/es\/#website","url":"https:\/\/www.metaflotech.com\/es\/","name":"Tecnolog\u00edas MetaFLO","description":"Soluciones de pol\u00edmeros para aplicaciones industriales","potentialAction":[{"@type":"SearchAction","target":{"@type":"EntryPoint","urlTemplate":"https:\/\/www.metaflotech.com\/es\/?s={search_term_string}"},"query-input":{"@type":"PropertyValueSpecification","valueRequired":true,"valueName":"search_term_string"}}],"inLanguage":"es"}]}},"_links":{"self":[{"href":"https:\/\/www.metaflotech.com\/es\/wp-json\/wp\/v2\/pages\/108180","targetHints":{"allow":["GET"]}}],"collection":[{"href":"https:\/\/www.metaflotech.com\/es\/wp-json\/wp\/v2\/pages"}],"about":[{"href":"https:\/\/www.metaflotech.com\/es\/wp-json\/wp\/v2\/types\/page"}],"author":[{"embeddable":true,"href":"https:\/\/www.metaflotech.com\/es\/wp-json\/wp\/v2\/users\/1"}],"replies":[{"embeddable":true,"href":"https:\/\/www.metaflotech.com\/es\/wp-json\/wp\/v2\/comments?post=108180"}],"version-history":[{"count":0,"href":"https:\/\/www.metaflotech.com\/es\/wp-json\/wp\/v2\/pages\/108180\/revisions"}],"up":[{"embeddable":true,"href":"https:\/\/www.metaflotech.com\/es\/wp-json\/wp\/v2\/pages\/109809"}],"wp:attachment":[{"href":"https:\/\/www.metaflotech.com\/es\/wp-json\/wp\/v2\/media?parent=108180"}],"curies":[{"name":"wp","href":"https:\/\/api.w.org\/{rel}","templated":true}]}}