{"id":109809,"date":"2024-11-15T08:29:30","date_gmt":"2024-11-15T08:29:30","guid":{"rendered":"https:\/\/www.metaflotech.com\/?page_id=109809"},"modified":"2025-12-22T22:18:43","modified_gmt":"2025-12-22T22:18:43","slug":"productos","status":"publish","type":"page","link":"https:\/\/www.metaflotech.com\/es\/products\/","title":{"rendered":"Productos"},"content":{"rendered":"<h1>\n\t\t\tReactivos de solidificaci\u00f3n (MF)\t<\/h1>\n\t<h1>Revoluci\u00f3n en la solidificaci\u00f3n de residuos l\u00edquidos<\/h1>\n\t<p>MetaFLO es el proveedor l\u00edder de productos qu\u00edmicos innovadores y respetuosos con el medio ambiente y de sistemas \u00fanicos de suministro de reactivos para el tratamiento de flujos de residuos l\u00edquidos.<\/p>\n<p>En pocas palabras, ayudamos a la gente r\u00e1pidamente <strong>convertir los residuos l\u00edquidos en s\u00f3lidos manejables en el lugar de generaci\u00f3n de fluidos.<\/strong><\/p>\n\t<h3><strong>Aplicaci\u00f3n<\/strong><\/h3>\n\t\t\t <p><a href=\"https:\/\/www.metaflotech.com\/es\/aplicaciones\/perforacion-horizontal-dirigida\/\">Perforaci\u00f3n horizontal dirigida<\/a>, <a href=\"https:\/\/www.metaflotech.com\/es\/aplicaciones\/tunel\/\">T\u00faneles y microt\u00faneles<\/a><\/p>\t\t\n\t\t\t <p><a href=\"https:\/\/www.metaflotech.com\/es\/industrias\/petroleo-y-gas\/\">Perforaciones petrol\u00edferas y de gas<\/a><\/p>\u00a0\t\t\n\t\t\t <p><a href=\"https:\/\/www.metaflotech.com\/es\/aplicaciones\/hidroexcavaciones\/\">Hidroexcavaciones<\/a><\/p>\u00a0\t\t\n\t\t\t <p><a href=\"https:\/\/www.metaflotech.com\/es\/aplicaciones\/environmental-dredging\/\">Dragado medioambiental<\/a><\/p>\u00a0\t\t\n\t<h3><strong>Beneficios<\/strong><\/h3>\n\t\t\t <p>Reducci\u00f3n de riesgos y responsabilidades, mejora de la seguridad en las obras<\/p>\t\t\n\t\t\t <p>Reducir los costes de gesti\u00f3n de los residuos l\u00edquidos<\/p>\t\t\n\t\t\t <p>Reduzca su impacto ambiental<\/p>\t\t\n\t\t<iframe loading=\"lazy\" width=\"1120\" height=\"630\" src=\"https:\/\/www.youtube.com\/embed\/K7BlhvqGN-E?si=DG_Hz1XDcxIpNhQR\" title=\"MetaFLO Technologies - Solidification Reagents\" frameborder=\"0\" allow=\"accelerometer; autoplay; clipboard-write; encrypted-media; gyroscope; picture-in-picture; web-share\" referrerpolicy=\"strict-origin-when-cross-origin\" allowfullscreen><\/iframe>\t\n\t\t\t\t<a href=\"https:\/\/www.metaflotech.com\/es\/productos\/mf003\/\"  target=\"_self\" itemprop=\"url\">\n\t\t\t\t<img decoding=\"async\" src=\"https:\/\/www.metaflotech.com\/wp-content\/uploads\/2024\/03\/Dark-MF003.svg\" alt=\"MF003\" itemprop=\"image\" height=\"100\" width=\"100\" onerror=\"this.style.display='none'\" loading=\"lazy\" \/>\n\t\t\t\t<\/a>\n\t<p><strong>\u2713 L<\/strong>flujos de residuos l\u00edquidos<\/p>\n\t\t\t\t<a href=\"https:\/\/www.metaflotech.com\/es\/productos\/mf006\/\"  target=\"_self\" itemprop=\"url\">\n\t\t\t\t<img decoding=\"async\" src=\"https:\/\/www.metaflotech.com\/wp-content\/uploads\/2024\/03\/Dark-MF006.svg\" alt=\"MF006\" itemprop=\"image\" height=\"100\" width=\"100\" onerror=\"this.style.display='none'\" loading=\"lazy\" \/>\n\t\t\t\t<\/a>\n\t<p><strong>\u2713 Semis\u00f3lidos a base de agua<\/strong><\/p>\n\t\t\t\t<a href=\"https:\/\/www.metaflotech.com\/es\/productos\/mf008\/\"  target=\"_self\" rel=\"nofollow\"  itemprop=\"url\">\n\t\t\t\t<img decoding=\"async\" src=\"https:\/\/www.metaflotech.com\/wp-content\/uploads\/2024\/03\/Dark-MF008.svg\" alt=\"MF008 oscuro\" itemprop=\"image\" height=\"100\" width=\"100\" title=\"MF008 oscuro\" onerror=\"this.style.display='none'\" loading=\"lazy\" \/>\n\t\t\t\t<\/a>\n\t<p><strong>\u2713 Aplicaciones de petr\u00f3leo y gas<\/strong><\/p>\n<h1>\n\t\t\tBiopol\u00edmeros (Tecnolog\u00eda)\t<\/h1>\n\t<h1>Revolucionar los procesos industriales<\/h1>\n\t<p>At MetaFLO, we know that the industrial sector faces unique challenges.\u00a0That&#8217;s why we&#8217;ve developed a suite of innovative biopolymers designed to increase efficiency, enhance environmental compliance and streamline operations.<\/p>\n<p>Descubra c\u00f3mo nuestras soluciones pueden <strong>revolucionar sus operaciones.<\/strong><\/p>\n\t<h3><strong>Aplicaci\u00f3n<\/strong><\/h3>\n\t\t\t <p><strong>Estabilizaci\u00f3n del suelo:<\/strong> estabilizaci\u00f3n de la base y la subbase de la construcci\u00f3n de carreteras y control del polvo (SoilTech, DusTech)<\/p>\t\t\n\t\t\t <p><strong>Miner\u00eda:<\/strong> mejora de la extracci\u00f3n de minerales preciosos (oro), reducci\u00f3n del cianuro, aceleraci\u00f3n de la reacci\u00f3n (ExtracTech)<\/p>\t\t\n\t\t\t <p><strong>Petr\u00f3leo y gas:<\/strong> remediaci\u00f3n avanzada del agua producida (RemTech)<\/p>\t\t\n\t\t\t <p><strong>Carpetas:<\/strong> para la fabricaci\u00f3n de ladrillos, adoquines y materiales similares (CemenTech)<\/p>\t\t\n\t<h3><strong>Beneficios<\/strong><\/h3>\n\t\t\t <p>Reducir costes<\/p>\t\t\n\t\t\t <p>Cumplir las normas medioambientales<\/p>\t\t\n\t\t\t <p>Mejorar la eficacia operativa<\/p>\t\t\n\t\t\t\t<a href=\"https:\/\/www.metaflotech.com\/es\/productos\/soiltech\/\"  target=\"_self\" rel=\"nofollow\"  itemprop=\"url\">\n\t\t\t\t<img decoding=\"async\" src=\"https:\/\/www.metaflotech.com\/wp-content\/uploads\/2025\/07\/Dark-3.svg\" alt=\"Oscuro\" itemprop=\"image\" height=\"100\" width=\"100\" title=\"Oscuro\" onerror=\"this.style.display='none'\" loading=\"lazy\" \/>\n\t\t\t\t<\/a>\n\t<p><strong>\u2713 <\/strong>Estabilizaci\u00f3n del suelo<\/p>\n\t\t\t\t<a href=\"https:\/\/www.metaflotech.com\/es\/productos\/dustech\/\"  target=\"_self\" rel=\"nofollow\"  itemprop=\"url\">\n\t\t\t\t<img decoding=\"async\" src=\"https:\/\/www.metaflotech.com\/wp-content\/uploads\/2025\/07\/Dark-5.svg\" alt=\"Oscuro\" itemprop=\"image\" height=\"100\" width=\"100\" title=\"Oscuro\" onerror=\"this.style.display='none'\" loading=\"lazy\" \/>\n\t\t\t\t<\/a>\n\t<p><strong>\u2713 Supresi\u00f3n de polvo\u00a0<\/strong><\/p>\n\t\t\t\t<a href=\"https:\/\/www.metaflotech.com\/es\/productos\/extractech\/\"  target=\"_self\" itemprop=\"url\">\n\t\t\t\t<img decoding=\"async\" src=\"https:\/\/www.metaflotech.com\/wp-content\/uploads\/2025\/07\/Dark-4.svg\" alt=\"Oscuro\" itemprop=\"image\" height=\"100\" width=\"100\" title=\"Oscuro\" onerror=\"this.style.display='none'\" loading=\"lazy\" \/>\n\t\t\t\t<\/a>\n\t<strong>\u2713 Extracci\u00f3n de oro y reducci\u00f3n de cianuro<br \/>\n<\/strong>\n\t\t\t\t<a href=\"https:\/\/www.metaflotech.com\/es\/productos\/remtech\/\"  target=\"_self\" rel=\"nofollow\"  itemprop=\"url\">\n\t\t\t\t<img decoding=\"async\" src=\"https:\/\/www.metaflotech.com\/wp-content\/uploads\/2025\/07\/Dark.svg\" alt=\"Oscuro\" itemprop=\"image\" height=\"100\" width=\"100\" title=\"Oscuro\" onerror=\"this.style.display='none'\" loading=\"lazy\" \/>\n\t\t\t\t<\/a>\n\t<p><strong>\u2713 Agua contaminada<\/strong><\/p>","protected":false},"excerpt":{"rendered":"<p>Solidification Reagents (MF) Revolutionizing Liquid Waste Solidification MetaFLO is the leading provider of innovative, environmentally friendly chemistry and unique reagent delivery systems for the treatment of liquid waste streams. Simply put, we help people rapidly turn liquid waste into a manageable solid at the site of fluid generation. Application Horizontal Directional Drilling, Tunneling &amp; Microtunneling&hellip;<\/p>","protected":false},"author":1,"featured_media":0,"parent":0,"menu_order":0,"comment_status":"closed","ping_status":"closed","template":"","meta":{"_acf_changed":false,"inline_featured_image":false,"footnotes":""},"class_list":["post-109809","page","type-page","status-publish","hentry"],"acf":[],"yoast_head":"<!-- This site is optimized with the Yoast SEO plugin v27.5 - https:\/\/yoast.com\/product\/yoast-seo-wordpress\/ -->\n<title>Products | MetaFLO Technologies<\/title>\n<meta name=\"description\" content=\"FOCUSED ON ENGINEERED SOLUTIONS FOR LIQUID WASTE SOLIDIFICATION THAT ARE EFFECTIVE, EFFICIENT AND MINIMIZE ENVIRONMENTAL IMPACT.\" \/>\n<meta name=\"robots\" content=\"index, follow, max-snippet:-1, max-image-preview:large, max-video-preview:-1\" \/>\n<link rel=\"canonical\" href=\"https:\/\/www.metaflotech.com\/es\/productos\/\" \/>\n<meta property=\"og:locale\" content=\"es_ES\" \/>\n<meta property=\"og:type\" content=\"article\" \/>\n<meta property=\"og:title\" content=\"Products | MetaFLO Technologies\" \/>\n<meta property=\"og:description\" content=\"FOCUSED ON ENGINEERED SOLUTIONS FOR LIQUID WASTE SOLIDIFICATION THAT ARE EFFECTIVE, EFFICIENT AND MINIMIZE ENVIRONMENTAL IMPACT.\" \/>\n<meta property=\"og:url\" content=\"https:\/\/www.metaflotech.com\/es\/productos\/\" \/>\n<meta property=\"og:site_name\" content=\"MetaFLO Technologies\" \/>\n<meta property=\"article:publisher\" content=\"https:\/\/www.facebook.com\/MetaFLOTechnologies\/\" \/>\n<meta property=\"article:modified_time\" content=\"2025-12-22T22:18:43+00:00\" \/>\n<meta property=\"og:image\" content=\"https:\/\/www.metaflotech.com\/wp-content\/uploads\/2024\/03\/Dark-MF003.svg\" \/>\n<meta name=\"twitter:card\" content=\"summary_large_image\" \/>\n<meta name=\"twitter:site\" content=\"@metaflo\" \/>\n<meta name=\"twitter:label1\" content=\"Tiempo de lectura\" \/>\n\t<meta name=\"twitter:data1\" content=\"3 minutos\" \/>\n<script type=\"application\/ld+json\" class=\"yoast-schema-graph\">{\"@context\":\"https:\\\/\\\/schema.org\",\"@graph\":[{\"@type\":\"WebPage\",\"@id\":\"https:\\\/\\\/www.metaflotech.com\\\/es\\\/products\\\/\",\"url\":\"https:\\\/\\\/www.metaflotech.com\\\/es\\\/products\\\/\",\"name\":\"Products | MetaFLO Technologies\",\"isPartOf\":{\"@id\":\"https:\\\/\\\/www.metaflotech.com\\\/es\\\/#website\"},\"primaryImageOfPage\":{\"@id\":\"https:\\\/\\\/www.metaflotech.com\\\/es\\\/products\\\/#primaryimage\"},\"image\":{\"@id\":\"https:\\\/\\\/www.metaflotech.com\\\/es\\\/products\\\/#primaryimage\"},\"thumbnailUrl\":\"https:\\\/\\\/www.metaflotech.com\\\/wp-content\\\/uploads\\\/2024\\\/03\\\/Dark-MF003.svg\",\"datePublished\":\"2024-11-15T08:29:30+00:00\",\"dateModified\":\"2025-12-22T22:18:43+00:00\",\"description\":\"FOCUSED ON ENGINEERED SOLUTIONS FOR LIQUID WASTE SOLIDIFICATION THAT ARE EFFECTIVE, EFFICIENT AND MINIMIZE ENVIRONMENTAL IMPACT.\",\"breadcrumb\":{\"@id\":\"https:\\\/\\\/www.metaflotech.com\\\/es\\\/products\\\/#breadcrumb\"},\"inLanguage\":\"es\",\"potentialAction\":[{\"@type\":\"ReadAction\",\"target\":[\"https:\\\/\\\/www.metaflotech.com\\\/es\\\/products\\\/\"]}]},{\"@type\":\"ImageObject\",\"inLanguage\":\"es\",\"@id\":\"https:\\\/\\\/www.metaflotech.com\\\/es\\\/products\\\/#primaryimage\",\"url\":\"https:\\\/\\\/www.metaflotech.com\\\/wp-content\\\/uploads\\\/2024\\\/03\\\/Dark-MF003.svg\",\"contentUrl\":\"https:\\\/\\\/www.metaflotech.com\\\/wp-content\\\/uploads\\\/2024\\\/03\\\/Dark-MF003.svg\"},{\"@type\":\"BreadcrumbList\",\"@id\":\"https:\\\/\\\/www.metaflotech.com\\\/es\\\/products\\\/#breadcrumb\",\"itemListElement\":[{\"@type\":\"ListItem\",\"position\":1,\"name\":\"Home\",\"item\":\"https:\\\/\\\/www.metaflotech.com\\\/\"},{\"@type\":\"ListItem\",\"position\":2,\"name\":\"Products\"}]},{\"@type\":\"WebSite\",\"@id\":\"https:\\\/\\\/www.metaflotech.com\\\/es\\\/#website\",\"url\":\"https:\\\/\\\/www.metaflotech.com\\\/es\\\/\",\"name\":\"MetaFLO Technologies\",\"description\":\"Engineered Polymer Solutions For Industrial Applications\",\"potentialAction\":[{\"@type\":\"SearchAction\",\"target\":{\"@type\":\"EntryPoint\",\"urlTemplate\":\"https:\\\/\\\/www.metaflotech.com\\\/es\\\/?s={search_term_string}\"},\"query-input\":{\"@type\":\"PropertyValueSpecification\",\"valueRequired\":true,\"valueName\":\"search_term_string\"}}],\"inLanguage\":\"es\"}]}<\/script>\n<!-- \/ Yoast SEO plugin. -->","yoast_head_json":{"title":"Products | MetaFLO Technologies","description":"CENTRADA EN SOLUCIONES DE INGENIER\u00cdA PARA LA SOLIDIFICACI\u00d3N DE RESIDUOS L\u00cdQUIDOS QUE SEAN EFICACES, EFICIENTES Y MINIMICEN EL IMPACTO MEDIOAMBIENTAL.","robots":{"index":"index","follow":"follow","max-snippet":"max-snippet:-1","max-image-preview":"max-image-preview:large","max-video-preview":"max-video-preview:-1"},"canonical":"https:\/\/www.metaflotech.com\/es\/productos\/","og_locale":"es_ES","og_type":"article","og_title":"Products | MetaFLO Technologies","og_description":"FOCUSED ON ENGINEERED SOLUTIONS FOR LIQUID WASTE SOLIDIFICATION THAT ARE EFFECTIVE, EFFICIENT AND MINIMIZE ENVIRONMENTAL IMPACT.","og_url":"https:\/\/www.metaflotech.com\/es\/productos\/","og_site_name":"MetaFLO Technologies","article_publisher":"https:\/\/www.facebook.com\/MetaFLOTechnologies\/","article_modified_time":"2025-12-22T22:18:43+00:00","og_image":[{"url":"https:\/\/www.metaflotech.com\/wp-content\/uploads\/2024\/03\/Dark-MF003.svg","type":"","width":"","height":""}],"twitter_card":"summary_large_image","twitter_site":"@metaflo","twitter_misc":{"Tiempo de lectura":"3 minutos"},"schema":{"@context":"https:\/\/schema.org","@graph":[{"@type":"WebPage","@id":"https:\/\/www.metaflotech.com\/es\/products\/","url":"https:\/\/www.metaflotech.com\/es\/products\/","name":"Products | MetaFLO Technologies","isPartOf":{"@id":"https:\/\/www.metaflotech.com\/es\/#website"},"primaryImageOfPage":{"@id":"https:\/\/www.metaflotech.com\/es\/products\/#primaryimage"},"image":{"@id":"https:\/\/www.metaflotech.com\/es\/products\/#primaryimage"},"thumbnailUrl":"https:\/\/www.metaflotech.com\/wp-content\/uploads\/2024\/03\/Dark-MF003.svg","datePublished":"2024-11-15T08:29:30+00:00","dateModified":"2025-12-22T22:18:43+00:00","description":"CENTRADA EN SOLUCIONES DE INGENIER\u00cdA PARA LA SOLIDIFICACI\u00d3N DE RESIDUOS L\u00cdQUIDOS QUE SEAN EFICACES, EFICIENTES Y MINIMICEN EL IMPACTO MEDIOAMBIENTAL.","breadcrumb":{"@id":"https:\/\/www.metaflotech.com\/es\/products\/#breadcrumb"},"inLanguage":"es","potentialAction":[{"@type":"ReadAction","target":["https:\/\/www.metaflotech.com\/es\/products\/"]}]},{"@type":"ImageObject","inLanguage":"es","@id":"https:\/\/www.metaflotech.com\/es\/products\/#primaryimage","url":"https:\/\/www.metaflotech.com\/wp-content\/uploads\/2024\/03\/Dark-MF003.svg","contentUrl":"https:\/\/www.metaflotech.com\/wp-content\/uploads\/2024\/03\/Dark-MF003.svg"},{"@type":"BreadcrumbList","@id":"https:\/\/www.metaflotech.com\/es\/products\/#breadcrumb","itemListElement":[{"@type":"ListItem","position":1,"name":"Home","item":"https:\/\/www.metaflotech.com\/"},{"@type":"ListItem","position":2,"name":"Products"}]},{"@type":"WebSite","@id":"https:\/\/www.metaflotech.com\/es\/#website","url":"https:\/\/www.metaflotech.com\/es\/","name":"Tecnolog\u00edas MetaFLO","description":"Soluciones de pol\u00edmeros para aplicaciones industriales","potentialAction":[{"@type":"SearchAction","target":{"@type":"EntryPoint","urlTemplate":"https:\/\/www.metaflotech.com\/es\/?s={search_term_string}"},"query-input":{"@type":"PropertyValueSpecification","valueRequired":true,"valueName":"search_term_string"}}],"inLanguage":"es"}]}},"_links":{"self":[{"href":"https:\/\/www.metaflotech.com\/es\/wp-json\/wp\/v2\/pages\/109809","targetHints":{"allow":["GET"]}}],"collection":[{"href":"https:\/\/www.metaflotech.com\/es\/wp-json\/wp\/v2\/pages"}],"about":[{"href":"https:\/\/www.metaflotech.com\/es\/wp-json\/wp\/v2\/types\/page"}],"author":[{"embeddable":true,"href":"https:\/\/www.metaflotech.com\/es\/wp-json\/wp\/v2\/users\/1"}],"replies":[{"embeddable":true,"href":"https:\/\/www.metaflotech.com\/es\/wp-json\/wp\/v2\/comments?post=109809"}],"version-history":[{"count":0,"href":"https:\/\/www.metaflotech.com\/es\/wp-json\/wp\/v2\/pages\/109809\/revisions"}],"wp:attachment":[{"href":"https:\/\/www.metaflotech.com\/es\/wp-json\/wp\/v2\/media?parent=109809"}],"curies":[{"name":"wp","href":"https:\/\/api.w.org\/{rel}","templated":true}]}}