{"id":115954,"date":"2024-12-10T09:58:37","date_gmt":"2024-12-10T09:58:37","guid":{"rendered":"https:\/\/www.metaflotech.com\/?page_id=115954"},"modified":"2026-03-12T13:02:13","modified_gmt":"2026-03-12T13:02:13","slug":"estabilizacion-de-suelos","status":"publish","type":"page","link":"https:\/\/www.metaflotech.com\/es\/applications\/soil-stabilization\/","title":{"rendered":"Soil Stabilization for Unpaved, Gravel and Haul Roads"},"content":{"rendered":"<img decoding=\"async\" src=\"https:\/\/www.metaflotech.com\/wp-content\/uploads\/2024\/12\/scene-construction-site-with-equipment_23-2151317307.jpg\" alt=\"scene-construction-site-with-equipment_23-2151317307\" itemprop=\"image\" height=\"1200\" width=\"1800\" title=\"scene-construction-site-with-equipment_23-2151317307\" onerror=\"this.style.display='none'\" loading='lazy' \/>\r\n\t<h1><strong>Estabilizaci\u00f3n del suelo<\/strong><\/h1>\r\n<h2><em>Estabilizaci\u00f3n de suelos innovadora, sostenible y rentable<\/em><\/h2>\r\n<h3>\r\n\t\t\tPanorama de la cuesti\u00f3n\t<\/h3>\r\n\t<p>Subgrade regularization and backfill layers must be stable so that infrastructure isn&#8217;t compromised by heavy rains and transportation. In addition, high CBR ground conditions are necessary to reduce maintenance of the surface. Traditional methods to achieve these goals require substantial water usage and high operational costs.<\/p>\r\n<h3>\r\n\t\t\tOverview of MetaFLO&#8217;s product\t<\/h3>\r\n\t<p><b>SoilTech<\/b> es nuestra innovadora soluci\u00f3n de biopol\u00edmeros para la estabilizaci\u00f3n de suelos. Est\u00e1 dise\u00f1ada para mejorar las propiedades mec\u00e1nicas del suelo y aumentar la cohesi\u00f3n en la aglomeraci\u00f3n de part\u00edculas en la zona tratada.<\/p>\r\n<h1>\r\n\t\t\tC\u00d3MO FUNCIONA\t<\/h1>\r\n\t\t\t <p><strong>SoilTech se diluye para que reaccione qu\u00edmicamente con los minerales presentes en el suelo,<\/strong> forming a new, more resistant and compact structure-in addition to increasing the soil&#8217;s impermeability. <\/p>\t\t\r\n\t\t\t <p><strong>SoilTech act\u00faa como estabilizador cuando se aplica en el suelo,<\/strong> mejorando significativamente sus propiedades mec\u00e1nicas y reduciendo en gran medida la cantidad de agua necesaria en comparaci\u00f3n con los m\u00e9todos tradicionales. <\/p>\t\t\r\n\t\t\t <p><strong>Es soluble en agua,<\/strong> puede diluirse directamente en la cisterna de agua y es f\u00e1cil de aplicar.<\/p>\t\t\r\n\t\t\t <p><strong>SoilTech puede utilizarse eficazmente en cualquier tipo de suelo,<\/strong> como arcillosos, limosos, arenosos, etc. Aumenta la cohesi\u00f3n del suelo, eliminando eficazmente las emisiones de polvo en suspensi\u00f3n.<\/p>\t\t\r\n\t\t\t<a href=\"https:\/\/www.metaflotech.com\/es\/productos\/biopolimeros\/soiltech\/\" target=\"_self\">\r\n\t\t\t\t\t\t\tSABER M\u00c1S\r\n\t\t\t\t\t<\/a>\r\n<h1>\r\n\t\t\tPRESTACIONES\t<\/h1>\r\n\t\t\t\t<img decoding=\"async\" src=\"https:\/\/www.metaflotech.com\/wp-content\/uploads\/2024\/12\/water-reduction.svg\" alt=\"reducci\u00f3n del agua\" itemprop=\"image\" height=\"100\" width=\"100\" title=\"reducci\u00f3n del agua\" onerror=\"this.style.display='none'\" loading='lazy' \/>\r\n\t<h3><b>REDUCCI\u00d3N DEL AGUA<\/b><\/h3>\r\n<p>Reduce significativamente la cantidad de agua necesaria en el proceso en comparaci\u00f3n con otras t\u00e9cnicas convencionales.<\/p>\r\n\t\t\t\t<img decoding=\"async\" src=\"https:\/\/www.metaflotech.com\/wp-content\/uploads\/2024\/12\/environmentally-safe.svg\" alt=\"seguro para el medio ambiente\" itemprop=\"image\" height=\"100\" width=\"100\" title=\"seguro para el medio ambiente\" onerror=\"this.style.display='none'\" loading='lazy' \/>\r\n\t<h3><b>SEGURO PARA EL MEDIO AMBIENTE<\/b><\/h3>\r\n<p>Producido a partir de algas y sin contaminantes qu\u00edmicos que puedan afectar al medio ambiente.<\/p>\r\n\t\t\t\t<img decoding=\"async\" src=\"https:\/\/www.metaflotech.com\/wp-content\/uploads\/2024\/12\/operational-efficiency.svg\" alt=\"eficacia operativa\" itemprop=\"image\" height=\"100\" width=\"100\" title=\"eficacia operativa\" onerror=\"this.style.display='none'\" loading='lazy' \/>\r\n\t<h3><b>EFICACIA OPERATIVA<\/b><\/h3>\r\n<p>Aplicaci\u00f3n simplificada y sin necesidad de maquinaria adicional para agilizar los plazos de construcci\u00f3n.<\/p>\r\n<h2>\r\n\t\t\tCasos pr\u00e1cticos\t<\/h2>\r\n<h3>\r\n\t\t<a href=\"https:\/\/www.metaflotech.com\/wp-content\/uploads\/2025\/07\/SoilTech-Case-Study-1-English-MetaFLO-Technologies.pdf\" title=\"SoilTech impulsa la estabilizaci\u00f3n sostenible de carreteras\"  target=\"_self\">\r\n\t\t\tSoilTech impulsa la estabilizaci\u00f3n sostenible de carreteras\t\t<\/a>\r\n\t<\/h3>\r\n\t<p>MetaFLO&#8217;s innovative stabilization solution provided essential cost savings, productivity gains, and environmental benefits to keep a large-scale roadway project on schedule and within budget.<\/p>\r\n<h3>\r\n\t\t<a href=\"https:\/\/www.metaflotech.com\/wp-content\/uploads\/2025\/07\/SoilTech-Case-Study-2-English-MetaFLO-Technologies.pdf\" title=\"SoilTech potencia el relleno sostenible de las v\u00edas f\u00e9rreas\"  target=\"_self\">\r\n\t\t\tSoilTech potencia el relleno sostenible de las v\u00edas f\u00e9rreas\t\t<\/a>\r\n\t<\/h3>\r\n\t<p>The use of MetaFLO&#8217;s biopolymer resulted in notable cost savings, productivity gains, and environmental benefits for a large-scale railway project by speeding up the stabilization process while cutting down water usage.<\/p>\r\n<h3>\r\n\t\t<a href=\"https:\/\/www.metaflotech.com\/wp-content\/uploads\/2025\/07\/SoilTech-Case-Study-3-English-MetaFLO-Technologies.pdf\" title=\"SoilTech impulsa la carretera sostenible desde tierras ind\u00edgenas\"  target=\"_self\">\r\n\t\t\tSoilTech impulsa la carretera sostenible desde tierras ind\u00edgenas\t\t<\/a>\r\n\t<\/h3>\r\n\t<p>MetaFLO&#8217;s biopolymer quickly turned a potentially hazardous unpaved road into a compact and durable surface while saving time and money.<\/p>","protected":false},"excerpt":{"rendered":"<p>Soil Stabilization Innovative, Sustainable And Cost-Effective Soil Stabilization Issue at a Glance Subgrade regularization and backfill layers must be stable so that infrastructure isn&#8217;t compromised by heavy rains and transportation. In addition, high CBR ground conditions are necessary to reduce maintenance of the surface. Traditional methods to achieve these goals require substantial water usage and&hellip;<\/p>","protected":false},"author":1,"featured_media":0,"parent":73499,"menu_order":0,"comment_status":"closed","ping_status":"closed","template":"","meta":{"_acf_changed":false,"inline_featured_image":false,"footnotes":""},"class_list":["post-115954","page","type-page","status-publish","hentry"],"acf":[],"yoast_head":"<!-- This site is optimized with the Yoast SEO plugin v27.4 - https:\/\/yoast.com\/product\/yoast-seo-wordpress\/ -->\n<title>Soil Stabilization for Unpaved, Gravel and Haul Roads | MetaFLO Technologies<\/title>\n<meta name=\"description\" content=\"MetaFLO provides sustainable biopolymer solutions for soil stabilization on unpaved, gravel and haul roads, improving road durability, trafficability and long-term performance.\" \/>\n<meta name=\"robots\" content=\"index, follow, max-snippet:-1, max-image-preview:large, max-video-preview:-1\" \/>\n<link rel=\"canonical\" href=\"https:\/\/www.metaflotech.com\/es\/aplicaciones\/estabilizacion-de-suelos\/\" \/>\n<meta property=\"og:locale\" content=\"es_ES\" \/>\n<meta property=\"og:type\" content=\"article\" \/>\n<meta property=\"og:title\" content=\"Soil Stabilization for Unpaved, Gravel and Haul Roads | MetaFLO Technologies\" \/>\n<meta property=\"og:description\" content=\"MetaFLO provides sustainable biopolymer solutions for soil stabilization on unpaved, gravel and haul roads, improving road durability, trafficability and long-term performance.\" \/>\n<meta property=\"og:url\" content=\"https:\/\/www.metaflotech.com\/es\/aplicaciones\/estabilizacion-de-suelos\/\" \/>\n<meta property=\"og:site_name\" content=\"MetaFLO Technologies\" \/>\n<meta property=\"article:publisher\" content=\"https:\/\/www.facebook.com\/MetaFLOTechnologies\/\" \/>\n<meta property=\"article:modified_time\" content=\"2026-03-12T13:02:13+00:00\" \/>\n<meta property=\"og:image\" content=\"https:\/\/www.metaflotech.com\/wp-content\/uploads\/2024\/12\/scene-construction-site-with-equipment_23-2151317307.jpg\" \/>\n<meta name=\"twitter:card\" content=\"summary_large_image\" \/>\n<meta name=\"twitter:site\" content=\"@metaflo\" \/>\n<meta name=\"twitter:label1\" content=\"Tiempo de lectura\" \/>\n\t<meta name=\"twitter:data1\" content=\"3 minutos\" \/>\n<script type=\"application\/ld+json\" class=\"yoast-schema-graph\">{\"@context\":\"https:\\\/\\\/schema.org\",\"@graph\":[{\"@type\":\"WebPage\",\"@id\":\"https:\\\/\\\/www.metaflotech.com\\\/es\\\/applications\\\/soil-stabilization\\\/\",\"url\":\"https:\\\/\\\/www.metaflotech.com\\\/es\\\/applications\\\/soil-stabilization\\\/\",\"name\":\"Soil Stabilization for Unpaved, Gravel and Haul Roads | MetaFLO Technologies\",\"isPartOf\":{\"@id\":\"https:\\\/\\\/www.metaflotech.com\\\/es\\\/#website\"},\"primaryImageOfPage\":{\"@id\":\"https:\\\/\\\/www.metaflotech.com\\\/es\\\/applications\\\/soil-stabilization\\\/#primaryimage\"},\"image\":{\"@id\":\"https:\\\/\\\/www.metaflotech.com\\\/es\\\/applications\\\/soil-stabilization\\\/#primaryimage\"},\"thumbnailUrl\":\"https:\\\/\\\/www.metaflotech.com\\\/wp-content\\\/uploads\\\/2024\\\/12\\\/scene-construction-site-with-equipment_23-2151317307.jpg\",\"datePublished\":\"2024-12-10T09:58:37+00:00\",\"dateModified\":\"2026-03-12T13:02:13+00:00\",\"description\":\"MetaFLO provides sustainable biopolymer solutions for soil stabilization on unpaved, gravel and haul roads, improving road durability, trafficability and long-term performance.\",\"breadcrumb\":{\"@id\":\"https:\\\/\\\/www.metaflotech.com\\\/es\\\/applications\\\/soil-stabilization\\\/#breadcrumb\"},\"inLanguage\":\"es\",\"potentialAction\":[{\"@type\":\"ReadAction\",\"target\":[\"https:\\\/\\\/www.metaflotech.com\\\/es\\\/applications\\\/soil-stabilization\\\/\"]}]},{\"@type\":\"ImageObject\",\"inLanguage\":\"es\",\"@id\":\"https:\\\/\\\/www.metaflotech.com\\\/es\\\/applications\\\/soil-stabilization\\\/#primaryimage\",\"url\":\"https:\\\/\\\/www.metaflotech.com\\\/wp-content\\\/uploads\\\/2024\\\/12\\\/scene-construction-site-with-equipment_23-2151317307.jpg\",\"contentUrl\":\"https:\\\/\\\/www.metaflotech.com\\\/wp-content\\\/uploads\\\/2024\\\/12\\\/scene-construction-site-with-equipment_23-2151317307.jpg\"},{\"@type\":\"BreadcrumbList\",\"@id\":\"https:\\\/\\\/www.metaflotech.com\\\/es\\\/applications\\\/soil-stabilization\\\/#breadcrumb\",\"itemListElement\":[{\"@type\":\"ListItem\",\"position\":1,\"name\":\"Home\",\"item\":\"https:\\\/\\\/www.metaflotech.com\\\/\"},{\"@type\":\"ListItem\",\"position\":2,\"name\":\"Applications\",\"item\":\"https:\\\/\\\/www.metaflotech.com\\\/applications\\\/\"},{\"@type\":\"ListItem\",\"position\":3,\"name\":\"Soil Stabilization for Unpaved, Gravel and Haul Roads\"}]},{\"@type\":\"WebSite\",\"@id\":\"https:\\\/\\\/www.metaflotech.com\\\/es\\\/#website\",\"url\":\"https:\\\/\\\/www.metaflotech.com\\\/es\\\/\",\"name\":\"MetaFLO Technologies\",\"description\":\"Engineered Polymer Solutions For Industrial Applications\",\"potentialAction\":[{\"@type\":\"SearchAction\",\"target\":{\"@type\":\"EntryPoint\",\"urlTemplate\":\"https:\\\/\\\/www.metaflotech.com\\\/es\\\/?s={search_term_string}\"},\"query-input\":{\"@type\":\"PropertyValueSpecification\",\"valueRequired\":true,\"valueName\":\"search_term_string\"}}],\"inLanguage\":\"es\"}]}<\/script>\n<!-- \/ Yoast SEO plugin. -->","yoast_head_json":{"title":"Soil Stabilization for Unpaved, Gravel and Haul Roads | MetaFLO Technologies","description":"MetaFLO provides sustainable biopolymer solutions for soil stabilization on unpaved, gravel and haul roads, improving road durability, trafficability and long-term performance.","robots":{"index":"index","follow":"follow","max-snippet":"max-snippet:-1","max-image-preview":"max-image-preview:large","max-video-preview":"max-video-preview:-1"},"canonical":"https:\/\/www.metaflotech.com\/es\/aplicaciones\/estabilizacion-de-suelos\/","og_locale":"es_ES","og_type":"article","og_title":"Soil Stabilization for Unpaved, Gravel and Haul Roads | MetaFLO Technologies","og_description":"MetaFLO provides sustainable biopolymer solutions for soil stabilization on unpaved, gravel and haul roads, improving road durability, trafficability and long-term performance.","og_url":"https:\/\/www.metaflotech.com\/es\/aplicaciones\/estabilizacion-de-suelos\/","og_site_name":"MetaFLO Technologies","article_publisher":"https:\/\/www.facebook.com\/MetaFLOTechnologies\/","article_modified_time":"2026-03-12T13:02:13+00:00","og_image":[{"url":"https:\/\/www.metaflotech.com\/wp-content\/uploads\/2024\/12\/scene-construction-site-with-equipment_23-2151317307.jpg","type":"","width":"","height":""}],"twitter_card":"summary_large_image","twitter_site":"@metaflo","twitter_misc":{"Tiempo de lectura":"3 minutos"},"schema":{"@context":"https:\/\/schema.org","@graph":[{"@type":"WebPage","@id":"https:\/\/www.metaflotech.com\/es\/applications\/soil-stabilization\/","url":"https:\/\/www.metaflotech.com\/es\/applications\/soil-stabilization\/","name":"Soil Stabilization for Unpaved, Gravel and Haul Roads | MetaFLO Technologies","isPartOf":{"@id":"https:\/\/www.metaflotech.com\/es\/#website"},"primaryImageOfPage":{"@id":"https:\/\/www.metaflotech.com\/es\/applications\/soil-stabilization\/#primaryimage"},"image":{"@id":"https:\/\/www.metaflotech.com\/es\/applications\/soil-stabilization\/#primaryimage"},"thumbnailUrl":"https:\/\/www.metaflotech.com\/wp-content\/uploads\/2024\/12\/scene-construction-site-with-equipment_23-2151317307.jpg","datePublished":"2024-12-10T09:58:37+00:00","dateModified":"2026-03-12T13:02:13+00:00","description":"MetaFLO provides sustainable biopolymer solutions for soil stabilization on unpaved, gravel and haul roads, improving road durability, trafficability and long-term performance.","breadcrumb":{"@id":"https:\/\/www.metaflotech.com\/es\/applications\/soil-stabilization\/#breadcrumb"},"inLanguage":"es","potentialAction":[{"@type":"ReadAction","target":["https:\/\/www.metaflotech.com\/es\/applications\/soil-stabilization\/"]}]},{"@type":"ImageObject","inLanguage":"es","@id":"https:\/\/www.metaflotech.com\/es\/applications\/soil-stabilization\/#primaryimage","url":"https:\/\/www.metaflotech.com\/wp-content\/uploads\/2024\/12\/scene-construction-site-with-equipment_23-2151317307.jpg","contentUrl":"https:\/\/www.metaflotech.com\/wp-content\/uploads\/2024\/12\/scene-construction-site-with-equipment_23-2151317307.jpg"},{"@type":"BreadcrumbList","@id":"https:\/\/www.metaflotech.com\/es\/applications\/soil-stabilization\/#breadcrumb","itemListElement":[{"@type":"ListItem","position":1,"name":"Home","item":"https:\/\/www.metaflotech.com\/"},{"@type":"ListItem","position":2,"name":"Applications","item":"https:\/\/www.metaflotech.com\/applications\/"},{"@type":"ListItem","position":3,"name":"Soil Stabilization for Unpaved, Gravel and Haul Roads"}]},{"@type":"WebSite","@id":"https:\/\/www.metaflotech.com\/es\/#website","url":"https:\/\/www.metaflotech.com\/es\/","name":"Tecnolog\u00edas MetaFLO","description":"Soluciones de pol\u00edmeros para aplicaciones industriales","potentialAction":[{"@type":"SearchAction","target":{"@type":"EntryPoint","urlTemplate":"https:\/\/www.metaflotech.com\/es\/?s={search_term_string}"},"query-input":{"@type":"PropertyValueSpecification","valueRequired":true,"valueName":"search_term_string"}}],"inLanguage":"es"}]}},"_links":{"self":[{"href":"https:\/\/www.metaflotech.com\/es\/wp-json\/wp\/v2\/pages\/115954","targetHints":{"allow":["GET"]}}],"collection":[{"href":"https:\/\/www.metaflotech.com\/es\/wp-json\/wp\/v2\/pages"}],"about":[{"href":"https:\/\/www.metaflotech.com\/es\/wp-json\/wp\/v2\/types\/page"}],"author":[{"embeddable":true,"href":"https:\/\/www.metaflotech.com\/es\/wp-json\/wp\/v2\/users\/1"}],"replies":[{"embeddable":true,"href":"https:\/\/www.metaflotech.com\/es\/wp-json\/wp\/v2\/comments?post=115954"}],"version-history":[{"count":0,"href":"https:\/\/www.metaflotech.com\/es\/wp-json\/wp\/v2\/pages\/115954\/revisions"}],"up":[{"embeddable":true,"href":"https:\/\/www.metaflotech.com\/es\/wp-json\/wp\/v2\/pages\/73499"}],"wp:attachment":[{"href":"https:\/\/www.metaflotech.com\/es\/wp-json\/wp\/v2\/media?parent=115954"}],"curies":[{"name":"wp","href":"https:\/\/api.w.org\/{rel}","templated":true}]}}