{"id":116350,"date":"2024-12-10T11:22:13","date_gmt":"2024-12-10T11:22:13","guid":{"rendered":"https:\/\/www.metaflotech.com\/?page_id=116350"},"modified":"2026-03-12T12:58:31","modified_gmt":"2026-03-12T12:58:31","slug":"extraccion-de-oro-y-reduccion-con-cianuro","status":"publish","type":"page","link":"https:\/\/www.metaflotech.com\/es\/applications\/gold-extraction-and-cyanide-reduction\/","title":{"rendered":"Biopolymer for Gold Recovery and Cyanide Reduction"},"content":{"rendered":"<img decoding=\"async\" src=\"https:\/\/www.metaflotech.com\/wp-content\/uploads\/2024\/12\/Gold.jpg\" alt=\"Oro\" itemprop=\"image\" height=\"533\" width=\"800\" title=\"Oro\" onerror=\"this.style.display='none'\" loading='lazy' \/>\r\n\t<h1><strong>Extracci\u00f3n mejorada de oro y reducci\u00f3n de cianuro<\/strong><\/h1>\r\n<h2><em>Extracci\u00f3n mejorada de minerales preciosos<\/em><\/h2>\r\n<h3>\r\n\t\t\tPanorama de la cuesti\u00f3n\t<\/h3>\r\n\t<p>La lixiviaci\u00f3n con cianuro es el m\u00e9todo de extracci\u00f3n de oro m\u00e1s eficaz, pero requiere un elevado consumo de cianuro que puede plantear graves riesgos para el medio ambiente y la salud humana. Aumentar los porcentajes de extracci\u00f3n de oro puede suponer un reto medioambiental, especialmente en minerales refractarios.<\/p>\r\n<h3>\r\n\t\t\tOverview of MetaFLO&#8217;s product\t<\/h3>\r\n\t<p><b>ExtracTech<\/b> es nuestro aditivo biopol\u00edmero avanzado, dise\u00f1ado para optimizar su proceso de extracci\u00f3n de metales preciosos durante la cianuraci\u00f3n. Sin desembolso de capital adicional, el pol\u00edmero l\u00edquido ExtracTech puede introducirse durante el proceso de cianuraci\u00f3n sin necesidad de equipos adicionales.\u00a0<\/p>\r\n<p>Como aditivo a su proceso de cianuraci\u00f3n existente, ExtracTech tambi\u00e9n puede reducir su consumo de cianuro hasta 20%.<\/p>\r\n\t\t\t<a href=\"https:\/\/www.metaflotech.com\/es\/productos\/biopolimeros\/extractech\/\" download target=\"_self\">\r\n\t\t\t\t\t\t\tSABER M\u00c1S\r\n\t\t\t\t\t<\/a>\r\n<h1>\r\n\t\t\tC\u00d3MO FUNCIONA\t<\/h1>\r\n\t\t\t <p>Nuestro pol\u00edmero ecol\u00f3gico, derivado de algas, act\u00faa como superoxidante y <strong>rompe los enlaces de los minerales de alto ORP en su mineral refractario.<\/strong><\/p>\t\t\r\n\t\t\t <p><strong>Cuando se aplica, se produce una reacci\u00f3n qu\u00edmica con las part\u00edculas de oro,<\/strong> dejando el metal de inter\u00e9s m\u00e1s expuesto a reaccionar con el cianuro en el proceso de lixiviaci\u00f3n.<\/p>\t\t\r\n\t<h1>\r\n\t\t\tPRESTACIONES\t<\/h1>\r\n\t\t\t\t<img decoding=\"async\" src=\"https:\/\/www.metaflotech.com\/wp-content\/uploads\/2024\/12\/boost-yields.svg\" alt=\"aumentar los rendimientos\" itemprop=\"image\" height=\"100\" width=\"100\" title=\"aumentar los rendimientos\" onerror=\"this.style.display='none'\" loading='lazy' \/>\r\n\t<h3><b>Utiliza los procesos existentes<\/b><\/h3>\r\n<p>Aumenta el rendimiento en 3-5%.<\/p>\r\n\t\t\t\t<img decoding=\"async\" src=\"https:\/\/www.metaflotech.com\/wp-content\/uploads\/2024\/12\/environmentally-safe.svg\" alt=\"seguro para el medio ambiente\" itemprop=\"image\" height=\"100\" width=\"100\" title=\"seguro para el medio ambiente\" onerror=\"this.style.display='none'\" loading='lazy' \/>\r\n\t<h3><b>Reducci\u00f3n del impacto ambiental<\/b><\/h3>\r\n<p>Un aditivo biopol\u00edmero producido a partir de algas reduce el uso de cianuro en un 20-30%.<\/p>\r\n\t\t\t\t<img decoding=\"async\" src=\"https:\/\/www.metaflotech.com\/wp-content\/uploads\/2024\/12\/operational-efficiency.svg\" alt=\"eficacia operativa\" itemprop=\"image\" height=\"100\" width=\"100\" title=\"eficacia operativa\" onerror=\"this.style.display='none'\" loading='lazy' \/>\r\n\t<h3><b>EFICACIA OPERATIVA<\/b><\/h3>\r\n<p>Con dosis bajas, acelera el tiempo de reacci\u00f3n hasta 40%.<\/p>\r\n<h2>\r\n\t\t\tCasos pr\u00e1cticos\t<\/h2>\r\n<h3>\r\n\t\t<a href=\"https:\/\/www.metaflotech.com\/wp-content\/uploads\/2025\/07\/ExtracTech-Case-Study-English-MetaFLO-Technologies.pdf\" title=\"ExtracTech Extracci\u00f3n mejorada de oro en mineral refractario\"  target=\"_self\">\r\n\t\t\tExtracTech Extracci\u00f3n mejorada de oro en mineral refractario\t\t<\/a>\r\n\t<\/h3>\r\n\t<p>MetaFLO&#8217;s ExtracTech biopolymer demonstrated substantial efficacy for the gold extraction process, supporting safe and sustainable practices.<\/p>","protected":false},"excerpt":{"rendered":"<p>Enhanced Gold Extraction &amp; Cyanide Reduction Enhanced Extraction For Precious Minerals Issue at a Glance Cyanide leaching is the most effective gold extraction method, but it requires a high consumption of cyanide which can pose severe risks to the environment and to human health. Increasing gold extraction percentages can be environmentally challenging, especially in refractory&hellip;<\/p>","protected":false},"author":1,"featured_media":0,"parent":73499,"menu_order":0,"comment_status":"closed","ping_status":"closed","template":"","meta":{"_acf_changed":false,"inline_featured_image":false,"footnotes":""},"class_list":["post-116350","page","type-page","status-publish","hentry"],"acf":[],"yoast_head":"<!-- This site is optimized with the Yoast SEO plugin v27.5 - https:\/\/yoast.com\/product\/yoast-seo-wordpress\/ -->\n<title>Biopolymer for Gold Recovery and Cyanide Reduction | MetaFLO Technologies<\/title>\n<meta name=\"description\" content=\"MetaFLO biopolymers enhance gold processing and extraction by improving leaching efficiency, reducing cyanide consumption, stabilizing pH and increasing metal recovery.\" \/>\n<meta name=\"robots\" content=\"index, follow, max-snippet:-1, max-image-preview:large, max-video-preview:-1\" \/>\n<link rel=\"canonical\" href=\"https:\/\/www.metaflotech.com\/es\/aplicaciones\/extraccion-de-oro-y-reduccion-con-cianuro\/\" \/>\n<meta property=\"og:locale\" content=\"es_ES\" \/>\n<meta property=\"og:type\" content=\"article\" \/>\n<meta property=\"og:title\" content=\"Biopolymer for Gold Recovery and Cyanide Reduction | MetaFLO Technologies\" \/>\n<meta property=\"og:description\" content=\"MetaFLO biopolymers enhance gold processing and extraction by improving leaching efficiency, reducing cyanide consumption, stabilizing pH and increasing metal recovery.\" \/>\n<meta property=\"og:url\" content=\"https:\/\/www.metaflotech.com\/es\/aplicaciones\/extraccion-de-oro-y-reduccion-con-cianuro\/\" \/>\n<meta property=\"og:site_name\" content=\"MetaFLO Technologies\" \/>\n<meta property=\"article:publisher\" content=\"https:\/\/www.facebook.com\/MetaFLOTechnologies\/\" \/>\n<meta property=\"article:modified_time\" content=\"2026-03-12T12:58:31+00:00\" \/>\n<meta property=\"og:image\" content=\"https:\/\/www.metaflotech.com\/wp-content\/uploads\/2024\/12\/Gold.jpg\" \/>\n<meta name=\"twitter:card\" content=\"summary_large_image\" \/>\n<meta name=\"twitter:site\" content=\"@metaflo\" \/>\n<meta name=\"twitter:label1\" content=\"Tiempo de lectura\" \/>\n\t<meta name=\"twitter:data1\" content=\"2 minutos\" \/>\n<script type=\"application\/ld+json\" class=\"yoast-schema-graph\">{\"@context\":\"https:\\\/\\\/schema.org\",\"@graph\":[{\"@type\":\"WebPage\",\"@id\":\"https:\\\/\\\/www.metaflotech.com\\\/es\\\/applications\\\/gold-extraction-and-cyanide-reduction\\\/\",\"url\":\"https:\\\/\\\/www.metaflotech.com\\\/es\\\/applications\\\/gold-extraction-and-cyanide-reduction\\\/\",\"name\":\"Biopolymer for Gold Recovery and Cyanide Reduction | MetaFLO Technologies\",\"isPartOf\":{\"@id\":\"https:\\\/\\\/www.metaflotech.com\\\/es\\\/#website\"},\"primaryImageOfPage\":{\"@id\":\"https:\\\/\\\/www.metaflotech.com\\\/es\\\/applications\\\/gold-extraction-and-cyanide-reduction\\\/#primaryimage\"},\"image\":{\"@id\":\"https:\\\/\\\/www.metaflotech.com\\\/es\\\/applications\\\/gold-extraction-and-cyanide-reduction\\\/#primaryimage\"},\"thumbnailUrl\":\"https:\\\/\\\/www.metaflotech.com\\\/wp-content\\\/uploads\\\/2024\\\/12\\\/Gold.jpg\",\"datePublished\":\"2024-12-10T11:22:13+00:00\",\"dateModified\":\"2026-03-12T12:58:31+00:00\",\"description\":\"MetaFLO biopolymers enhance gold processing and extraction by improving leaching efficiency, reducing cyanide consumption, stabilizing pH and increasing metal recovery.\",\"breadcrumb\":{\"@id\":\"https:\\\/\\\/www.metaflotech.com\\\/es\\\/applications\\\/gold-extraction-and-cyanide-reduction\\\/#breadcrumb\"},\"inLanguage\":\"es\",\"potentialAction\":[{\"@type\":\"ReadAction\",\"target\":[\"https:\\\/\\\/www.metaflotech.com\\\/es\\\/applications\\\/gold-extraction-and-cyanide-reduction\\\/\"]}]},{\"@type\":\"ImageObject\",\"inLanguage\":\"es\",\"@id\":\"https:\\\/\\\/www.metaflotech.com\\\/es\\\/applications\\\/gold-extraction-and-cyanide-reduction\\\/#primaryimage\",\"url\":\"https:\\\/\\\/www.metaflotech.com\\\/wp-content\\\/uploads\\\/2024\\\/12\\\/Gold.jpg\",\"contentUrl\":\"https:\\\/\\\/www.metaflotech.com\\\/wp-content\\\/uploads\\\/2024\\\/12\\\/Gold.jpg\"},{\"@type\":\"BreadcrumbList\",\"@id\":\"https:\\\/\\\/www.metaflotech.com\\\/es\\\/applications\\\/gold-extraction-and-cyanide-reduction\\\/#breadcrumb\",\"itemListElement\":[{\"@type\":\"ListItem\",\"position\":1,\"name\":\"Home\",\"item\":\"https:\\\/\\\/www.metaflotech.com\\\/\"},{\"@type\":\"ListItem\",\"position\":2,\"name\":\"Applications\",\"item\":\"https:\\\/\\\/www.metaflotech.com\\\/applications\\\/\"},{\"@type\":\"ListItem\",\"position\":3,\"name\":\"Biopolymer for Gold Recovery and Cyanide Reduction\"}]},{\"@type\":\"WebSite\",\"@id\":\"https:\\\/\\\/www.metaflotech.com\\\/es\\\/#website\",\"url\":\"https:\\\/\\\/www.metaflotech.com\\\/es\\\/\",\"name\":\"MetaFLO Technologies\",\"description\":\"Engineered Polymer Solutions For Industrial Applications\",\"potentialAction\":[{\"@type\":\"SearchAction\",\"target\":{\"@type\":\"EntryPoint\",\"urlTemplate\":\"https:\\\/\\\/www.metaflotech.com\\\/es\\\/?s={search_term_string}\"},\"query-input\":{\"@type\":\"PropertyValueSpecification\",\"valueRequired\":true,\"valueName\":\"search_term_string\"}}],\"inLanguage\":\"es\"}]}<\/script>\n<!-- \/ Yoast SEO plugin. -->","yoast_head_json":{"title":"Biopolymer for Gold Recovery and Cyanide Reduction | MetaFLO Technologies","description":"MetaFLO biopolymers enhance gold processing and extraction by improving leaching efficiency, reducing cyanide consumption, stabilizing pH and increasing metal recovery.","robots":{"index":"index","follow":"follow","max-snippet":"max-snippet:-1","max-image-preview":"max-image-preview:large","max-video-preview":"max-video-preview:-1"},"canonical":"https:\/\/www.metaflotech.com\/es\/aplicaciones\/extraccion-de-oro-y-reduccion-con-cianuro\/","og_locale":"es_ES","og_type":"article","og_title":"Biopolymer for Gold Recovery and Cyanide Reduction | MetaFLO Technologies","og_description":"MetaFLO biopolymers enhance gold processing and extraction by improving leaching efficiency, reducing cyanide consumption, stabilizing pH and increasing metal recovery.","og_url":"https:\/\/www.metaflotech.com\/es\/aplicaciones\/extraccion-de-oro-y-reduccion-con-cianuro\/","og_site_name":"MetaFLO Technologies","article_publisher":"https:\/\/www.facebook.com\/MetaFLOTechnologies\/","article_modified_time":"2026-03-12T12:58:31+00:00","og_image":[{"url":"https:\/\/www.metaflotech.com\/wp-content\/uploads\/2024\/12\/Gold.jpg","type":"","width":"","height":""}],"twitter_card":"summary_large_image","twitter_site":"@metaflo","twitter_misc":{"Tiempo de lectura":"2 minutos"},"schema":{"@context":"https:\/\/schema.org","@graph":[{"@type":"WebPage","@id":"https:\/\/www.metaflotech.com\/es\/applications\/gold-extraction-and-cyanide-reduction\/","url":"https:\/\/www.metaflotech.com\/es\/applications\/gold-extraction-and-cyanide-reduction\/","name":"Biopolymer for Gold Recovery and Cyanide Reduction | MetaFLO Technologies","isPartOf":{"@id":"https:\/\/www.metaflotech.com\/es\/#website"},"primaryImageOfPage":{"@id":"https:\/\/www.metaflotech.com\/es\/applications\/gold-extraction-and-cyanide-reduction\/#primaryimage"},"image":{"@id":"https:\/\/www.metaflotech.com\/es\/applications\/gold-extraction-and-cyanide-reduction\/#primaryimage"},"thumbnailUrl":"https:\/\/www.metaflotech.com\/wp-content\/uploads\/2024\/12\/Gold.jpg","datePublished":"2024-12-10T11:22:13+00:00","dateModified":"2026-03-12T12:58:31+00:00","description":"MetaFLO biopolymers enhance gold processing and extraction by improving leaching efficiency, reducing cyanide consumption, stabilizing pH and increasing metal recovery.","breadcrumb":{"@id":"https:\/\/www.metaflotech.com\/es\/applications\/gold-extraction-and-cyanide-reduction\/#breadcrumb"},"inLanguage":"es","potentialAction":[{"@type":"ReadAction","target":["https:\/\/www.metaflotech.com\/es\/applications\/gold-extraction-and-cyanide-reduction\/"]}]},{"@type":"ImageObject","inLanguage":"es","@id":"https:\/\/www.metaflotech.com\/es\/applications\/gold-extraction-and-cyanide-reduction\/#primaryimage","url":"https:\/\/www.metaflotech.com\/wp-content\/uploads\/2024\/12\/Gold.jpg","contentUrl":"https:\/\/www.metaflotech.com\/wp-content\/uploads\/2024\/12\/Gold.jpg"},{"@type":"BreadcrumbList","@id":"https:\/\/www.metaflotech.com\/es\/applications\/gold-extraction-and-cyanide-reduction\/#breadcrumb","itemListElement":[{"@type":"ListItem","position":1,"name":"Home","item":"https:\/\/www.metaflotech.com\/"},{"@type":"ListItem","position":2,"name":"Applications","item":"https:\/\/www.metaflotech.com\/applications\/"},{"@type":"ListItem","position":3,"name":"Biopolymer for Gold Recovery and Cyanide Reduction"}]},{"@type":"WebSite","@id":"https:\/\/www.metaflotech.com\/es\/#website","url":"https:\/\/www.metaflotech.com\/es\/","name":"Tecnolog\u00edas MetaFLO","description":"Soluciones de pol\u00edmeros para aplicaciones industriales","potentialAction":[{"@type":"SearchAction","target":{"@type":"EntryPoint","urlTemplate":"https:\/\/www.metaflotech.com\/es\/?s={search_term_string}"},"query-input":{"@type":"PropertyValueSpecification","valueRequired":true,"valueName":"search_term_string"}}],"inLanguage":"es"}]}},"_links":{"self":[{"href":"https:\/\/www.metaflotech.com\/es\/wp-json\/wp\/v2\/pages\/116350","targetHints":{"allow":["GET"]}}],"collection":[{"href":"https:\/\/www.metaflotech.com\/es\/wp-json\/wp\/v2\/pages"}],"about":[{"href":"https:\/\/www.metaflotech.com\/es\/wp-json\/wp\/v2\/types\/page"}],"author":[{"embeddable":true,"href":"https:\/\/www.metaflotech.com\/es\/wp-json\/wp\/v2\/users\/1"}],"replies":[{"embeddable":true,"href":"https:\/\/www.metaflotech.com\/es\/wp-json\/wp\/v2\/comments?post=116350"}],"version-history":[{"count":0,"href":"https:\/\/www.metaflotech.com\/es\/wp-json\/wp\/v2\/pages\/116350\/revisions"}],"up":[{"embeddable":true,"href":"https:\/\/www.metaflotech.com\/es\/wp-json\/wp\/v2\/pages\/73499"}],"wp:attachment":[{"href":"https:\/\/www.metaflotech.com\/es\/wp-json\/wp\/v2\/media?parent=116350"}],"curies":[{"name":"wp","href":"https:\/\/api.w.org\/{rel}","templated":true}]}}