{"id":120576,"date":"2024-12-25T09:09:38","date_gmt":"2024-12-25T09:09:38","guid":{"rendered":"https:\/\/www.metaflotech.com\/?page_id=120576"},"modified":"2026-03-12T13:16:22","modified_gmt":"2026-03-12T13:16:22","slug":"excavacion-de-tuneles-y-perforaciones","status":"publish","type":"page","link":"https:\/\/www.metaflotech.com\/es\/industries\/tunneling-and-drilling\/","title":{"rendered":"Tunneling and Drilling Sludge Solidification"},"content":{"rendered":"<h1><strong>T\u00faneles y perforaciones<\/strong><\/h1>\r\n<h2>\r\n\t\t\tDesaf\u00edos\t<\/h2>\r\n\t<h3><b>Log\u00edstica<\/b><\/h3>\r\n\t\t\t <h4>Los residuos l\u00edquidos del t\u00fanel EPB-TBM son dif\u00edciles y costosos de gestionar para su eliminaci\u00f3n.<\/h4>\t\t\r\n\t\t\t <h4>Mover grandes vol\u00famenes de residuos l\u00edquidos requiere equipos especializados, como camiones de vac\u00edo, lo que aumenta los costes operativos y la complejidad.<\/h4>\t\t\r\n\t\t\t <h4>Aumenta el riesgo de derrames durante el transporte, causando contaminaci\u00f3n y responsabilidades de limpieza.<\/h4>\t\t\r\n\t\t\t <h4>Tanto las perforaciones horizontales (HDD) como las verticales generan grandes cantidades de escombros de t\u00faneles que deben eliminarse de forma rentable y conforme a la normativa.<\/h4>\t\t\r\n\t\t\t\t<img decoding=\"async\" src=\"https:\/\/www.metaflotech.com\/wp-content\/uploads\/2025\/02\/Tunneling-1.svg\" alt=\"T\u00fanel 1\" itemprop=\"image\" height=\"844\" width=\"3859\" title=\"T\u00fanel 1\" onerror=\"this.style.display='none'\" loading='lazy' \/>\r\n\t<h3><strong>Residuos l\u00edquidos<\/strong><\/h3>\r\n\t\t\t <h4>Los residuos l\u00edquidos requieren un confinamiento seguro en el emplazamiento, que puede ser dif\u00edcil de gestionar en espacios urbanos o reducidos.<\/h4>\t\t\r\n\t\t\t <h4>Los residuos l\u00edquidos no tratados pueden filtrarse y contaminar las aguas subterr\u00e1neas y superficiales.<\/h4>\t\t\r\n\t\t\t <h4>El tratamiento de residuos l\u00edquidos sin solidificar requiere procesos de deshidrataci\u00f3n complejos y largos, que pueden ralentizar el avance de la excavaci\u00f3n de t\u00faneles.<\/h4>\t\t\r\n\t\t\t <h4>La manipulaci\u00f3n inadecuada de residuos l\u00edquidos puede dar lugar a litigios, multas reglamentarias y da\u00f1os a la reputaci\u00f3n, poniendo en peligro futuros contratos.<\/h4>\t\t\r\n\t<h3><strong>Agentes de carga<\/strong><\/h3>\r\n\t\t\t <h4>El serr\u00edn, la cal y el cemento pueden utilizarse para solidificar los escombros h\u00famedos y convertirlos en s\u00f3lidos, pero este m\u00e9todo puede aumentar los vol\u00famenes de vertido hasta 300%, lo que significa que los camiones volquete tienen m\u00e1s que transportar y crear una mayor carga de residuos en el vertedero final.<\/h4>\t\t\r\n\t\t\t\t<img decoding=\"async\" src=\"https:\/\/www.metaflotech.com\/wp-content\/uploads\/2025\/02\/Tunneling-2.svg\" alt=\"T\u00fanel 2\" itemprop=\"image\" height=\"846\" width=\"3838\" title=\"T\u00fanel 2\" onerror=\"this.style.display='none'\" loading='lazy' \/>\r\n<h2>\r\n\t\t\tSoluci\u00f3n MetaFLO\t<\/h2>\r\n\t<p><strong>Nuestros reactivos de solidificaci\u00f3n no t\u00f3xicos e inertes* convierten los escombros de perforaci\u00f3n y excavaci\u00f3n de t\u00faneles en un s\u00f3lido manejable, in situ, en cuesti\u00f3n de minutos. Los residuos solidificados pueden superar las pruebas de asentamiento y de filtro de pintura, y normalmente requieren una dosis inferior a 1,0% peso\/peso.<\/strong><\/p>\r\n<p>El lodo solidificado se transfiere a camiones volquete que lo transportan directamente al vertedero final. Reduce los riesgos, disminuye los costes operativos y promueve un enfoque de gesti\u00f3n de residuos m\u00e1s seguro y sostenible en los proyectos de excavaci\u00f3n de t\u00faneles.<\/p>\r\n<p><em>*La clasificaci\u00f3n de los productos puede variar seg\u00fan las jurisdicciones de los distintos pa\u00edses.<\/em><\/p>\r\n\t\t\t\t<a href=\"https:\/\/www.metaflotech.com\/es\/productos\/reactivos-de-solidificacion\/mf003\/\"  target=\"_blank\" rel=\"noopener\"  itemprop=\"url\">\r\n\t\t\t\t<img decoding=\"async\" src=\"https:\/\/www.metaflotech.com\/wp-content\/uploads\/2024\/03\/Logo-MF003.svg\" alt=\"Logo MF003\" itemprop=\"image\" height=\"100\" width=\"100\" title=\"Logo MF003\" onerror=\"this.style.display='none'\" loading='lazy' \/>\r\n\t\t\t\t<\/a>\r\n\t\t\t\t<a href=\"https:\/\/www.metaflotech.com\/es\/productos\/reactivos-de-solidificacion\/mf006\/\"  target=\"_blank\" rel=\"noopener\"  itemprop=\"url\">\r\n\t\t\t\t<img decoding=\"async\" src=\"https:\/\/www.metaflotech.com\/wp-content\/uploads\/2024\/03\/Logo-MF006.svg\" alt=\"Logotipo MF006\" itemprop=\"image\" height=\"100\" width=\"100\" title=\"Logotipo MF006\" onerror=\"this.style.display='none'\" loading='lazy' \/>\r\n\t\t\t\t<\/a>\r\n\t\t\t\t<img decoding=\"async\" src=\"https:\/\/www.metaflotech.com\/wp-content\/uploads\/2025\/02\/Tunneling-Drilling.png\" alt=\"T\u00faneles y perforaciones\" itemprop=\"image\" height=\"529\" width=\"2122\" title=\"T\u00faneles y perforaciones\" onerror=\"this.style.display='none'\" loading='lazy' \/>\r\n<h2>\r\n\t\t\t\u00bfPor qu\u00e9 es esencial la solidificaci\u00f3n?\t<\/h2>\r\n\t<p><strong>La solidificaci\u00f3n de los residuos l\u00edquidos de la excavaci\u00f3n de t\u00faneles los transforma en s\u00f3lidos manejables, lo que simplifica el transporte, la eliminaci\u00f3n y el cumplimiento de la normativa. Esto reduce los riesgos, disminuye los costes operativos y promueve un enfoque de gesti\u00f3n de residuos m\u00e1s seguro y sostenible en los proyectos de excavaci\u00f3n de t\u00faneles.<\/strong><\/p>\r\n\t\t\t\t<img decoding=\"async\" src=\"https:\/\/www.metaflotech.com\/wp-content\/uploads\/2025\/02\/Tunneling-4-e1739188850979.png\" alt=\"T\u00fanel 4\" itemprop=\"image\" height=\"1064\" width=\"2390\" title=\"T\u00fanel 4\" onerror=\"this.style.display='none'\" loading='lazy' \/>\r\n\t\t\t\t<img decoding=\"async\" src=\"https:\/\/www.metaflotech.com\/wp-content\/uploads\/2025\/01\/Method-EN.svg\" alt=\"M\u00e9todo-EN\" itemprop=\"image\" height=\"100\" width=\"100\" title=\"M\u00e9todo-EN\" onerror=\"this.style.display='none'\" loading='lazy' \/>\r\n<h2>\r\n\t\t\tCasos pr\u00e1cticos\t<\/h2>\r\n<h3>\r\n\t\t<a href=\"https:\/\/www.metaflotech.com\/wp-content\/uploads\/2024\/12\/MF006-Case-Study-1_-Tunneling-English-MetaFLO-Technologies.pdf\" title=\"Revolutionizing Waste Management for Toronto's Crosstown Subway\"  target=\"_self\">\r\n\t\t\tRevolutionizing Waste Management for Toronto&#8217;s Crosstown Subway\t\t<\/a>\r\n\t<\/h3>\r\n\t<p>MetaFLO&#8217;s solidification solution slashes transportation costs and meets stringent urban regulatory standards, supporting a sustainable transit infrastructure in one of Canada&#8217;s busiest cities.<\/p>\r\n\t\t\t\t<img decoding=\"async\" src=\"https:\/\/www.metaflotech.com\/wp-content\/uploads\/2024\/10\/icon-transport-w.png\" alt=\"icono transporte w\" itemprop=\"image\" height=\"311\" width=\"311\" title=\"icono transporte w\" onerror=\"this.style.display='none'\" loading='lazy' \/>\r\n\t<h3><b>Reducci\u00f3n significativa de los costes de transporte<\/b><\/h3>\r\n\t\t\t\t<img decoding=\"async\" src=\"https:\/\/www.metaflotech.com\/wp-content\/uploads\/2024\/10\/icon-ecology-w.png\" alt=\"icono ecolog\u00eda w\" itemprop=\"image\" height=\"311\" width=\"311\" title=\"icono ecolog\u00eda w\" onerror=\"this.style.display='none'\" loading='lazy' \/>\r\n\t<h3><b>Minimizar los riesgos medioambientales y de seguridad<\/b><\/h3>\r\n\t\t\t\t<img decoding=\"async\" src=\"https:\/\/www.metaflotech.com\/wp-content\/uploads\/2024\/10\/icon-savings-w.png\" alt=\"icono ahorro w\" itemprop=\"image\" height=\"311\" width=\"311\" title=\"icono ahorro w\" onerror=\"this.style.display='none'\" loading='lazy' \/>\r\n\t<h3><b>Gesti\u00f3n sostenible y eficiente de los residuos<\/b><\/h3>","protected":false},"excerpt":{"rendered":"<p>Tunneling &amp; Drilling Challenges Logistical EPB-TBM tunnel spoils as a liquid are difficult and costly to manage for disposal. Moving large volumes of liquid waste requires specialized equipment like vacuum trucks, which increases operational costs and complexities. Increases risk of spills during transport, causing contamination and cleanup liabilities. Both Horizontal (HDD) and Vertical Drilling generate&hellip;<\/p>","protected":false},"author":1,"featured_media":0,"parent":120582,"menu_order":0,"comment_status":"closed","ping_status":"closed","template":"","meta":{"_acf_changed":false,"inline_featured_image":false,"footnotes":""},"class_list":["post-120576","page","type-page","status-publish","hentry"],"acf":[],"yoast_head":"<!-- This site is optimized with the Yoast SEO plugin v27.5 - https:\/\/yoast.com\/product\/yoast-seo-wordpress\/ -->\n<title>Tunneling and Drilling Sludge Solidification | MetaFLO Technologies<\/title>\n<meta name=\"description\" content=\"MetaFLO solutions for tunneling and drilling enable efficient spoil solidification for safer transport and disposal.\" \/>\n<meta name=\"robots\" content=\"index, follow, max-snippet:-1, max-image-preview:large, max-video-preview:-1\" \/>\n<link rel=\"canonical\" href=\"https:\/\/www.metaflotech.com\/es\/industrias\/excavacion-de-tuneles-y-perforaciones\/\" \/>\n<meta property=\"og:locale\" content=\"es_ES\" \/>\n<meta property=\"og:type\" content=\"article\" \/>\n<meta property=\"og:title\" content=\"Tunneling and Drilling Sludge Solidification | MetaFLO Technologies\" \/>\n<meta property=\"og:description\" content=\"MetaFLO solutions for tunneling and drilling enable efficient spoil solidification for safer transport and disposal.\" \/>\n<meta property=\"og:url\" content=\"https:\/\/www.metaflotech.com\/es\/industrias\/excavacion-de-tuneles-y-perforaciones\/\" \/>\n<meta property=\"og:site_name\" content=\"MetaFLO Technologies\" \/>\n<meta property=\"article:publisher\" content=\"https:\/\/www.facebook.com\/MetaFLOTechnologies\/\" \/>\n<meta property=\"article:modified_time\" content=\"2026-03-12T13:16:22+00:00\" \/>\n<meta property=\"og:image\" content=\"https:\/\/www.metaflotech.com\/wp-content\/uploads\/2025\/02\/Tunneling-1.svg\" \/>\n<meta name=\"twitter:card\" content=\"summary_large_image\" \/>\n<meta name=\"twitter:site\" content=\"@metaflo\" \/>\n<meta name=\"twitter:label1\" content=\"Tiempo de lectura\" \/>\n\t<meta name=\"twitter:data1\" content=\"4 minutos\" \/>\n<script type=\"application\/ld+json\" class=\"yoast-schema-graph\">{\"@context\":\"https:\\\/\\\/schema.org\",\"@graph\":[{\"@type\":\"WebPage\",\"@id\":\"https:\\\/\\\/www.metaflotech.com\\\/es\\\/industries\\\/tunneling-and-drilling\\\/\",\"url\":\"https:\\\/\\\/www.metaflotech.com\\\/es\\\/industries\\\/tunneling-and-drilling\\\/\",\"name\":\"Tunneling and Drilling Sludge Solidification | MetaFLO Technologies\",\"isPartOf\":{\"@id\":\"https:\\\/\\\/www.metaflotech.com\\\/es\\\/#website\"},\"primaryImageOfPage\":{\"@id\":\"https:\\\/\\\/www.metaflotech.com\\\/es\\\/industries\\\/tunneling-and-drilling\\\/#primaryimage\"},\"image\":{\"@id\":\"https:\\\/\\\/www.metaflotech.com\\\/es\\\/industries\\\/tunneling-and-drilling\\\/#primaryimage\"},\"thumbnailUrl\":\"https:\\\/\\\/www.metaflotech.com\\\/wp-content\\\/uploads\\\/2025\\\/02\\\/Tunneling-1.svg\",\"datePublished\":\"2024-12-25T09:09:38+00:00\",\"dateModified\":\"2026-03-12T13:16:22+00:00\",\"description\":\"MetaFLO solutions for tunneling and drilling enable efficient spoil solidification for safer transport and disposal.\",\"breadcrumb\":{\"@id\":\"https:\\\/\\\/www.metaflotech.com\\\/es\\\/industries\\\/tunneling-and-drilling\\\/#breadcrumb\"},\"inLanguage\":\"es\",\"potentialAction\":[{\"@type\":\"ReadAction\",\"target\":[\"https:\\\/\\\/www.metaflotech.com\\\/es\\\/industries\\\/tunneling-and-drilling\\\/\"]}]},{\"@type\":\"ImageObject\",\"inLanguage\":\"es\",\"@id\":\"https:\\\/\\\/www.metaflotech.com\\\/es\\\/industries\\\/tunneling-and-drilling\\\/#primaryimage\",\"url\":\"https:\\\/\\\/www.metaflotech.com\\\/wp-content\\\/uploads\\\/2025\\\/02\\\/Tunneling-1.svg\",\"contentUrl\":\"https:\\\/\\\/www.metaflotech.com\\\/wp-content\\\/uploads\\\/2025\\\/02\\\/Tunneling-1.svg\"},{\"@type\":\"BreadcrumbList\",\"@id\":\"https:\\\/\\\/www.metaflotech.com\\\/es\\\/industries\\\/tunneling-and-drilling\\\/#breadcrumb\",\"itemListElement\":[{\"@type\":\"ListItem\",\"position\":1,\"name\":\"Home\",\"item\":\"https:\\\/\\\/www.metaflotech.com\\\/\"},{\"@type\":\"ListItem\",\"position\":2,\"name\":\"Industries\",\"item\":\"https:\\\/\\\/www.metaflotech.com\\\/industries\\\/\"},{\"@type\":\"ListItem\",\"position\":3,\"name\":\"Tunneling and Drilling Sludge Solidification\"}]},{\"@type\":\"WebSite\",\"@id\":\"https:\\\/\\\/www.metaflotech.com\\\/es\\\/#website\",\"url\":\"https:\\\/\\\/www.metaflotech.com\\\/es\\\/\",\"name\":\"MetaFLO Technologies\",\"description\":\"Engineered Polymer Solutions For Industrial Applications\",\"potentialAction\":[{\"@type\":\"SearchAction\",\"target\":{\"@type\":\"EntryPoint\",\"urlTemplate\":\"https:\\\/\\\/www.metaflotech.com\\\/es\\\/?s={search_term_string}\"},\"query-input\":{\"@type\":\"PropertyValueSpecification\",\"valueRequired\":true,\"valueName\":\"search_term_string\"}}],\"inLanguage\":\"es\"}]}<\/script>\n<!-- \/ Yoast SEO plugin. -->","yoast_head_json":{"title":"Tunneling and Drilling Sludge Solidification | MetaFLO Technologies","description":"MetaFLO solutions for tunneling and drilling enable efficient spoil solidification for safer transport and disposal.","robots":{"index":"index","follow":"follow","max-snippet":"max-snippet:-1","max-image-preview":"max-image-preview:large","max-video-preview":"max-video-preview:-1"},"canonical":"https:\/\/www.metaflotech.com\/es\/industrias\/excavacion-de-tuneles-y-perforaciones\/","og_locale":"es_ES","og_type":"article","og_title":"Tunneling and Drilling Sludge Solidification | MetaFLO Technologies","og_description":"MetaFLO solutions for tunneling and drilling enable efficient spoil solidification for safer transport and disposal.","og_url":"https:\/\/www.metaflotech.com\/es\/industrias\/excavacion-de-tuneles-y-perforaciones\/","og_site_name":"MetaFLO Technologies","article_publisher":"https:\/\/www.facebook.com\/MetaFLOTechnologies\/","article_modified_time":"2026-03-12T13:16:22+00:00","og_image":[{"url":"https:\/\/www.metaflotech.com\/wp-content\/uploads\/2025\/02\/Tunneling-1.svg","type":"","width":"","height":""}],"twitter_card":"summary_large_image","twitter_site":"@metaflo","twitter_misc":{"Tiempo de lectura":"4 minutos"},"schema":{"@context":"https:\/\/schema.org","@graph":[{"@type":"WebPage","@id":"https:\/\/www.metaflotech.com\/es\/industries\/tunneling-and-drilling\/","url":"https:\/\/www.metaflotech.com\/es\/industries\/tunneling-and-drilling\/","name":"Tunneling and Drilling Sludge Solidification | MetaFLO Technologies","isPartOf":{"@id":"https:\/\/www.metaflotech.com\/es\/#website"},"primaryImageOfPage":{"@id":"https:\/\/www.metaflotech.com\/es\/industries\/tunneling-and-drilling\/#primaryimage"},"image":{"@id":"https:\/\/www.metaflotech.com\/es\/industries\/tunneling-and-drilling\/#primaryimage"},"thumbnailUrl":"https:\/\/www.metaflotech.com\/wp-content\/uploads\/2025\/02\/Tunneling-1.svg","datePublished":"2024-12-25T09:09:38+00:00","dateModified":"2026-03-12T13:16:22+00:00","description":"MetaFLO solutions for tunneling and drilling enable efficient spoil solidification for safer transport and disposal.","breadcrumb":{"@id":"https:\/\/www.metaflotech.com\/es\/industries\/tunneling-and-drilling\/#breadcrumb"},"inLanguage":"es","potentialAction":[{"@type":"ReadAction","target":["https:\/\/www.metaflotech.com\/es\/industries\/tunneling-and-drilling\/"]}]},{"@type":"ImageObject","inLanguage":"es","@id":"https:\/\/www.metaflotech.com\/es\/industries\/tunneling-and-drilling\/#primaryimage","url":"https:\/\/www.metaflotech.com\/wp-content\/uploads\/2025\/02\/Tunneling-1.svg","contentUrl":"https:\/\/www.metaflotech.com\/wp-content\/uploads\/2025\/02\/Tunneling-1.svg"},{"@type":"BreadcrumbList","@id":"https:\/\/www.metaflotech.com\/es\/industries\/tunneling-and-drilling\/#breadcrumb","itemListElement":[{"@type":"ListItem","position":1,"name":"Home","item":"https:\/\/www.metaflotech.com\/"},{"@type":"ListItem","position":2,"name":"Industries","item":"https:\/\/www.metaflotech.com\/industries\/"},{"@type":"ListItem","position":3,"name":"Tunneling and Drilling Sludge Solidification"}]},{"@type":"WebSite","@id":"https:\/\/www.metaflotech.com\/es\/#website","url":"https:\/\/www.metaflotech.com\/es\/","name":"Tecnolog\u00edas MetaFLO","description":"Soluciones de pol\u00edmeros para aplicaciones industriales","potentialAction":[{"@type":"SearchAction","target":{"@type":"EntryPoint","urlTemplate":"https:\/\/www.metaflotech.com\/es\/?s={search_term_string}"},"query-input":{"@type":"PropertyValueSpecification","valueRequired":true,"valueName":"search_term_string"}}],"inLanguage":"es"}]}},"_links":{"self":[{"href":"https:\/\/www.metaflotech.com\/es\/wp-json\/wp\/v2\/pages\/120576","targetHints":{"allow":["GET"]}}],"collection":[{"href":"https:\/\/www.metaflotech.com\/es\/wp-json\/wp\/v2\/pages"}],"about":[{"href":"https:\/\/www.metaflotech.com\/es\/wp-json\/wp\/v2\/types\/page"}],"author":[{"embeddable":true,"href":"https:\/\/www.metaflotech.com\/es\/wp-json\/wp\/v2\/users\/1"}],"replies":[{"embeddable":true,"href":"https:\/\/www.metaflotech.com\/es\/wp-json\/wp\/v2\/comments?post=120576"}],"version-history":[{"count":0,"href":"https:\/\/www.metaflotech.com\/es\/wp-json\/wp\/v2\/pages\/120576\/revisions"}],"up":[{"embeddable":true,"href":"https:\/\/www.metaflotech.com\/es\/wp-json\/wp\/v2\/pages\/120582"}],"wp:attachment":[{"href":"https:\/\/www.metaflotech.com\/es\/wp-json\/wp\/v2\/media?parent=120576"}],"curies":[{"name":"wp","href":"https:\/\/api.w.org\/{rel}","templated":true}]}}