{"id":120582,"date":"2024-12-25T09:08:00","date_gmt":"2024-12-25T09:08:00","guid":{"rendered":"https:\/\/www.metaflotech.com\/?page_id=120582"},"modified":"2025-02-11T18:37:10","modified_gmt":"2025-02-11T18:37:10","slug":"industrias","status":"publish","type":"page","link":"https:\/\/www.metaflotech.com\/es\/industries\/","title":{"rendered":"Industrias"},"content":{"rendered":"<h1>\n\t\tIndustrias\n\t<\/h1>\n\t<h3><a href=\"https:\/\/www.metaflotech.com\/es\/industrias\/excavacion-de-tuneles-y-perforaciones\/\"><strong>T\u00faneles y perforaciones<\/strong><\/a><\/h3>\n<h4>Gesti\u00f3n rentable y sostenible de los escombros de los t\u00faneles<\/h4>\n<hr \/>\n<h3><a href=\"https:\/\/www.metaflotech.com\/es\/industrias\/mineria\/\"><strong>Miner\u00eda<\/strong><\/a><\/h3>\n<h4>Soluciones innovadoras para explotaciones mineras complejas<\/h4>\n<hr \/>\n<h3><a href=\"https:\/\/www.metaflotech.com\/es\/industrias\/carreteras\/\"><strong>Carreteras<\/strong><\/a><\/h3>\n<h4>Soluciones innovadoras para la eliminaci\u00f3n del polvo y la estabilizaci\u00f3n de carreteras<\/h4>\n\t<h3><a href=\"https:\/\/www.metaflotech.com\/es\/industrias\/petroleo-y-gas\/\"><strong>Petr\u00f3leo y gas<\/strong><\/a><\/h3>\n<h4>Soluciones innovadoras para aplicaciones de petr\u00f3leo y gas<\/h4>\n<hr \/>\n<h3><a href=\"https:\/\/www.metaflotech.com\/es\/industrias\/servicios-energeticos\/\"><strong>Servicios energ\u00e9ticos<\/strong><\/a><\/h3>\n<h4>Soluciones innovadoras para empresas de servicios energ\u00e9ticos<\/h4>\n<hr \/>\n<h3><a href=\"https:\/\/www.metaflotech.com\/es\/industrias\/medio-ambiente\/\"><strong>Medio ambiente<\/strong><\/a><\/h3>\n<h4>Soluciones ecol\u00f3gicas para aplicaciones medioambientales<\/h4>\n\t<style>\n    h3 a:hover {\n       color: #F36C21;\n    }\n<\/style>","protected":false},"excerpt":{"rendered":"<p>Industries Tunneling &amp; Drilling Cost-Effective, Sustainable Tunneling Spoils Management Mining Innovative Solutions for Complex Mining Operations Roads Innovative Solutions For Dust Suppression And Road Stabilization Oil &amp; Gas Innovative Solutions for Oil &amp; Gas Applications Energy Utilities Innovative Solutions for Energy Utilities Environmental Eco-Friendly Solutions for Environmental Applications<\/p>","protected":false},"author":1,"featured_media":0,"parent":0,"menu_order":0,"comment_status":"closed","ping_status":"closed","template":"","meta":{"_acf_changed":false,"inline_featured_image":false,"footnotes":""},"class_list":["post-120582","page","type-page","status-publish","hentry"],"acf":[],"yoast_head":"<!-- This site is optimized with the Yoast SEO plugin v27.4 - https:\/\/yoast.com\/product\/yoast-seo-wordpress\/ -->\n<title>Industries | MetaFLO Technologies<\/title>\n<meta name=\"description\" content=\"MetaFLO solidification reagents are ideal for any industry or application that generates and removes liquid waste.\" \/>\n<meta name=\"robots\" content=\"index, follow, max-snippet:-1, max-image-preview:large, max-video-preview:-1\" \/>\n<link rel=\"canonical\" href=\"https:\/\/www.metaflotech.com\/es\/industrias\/\" \/>\n<meta property=\"og:locale\" content=\"es_ES\" \/>\n<meta property=\"og:type\" content=\"article\" \/>\n<meta property=\"og:title\" content=\"Industries | MetaFLO Technologies\" \/>\n<meta property=\"og:description\" content=\"MetaFLO solidification reagents are ideal for any industry or application that generates and removes liquid waste.\" \/>\n<meta property=\"og:url\" content=\"https:\/\/www.metaflotech.com\/es\/industrias\/\" \/>\n<meta property=\"og:site_name\" content=\"MetaFLO Technologies\" \/>\n<meta property=\"article:publisher\" content=\"https:\/\/www.facebook.com\/MetaFLOTechnologies\/\" \/>\n<meta property=\"article:modified_time\" content=\"2025-02-11T18:37:10+00:00\" \/>\n<meta name=\"twitter:card\" content=\"summary_large_image\" \/>\n<meta name=\"twitter:site\" content=\"@metaflo\" \/>\n<meta name=\"twitter:label1\" content=\"Tiempo de lectura\" \/>\n\t<meta name=\"twitter:data1\" content=\"3 minutos\" \/>\n<script type=\"application\/ld+json\" class=\"yoast-schema-graph\">{\"@context\":\"https:\\\/\\\/schema.org\",\"@graph\":[{\"@type\":\"WebPage\",\"@id\":\"https:\\\/\\\/www.metaflotech.com\\\/es\\\/industries\\\/\",\"url\":\"https:\\\/\\\/www.metaflotech.com\\\/es\\\/industries\\\/\",\"name\":\"Industries | MetaFLO Technologies\",\"isPartOf\":{\"@id\":\"https:\\\/\\\/www.metaflotech.com\\\/es\\\/#website\"},\"datePublished\":\"2024-12-25T09:08:00+00:00\",\"dateModified\":\"2025-02-11T18:37:10+00:00\",\"description\":\"MetaFLO solidification reagents are ideal for any industry or application that generates and removes liquid waste.\",\"breadcrumb\":{\"@id\":\"https:\\\/\\\/www.metaflotech.com\\\/es\\\/industries\\\/#breadcrumb\"},\"inLanguage\":\"es\",\"potentialAction\":[{\"@type\":\"ReadAction\",\"target\":[\"https:\\\/\\\/www.metaflotech.com\\\/es\\\/industries\\\/\"]}]},{\"@type\":\"BreadcrumbList\",\"@id\":\"https:\\\/\\\/www.metaflotech.com\\\/es\\\/industries\\\/#breadcrumb\",\"itemListElement\":[{\"@type\":\"ListItem\",\"position\":1,\"name\":\"Home\",\"item\":\"https:\\\/\\\/www.metaflotech.com\\\/\"},{\"@type\":\"ListItem\",\"position\":2,\"name\":\"Industries\"}]},{\"@type\":\"WebSite\",\"@id\":\"https:\\\/\\\/www.metaflotech.com\\\/es\\\/#website\",\"url\":\"https:\\\/\\\/www.metaflotech.com\\\/es\\\/\",\"name\":\"MetaFLO Technologies\",\"description\":\"Engineered Polymer Solutions For Industrial Applications\",\"potentialAction\":[{\"@type\":\"SearchAction\",\"target\":{\"@type\":\"EntryPoint\",\"urlTemplate\":\"https:\\\/\\\/www.metaflotech.com\\\/es\\\/?s={search_term_string}\"},\"query-input\":{\"@type\":\"PropertyValueSpecification\",\"valueRequired\":true,\"valueName\":\"search_term_string\"}}],\"inLanguage\":\"es\"}]}<\/script>\n<!-- \/ Yoast SEO plugin. -->","yoast_head_json":{"title":"Industries | MetaFLO Technologies","description":"Los reactivos de solidificaci\u00f3n MetaFLO son ideales para cualquier industria o aplicaci\u00f3n que genere y elimine residuos l\u00edquidos.","robots":{"index":"index","follow":"follow","max-snippet":"max-snippet:-1","max-image-preview":"max-image-preview:large","max-video-preview":"max-video-preview:-1"},"canonical":"https:\/\/www.metaflotech.com\/es\/industrias\/","og_locale":"es_ES","og_type":"article","og_title":"Industries | MetaFLO Technologies","og_description":"MetaFLO solidification reagents are ideal for any industry or application that generates and removes liquid waste.","og_url":"https:\/\/www.metaflotech.com\/es\/industrias\/","og_site_name":"MetaFLO Technologies","article_publisher":"https:\/\/www.facebook.com\/MetaFLOTechnologies\/","article_modified_time":"2025-02-11T18:37:10+00:00","twitter_card":"summary_large_image","twitter_site":"@metaflo","twitter_misc":{"Tiempo de lectura":"3 minutos"},"schema":{"@context":"https:\/\/schema.org","@graph":[{"@type":"WebPage","@id":"https:\/\/www.metaflotech.com\/es\/industries\/","url":"https:\/\/www.metaflotech.com\/es\/industries\/","name":"Industries | MetaFLO Technologies","isPartOf":{"@id":"https:\/\/www.metaflotech.com\/es\/#website"},"datePublished":"2024-12-25T09:08:00+00:00","dateModified":"2025-02-11T18:37:10+00:00","description":"Los reactivos de solidificaci\u00f3n MetaFLO son ideales para cualquier industria o aplicaci\u00f3n que genere y elimine residuos l\u00edquidos.","breadcrumb":{"@id":"https:\/\/www.metaflotech.com\/es\/industries\/#breadcrumb"},"inLanguage":"es","potentialAction":[{"@type":"ReadAction","target":["https:\/\/www.metaflotech.com\/es\/industries\/"]}]},{"@type":"BreadcrumbList","@id":"https:\/\/www.metaflotech.com\/es\/industries\/#breadcrumb","itemListElement":[{"@type":"ListItem","position":1,"name":"Home","item":"https:\/\/www.metaflotech.com\/"},{"@type":"ListItem","position":2,"name":"Industries"}]},{"@type":"WebSite","@id":"https:\/\/www.metaflotech.com\/es\/#website","url":"https:\/\/www.metaflotech.com\/es\/","name":"Tecnolog\u00edas MetaFLO","description":"Soluciones de pol\u00edmeros para aplicaciones industriales","potentialAction":[{"@type":"SearchAction","target":{"@type":"EntryPoint","urlTemplate":"https:\/\/www.metaflotech.com\/es\/?s={search_term_string}"},"query-input":{"@type":"PropertyValueSpecification","valueRequired":true,"valueName":"search_term_string"}}],"inLanguage":"es"}]}},"_links":{"self":[{"href":"https:\/\/www.metaflotech.com\/es\/wp-json\/wp\/v2\/pages\/120582","targetHints":{"allow":["GET"]}}],"collection":[{"href":"https:\/\/www.metaflotech.com\/es\/wp-json\/wp\/v2\/pages"}],"about":[{"href":"https:\/\/www.metaflotech.com\/es\/wp-json\/wp\/v2\/types\/page"}],"author":[{"embeddable":true,"href":"https:\/\/www.metaflotech.com\/es\/wp-json\/wp\/v2\/users\/1"}],"replies":[{"embeddable":true,"href":"https:\/\/www.metaflotech.com\/es\/wp-json\/wp\/v2\/comments?post=120582"}],"version-history":[{"count":0,"href":"https:\/\/www.metaflotech.com\/es\/wp-json\/wp\/v2\/pages\/120582\/revisions"}],"wp:attachment":[{"href":"https:\/\/www.metaflotech.com\/es\/wp-json\/wp\/v2\/media?parent=120582"}],"curies":[{"name":"wp","href":"https:\/\/api.w.org\/{rel}","templated":true}]}}