{"id":120698,"date":"2024-12-25T09:50:31","date_gmt":"2024-12-25T09:50:31","guid":{"rendered":"https:\/\/www.metaflotech.com\/?page_id=120698"},"modified":"2026-03-12T13:20:36","modified_gmt":"2026-03-12T13:20:36","slug":"mineria","status":"publish","type":"page","link":"https:\/\/www.metaflotech.com\/es\/industries\/mining\/","title":{"rendered":"Mining Solutions for Haul Roads, Metal Recovery and Dust Control"},"content":{"rendered":"<h1><strong>Miner\u00eda<\/strong><\/h1>\r\n<h2>\r\n\t\t\tDesaf\u00edos\t<\/h2>\r\n\t<h3><strong>Las empresas mineras se enfrentan a una serie de retos en sus operaciones, entre ellos:<\/strong><\/h3>\r\n\t\t\t <h4>Tratamiento de aguas contaminadas.<\/h4>\t\t\r\n\t\t\t <h4>Mantenimiento de accesos y caminos de acarreo.<\/h4>\t\t\r\n\t\t\t <h4>Control del polvo.<\/h4>\t\t\r\n\t\t\t <h4>Aumento del rendimiento de los yacimientos refractarios sin grandes inversiones de capital.<\/h4>\t\t\r\n\t\t\t <h4>Gesti\u00f3n responsable del cianuro y otros productos qu\u00edmicos.<\/h4>\t\t\r\n\t\t\t <h4>Solidificaci\u00f3n de grandes vol\u00famenes de lodos y fangos.<\/h4>\t\t\r\n\t\t\t <h4>Crear una reutilizaci\u00f3n beneficiosa para el material de desecho est\u00e9ril.<\/h4>\t\t\r\n\t\t\t\t<img decoding=\"async\" src=\"https:\/\/www.metaflotech.com\/wp-content\/uploads\/2025\/02\/Mining-1.svg\" alt=\"Miner\u00eda 1\" itemprop=\"image\" height=\"843\" width=\"3859\" title=\"Miner\u00eda 1\" onerror=\"this.style.display='none'\" loading=\"lazy\" \/>\r\n\t<h3><strong>Despojos h\u00famedos<\/strong><\/h3>\r\n\t\t\t <h4>Los grandes vol\u00famenes de escombros h\u00famedos generados pueden ser a menudo dif\u00edciles y caros de eliminar.<\/h4>\t\t\r\n\t\t\t <h4>La eliminaci\u00f3n de escombros h\u00famedos suele requerir camiones aspiradores especializados para transportar los residuos l\u00edquidos a una estaci\u00f3n de transferencia.<\/h4>\t\t\r\n\t\t\t <h4>El serr\u00edn, la cal y el cemento pueden utilizarse para solidificar los escombros h\u00famedos y convertirlos en s\u00f3lidos, pero este m\u00e9todo puede aumentar los vol\u00famenes de vertido hasta 300%, lo que significa que los camiones volquete tienen m\u00e1s que transportar y crear una mayor carga de residuos en el vertedero final.<\/h4>\t\t\r\n\t\t\t\t<img decoding=\"async\" src=\"https:\/\/www.metaflotech.com\/wp-content\/uploads\/2025\/02\/Energy-Utilities-4.svg\" alt=\"Servicios energ\u00e9ticos 4\" itemprop=\"image\" height=\"847\" width=\"3838\" title=\"Servicios energ\u00e9ticos 4\" onerror=\"this.style.display='none'\" loading=\"lazy\" \/>\r\n\t\t\t\t<a href=\"https:\/\/www.metaflotech.com\/es\/productos\/reactivos-de-solidificacion\/mf003\/\"  target=\"_blank\" rel=\"noopener\"  itemprop=\"url\">\r\n\t\t\t\t<img decoding=\"async\" src=\"https:\/\/www.metaflotech.com\/wp-content\/uploads\/2024\/03\/Logo-MF003.svg\" alt=\"Logo MF003\" itemprop=\"image\" height=\"100\" width=\"100\" title=\"Logo MF003\" onerror=\"this.style.display='none'\" loading=\"lazy\" \/>\r\n\t\t\t\t<\/a>\r\n<h2>\r\n\t\t\tSOLUCI\u00d3N METAFLO\t<\/h2>\r\n\t\t\t <h4>El reactivo de solidificaci\u00f3n no t\u00f3xico e inerte* absorbe r\u00e1pidamente el agua, el aceite y la grasa para solidificar el lodo in situ &lt; 1 hora.<\/h4>\t\t\r\n\t\t\t <h4>Una vez solidificados, los residuos pueden superar la prueba del filtro de pintura (PFT).<\/h4>\t\t\r\n\t\t\t <h4>Los purines solidificados se transportan directamente al vertedero final, lo que reduce los costes de transporte y eliminaci\u00f3n, al tiempo que mejora la seguridad y el cumplimiento de la normativa.<\/h4>\t\t\r\n\t<p><em>*La clasificaci\u00f3n de los productos puede variar seg\u00fan las jurisdicciones de los distintos pa\u00edses.<\/em><\/p>\r\n\t\t\t\t<img decoding=\"async\" src=\"https:\/\/www.metaflotech.com\/wp-content\/uploads\/2024\/10\/Reagents-Hero.png\" alt=\"Reactivos H\u00e9roe\" itemprop=\"image\" height=\"449\" width=\"800\" onerror=\"this.style.display='none'\" loading=\"lazy\" \/>\r\n\t\t\t\t<img decoding=\"async\" src=\"https:\/\/www.metaflotech.com\/wp-content\/uploads\/2025\/02\/Mining-2.svg\" alt=\"Miner\u00eda 2\" itemprop=\"image\" height=\"1861\" width=\"1718\" title=\"Miner\u00eda 2\" onerror=\"this.style.display='none'\" loading=\"lazy\" \/>\r\n<h2>\r\n\t\t\tDesaf\u00edos\t<\/h2>\r\n\t<h3><strong>Estabilizaci\u00f3n de carreteras<\/strong><\/h3>\r\n\t\t\t <h4>Las carreteras de transporte pueden sufrir da\u00f1os estructurales debido al paso diario de veh\u00edculos pesados, por lo que requieren un mantenimiento frecuente.<\/h4>\t\t\r\n\t<h3><strong>Polvo en suspensi\u00f3n<\/strong><\/h3>\r\n\t\t\t <h4>El exceso de part\u00edculas de polvo en suspensi\u00f3n en el aire provocado por los procesos mineros se ha convertido cada vez m\u00e1s en un problema medioambiental y sanitario.<\/h4>\t\t\r\n\t\t\t <h4>El polvo da\u00f1a el medio ambiente, compromete la salud humana, afecta negativamente a las comunidades y reduce la productividad general de las empresas.<\/h4>\t\t\r\n\t\t\t <h4>Los m\u00e9todos tradicionales de supresi\u00f3n del polvo suelen requerir grandes cantidades de agua, lo que resulta costoso tanto desde el punto de vista log\u00edstico como medioambiental.<\/h4>\t\t\r\n\t\t\t\t<img decoding=\"async\" src=\"https:\/\/www.metaflotech.com\/wp-content\/uploads\/2025\/02\/Roads-3.svg\" alt=\"Carreteras 3\" itemprop=\"image\" height=\"843\" width=\"3859\" title=\"Carreteras 3\" onerror=\"this.style.display='none'\" loading=\"lazy\" \/>\r\n\t\t\t\t<a href=\"https:\/\/www.metaflotech.com\/es\/productos\/biopolimeros\/soiltech\/\"  target=\"_blank\" rel=\"noopener\"  itemprop=\"url\">\r\n\t\t\t\t<img decoding=\"async\" src=\"https:\/\/www.metaflotech.com\/wp-content\/uploads\/2025\/07\/Logo-3.svg\" alt=\"Logotipo\" itemprop=\"image\" height=\"100\" width=\"100\" title=\"Logotipo\" onerror=\"this.style.display='none'\" loading=\"lazy\" \/>\r\n\t\t\t\t<\/a>\r\n\t\t\t\t<a href=\"https:\/\/www.metaflotech.com\/es\/productos\/biopolimeros\/dustech\/\"  target=\"_blank\" rel=\"noopener\"  itemprop=\"url\">\r\n\t\t\t\t<img decoding=\"async\" src=\"https:\/\/www.metaflotech.com\/wp-content\/uploads\/2025\/07\/Logo-5.svg\" alt=\"Logotipo\" itemprop=\"image\" height=\"100\" width=\"100\" title=\"Logotipo\" onerror=\"this.style.display='none'\" loading=\"lazy\" \/>\r\n\t\t\t\t<\/a>\r\n\t\t\t\t<img decoding=\"async\" src=\"https:\/\/www.metaflotech.com\/wp-content\/uploads\/2025\/02\/Roads-2.svg\" alt=\"Carreteras 2\" itemprop=\"image\" height=\"1860\" width=\"1712\" title=\"Carreteras 2\" onerror=\"this.style.display='none'\" loading=\"lazy\" \/>\r\n<h2>\r\n\t\t\tSoluci\u00f3n MetaFLO\t<\/h2>\r\n\t\t\t <h4>SoilTech act\u00faa como estabilizador\/aglutinante qu\u00edmico en el suelo, lo que produce un aumento de la densidad de la masa, una mejor compactaci\u00f3n, una mejora de las propiedades mec\u00e1nicas, una mayor estabilizaci\u00f3n de la capa y una impermeabilidad mejorada.<\/h4>\t\t\r\n\t\t\t <h4>F\u00e1cil de aplicar a\u00f1adiendo una dosis m\u00ednima a los camiones cisterna existentes. Requiere mucha menos agua que los m\u00e9todos tradicionales.<\/h4>\t\t\r\n\t\t\t <h4>Seguro para el medio ambiente y sin contaminantes qu\u00edmicos.<\/h4>\t\t\r\n\t\t\t\t<img decoding=\"async\" src=\"https:\/\/www.metaflotech.com\/wp-content\/uploads\/2024\/10\/Biopolymer-Hero-2.png\" alt=\"Biopol\u00edmero Hero 2\" itemprop=\"image\" height=\"447\" width=\"800\" onerror=\"this.style.display='none'\" loading=\"lazy\" \/>\r\n<h2>\r\n\t\t\tDesaf\u00edos\t<\/h2>\r\n\t\t\t <h4>Los efluentes contaminados de las explotaciones mineras suelen contener altas concentraciones de metales e hidrocarburos, lo que plantea problemas de cumplimiento de la normativa y medioambientales.<\/h4>\t\t\r\n\t\t\t <h4>Aguas residuales contaminadas, pueden no cumplir las normas reglamentarias de vertido o reutilizaci\u00f3n.<\/h4>\t\t\r\n\t\t\t\t<img decoding=\"async\" src=\"https:\/\/www.metaflotech.com\/wp-content\/uploads\/2024\/11\/Fracking-Remediation.png\" alt=\"Remediaci\u00f3n del fracking\" itemprop=\"image\" height=\"702\" width=\"728\" onerror=\"this.style.display='none'\" loading=\"lazy\" \/>\r\n\t\t\t\t<a href=\"https:\/\/www.metaflotech.com\/es\/productos\/remtech\/\"  target=\"_blank\" rel=\"noopener\"  itemprop=\"url\">\r\n\t\t\t\t<img decoding=\"async\" src=\"https:\/\/www.metaflotech.com\/wp-content\/uploads\/2025\/07\/Logo.svg\" alt=\"Logotipo\" itemprop=\"image\" height=\"100\" width=\"100\" title=\"Logotipo\" onerror=\"this.style.display='none'\" loading=\"lazy\" \/>\r\n\t\t\t\t<\/a>\r\n<h2>\r\n\t\t\tSOLUCI\u00d3N METAFLO\t<\/h2>\r\n\t\t\t <h4>Soluci\u00f3n biol\u00f3gica a partir de algas con potencial para tratar simult\u00e1neamente hidrocarburos y metales en aguas contaminadas.<\/h4>\t\t\r\n\t\t\t <h4>Como superoxidante, Remtech act\u00faa r\u00e1pidamente en la reacci\u00f3n y permite reutilizar el agua tratada. Adem\u00e1s, est\u00e1 libre de contaminantes qu\u00edmicos.<\/h4>\t\t\r\n\t\t\t <h4>Utilizado como agente alcalinizante, puede aplicarse al proceso existente y dosificarse directamente en el agua, ya que tiene una alta solubilidad.<\/h4>\t\t\r\n\t\t\t\t<img decoding=\"async\" src=\"https:\/\/www.metaflotech.com\/wp-content\/uploads\/2025\/02\/Mining-5.svg\" alt=\"Miner\u00eda 5\" itemprop=\"image\" height=\"847\" width=\"2960\" title=\"Miner\u00eda 5\" onerror=\"this.style.display='none'\" loading=\"lazy\" \/>\r\n<h2>\r\n\t\t\tDesaf\u00edos\t<\/h2>\r\n\t<h3><strong>Aumento del rendimiento de la extracci\u00f3n de mineral refractario<\/strong><\/h3>\r\n\t\t\t <h4>Se sabe que el proceso de lixiviaci\u00f3n del oro con cianuro causa importantes problemas medioambientales y de salud humana. La cianuraci\u00f3n del oro, como se denomina este proceso, se utiliza para extraer oro del mineral en bruto extra\u00eddo del suelo. El cianuro disuelve el oro dentro del mineral, extray\u00e9ndolo en forma l\u00edquida.<\/h4>\t\t\r\n\t\t\t <h4>El oro se trata para eliminar el cianuro al que ha estado expuesto, pero la extracci\u00f3n eficaz de minerales refractarios es m\u00e1s dif\u00edcil.<\/h4>\t\t\r\n\t<h2>\r\n\t\t\tSOLUCI\u00d3N METAFLO\t<\/h2>\r\n\t<h3><strong>ExtracTech es un aditivo biopolim\u00e9rico ecol\u00f3gico para el proceso de extracci\u00f3n de oro. Act\u00faa como aditivo en el proceso de concentraci\u00f3n y puede a\u00f1adirse directamente a los tanques de cianuraci\u00f3n o a las pilas de lixiviaci\u00f3n.<\/strong><\/h3>\r\n\t\t\t <h4>ExtracTech, como superoxidante, realiza reacciones qu\u00edmicas con metales de alto ORP, dejando el metal de inter\u00e9s m\u00e1s expuesto para reaccionar m\u00e1s f\u00e1cilmente con el cianuro en el proceso de lixiviaci\u00f3n.<\/h4>\t\t\r\n\t\t\t <h4>El biopol\u00edmero aumenta la cin\u00e9tica de la reacci\u00f3n, favoreciendo un proceso m\u00e1s eficaz de recuperaci\u00f3n de metales a partir de mineral refractario.<\/h4>\t\t\r\n\t\t\t <h4>Sin necesidad de equipos adicionales, permite un proceso m\u00e1s limpio que produce est\u00e9riles con niveles de toxicidad m\u00e1s bajos y reduce el consumo de cianuro.<\/h4>\t\t\r\n\t\t\t\t<a href=\"https:\/\/www.metaflotech.com\/es\/productos\/extractech\/\"  target=\"_blank\" rel=\"noopener\"  itemprop=\"url\">\r\n\t\t\t\t<img decoding=\"async\" src=\"https:\/\/www.metaflotech.com\/wp-content\/uploads\/2025\/07\/Logo-4.svg\" alt=\"Logotipo\" itemprop=\"image\" height=\"100\" width=\"100\" title=\"Logotipo\" onerror=\"this.style.display='none'\" loading=\"lazy\" \/>\r\n\t\t\t\t<\/a>\r\n\t\t\t\t<img decoding=\"async\" src=\"https:\/\/www.metaflotech.com\/wp-content\/uploads\/2024\/10\/Biopolymer-Hero.png\" alt=\"H\u00e9roe de los biopol\u00edmeros\" itemprop=\"image\" height=\"447\" width=\"800\" onerror=\"this.style.display='none'\" loading=\"lazy\" \/>\r\n<h2>\r\n\t\t\tCasos pr\u00e1cticos\t<\/h2>\r\n<h3>\r\n\t\t<a href=\"https:\/\/www.metaflotech.com\/wp-content\/uploads\/2024\/12\/MF006-Case-Study-4-English-MetaFLO-Technologies.pdf\" title=\"Solidificaci\u00f3n sostenible de lodos para explotaciones mineras remotas\"  target=\"_self\">\r\n\t\t\tSolidificaci\u00f3n sostenible de lodos para explotaciones mineras remotas\t\t<\/a>\r\n\t<\/h3>\r\n\t<p>MetaFLO&#8217;s technology enables safe, cost-effective sludge disposal for Vale&#8217;s Northern Ontario operations, supporting sustainable mining practices in a challenging environment.<\/p>\r\n\t\t\t\t<img decoding=\"async\" src=\"https:\/\/www.metaflotech.com\/wp-content\/uploads\/2024\/10\/icon-transport-w.png\" alt=\"icono transporte w\" itemprop=\"image\" height=\"311\" width=\"311\" title=\"icono transporte w\" onerror=\"this.style.display='none'\" loading=\"lazy\" \/>\r\n\t<h3><b>Reducci\u00f3n significativa de los costes de transporte<\/b><\/h3>\r\n\t\t\t\t<img decoding=\"async\" src=\"https:\/\/www.metaflotech.com\/wp-content\/uploads\/2024\/10\/icon-ecology-w.png\" alt=\"icono ecolog\u00eda w\" itemprop=\"image\" height=\"311\" width=\"311\" title=\"icono ecolog\u00eda w\" onerror=\"this.style.display='none'\" loading=\"lazy\" \/>\r\n\t<h3><b>Minimizar los riesgos medioambientales y de seguridad<\/b><\/h3>\r\n\t\t\t\t<img decoding=\"async\" src=\"https:\/\/www.metaflotech.com\/wp-content\/uploads\/2024\/10\/icon-savings-w.png\" alt=\"icono ahorro w\" itemprop=\"image\" height=\"311\" width=\"311\" title=\"icono ahorro w\" onerror=\"this.style.display='none'\" loading=\"lazy\" \/>\r\n\t<h3><b>Gesti\u00f3n sostenible y eficiente de los residuos<\/b><\/h3>","protected":false},"excerpt":{"rendered":"<p>Mining Challenges Mining companies face a number challenges in their operations including: Contaminated water treatment. Access and haul road maintenance. Dust control. Increasing yields from refractory ore bodies without large capital expenditures. Responsible management of cyanide and other chemicals. Solidification of large volumes of sludges and slurries. Creating beneficial re-use for sterile waste material. Wet&hellip;<\/p>","protected":false},"author":1,"featured_media":0,"parent":120582,"menu_order":0,"comment_status":"closed","ping_status":"closed","template":"","meta":{"_acf_changed":false,"inline_featured_image":false,"footnotes":""},"class_list":["post-120698","page","type-page","status-publish","hentry"],"acf":[],"yoast_head":"<!-- This site is optimized with the Yoast SEO plugin v27.5 - https:\/\/yoast.com\/product\/yoast-seo-wordpress\/ -->\n<title>Mining Solutions for Haul Roads, Metal Recovery and Dust Control | MetaFLO Technologies<\/title>\n<meta name=\"description\" content=\"MetaFLO provides sustainable polymer and biopolymer solutions for mining, supporting haul road stabilization, dust suppression, metal recovery and liquid waste management.\" \/>\n<meta name=\"robots\" content=\"index, follow, max-snippet:-1, max-image-preview:large, max-video-preview:-1\" \/>\n<link rel=\"canonical\" href=\"https:\/\/www.metaflotech.com\/es\/industrias\/mineria\/\" \/>\n<meta property=\"og:locale\" content=\"es_ES\" \/>\n<meta property=\"og:type\" content=\"article\" \/>\n<meta property=\"og:title\" content=\"Mining Solutions for Haul Roads, Metal Recovery and Dust Control | MetaFLO Technologies\" \/>\n<meta property=\"og:description\" content=\"MetaFLO provides sustainable polymer and biopolymer solutions for mining, supporting haul road stabilization, dust suppression, metal recovery and liquid waste management.\" \/>\n<meta property=\"og:url\" content=\"https:\/\/www.metaflotech.com\/es\/industrias\/mineria\/\" \/>\n<meta property=\"og:site_name\" content=\"MetaFLO Technologies\" \/>\n<meta property=\"article:publisher\" content=\"https:\/\/www.facebook.com\/MetaFLOTechnologies\/\" \/>\n<meta property=\"article:modified_time\" content=\"2026-03-12T13:20:36+00:00\" \/>\n<meta property=\"og:image\" content=\"https:\/\/www.metaflotech.com\/wp-content\/uploads\/2025\/02\/Mining-1.svg\" \/>\n<meta name=\"twitter:card\" content=\"summary_large_image\" \/>\n<meta name=\"twitter:site\" content=\"@metaflo\" \/>\n<meta name=\"twitter:label1\" content=\"Tiempo de lectura\" \/>\n\t<meta name=\"twitter:data1\" content=\"7 minutos\" \/>\n<script type=\"application\/ld+json\" class=\"yoast-schema-graph\">{\"@context\":\"https:\\\/\\\/schema.org\",\"@graph\":[{\"@type\":\"WebPage\",\"@id\":\"https:\\\/\\\/www.metaflotech.com\\\/es\\\/industries\\\/mining\\\/\",\"url\":\"https:\\\/\\\/www.metaflotech.com\\\/es\\\/industries\\\/mining\\\/\",\"name\":\"Mining Solutions for Haul Roads, Metal Recovery and Dust Control | MetaFLO Technologies\",\"isPartOf\":{\"@id\":\"https:\\\/\\\/www.metaflotech.com\\\/es\\\/#website\"},\"primaryImageOfPage\":{\"@id\":\"https:\\\/\\\/www.metaflotech.com\\\/es\\\/industries\\\/mining\\\/#primaryimage\"},\"image\":{\"@id\":\"https:\\\/\\\/www.metaflotech.com\\\/es\\\/industries\\\/mining\\\/#primaryimage\"},\"thumbnailUrl\":\"https:\\\/\\\/www.metaflotech.com\\\/wp-content\\\/uploads\\\/2025\\\/02\\\/Mining-1.svg\",\"datePublished\":\"2024-12-25T09:50:31+00:00\",\"dateModified\":\"2026-03-12T13:20:36+00:00\",\"description\":\"MetaFLO provides sustainable polymer and biopolymer solutions for mining, supporting haul road stabilization, dust suppression, metal recovery and liquid waste management.\",\"breadcrumb\":{\"@id\":\"https:\\\/\\\/www.metaflotech.com\\\/es\\\/industries\\\/mining\\\/#breadcrumb\"},\"inLanguage\":\"es\",\"potentialAction\":[{\"@type\":\"ReadAction\",\"target\":[\"https:\\\/\\\/www.metaflotech.com\\\/es\\\/industries\\\/mining\\\/\"]}]},{\"@type\":\"ImageObject\",\"inLanguage\":\"es\",\"@id\":\"https:\\\/\\\/www.metaflotech.com\\\/es\\\/industries\\\/mining\\\/#primaryimage\",\"url\":\"https:\\\/\\\/www.metaflotech.com\\\/wp-content\\\/uploads\\\/2025\\\/02\\\/Mining-1.svg\",\"contentUrl\":\"https:\\\/\\\/www.metaflotech.com\\\/wp-content\\\/uploads\\\/2025\\\/02\\\/Mining-1.svg\"},{\"@type\":\"BreadcrumbList\",\"@id\":\"https:\\\/\\\/www.metaflotech.com\\\/es\\\/industries\\\/mining\\\/#breadcrumb\",\"itemListElement\":[{\"@type\":\"ListItem\",\"position\":1,\"name\":\"Home\",\"item\":\"https:\\\/\\\/www.metaflotech.com\\\/\"},{\"@type\":\"ListItem\",\"position\":2,\"name\":\"Industries\",\"item\":\"https:\\\/\\\/www.metaflotech.com\\\/industries\\\/\"},{\"@type\":\"ListItem\",\"position\":3,\"name\":\"Mining Solutions for Haul Roads, Metal Recovery and Dust Control\"}]},{\"@type\":\"WebSite\",\"@id\":\"https:\\\/\\\/www.metaflotech.com\\\/es\\\/#website\",\"url\":\"https:\\\/\\\/www.metaflotech.com\\\/es\\\/\",\"name\":\"MetaFLO Technologies\",\"description\":\"Engineered Polymer Solutions For Industrial Applications\",\"potentialAction\":[{\"@type\":\"SearchAction\",\"target\":{\"@type\":\"EntryPoint\",\"urlTemplate\":\"https:\\\/\\\/www.metaflotech.com\\\/es\\\/?s={search_term_string}\"},\"query-input\":{\"@type\":\"PropertyValueSpecification\",\"valueRequired\":true,\"valueName\":\"search_term_string\"}}],\"inLanguage\":\"es\"}]}<\/script>\n<!-- \/ Yoast SEO plugin. -->","yoast_head_json":{"title":"Mining Solutions for Haul Roads, Metal Recovery and Dust Control | MetaFLO Technologies","description":"MetaFLO provides sustainable polymer and biopolymer solutions for mining, supporting haul road stabilization, dust suppression, metal recovery and liquid waste management.","robots":{"index":"index","follow":"follow","max-snippet":"max-snippet:-1","max-image-preview":"max-image-preview:large","max-video-preview":"max-video-preview:-1"},"canonical":"https:\/\/www.metaflotech.com\/es\/industrias\/mineria\/","og_locale":"es_ES","og_type":"article","og_title":"Mining Solutions for Haul Roads, Metal Recovery and Dust Control | MetaFLO Technologies","og_description":"MetaFLO provides sustainable polymer and biopolymer solutions for mining, supporting haul road stabilization, dust suppression, metal recovery and liquid waste management.","og_url":"https:\/\/www.metaflotech.com\/es\/industrias\/mineria\/","og_site_name":"MetaFLO Technologies","article_publisher":"https:\/\/www.facebook.com\/MetaFLOTechnologies\/","article_modified_time":"2026-03-12T13:20:36+00:00","og_image":[{"url":"https:\/\/www.metaflotech.com\/wp-content\/uploads\/2025\/02\/Mining-1.svg","type":"","width":"","height":""}],"twitter_card":"summary_large_image","twitter_site":"@metaflo","twitter_misc":{"Tiempo de lectura":"7 minutos"},"schema":{"@context":"https:\/\/schema.org","@graph":[{"@type":"WebPage","@id":"https:\/\/www.metaflotech.com\/es\/industries\/mining\/","url":"https:\/\/www.metaflotech.com\/es\/industries\/mining\/","name":"Mining Solutions for Haul Roads, Metal Recovery and Dust Control | MetaFLO Technologies","isPartOf":{"@id":"https:\/\/www.metaflotech.com\/es\/#website"},"primaryImageOfPage":{"@id":"https:\/\/www.metaflotech.com\/es\/industries\/mining\/#primaryimage"},"image":{"@id":"https:\/\/www.metaflotech.com\/es\/industries\/mining\/#primaryimage"},"thumbnailUrl":"https:\/\/www.metaflotech.com\/wp-content\/uploads\/2025\/02\/Mining-1.svg","datePublished":"2024-12-25T09:50:31+00:00","dateModified":"2026-03-12T13:20:36+00:00","description":"MetaFLO provides sustainable polymer and biopolymer solutions for mining, supporting haul road stabilization, dust suppression, metal recovery and liquid waste management.","breadcrumb":{"@id":"https:\/\/www.metaflotech.com\/es\/industries\/mining\/#breadcrumb"},"inLanguage":"es","potentialAction":[{"@type":"ReadAction","target":["https:\/\/www.metaflotech.com\/es\/industries\/mining\/"]}]},{"@type":"ImageObject","inLanguage":"es","@id":"https:\/\/www.metaflotech.com\/es\/industries\/mining\/#primaryimage","url":"https:\/\/www.metaflotech.com\/wp-content\/uploads\/2025\/02\/Mining-1.svg","contentUrl":"https:\/\/www.metaflotech.com\/wp-content\/uploads\/2025\/02\/Mining-1.svg"},{"@type":"BreadcrumbList","@id":"https:\/\/www.metaflotech.com\/es\/industries\/mining\/#breadcrumb","itemListElement":[{"@type":"ListItem","position":1,"name":"Home","item":"https:\/\/www.metaflotech.com\/"},{"@type":"ListItem","position":2,"name":"Industries","item":"https:\/\/www.metaflotech.com\/industries\/"},{"@type":"ListItem","position":3,"name":"Mining Solutions for Haul Roads, Metal Recovery and Dust Control"}]},{"@type":"WebSite","@id":"https:\/\/www.metaflotech.com\/es\/#website","url":"https:\/\/www.metaflotech.com\/es\/","name":"Tecnolog\u00edas MetaFLO","description":"Soluciones de pol\u00edmeros para aplicaciones industriales","potentialAction":[{"@type":"SearchAction","target":{"@type":"EntryPoint","urlTemplate":"https:\/\/www.metaflotech.com\/es\/?s={search_term_string}"},"query-input":{"@type":"PropertyValueSpecification","valueRequired":true,"valueName":"search_term_string"}}],"inLanguage":"es"}]}},"_links":{"self":[{"href":"https:\/\/www.metaflotech.com\/es\/wp-json\/wp\/v2\/pages\/120698","targetHints":{"allow":["GET"]}}],"collection":[{"href":"https:\/\/www.metaflotech.com\/es\/wp-json\/wp\/v2\/pages"}],"about":[{"href":"https:\/\/www.metaflotech.com\/es\/wp-json\/wp\/v2\/types\/page"}],"author":[{"embeddable":true,"href":"https:\/\/www.metaflotech.com\/es\/wp-json\/wp\/v2\/users\/1"}],"replies":[{"embeddable":true,"href":"https:\/\/www.metaflotech.com\/es\/wp-json\/wp\/v2\/comments?post=120698"}],"version-history":[{"count":0,"href":"https:\/\/www.metaflotech.com\/es\/wp-json\/wp\/v2\/pages\/120698\/revisions"}],"up":[{"embeddable":true,"href":"https:\/\/www.metaflotech.com\/es\/wp-json\/wp\/v2\/pages\/120582"}],"wp:attachment":[{"href":"https:\/\/www.metaflotech.com\/es\/wp-json\/wp\/v2\/media?parent=120698"}],"curies":[{"name":"wp","href":"https:\/\/api.w.org\/{rel}","templated":true}]}}