{"id":120859,"date":"2024-12-25T10:20:54","date_gmt":"2024-12-25T10:20:54","guid":{"rendered":"https:\/\/www.metaflotech.com\/?page_id=120859"},"modified":"2026-03-12T13:19:01","modified_gmt":"2026-03-12T13:19:01","slug":"petroleo-y-gas","status":"publish","type":"page","link":"https:\/\/www.metaflotech.com\/es\/industries\/oil-and-gas\/","title":{"rendered":"Oil and Gas Wastewater Treatment and Hydrocarbon Removal"},"content":{"rendered":"<h1><strong>Petr\u00f3leo y gas<\/strong><\/h1>\r\n\t\t\t\t<a href=\"https:\/\/www.metaflotech.com\/es\/productos\/biopolimeros\/remtech\/\"  target=\"_blank\" rel=\"noopener\"  itemprop=\"url\">\r\n\t\t\t\t<img decoding=\"async\" src=\"https:\/\/www.metaflotech.com\/wp-content\/uploads\/2025\/07\/Logo.svg\" alt=\"Logotipo\" itemprop=\"image\" height=\"100\" width=\"100\" title=\"Logotipo\" onerror=\"this.style.display='none'\" loading='lazy' \/>\r\n\t\t\t\t<\/a>\r\n<h2>\r\n\t\t\tDesaf\u00edos\t<\/h2>\r\n\t<h3><strong>Agua contaminada<\/strong><\/h3>\r\n\t\t\t <h4>Los efluentes pueden contener altas concentraciones de metales e hidrocarburos, lo que plantea problemas de cumplimiento y medioambientales.<\/h4>\t\t\r\n\t\t\t <h4>Aguas residuales \/ Agua producida, puede no cumplir las normas reglamentarias de vertido o reutilizaci\u00f3n.<\/h4>\t\t\r\n\t\t\t <h4>Es posible que los tratamientos tradicionales no eliminen todos los metales e hidrocarburos.<\/h4>\t\t\r\n\t<h3><strong>Lodos<\/strong><\/h3>\r\n\t\t\t <h4>Los residuos l\u00edquidos son dif\u00edciles de eliminar, sobre todo los derivados del petr\u00f3leo, y requieren aspiradoras especializadas para su transporte, lo que aumenta los costes operativos y la complejidad. <\/h4>\t\t\r\n\t\t\t\t<img decoding=\"async\" src=\"https:\/\/www.metaflotech.com\/wp-content\/uploads\/2025\/02\/Oil-Gas-1-1.svg\" alt=\"Petr\u00f3leo y gas 1\" itemprop=\"image\" height=\"843\" width=\"3859\" title=\"Petr\u00f3leo y gas 1\" onerror=\"this.style.display='none'\" loading='lazy' \/>\r\n<h2>\r\n\t\t\tSoluci\u00f3n MetaFLO\t<\/h2>\r\n\t\t\t <h4><strong>Soluci\u00f3n biol\u00f3gica a partir de algas con potencial para tratar simult\u00e1neamente hidrocarburos y metales en aguas contaminadas.<\/strong><\/h4>\t\t\r\n\t\t\t <h4><strong>Como superoxidante, Remtech act\u00faa r\u00e1pidamente en la reacci\u00f3n y permite reutilizar el agua tratada.<\/strong><\/h4>\t\t\r\n\t\t\t <h4><strong>Utilizado como agente alcalinizante, puede aplicarse al proceso existente y dosificarse directamente en el agua, ya que tiene una alta solubilidad.<\/strong><\/h4>\t\t\r\n\t\t\t <h4><strong>Seguro para el medio ambiente y sin contaminantes qu\u00edmicos.<\/strong><\/h4>\t\t\r\n\t\t\t\t<img decoding=\"async\" src=\"https:\/\/www.metaflotech.com\/wp-content\/uploads\/2024\/11\/Fracking-Remediation.png\" alt=\"Remediaci\u00f3n del fracking\" itemprop=\"image\" height=\"702\" width=\"728\" onerror=\"this.style.display='none'\" loading='lazy' \/>\r\n\t\t\t\t<a href=\"https:\/\/www.metaflotech.com\/es\/productos\/reactivos-de-solidificacion\/mf003\/\"  target=\"_blank\" rel=\"noopener\"  itemprop=\"url\">\r\n\t\t\t\t<img decoding=\"async\" src=\"https:\/\/www.metaflotech.com\/wp-content\/uploads\/2024\/03\/Logo-MF003.svg\" alt=\"Logo MF003\" itemprop=\"image\" height=\"100\" width=\"100\" title=\"Logo MF003\" onerror=\"this.style.display='none'\" loading='lazy' \/>\r\n\t\t\t\t<\/a>\r\n\t\t\t\t<a href=\"https:\/\/www.metaflotech.com\/es\/productos\/reactivos-de-solidificacion\/mf006\/\"  target=\"_blank\" rel=\"noopener\"  itemprop=\"url\">\r\n\t\t\t\t<img decoding=\"async\" src=\"https:\/\/www.metaflotech.com\/wp-content\/uploads\/2024\/03\/Logo-MF006.svg\" alt=\"Logotipo MF006\" itemprop=\"image\" height=\"100\" width=\"100\" title=\"Logotipo MF006\" onerror=\"this.style.display='none'\" loading='lazy' \/>\r\n\t\t\t\t<\/a>\r\n\t\t\t\t<a href=\"https:\/\/www.metaflotech.com\/es\/productos\/reactivos-de-solidificacion\/mf008\/\"  target=\"_blank\" rel=\"noopener\"  itemprop=\"url\">\r\n\t\t\t\t<img decoding=\"async\" src=\"https:\/\/www.metaflotech.com\/wp-content\/uploads\/2024\/03\/Logo-MF008.svg\" alt=\"Logotipo MF008\" itemprop=\"image\" height=\"100\" width=\"100\" title=\"Logotipo MF008\" onerror=\"this.style.display='none'\" loading='lazy' \/>\r\n\t\t\t\t<\/a>\r\n\t\t\t\t<img decoding=\"async\" src=\"https:\/\/www.metaflotech.com\/wp-content\/uploads\/2025\/02\/Oil-Gas-2-1.svg\" alt=\"Petr\u00f3leo y gas 2\" itemprop=\"image\" height=\"1860\" width=\"1717\" title=\"Petr\u00f3leo y gas 2\" onerror=\"this.style.display='none'\" loading='lazy' \/>\r\n<h2>\r\n\t\t\tSoluci\u00f3n MetaFLO\t<\/h2>\r\n\t\t\t <h4><strong>El reactivo de solidificaci\u00f3n no t\u00f3xico e inerte absorbe r\u00e1pidamente el agua, el aceite y la grasa para solidificar el lodo in situ &lt; 1 hora.<\/strong><\/h4>\t\t\r\n\t\t\t <h4><strong>Una vez solidificados, los residuos pueden superar la prueba del filtro de pintura (PFT).<\/strong><\/h4>\t\t\r\n\t\t\t <h4><strong>Los purines solidificados se transportan directamente al vertedero final, lo que reduce los costes de transporte y eliminaci\u00f3n, al tiempo que mejora la seguridad y el cumplimiento de la normativa.<\/strong><\/h4>\t\t\r\n\t\t\t\t<img decoding=\"async\" src=\"https:\/\/www.metaflotech.com\/wp-content\/uploads\/2024\/10\/Reagents-Hero.png\" alt=\"Reactivos H\u00e9roe\" itemprop=\"image\" height=\"449\" width=\"800\" onerror=\"this.style.display='none'\" loading='lazy' \/>\r\n<h2>\r\n\t\t\tCasos pr\u00e1cticos\t<\/h2>\r\n<h3>\r\n\t\t<a href=\"https:\/\/www.metaflotech.com\/wp-content\/uploads\/2025\/07\/RemTech-Case-Study-2-English-MetaFLO-Technologies.pdf\" title=\"RemTech trata los hidrocarburos de los efluentes industriales del petr\u00f3leo\"  target=\"_self\">\r\n\t\t\tRemTech trata los hidrocarburos de los efluentes industriales del petr\u00f3leo\t\t<\/a>\r\n\t<\/h3>\r\n\t<p>MetaFLO&#8217;s study reveals unmatched cost savings, productivity gains, and environmental benefits for treating hydrocarbons on an effluent.<\/p>\r\n\t\t\t\t<img decoding=\"async\" src=\"https:\/\/www.metaflotech.com\/wp-content\/uploads\/2024\/10\/icon-transport-w.png\" alt=\"icono transporte w\" itemprop=\"image\" height=\"311\" width=\"311\" title=\"icono transporte w\" onerror=\"this.style.display='none'\" loading='lazy' \/>\r\n\t<h3><b>Reducci\u00f3n significativa de los costes de transporte<\/b><\/h3>\r\n\t\t\t\t<img decoding=\"async\" src=\"https:\/\/www.metaflotech.com\/wp-content\/uploads\/2024\/10\/icon-ecology-w.png\" alt=\"icono ecolog\u00eda w\" itemprop=\"image\" height=\"311\" width=\"311\" title=\"icono ecolog\u00eda w\" onerror=\"this.style.display='none'\" loading='lazy' \/>\r\n\t<h3><b>Minimizar los riesgos medioambientales y de seguridad<\/b><\/h3>\r\n\t\t\t\t<img decoding=\"async\" src=\"https:\/\/www.metaflotech.com\/wp-content\/uploads\/2024\/10\/icon-savings-w.png\" alt=\"icono ahorro w\" itemprop=\"image\" height=\"311\" width=\"311\" title=\"icono ahorro w\" onerror=\"this.style.display='none'\" loading='lazy' \/>\r\n\t<h3><b>Gesti\u00f3n sostenible y eficiente de los residuos<\/b><\/h3>","protected":false},"excerpt":{"rendered":"<p>Oil &amp; Gas Challenges Contaminated Water Effluents may contain high concentrations of metals and hydrocarbons, posing compliance and environmental challenges. Wastewater \/ Produced water, may not meet regulatory standards for discharge or reuse. Traditional treatments may not eliminate all metals and hydrocarbons. Slurry Liquid waste is difficult to dispose of, especially oil-based waste, requiring specialized&hellip;<\/p>","protected":false},"author":1,"featured_media":0,"parent":120582,"menu_order":0,"comment_status":"closed","ping_status":"closed","template":"","meta":{"_acf_changed":false,"inline_featured_image":false,"footnotes":""},"class_list":["post-120859","page","type-page","status-publish","hentry"],"acf":[],"yoast_head":"<!-- This site is optimized with the Yoast SEO plugin v27.5 - https:\/\/yoast.com\/product\/yoast-seo-wordpress\/ -->\n<title>Oil and Gas Wastewater Treatment and Hydrocarbon Removal | MetaFLO Technologies<\/title>\n<meta name=\"description\" content=\"Sustainable solutions for oil and gas wastewater and produced water treatment, removing hydrocarbons and metals while improving environmental compliance.\" \/>\n<meta name=\"robots\" content=\"index, follow, max-snippet:-1, max-image-preview:large, max-video-preview:-1\" \/>\n<link rel=\"canonical\" href=\"https:\/\/www.metaflotech.com\/es\/industrias\/petroleo-y-gas\/\" \/>\n<meta property=\"og:locale\" content=\"es_ES\" \/>\n<meta property=\"og:type\" content=\"article\" \/>\n<meta property=\"og:title\" content=\"Oil and Gas Wastewater Treatment and Hydrocarbon Removal | MetaFLO Technologies\" \/>\n<meta property=\"og:description\" content=\"Sustainable solutions for oil and gas wastewater and produced water treatment, removing hydrocarbons and metals while improving environmental compliance.\" \/>\n<meta property=\"og:url\" content=\"https:\/\/www.metaflotech.com\/es\/industrias\/petroleo-y-gas\/\" \/>\n<meta property=\"og:site_name\" content=\"MetaFLO Technologies\" \/>\n<meta property=\"article:publisher\" content=\"https:\/\/www.facebook.com\/MetaFLOTechnologies\/\" \/>\n<meta property=\"article:modified_time\" content=\"2026-03-12T13:19:01+00:00\" \/>\n<meta property=\"og:image\" content=\"https:\/\/www.metaflotech.com\/wp-content\/uploads\/2025\/07\/Logo.svg\" \/>\n<meta name=\"twitter:card\" content=\"summary_large_image\" \/>\n<meta name=\"twitter:site\" content=\"@metaflo\" \/>\n<meta name=\"twitter:label1\" content=\"Tiempo de lectura\" \/>\n\t<meta name=\"twitter:data1\" content=\"4 minutos\" \/>\n<script type=\"application\/ld+json\" class=\"yoast-schema-graph\">{\"@context\":\"https:\\\/\\\/schema.org\",\"@graph\":[{\"@type\":\"WebPage\",\"@id\":\"https:\\\/\\\/www.metaflotech.com\\\/es\\\/industries\\\/oil-and-gas\\\/\",\"url\":\"https:\\\/\\\/www.metaflotech.com\\\/es\\\/industries\\\/oil-and-gas\\\/\",\"name\":\"Oil and Gas Wastewater Treatment and Hydrocarbon Removal | MetaFLO Technologies\",\"isPartOf\":{\"@id\":\"https:\\\/\\\/www.metaflotech.com\\\/es\\\/#website\"},\"primaryImageOfPage\":{\"@id\":\"https:\\\/\\\/www.metaflotech.com\\\/es\\\/industries\\\/oil-and-gas\\\/#primaryimage\"},\"image\":{\"@id\":\"https:\\\/\\\/www.metaflotech.com\\\/es\\\/industries\\\/oil-and-gas\\\/#primaryimage\"},\"thumbnailUrl\":\"https:\\\/\\\/www.metaflotech.com\\\/wp-content\\\/uploads\\\/2025\\\/07\\\/Logo.svg\",\"datePublished\":\"2024-12-25T10:20:54+00:00\",\"dateModified\":\"2026-03-12T13:19:01+00:00\",\"description\":\"Sustainable solutions for oil and gas wastewater and produced water treatment, removing hydrocarbons and metals while improving environmental compliance.\",\"breadcrumb\":{\"@id\":\"https:\\\/\\\/www.metaflotech.com\\\/es\\\/industries\\\/oil-and-gas\\\/#breadcrumb\"},\"inLanguage\":\"es\",\"potentialAction\":[{\"@type\":\"ReadAction\",\"target\":[\"https:\\\/\\\/www.metaflotech.com\\\/es\\\/industries\\\/oil-and-gas\\\/\"]}]},{\"@type\":\"ImageObject\",\"inLanguage\":\"es\",\"@id\":\"https:\\\/\\\/www.metaflotech.com\\\/es\\\/industries\\\/oil-and-gas\\\/#primaryimage\",\"url\":\"https:\\\/\\\/www.metaflotech.com\\\/wp-content\\\/uploads\\\/2025\\\/07\\\/Logo.svg\",\"contentUrl\":\"https:\\\/\\\/www.metaflotech.com\\\/wp-content\\\/uploads\\\/2025\\\/07\\\/Logo.svg\"},{\"@type\":\"BreadcrumbList\",\"@id\":\"https:\\\/\\\/www.metaflotech.com\\\/es\\\/industries\\\/oil-and-gas\\\/#breadcrumb\",\"itemListElement\":[{\"@type\":\"ListItem\",\"position\":1,\"name\":\"Home\",\"item\":\"https:\\\/\\\/www.metaflotech.com\\\/\"},{\"@type\":\"ListItem\",\"position\":2,\"name\":\"Industries\",\"item\":\"https:\\\/\\\/www.metaflotech.com\\\/industries\\\/\"},{\"@type\":\"ListItem\",\"position\":3,\"name\":\"Oil and Gas Wastewater Treatment and Hydrocarbon Removal\"}]},{\"@type\":\"WebSite\",\"@id\":\"https:\\\/\\\/www.metaflotech.com\\\/es\\\/#website\",\"url\":\"https:\\\/\\\/www.metaflotech.com\\\/es\\\/\",\"name\":\"MetaFLO Technologies\",\"description\":\"Engineered Polymer Solutions For Industrial Applications\",\"potentialAction\":[{\"@type\":\"SearchAction\",\"target\":{\"@type\":\"EntryPoint\",\"urlTemplate\":\"https:\\\/\\\/www.metaflotech.com\\\/es\\\/?s={search_term_string}\"},\"query-input\":{\"@type\":\"PropertyValueSpecification\",\"valueRequired\":true,\"valueName\":\"search_term_string\"}}],\"inLanguage\":\"es\"}]}<\/script>\n<!-- \/ Yoast SEO plugin. -->","yoast_head_json":{"title":"Oil and Gas Wastewater Treatment and Hydrocarbon Removal | MetaFLO Technologies","description":"Sustainable solutions for oil and gas wastewater and produced water treatment, removing hydrocarbons and metals while improving environmental compliance.","robots":{"index":"index","follow":"follow","max-snippet":"max-snippet:-1","max-image-preview":"max-image-preview:large","max-video-preview":"max-video-preview:-1"},"canonical":"https:\/\/www.metaflotech.com\/es\/industrias\/petroleo-y-gas\/","og_locale":"es_ES","og_type":"article","og_title":"Oil and Gas Wastewater Treatment and Hydrocarbon Removal | MetaFLO Technologies","og_description":"Sustainable solutions for oil and gas wastewater and produced water treatment, removing hydrocarbons and metals while improving environmental compliance.","og_url":"https:\/\/www.metaflotech.com\/es\/industrias\/petroleo-y-gas\/","og_site_name":"MetaFLO Technologies","article_publisher":"https:\/\/www.facebook.com\/MetaFLOTechnologies\/","article_modified_time":"2026-03-12T13:19:01+00:00","og_image":[{"url":"https:\/\/www.metaflotech.com\/wp-content\/uploads\/2025\/07\/Logo.svg","type":"","width":"","height":""}],"twitter_card":"summary_large_image","twitter_site":"@metaflo","twitter_misc":{"Tiempo de lectura":"4 minutos"},"schema":{"@context":"https:\/\/schema.org","@graph":[{"@type":"WebPage","@id":"https:\/\/www.metaflotech.com\/es\/industries\/oil-and-gas\/","url":"https:\/\/www.metaflotech.com\/es\/industries\/oil-and-gas\/","name":"Oil and Gas Wastewater Treatment and Hydrocarbon Removal | MetaFLO Technologies","isPartOf":{"@id":"https:\/\/www.metaflotech.com\/es\/#website"},"primaryImageOfPage":{"@id":"https:\/\/www.metaflotech.com\/es\/industries\/oil-and-gas\/#primaryimage"},"image":{"@id":"https:\/\/www.metaflotech.com\/es\/industries\/oil-and-gas\/#primaryimage"},"thumbnailUrl":"https:\/\/www.metaflotech.com\/wp-content\/uploads\/2025\/07\/Logo.svg","datePublished":"2024-12-25T10:20:54+00:00","dateModified":"2026-03-12T13:19:01+00:00","description":"Sustainable solutions for oil and gas wastewater and produced water treatment, removing hydrocarbons and metals while improving environmental compliance.","breadcrumb":{"@id":"https:\/\/www.metaflotech.com\/es\/industries\/oil-and-gas\/#breadcrumb"},"inLanguage":"es","potentialAction":[{"@type":"ReadAction","target":["https:\/\/www.metaflotech.com\/es\/industries\/oil-and-gas\/"]}]},{"@type":"ImageObject","inLanguage":"es","@id":"https:\/\/www.metaflotech.com\/es\/industries\/oil-and-gas\/#primaryimage","url":"https:\/\/www.metaflotech.com\/wp-content\/uploads\/2025\/07\/Logo.svg","contentUrl":"https:\/\/www.metaflotech.com\/wp-content\/uploads\/2025\/07\/Logo.svg"},{"@type":"BreadcrumbList","@id":"https:\/\/www.metaflotech.com\/es\/industries\/oil-and-gas\/#breadcrumb","itemListElement":[{"@type":"ListItem","position":1,"name":"Home","item":"https:\/\/www.metaflotech.com\/"},{"@type":"ListItem","position":2,"name":"Industries","item":"https:\/\/www.metaflotech.com\/industries\/"},{"@type":"ListItem","position":3,"name":"Oil and Gas Wastewater Treatment and Hydrocarbon Removal"}]},{"@type":"WebSite","@id":"https:\/\/www.metaflotech.com\/es\/#website","url":"https:\/\/www.metaflotech.com\/es\/","name":"Tecnolog\u00edas MetaFLO","description":"Soluciones de pol\u00edmeros para aplicaciones industriales","potentialAction":[{"@type":"SearchAction","target":{"@type":"EntryPoint","urlTemplate":"https:\/\/www.metaflotech.com\/es\/?s={search_term_string}"},"query-input":{"@type":"PropertyValueSpecification","valueRequired":true,"valueName":"search_term_string"}}],"inLanguage":"es"}]}},"_links":{"self":[{"href":"https:\/\/www.metaflotech.com\/es\/wp-json\/wp\/v2\/pages\/120859","targetHints":{"allow":["GET"]}}],"collection":[{"href":"https:\/\/www.metaflotech.com\/es\/wp-json\/wp\/v2\/pages"}],"about":[{"href":"https:\/\/www.metaflotech.com\/es\/wp-json\/wp\/v2\/types\/page"}],"author":[{"embeddable":true,"href":"https:\/\/www.metaflotech.com\/es\/wp-json\/wp\/v2\/users\/1"}],"replies":[{"embeddable":true,"href":"https:\/\/www.metaflotech.com\/es\/wp-json\/wp\/v2\/comments?post=120859"}],"version-history":[{"count":0,"href":"https:\/\/www.metaflotech.com\/es\/wp-json\/wp\/v2\/pages\/120859\/revisions"}],"up":[{"embeddable":true,"href":"https:\/\/www.metaflotech.com\/es\/wp-json\/wp\/v2\/pages\/120582"}],"wp:attachment":[{"href":"https:\/\/www.metaflotech.com\/es\/wp-json\/wp\/v2\/media?parent=120859"}],"curies":[{"name":"wp","href":"https:\/\/api.w.org\/{rel}","templated":true}]}}