{"id":120990,"date":"2024-12-25T10:46:43","date_gmt":"2024-12-25T10:46:43","guid":{"rendered":"https:\/\/www.metaflotech.com\/?page_id=120990"},"modified":"2026-03-12T13:18:12","modified_gmt":"2026-03-12T13:18:12","slug":"carreteras","status":"publish","type":"page","link":"https:\/\/www.metaflotech.com\/es\/industries\/roads\/","title":{"rendered":"Soil Stabilization and Dust Control for Strong Roads"},"content":{"rendered":"<h1><strong>Carreteras<\/strong><\/h1>\r\n<h2>\r\n\t\t\tDesaf\u00edos\t<\/h2>\r\n\t<h3><b>Estabilizaci\u00f3n de carreteras<br \/>\r\n<\/b><\/h3>\r\n\t\t\t <h4>Con las fuertes lluvias y el elevado tr\u00e1fico, el material estabilizado de la secci\u00f3n sufre procesos de erosi\u00f3n y asentamiento. Como resultado, la base de la carretera se ve comprometida, lo que reduce la capacidad de carga de la carretera, acelerando su degradaci\u00f3n, reduciendo su vida \u00fatil y generando un aumento significativo de los costes de mantenimiento.<\/h4>\t\t\r\n\t\t\t <h4>La regularizaci\u00f3n tradicional del subsuelo suele requerir grandes vol\u00famenes de agua y elevados costes operativos.<\/h4>\t\t\r\n\t\t\t <h4>Los caminos de tierra son muy susceptibles de sufrir da\u00f1os estructurales por la erosi\u00f3n causada por la lluvia, las corrientes de agua y el viento, lo que exige un mantenimiento frecuente y en algunos casos no se pueden pavimentar.<\/h4>\t\t\r\n\t\t\t\t<img decoding=\"async\" src=\"https:\/\/www.metaflotech.com\/wp-content\/uploads\/2025\/02\/Roads-1.svg\" alt=\"Carreteras 1\" itemprop=\"image\" height=\"845\" width=\"3859\" title=\"Carreteras 1\" onerror=\"this.style.display='none'\" loading='lazy' \/>\r\n<h2>\r\n\t\t\tSoluci\u00f3n MetaFLO\t<\/h2>\r\n\t\t\t <h4>La estabilizaci\u00f3n de suelos SoilTech aumenta la densidad de la masa y el CBR y permite una mejor compactaci\u00f3n. Mejora las propiedades mec\u00e1nicas de los suelos y la estabilizaci\u00f3n de las capas, as\u00ed como la impermeabilidad.<\/h4>\t\t\r\n\t\t\t <h4>F\u00e1cil de aplicar a\u00f1adiendo una dosis m\u00ednima a los camiones cisterna existentes. Requiere mucha menos agua que los m\u00e9todos tradicionales.<\/h4>\t\t\r\n\t\t\t <h4>Seguro para el medio ambiente y sin contaminantes qu\u00edmicos.<\/h4>\t\t\r\n\t\t\t\t<img decoding=\"async\" src=\"https:\/\/www.metaflotech.com\/wp-content\/uploads\/2024\/10\/Biopolymer-Hero-2.png\" alt=\"Biopol\u00edmero Hero 2\" itemprop=\"image\" height=\"447\" width=\"800\" onerror=\"this.style.display='none'\" loading='lazy' \/>\r\n\t\t\t\t<a href=\"https:\/\/www.metaflotech.com\/es\/productos\/biopolimeros\/soiltech\/\"  target=\"_blank\" rel=\"noopener\"  itemprop=\"url\">\r\n\t\t\t\t<img decoding=\"async\" src=\"https:\/\/www.metaflotech.com\/wp-content\/uploads\/2025\/07\/Logo-3.svg\" alt=\"Logotipo\" itemprop=\"image\" height=\"100\" width=\"100\" title=\"Logotipo\" onerror=\"this.style.display='none'\" loading='lazy' \/>\r\n\t\t\t\t<\/a>\r\n<h2>\r\n\t\t\tDesaf\u00edos\t<\/h2>\r\n\t<h3><b>Polvo en suspensi\u00f3n<br \/>\r\n<\/b><\/h3>\r\n\t\t\t <h4>El polvo da\u00f1a el medio ambiente, compromete la salud humana, afecta negativamente a las comunidades y reduce la productividad general de las empresas.<\/h4>\t\t\r\n\t\t\t <h4>Las part\u00edculas finas de las carreteras de tierra se transportan por el aire a causa de los proyectos de obras civiles y del tr\u00e1fico, especialmente cuando el tiempo es seco. Esto crea problemas de visibilidad para los conductores, riesgos para la salud y contaminaci\u00f3n ambiental.<\/h4>\t\t\r\n\t\t\t <h4>Los m\u00e9todos tradicionales de supresi\u00f3n del polvo suelen requerir grandes cantidades de agua, lo que resulta costoso tanto desde el punto de vista log\u00edstico como medioambiental.<\/h4>\t\t\r\n\t\t\t\t<img decoding=\"async\" src=\"https:\/\/www.metaflotech.com\/wp-content\/uploads\/2025\/02\/Roads-3.svg\" alt=\"Carreteras 3\" itemprop=\"image\" height=\"843\" width=\"3859\" title=\"Carreteras 3\" onerror=\"this.style.display='none'\" loading='lazy' \/>\r\n<h2>\r\n\t\t\tSoluci\u00f3n MetaFLO\t<\/h2>\r\n\t\t\t <h4>DusTech es un biopol\u00edmero soluble en agua que se diluye directamente en un cami\u00f3n cisterna y puede aplicarse f\u00e1cilmente in situ para suprimir el polvo.<\/h4>\t\t\r\n\t\t\t <h4>Crea una mayor aglutinaci\u00f3n entre las part\u00edculas del suelo, reduciendo as\u00ed el polvo.<br \/>50% menos agua necesaria en comparaci\u00f3n con los m\u00e9todos tradicionales.<\/h4>\t\t\r\n\t\t\t <h4>Aumenta la seguridad vial, incrementa la visibilidad del tr\u00e1fico y mejora la calidad del aire.<\/h4>\t\t\r\n\t\t\t <h4>Se adhiere instant\u00e1neamente al suelo. No es necesario cerrar las carreteras al tr\u00e1fico durante mucho tiempo.<\/h4>\t\t\r\n\t\t\t <h4>A diferencia de los agentes supresores de polvo qu\u00edmicos convencionales, DusTech no reduce el coeficiente de fricci\u00f3n.<\/h4>\t\t\r\n\t\t\t\t<img decoding=\"async\" src=\"https:\/\/www.metaflotech.com\/wp-content\/uploads\/2025\/02\/Roads-4.svg\" alt=\"Carreteras 4\" itemprop=\"image\" height=\"1860\" width=\"1717\" title=\"Carreteras 4\" onerror=\"this.style.display='none'\" loading='lazy' \/>\r\n\t\t\t\t<a href=\"https:\/\/www.metaflotech.com\/es\/productos\/biopolimeros\/dustech\/\"  target=\"_blank\" rel=\"noopener\"  itemprop=\"url\">\r\n\t\t\t\t<img decoding=\"async\" src=\"https:\/\/www.metaflotech.com\/wp-content\/uploads\/2025\/07\/Logo-5.svg\" alt=\"Logotipo\" itemprop=\"image\" height=\"100\" width=\"100\" title=\"Logotipo\" onerror=\"this.style.display='none'\" loading='lazy' \/>\r\n\t\t\t\t<\/a>\r\n<h2>\r\n\t\t\tCasos pr\u00e1cticos\t<\/h2>\r\n<h3>\r\n\t\t<a href=\"https:\/\/www.metaflotech.com\/wp-content\/uploads\/2025\/07\/SoilTech-Case-Study-1-English-MetaFLO-Technologies.pdf\" title=\"SoilTech impulsa la estabilizaci\u00f3n sostenible de carreteras\"  target=\"_self\">\r\n\t\t\tSoilTech impulsa la estabilizaci\u00f3n sostenible de carreteras\t\t<\/a>\r\n\t<\/h3>\r\n\t<p>MetaFLO&#8217;s innovative stabilization solution provided essential cost savings, productivity gains, and environmental benefits to keep a large-scale roadway project on schedule and within budget.<\/p>\r\n\t\t\t\t<img decoding=\"async\" src=\"https:\/\/www.metaflotech.com\/wp-content\/uploads\/2024\/10\/icon-transport-w.png\" alt=\"icono transporte w\" itemprop=\"image\" height=\"311\" width=\"311\" title=\"icono transporte w\" onerror=\"this.style.display='none'\" loading='lazy' \/>\r\n\t<h3><b>Reducci\u00f3n significativa de los costes de transporte<\/b><\/h3>\r\n\t\t\t\t<img decoding=\"async\" src=\"https:\/\/www.metaflotech.com\/wp-content\/uploads\/2024\/10\/icon-ecology-w.png\" alt=\"icono ecolog\u00eda w\" itemprop=\"image\" height=\"311\" width=\"311\" title=\"icono ecolog\u00eda w\" onerror=\"this.style.display='none'\" loading='lazy' \/>\r\n\t<h3><b>Minimizar los riesgos medioambientales y de seguridad<\/b><\/h3>\r\n\t\t\t\t<img decoding=\"async\" src=\"https:\/\/www.metaflotech.com\/wp-content\/uploads\/2024\/10\/icon-savings-w.png\" alt=\"icono ahorro w\" itemprop=\"image\" height=\"311\" width=\"311\" title=\"icono ahorro w\" onerror=\"this.style.display='none'\" loading='lazy' \/>\r\n\t<h3><b>Gesti\u00f3n sostenible y eficiente de los residuos<\/b><\/h3>","protected":false},"excerpt":{"rendered":"<p>Roads Challenges Road Stabilization With heavy rains and high traffic, the stabilized material in the section undergoes erosion and settlement processes. As a result, the road base is compromised, which reduces the load-bearing capacity of the road, accelerating its degradation, reducing its useful life and generating a significant increase in maintenance costs. Traditional subgrade regularization&hellip;<\/p>","protected":false},"author":1,"featured_media":0,"parent":120582,"menu_order":0,"comment_status":"closed","ping_status":"closed","template":"","meta":{"_acf_changed":false,"inline_featured_image":false,"footnotes":""},"class_list":["post-120990","page","type-page","status-publish","hentry"],"acf":[],"yoast_head":"<!-- This site is optimized with the Yoast SEO plugin v27.4 - https:\/\/yoast.com\/product\/yoast-seo-wordpress\/ -->\n<title>Soil Stabilization and Dust Control for Strong Roads | MetaFLO Technologies<\/title>\n<meta name=\"description\" content=\"Sustainable and environmentally safe solutions for soil stabilization and dust control on unpaved, gravel and haul roads.\" \/>\n<meta name=\"robots\" content=\"index, follow, max-snippet:-1, max-image-preview:large, max-video-preview:-1\" \/>\n<link rel=\"canonical\" href=\"https:\/\/www.metaflotech.com\/es\/industrias\/carreteras\/\" \/>\n<meta property=\"og:locale\" content=\"es_ES\" \/>\n<meta property=\"og:type\" content=\"article\" \/>\n<meta property=\"og:title\" content=\"Soil Stabilization and Dust Control for Strong Roads | MetaFLO Technologies\" \/>\n<meta property=\"og:description\" content=\"Sustainable and environmentally safe solutions for soil stabilization and dust control on unpaved, gravel and haul roads.\" \/>\n<meta property=\"og:url\" content=\"https:\/\/www.metaflotech.com\/es\/industrias\/carreteras\/\" \/>\n<meta property=\"og:site_name\" content=\"MetaFLO Technologies\" \/>\n<meta property=\"article:publisher\" content=\"https:\/\/www.facebook.com\/MetaFLOTechnologies\/\" \/>\n<meta property=\"article:modified_time\" content=\"2026-03-12T13:18:12+00:00\" \/>\n<meta property=\"og:image\" content=\"https:\/\/www.metaflotech.com\/wp-content\/uploads\/2025\/02\/Roads-1.svg\" \/>\n<meta name=\"twitter:card\" content=\"summary_large_image\" \/>\n<meta name=\"twitter:site\" content=\"@metaflo\" \/>\n<meta name=\"twitter:label1\" content=\"Tiempo de lectura\" \/>\n\t<meta name=\"twitter:data1\" content=\"4 minutos\" \/>\n<script type=\"application\/ld+json\" class=\"yoast-schema-graph\">{\"@context\":\"https:\\\/\\\/schema.org\",\"@graph\":[{\"@type\":\"WebPage\",\"@id\":\"https:\\\/\\\/www.metaflotech.com\\\/es\\\/industries\\\/roads\\\/\",\"url\":\"https:\\\/\\\/www.metaflotech.com\\\/es\\\/industries\\\/roads\\\/\",\"name\":\"Soil Stabilization and Dust Control for Strong Roads | MetaFLO Technologies\",\"isPartOf\":{\"@id\":\"https:\\\/\\\/www.metaflotech.com\\\/es\\\/#website\"},\"primaryImageOfPage\":{\"@id\":\"https:\\\/\\\/www.metaflotech.com\\\/es\\\/industries\\\/roads\\\/#primaryimage\"},\"image\":{\"@id\":\"https:\\\/\\\/www.metaflotech.com\\\/es\\\/industries\\\/roads\\\/#primaryimage\"},\"thumbnailUrl\":\"https:\\\/\\\/www.metaflotech.com\\\/wp-content\\\/uploads\\\/2025\\\/02\\\/Roads-1.svg\",\"datePublished\":\"2024-12-25T10:46:43+00:00\",\"dateModified\":\"2026-03-12T13:18:12+00:00\",\"description\":\"Sustainable and environmentally safe solutions for soil stabilization and dust control on unpaved, gravel and haul roads.\",\"breadcrumb\":{\"@id\":\"https:\\\/\\\/www.metaflotech.com\\\/es\\\/industries\\\/roads\\\/#breadcrumb\"},\"inLanguage\":\"es\",\"potentialAction\":[{\"@type\":\"ReadAction\",\"target\":[\"https:\\\/\\\/www.metaflotech.com\\\/es\\\/industries\\\/roads\\\/\"]}]},{\"@type\":\"ImageObject\",\"inLanguage\":\"es\",\"@id\":\"https:\\\/\\\/www.metaflotech.com\\\/es\\\/industries\\\/roads\\\/#primaryimage\",\"url\":\"https:\\\/\\\/www.metaflotech.com\\\/wp-content\\\/uploads\\\/2025\\\/02\\\/Roads-1.svg\",\"contentUrl\":\"https:\\\/\\\/www.metaflotech.com\\\/wp-content\\\/uploads\\\/2025\\\/02\\\/Roads-1.svg\"},{\"@type\":\"BreadcrumbList\",\"@id\":\"https:\\\/\\\/www.metaflotech.com\\\/es\\\/industries\\\/roads\\\/#breadcrumb\",\"itemListElement\":[{\"@type\":\"ListItem\",\"position\":1,\"name\":\"Home\",\"item\":\"https:\\\/\\\/www.metaflotech.com\\\/\"},{\"@type\":\"ListItem\",\"position\":2,\"name\":\"Industries\",\"item\":\"https:\\\/\\\/www.metaflotech.com\\\/industries\\\/\"},{\"@type\":\"ListItem\",\"position\":3,\"name\":\"Soil Stabilization and Dust Control for Strong Roads\"}]},{\"@type\":\"WebSite\",\"@id\":\"https:\\\/\\\/www.metaflotech.com\\\/es\\\/#website\",\"url\":\"https:\\\/\\\/www.metaflotech.com\\\/es\\\/\",\"name\":\"MetaFLO Technologies\",\"description\":\"Engineered Polymer Solutions For Industrial Applications\",\"potentialAction\":[{\"@type\":\"SearchAction\",\"target\":{\"@type\":\"EntryPoint\",\"urlTemplate\":\"https:\\\/\\\/www.metaflotech.com\\\/es\\\/?s={search_term_string}\"},\"query-input\":{\"@type\":\"PropertyValueSpecification\",\"valueRequired\":true,\"valueName\":\"search_term_string\"}}],\"inLanguage\":\"es\"}]}<\/script>\n<!-- \/ Yoast SEO plugin. -->","yoast_head_json":{"title":"Soil Stabilization and Dust Control for Strong Roads | MetaFLO Technologies","description":"Sustainable and environmentally safe solutions for soil stabilization and dust control on unpaved, gravel and haul roads.","robots":{"index":"index","follow":"follow","max-snippet":"max-snippet:-1","max-image-preview":"max-image-preview:large","max-video-preview":"max-video-preview:-1"},"canonical":"https:\/\/www.metaflotech.com\/es\/industrias\/carreteras\/","og_locale":"es_ES","og_type":"article","og_title":"Soil Stabilization and Dust Control for Strong Roads | MetaFLO Technologies","og_description":"Sustainable and environmentally safe solutions for soil stabilization and dust control on unpaved, gravel and haul roads.","og_url":"https:\/\/www.metaflotech.com\/es\/industrias\/carreteras\/","og_site_name":"MetaFLO Technologies","article_publisher":"https:\/\/www.facebook.com\/MetaFLOTechnologies\/","article_modified_time":"2026-03-12T13:18:12+00:00","og_image":[{"url":"https:\/\/www.metaflotech.com\/wp-content\/uploads\/2025\/02\/Roads-1.svg","type":"","width":"","height":""}],"twitter_card":"summary_large_image","twitter_site":"@metaflo","twitter_misc":{"Tiempo de lectura":"4 minutos"},"schema":{"@context":"https:\/\/schema.org","@graph":[{"@type":"WebPage","@id":"https:\/\/www.metaflotech.com\/es\/industries\/roads\/","url":"https:\/\/www.metaflotech.com\/es\/industries\/roads\/","name":"Soil Stabilization and Dust Control for Strong Roads | MetaFLO Technologies","isPartOf":{"@id":"https:\/\/www.metaflotech.com\/es\/#website"},"primaryImageOfPage":{"@id":"https:\/\/www.metaflotech.com\/es\/industries\/roads\/#primaryimage"},"image":{"@id":"https:\/\/www.metaflotech.com\/es\/industries\/roads\/#primaryimage"},"thumbnailUrl":"https:\/\/www.metaflotech.com\/wp-content\/uploads\/2025\/02\/Roads-1.svg","datePublished":"2024-12-25T10:46:43+00:00","dateModified":"2026-03-12T13:18:12+00:00","description":"Sustainable and environmentally safe solutions for soil stabilization and dust control on unpaved, gravel and haul roads.","breadcrumb":{"@id":"https:\/\/www.metaflotech.com\/es\/industries\/roads\/#breadcrumb"},"inLanguage":"es","potentialAction":[{"@type":"ReadAction","target":["https:\/\/www.metaflotech.com\/es\/industries\/roads\/"]}]},{"@type":"ImageObject","inLanguage":"es","@id":"https:\/\/www.metaflotech.com\/es\/industries\/roads\/#primaryimage","url":"https:\/\/www.metaflotech.com\/wp-content\/uploads\/2025\/02\/Roads-1.svg","contentUrl":"https:\/\/www.metaflotech.com\/wp-content\/uploads\/2025\/02\/Roads-1.svg"},{"@type":"BreadcrumbList","@id":"https:\/\/www.metaflotech.com\/es\/industries\/roads\/#breadcrumb","itemListElement":[{"@type":"ListItem","position":1,"name":"Home","item":"https:\/\/www.metaflotech.com\/"},{"@type":"ListItem","position":2,"name":"Industries","item":"https:\/\/www.metaflotech.com\/industries\/"},{"@type":"ListItem","position":3,"name":"Soil Stabilization and Dust Control for Strong Roads"}]},{"@type":"WebSite","@id":"https:\/\/www.metaflotech.com\/es\/#website","url":"https:\/\/www.metaflotech.com\/es\/","name":"Tecnolog\u00edas MetaFLO","description":"Soluciones de pol\u00edmeros para aplicaciones industriales","potentialAction":[{"@type":"SearchAction","target":{"@type":"EntryPoint","urlTemplate":"https:\/\/www.metaflotech.com\/es\/?s={search_term_string}"},"query-input":{"@type":"PropertyValueSpecification","valueRequired":true,"valueName":"search_term_string"}}],"inLanguage":"es"}]}},"_links":{"self":[{"href":"https:\/\/www.metaflotech.com\/es\/wp-json\/wp\/v2\/pages\/120990","targetHints":{"allow":["GET"]}}],"collection":[{"href":"https:\/\/www.metaflotech.com\/es\/wp-json\/wp\/v2\/pages"}],"about":[{"href":"https:\/\/www.metaflotech.com\/es\/wp-json\/wp\/v2\/types\/page"}],"author":[{"embeddable":true,"href":"https:\/\/www.metaflotech.com\/es\/wp-json\/wp\/v2\/users\/1"}],"replies":[{"embeddable":true,"href":"https:\/\/www.metaflotech.com\/es\/wp-json\/wp\/v2\/comments?post=120990"}],"version-history":[{"count":0,"href":"https:\/\/www.metaflotech.com\/es\/wp-json\/wp\/v2\/pages\/120990\/revisions"}],"up":[{"embeddable":true,"href":"https:\/\/www.metaflotech.com\/es\/wp-json\/wp\/v2\/pages\/120582"}],"wp:attachment":[{"href":"https:\/\/www.metaflotech.com\/es\/wp-json\/wp\/v2\/media?parent=120990"}],"curies":[{"name":"wp","href":"https:\/\/api.w.org\/{rel}","templated":true}]}}