{"id":121047,"date":"2024-12-25T11:01:37","date_gmt":"2024-12-25T11:01:37","guid":{"rendered":"https:\/\/www.metaflotech.com\/?page_id=121047"},"modified":"2026-03-12T13:19:57","modified_gmt":"2026-03-12T13:19:57","slug":"medio-ambiente","status":"publish","type":"page","link":"https:\/\/www.metaflotech.com\/es\/industries\/environmental\/","title":{"rendered":"Stormwater and Wastewater Sludge Solidification Solutions"},"content":{"rendered":"<h1><strong>Medio ambiente<\/strong><\/h1>\r\n<h2>\r\n\t\t\tDesaf\u00edos\t<\/h2>\r\n\t<h3><strong>Estanques de aguas pluviales y residuales<br \/>\r\n<\/strong><\/h3>\r\n\t\t\t <h4>El mantenimiento continuo es clave para el \u00e9xito de los estanques de aguas pluviales. Pero si se deja que los sedimentos se acumulen en el estanque y no se retiran con regularidad, el estanque de aguas pluviales ya no puede filtrar correctamente los residuos.<\/h4>\t\t\r\n\t\t\t <h4>Los m\u00e9todos tradicionales de manipulaci\u00f3n de lodos requieren mucho trabajo, tiempo y dinero.<\/h4>\t\t\r\n\t\t\t <h4>Se puede utilizar serr\u00edn, cal y cemento para solidificar la balsa; sin embargo, este m\u00e9todo puede aumentar los vol\u00famenes de vertido hasta 300%, lo que significa que los camiones volquete tienen m\u00e1s que transportar y crean una mayor carga de residuos en el vertedero final.<\/h4>\t\t\r\n\t\t\t\t<img decoding=\"async\" src=\"https:\/\/www.metaflotech.com\/wp-content\/uploads\/2025\/02\/Environmental-1.svg\" alt=\"Medio ambiente 1\" itemprop=\"image\" height=\"843\" width=\"3859\" title=\"Medio ambiente 1\" onerror=\"this.style.display='none'\" loading='lazy' \/>\r\n<h2>\r\n\t\t\tSoluci\u00f3n MetaFLO\t<\/h2>\r\n\t\t\t <h4>El reactivo de solidificaci\u00f3n no t\u00f3xico e inerte* absorbe r\u00e1pidamente el agua para solidificar el lodo in situ &lt; 1 hora.<\/h4>\t\t\r\n\t\t\t <h4>Una vez solidificados, los residuos pueden superar la prueba del filtro de pintura (PFT).<\/h4>\t\t\r\n\t\t\t <h4>Los purines solidificados se transportan directamente al vertedero final, lo que reduce los costes de transporte y eliminaci\u00f3n, al tiempo que mejora la seguridad y el cumplimiento de la normativa.<\/h4>\t\t\r\n\t<p><em>*La clasificaci\u00f3n de los productos puede variar seg\u00fan las jurisdicciones de los distintos pa\u00edses.<\/em><\/p>\r\n\t\t\t\t<img decoding=\"async\" src=\"https:\/\/www.metaflotech.com\/wp-content\/uploads\/2025\/02\/Environmental-4.svg\" alt=\"Medio ambiente 4\" itemprop=\"image\" height=\"1861\" width=\"1718\" title=\"Medio ambiente 4\" onerror=\"this.style.display='none'\" loading='lazy' \/>\r\n\t\t\t\t<a href=\"https:\/\/www.metaflotech.com\/es\/productos\/reactivos-de-solidificacion\/mf003\/\"  target=\"_blank\" rel=\"noopener\"  itemprop=\"url\">\r\n\t\t\t\t<img decoding=\"async\" src=\"https:\/\/www.metaflotech.com\/wp-content\/uploads\/2024\/03\/Logo-MF003.svg\" alt=\"Logo MF003\" itemprop=\"image\" height=\"100\" width=\"100\" title=\"Logo MF003\" onerror=\"this.style.display='none'\" loading='lazy' \/>\r\n\t\t\t\t<\/a>\r\n\t\t\t\t<a href=\"https:\/\/www.metaflotech.com\/es\/productos\/reactivos-de-solidificacion\/mf006\/\"  target=\"_blank\" rel=\"noopener\"  itemprop=\"url\">\r\n\t\t\t\t<img decoding=\"async\" src=\"https:\/\/www.metaflotech.com\/wp-content\/uploads\/2024\/03\/Logo-MF006.svg\" alt=\"Logotipo MF006\" itemprop=\"image\" height=\"100\" width=\"100\" title=\"Logotipo MF006\" onerror=\"this.style.display='none'\" loading='lazy' \/>\r\n\t\t\t\t<\/a>\r\n<h2>\r\n\t\t\tCasos pr\u00e1cticos\t<\/h2>\r\n<h3>\r\n\t\t<a href=\"https:\/\/www.metaflotech.com\/wp-content\/uploads\/2024\/12\/MF006-Case-Study-5_-Hydrovac-English-MetaFLO-Technologies.pdf\" title=\"Transformaci\u00f3n de residuos de hidrovac en beneficios agr\u00edcolas\"  target=\"_self\">\r\n\t\t\tTransformaci\u00f3n de residuos de hidrovac en beneficios agr\u00edcolas\t\t<\/a>\r\n\t<\/h3>\r\n\t<p>MetaFLO reutiliza el lodo de hidrovac para mejorar la salud del suelo y la sostenibilidad de los agricultores canadienses, convirtiendo un subproducto industrial en un valioso recurso agr\u00edcola.<\/p>\r\n\t\t\t\t<img decoding=\"async\" src=\"https:\/\/www.metaflotech.com\/wp-content\/uploads\/2024\/10\/icon-transport-w.png\" alt=\"icono transporte w\" itemprop=\"image\" height=\"311\" width=\"311\" title=\"icono transporte w\" onerror=\"this.style.display='none'\" loading='lazy' \/>\r\n\t<h3><b>Reducci\u00f3n significativa de los costes de transporte<\/b><\/h3>\r\n\t\t\t\t<img decoding=\"async\" src=\"https:\/\/www.metaflotech.com\/wp-content\/uploads\/2024\/10\/icon-ecology-w.png\" alt=\"icono ecolog\u00eda w\" itemprop=\"image\" height=\"311\" width=\"311\" title=\"icono ecolog\u00eda w\" onerror=\"this.style.display='none'\" loading='lazy' \/>\r\n\t<h3><b>Minimizar los riesgos medioambientales y de seguridad<\/b><\/h3>\r\n\t\t\t\t<img decoding=\"async\" src=\"https:\/\/www.metaflotech.com\/wp-content\/uploads\/2024\/10\/icon-savings-w.png\" alt=\"icono ahorro w\" itemprop=\"image\" height=\"311\" width=\"311\" title=\"icono ahorro w\" onerror=\"this.style.display='none'\" loading='lazy' \/>\r\n\t<h3><b>Gesti\u00f3n sostenible y eficiente de los residuos<\/b><\/h3>","protected":false},"excerpt":{"rendered":"<p>Environmental Challenges Stormwater \/ Wastewater ponds Ongoing maintenance is key to the success of stormwater ponds. But if the sediment is left to build up in the pond and is not removed regularly, the stormwater pond can no longer properly filter debris. Traditional sludge handling methods are labor-intensive, time-consuming and costly. Sawdust, lime and cement&hellip;<\/p>","protected":false},"author":1,"featured_media":0,"parent":120582,"menu_order":0,"comment_status":"closed","ping_status":"closed","template":"","meta":{"_acf_changed":false,"inline_featured_image":false,"footnotes":""},"class_list":["post-121047","page","type-page","status-publish","hentry"],"acf":[],"yoast_head":"<!-- This site is optimized with the Yoast SEO plugin v27.4 - https:\/\/yoast.com\/product\/yoast-seo-wordpress\/ -->\n<title>Stormwater and Wastewater Sludge Solidification Solutions | MetaFLO Technologies<\/title>\n<meta name=\"description\" content=\"MetaFLO provides sustainable solutions for stormwater and wastewater pond sludge management, enabling efficient solidification while reducing transport and disposal volumes.\" \/>\n<meta name=\"robots\" content=\"index, follow, max-snippet:-1, max-image-preview:large, max-video-preview:-1\" \/>\n<link rel=\"canonical\" href=\"https:\/\/www.metaflotech.com\/es\/industrias\/medio-ambiente\/\" \/>\n<meta property=\"og:locale\" content=\"es_ES\" \/>\n<meta property=\"og:type\" content=\"article\" \/>\n<meta property=\"og:title\" content=\"Stormwater and Wastewater Sludge Solidification Solutions | MetaFLO Technologies\" \/>\n<meta property=\"og:description\" content=\"MetaFLO provides sustainable solutions for stormwater and wastewater pond sludge management, enabling efficient solidification while reducing transport and disposal volumes.\" \/>\n<meta property=\"og:url\" content=\"https:\/\/www.metaflotech.com\/es\/industrias\/medio-ambiente\/\" \/>\n<meta property=\"og:site_name\" content=\"MetaFLO Technologies\" \/>\n<meta property=\"article:publisher\" content=\"https:\/\/www.facebook.com\/MetaFLOTechnologies\/\" \/>\n<meta property=\"article:modified_time\" content=\"2026-03-12T13:19:57+00:00\" \/>\n<meta property=\"og:image\" content=\"https:\/\/www.metaflotech.com\/wp-content\/uploads\/2025\/02\/Environmental-1.svg\" \/>\n<meta name=\"twitter:card\" content=\"summary_large_image\" \/>\n<meta name=\"twitter:site\" content=\"@metaflo\" \/>\n<meta name=\"twitter:label1\" content=\"Tiempo de lectura\" \/>\n\t<meta name=\"twitter:data1\" content=\"3 minutos\" \/>\n<script type=\"application\/ld+json\" class=\"yoast-schema-graph\">{\"@context\":\"https:\\\/\\\/schema.org\",\"@graph\":[{\"@type\":\"WebPage\",\"@id\":\"https:\\\/\\\/www.metaflotech.com\\\/es\\\/industries\\\/environmental\\\/\",\"url\":\"https:\\\/\\\/www.metaflotech.com\\\/es\\\/industries\\\/environmental\\\/\",\"name\":\"Stormwater and Wastewater Sludge Solidification Solutions | MetaFLO Technologies\",\"isPartOf\":{\"@id\":\"https:\\\/\\\/www.metaflotech.com\\\/es\\\/#website\"},\"primaryImageOfPage\":{\"@id\":\"https:\\\/\\\/www.metaflotech.com\\\/es\\\/industries\\\/environmental\\\/#primaryimage\"},\"image\":{\"@id\":\"https:\\\/\\\/www.metaflotech.com\\\/es\\\/industries\\\/environmental\\\/#primaryimage\"},\"thumbnailUrl\":\"https:\\\/\\\/www.metaflotech.com\\\/wp-content\\\/uploads\\\/2025\\\/02\\\/Environmental-1.svg\",\"datePublished\":\"2024-12-25T11:01:37+00:00\",\"dateModified\":\"2026-03-12T13:19:57+00:00\",\"description\":\"MetaFLO provides sustainable solutions for stormwater and wastewater pond sludge management, enabling efficient solidification while reducing transport and disposal volumes.\",\"breadcrumb\":{\"@id\":\"https:\\\/\\\/www.metaflotech.com\\\/es\\\/industries\\\/environmental\\\/#breadcrumb\"},\"inLanguage\":\"es\",\"potentialAction\":[{\"@type\":\"ReadAction\",\"target\":[\"https:\\\/\\\/www.metaflotech.com\\\/es\\\/industries\\\/environmental\\\/\"]}]},{\"@type\":\"ImageObject\",\"inLanguage\":\"es\",\"@id\":\"https:\\\/\\\/www.metaflotech.com\\\/es\\\/industries\\\/environmental\\\/#primaryimage\",\"url\":\"https:\\\/\\\/www.metaflotech.com\\\/wp-content\\\/uploads\\\/2025\\\/02\\\/Environmental-1.svg\",\"contentUrl\":\"https:\\\/\\\/www.metaflotech.com\\\/wp-content\\\/uploads\\\/2025\\\/02\\\/Environmental-1.svg\"},{\"@type\":\"BreadcrumbList\",\"@id\":\"https:\\\/\\\/www.metaflotech.com\\\/es\\\/industries\\\/environmental\\\/#breadcrumb\",\"itemListElement\":[{\"@type\":\"ListItem\",\"position\":1,\"name\":\"Home\",\"item\":\"https:\\\/\\\/www.metaflotech.com\\\/\"},{\"@type\":\"ListItem\",\"position\":2,\"name\":\"Industries\",\"item\":\"https:\\\/\\\/www.metaflotech.com\\\/industries\\\/\"},{\"@type\":\"ListItem\",\"position\":3,\"name\":\"Stormwater and Wastewater Sludge Solidification Solutions\"}]},{\"@type\":\"WebSite\",\"@id\":\"https:\\\/\\\/www.metaflotech.com\\\/es\\\/#website\",\"url\":\"https:\\\/\\\/www.metaflotech.com\\\/es\\\/\",\"name\":\"MetaFLO Technologies\",\"description\":\"Engineered Polymer Solutions For Industrial Applications\",\"potentialAction\":[{\"@type\":\"SearchAction\",\"target\":{\"@type\":\"EntryPoint\",\"urlTemplate\":\"https:\\\/\\\/www.metaflotech.com\\\/es\\\/?s={search_term_string}\"},\"query-input\":{\"@type\":\"PropertyValueSpecification\",\"valueRequired\":true,\"valueName\":\"search_term_string\"}}],\"inLanguage\":\"es\"}]}<\/script>\n<!-- \/ Yoast SEO plugin. -->","yoast_head_json":{"title":"Stormwater and Wastewater Sludge Solidification Solutions | MetaFLO Technologies","description":"MetaFLO provides sustainable solutions for stormwater and wastewater pond sludge management, enabling efficient solidification while reducing transport and disposal volumes.","robots":{"index":"index","follow":"follow","max-snippet":"max-snippet:-1","max-image-preview":"max-image-preview:large","max-video-preview":"max-video-preview:-1"},"canonical":"https:\/\/www.metaflotech.com\/es\/industrias\/medio-ambiente\/","og_locale":"es_ES","og_type":"article","og_title":"Stormwater and Wastewater Sludge Solidification Solutions | MetaFLO Technologies","og_description":"MetaFLO provides sustainable solutions for stormwater and wastewater pond sludge management, enabling efficient solidification while reducing transport and disposal volumes.","og_url":"https:\/\/www.metaflotech.com\/es\/industrias\/medio-ambiente\/","og_site_name":"MetaFLO Technologies","article_publisher":"https:\/\/www.facebook.com\/MetaFLOTechnologies\/","article_modified_time":"2026-03-12T13:19:57+00:00","og_image":[{"url":"https:\/\/www.metaflotech.com\/wp-content\/uploads\/2025\/02\/Environmental-1.svg","type":"","width":"","height":""}],"twitter_card":"summary_large_image","twitter_site":"@metaflo","twitter_misc":{"Tiempo de lectura":"3 minutos"},"schema":{"@context":"https:\/\/schema.org","@graph":[{"@type":"WebPage","@id":"https:\/\/www.metaflotech.com\/es\/industries\/environmental\/","url":"https:\/\/www.metaflotech.com\/es\/industries\/environmental\/","name":"Stormwater and Wastewater Sludge Solidification Solutions | MetaFLO Technologies","isPartOf":{"@id":"https:\/\/www.metaflotech.com\/es\/#website"},"primaryImageOfPage":{"@id":"https:\/\/www.metaflotech.com\/es\/industries\/environmental\/#primaryimage"},"image":{"@id":"https:\/\/www.metaflotech.com\/es\/industries\/environmental\/#primaryimage"},"thumbnailUrl":"https:\/\/www.metaflotech.com\/wp-content\/uploads\/2025\/02\/Environmental-1.svg","datePublished":"2024-12-25T11:01:37+00:00","dateModified":"2026-03-12T13:19:57+00:00","description":"MetaFLO provides sustainable solutions for stormwater and wastewater pond sludge management, enabling efficient solidification while reducing transport and disposal volumes.","breadcrumb":{"@id":"https:\/\/www.metaflotech.com\/es\/industries\/environmental\/#breadcrumb"},"inLanguage":"es","potentialAction":[{"@type":"ReadAction","target":["https:\/\/www.metaflotech.com\/es\/industries\/environmental\/"]}]},{"@type":"ImageObject","inLanguage":"es","@id":"https:\/\/www.metaflotech.com\/es\/industries\/environmental\/#primaryimage","url":"https:\/\/www.metaflotech.com\/wp-content\/uploads\/2025\/02\/Environmental-1.svg","contentUrl":"https:\/\/www.metaflotech.com\/wp-content\/uploads\/2025\/02\/Environmental-1.svg"},{"@type":"BreadcrumbList","@id":"https:\/\/www.metaflotech.com\/es\/industries\/environmental\/#breadcrumb","itemListElement":[{"@type":"ListItem","position":1,"name":"Home","item":"https:\/\/www.metaflotech.com\/"},{"@type":"ListItem","position":2,"name":"Industries","item":"https:\/\/www.metaflotech.com\/industries\/"},{"@type":"ListItem","position":3,"name":"Stormwater and Wastewater Sludge Solidification Solutions"}]},{"@type":"WebSite","@id":"https:\/\/www.metaflotech.com\/es\/#website","url":"https:\/\/www.metaflotech.com\/es\/","name":"Tecnolog\u00edas MetaFLO","description":"Soluciones de pol\u00edmeros para aplicaciones industriales","potentialAction":[{"@type":"SearchAction","target":{"@type":"EntryPoint","urlTemplate":"https:\/\/www.metaflotech.com\/es\/?s={search_term_string}"},"query-input":{"@type":"PropertyValueSpecification","valueRequired":true,"valueName":"search_term_string"}}],"inLanguage":"es"}]}},"_links":{"self":[{"href":"https:\/\/www.metaflotech.com\/es\/wp-json\/wp\/v2\/pages\/121047","targetHints":{"allow":["GET"]}}],"collection":[{"href":"https:\/\/www.metaflotech.com\/es\/wp-json\/wp\/v2\/pages"}],"about":[{"href":"https:\/\/www.metaflotech.com\/es\/wp-json\/wp\/v2\/types\/page"}],"author":[{"embeddable":true,"href":"https:\/\/www.metaflotech.com\/es\/wp-json\/wp\/v2\/users\/1"}],"replies":[{"embeddable":true,"href":"https:\/\/www.metaflotech.com\/es\/wp-json\/wp\/v2\/comments?post=121047"}],"version-history":[{"count":0,"href":"https:\/\/www.metaflotech.com\/es\/wp-json\/wp\/v2\/pages\/121047\/revisions"}],"up":[{"embeddable":true,"href":"https:\/\/www.metaflotech.com\/es\/wp-json\/wp\/v2\/pages\/120582"}],"wp:attachment":[{"href":"https:\/\/www.metaflotech.com\/es\/wp-json\/wp\/v2\/media?parent=121047"}],"curies":[{"name":"wp","href":"https:\/\/api.w.org\/{rel}","templated":true}]}}