{"id":121146,"date":"2024-12-25T11:28:41","date_gmt":"2024-12-25T11:28:41","guid":{"rendered":"https:\/\/www.metaflotech.com\/?page_id=121146"},"modified":"2026-03-12T13:17:13","modified_gmt":"2026-03-12T13:17:13","slug":"servicios-energeticos","status":"publish","type":"page","link":"https:\/\/www.metaflotech.com\/es\/industries\/energy-utilities\/","title":{"rendered":"HydroVac Slurry Solidification for Energy and Utilities"},"content":{"rendered":"<h1><strong>Servicios energ\u00e9ticos<\/strong><\/h1>\r\n\t\t\t\t<img decoding=\"async\" src=\"https:\/\/www.metaflotech.com\/wp-content\/uploads\/2025\/02\/Energy-Utilities-1.svg\" alt=\"Servicios energ\u00e9ticos 1\" itemprop=\"image\" height=\"1088\" width=\"1532\" title=\"Servicios energ\u00e9ticos 1\" onerror=\"this.style.display='none'\" loading='lazy' \/>\r\n<h2>\r\n\t\t\tDesaf\u00edos\t<\/h2>\r\n\t<p><strong>Las empresas de servicios energ\u00e9ticos necesitan un m\u00e9todo seguro para descubrir infraestructuras subterr\u00e1neas (cables, tuber\u00edas, conductos, etc.), y los camiones HydroVac son la soluci\u00f3n m\u00e1s com\u00fan. <\/strong><\/p>\r\n<p>Sin embargo, su uso y la posterior eliminaci\u00f3n de residuos l\u00edquidos plantean varios retos en los \u00e1mbitos medioambiental, log\u00edstico, operativo y de cumplimiento de la normativa. Todos los d\u00edas se utilizan flotas de estos camiones para apoyar el mantenimiento de este recurso cr\u00edtico.<\/p>\r\n\t<h3><b>Riesgo de contaminaci\u00f3n<br \/>\r\n<\/b><\/h3>\r\n\t<p>Los purines de hidrovac suelen contener una mezcla de tierra, agua y sustancias potencialmente nocivas, como hidrocarburos, sales o metales pesados. Una eliminaci\u00f3n inadecuada puede contaminar el suelo y las fuentes de agua.<\/p>\r\n\t<h3><strong>Transporte<br \/>\r\n<\/strong><\/h3>\r\n\t\t\t <h4>Los purines l\u00edquidos son pesados y voluminosos, lo que aumenta los costes de combustible y el desgaste de los veh\u00edculos y las carreteras durante su transporte a los vertederos.<\/h4>\r\n\t\t\t <h4>Los riesgos de vertido durante el tr\u00e1nsito pueden provocar da\u00f1os medioambientales y costes de limpieza.<\/h4>\r\n\t<h3><strong>Disponibilidad limitada de vertederos<br \/>\r\n<\/strong><\/h3>\r\n\t\t\t <h4>En muchas regiones escasean las instalaciones equipadas para manipular purines hidrovac, lo que obliga a recorrer distancias de transporte m\u00e1s largas y a aumentar los costes operativos.<\/h4>\r\n\t<h3><strong>Limitaciones de almacenamiento\r\n<\/strong><\/h3>\r\n\t\t\t <h4>El almacenamiento de residuos l\u00edquidos in situ requiere tanques o sistemas de contenci\u00f3n, que pueden no ser viables en zonas confinadas o urbanas.<\/h4>\r\n\t\t\t\t<img decoding=\"async\" src=\"https:\/\/www.metaflotech.com\/wp-content\/uploads\/2025\/02\/Energy-Utilities-2.svg\" alt=\"Servicios energ\u00e9ticos 2\" itemprop=\"image\" height=\"1860\" width=\"1712\" title=\"Servicios energ\u00e9ticos 2\" onerror=\"this.style.display='none'\" loading='lazy' \/>\r\n\t\t\t\t<img decoding=\"async\" src=\"https:\/\/www.metaflotech.com\/wp-content\/uploads\/2025\/02\/Energy-Utilities-2.svg\" alt=\"Servicios energ\u00e9ticos 2\" itemprop=\"image\" height=\"1860\" width=\"1712\" title=\"Servicios energ\u00e9ticos 2\" onerror=\"this.style.display='none'\" loading='lazy' \/>\r\n\t<h3><strong>Retrasos en la eliminaci\u00f3n<br \/>\r\n<\/strong><\/h3>\r\n\t\t\t <h4>Los retrasos en las instalaciones de eliminaci\u00f3n debidos a grandes vol\u00famenes o a retrasos en el procesamiento pueden ralentizar los plazos de los proyectos, reduciendo la eficiencia global.<\/h4>\r\n\t\t\t <h4>Los camiones hidrovac deben vaciarse con frecuencia, lo que reduce su disponibilidad.<\/h4>\r\n\t<h3><strong>Reglamento de eliminaci\u00f3n<br \/>\r\n<\/strong><\/h3>\r\n\t\t\t <h4>La eliminaci\u00f3n de residuos de hidrovac est\u00e1 regulada por normas estrictas que exigen un tratamiento o solidificaci\u00f3n adecuados. Su incumplimiento puede acarrear multas y acciones legales.<\/h4>\t\t\r\n\t<h2>\r\n\t\t\tSoluci\u00f3n MetaFLO\t<\/h2>\r\n\t\t\t <h4>Los reactivos de solidificaci\u00f3n y los biopol\u00edmeros no t\u00f3xicos e inertes* solidifican el lodo in situ en cuesti\u00f3n de minutos.<\/h4>\t\t\r\n\t\t\t <h4>Los residuos solidificados pueden superar la prueba de filtro de pintura (PFT) y la prueba de asentamiento.<\/h4>\t\t\r\n\t\t\t <h4>Se reducen los costes de transporte y eliminaci\u00f3n, al tiempo que se mejora la seguridad y el cumplimiento de la normativa.<\/h4>\t\t\r\n\t<p><em>*La clasificaci\u00f3n de los productos puede variar seg\u00fan las jurisdicciones de los distintos pa\u00edses.<\/em><\/p>\r\n\t\t\t\t<img decoding=\"async\" src=\"https:\/\/www.metaflotech.com\/wp-content\/uploads\/2024\/10\/Reagents-Hero.png\" alt=\"Reactivos H\u00e9roe\" itemprop=\"image\" height=\"449\" width=\"800\" onerror=\"this.style.display='none'\" loading='lazy' \/>\r\n\t\t\t\t<a href=\"https:\/\/www.metaflotech.com\/es\/productos\/reactivos-de-solidificacion\/mf003\/\"  target=\"_blank\" rel=\"noopener\"  itemprop=\"url\">\r\n\t\t\t\t<img decoding=\"async\" src=\"https:\/\/www.metaflotech.com\/wp-content\/uploads\/2024\/03\/Logo-MF003.svg\" alt=\"Logo MF003\" itemprop=\"image\" height=\"100\" width=\"100\" title=\"Logo MF003\" onerror=\"this.style.display='none'\" loading='lazy' \/>\r\n\t\t\t\t<\/a>\r\n\t\t\t\t<a href=\"https:\/\/www.metaflotech.com\/es\/productos\/reactivos-de-solidificacion\/mf006\/\"  target=\"_blank\" rel=\"noopener\"  itemprop=\"url\">\r\n\t\t\t\t<img decoding=\"async\" src=\"https:\/\/www.metaflotech.com\/wp-content\/uploads\/2024\/03\/Logo-MF006.svg\" alt=\"Logotipo MF006\" itemprop=\"image\" height=\"100\" width=\"100\" title=\"Logotipo MF006\" onerror=\"this.style.display='none'\" loading='lazy' \/>\r\n\t\t\t\t<\/a>\r\n\t\t\t\t<img decoding=\"async\" src=\"https:\/\/www.metaflotech.com\/wp-content\/uploads\/2025\/02\/Energy-Utilities-4.svg\" alt=\"Servicios energ\u00e9ticos 4\" itemprop=\"image\" height=\"847\" width=\"3838\" title=\"Servicios energ\u00e9ticos 4\" onerror=\"this.style.display='none'\" loading='lazy' \/>\r\n\t\t\t\t<img decoding=\"async\" src=\"https:\/\/www.metaflotech.com\/wp-content\/uploads\/2024\/10\/icon-transport-w.png\" alt=\"icono transporte w\" itemprop=\"image\" height=\"311\" width=\"311\" title=\"icono transporte w\" onerror=\"this.style.display='none'\" loading='lazy' \/>\r\n\t<h3><b>Reducci\u00f3n significativa de los costes de transporte<\/b><\/h3>\r\n\t\t\t\t<img decoding=\"async\" src=\"https:\/\/www.metaflotech.com\/wp-content\/uploads\/2024\/10\/icon-ecology-w.png\" alt=\"icono ecolog\u00eda w\" itemprop=\"image\" height=\"311\" width=\"311\" title=\"icono ecolog\u00eda w\" onerror=\"this.style.display='none'\" loading='lazy' \/>\r\n\t<h3><b>Minimizar los riesgos medioambientales y de seguridad<\/b><\/h3>\r\n\t\t\t\t<img decoding=\"async\" src=\"https:\/\/www.metaflotech.com\/wp-content\/uploads\/2024\/10\/icon-savings-w.png\" alt=\"icono ahorro w\" itemprop=\"image\" height=\"311\" width=\"311\" title=\"icono ahorro w\" onerror=\"this.style.display='none'\" loading='lazy' \/>\r\n\t<h3><b>Gesti\u00f3n sostenible y eficiente de los residuos<\/b><\/h3>","protected":false},"excerpt":{"rendered":"<p>Energy Utilities Challenges Energy utilities require a safe method to uncover underground infrastructure (cables, pipes, conduits, etc.), with HydroVac trucks being the most common solution. However, their use and the subsequent disposal of liquid waste present several challenges across environmental, logistical, operational, and compliance domains. Fleets of these trucks are used every day to support&hellip;<\/p>","protected":false},"author":1,"featured_media":0,"parent":120582,"menu_order":0,"comment_status":"closed","ping_status":"closed","template":"","meta":{"_acf_changed":false,"inline_featured_image":false,"footnotes":""},"class_list":["post-121146","page","type-page","status-publish","hentry"],"acf":[],"yoast_head":"<!-- This site is optimized with the Yoast SEO plugin v27.5 - https:\/\/yoast.com\/product\/yoast-seo-wordpress\/ -->\n<title>HydroVac Slurry Solidification for Energy and Utilities | MetaFLO Technologies<\/title>\n<meta name=\"description\" content=\"MetaFLO solidification reagents rapidly treat hydrovac slurry on-site, reducing hauling, disposal costs and environmental risks.\" \/>\n<meta name=\"robots\" content=\"index, follow, max-snippet:-1, max-image-preview:large, max-video-preview:-1\" \/>\n<link rel=\"canonical\" href=\"https:\/\/www.metaflotech.com\/es\/industrias\/servicios-energeticos\/\" \/>\n<meta property=\"og:locale\" content=\"es_ES\" \/>\n<meta property=\"og:type\" content=\"article\" \/>\n<meta property=\"og:title\" content=\"HydroVac Slurry Solidification for Energy and Utilities | MetaFLO Technologies\" \/>\n<meta property=\"og:description\" content=\"MetaFLO solidification reagents rapidly treat hydrovac slurry on-site, reducing hauling, disposal costs and environmental risks.\" \/>\n<meta property=\"og:url\" content=\"https:\/\/www.metaflotech.com\/es\/industrias\/servicios-energeticos\/\" \/>\n<meta property=\"og:site_name\" content=\"MetaFLO Technologies\" \/>\n<meta property=\"article:publisher\" content=\"https:\/\/www.facebook.com\/MetaFLOTechnologies\/\" \/>\n<meta property=\"article:modified_time\" content=\"2026-03-12T13:17:13+00:00\" \/>\n<meta property=\"og:image\" content=\"https:\/\/www.metaflotech.com\/wp-content\/uploads\/2025\/02\/Energy-Utilities-1.svg\" \/>\n<meta name=\"twitter:card\" content=\"summary_large_image\" \/>\n<meta name=\"twitter:site\" content=\"@metaflo\" \/>\n<meta name=\"twitter:label1\" content=\"Tiempo de lectura\" \/>\n\t<meta name=\"twitter:data1\" content=\"4 minutos\" \/>\n<script type=\"application\/ld+json\" class=\"yoast-schema-graph\">{\"@context\":\"https:\\\/\\\/schema.org\",\"@graph\":[{\"@type\":\"WebPage\",\"@id\":\"https:\\\/\\\/www.metaflotech.com\\\/es\\\/industries\\\/energy-utilities\\\/\",\"url\":\"https:\\\/\\\/www.metaflotech.com\\\/es\\\/industries\\\/energy-utilities\\\/\",\"name\":\"HydroVac Slurry Solidification for Energy and Utilities | MetaFLO Technologies\",\"isPartOf\":{\"@id\":\"https:\\\/\\\/www.metaflotech.com\\\/es\\\/#website\"},\"primaryImageOfPage\":{\"@id\":\"https:\\\/\\\/www.metaflotech.com\\\/es\\\/industries\\\/energy-utilities\\\/#primaryimage\"},\"image\":{\"@id\":\"https:\\\/\\\/www.metaflotech.com\\\/es\\\/industries\\\/energy-utilities\\\/#primaryimage\"},\"thumbnailUrl\":\"https:\\\/\\\/www.metaflotech.com\\\/wp-content\\\/uploads\\\/2025\\\/02\\\/Energy-Utilities-1.svg\",\"datePublished\":\"2024-12-25T11:28:41+00:00\",\"dateModified\":\"2026-03-12T13:17:13+00:00\",\"description\":\"MetaFLO solidification reagents rapidly treat hydrovac slurry on-site, reducing hauling, disposal costs and environmental risks.\",\"breadcrumb\":{\"@id\":\"https:\\\/\\\/www.metaflotech.com\\\/es\\\/industries\\\/energy-utilities\\\/#breadcrumb\"},\"inLanguage\":\"es\",\"potentialAction\":[{\"@type\":\"ReadAction\",\"target\":[\"https:\\\/\\\/www.metaflotech.com\\\/es\\\/industries\\\/energy-utilities\\\/\"]}]},{\"@type\":\"ImageObject\",\"inLanguage\":\"es\",\"@id\":\"https:\\\/\\\/www.metaflotech.com\\\/es\\\/industries\\\/energy-utilities\\\/#primaryimage\",\"url\":\"https:\\\/\\\/www.metaflotech.com\\\/wp-content\\\/uploads\\\/2025\\\/02\\\/Energy-Utilities-1.svg\",\"contentUrl\":\"https:\\\/\\\/www.metaflotech.com\\\/wp-content\\\/uploads\\\/2025\\\/02\\\/Energy-Utilities-1.svg\"},{\"@type\":\"BreadcrumbList\",\"@id\":\"https:\\\/\\\/www.metaflotech.com\\\/es\\\/industries\\\/energy-utilities\\\/#breadcrumb\",\"itemListElement\":[{\"@type\":\"ListItem\",\"position\":1,\"name\":\"Home\",\"item\":\"https:\\\/\\\/www.metaflotech.com\\\/\"},{\"@type\":\"ListItem\",\"position\":2,\"name\":\"Industries\",\"item\":\"https:\\\/\\\/www.metaflotech.com\\\/industries\\\/\"},{\"@type\":\"ListItem\",\"position\":3,\"name\":\"HydroVac Slurry Solidification for Energy and Utilities\"}]},{\"@type\":\"WebSite\",\"@id\":\"https:\\\/\\\/www.metaflotech.com\\\/es\\\/#website\",\"url\":\"https:\\\/\\\/www.metaflotech.com\\\/es\\\/\",\"name\":\"MetaFLO Technologies\",\"description\":\"Engineered Polymer Solutions For Industrial Applications\",\"potentialAction\":[{\"@type\":\"SearchAction\",\"target\":{\"@type\":\"EntryPoint\",\"urlTemplate\":\"https:\\\/\\\/www.metaflotech.com\\\/es\\\/?s={search_term_string}\"},\"query-input\":{\"@type\":\"PropertyValueSpecification\",\"valueRequired\":true,\"valueName\":\"search_term_string\"}}],\"inLanguage\":\"es\"}]}<\/script>\n<!-- \/ Yoast SEO plugin. -->","yoast_head_json":{"title":"HydroVac Slurry Solidification for Energy and Utilities | MetaFLO Technologies","description":"MetaFLO solidification reagents rapidly treat hydrovac slurry on-site, reducing hauling, disposal costs and environmental risks.","robots":{"index":"index","follow":"follow","max-snippet":"max-snippet:-1","max-image-preview":"max-image-preview:large","max-video-preview":"max-video-preview:-1"},"canonical":"https:\/\/www.metaflotech.com\/es\/industrias\/servicios-energeticos\/","og_locale":"es_ES","og_type":"article","og_title":"HydroVac Slurry Solidification for Energy and Utilities | MetaFLO Technologies","og_description":"MetaFLO solidification reagents rapidly treat hydrovac slurry on-site, reducing hauling, disposal costs and environmental risks.","og_url":"https:\/\/www.metaflotech.com\/es\/industrias\/servicios-energeticos\/","og_site_name":"MetaFLO Technologies","article_publisher":"https:\/\/www.facebook.com\/MetaFLOTechnologies\/","article_modified_time":"2026-03-12T13:17:13+00:00","og_image":[{"url":"https:\/\/www.metaflotech.com\/wp-content\/uploads\/2025\/02\/Energy-Utilities-1.svg","type":"","width":"","height":""}],"twitter_card":"summary_large_image","twitter_site":"@metaflo","twitter_misc":{"Tiempo de lectura":"4 minutos"},"schema":{"@context":"https:\/\/schema.org","@graph":[{"@type":"WebPage","@id":"https:\/\/www.metaflotech.com\/es\/industries\/energy-utilities\/","url":"https:\/\/www.metaflotech.com\/es\/industries\/energy-utilities\/","name":"HydroVac Slurry Solidification for Energy and Utilities | MetaFLO Technologies","isPartOf":{"@id":"https:\/\/www.metaflotech.com\/es\/#website"},"primaryImageOfPage":{"@id":"https:\/\/www.metaflotech.com\/es\/industries\/energy-utilities\/#primaryimage"},"image":{"@id":"https:\/\/www.metaflotech.com\/es\/industries\/energy-utilities\/#primaryimage"},"thumbnailUrl":"https:\/\/www.metaflotech.com\/wp-content\/uploads\/2025\/02\/Energy-Utilities-1.svg","datePublished":"2024-12-25T11:28:41+00:00","dateModified":"2026-03-12T13:17:13+00:00","description":"MetaFLO solidification reagents rapidly treat hydrovac slurry on-site, reducing hauling, disposal costs and environmental risks.","breadcrumb":{"@id":"https:\/\/www.metaflotech.com\/es\/industries\/energy-utilities\/#breadcrumb"},"inLanguage":"es","potentialAction":[{"@type":"ReadAction","target":["https:\/\/www.metaflotech.com\/es\/industries\/energy-utilities\/"]}]},{"@type":"ImageObject","inLanguage":"es","@id":"https:\/\/www.metaflotech.com\/es\/industries\/energy-utilities\/#primaryimage","url":"https:\/\/www.metaflotech.com\/wp-content\/uploads\/2025\/02\/Energy-Utilities-1.svg","contentUrl":"https:\/\/www.metaflotech.com\/wp-content\/uploads\/2025\/02\/Energy-Utilities-1.svg"},{"@type":"BreadcrumbList","@id":"https:\/\/www.metaflotech.com\/es\/industries\/energy-utilities\/#breadcrumb","itemListElement":[{"@type":"ListItem","position":1,"name":"Home","item":"https:\/\/www.metaflotech.com\/"},{"@type":"ListItem","position":2,"name":"Industries","item":"https:\/\/www.metaflotech.com\/industries\/"},{"@type":"ListItem","position":3,"name":"HydroVac Slurry Solidification for Energy and Utilities"}]},{"@type":"WebSite","@id":"https:\/\/www.metaflotech.com\/es\/#website","url":"https:\/\/www.metaflotech.com\/es\/","name":"Tecnolog\u00edas MetaFLO","description":"Soluciones de pol\u00edmeros para aplicaciones industriales","potentialAction":[{"@type":"SearchAction","target":{"@type":"EntryPoint","urlTemplate":"https:\/\/www.metaflotech.com\/es\/?s={search_term_string}"},"query-input":{"@type":"PropertyValueSpecification","valueRequired":true,"valueName":"search_term_string"}}],"inLanguage":"es"}]}},"_links":{"self":[{"href":"https:\/\/www.metaflotech.com\/es\/wp-json\/wp\/v2\/pages\/121146","targetHints":{"allow":["GET"]}}],"collection":[{"href":"https:\/\/www.metaflotech.com\/es\/wp-json\/wp\/v2\/pages"}],"about":[{"href":"https:\/\/www.metaflotech.com\/es\/wp-json\/wp\/v2\/types\/page"}],"author":[{"embeddable":true,"href":"https:\/\/www.metaflotech.com\/es\/wp-json\/wp\/v2\/users\/1"}],"replies":[{"embeddable":true,"href":"https:\/\/www.metaflotech.com\/es\/wp-json\/wp\/v2\/comments?post=121146"}],"version-history":[{"count":0,"href":"https:\/\/www.metaflotech.com\/es\/wp-json\/wp\/v2\/pages\/121146\/revisions"}],"up":[{"embeddable":true,"href":"https:\/\/www.metaflotech.com\/es\/wp-json\/wp\/v2\/pages\/120582"}],"wp:attachment":[{"href":"https:\/\/www.metaflotech.com\/es\/wp-json\/wp\/v2\/media?parent=121146"}],"curies":[{"name":"wp","href":"https:\/\/api.w.org\/{rel}","templated":true}]}}