{"id":73455,"date":"2021-04-23T15:26:18","date_gmt":"2021-04-23T15:26:18","guid":{"rendered":"https:\/\/metaflotech.com\/?page_id=73455"},"modified":"2025-11-22T07:54:15","modified_gmt":"2025-11-22T07:54:15","slug":"que-es-el-reactivo-de-solidificacion-metaflo","status":"publish","type":"page","link":"https:\/\/www.metaflotech.com\/es\/what-is-metaflo-solidification-reagent\/","title":{"rendered":"Qu\u00e9 es MetaFLO"},"content":{"rendered":"<h1>\n\t\t\t\u00bfQu\u00e9 es MetaFLO?\t<\/h1>\n<h2>\n\t\t\tReactivo de solidificaci\u00f3n\t<\/h2>\n<h3>\n\t\t\tTransformaci\u00f3n de residuos l\u00edquidos en s\u00f3lidos apilables\t<\/h3>\n\t\t<iframe loading=\"lazy\" width=\"560\" height=\"315\" src=\"https:\/\/www.youtube.com\/embed\/WlS27JOvtbg\" title=\"Understanding Solidification - MetaFLO Technologies\" frameborder=\"0\" allow=\"accelerometer; autoplay; clipboard-write; encrypted-media; gyroscope; picture-in-picture\" allowfullscreen><\/iframe>\t\n\t<p>Los reactivos MetaFLO convierten los residuos l\u00edquidos en s\u00f3lidos apilables en tiempo real, a\u00f1adiendo s\u00f3lo <strong>1\/2 de 1% <\/strong>del volumen de residuos l\u00edquidos. MetaFLO, un reactivo qu\u00edmico patentado, sustituye la necesidad de muchas alternativas comunes y m\u00e1s costosas como el cemento Portland, serr\u00edn, cal, cenizas volantes y otros, ofreci\u00e9ndole una forma f\u00e1cil, r\u00e1pida y respetuosa con el medio ambiente de gestionar sus flujos de residuos l\u00edquidos.<\/p>\n\t<p>MetaFLO&#8217;s proprietary reagent formula solidifies liquid waste in minutes while only increasing overall waste by &lt;1%, typically a lot lower, making it easier, more efficient and less costly to dispose.<\/p>\n<h3><strong>Por qu\u00e9 utilizar MetaFLO<\/strong><\/h3>\n<ul>\n<li>MetaFLO reagents are fast &#8211; Immediately converts liquid waste to a solid in minutes.<\/li>\n<li>MetaFLO reagents are easy &#8211; Creates a dry, stackable solid for easy handling.<\/li>\n<li>MetaFLO tiene un factor de aumento de volumen de s\u00f3lo 100% y a veces &gt;200%.<\/li>\n<li>Los reactivos MetaFLO son mejores para el medio ambiente que las enmiendas convencionales.<\/li>\n<li>Ayuda a que los residuos superen el procedimiento de lixiviaci\u00f3n de toxicidad caracter\u00edstica (m\u00e9todo 1311 de la EPA).<\/li>\n<li>Ayuda a que los residuos pasen los criterios del filtro de pintura (EPA 9095).<\/li>\n<li>Apto para vertederos y no biodegradable.<\/li>\n<\/ul>\n<h3><strong>Una soluci\u00f3n s\u00f3lida<\/strong><\/h3>\n<p>MetaFLO&#8217;s proprietary reagent chemistry, when combined with existing industry standard mechanical mixing technologies, turn liquid waste into a manageable solid in real-time, on site.<\/p>\n<h3><strong>\u00bfC\u00f3mo funciona MetaFLO?<\/strong><\/h3>\n<p>MetaFLO reagents work in a variety of applications where liquid waste is produced from pipeline, infrastructure construction, boring, tunneling, micro-tunneling, hydro excavation and horizontal directional drilling (HDD). The reagents also work well in the solidification of municipal wastewater sediment and storm water settling pond sediment, liquid transfer station sludge and more. In a large-scale construction project, for example, we isolated the produced bored out slurry &#8211; a combination of mud, water and other sub-soil debris elements &#8211; and applied a minimal dose of MetaFLO&#8217;s reagent. The result? Within minutes you have solid, stackable material waste ready for disposal using conventional dump trucks that reduce costs and time required for disposal.<\/p>\n\t\t\t\t<img decoding=\"async\" src=\"https:\/\/www.metaflotech.com\/wp-content\/uploads\/2024\/12\/MetaFLO-reagent-directional-drilling-liquid-waste-solidification-EN.webp\" alt=\"Reactivo MetaFLO solidificaci\u00f3n de residuos l\u00edquidos de perforaci\u00f3n direccional - ES\" itemprop=\"image\" height=\"516\" width=\"1054\" title=\"Reactivo MetaFLO solidificaci\u00f3n de residuos l\u00edquidos de perforaci\u00f3n direccional - ES\" onerror=\"this.style.display='none'\" loading=\"lazy\" \/>\n\t\t\t\t<img decoding=\"async\" src=\"https:\/\/www.metaflotech.com\/wp-content\/uploads\/2024\/12\/MetaFLO-reagent-directional-drilling-liquid-waste-solidification-Steps-EN.webp\" alt=\"Reactivo MetaFLO solidificaci\u00f3n de residuos l\u00edquidos de perforaci\u00f3n direccional Pasos - ES\" itemprop=\"image\" height=\"262\" width=\"1018\" title=\"Reactivo MetaFLO solidificaci\u00f3n de residuos l\u00edquidos de perforaci\u00f3n direccional Pasos - ES\" onerror=\"this.style.display='none'\" loading=\"lazy\" \/>\n\t\t<iframe loading=\"lazy\" width=\"560\" height=\"315\" src=\"https:\/\/www.youtube.com\/embed\/K7BlhvqGN-E\" title=\"Patented Solidification Process Demonstration - MetaFLO Technologies\" frameborder=\"0\" allow=\"accelerometer; autoplay; clipboard-write; encrypted-media; gyroscope; picture-in-picture\" allowfullscreen><\/iframe>\t\n\t<h3><strong>Tan f\u00e1cil como 1-2-3:<\/strong><\/h3>\n<ol>\n<li>Los residuos l\u00edquidos se han recogido en un estanque, dep\u00f3sito, etc.<\/li>\n<li>Se a\u00f1ade el reactivo de solidificaci\u00f3n<\/li>\n<li>El l\u00edquido se solidifica en minutos y est\u00e1 listo para su eliminaci\u00f3n.<\/li>\n<\/ol>\n\t<h1><strong>Nuestros reactivos<\/strong><\/h1>\n<p>MetaFLO&#8217;s reagents turn industrial liquid waste streams into solids in minutes. By simply adding a minimal dosage of MetaFLO&#8217;s proprietary formulations to industrial liquid waste-from processes like HDD, drilling, boring, tunneling, micro-tunneling and hydro excavations-these reagents absorb excess water and immobilize any contaminants.<\/p>\n<p>All MetaFLO solidification products are environmentally safe, and are applied to help meet environmental solids criteria for wet spoils. The solidified material will also immobilize metals and hydrocarbons and can safely be transported to landfill directly from the generator site-or can be applied at liquid transfer stations prior to disposal.<\/p>\n<p>MetaFLO produce reactivos para muchas aplicaciones diferentes, y tambi\u00e9n podemos dise\u00f1ar una mezcla de reactivos espec\u00edfica para su flujo de residuos. P\u00f3ngase en contacto con nosotros para m\u00e1s detalles.<\/p>\n\t\t\t\t<a href=\"https:\/\/www.metaflotech.com\/es\/que-es-el-reactivo-de-solidificacion-metaflo\/\"  target=\"_self\" itemprop=\"url\">\n\t\t\t\t<img decoding=\"async\" src=\"https:\/\/www.metaflotech.com\/wp-content\/uploads\/2021\/03\/What-150px.png\" alt=\"Qu\u00e9 es MetaFLO\" itemprop=\"image\" height=\"150\" width=\"150\" title=\"Qu\u00e9-150px\" onerror=\"this.style.display='none'\" loading=\"lazy\" \/>\n\t\t\t\t<\/a>\n\t\t\t\t<a href=\"https:\/\/www.metaflotech.com\/es\/como-funciona-metaflo\/\"  target=\"_self\" itemprop=\"url\">\n\t\t\t\t<img decoding=\"async\" src=\"https:\/\/www.metaflotech.com\/wp-content\/uploads\/2021\/03\/When-150px.png\" alt=\"Cu\u00e1ndo utilizar MetaFLO\" itemprop=\"image\" height=\"150\" width=\"150\" title=\"Cuando-150px\" onerror=\"this.style.display='none'\" loading=\"lazy\" \/>\n\t\t\t\t<\/a>\n\t\t\t\t<a href=\"https:\/\/www.metaflotech.com\/es\/por-que-elegir-metaflo-para-la-gestion-de-residuos-liquidos\/\"  target=\"_self\" itemprop=\"url\">\n\t\t\t\t<img decoding=\"async\" src=\"https:\/\/www.metaflotech.com\/wp-content\/uploads\/2021\/03\/Why-150px.png\" alt=\"Por qu\u00e9 elegir MetaFLO\" itemprop=\"image\" height=\"150\" width=\"150\" title=\"Por qu\u00e9-150px\" onerror=\"this.style.display='none'\" loading=\"lazy\" \/>\n\t\t\t\t<\/a>","protected":false},"excerpt":{"rendered":"<p>What is MetaFLO? Solidification reagent Turning liquid waste into stackable solid MetaFLO reagents turn liquid waste into a stackable solid in real time while adding only 1\/2 of 1% of the liquid waste volume. A proprietary reagent chemistry, MetaFLO reagents replace the need for many common and more costly alternatives like Portland cement, sawdust, lime,&hellip;<\/p>","protected":false},"author":1,"featured_media":0,"parent":0,"menu_order":0,"comment_status":"closed","ping_status":"closed","template":"","meta":{"_acf_changed":false,"inline_featured_image":false,"footnotes":""},"class_list":["post-73455","page","type-page","status-publish","hentry"],"acf":[],"yoast_head":"<!-- This site is optimized with the Yoast SEO plugin v27.4 - https:\/\/yoast.com\/product\/yoast-seo-wordpress\/ -->\n<title>What is MetaFLO | MetaFLO Technologies<\/title>\n<meta name=\"description\" content=\"MetaFLO solidification reagents for liquid waste create a stackable solid in real time. Easy liquid waste disposal.\" \/>\n<meta name=\"robots\" content=\"index, follow, max-snippet:-1, max-image-preview:large, max-video-preview:-1\" \/>\n<link rel=\"canonical\" href=\"https:\/\/www.metaflotech.com\/es\/que-es-el-reactivo-de-solidificacion-metaflo\/\" \/>\n<meta property=\"og:locale\" content=\"es_ES\" \/>\n<meta property=\"og:type\" content=\"article\" \/>\n<meta property=\"og:title\" content=\"What is MetaFLO | MetaFLO Technologies\" \/>\n<meta property=\"og:description\" content=\"MetaFLO solidification reagents for liquid waste create a stackable solid in real time. Easy liquid waste disposal.\" \/>\n<meta property=\"og:url\" content=\"https:\/\/www.metaflotech.com\/es\/que-es-el-reactivo-de-solidificacion-metaflo\/\" \/>\n<meta property=\"og:site_name\" content=\"MetaFLO Technologies\" \/>\n<meta property=\"article:publisher\" content=\"https:\/\/www.facebook.com\/MetaFLOTechnologies\/\" \/>\n<meta property=\"article:modified_time\" content=\"2025-11-22T07:54:15+00:00\" \/>\n<meta property=\"og:image\" content=\"https:\/\/www.metaflotech.com\/wp-content\/uploads\/2024\/12\/MetaFLO-reagent-directional-drilling-liquid-waste-solidification-EN.webp\" \/>\n<meta name=\"twitter:card\" content=\"summary_large_image\" \/>\n<meta name=\"twitter:site\" content=\"@metaflo\" \/>\n<meta name=\"twitter:label1\" content=\"Tiempo de lectura\" \/>\n\t<meta name=\"twitter:data1\" content=\"3 minutos\" \/>\n<script type=\"application\/ld+json\" class=\"yoast-schema-graph\">{\"@context\":\"https:\\\/\\\/schema.org\",\"@graph\":[{\"@type\":\"WebPage\",\"@id\":\"https:\\\/\\\/www.metaflotech.com\\\/es\\\/what-is-metaflo-solidification-reagent\\\/\",\"url\":\"https:\\\/\\\/www.metaflotech.com\\\/es\\\/what-is-metaflo-solidification-reagent\\\/\",\"name\":\"What is MetaFLO | MetaFLO Technologies\",\"isPartOf\":{\"@id\":\"https:\\\/\\\/www.metaflotech.com\\\/es\\\/#website\"},\"primaryImageOfPage\":{\"@id\":\"https:\\\/\\\/www.metaflotech.com\\\/es\\\/what-is-metaflo-solidification-reagent\\\/#primaryimage\"},\"image\":{\"@id\":\"https:\\\/\\\/www.metaflotech.com\\\/es\\\/what-is-metaflo-solidification-reagent\\\/#primaryimage\"},\"thumbnailUrl\":\"https:\\\/\\\/www.metaflotech.com\\\/wp-content\\\/uploads\\\/2024\\\/12\\\/MetaFLO-reagent-directional-drilling-liquid-waste-solidification-EN.webp\",\"datePublished\":\"2021-04-23T15:26:18+00:00\",\"dateModified\":\"2025-11-22T07:54:15+00:00\",\"description\":\"MetaFLO solidification reagents for liquid waste create a stackable solid in real time. Easy liquid waste disposal.\",\"breadcrumb\":{\"@id\":\"https:\\\/\\\/www.metaflotech.com\\\/es\\\/what-is-metaflo-solidification-reagent\\\/#breadcrumb\"},\"inLanguage\":\"es\",\"potentialAction\":[{\"@type\":\"ReadAction\",\"target\":[\"https:\\\/\\\/www.metaflotech.com\\\/es\\\/what-is-metaflo-solidification-reagent\\\/\"]}]},{\"@type\":\"ImageObject\",\"inLanguage\":\"es\",\"@id\":\"https:\\\/\\\/www.metaflotech.com\\\/es\\\/what-is-metaflo-solidification-reagent\\\/#primaryimage\",\"url\":\"https:\\\/\\\/www.metaflotech.com\\\/wp-content\\\/uploads\\\/2024\\\/12\\\/MetaFLO-reagent-directional-drilling-liquid-waste-solidification-EN.webp\",\"contentUrl\":\"https:\\\/\\\/www.metaflotech.com\\\/wp-content\\\/uploads\\\/2024\\\/12\\\/MetaFLO-reagent-directional-drilling-liquid-waste-solidification-EN.webp\"},{\"@type\":\"BreadcrumbList\",\"@id\":\"https:\\\/\\\/www.metaflotech.com\\\/es\\\/what-is-metaflo-solidification-reagent\\\/#breadcrumb\",\"itemListElement\":[{\"@type\":\"ListItem\",\"position\":1,\"name\":\"Home\",\"item\":\"https:\\\/\\\/www.metaflotech.com\\\/\"},{\"@type\":\"ListItem\",\"position\":2,\"name\":\"What is MetaFLO\"}]},{\"@type\":\"WebSite\",\"@id\":\"https:\\\/\\\/www.metaflotech.com\\\/es\\\/#website\",\"url\":\"https:\\\/\\\/www.metaflotech.com\\\/es\\\/\",\"name\":\"MetaFLO Technologies\",\"description\":\"Engineered Polymer Solutions For Industrial Applications\",\"potentialAction\":[{\"@type\":\"SearchAction\",\"target\":{\"@type\":\"EntryPoint\",\"urlTemplate\":\"https:\\\/\\\/www.metaflotech.com\\\/es\\\/?s={search_term_string}\"},\"query-input\":{\"@type\":\"PropertyValueSpecification\",\"valueRequired\":true,\"valueName\":\"search_term_string\"}}],\"inLanguage\":\"es\"}]}<\/script>\n<!-- \/ Yoast SEO plugin. -->","yoast_head_json":{"title":"What is MetaFLO | MetaFLO Technologies","description":"Los reactivos de solidificaci\u00f3n MetaFLO para residuos l\u00edquidos crean un s\u00f3lido apilable en tiempo real. F\u00e1cil eliminaci\u00f3n de residuos l\u00edquidos.","robots":{"index":"index","follow":"follow","max-snippet":"max-snippet:-1","max-image-preview":"max-image-preview:large","max-video-preview":"max-video-preview:-1"},"canonical":"https:\/\/www.metaflotech.com\/es\/que-es-el-reactivo-de-solidificacion-metaflo\/","og_locale":"es_ES","og_type":"article","og_title":"What is MetaFLO | MetaFLO Technologies","og_description":"MetaFLO solidification reagents for liquid waste create a stackable solid in real time. Easy liquid waste disposal.","og_url":"https:\/\/www.metaflotech.com\/es\/que-es-el-reactivo-de-solidificacion-metaflo\/","og_site_name":"MetaFLO Technologies","article_publisher":"https:\/\/www.facebook.com\/MetaFLOTechnologies\/","article_modified_time":"2025-11-22T07:54:15+00:00","og_image":[{"url":"https:\/\/www.metaflotech.com\/wp-content\/uploads\/2024\/12\/MetaFLO-reagent-directional-drilling-liquid-waste-solidification-EN.webp","type":"","width":"","height":""}],"twitter_card":"summary_large_image","twitter_site":"@metaflo","twitter_misc":{"Tiempo de lectura":"3 minutos"},"schema":{"@context":"https:\/\/schema.org","@graph":[{"@type":"WebPage","@id":"https:\/\/www.metaflotech.com\/es\/what-is-metaflo-solidification-reagent\/","url":"https:\/\/www.metaflotech.com\/es\/what-is-metaflo-solidification-reagent\/","name":"What is MetaFLO | MetaFLO Technologies","isPartOf":{"@id":"https:\/\/www.metaflotech.com\/es\/#website"},"primaryImageOfPage":{"@id":"https:\/\/www.metaflotech.com\/es\/what-is-metaflo-solidification-reagent\/#primaryimage"},"image":{"@id":"https:\/\/www.metaflotech.com\/es\/what-is-metaflo-solidification-reagent\/#primaryimage"},"thumbnailUrl":"https:\/\/www.metaflotech.com\/wp-content\/uploads\/2024\/12\/MetaFLO-reagent-directional-drilling-liquid-waste-solidification-EN.webp","datePublished":"2021-04-23T15:26:18+00:00","dateModified":"2025-11-22T07:54:15+00:00","description":"Los reactivos de solidificaci\u00f3n MetaFLO para residuos l\u00edquidos crean un s\u00f3lido apilable en tiempo real. F\u00e1cil eliminaci\u00f3n de residuos l\u00edquidos.","breadcrumb":{"@id":"https:\/\/www.metaflotech.com\/es\/what-is-metaflo-solidification-reagent\/#breadcrumb"},"inLanguage":"es","potentialAction":[{"@type":"ReadAction","target":["https:\/\/www.metaflotech.com\/es\/what-is-metaflo-solidification-reagent\/"]}]},{"@type":"ImageObject","inLanguage":"es","@id":"https:\/\/www.metaflotech.com\/es\/what-is-metaflo-solidification-reagent\/#primaryimage","url":"https:\/\/www.metaflotech.com\/wp-content\/uploads\/2024\/12\/MetaFLO-reagent-directional-drilling-liquid-waste-solidification-EN.webp","contentUrl":"https:\/\/www.metaflotech.com\/wp-content\/uploads\/2024\/12\/MetaFLO-reagent-directional-drilling-liquid-waste-solidification-EN.webp"},{"@type":"BreadcrumbList","@id":"https:\/\/www.metaflotech.com\/es\/what-is-metaflo-solidification-reagent\/#breadcrumb","itemListElement":[{"@type":"ListItem","position":1,"name":"Home","item":"https:\/\/www.metaflotech.com\/"},{"@type":"ListItem","position":2,"name":"What is MetaFLO"}]},{"@type":"WebSite","@id":"https:\/\/www.metaflotech.com\/es\/#website","url":"https:\/\/www.metaflotech.com\/es\/","name":"Tecnolog\u00edas MetaFLO","description":"Soluciones de pol\u00edmeros para aplicaciones industriales","potentialAction":[{"@type":"SearchAction","target":{"@type":"EntryPoint","urlTemplate":"https:\/\/www.metaflotech.com\/es\/?s={search_term_string}"},"query-input":{"@type":"PropertyValueSpecification","valueRequired":true,"valueName":"search_term_string"}}],"inLanguage":"es"}]}},"_links":{"self":[{"href":"https:\/\/www.metaflotech.com\/es\/wp-json\/wp\/v2\/pages\/73455","targetHints":{"allow":["GET"]}}],"collection":[{"href":"https:\/\/www.metaflotech.com\/es\/wp-json\/wp\/v2\/pages"}],"about":[{"href":"https:\/\/www.metaflotech.com\/es\/wp-json\/wp\/v2\/types\/page"}],"author":[{"embeddable":true,"href":"https:\/\/www.metaflotech.com\/es\/wp-json\/wp\/v2\/users\/1"}],"replies":[{"embeddable":true,"href":"https:\/\/www.metaflotech.com\/es\/wp-json\/wp\/v2\/comments?post=73455"}],"version-history":[{"count":0,"href":"https:\/\/www.metaflotech.com\/es\/wp-json\/wp\/v2\/pages\/73455\/revisions"}],"wp:attachment":[{"href":"https:\/\/www.metaflotech.com\/es\/wp-json\/wp\/v2\/media?parent=73455"}],"curies":[{"name":"wp","href":"https:\/\/api.w.org\/{rel}","templated":true}]}}