{"id":73472,"date":"2021-04-23T15:58:22","date_gmt":"2021-04-23T15:58:22","guid":{"rendered":"https:\/\/metaflotech.com\/?page_id=73472"},"modified":"2025-11-22T07:57:37","modified_gmt":"2025-11-22T07:57:37","slug":"como-funciona-metaflo","status":"publish","type":"page","link":"https:\/\/www.metaflotech.com\/es\/how-metaflo-works\/","title":{"rendered":"C\u00f3mo funciona MetaFLO"},"content":{"rendered":"<h1>\n\t\t\tCu\u00e1ndo y c\u00f3mo funciona MetaFLO\t<\/h1>\n<h2>\n\t\t\tReactivo de solidificaci\u00f3n\t<\/h2>\n<h3>\n\t\t\tTransformaci\u00f3n de residuos l\u00edquidos en s\u00f3lidos apilables\t<\/h3>\n\t\t<iframe loading=\"lazy\" width=\"1120\" height=\"630\" src=\"https:\/\/www.youtube.com\/embed\/K7BlhvqGN-E\" title=\"Patented Solidification Process Demonstration - MetaFLO Technologies\" frameborder=\"0\" allow=\"accelerometer; autoplay; clipboard-write; encrypted-media; gyroscope; picture-in-picture\" allowfullscreen><\/iframe>\t\n<h2>\n\t\t\tSolidifique residuos l\u00edquidos en minutos:  C\u00f3mo funciona MetaFLO \t<\/h2>\n\t<p>Los reactivos MetaFLO convierten los residuos l\u00edquidos en s\u00f3lidos manejables en tiempo real, in situ y en cuesti\u00f3n de minutos, en 4 sencillos pasos:<\/p>\n<ol>\n<li>Residuos l\u00edquidos recogidos en un estanque, dep\u00f3sito, etc.<\/li>\n<li>El fluido se agita con el equipo de mezcla existente mientras se a\u00f1ade nuestro reactivo de solidificaci\u00f3n<\/li>\n<li>El l\u00edquido se solidifica en minutos<\/li>\n<li>Listo para su eliminaci\u00f3n<\/li>\n<\/ol>\n\t\t\t\t<img decoding=\"async\" src=\"https:\/\/www.metaflotech.com\/wp-content\/uploads\/2024\/12\/MetaFLO-reagent-directional-drilling-liquid-waste-solidification-Steps-EN.webp\" alt=\"Reactivo MetaFLO solidificaci\u00f3n de residuos l\u00edquidos de perforaci\u00f3n direccional Pasos - ES\" itemprop=\"image\" height=\"262\" width=\"1018\" title=\"Reactivo MetaFLO solidificaci\u00f3n de residuos l\u00edquidos de perforaci\u00f3n direccional Pasos - ES\" onerror=\"this.style.display='none'\" loading=\"lazy\" \/>\n<h2>\n\t\t\tTestimonio\t<\/h2>\n\t<p>&#8220;First and Foremost I would like to thank you for all your help , support and technical advice during the Block Island Project . Your product was a great tool in the management of drilling spoils on our project. We have completed the drilling process in block island and are planning on mobilizing to our next drilling project. Once again many Thanks.&#8221;<\/p>\n<p><em><strong>John Diffley, Proyecto de parque e\u00f3lico de Block Island<\/strong><\/em><\/p>\n<h2>\n\t\t\t\u00bfD\u00f3nde y cu\u00e1ndo utilizar los reactivos MetaFLO? Aplicaciones de uso\t<\/h2>\n\t<p>Los reactivos de solidificaci\u00f3n MetaFLO tienen una amplia aplicaci\u00f3n en muchas industrias, incluyendo infraestructuras de servicios p\u00fablicos, construcci\u00f3n de oleoductos y gasoductos, construcci\u00f3n de infraestructuras en general, as\u00ed como aplicaciones de aguas residuales y pluviales. Cualquier aplicaci\u00f3n en la que los m\u00e9todos generen residuos l\u00edquidos, lodos y fangos, como la perforaci\u00f3n horizontal dirigida (HDD), la excavaci\u00f3n de t\u00faneles, la perforaci\u00f3n de pozos, la microtunelaci\u00f3n o la hidroexcavaci\u00f3n, son ideales para los reactivos MetaFLO.<\/p>\n<h2>\n\t\t\tNuestros productos\t<\/h2>\n\t<p>Los reactivos de solidificaci\u00f3n MetaFLO utilizan una mezcla de ingredientes patentados para demostrar ser los reactivos m\u00e1s eficaces disponibles para el tratamiento en diversas aplicaciones.<\/p>\n<p><strong>MF003:<\/strong> Ideal para la solidificaci\u00f3n de varios flujos de residuos l\u00edquidos; dise\u00f1ado para solidificar residuos l\u00edquidos para cumplir con la Prueba de Filtro de Pintura (PFT).\u00a0 <a href=\"\/es\/productos\/mf003\/\" target=\"_blank\" rel=\"noopener\">M\u00e1s informaci\u00f3n<\/a><\/p>\n<p><strong>MF006<\/strong>: Ideal for solidification of water-based semi solids &#8211; such as drill cuttings, hydro-excavation materials, mining waste, municipal waste, storm water lagoons. <a href=\"\/es\/productos\/mf006\/\" target=\"_blank\" rel=\"noopener\">M\u00e1s informaci\u00f3n<\/a><\/p>\n<p><strong>MF008:<\/strong> Ideal for oil and gas applications &#8211; such as invert or OBM cuttings, brine-based cuttings. <a href=\"\/es\/productos\/mf008\/\" target=\"_blank\" rel=\"noopener\">M\u00e1s informaci\u00f3n<\/a><\/p>\n<h3>\n\t\t\tSoluciones personalizadas MetaFLO para satisfacer sus necesidades\t<\/h3>\n\t<p>Perm\u00edtanos ayudarle a determinar la soluci\u00f3n MetaFLO m\u00e1s adecuada para usted.<\/p>\n\t<h1><strong>Nuestros reactivos<\/strong><\/h1>\n<p>MetaFLO&#8217;s reagents turn industrial liquid waste streams into solids in minutes. By simply adding a minimal dosage of MetaFLO&#8217;s proprietary formulations to industrial liquid waste-from processes like HDD, drilling, boring, tunneling, micro-tunneling and hydro excavations-these reagents absorb excess water and immobilize any contaminants.<\/p>\n<p>All MetaFLO solidification products are environmentally safe, and are applied to help meet environmental solids criteria for wet spoils. The solidified material will also immobilize metals and hydrocarbons and can safely be transported to landfill directly from the generator site-or can be applied at liquid transfer stations prior to disposal.<\/p>\n<p>MetaFLO produce reactivos para muchas aplicaciones diferentes, y tambi\u00e9n podemos dise\u00f1ar una mezcla de reactivos espec\u00edfica para su flujo de residuos. P\u00f3ngase en contacto con nosotros para m\u00e1s detalles.<\/p>\n\t\t\t\t<a href=\"https:\/\/www.metaflotech.com\/es\/que-es-el-reactivo-de-solidificacion-metaflo\/\"  target=\"_self\" itemprop=\"url\">\n\t\t\t\t<img decoding=\"async\" src=\"https:\/\/www.metaflotech.com\/wp-content\/uploads\/2021\/03\/What-150px.png\" alt=\"Qu\u00e9 es MetaFLO\" itemprop=\"image\" height=\"150\" width=\"150\" title=\"Qu\u00e9-150px\" onerror=\"this.style.display='none'\" loading=\"lazy\" \/>\n\t\t\t\t<\/a>\n\t\t\t\t<a href=\"https:\/\/www.metaflotech.com\/es\/como-funciona-metaflo\/\"  target=\"_self\" itemprop=\"url\">\n\t\t\t\t<img decoding=\"async\" src=\"https:\/\/www.metaflotech.com\/wp-content\/uploads\/2021\/03\/When-150px.png\" alt=\"Cu\u00e1ndo utilizar MetaFLO\" itemprop=\"image\" height=\"150\" width=\"150\" title=\"Cuando-150px\" onerror=\"this.style.display='none'\" loading=\"lazy\" \/>\n\t\t\t\t<\/a>\n\t\t\t\t<a href=\"https:\/\/www.metaflotech.com\/es\/por-que-elegir-metaflo-para-la-gestion-de-residuos-liquidos\/\"  target=\"_self\" itemprop=\"url\">\n\t\t\t\t<img decoding=\"async\" src=\"https:\/\/www.metaflotech.com\/wp-content\/uploads\/2021\/03\/Why-150px.png\" alt=\"Por qu\u00e9 elegir MetaFLO\" itemprop=\"image\" height=\"150\" width=\"150\" title=\"Por qu\u00e9-150px\" onerror=\"this.style.display='none'\" loading=\"lazy\" \/>\n\t\t\t\t<\/a>","protected":false},"excerpt":{"rendered":"<p>When and How MetaFLO Works Solidification reagent Turning liquid waste into stackable solid Solidify liquid waste in minutes: How MetaFLO Works MetaFLO reagents turn liquid waste into manageable solid in real-time, on site in a matter of minutes, in 4 Easy Steps: Liquid waste collected in a pond, tank, etc. Fluid is agitated by existing&hellip;<\/p>","protected":false},"author":1,"featured_media":0,"parent":0,"menu_order":0,"comment_status":"closed","ping_status":"closed","template":"","meta":{"_acf_changed":false,"inline_featured_image":false,"footnotes":""},"class_list":["post-73472","page","type-page","status-publish","hentry"],"acf":[],"yoast_head":"<!-- This site is optimized with the Yoast SEO plugin v27.4 - https:\/\/yoast.com\/product\/yoast-seo-wordpress\/ -->\n<title>How MetaFLO Works | MetaFLO Technologies<\/title>\n<meta name=\"description\" content=\"MetaFLO reagents turn liquid waste into manageable, stackable solid in real-time, on site in a matter of minutes.\" \/>\n<meta name=\"robots\" content=\"index, follow, max-snippet:-1, max-image-preview:large, max-video-preview:-1\" \/>\n<link rel=\"canonical\" href=\"https:\/\/www.metaflotech.com\/es\/como-funciona-metaflo\/\" \/>\n<meta property=\"og:locale\" content=\"es_ES\" \/>\n<meta property=\"og:type\" content=\"article\" \/>\n<meta property=\"og:title\" content=\"How MetaFLO Works | MetaFLO Technologies\" \/>\n<meta property=\"og:description\" content=\"MetaFLO reagents turn liquid waste into manageable, stackable solid in real-time, on site in a matter of minutes.\" \/>\n<meta property=\"og:url\" content=\"https:\/\/www.metaflotech.com\/es\/como-funciona-metaflo\/\" \/>\n<meta property=\"og:site_name\" content=\"MetaFLO Technologies\" \/>\n<meta property=\"article:publisher\" content=\"https:\/\/www.facebook.com\/MetaFLOTechnologies\/\" \/>\n<meta property=\"article:modified_time\" content=\"2025-11-22T07:57:37+00:00\" \/>\n<meta property=\"og:image\" content=\"https:\/\/www.metaflotech.com\/wp-content\/uploads\/2024\/12\/MetaFLO-reagent-directional-drilling-liquid-waste-solidification-Steps-EN.webp\" \/>\n<meta name=\"twitter:card\" content=\"summary_large_image\" \/>\n<meta name=\"twitter:site\" content=\"@metaflo\" \/>\n<meta name=\"twitter:label1\" content=\"Tiempo de lectura\" \/>\n\t<meta name=\"twitter:data1\" content=\"2 minutos\" \/>\n<script type=\"application\/ld+json\" class=\"yoast-schema-graph\">{\"@context\":\"https:\\\/\\\/schema.org\",\"@graph\":[{\"@type\":\"WebPage\",\"@id\":\"https:\\\/\\\/www.metaflotech.com\\\/es\\\/how-metaflo-works\\\/\",\"url\":\"https:\\\/\\\/www.metaflotech.com\\\/es\\\/how-metaflo-works\\\/\",\"name\":\"How MetaFLO Works | MetaFLO Technologies\",\"isPartOf\":{\"@id\":\"https:\\\/\\\/www.metaflotech.com\\\/es\\\/#website\"},\"primaryImageOfPage\":{\"@id\":\"https:\\\/\\\/www.metaflotech.com\\\/es\\\/how-metaflo-works\\\/#primaryimage\"},\"image\":{\"@id\":\"https:\\\/\\\/www.metaflotech.com\\\/es\\\/how-metaflo-works\\\/#primaryimage\"},\"thumbnailUrl\":\"https:\\\/\\\/www.metaflotech.com\\\/wp-content\\\/uploads\\\/2024\\\/12\\\/MetaFLO-reagent-directional-drilling-liquid-waste-solidification-Steps-EN.webp\",\"datePublished\":\"2021-04-23T15:58:22+00:00\",\"dateModified\":\"2025-11-22T07:57:37+00:00\",\"description\":\"MetaFLO reagents turn liquid waste into manageable, stackable solid in real-time, on site in a matter of minutes.\",\"breadcrumb\":{\"@id\":\"https:\\\/\\\/www.metaflotech.com\\\/es\\\/how-metaflo-works\\\/#breadcrumb\"},\"inLanguage\":\"es\",\"potentialAction\":[{\"@type\":\"ReadAction\",\"target\":[\"https:\\\/\\\/www.metaflotech.com\\\/es\\\/how-metaflo-works\\\/\"]}]},{\"@type\":\"ImageObject\",\"inLanguage\":\"es\",\"@id\":\"https:\\\/\\\/www.metaflotech.com\\\/es\\\/how-metaflo-works\\\/#primaryimage\",\"url\":\"https:\\\/\\\/www.metaflotech.com\\\/wp-content\\\/uploads\\\/2024\\\/12\\\/MetaFLO-reagent-directional-drilling-liquid-waste-solidification-Steps-EN.webp\",\"contentUrl\":\"https:\\\/\\\/www.metaflotech.com\\\/wp-content\\\/uploads\\\/2024\\\/12\\\/MetaFLO-reagent-directional-drilling-liquid-waste-solidification-Steps-EN.webp\"},{\"@type\":\"BreadcrumbList\",\"@id\":\"https:\\\/\\\/www.metaflotech.com\\\/es\\\/how-metaflo-works\\\/#breadcrumb\",\"itemListElement\":[{\"@type\":\"ListItem\",\"position\":1,\"name\":\"Home\",\"item\":\"https:\\\/\\\/www.metaflotech.com\\\/\"},{\"@type\":\"ListItem\",\"position\":2,\"name\":\"How MetaFLO Works\"}]},{\"@type\":\"WebSite\",\"@id\":\"https:\\\/\\\/www.metaflotech.com\\\/es\\\/#website\",\"url\":\"https:\\\/\\\/www.metaflotech.com\\\/es\\\/\",\"name\":\"MetaFLO Technologies\",\"description\":\"Engineered Polymer Solutions For Industrial Applications\",\"potentialAction\":[{\"@type\":\"SearchAction\",\"target\":{\"@type\":\"EntryPoint\",\"urlTemplate\":\"https:\\\/\\\/www.metaflotech.com\\\/es\\\/?s={search_term_string}\"},\"query-input\":{\"@type\":\"PropertyValueSpecification\",\"valueRequired\":true,\"valueName\":\"search_term_string\"}}],\"inLanguage\":\"es\"}]}<\/script>\n<!-- \/ Yoast SEO plugin. -->","yoast_head_json":{"title":"How MetaFLO Works | MetaFLO Technologies","description":"Los reactivos MetaFLO convierten los residuos l\u00edquidos en s\u00f3lidos manejables y apilables en tiempo real, in situ y en cuesti\u00f3n de minutos.","robots":{"index":"index","follow":"follow","max-snippet":"max-snippet:-1","max-image-preview":"max-image-preview:large","max-video-preview":"max-video-preview:-1"},"canonical":"https:\/\/www.metaflotech.com\/es\/como-funciona-metaflo\/","og_locale":"es_ES","og_type":"article","og_title":"How MetaFLO Works | MetaFLO Technologies","og_description":"MetaFLO reagents turn liquid waste into manageable, stackable solid in real-time, on site in a matter of minutes.","og_url":"https:\/\/www.metaflotech.com\/es\/como-funciona-metaflo\/","og_site_name":"MetaFLO Technologies","article_publisher":"https:\/\/www.facebook.com\/MetaFLOTechnologies\/","article_modified_time":"2025-11-22T07:57:37+00:00","og_image":[{"url":"https:\/\/www.metaflotech.com\/wp-content\/uploads\/2024\/12\/MetaFLO-reagent-directional-drilling-liquid-waste-solidification-Steps-EN.webp","type":"","width":"","height":""}],"twitter_card":"summary_large_image","twitter_site":"@metaflo","twitter_misc":{"Tiempo de lectura":"2 minutos"},"schema":{"@context":"https:\/\/schema.org","@graph":[{"@type":"WebPage","@id":"https:\/\/www.metaflotech.com\/es\/how-metaflo-works\/","url":"https:\/\/www.metaflotech.com\/es\/how-metaflo-works\/","name":"How MetaFLO Works | MetaFLO Technologies","isPartOf":{"@id":"https:\/\/www.metaflotech.com\/es\/#website"},"primaryImageOfPage":{"@id":"https:\/\/www.metaflotech.com\/es\/how-metaflo-works\/#primaryimage"},"image":{"@id":"https:\/\/www.metaflotech.com\/es\/how-metaflo-works\/#primaryimage"},"thumbnailUrl":"https:\/\/www.metaflotech.com\/wp-content\/uploads\/2024\/12\/MetaFLO-reagent-directional-drilling-liquid-waste-solidification-Steps-EN.webp","datePublished":"2021-04-23T15:58:22+00:00","dateModified":"2025-11-22T07:57:37+00:00","description":"Los reactivos MetaFLO convierten los residuos l\u00edquidos en s\u00f3lidos manejables y apilables en tiempo real, in situ y en cuesti\u00f3n de minutos.","breadcrumb":{"@id":"https:\/\/www.metaflotech.com\/es\/how-metaflo-works\/#breadcrumb"},"inLanguage":"es","potentialAction":[{"@type":"ReadAction","target":["https:\/\/www.metaflotech.com\/es\/how-metaflo-works\/"]}]},{"@type":"ImageObject","inLanguage":"es","@id":"https:\/\/www.metaflotech.com\/es\/how-metaflo-works\/#primaryimage","url":"https:\/\/www.metaflotech.com\/wp-content\/uploads\/2024\/12\/MetaFLO-reagent-directional-drilling-liquid-waste-solidification-Steps-EN.webp","contentUrl":"https:\/\/www.metaflotech.com\/wp-content\/uploads\/2024\/12\/MetaFLO-reagent-directional-drilling-liquid-waste-solidification-Steps-EN.webp"},{"@type":"BreadcrumbList","@id":"https:\/\/www.metaflotech.com\/es\/how-metaflo-works\/#breadcrumb","itemListElement":[{"@type":"ListItem","position":1,"name":"Home","item":"https:\/\/www.metaflotech.com\/"},{"@type":"ListItem","position":2,"name":"How MetaFLO Works"}]},{"@type":"WebSite","@id":"https:\/\/www.metaflotech.com\/es\/#website","url":"https:\/\/www.metaflotech.com\/es\/","name":"Tecnolog\u00edas MetaFLO","description":"Soluciones de pol\u00edmeros para aplicaciones industriales","potentialAction":[{"@type":"SearchAction","target":{"@type":"EntryPoint","urlTemplate":"https:\/\/www.metaflotech.com\/es\/?s={search_term_string}"},"query-input":{"@type":"PropertyValueSpecification","valueRequired":true,"valueName":"search_term_string"}}],"inLanguage":"es"}]}},"_links":{"self":[{"href":"https:\/\/www.metaflotech.com\/es\/wp-json\/wp\/v2\/pages\/73472","targetHints":{"allow":["GET"]}}],"collection":[{"href":"https:\/\/www.metaflotech.com\/es\/wp-json\/wp\/v2\/pages"}],"about":[{"href":"https:\/\/www.metaflotech.com\/es\/wp-json\/wp\/v2\/types\/page"}],"author":[{"embeddable":true,"href":"https:\/\/www.metaflotech.com\/es\/wp-json\/wp\/v2\/users\/1"}],"replies":[{"embeddable":true,"href":"https:\/\/www.metaflotech.com\/es\/wp-json\/wp\/v2\/comments?post=73472"}],"version-history":[{"count":0,"href":"https:\/\/www.metaflotech.com\/es\/wp-json\/wp\/v2\/pages\/73472\/revisions"}],"wp:attachment":[{"href":"https:\/\/www.metaflotech.com\/es\/wp-json\/wp\/v2\/media?parent=73472"}],"curies":[{"name":"wp","href":"https:\/\/api.w.org\/{rel}","templated":true}]}}