{"id":73490,"date":"2021-04-26T15:49:39","date_gmt":"2021-04-26T15:49:39","guid":{"rendered":"https:\/\/metaflotech.com\/?page_id=73490"},"modified":"2025-11-22T07:58:44","modified_gmt":"2025-11-22T07:58:44","slug":"por-que-elegir-metaflo-para-la-gestion-de-residuos-liquidos","status":"publish","type":"page","link":"https:\/\/www.metaflotech.com\/es\/why-choose-metaflo-for-liquid-waste-management\/","title":{"rendered":"Por qu\u00e9 elegir MetaFLO"},"content":{"rendered":"<h1>\n\t\t\tPor qu\u00e9 elegir MetaFLO\t<\/h1>\n<h2>\n\t\t\t para la gesti\u00f3n de residuos l\u00edquidos? \t<\/h2>\n\t<p>MetaFLO&#8217;s advanced chemistry turns liquid waste into a stackable solid in real time. Our proprietary reagent formula solidifies the same amount of liquid but without creating excess volume (bulking), making disposal easier, more efficient and less costly. Simply put:\u00a0 less waste, lower transportation and disposal costs, improved safety, better control and compliance while significantly reducing GHG emissions<\/p>\n\t\t\t\t<img decoding=\"async\" src=\"https:\/\/metaflotech.com\/wp-content\/uploads\/2021\/03\/about-metaflo-benefits-1.png\" alt=\"Beneficios de MetaFLO\" itemprop=\"image\" title=\"sobre-metaflo-beneficios-1\" onerror=\"this.style.display='none'\" loading=\"lazy\" \/>\n<h3>\n\t\t\tMetaFLO es una opci\u00f3n pr\u00e1ctica, rentable y sostenible\t<\/h3>\n\t<p>Conventional liquid waste disposal techniques add amendments like Portland, fly-ash, lime or sawdust to meet solids criteria for transportation to landfill &#8211; expanding volume by up to 200%. MetaFLO&#8217;s engineered reagents typically require a dosage of only 0.5%.<\/p>\n\t\t\t\t<img decoding=\"async\" src=\"https:\/\/www.metaflotech.com\/wp-content\/uploads\/2021\/03\/about-metaflo-process-1.png\" alt=\"Proceso MetaFLO\" itemprop=\"image\" height=\"181\" width=\"650\" title=\"acerca del proceso metaflo-1\" onerror=\"this.style.display='none'\" loading=\"lazy\" \/>\n<h3>\n\t\t\tPor qu\u00e9 utilizar MetaFLO\t<\/h3>\n\t<ul>\n<li>MetaFLO reagents are fast &#8211; Immediately converts liquid waste to a solid in minutes<\/li>\n<li>MetaFLO reagents are easy &#8211; Creates a dry, stackable solid for easy handling<\/li>\n<li>Los reactivos MetaFLO producen un bulking m\u00ednimo en comparaci\u00f3n con las alternativas comunes\n<ul>\n<li>Los reactivos MetaFLO cumplen las normas<\/li>\n<li>Ayuda a que los residuos superen el procedimiento de lixiviaci\u00f3n de toxicidad caracter\u00edstica (m\u00e9todo 1311 de la EPA)<\/li>\n<li>Ayuda a que los residuos superen los criterios del filtro de pintura (EPA 9095)<\/li>\n<li>Apto para vertederos y no biodegradable<\/li>\n<\/ul>\n<\/li>\n<li>Los reactivos MetaFLO son respetuosos con el medio ambiente\n<ul>\n<li>No peligrosos<\/li>\n<li>No t\u00f3xico<\/li>\n<li>Qu\u00edmicamente inerte<\/li>\n<\/ul>\n<\/li>\n<\/ul>\n\t\t\t\t<img decoding=\"async\" src=\"https:\/\/www.metaflotech.com\/wp-content\/uploads\/2024\/12\/Liquid-Waste-Solidification-EN-2.svg\" alt=\"Solidificaci\u00f3n de residuos l\u00edquidos - ES\" itemprop=\"image\" height=\"100\" width=\"100\" title=\"Solidificaci\u00f3n de residuos l\u00edquidos - ES\" onerror=\"this.style.display='none'\" loading=\"lazy\" \/>\n<h3>\n\t\t\tConventional Liquid Waste Disposal vs. MetaFLO&#8217;s On-Site Liquid Waste Disposal\t<\/h3>\n<h3>\n\t\t\tMetaFLO&#8217;s On-Site Liquid Waste Disposal (Solidification)\t<\/h3>\n\t<ul>\n<li>El transporte para su eliminaci\u00f3n requiere 60 volquetes<\/li>\n<li>Residuos trasladados al vertedero final<\/li>\n<li>Reducci\u00f3n del riesgo gracias al 54% menos camiones y al NO transporte de l\u00edquidos<\/li>\n<li>Mayor control de los residuos y cumplimiento de la normativa por parte del cliente<\/li>\n<li>Aproximadamente 33% de ahorro en este ejemplo<\/li>\n<li>63% reducci\u00f3n de las emisiones de gases de efecto invernadero (C02 eq.)*.<\/li>\n<li>Suelo reutilizado como material de relleno limpio y regenerativo en un yacimiento local de \u00e1ridos.<\/li>\n<\/ul>\n<h3>\n\t\t\tEliminaci\u00f3n convencional de residuos l\u00edquidos (sin solidificaci\u00f3n)\t<\/h3>\n\t<ul>\n<li>El transporte para su eliminaci\u00f3n requiere 130 camiones de vac\u00edo<\/li>\n<li>Residuos trasladados a una estaci\u00f3n de transferencia autorizada<\/li>\n<li>Mayor riesgo debido al transporte de l\u00edquidos<\/li>\n<li>Menor control de los residuos y cumplimiento de la normativa por parte del cliente<\/li>\n<li>Mayor coste debido al mayor n\u00famero de camiones vac\u00edos necesarios para eliminar los residuos (se pagan a un precio m\u00e1s elevado en comparaci\u00f3n con los camiones volquete).<\/li>\n<li>Mayores emisiones de gases de efecto invernadero al tener que transportar m\u00e1s camiones los residuos<\/li>\n<li>Los residuos no pueden aplicarse al suelo para una reutilizaci\u00f3n beneficiosa.<\/li>\n<\/ul>\n<h2>\n\t\t\tMetaFLO&#8217;s Technology can Yield Significant Cost Savings\t<\/h2>\n\t\t\t\t<img decoding=\"async\" src=\"https:\/\/www.metaflotech.com\/wp-content\/uploads\/2024\/05\/Infographic.png\" alt=\"Infograf\u00eda\" itemprop=\"image\" height=\"1810\" width=\"1280\" title=\"Infograf\u00eda\" onerror=\"this.style.display='none'\" loading=\"lazy\" \/>\n<h3>\n\t\t\tMetaFLO&#8217;s Technology has a Reduced Environmental Impact\t<\/h3>\n\t<p>Our solidification methods use extremely low dosages of reagent to achieve regulatory solids criteria &#8211; often less than 1% wt\/wt. The low dosage adds less weight to the source waste than what is lost through natural evaporation after treatment resulting in a net reduction in total waste. Dump trucks can now be utilized to transport the solidified material to the appropriate disposal site far more efficiently than relying on vacuum trucks to transport liquids to treatment facilities. Additionally, liquid waste receiving sites are more scarce in most jurisdictions resulting in longer drives and greater cost associated with turn-around times. The table below illustrates how more trucks and greater drive times cause significant and unnecessary additional carbon emissions.<\/p>\n\t\t<iframe loading=\"lazy\" width=\"560\" height=\"315\" src=\"https:\/\/www.youtube.com\/embed\/WlS27JOvtbg\" title=\"Understanding Solidification - MetaFLO Technologies\" frameborder=\"0\" allow=\"accelerometer; autoplay; clipboard-write; encrypted-media; gyroscope; picture-in-picture\" allowfullscreen><\/iframe>\t\n\t\t\t\t<img decoding=\"async\" src=\"https:\/\/www.metaflotech.com\/wp-content\/uploads\/2021\/04\/image47.png\" alt=\"imagen47\" itemprop=\"image\" height=\"677\" width=\"845\" title=\"imagen47\" onerror=\"this.style.display='none'\" loading=\"lazy\" \/>\n\t<h1><strong>Nuestros reactivos<\/strong><\/h1>\n<p>MetaFLO&#8217;s reagents turn industrial liquid waste streams into solids in minutes. By simply adding a minimal dosage of MetaFLO&#8217;s proprietary formulations to industrial liquid waste-from processes like HDD, drilling, boring, tunneling, micro-tunneling and hydro excavations-these reagents absorb excess water and immobilize any contaminants.<\/p>\n<p>All MetaFLO solidification products are environmentally safe, and are applied to help meet environmental solids criteria for wet spoils. The solidified material will also immobilize metals and hydrocarbons and can safely be transported to landfill directly from the generator site-or can be applied at liquid transfer stations prior to disposal.<\/p>\n<p>MetaFLO produce reactivos para muchas aplicaciones diferentes, y tambi\u00e9n podemos dise\u00f1ar una mezcla de reactivos espec\u00edfica para su flujo de residuos. P\u00f3ngase en contacto con nosotros para m\u00e1s detalles.<\/p>\n\t\t\t\t<a href=\"https:\/\/www.metaflotech.com\/es\/que-es-el-reactivo-de-solidificacion-metaflo\/\"  target=\"_self\" itemprop=\"url\">\n\t\t\t\t<img decoding=\"async\" src=\"https:\/\/www.metaflotech.com\/wp-content\/uploads\/2021\/03\/What-150px.png\" alt=\"Qu\u00e9 es MetaFLO\" itemprop=\"image\" height=\"150\" width=\"150\" title=\"Qu\u00e9-150px\" onerror=\"this.style.display='none'\" loading=\"lazy\" \/>\n\t\t\t\t<\/a>\n\t\t\t\t<a href=\"https:\/\/www.metaflotech.com\/es\/como-funciona-metaflo\/\"  target=\"_self\" itemprop=\"url\">\n\t\t\t\t<img decoding=\"async\" src=\"https:\/\/www.metaflotech.com\/wp-content\/uploads\/2021\/03\/When-150px.png\" alt=\"Cu\u00e1ndo utilizar MetaFLO\" itemprop=\"image\" height=\"150\" width=\"150\" title=\"Cuando-150px\" onerror=\"this.style.display='none'\" loading=\"lazy\" \/>\n\t\t\t\t<\/a>\n\t\t\t\t<a href=\"https:\/\/www.metaflotech.com\/es\/por-que-elegir-metaflo-para-la-gestion-de-residuos-liquidos\/\"  target=\"_self\" itemprop=\"url\">\n\t\t\t\t<img decoding=\"async\" src=\"https:\/\/www.metaflotech.com\/wp-content\/uploads\/2021\/03\/Why-150px.png\" alt=\"Por qu\u00e9 elegir MetaFLO\" itemprop=\"image\" height=\"150\" width=\"150\" title=\"Por qu\u00e9-150px\" onerror=\"this.style.display='none'\" loading=\"lazy\" \/>\n\t\t\t\t<\/a>","protected":false},"excerpt":{"rendered":"<p>Why choose MetaFLO for liquid waste management? MetaFLO&#8217;s advanced chemistry turns liquid waste into a stackable solid in real time. Our proprietary reagent formula solidifies the same amount of liquid but without creating excess volume (bulking), making disposal easier, more efficient and less costly. Simply put:\u00a0 less waste, lower transportation and disposal costs, improved safety,&hellip;<\/p>","protected":false},"author":1,"featured_media":0,"parent":0,"menu_order":0,"comment_status":"closed","ping_status":"closed","template":"","meta":{"_acf_changed":false,"inline_featured_image":false,"footnotes":""},"class_list":["post-73490","page","type-page","status-publish","hentry"],"acf":[],"yoast_head":"<!-- This site is optimized with the Yoast SEO plugin v27.4 - https:\/\/yoast.com\/product\/yoast-seo-wordpress\/ -->\n<title>Why Choose MetaFLO | MetaFLO Technologies<\/title>\n<meta name=\"description\" content=\"Proprietary reagent formula solidifies liquid but without creating excess volume, making disposal easier, more efficient and less costly.\" \/>\n<meta name=\"robots\" content=\"index, follow, max-snippet:-1, max-image-preview:large, max-video-preview:-1\" \/>\n<link rel=\"canonical\" href=\"https:\/\/www.metaflotech.com\/es\/por-que-elegir-metaflo-para-la-gestion-de-residuos-liquidos\/\" \/>\n<meta property=\"og:locale\" content=\"es_ES\" \/>\n<meta property=\"og:type\" content=\"article\" \/>\n<meta property=\"og:title\" content=\"Why Choose MetaFLO | MetaFLO Technologies\" \/>\n<meta property=\"og:description\" content=\"Proprietary reagent formula solidifies liquid but without creating excess volume, making disposal easier, more efficient and less costly.\" \/>\n<meta property=\"og:url\" content=\"https:\/\/www.metaflotech.com\/es\/por-que-elegir-metaflo-para-la-gestion-de-residuos-liquidos\/\" \/>\n<meta property=\"og:site_name\" content=\"MetaFLO Technologies\" \/>\n<meta property=\"article:publisher\" content=\"https:\/\/www.facebook.com\/MetaFLOTechnologies\/\" \/>\n<meta property=\"article:modified_time\" content=\"2025-11-22T07:58:44+00:00\" \/>\n<meta property=\"og:image\" content=\"https:\/\/metaflotech.com\/wp-content\/uploads\/2021\/03\/about-metaflo-benefits-1.png\" \/>\n<meta name=\"twitter:card\" content=\"summary_large_image\" \/>\n<meta name=\"twitter:site\" content=\"@metaflo\" \/>\n<meta name=\"twitter:label1\" content=\"Tiempo de lectura\" \/>\n\t<meta name=\"twitter:data1\" content=\"4 minutos\" \/>\n<script type=\"application\/ld+json\" class=\"yoast-schema-graph\">{\"@context\":\"https:\\\/\\\/schema.org\",\"@graph\":[{\"@type\":\"WebPage\",\"@id\":\"https:\\\/\\\/www.metaflotech.com\\\/es\\\/why-choose-metaflo-for-liquid-waste-management\\\/\",\"url\":\"https:\\\/\\\/www.metaflotech.com\\\/es\\\/why-choose-metaflo-for-liquid-waste-management\\\/\",\"name\":\"Why Choose MetaFLO | MetaFLO Technologies\",\"isPartOf\":{\"@id\":\"https:\\\/\\\/www.metaflotech.com\\\/es\\\/#website\"},\"primaryImageOfPage\":{\"@id\":\"https:\\\/\\\/www.metaflotech.com\\\/es\\\/why-choose-metaflo-for-liquid-waste-management\\\/#primaryimage\"},\"image\":{\"@id\":\"https:\\\/\\\/www.metaflotech.com\\\/es\\\/why-choose-metaflo-for-liquid-waste-management\\\/#primaryimage\"},\"thumbnailUrl\":\"https:\\\/\\\/metaflotech.com\\\/wp-content\\\/uploads\\\/2021\\\/03\\\/about-metaflo-benefits-1.png\",\"datePublished\":\"2021-04-26T15:49:39+00:00\",\"dateModified\":\"2025-11-22T07:58:44+00:00\",\"description\":\"Proprietary reagent formula solidifies liquid but without creating excess volume, making disposal easier, more efficient and less costly.\",\"breadcrumb\":{\"@id\":\"https:\\\/\\\/www.metaflotech.com\\\/es\\\/why-choose-metaflo-for-liquid-waste-management\\\/#breadcrumb\"},\"inLanguage\":\"es\",\"potentialAction\":[{\"@type\":\"ReadAction\",\"target\":[\"https:\\\/\\\/www.metaflotech.com\\\/es\\\/why-choose-metaflo-for-liquid-waste-management\\\/\"]}]},{\"@type\":\"ImageObject\",\"inLanguage\":\"es\",\"@id\":\"https:\\\/\\\/www.metaflotech.com\\\/es\\\/why-choose-metaflo-for-liquid-waste-management\\\/#primaryimage\",\"url\":\"https:\\\/\\\/metaflotech.com\\\/wp-content\\\/uploads\\\/2021\\\/03\\\/about-metaflo-benefits-1.png\",\"contentUrl\":\"https:\\\/\\\/metaflotech.com\\\/wp-content\\\/uploads\\\/2021\\\/03\\\/about-metaflo-benefits-1.png\"},{\"@type\":\"BreadcrumbList\",\"@id\":\"https:\\\/\\\/www.metaflotech.com\\\/es\\\/why-choose-metaflo-for-liquid-waste-management\\\/#breadcrumb\",\"itemListElement\":[{\"@type\":\"ListItem\",\"position\":1,\"name\":\"Home\",\"item\":\"https:\\\/\\\/www.metaflotech.com\\\/\"},{\"@type\":\"ListItem\",\"position\":2,\"name\":\"Why Choose MetaFLO\"}]},{\"@type\":\"WebSite\",\"@id\":\"https:\\\/\\\/www.metaflotech.com\\\/es\\\/#website\",\"url\":\"https:\\\/\\\/www.metaflotech.com\\\/es\\\/\",\"name\":\"MetaFLO Technologies\",\"description\":\"Engineered Polymer Solutions For Industrial Applications\",\"potentialAction\":[{\"@type\":\"SearchAction\",\"target\":{\"@type\":\"EntryPoint\",\"urlTemplate\":\"https:\\\/\\\/www.metaflotech.com\\\/es\\\/?s={search_term_string}\"},\"query-input\":{\"@type\":\"PropertyValueSpecification\",\"valueRequired\":true,\"valueName\":\"search_term_string\"}}],\"inLanguage\":\"es\"}]}<\/script>\n<!-- \/ Yoast SEO plugin. -->","yoast_head_json":{"title":"Why Choose MetaFLO | MetaFLO Technologies","description":"La f\u00f3rmula patentada del reactivo solidifica el l\u00edquido pero sin crear un exceso de volumen, lo que hace que su eliminaci\u00f3n sea m\u00e1s f\u00e1cil, eficiente y menos costosa.","robots":{"index":"index","follow":"follow","max-snippet":"max-snippet:-1","max-image-preview":"max-image-preview:large","max-video-preview":"max-video-preview:-1"},"canonical":"https:\/\/www.metaflotech.com\/es\/por-que-elegir-metaflo-para-la-gestion-de-residuos-liquidos\/","og_locale":"es_ES","og_type":"article","og_title":"Why Choose MetaFLO | MetaFLO Technologies","og_description":"Proprietary reagent formula solidifies liquid but without creating excess volume, making disposal easier, more efficient and less costly.","og_url":"https:\/\/www.metaflotech.com\/es\/por-que-elegir-metaflo-para-la-gestion-de-residuos-liquidos\/","og_site_name":"MetaFLO Technologies","article_publisher":"https:\/\/www.facebook.com\/MetaFLOTechnologies\/","article_modified_time":"2025-11-22T07:58:44+00:00","og_image":[{"url":"https:\/\/metaflotech.com\/wp-content\/uploads\/2021\/03\/about-metaflo-benefits-1.png","type":"","width":"","height":""}],"twitter_card":"summary_large_image","twitter_site":"@metaflo","twitter_misc":{"Tiempo de lectura":"4 minutos"},"schema":{"@context":"https:\/\/schema.org","@graph":[{"@type":"WebPage","@id":"https:\/\/www.metaflotech.com\/es\/why-choose-metaflo-for-liquid-waste-management\/","url":"https:\/\/www.metaflotech.com\/es\/why-choose-metaflo-for-liquid-waste-management\/","name":"Why Choose MetaFLO | MetaFLO Technologies","isPartOf":{"@id":"https:\/\/www.metaflotech.com\/es\/#website"},"primaryImageOfPage":{"@id":"https:\/\/www.metaflotech.com\/es\/why-choose-metaflo-for-liquid-waste-management\/#primaryimage"},"image":{"@id":"https:\/\/www.metaflotech.com\/es\/why-choose-metaflo-for-liquid-waste-management\/#primaryimage"},"thumbnailUrl":"https:\/\/metaflotech.com\/wp-content\/uploads\/2021\/03\/about-metaflo-benefits-1.png","datePublished":"2021-04-26T15:49:39+00:00","dateModified":"2025-11-22T07:58:44+00:00","description":"La f\u00f3rmula patentada del reactivo solidifica el l\u00edquido pero sin crear un exceso de volumen, lo que hace que su eliminaci\u00f3n sea m\u00e1s f\u00e1cil, eficiente y menos costosa.","breadcrumb":{"@id":"https:\/\/www.metaflotech.com\/es\/why-choose-metaflo-for-liquid-waste-management\/#breadcrumb"},"inLanguage":"es","potentialAction":[{"@type":"ReadAction","target":["https:\/\/www.metaflotech.com\/es\/why-choose-metaflo-for-liquid-waste-management\/"]}]},{"@type":"ImageObject","inLanguage":"es","@id":"https:\/\/www.metaflotech.com\/es\/why-choose-metaflo-for-liquid-waste-management\/#primaryimage","url":"https:\/\/metaflotech.com\/wp-content\/uploads\/2021\/03\/about-metaflo-benefits-1.png","contentUrl":"https:\/\/metaflotech.com\/wp-content\/uploads\/2021\/03\/about-metaflo-benefits-1.png"},{"@type":"BreadcrumbList","@id":"https:\/\/www.metaflotech.com\/es\/why-choose-metaflo-for-liquid-waste-management\/#breadcrumb","itemListElement":[{"@type":"ListItem","position":1,"name":"Home","item":"https:\/\/www.metaflotech.com\/"},{"@type":"ListItem","position":2,"name":"Why Choose MetaFLO"}]},{"@type":"WebSite","@id":"https:\/\/www.metaflotech.com\/es\/#website","url":"https:\/\/www.metaflotech.com\/es\/","name":"Tecnolog\u00edas MetaFLO","description":"Soluciones de pol\u00edmeros para aplicaciones industriales","potentialAction":[{"@type":"SearchAction","target":{"@type":"EntryPoint","urlTemplate":"https:\/\/www.metaflotech.com\/es\/?s={search_term_string}"},"query-input":{"@type":"PropertyValueSpecification","valueRequired":true,"valueName":"search_term_string"}}],"inLanguage":"es"}]}},"_links":{"self":[{"href":"https:\/\/www.metaflotech.com\/es\/wp-json\/wp\/v2\/pages\/73490","targetHints":{"allow":["GET"]}}],"collection":[{"href":"https:\/\/www.metaflotech.com\/es\/wp-json\/wp\/v2\/pages"}],"about":[{"href":"https:\/\/www.metaflotech.com\/es\/wp-json\/wp\/v2\/types\/page"}],"author":[{"embeddable":true,"href":"https:\/\/www.metaflotech.com\/es\/wp-json\/wp\/v2\/users\/1"}],"replies":[{"embeddable":true,"href":"https:\/\/www.metaflotech.com\/es\/wp-json\/wp\/v2\/comments?post=73490"}],"version-history":[{"count":0,"href":"https:\/\/www.metaflotech.com\/es\/wp-json\/wp\/v2\/pages\/73490\/revisions"}],"wp:attachment":[{"href":"https:\/\/www.metaflotech.com\/es\/wp-json\/wp\/v2\/media?parent=73490"}],"curies":[{"name":"wp","href":"https:\/\/api.w.org\/{rel}","templated":true}]}}