{"id":73499,"date":"2021-04-26T16:11:16","date_gmt":"2021-04-26T16:11:16","guid":{"rendered":"https:\/\/metaflotech.com\/?page_id=73499"},"modified":"2025-07-09T05:02:35","modified_gmt":"2025-07-09T05:02:35","slug":"aplicaciones","status":"publish","type":"page","link":"https:\/\/www.metaflotech.com\/es\/applications\/","title":{"rendered":"Aplicaciones"},"content":{"rendered":"<h1>\n\t\t\tAplicaciones\t<\/h1>\n\t<h3><a href=\"https:\/\/www.metaflotech.com\/es\/aplicaciones\/tunel\/\"><strong>T\u00fanel<\/strong><\/a><\/h3>\n<h4>Innovaci\u00f3n en la gesti\u00f3n de los despojos de los t\u00faneles<\/h4>\n<hr \/>\n<h3><a href=\"https:\/\/www.metaflotech.com\/es\/aplicaciones\/hidroexcavaciones\/\"><strong>Hidroexcavaciones<\/strong><\/a><\/h3>\n<h4>Innovaci\u00f3n en la eliminaci\u00f3n de semis\u00f3lidos con agua<\/h4>\n<hr \/>\n<h3><a href=\"https:\/\/www.metaflotech.com\/es\/aplicaciones\/perforacion-horizontal-dirigida\/\"><strong>Perforaci\u00f3n horizontal dirigida<\/strong><\/a><\/h3>\n<h4>Innovaci\u00f3n en la eliminaci\u00f3n de fluidos a base de agua<\/h4>\n<hr \/>\n<h3><a href=\"https:\/\/www.metaflotech.com\/es\/aplicaciones\/balsas-de-aguas-pluviales\/\"><strong>Estanques de aguas pluviales y residuales<\/strong><\/a><\/h3>\n<h4>Innovaci\u00f3n en la gesti\u00f3n de estanques de aguas pluviales y sedimentos<\/h4>\n<hr \/>\n<h3><a href=\"https:\/\/www.metaflotech.com\/es\/aplicaciones\/estabilizacion-de-suelos\/\"><strong>Estabilizaci\u00f3n del suelo<\/strong><\/a><\/h3>\n<h4>Estabilizaci\u00f3n de suelos innovadora, sostenible y rentable<\/h4>\n\t<h3><a href=\"https:\/\/www.metaflotech.com\/es\/aplicaciones\/supresion-de-polvo\/\"><strong>Supresi\u00f3n de polvo<\/strong><\/a><\/h3>\n<h4>Supresi\u00f3n de polvo eficaz y que ahorra agua<\/h4>\n<hr \/>\n<h3><a href=\"https:\/\/www.metaflotech.com\/es\/aplicaciones\/extraccion-de-oro-y-reduccion-con-cianuro\/\"><strong>Extracci\u00f3n de oro y reducci\u00f3n de cianuro<\/strong><\/a><\/h3>\n<h4>Extracci\u00f3n mejorada de minerales preciosos<\/h4>\n<hr \/>\n<h3><a href=\"https:\/\/www.metaflotech.com\/es\/aplicaciones\/contaminated-water-and-soil-remediation\/\"><strong>Tratamiento de aguas contaminadas<\/strong><\/a><\/h3>\n<h4>Remediaci\u00f3n avanzada simplificada<\/h4>\n<hr \/>\n<h3><a href=\"https:\/\/www.metaflotech.com\/es\/aplicaciones\/aglutinantes-cementosos\/\"><strong>Ligantes cementosos<\/strong><\/a><\/h3>\n<h4>Para uso en la fabricaci\u00f3n de ladrillos, bloques y adoquines<\/h4>\n\t<style>\n    h3 a:hover {\n       color: #F36C21;\n    }\n<\/style>","protected":false},"excerpt":{"rendered":"<p>Applications Tunneling Innovation In Tunnel Spoils Management Hydro Excavations Innovation In Water-Based Semi-Solids Disposal Horizontal Directional Drilling Innovation In Water-Based Fluid Disposal Stormwater\/Wastewater Ponds Innovation In Stormwater And Sediment Pond Management Soil Stabilization Innovative, Sustainable And Cost-Effective Soil Stabilization Dust Suppression Effective and Water-Saving Dust Suppression Gold Extraction &amp; Cyanide Reduction Enhanced Extraction For Precious&hellip;<\/p>","protected":false},"author":1,"featured_media":0,"parent":0,"menu_order":0,"comment_status":"closed","ping_status":"closed","template":"","meta":{"_acf_changed":false,"inline_featured_image":false,"footnotes":""},"class_list":["post-73499","page","type-page","status-publish","hentry"],"acf":[],"yoast_head":"<!-- This site is optimized with the Yoast SEO plugin v27.6 - https:\/\/yoast.com\/product\/yoast-seo-wordpress\/ -->\n<title>Applications | MetaFLO Technologies<\/title>\n<meta name=\"description\" content=\"MetaFLO solidification reagents are ideal for any industry or application that generates and removes liquid waste.\" \/>\n<meta name=\"robots\" content=\"index, follow, max-snippet:-1, max-image-preview:large, max-video-preview:-1\" \/>\n<link rel=\"canonical\" href=\"https:\/\/www.metaflotech.com\/es\/aplicaciones\/\" \/>\n<meta property=\"og:locale\" content=\"es_ES\" \/>\n<meta property=\"og:type\" content=\"article\" \/>\n<meta property=\"og:title\" content=\"Applications | MetaFLO Technologies\" \/>\n<meta property=\"og:description\" content=\"MetaFLO solidification reagents are ideal for any industry or application that generates and removes liquid waste.\" \/>\n<meta property=\"og:url\" content=\"https:\/\/www.metaflotech.com\/es\/aplicaciones\/\" \/>\n<meta property=\"og:site_name\" content=\"MetaFLO Technologies\" \/>\n<meta property=\"article:publisher\" content=\"https:\/\/www.facebook.com\/MetaFLOTechnologies\/\" \/>\n<meta property=\"article:modified_time\" content=\"2025-07-09T05:02:35+00:00\" \/>\n<meta name=\"twitter:card\" content=\"summary_large_image\" \/>\n<meta name=\"twitter:site\" content=\"@metaflo\" \/>\n<meta name=\"twitter:label1\" content=\"Tiempo de lectura\" \/>\n\t<meta name=\"twitter:data1\" content=\"1 minuto\" \/>\n<script type=\"application\/ld+json\" class=\"yoast-schema-graph\">{\"@context\":\"https:\\\/\\\/schema.org\",\"@graph\":[{\"@type\":\"WebPage\",\"@id\":\"https:\\\/\\\/www.metaflotech.com\\\/es\\\/applications\\\/\",\"url\":\"https:\\\/\\\/www.metaflotech.com\\\/es\\\/applications\\\/\",\"name\":\"Applications | MetaFLO Technologies\",\"isPartOf\":{\"@id\":\"https:\\\/\\\/www.metaflotech.com\\\/es\\\/#website\"},\"datePublished\":\"2021-04-26T16:11:16+00:00\",\"dateModified\":\"2025-07-09T05:02:35+00:00\",\"description\":\"MetaFLO solidification reagents are ideal for any industry or application that generates and removes liquid waste.\",\"breadcrumb\":{\"@id\":\"https:\\\/\\\/www.metaflotech.com\\\/es\\\/applications\\\/#breadcrumb\"},\"inLanguage\":\"es\",\"potentialAction\":[{\"@type\":\"ReadAction\",\"target\":[\"https:\\\/\\\/www.metaflotech.com\\\/es\\\/applications\\\/\"]}]},{\"@type\":\"BreadcrumbList\",\"@id\":\"https:\\\/\\\/www.metaflotech.com\\\/es\\\/applications\\\/#breadcrumb\",\"itemListElement\":[{\"@type\":\"ListItem\",\"position\":1,\"name\":\"Home\",\"item\":\"https:\\\/\\\/www.metaflotech.com\\\/\"},{\"@type\":\"ListItem\",\"position\":2,\"name\":\"Applications\"}]},{\"@type\":\"WebSite\",\"@id\":\"https:\\\/\\\/www.metaflotech.com\\\/es\\\/#website\",\"url\":\"https:\\\/\\\/www.metaflotech.com\\\/es\\\/\",\"name\":\"MetaFLO Technologies\",\"description\":\"Engineered Polymer Solutions For Industrial Applications\",\"potentialAction\":[{\"@type\":\"SearchAction\",\"target\":{\"@type\":\"EntryPoint\",\"urlTemplate\":\"https:\\\/\\\/www.metaflotech.com\\\/es\\\/?s={search_term_string}\"},\"query-input\":{\"@type\":\"PropertyValueSpecification\",\"valueRequired\":true,\"valueName\":\"search_term_string\"}}],\"inLanguage\":\"es\"}]}<\/script>\n<!-- \/ Yoast SEO plugin. -->","yoast_head_json":{"title":"Applications | MetaFLO Technologies","description":"Los reactivos de solidificaci\u00f3n MetaFLO son ideales para cualquier industria o aplicaci\u00f3n que genere y elimine residuos l\u00edquidos.","robots":{"index":"index","follow":"follow","max-snippet":"max-snippet:-1","max-image-preview":"max-image-preview:large","max-video-preview":"max-video-preview:-1"},"canonical":"https:\/\/www.metaflotech.com\/es\/aplicaciones\/","og_locale":"es_ES","og_type":"article","og_title":"Applications | MetaFLO Technologies","og_description":"MetaFLO solidification reagents are ideal for any industry or application that generates and removes liquid waste.","og_url":"https:\/\/www.metaflotech.com\/es\/aplicaciones\/","og_site_name":"MetaFLO Technologies","article_publisher":"https:\/\/www.facebook.com\/MetaFLOTechnologies\/","article_modified_time":"2025-07-09T05:02:35+00:00","twitter_card":"summary_large_image","twitter_site":"@metaflo","twitter_misc":{"Tiempo de lectura":"1 minuto"},"schema":{"@context":"https:\/\/schema.org","@graph":[{"@type":"WebPage","@id":"https:\/\/www.metaflotech.com\/es\/applications\/","url":"https:\/\/www.metaflotech.com\/es\/applications\/","name":"Applications | MetaFLO Technologies","isPartOf":{"@id":"https:\/\/www.metaflotech.com\/es\/#website"},"datePublished":"2021-04-26T16:11:16+00:00","dateModified":"2025-07-09T05:02:35+00:00","description":"Los reactivos de solidificaci\u00f3n MetaFLO son ideales para cualquier industria o aplicaci\u00f3n que genere y elimine residuos l\u00edquidos.","breadcrumb":{"@id":"https:\/\/www.metaflotech.com\/es\/applications\/#breadcrumb"},"inLanguage":"es","potentialAction":[{"@type":"ReadAction","target":["https:\/\/www.metaflotech.com\/es\/applications\/"]}]},{"@type":"BreadcrumbList","@id":"https:\/\/www.metaflotech.com\/es\/applications\/#breadcrumb","itemListElement":[{"@type":"ListItem","position":1,"name":"Home","item":"https:\/\/www.metaflotech.com\/"},{"@type":"ListItem","position":2,"name":"Applications"}]},{"@type":"WebSite","@id":"https:\/\/www.metaflotech.com\/es\/#website","url":"https:\/\/www.metaflotech.com\/es\/","name":"Tecnolog\u00edas MetaFLO","description":"Soluciones de pol\u00edmeros para aplicaciones industriales","potentialAction":[{"@type":"SearchAction","target":{"@type":"EntryPoint","urlTemplate":"https:\/\/www.metaflotech.com\/es\/?s={search_term_string}"},"query-input":{"@type":"PropertyValueSpecification","valueRequired":true,"valueName":"search_term_string"}}],"inLanguage":"es"}]}},"_links":{"self":[{"href":"https:\/\/www.metaflotech.com\/es\/wp-json\/wp\/v2\/pages\/73499","targetHints":{"allow":["GET"]}}],"collection":[{"href":"https:\/\/www.metaflotech.com\/es\/wp-json\/wp\/v2\/pages"}],"about":[{"href":"https:\/\/www.metaflotech.com\/es\/wp-json\/wp\/v2\/types\/page"}],"author":[{"embeddable":true,"href":"https:\/\/www.metaflotech.com\/es\/wp-json\/wp\/v2\/users\/1"}],"replies":[{"embeddable":true,"href":"https:\/\/www.metaflotech.com\/es\/wp-json\/wp\/v2\/comments?post=73499"}],"version-history":[{"count":0,"href":"https:\/\/www.metaflotech.com\/es\/wp-json\/wp\/v2\/pages\/73499\/revisions"}],"wp:attachment":[{"href":"https:\/\/www.metaflotech.com\/es\/wp-json\/wp\/v2\/media?parent=73499"}],"curies":[{"name":"wp","href":"https:\/\/api.w.org\/{rel}","templated":true}]}}