{"id":73592,"date":"2021-04-26T23:59:53","date_gmt":"2021-04-26T23:59:53","guid":{"rendered":"https:\/\/metaflotech.com\/?page_id=73592"},"modified":"2021-06-22T16:07:37","modified_gmt":"2021-06-22T16:07:37","slug":"politica-de-privacidad","status":"publish","type":"page","link":"https:\/\/www.metaflotech.com\/es\/privacy-policy\/","title":{"rendered":"Pol\u00edtica de privacidad"},"content":{"rendered":"<p>\u00daltima actualizaci\u00f3n: 26\/4\/2021. Esta pol\u00edtica de privacidad es efectiva inmediatamente.<\/p>\n<p>Introducci\u00f3n<\/p>\n<p>At Metaflo Technologies (the &#8220;Company&#8221; or &#8220;We&#8221;), we respect your privacy and are committed to protecting it through our compliance with this policy.<\/p>\n<p>This policy describes the types of information we may collect from you or that you may provide when you visit this website (our &#8220;Website&#8221;) and our practices for collecting, using, maintaining, protecting and disclosing that information.<\/p>\n<p>Esta pol\u00edtica se aplica a la informaci\u00f3n que recopilamos:<\/p>\n<ul>\n<li>En este sitio web.<\/li>\n<li>En mensajes de correo electr\u00f3nico, de texto y otros mensajes electr\u00f3nicos entre usted y este sitio web.<\/li>\n<li>A trav\u00e9s de aplicaciones m\u00f3viles y de escritorio que usted descarga de este sitio web, que proporcionan una interacci\u00f3n dedicada no basada en navegador entre usted y este sitio web.<\/li>\n<li>Cuando interact\u00faa con nuestra publicidad y aplicaciones en sitios web y servicios de terceros, si dichas aplicaciones o publicidad incluyen enlaces a esta pol\u00edtica.<\/li>\n<\/ul>\n<p>No se aplica a la informaci\u00f3n recogida por:<\/p>\n<ul>\n<li>nosotros fuera de l\u00ednea o a trav\u00e9s de cualquier otro medio, incluido cualquier otro sitio web gestionado por la Empresa o por terceros (incluidas nuestras filiales y subsidiarias); o<\/li>\n<li>cualquier tercero (incluidas nuestras filiales y subsidiarias), incluso a trav\u00e9s de cualquier aplicaci\u00f3n o contenido (incluida la publicidad) que pueda enlazar o ser accesible desde o en el Sitio Web.<\/li>\n<\/ul>\n<p>Lea atentamente esta pol\u00edtica para comprender nuestras pol\u00edticas y pr\u00e1cticas en relaci\u00f3n con su informaci\u00f3n y c\u00f3mo la trataremos. Si no est\u00e1 de acuerdo con nuestras pol\u00edticas y pr\u00e1cticas, puede optar por no utilizar nuestro sitio web. Al acceder o utilizar este sitio web, usted acepta esta pol\u00edtica de privacidad. Esta pol\u00edtica puede cambiar de vez en cuando. Si sigue utilizando este sitio web despu\u00e9s de que hayamos introducido cambios, se considerar\u00e1 que acepta dichos cambios, por lo que le rogamos que compruebe peri\u00f3dicamente la pol\u00edtica para estar al d\u00eda.<\/p>\n<p>Menores de 13 a\u00f1os<\/p>\n<p>Nuestro sitio web no est\u00e1 destinado a ni\u00f1os menores de 13 a\u00f1os. Ning\u00fan menor de 13 a\u00f1os puede proporcionar informaci\u00f3n personal al Sitio Web o en el mismo. No recopilamos conscientemente informaci\u00f3n personal de ni\u00f1os menores de 13 a\u00f1os. Si es menor de 13 a\u00f1os, no utilice ni facilite informaci\u00f3n alguna en este sitio web ni en ninguna de sus funciones, ni se registre en \u00e9l, ni realice compras a trav\u00e9s del sitio web, ni utilice ninguna de las funciones interactivas o de comentario p\u00fablico de este sitio web, ni nos facilite informaci\u00f3n sobre usted, incluidos su nombre, direcci\u00f3n, n\u00famero de tel\u00e9fono, direcci\u00f3n de correo electr\u00f3nico o cualquier nombre de usuario que pueda utilizar. Si nos enteramos de que hemos recopilado o recibido informaci\u00f3n personal de un menor de 13 a\u00f1os sin la verificaci\u00f3n del consentimiento paterno, eliminaremos dicha informaci\u00f3n. Si cree que podemos tener informaci\u00f3n de o sobre un menor de 13 a\u00f1os, p\u00f3ngase en contacto con nosotros a trav\u00e9s de nuestro enlace de contacto.<\/p>\n<p>Informaci\u00f3n que recopilamos sobre usted y c\u00f3mo la recopilamos<\/p>\n<p>Recopilamos varios tipos de informaci\u00f3n de y sobre los usuarios de nuestro sitio web, incluida la informaci\u00f3n:<\/p>\n<ul>\n<li>by which you may be personally identified, such as name, postal address, e-mail address, telephone number or ANY OTHER INFORMATION THE WEBSITE COLLECTS THAT IS DEFINED AS PERSONAL OR PERSONALLY IDENTIFIABLE INFORMATION UNDER AN APPLICABLE LAW (&#8220;personal information&#8221;);<\/li>\n<li>que se refieran a usted pero no le identifiquen individualmente, y\/o<\/li>\n<li>sobre su conexi\u00f3n a Internet, el equipo que utiliza para acceder a nuestro sitio web y los detalles de uso.<\/li>\n<\/ul>\n<p>Recogemos esta informaci\u00f3n:<\/p>\n<ul>\n<li>Directamente de usted cuando nos la facilite.<\/li>\n<li>Autom\u00e1ticamente mientras navega por el sitio. La informaci\u00f3n recopilada autom\u00e1ticamente puede incluir detalles de uso, direcciones IP e informaci\u00f3n recopilada a trav\u00e9s de cookies, balizas web y otras tecnolog\u00edas de seguimiento.<\/li>\n<li>De terceros, por ejemplo, nuestros socios comerciales.<\/li>\n<\/ul>\n<p>Informaci\u00f3n que usted nos proporciona.<\/p>\n<p>La informaci\u00f3n que recopilamos en o a trav\u00e9s de nuestro Sitio Web puede incluir:<\/p>\n<ul>\n<li>Informaci\u00f3n que usted facilita al rellenar los formularios de nuestro sitio web. Esto incluye la informaci\u00f3n proporcionada en el momento de registrarse para utilizar nuestro sitio web, suscribirse a nuestro servicio, publicar material o solicitar otros servicios. Tambi\u00e9n podemos pedirle informaci\u00f3n cuando nos comunique un problema con nuestro sitio web.<\/li>\n<li>Registros y copias de su correspondencia (incluidas direcciones de correo electr\u00f3nico), si se pone en contacto con nosotros.<\/li>\n<li>Sus respuestas a las encuestas que podamos pedirle con fines de investigaci\u00f3n.<\/li>\n<li>Datos de las transacciones que realice a trav\u00e9s de nuestro Sitio Web y del cumplimiento de sus pedidos. Es posible que se le solicite informaci\u00f3n financiera antes de realizar un pedido a trav\u00e9s de nuestro sitio web.<\/li>\n<li>Sus consultas de b\u00fasqueda en el Sitio web.<\/li>\n<\/ul>\n<p>You also may provide information to be published or displayed (hereinafter, &#8220;posted&#8221;) on public areas of the Website, or transmitted to other users of the Website or third parties (collectively, &#8220;User Contributions&#8221;). Your User Contributions are posted on and transmitted to others at your own risk. Although we limit access to certain pages\/you may set certain privacy settings for such information by logging into your account profile, please be aware that no security measures are perfect or impenetrable. Additionally, we cannot control the actions of other users of the Website with whom you may choose to share your User Contributions. Therefore, we cannot and do not guarantee that your User Contributions will not be viewed by unauthorized persons.<\/p>\n<p>Informaci\u00f3n que recopilamos a trav\u00e9s de tecnolog\u00edas de recopilaci\u00f3n autom\u00e1tica de datos.<\/p>\n<p>Mientras navega e interact\u00faa con nuestro Sitio Web, podemos utilizar tecnolog\u00edas autom\u00e1ticas de recogida de datos para recopilar cierta informaci\u00f3n sobre su equipo, acciones de navegaci\u00f3n y patrones, incluyendo:<\/p>\n<ul>\n<li>Detalles de sus visitas a nuestro sitio web, incluidos datos de tr\u00e1fico, datos de localizaci\u00f3n y otros datos de comunicaci\u00f3n, as\u00ed como los recursos a los que accede y que utiliza en el sitio web.<\/li>\n<li>Informaci\u00f3n sobre su ordenador y su conexi\u00f3n a Internet, incluida su direcci\u00f3n IP, sistema operativo y tipo de navegador.<\/li>\n<\/ul>\n<p>Tambi\u00e9n podemos utilizar estas tecnolog\u00edas para recopilar informaci\u00f3n sobre sus actividades en l\u00ednea a lo largo del tiempo y a trav\u00e9s de sitios web de terceros u otros servicios en l\u00ednea (seguimiento del comportamiento). La informaci\u00f3n que recopilamos autom\u00e1ticamente son datos estad\u00edsticos y no incluye informaci\u00f3n personal, pero podemos mantenerla o asociarla con informaci\u00f3n personal que recopilemos de otras formas o que recibamos de terceros. Nos ayuda a mejorar nuestro sitio web y a prestar un servicio mejor y m\u00e1s personalizado, permiti\u00e9ndonos, entre otras cosas:<\/p>\n<ul>\n<li>Estimar el tama\u00f1o de nuestra audiencia y los patrones de uso.<\/li>\n<li>Almacenar informaci\u00f3n sobre sus preferencias, lo que nos permite personalizar nuestro sitio web de acuerdo con sus intereses individuales.<\/li>\n<li>Acelera tus b\u00fasquedas.<\/li>\n<li>Reconocerle cuando regrese a nuestro sitio web.<\/li>\n<\/ul>\n<p>Las tecnolog\u00edas que utilizamos para esta recogida autom\u00e1tica de datos pueden incluir:<\/p>\n<ul>\n<li>Cookies (o cookies del navegador). Una cookie es un peque\u00f1o archivo que se almacena en el disco duro de su ordenador. Puede negarse a aceptar las cookies del navegador activando la configuraci\u00f3n correspondiente en su navegador. No obstante, si selecciona esta configuraci\u00f3n, es posible que no pueda acceder a determinadas partes de nuestro sitio web. A menos que haya ajustado la configuraci\u00f3n de su navegador para que rechace las cookies, nuestro sistema emitir\u00e1 cookies cuando usted dirija su navegador a nuestro sitio web.<\/li>\n<li>Cookies Flash. Determinadas funciones de nuestro sitio web pueden utilizar objetos locales almacenados (o cookies Flash) para recopilar y almacenar informaci\u00f3n sobre sus preferencias y navegaci\u00f3n hacia, desde y en nuestro sitio web. Las cookies Flash no se gestionan mediante los mismos ajustes del navegador que se utilizan para las cookies del navegador.<\/li>\n<li>Balizas web. Las p\u00e1ginas de nuestro sitio web pueden contener peque\u00f1os archivos electr\u00f3nicos conocidos como \"web beacons\" (tambi\u00e9n denominados \"clear gifs\", \"pixel tags\" y \"single-pixel gifs\") que permiten a la Empresa, por ejemplo, contar los usuarios que han visitado esas p\u00e1ginas o han abierto un correo electr\u00f3nico y realizar otras estad\u00edsticas relacionadas con el sitio web (por ejemplo, registrar la popularidad de determinados contenidos del sitio web y verificar la integridad del sistema y del servidor).<\/li>\n<\/ul>\n<p>No recopilamos Informaci\u00f3n personal autom\u00e1ticamente, pero podemos vincular esta informaci\u00f3n a la informaci\u00f3n personal sobre usted que recopilamos de otras fuentes o que usted nos proporciona.<\/p>\n<p>Uso de cookies y otras tecnolog\u00edas de seguimiento por parte de terceros.<\/p>\n<p>Algunos contenidos o aplicaciones del sitio web, incluidos los anuncios, son suministrados por terceros, como anunciantes, redes y servidores de anuncios, proveedores de contenidos y proveedores de aplicaciones. Estos terceros pueden utilizar cookies solas o junto con balizas web u otras tecnolog\u00edas de seguimiento para recopilar informaci\u00f3n sobre usted cuando utiliza nuestro sitio web. La informaci\u00f3n que recopilan puede estar asociada a sus datos personales o pueden recopilar informaci\u00f3n, incluida informaci\u00f3n personal, sobre sus actividades en l\u00ednea a lo largo del tiempo y en diferentes sitios web y otros servicios en l\u00ednea. Pueden utilizar esta informaci\u00f3n para ofrecerle publicidad basada en sus intereses (comportamiento) u otros contenidos espec\u00edficos.<\/p>\n<p>We do not control these third parties&#8217; tracking technologies or how they may be used. If you have any questions about an advertisement or other targeted content, you should contact the responsible provider directly.<\/p>\n<p>C\u00f3mo utilizamos su informaci\u00f3n<\/p>\n<p>Utilizamos la informaci\u00f3n que recopilamos sobre usted o que usted nos proporciona, incluida cualquier informaci\u00f3n personal:<\/p>\n<ul>\n<li>Para presentarle nuestro sitio web y su contenido.<\/li>\n<li>Para proporcionarle informaci\u00f3n, productos o servicios que nos solicite.<\/li>\n<li>Proporcionarle informaci\u00f3n sobre nuestros servicios<\/li>\n<li>Para proporcionarle avisos sobre su cuenta\/suscripci\u00f3n, incluidos los avisos de caducidad y renovaci\u00f3n.<\/li>\n<li>Para cumplir nuestras obligaciones y hacer valer nuestros derechos derivados de cualquier contrato celebrado entre usted y nosotros, incluidos los de facturaci\u00f3n y cobro.<\/li>\n<li>Para notificarle cambios en nuestro sitio web o en cualquier producto o servicio que ofrezcamos o prestemos a trav\u00e9s de \u00e9l.<\/li>\n<li>Para permitirle participar en funciones interactivas de nuestro sitio web.<\/li>\n<li>De cualquier otra forma que podamos describir cuando nos facilite la informaci\u00f3n.<\/li>\n<li>Para cumplir cualquier finalidad para la que usted la facilite.<\/li>\n<li>Para cualquier otro fin con su consentimiento.<\/li>\n<\/ul>\n<p>We may use the information we have collected from you to enable us to display advertisements to our advertisers&#8217; target audiences. Even though we do not disclose your personal information for these purposes without your consent, if you click on or otherwise interact with an advertisement, the advertiser may assume that you meet its target criteria.<\/p>\n<p>Divulgaci\u00f3n de sus datos<\/p>\n<p>Podemos divulgar informaci\u00f3n agregada sobre nuestros usuarios, e informaci\u00f3n que no identifique a ning\u00fan individuo, sin restricciones.<\/p>\n<p>Podemos divulgar la informaci\u00f3n personal que recopilemos o que usted nos proporcione tal como se describe en esta pol\u00edtica de privacidad:<\/p>\n<ul>\n<li>A nuestras filiales y empresas asociadas.<\/li>\n<li>A contratistas, proveedores de servicios y otros terceros que utilizamos para apoyar nuestra actividad y que est\u00e1n obligados por contrato a mantener la confidencialidad de los datos personales y a utilizarlos \u00fanicamente para los fines para los que se los comunicamos.<\/li>\n<li>To a buyer or other successor in the event of a merger, divestiture, restructuring, reorganization, dissolution or other sale or transfer of some or all of the Company&#8217;s assets, whether as a going concern or as part of bankruptcy, liquidation or similar proceeding, in which personal information held by the Company about our Website users is among the assets transferred.<\/li>\n<li>A terceros para que comercialicen con usted sus productos o servicios, si usted ha dado su consentimiento para estas divulgaciones. Exigimos contractualmente a estos terceros que mantengan la confidencialidad de la informaci\u00f3n personal y la utilicen \u00fanicamente para los fines para los que se la comunicamos.<\/li>\n<li>To fulfill the purpose for which you provide it. For example, if you give us an e-mail address to use the &#8220;e-mail a friend&#8221; feature of our Website, we will transmit the contents of that e-mail and your e-mail address to the recipients.<\/li>\n<li>Para cualquier otro fin que le comuniquemos cuando nos facilite la informaci\u00f3n.<\/li>\n<li>Con su consentimiento.<\/li>\n<\/ul>\n<p>Tambi\u00e9n podemos revelar su informaci\u00f3n personal:<\/p>\n<ul>\n<li>Para cumplir cualquier orden judicial, ley o proceso legal, incluida la respuesta a cualquier solicitud gubernamental o reglamentaria.<\/li>\n<li>Para hacer cumplir o aplicar nuestras condiciones de uso y otros acuerdos, incluso con fines de facturaci\u00f3n y cobro.<\/li>\n<li>Si creemos que la divulgaci\u00f3n es necesaria o apropiada para proteger los derechos, la propiedad o la seguridad de la empresa, de nuestros clientes o de terceros. Esto incluye el intercambio de informaci\u00f3n con otras empresas y organizaciones con fines de protecci\u00f3n contra el fraude y la reducci\u00f3n del riesgo de cr\u00e9dito.<\/li>\n<\/ul>\n<p>Opciones sobre c\u00f3mo utilizamos y divulgamos su informaci\u00f3n<\/p>\n<p>Nos esforzamos por ofrecerle opciones en relaci\u00f3n con la informaci\u00f3n personal que nos proporciona. Hemos creado mecanismos para proporcionarle el siguiente control sobre su informaci\u00f3n:<\/p>\n<ul>\n<li>Tracking Technologies and Advertising. You can set your browser to refuse all or some browser cookies, or to alert you when cookies are being sent. To learn how you can manage your Flash cookie settings, visit the Flash player settings page on Adobe&#8217;s website. If you disable or refuse cookies, please note that some parts of this site may then be inaccessible or not function properly.<\/li>\n<li>We do not control third parties&#8217; collection or use of your information to serve interest-based advertising. However these third parties may provide you with ways to choose not to have your information collected or used in this way. You can opt out of receiving targeted ads from members of the Network Advertising Initiative (&#8220;NAI&#8221;) on the NAI&#8217;s website.<\/li>\n<\/ul>\n<p>Acceso y correcci\u00f3n de sus datos<\/p>\n<p>Puede enviarnos un correo electr\u00f3nico a trav\u00e9s de nuestro enlace de contacto para solicitar acceso, corregir o eliminar cualquier informaci\u00f3n personal que nos haya proporcionado. No podemos eliminar su informaci\u00f3n personal excepto si tambi\u00e9n eliminamos su cuenta de usuario. Es posible que no accedamos a una solicitud de cambio de informaci\u00f3n si consideramos que dicho cambio infringir\u00eda alguna ley o requisito legal o provocar\u00eda que la informaci\u00f3n fuera incorrecta.<\/p>\n<p>Si elimina sus Contribuciones de Usuario del Sitio Web, es posible que permanezcan visibles copias de las mismas en p\u00e1ginas almacenadas en cach\u00e9 o archivadas, o que hayan sido copiadas o almacenadas por otros usuarios del Sitio Web. El acceso y uso adecuados de la informaci\u00f3n proporcionada en el sitio web, incluidas las contribuciones de los usuarios, se rige por nuestras condiciones de uso.<\/p>\n<p>Sus derechos de privacidad en California<\/p>\n<p>El art\u00edculo 1798.83 del C\u00f3digo Civil de California permite a los usuarios de nuestro sitio web residentes en California solicitar determinada informaci\u00f3n relativa a la divulgaci\u00f3n de datos personales a terceros con fines de marketing directo. Para realizar dicha solicitud, p\u00f3ngase en contacto con nosotros a trav\u00e9s del enlace Cont\u00e1ctenos.<\/p>\n<p>Seguridad de los datos<\/p>\n<p>Hemos adoptado medidas para proteger sus datos personales de p\u00e9rdidas accidentales y de accesos, usos, alteraciones y divulgaciones no autorizados.<\/p>\n<p>La seguridad de su informaci\u00f3n tambi\u00e9n depende de usted. Cuando le hayamos dado (o usted haya elegido) una contrase\u00f1a para acceder a determinadas partes de nuestro sitio web, usted es responsable de mantener la confidencialidad de dicha contrase\u00f1a. Le rogamos que no comparta su contrase\u00f1a con nadie.<\/p>\n<p>Lamentablemente, la transmisi\u00f3n de informaci\u00f3n a trav\u00e9s de Internet no es completamente segura. Aunque hacemos todo lo posible para proteger su informaci\u00f3n personal, no podemos garantizar la seguridad de la informaci\u00f3n personal transmitida a nuestro sitio web. Cualquier transmisi\u00f3n de informaci\u00f3n personal es bajo su propio riesgo. No nos hacemos responsables de la elusi\u00f3n de cualquier configuraci\u00f3n de privacidad o medidas de seguridad contenidas en el Sitio Web.<\/p>\n<p>Cambios en nuestra pol\u00edtica de privacidad<\/p>\n<p>It is our policy to post any changes we make to our privacy policy on this page. If we make material changes to how we treat our users&#8217; personal information, we will notify you by e-mail to the e-mail address specified in your account and\/or through a notice on the Website home page. The date the privacy policy was last revised is identified at the top of the page. You are responsible for ensuring we have an up-to-date active and deliverable e-mail address for you, and for periodically visiting our Website and this privacy policy to check for any changes.<\/p>\n<p>Informaci\u00f3n de contacto<\/p>\n<p>Para hacer preguntas o comentarios sobre esta pol\u00edtica de privacidad y nuestras pr\u00e1cticas de privacidad, p\u00f3ngase en contacto a trav\u00e9s de nuestro <a href=\"https:\/\/www.metaflotech.com\/es\/contacto\/\">Contacte con nosotros<\/a> enlace.<\/p>\n<p>Gracias por visitar el sitio web.<\/p>","protected":false},"excerpt":{"rendered":"<p>Last Updated on 4\/26\/2021. This privacy policy is effective immediately. Introduction At Metaflo Technologies (the &#8220;Company&#8221; or &#8220;We&#8221;), we respect your privacy and are committed to protecting it through our compliance with this policy. This policy describes the types of information we may collect from you or that you may provide when you visit this&hellip;<\/p>","protected":false},"author":1,"featured_media":0,"parent":0,"menu_order":0,"comment_status":"closed","ping_status":"closed","template":"","meta":{"_acf_changed":false,"inline_featured_image":false,"footnotes":""},"class_list":["post-73592","page","type-page","status-publish","hentry"],"acf":[],"yoast_head":"<!-- This site is optimized with the Yoast SEO plugin v27.5 - https:\/\/yoast.com\/product\/yoast-seo-wordpress\/ -->\n<title>Privacy Policy | MetaFLO Technologies<\/title>\n<meta name=\"robots\" content=\"index, follow, max-snippet:-1, max-image-preview:large, max-video-preview:-1\" \/>\n<link rel=\"canonical\" href=\"https:\/\/www.metaflotech.com\/es\/politica-de-privacidad\/\" \/>\n<meta property=\"og:locale\" content=\"es_ES\" \/>\n<meta property=\"og:type\" content=\"article\" \/>\n<meta property=\"og:title\" content=\"Privacy Policy | MetaFLO Technologies\" \/>\n<meta property=\"og:description\" content=\"Last Updated on 4\/26\/2021. This privacy policy is effective immediately. Introduction At Metaflo Technologies (the &#8220;Company&#8221; or &#8220;We&#8221;), we respect your privacy and are committed to protecting it through our compliance with this policy. This policy describes the types of information we may collect from you or that you may provide when you visit this&hellip;\" \/>\n<meta property=\"og:url\" content=\"https:\/\/www.metaflotech.com\/es\/politica-de-privacidad\/\" \/>\n<meta property=\"og:site_name\" content=\"MetaFLO Technologies\" \/>\n<meta property=\"article:publisher\" content=\"https:\/\/www.facebook.com\/MetaFLOTechnologies\/\" \/>\n<meta property=\"article:modified_time\" content=\"2021-06-22T16:07:37+00:00\" \/>\n<meta name=\"twitter:card\" content=\"summary_large_image\" \/>\n<meta name=\"twitter:site\" content=\"@metaflo\" \/>\n<meta name=\"twitter:label1\" content=\"Tiempo de lectura\" \/>\n\t<meta name=\"twitter:data1\" content=\"12 minutos\" \/>\n<script type=\"application\/ld+json\" class=\"yoast-schema-graph\">{\"@context\":\"https:\\\/\\\/schema.org\",\"@graph\":[{\"@type\":\"WebPage\",\"@id\":\"https:\\\/\\\/www.metaflotech.com\\\/es\\\/privacy-policy\\\/\",\"url\":\"https:\\\/\\\/www.metaflotech.com\\\/es\\\/privacy-policy\\\/\",\"name\":\"Privacy Policy | MetaFLO Technologies\",\"isPartOf\":{\"@id\":\"https:\\\/\\\/www.metaflotech.com\\\/es\\\/#website\"},\"datePublished\":\"2021-04-26T23:59:53+00:00\",\"dateModified\":\"2021-06-22T16:07:37+00:00\",\"breadcrumb\":{\"@id\":\"https:\\\/\\\/www.metaflotech.com\\\/es\\\/privacy-policy\\\/#breadcrumb\"},\"inLanguage\":\"es\",\"potentialAction\":[{\"@type\":\"ReadAction\",\"target\":[\"https:\\\/\\\/www.metaflotech.com\\\/es\\\/privacy-policy\\\/\"]}]},{\"@type\":\"BreadcrumbList\",\"@id\":\"https:\\\/\\\/www.metaflotech.com\\\/es\\\/privacy-policy\\\/#breadcrumb\",\"itemListElement\":[{\"@type\":\"ListItem\",\"position\":1,\"name\":\"Home\",\"item\":\"https:\\\/\\\/www.metaflotech.com\\\/\"},{\"@type\":\"ListItem\",\"position\":2,\"name\":\"Privacy Policy\"}]},{\"@type\":\"WebSite\",\"@id\":\"https:\\\/\\\/www.metaflotech.com\\\/es\\\/#website\",\"url\":\"https:\\\/\\\/www.metaflotech.com\\\/es\\\/\",\"name\":\"MetaFLO Technologies\",\"description\":\"Engineered Polymer Solutions For Industrial Applications\",\"potentialAction\":[{\"@type\":\"SearchAction\",\"target\":{\"@type\":\"EntryPoint\",\"urlTemplate\":\"https:\\\/\\\/www.metaflotech.com\\\/es\\\/?s={search_term_string}\"},\"query-input\":{\"@type\":\"PropertyValueSpecification\",\"valueRequired\":true,\"valueName\":\"search_term_string\"}}],\"inLanguage\":\"es\"}]}<\/script>\n<!-- \/ Yoast SEO plugin. -->","yoast_head_json":{"title":"Privacy Policy | MetaFLO Technologies","robots":{"index":"index","follow":"follow","max-snippet":"max-snippet:-1","max-image-preview":"max-image-preview:large","max-video-preview":"max-video-preview:-1"},"canonical":"https:\/\/www.metaflotech.com\/es\/politica-de-privacidad\/","og_locale":"es_ES","og_type":"article","og_title":"Privacy Policy | MetaFLO Technologies","og_description":"Last Updated on 4\/26\/2021. This privacy policy is effective immediately. Introduction At Metaflo Technologies (the &#8220;Company&#8221; or &#8220;We&#8221;), we respect your privacy and are committed to protecting it through our compliance with this policy. This policy describes the types of information we may collect from you or that you may provide when you visit this&hellip;","og_url":"https:\/\/www.metaflotech.com\/es\/politica-de-privacidad\/","og_site_name":"MetaFLO Technologies","article_publisher":"https:\/\/www.facebook.com\/MetaFLOTechnologies\/","article_modified_time":"2021-06-22T16:07:37+00:00","twitter_card":"summary_large_image","twitter_site":"@metaflo","twitter_misc":{"Tiempo de lectura":"12 minutos"},"schema":{"@context":"https:\/\/schema.org","@graph":[{"@type":"WebPage","@id":"https:\/\/www.metaflotech.com\/es\/privacy-policy\/","url":"https:\/\/www.metaflotech.com\/es\/privacy-policy\/","name":"Privacy Policy | MetaFLO Technologies","isPartOf":{"@id":"https:\/\/www.metaflotech.com\/es\/#website"},"datePublished":"2021-04-26T23:59:53+00:00","dateModified":"2021-06-22T16:07:37+00:00","breadcrumb":{"@id":"https:\/\/www.metaflotech.com\/es\/privacy-policy\/#breadcrumb"},"inLanguage":"es","potentialAction":[{"@type":"ReadAction","target":["https:\/\/www.metaflotech.com\/es\/privacy-policy\/"]}]},{"@type":"BreadcrumbList","@id":"https:\/\/www.metaflotech.com\/es\/privacy-policy\/#breadcrumb","itemListElement":[{"@type":"ListItem","position":1,"name":"Home","item":"https:\/\/www.metaflotech.com\/"},{"@type":"ListItem","position":2,"name":"Privacy Policy"}]},{"@type":"WebSite","@id":"https:\/\/www.metaflotech.com\/es\/#website","url":"https:\/\/www.metaflotech.com\/es\/","name":"Tecnolog\u00edas MetaFLO","description":"Soluciones de pol\u00edmeros para aplicaciones industriales","potentialAction":[{"@type":"SearchAction","target":{"@type":"EntryPoint","urlTemplate":"https:\/\/www.metaflotech.com\/es\/?s={search_term_string}"},"query-input":{"@type":"PropertyValueSpecification","valueRequired":true,"valueName":"search_term_string"}}],"inLanguage":"es"}]}},"_links":{"self":[{"href":"https:\/\/www.metaflotech.com\/es\/wp-json\/wp\/v2\/pages\/73592","targetHints":{"allow":["GET"]}}],"collection":[{"href":"https:\/\/www.metaflotech.com\/es\/wp-json\/wp\/v2\/pages"}],"about":[{"href":"https:\/\/www.metaflotech.com\/es\/wp-json\/wp\/v2\/types\/page"}],"author":[{"embeddable":true,"href":"https:\/\/www.metaflotech.com\/es\/wp-json\/wp\/v2\/users\/1"}],"replies":[{"embeddable":true,"href":"https:\/\/www.metaflotech.com\/es\/wp-json\/wp\/v2\/comments?post=73592"}],"version-history":[{"count":0,"href":"https:\/\/www.metaflotech.com\/es\/wp-json\/wp\/v2\/pages\/73592\/revisions"}],"wp:attachment":[{"href":"https:\/\/www.metaflotech.com\/es\/wp-json\/wp\/v2\/media?parent=73592"}],"curies":[{"name":"wp","href":"https:\/\/api.w.org\/{rel}","templated":true}]}}