{"id":89260,"date":"2024-03-25T11:28:51","date_gmt":"2024-03-25T11:28:51","guid":{"rendered":"https:\/\/www.metaflotech.com\/?page_id=89260"},"modified":"2026-03-12T13:15:08","modified_gmt":"2026-03-12T13:15:08","slug":"mf003","status":"publish","type":"page","link":"https:\/\/www.metaflotech.com\/es\/products\/solidification-reagents\/mf003\/","title":{"rendered":"MF003 Liquid Waste Solidification Polymer"},"content":{"rendered":"<img decoding=\"async\" src=\"https:\/\/www.metaflotech.com\/wp-content\/uploads\/2024\/03\/Dark-MF003.svg\" alt=\"MF003\" itemprop=\"image\" height=\"100\" width=\"100\" onerror=\"this.style.display='none'\" loading=\"lazy\" \/>\r\n\t<h1><strong>Ideal para la solidificaci\u00f3n de diversos flujos de residuos l\u00edquidos<br \/>\r\n<\/strong><\/h1>\r\n<h1>Dise\u00f1ado para solidificar residuos l\u00edquidos procedentes de la excavaci\u00f3n de t\u00faneles (EPB), la perforaci\u00f3n direccional, etc.<\/h1>\r\n\t<h3><strong>Aplicaci\u00f3n<\/strong><\/h3>\r\n\t\t\t <p>Perforaci\u00f3n direccional<\/p>\t\t\r\n\t\t\t <p>T\u00fanel (EPB)<\/p>\t\t\r\n\t\t\t <p>Microtunelado<\/p>\t\t\r\n\t\t\t <p>Aguas pluviales Sedimentos<\/p>\r\n\t\t\t <p>Lechadas al agua<\/p>\t\t\r\n\t\t\t <p>Infraestructura Lodos<\/p>\r\n\t\t\t <p>Flujos de residuos variables<\/p>\r\n\t<h3><strong>Sustituye a<\/strong><\/h3>\r\n\t\t\t <p>Serr\u00edn<\/p>\r\n\t\t\t <p>Cal<\/p>\r\n\t\t\t <p>Otras enmiendas secas<\/p>\r\n\t<h3><strong>Beneficios<\/strong><\/h3>\r\n\t\t\t <p>Dise\u00f1ado para solidificar residuos l\u00edquidos para cumplir la prueba de filtro de pintura (m\u00e9todo de prueba 9095 de la EPA)<\/p>\r\n\t\t\t <p>Necesidades de dosificaci\u00f3n muy bajas<\/p>\r\n\t\t\t <p>Contenido variable en s\u00f3lidos<\/p>\t\t\r\n\t\t\t <p>Puede reducir el peso y el volumen hasta 20% (en condiciones favorables y secas)<\/p>\t\t\r\n\t\t\t <p>Convierte r\u00e1pidamente los fluidos de perforaci\u00f3n en s\u00f3lidos (&lt;30 minutos)<\/p>\t\t\r\n\t\t\t <p>Crea un s\u00f3lido seco y apilable para facilitar su manipulaci\u00f3n y transporte<\/p>\t\t\r\n\t\t\t <p>Inmoviliza los contaminantes<\/p>\t\t\r\n\t\t\t <p>Supera las pruebas de microtoxicidad<\/p>\t\t\r\n\t\t\t <p>Efectos m\u00ednimos de la humedad<\/p>\r\n\t\t\t <p>Respetuoso con los vertederos<\/p>\r\n\t<h1><strong>Nuestros reactivos<\/strong><\/h1>\r\n<p>MetaFLO&#8217;s reagents turn industrial liquid waste streams into solids in minutes. By simply adding a minimal dosage of MetaFLO&#8217;s proprietary formulations to industrial liquid waste-from processes like HDD, drilling, boring, tunneling, micro-tunneling and hydro excavations-these reagents absorb excess water and immobilize any contaminants.<\/p>\r\n<p>All MetaFLO solidification products are environmentally safe, and are applied to help meet environmental solids criteria for wet spoils. The solidified material will also immobilize metals and hydrocarbons and can safely be transported to landfill directly from the generator site-or can be applied at liquid transfer stations prior to disposal.<\/p>\r\n<p>MetaFLO produce reactivos para muchas aplicaciones diferentes, y tambi\u00e9n podemos dise\u00f1ar una mezcla de reactivos espec\u00edfica para su flujo de residuos. P\u00f3ngase en contacto con nosotros para m\u00e1s detalles.<\/p>\r\n\t\t\t\t<a href=\"https:\/\/www.metaflotech.com\/es\/que-es-el-reactivo-de-solidificacion-metaflo\/\"  target=\"_self\" itemprop=\"url\">\r\n\t\t\t\t<img decoding=\"async\" src=\"https:\/\/www.metaflotech.com\/wp-content\/uploads\/2021\/03\/What-150px.png\" alt=\"Qu\u00e9 es MetaFLO\" itemprop=\"image\" height=\"150\" width=\"150\" title=\"Qu\u00e9-150px\" onerror=\"this.style.display='none'\" loading=\"lazy\" \/>\r\n\t\t\t\t<\/a>\r\n\t\t\t\t<a href=\"https:\/\/www.metaflotech.com\/es\/como-funciona-metaflo\/\"  target=\"_self\" itemprop=\"url\">\r\n\t\t\t\t<img decoding=\"async\" src=\"https:\/\/www.metaflotech.com\/wp-content\/uploads\/2021\/03\/When-150px.png\" alt=\"Cu\u00e1ndo utilizar MetaFLO\" itemprop=\"image\" height=\"150\" width=\"150\" title=\"Cuando-150px\" onerror=\"this.style.display='none'\" loading=\"lazy\" \/>\r\n\t\t\t\t<\/a>\r\n\t\t\t\t<a href=\"https:\/\/www.metaflotech.com\/es\/por-que-elegir-metaflo-para-la-gestion-de-residuos-liquidos\/\"  target=\"_self\" itemprop=\"url\">\r\n\t\t\t\t<img decoding=\"async\" src=\"https:\/\/www.metaflotech.com\/wp-content\/uploads\/2021\/03\/Why-150px.png\" alt=\"Por qu\u00e9 elegir MetaFLO\" itemprop=\"image\" height=\"150\" width=\"150\" title=\"Por qu\u00e9-150px\" onerror=\"this.style.display='none'\" loading=\"lazy\" \/>\r\n\t\t\t\t<\/a>\r\n<h2>\r\n\t\t\tCasos pr\u00e1cticos\t<\/h2>\r\n<h3>\r\n\t\t<a href=\"https:\/\/www.metaflotech.com\/wp-content\/uploads\/2024\/12\/MF003-Case-Study-1_-Tunneling-English-MetaFLO-Technologies.pdf\" title=\"Australia's Longest Road Tunnel Made Efficient with MetaFLO's Waste Transport Solution\"  target=\"_self\">\r\n\t\t\tAustralia&#8217;s Longest Road Tunnel Made Efficient with MetaFLO&#8217;s Waste Transport Solution\t\t<\/a>\r\n\t<\/h3>\r\n\t<p>Rapid solidification technology simplifies waste handling, saving time and costs for Sydney&#8217;s NorthConnex project.<\/p>\r\n<h3>\r\n\t\t<a href=\"https:\/\/www.metaflotech.com\/wp-content\/uploads\/2024\/12\/MF003-Case-Study-2-English-MetaFLO-Technologies.pdf\" title=\"Solidificaci\u00f3n r\u00e1pida de residuos de lechada complejos en obras de construcci\u00f3n\"  target=\"_self\">\r\n\t\t\tSolidificaci\u00f3n r\u00e1pida de residuos de lechada complejos en obras de construcci\u00f3n\t\t<\/a>\r\n\t<\/h3>\r\n\t<p>MetaFLO&#8217;s swift solution for jet grout spoils keeps projects on schedule and minimizes environmental impact, offering a reliable method to handle chemically complex waste in the construction industry.<\/p>\r\n\t\t\t\t<a href=\"https:\/\/www.metaflotech.com\/es\/productos\/reactivos-de-solidificacion\/mf003\/\"  target=\"_self\" itemprop=\"url\">\r\n\t\t\t\t<img decoding=\"async\" src=\"https:\/\/www.metaflotech.com\/wp-content\/uploads\/2024\/03\/Logo-MF003.svg\" alt=\"Logo MF003\" itemprop=\"image\" height=\"100\" width=\"100\" title=\"Logo MF003\" onerror=\"this.style.display='none'\" loading=\"lazy\" \/>\r\n\t\t\t\t<\/a>\r\n\t<p>Flujos de residuos l\u00edquidos<\/p>\r\n\t\t\t\t<a href=\"https:\/\/www.metaflotech.com\/es\/productos\/reactivos-de-solidificacion\/mf006\/\"  target=\"_self\" itemprop=\"url\">\r\n\t\t\t\t<img decoding=\"async\" src=\"https:\/\/www.metaflotech.com\/wp-content\/uploads\/2024\/03\/Logo-MF006.svg\" alt=\"Logotipo MF006\" itemprop=\"image\" height=\"100\" width=\"100\" title=\"Logotipo MF006\" onerror=\"this.style.display='none'\" loading=\"lazy\" \/>\r\n\t\t\t\t<\/a>\r\n\t<p>\u2713 Semis\u00f3lidos a base de agua<\/p>\r\n\t\t\t\t<a href=\"https:\/\/www.metaflotech.com\/es\/productos\/reactivos-de-solidificacion\/mf008\/\"  target=\"_self\" itemprop=\"url\">\r\n\t\t\t\t<img decoding=\"async\" src=\"https:\/\/www.metaflotech.com\/wp-content\/uploads\/2024\/03\/Logo-MF008.svg\" alt=\"Logotipo MF008\" itemprop=\"image\" height=\"100\" width=\"100\" title=\"Logotipo MF008\" onerror=\"this.style.display='none'\" loading=\"lazy\" \/>\r\n\t\t\t\t<\/a>\r\n\t<p>\u2713 Aplicaciones de petr\u00f3leo y gas<\/p>","protected":false},"excerpt":{"rendered":"<p>Ideal for solidification of various liquid waste streams Designed to solidify liquid wastes from tunneling (EPB), directional drilling and more Application Directional Drilling Tunneling (EPB) Micro-Tunnelling Stormwater Sediment Water-Based Slurries Infrastructure Sludge Variable Waste Streams Replaces Sawdust Lime Other Dry Amendments Benefits Designed to solidify liquid wastes to meet the Paint Filter Test (EPA Test&hellip;<\/p>","protected":false},"author":1,"featured_media":0,"parent":108080,"menu_order":0,"comment_status":"closed","ping_status":"closed","template":"","meta":{"_acf_changed":false,"inline_featured_image":false,"footnotes":""},"class_list":["post-89260","page","type-page","status-publish","hentry"],"acf":[],"yoast_head":"<!-- This site is optimized with the Yoast SEO plugin v27.5 - https:\/\/yoast.com\/product\/yoast-seo-wordpress\/ -->\n<title>MF003 Liquid Waste Solidification Polymer | MetaFLO Technologies<\/title>\n<meta name=\"description\" content=\"MF003 is a high-performance polymer for liquid waste, sludge and slurry solidification, enabling faster handling, safer transport and reduced disposal costs.\" \/>\n<meta name=\"robots\" content=\"index, follow, max-snippet:-1, max-image-preview:large, max-video-preview:-1\" \/>\n<link rel=\"canonical\" href=\"https:\/\/www.metaflotech.com\/es\/productos\/reactivos-de-solidificacion\/mf003\/\" \/>\n<meta property=\"og:locale\" content=\"es_ES\" \/>\n<meta property=\"og:type\" content=\"article\" \/>\n<meta property=\"og:title\" content=\"MF003 Liquid Waste Solidification Polymer | MetaFLO Technologies\" \/>\n<meta property=\"og:description\" content=\"MF003 is a high-performance polymer for liquid waste, sludge and slurry solidification, enabling faster handling, safer transport and reduced disposal costs.\" \/>\n<meta property=\"og:url\" content=\"https:\/\/www.metaflotech.com\/es\/productos\/reactivos-de-solidificacion\/mf003\/\" \/>\n<meta property=\"og:site_name\" content=\"MetaFLO Technologies\" \/>\n<meta property=\"article:publisher\" content=\"https:\/\/www.facebook.com\/MetaFLOTechnologies\/\" \/>\n<meta property=\"article:modified_time\" content=\"2026-03-12T13:15:08+00:00\" \/>\n<meta property=\"og:image\" content=\"https:\/\/www.metaflotech.com\/wp-content\/uploads\/2024\/03\/Dark-MF003.svg\" \/>\n<meta name=\"twitter:card\" content=\"summary_large_image\" \/>\n<meta name=\"twitter:site\" content=\"@metaflo\" \/>\n<meta name=\"twitter:label1\" content=\"Tiempo de lectura\" \/>\n\t<meta name=\"twitter:data1\" content=\"3 minutos\" \/>\n<script type=\"application\/ld+json\" class=\"yoast-schema-graph\">{\"@context\":\"https:\\\/\\\/schema.org\",\"@graph\":[{\"@type\":\"WebPage\",\"@id\":\"https:\\\/\\\/www.metaflotech.com\\\/es\\\/products\\\/solidification-reagents\\\/mf003\\\/\",\"url\":\"https:\\\/\\\/www.metaflotech.com\\\/es\\\/products\\\/solidification-reagents\\\/mf003\\\/\",\"name\":\"MF003 Liquid Waste Solidification Polymer | MetaFLO Technologies\",\"isPartOf\":{\"@id\":\"https:\\\/\\\/www.metaflotech.com\\\/es\\\/#website\"},\"primaryImageOfPage\":{\"@id\":\"https:\\\/\\\/www.metaflotech.com\\\/es\\\/products\\\/solidification-reagents\\\/mf003\\\/#primaryimage\"},\"image\":{\"@id\":\"https:\\\/\\\/www.metaflotech.com\\\/es\\\/products\\\/solidification-reagents\\\/mf003\\\/#primaryimage\"},\"thumbnailUrl\":\"https:\\\/\\\/www.metaflotech.com\\\/wp-content\\\/uploads\\\/2024\\\/03\\\/Dark-MF003.svg\",\"datePublished\":\"2024-03-25T11:28:51+00:00\",\"dateModified\":\"2026-03-12T13:15:08+00:00\",\"description\":\"MF003 is a high-performance polymer for liquid waste, sludge and slurry solidification, enabling faster handling, safer transport and reduced disposal costs.\",\"breadcrumb\":{\"@id\":\"https:\\\/\\\/www.metaflotech.com\\\/es\\\/products\\\/solidification-reagents\\\/mf003\\\/#breadcrumb\"},\"inLanguage\":\"es\",\"potentialAction\":[{\"@type\":\"ReadAction\",\"target\":[\"https:\\\/\\\/www.metaflotech.com\\\/es\\\/products\\\/solidification-reagents\\\/mf003\\\/\"]}]},{\"@type\":\"ImageObject\",\"inLanguage\":\"es\",\"@id\":\"https:\\\/\\\/www.metaflotech.com\\\/es\\\/products\\\/solidification-reagents\\\/mf003\\\/#primaryimage\",\"url\":\"https:\\\/\\\/www.metaflotech.com\\\/wp-content\\\/uploads\\\/2024\\\/03\\\/Dark-MF003.svg\",\"contentUrl\":\"https:\\\/\\\/www.metaflotech.com\\\/wp-content\\\/uploads\\\/2024\\\/03\\\/Dark-MF003.svg\"},{\"@type\":\"BreadcrumbList\",\"@id\":\"https:\\\/\\\/www.metaflotech.com\\\/es\\\/products\\\/solidification-reagents\\\/mf003\\\/#breadcrumb\",\"itemListElement\":[{\"@type\":\"ListItem\",\"position\":1,\"name\":\"Home\",\"item\":\"https:\\\/\\\/www.metaflotech.com\\\/\"},{\"@type\":\"ListItem\",\"position\":2,\"name\":\"Products\",\"item\":\"https:\\\/\\\/www.metaflotech.com\\\/products\\\/\"},{\"@type\":\"ListItem\",\"position\":3,\"name\":\"Solidification Reagents (MF)\",\"item\":\"https:\\\/\\\/www.metaflotech.com\\\/products\\\/solidification-reagents\\\/\"},{\"@type\":\"ListItem\",\"position\":4,\"name\":\"MF003 Liquid Waste Solidification Polymer\"}]},{\"@type\":\"WebSite\",\"@id\":\"https:\\\/\\\/www.metaflotech.com\\\/es\\\/#website\",\"url\":\"https:\\\/\\\/www.metaflotech.com\\\/es\\\/\",\"name\":\"MetaFLO Technologies\",\"description\":\"Engineered Polymer Solutions For Industrial Applications\",\"potentialAction\":[{\"@type\":\"SearchAction\",\"target\":{\"@type\":\"EntryPoint\",\"urlTemplate\":\"https:\\\/\\\/www.metaflotech.com\\\/es\\\/?s={search_term_string}\"},\"query-input\":{\"@type\":\"PropertyValueSpecification\",\"valueRequired\":true,\"valueName\":\"search_term_string\"}}],\"inLanguage\":\"es\"}]}<\/script>\n<!-- \/ Yoast SEO plugin. -->","yoast_head_json":{"title":"MF003 Liquid Waste Solidification Polymer | MetaFLO Technologies","description":"MF003 is a high-performance polymer for liquid waste, sludge and slurry solidification, enabling faster handling, safer transport and reduced disposal costs.","robots":{"index":"index","follow":"follow","max-snippet":"max-snippet:-1","max-image-preview":"max-image-preview:large","max-video-preview":"max-video-preview:-1"},"canonical":"https:\/\/www.metaflotech.com\/es\/productos\/reactivos-de-solidificacion\/mf003\/","og_locale":"es_ES","og_type":"article","og_title":"MF003 Liquid Waste Solidification Polymer | MetaFLO Technologies","og_description":"MF003 is a high-performance polymer for liquid waste, sludge and slurry solidification, enabling faster handling, safer transport and reduced disposal costs.","og_url":"https:\/\/www.metaflotech.com\/es\/productos\/reactivos-de-solidificacion\/mf003\/","og_site_name":"MetaFLO Technologies","article_publisher":"https:\/\/www.facebook.com\/MetaFLOTechnologies\/","article_modified_time":"2026-03-12T13:15:08+00:00","og_image":[{"url":"https:\/\/www.metaflotech.com\/wp-content\/uploads\/2024\/03\/Dark-MF003.svg","type":"","width":"","height":""}],"twitter_card":"summary_large_image","twitter_site":"@metaflo","twitter_misc":{"Tiempo de lectura":"3 minutos"},"schema":{"@context":"https:\/\/schema.org","@graph":[{"@type":"WebPage","@id":"https:\/\/www.metaflotech.com\/es\/products\/solidification-reagents\/mf003\/","url":"https:\/\/www.metaflotech.com\/es\/products\/solidification-reagents\/mf003\/","name":"MF003 Liquid Waste Solidification Polymer | MetaFLO Technologies","isPartOf":{"@id":"https:\/\/www.metaflotech.com\/es\/#website"},"primaryImageOfPage":{"@id":"https:\/\/www.metaflotech.com\/es\/products\/solidification-reagents\/mf003\/#primaryimage"},"image":{"@id":"https:\/\/www.metaflotech.com\/es\/products\/solidification-reagents\/mf003\/#primaryimage"},"thumbnailUrl":"https:\/\/www.metaflotech.com\/wp-content\/uploads\/2024\/03\/Dark-MF003.svg","datePublished":"2024-03-25T11:28:51+00:00","dateModified":"2026-03-12T13:15:08+00:00","description":"MF003 is a high-performance polymer for liquid waste, sludge and slurry solidification, enabling faster handling, safer transport and reduced disposal costs.","breadcrumb":{"@id":"https:\/\/www.metaflotech.com\/es\/products\/solidification-reagents\/mf003\/#breadcrumb"},"inLanguage":"es","potentialAction":[{"@type":"ReadAction","target":["https:\/\/www.metaflotech.com\/es\/products\/solidification-reagents\/mf003\/"]}]},{"@type":"ImageObject","inLanguage":"es","@id":"https:\/\/www.metaflotech.com\/es\/products\/solidification-reagents\/mf003\/#primaryimage","url":"https:\/\/www.metaflotech.com\/wp-content\/uploads\/2024\/03\/Dark-MF003.svg","contentUrl":"https:\/\/www.metaflotech.com\/wp-content\/uploads\/2024\/03\/Dark-MF003.svg"},{"@type":"BreadcrumbList","@id":"https:\/\/www.metaflotech.com\/es\/products\/solidification-reagents\/mf003\/#breadcrumb","itemListElement":[{"@type":"ListItem","position":1,"name":"Home","item":"https:\/\/www.metaflotech.com\/"},{"@type":"ListItem","position":2,"name":"Products","item":"https:\/\/www.metaflotech.com\/products\/"},{"@type":"ListItem","position":3,"name":"Solidification Reagents (MF)","item":"https:\/\/www.metaflotech.com\/products\/solidification-reagents\/"},{"@type":"ListItem","position":4,"name":"MF003 Liquid Waste Solidification Polymer"}]},{"@type":"WebSite","@id":"https:\/\/www.metaflotech.com\/es\/#website","url":"https:\/\/www.metaflotech.com\/es\/","name":"Tecnolog\u00edas MetaFLO","description":"Soluciones de pol\u00edmeros para aplicaciones industriales","potentialAction":[{"@type":"SearchAction","target":{"@type":"EntryPoint","urlTemplate":"https:\/\/www.metaflotech.com\/es\/?s={search_term_string}"},"query-input":{"@type":"PropertyValueSpecification","valueRequired":true,"valueName":"search_term_string"}}],"inLanguage":"es"}]}},"_links":{"self":[{"href":"https:\/\/www.metaflotech.com\/es\/wp-json\/wp\/v2\/pages\/89260","targetHints":{"allow":["GET"]}}],"collection":[{"href":"https:\/\/www.metaflotech.com\/es\/wp-json\/wp\/v2\/pages"}],"about":[{"href":"https:\/\/www.metaflotech.com\/es\/wp-json\/wp\/v2\/types\/page"}],"author":[{"embeddable":true,"href":"https:\/\/www.metaflotech.com\/es\/wp-json\/wp\/v2\/users\/1"}],"replies":[{"embeddable":true,"href":"https:\/\/www.metaflotech.com\/es\/wp-json\/wp\/v2\/comments?post=89260"}],"version-history":[{"count":0,"href":"https:\/\/www.metaflotech.com\/es\/wp-json\/wp\/v2\/pages\/89260\/revisions"}],"up":[{"embeddable":true,"href":"https:\/\/www.metaflotech.com\/es\/wp-json\/wp\/v2\/pages\/108080"}],"wp:attachment":[{"href":"https:\/\/www.metaflotech.com\/es\/wp-json\/wp\/v2\/media?parent=89260"}],"curies":[{"name":"wp","href":"https:\/\/api.w.org\/{rel}","templated":true}]}}