{"id":91002,"date":"2024-05-30T06:40:33","date_gmt":"2024-05-30T06:40:33","guid":{"rendered":"https:\/\/www.metaflotech.com\/?page_id=91002"},"modified":"2026-03-12T13:14:18","modified_gmt":"2026-03-12T13:14:18","slug":"mf008","status":"publish","type":"page","link":"https:\/\/www.metaflotech.com\/es\/products\/solidification-reagents\/mf008\/","title":{"rendered":"MF008 Oil and Gas Waste Solidification Polymer"},"content":{"rendered":"<img decoding=\"async\" src=\"https:\/\/www.metaflotech.com\/wp-content\/uploads\/2024\/03\/Dark-MF008.svg\" alt=\"MF008 oscuro\" itemprop=\"image\" height=\"100\" width=\"100\" title=\"MF008 oscuro\" onerror=\"this.style.display='none'\" loading=\"lazy\" \/>\r\n\t<h1><strong>Ideal para aplicaciones de petr\u00f3leo y gas<br \/>\r\n<\/strong><\/h1>\r\n<h1>Tales como recortes invertidos u OBM, recortes a base de salmuera<\/h1>\r\n\t<h3><strong>Aplicaci\u00f3n<\/strong><\/h3>\r\n\t\t\t <p>Recortes (a base de aceite)<\/p>\r\n\t\t\t <p>Fondos de tanques<\/p>\t\t\r\n\t\t\t <p>Petr\u00f3leo y gas<\/p>\r\n\t\t\t <p>Lodos aceitosos<\/p>\r\n\t<h3><strong>Sustituye a<\/strong><\/h3>\r\n\t\t\t <p>Cenizas volantes<\/p>\r\n\t\t\t <p>Serr\u00edn<\/p>\r\n\t<h3><strong>Beneficios<\/strong><\/h3>\r\n\t\t\t <p>Ideal para solidificar recortes de perforaci\u00f3n a base de aceite, fondos de tanques y lodos de plataformas aceitosas.<\/p>\r\n\t\t\t <p>Puede utilizarse junto con MF006 o MF003 cuando hay agua presente<\/p>\r\n\t\t\t <p>Crea un s\u00f3lido seco y apilable para facilitar su manipulaci\u00f3n y transporte<\/p>\t\t\r\n\t\t\t <p>Efectos m\u00ednimos de la humedad<\/p>\r\n\t\t\t <p>Respetuoso con los vertederos<\/p>\r\n\t<h1><strong>Nuestros reactivos<\/strong><\/h1>\r\n<p>MetaFLO&#8217;s reagents turn industrial liquid waste streams into solids in minutes. By simply adding a minimal dosage of MetaFLO&#8217;s proprietary formulations to industrial liquid waste-from processes like HDD, drilling, boring, tunneling, micro-tunneling and hydro excavations-these reagents absorb excess water and immobilize any contaminants.<\/p>\r\n<p>All MetaFLO solidification products are environmentally safe, and are applied to help meet environmental solids criteria for wet spoils. The solidified material will also immobilize metals and hydrocarbons and can safely be transported to landfill directly from the generator site-or can be applied at liquid transfer stations prior to disposal.<\/p>\r\n<p>MetaFLO produce reactivos para muchas aplicaciones diferentes, y tambi\u00e9n podemos dise\u00f1ar una mezcla de reactivos espec\u00edfica para su flujo de residuos. P\u00f3ngase en contacto con nosotros para m\u00e1s detalles.<\/p>\r\n\t\t\t\t<a href=\"https:\/\/www.metaflotech.com\/es\/que-es-el-reactivo-de-solidificacion-metaflo\/\"  target=\"_self\" itemprop=\"url\">\r\n\t\t\t\t<img decoding=\"async\" src=\"https:\/\/www.metaflotech.com\/wp-content\/uploads\/2021\/03\/What-150px.png\" alt=\"Qu\u00e9 es MetaFLO\" itemprop=\"image\" height=\"150\" width=\"150\" title=\"Qu\u00e9-150px\" onerror=\"this.style.display='none'\" loading=\"lazy\" \/>\r\n\t\t\t\t<\/a>\r\n\t\t\t\t<a href=\"https:\/\/www.metaflotech.com\/es\/como-funciona-metaflo\/\"  target=\"_self\" itemprop=\"url\">\r\n\t\t\t\t<img decoding=\"async\" src=\"https:\/\/www.metaflotech.com\/wp-content\/uploads\/2021\/03\/When-150px.png\" alt=\"Cu\u00e1ndo utilizar MetaFLO\" itemprop=\"image\" height=\"150\" width=\"150\" title=\"Cuando-150px\" onerror=\"this.style.display='none'\" loading=\"lazy\" \/>\r\n\t\t\t\t<\/a>\r\n\t\t\t\t<a href=\"https:\/\/www.metaflotech.com\/es\/por-que-elegir-metaflo-para-la-gestion-de-residuos-liquidos\/\"  target=\"_self\" itemprop=\"url\">\r\n\t\t\t\t<img decoding=\"async\" src=\"https:\/\/www.metaflotech.com\/wp-content\/uploads\/2021\/03\/Why-150px.png\" alt=\"Por qu\u00e9 elegir MetaFLO\" itemprop=\"image\" height=\"150\" width=\"150\" title=\"Por qu\u00e9-150px\" onerror=\"this.style.display='none'\" loading=\"lazy\" \/>\r\n\t\t\t\t<\/a>\r\n\t\t\t\t<a href=\"https:\/\/www.metaflotech.com\/es\/productos\/reactivos-de-solidificacion\/mf003\/\"  target=\"_self\" itemprop=\"url\">\r\n\t\t\t\t<img decoding=\"async\" src=\"https:\/\/www.metaflotech.com\/wp-content\/uploads\/2024\/03\/Logo-MF003.svg\" alt=\"Logo MF003\" itemprop=\"image\" height=\"100\" width=\"100\" title=\"Logo MF003\" onerror=\"this.style.display='none'\" loading=\"lazy\" \/>\r\n\t\t\t\t<\/a>\r\n\t<p>Flujos de residuos l\u00edquidos<\/p>\r\n\t\t\t\t<a href=\"https:\/\/www.metaflotech.com\/es\/productos\/reactivos-de-solidificacion\/mf006\/\"  target=\"_self\" itemprop=\"url\">\r\n\t\t\t\t<img decoding=\"async\" src=\"https:\/\/www.metaflotech.com\/wp-content\/uploads\/2024\/03\/Logo-MF006.svg\" alt=\"Logotipo MF006\" itemprop=\"image\" height=\"100\" width=\"100\" title=\"Logotipo MF006\" onerror=\"this.style.display='none'\" loading=\"lazy\" \/>\r\n\t\t\t\t<\/a>\r\n\t<p>\u2713 Semis\u00f3lidos a base de agua<\/p>\r\n\t\t\t\t<a href=\"https:\/\/www.metaflotech.com\/es\/productos\/reactivos-de-solidificacion\/mf008\/\"  target=\"_self\" itemprop=\"url\">\r\n\t\t\t\t<img decoding=\"async\" src=\"https:\/\/www.metaflotech.com\/wp-content\/uploads\/2024\/03\/Logo-MF008.svg\" alt=\"Logotipo MF008\" itemprop=\"image\" height=\"100\" width=\"100\" title=\"Logotipo MF008\" onerror=\"this.style.display='none'\" loading=\"lazy\" \/>\r\n\t\t\t\t<\/a>\r\n\t<p>\u2713 Aplicaciones de petr\u00f3leo y gas<\/p>","protected":false},"excerpt":{"rendered":"<p>Ideal for oil and gas applications Such as invert or OBM cuttings, brine-based cuttings Application Cuttings (Oil-Based) Bottoms of Tanks Oil &amp; Gas Oily Sludges Replaces Fly Ash Sawdust Benefits Ideal for solidifying oil-based drill cuttings, tank bottoms and oily pad sludge Can be used in conjunction with MF006 or MF003 when water is present&hellip;<\/p>","protected":false},"author":1,"featured_media":0,"parent":108080,"menu_order":0,"comment_status":"closed","ping_status":"closed","template":"","meta":{"_acf_changed":false,"inline_featured_image":false,"footnotes":""},"class_list":["post-91002","page","type-page","status-publish","hentry"],"acf":[],"yoast_head":"<!-- This site is optimized with the Yoast SEO plugin v27.5 - https:\/\/yoast.com\/product\/yoast-seo-wordpress\/ -->\n<title>MF008 Oil and Gas Waste Solidification Polymer | MetaFLO Technologies<\/title>\n<meta name=\"description\" content=\"MF008 is a high-performance polymer for oil and gas waste solidification, ideal for invert and OBM drill cuttings, brine-based cuttings and other drilling wastes.\" \/>\n<meta name=\"robots\" content=\"index, follow, max-snippet:-1, max-image-preview:large, max-video-preview:-1\" \/>\n<link rel=\"canonical\" href=\"https:\/\/www.metaflotech.com\/es\/productos\/reactivos-de-solidificacion\/mf008\/\" \/>\n<meta property=\"og:locale\" content=\"es_ES\" \/>\n<meta property=\"og:type\" content=\"article\" \/>\n<meta property=\"og:title\" content=\"MF008 Oil and Gas Waste Solidification Polymer | MetaFLO Technologies\" \/>\n<meta property=\"og:description\" content=\"MF008 is a high-performance polymer for oil and gas waste solidification, ideal for invert and OBM drill cuttings, brine-based cuttings and other drilling wastes.\" \/>\n<meta property=\"og:url\" content=\"https:\/\/www.metaflotech.com\/es\/productos\/reactivos-de-solidificacion\/mf008\/\" \/>\n<meta property=\"og:site_name\" content=\"MetaFLO Technologies\" \/>\n<meta property=\"article:publisher\" content=\"https:\/\/www.facebook.com\/MetaFLOTechnologies\/\" \/>\n<meta property=\"article:modified_time\" content=\"2026-03-12T13:14:18+00:00\" \/>\n<meta property=\"og:image\" content=\"https:\/\/www.metaflotech.com\/wp-content\/uploads\/2024\/03\/Dark-MF008.svg\" \/>\n<meta name=\"twitter:card\" content=\"summary_large_image\" \/>\n<meta name=\"twitter:site\" content=\"@metaflo\" \/>\n<meta name=\"twitter:label1\" content=\"Tiempo de lectura\" \/>\n\t<meta name=\"twitter:data1\" content=\"3 minutos\" \/>\n<script type=\"application\/ld+json\" class=\"yoast-schema-graph\">{\"@context\":\"https:\\\/\\\/schema.org\",\"@graph\":[{\"@type\":\"WebPage\",\"@id\":\"https:\\\/\\\/www.metaflotech.com\\\/es\\\/products\\\/solidification-reagents\\\/mf008\\\/\",\"url\":\"https:\\\/\\\/www.metaflotech.com\\\/es\\\/products\\\/solidification-reagents\\\/mf008\\\/\",\"name\":\"MF008 Oil and Gas Waste Solidification Polymer | MetaFLO Technologies\",\"isPartOf\":{\"@id\":\"https:\\\/\\\/www.metaflotech.com\\\/es\\\/#website\"},\"primaryImageOfPage\":{\"@id\":\"https:\\\/\\\/www.metaflotech.com\\\/es\\\/products\\\/solidification-reagents\\\/mf008\\\/#primaryimage\"},\"image\":{\"@id\":\"https:\\\/\\\/www.metaflotech.com\\\/es\\\/products\\\/solidification-reagents\\\/mf008\\\/#primaryimage\"},\"thumbnailUrl\":\"https:\\\/\\\/www.metaflotech.com\\\/wp-content\\\/uploads\\\/2024\\\/03\\\/Dark-MF008.svg\",\"datePublished\":\"2024-05-30T06:40:33+00:00\",\"dateModified\":\"2026-03-12T13:14:18+00:00\",\"description\":\"MF008 is a high-performance polymer for oil and gas waste solidification, ideal for invert and OBM drill cuttings, brine-based cuttings and other drilling wastes.\",\"breadcrumb\":{\"@id\":\"https:\\\/\\\/www.metaflotech.com\\\/es\\\/products\\\/solidification-reagents\\\/mf008\\\/#breadcrumb\"},\"inLanguage\":\"es\",\"potentialAction\":[{\"@type\":\"ReadAction\",\"target\":[\"https:\\\/\\\/www.metaflotech.com\\\/es\\\/products\\\/solidification-reagents\\\/mf008\\\/\"]}]},{\"@type\":\"ImageObject\",\"inLanguage\":\"es\",\"@id\":\"https:\\\/\\\/www.metaflotech.com\\\/es\\\/products\\\/solidification-reagents\\\/mf008\\\/#primaryimage\",\"url\":\"https:\\\/\\\/www.metaflotech.com\\\/wp-content\\\/uploads\\\/2024\\\/03\\\/Dark-MF008.svg\",\"contentUrl\":\"https:\\\/\\\/www.metaflotech.com\\\/wp-content\\\/uploads\\\/2024\\\/03\\\/Dark-MF008.svg\"},{\"@type\":\"BreadcrumbList\",\"@id\":\"https:\\\/\\\/www.metaflotech.com\\\/es\\\/products\\\/solidification-reagents\\\/mf008\\\/#breadcrumb\",\"itemListElement\":[{\"@type\":\"ListItem\",\"position\":1,\"name\":\"Home\",\"item\":\"https:\\\/\\\/www.metaflotech.com\\\/\"},{\"@type\":\"ListItem\",\"position\":2,\"name\":\"Products\",\"item\":\"https:\\\/\\\/www.metaflotech.com\\\/products\\\/\"},{\"@type\":\"ListItem\",\"position\":3,\"name\":\"Solidification Reagents (MF)\",\"item\":\"https:\\\/\\\/www.metaflotech.com\\\/products\\\/solidification-reagents\\\/\"},{\"@type\":\"ListItem\",\"position\":4,\"name\":\"MF008 Oil and Gas Waste Solidification Polymer\"}]},{\"@type\":\"WebSite\",\"@id\":\"https:\\\/\\\/www.metaflotech.com\\\/es\\\/#website\",\"url\":\"https:\\\/\\\/www.metaflotech.com\\\/es\\\/\",\"name\":\"MetaFLO Technologies\",\"description\":\"Engineered Polymer Solutions For Industrial Applications\",\"potentialAction\":[{\"@type\":\"SearchAction\",\"target\":{\"@type\":\"EntryPoint\",\"urlTemplate\":\"https:\\\/\\\/www.metaflotech.com\\\/es\\\/?s={search_term_string}\"},\"query-input\":{\"@type\":\"PropertyValueSpecification\",\"valueRequired\":true,\"valueName\":\"search_term_string\"}}],\"inLanguage\":\"es\"}]}<\/script>\n<!-- \/ Yoast SEO plugin. -->","yoast_head_json":{"title":"MF008 Oil and Gas Waste Solidification Polymer | MetaFLO Technologies","description":"MF008 is a high-performance polymer for oil and gas waste solidification, ideal for invert and OBM drill cuttings, brine-based cuttings and other drilling wastes.","robots":{"index":"index","follow":"follow","max-snippet":"max-snippet:-1","max-image-preview":"max-image-preview:large","max-video-preview":"max-video-preview:-1"},"canonical":"https:\/\/www.metaflotech.com\/es\/productos\/reactivos-de-solidificacion\/mf008\/","og_locale":"es_ES","og_type":"article","og_title":"MF008 Oil and Gas Waste Solidification Polymer | MetaFLO Technologies","og_description":"MF008 is a high-performance polymer for oil and gas waste solidification, ideal for invert and OBM drill cuttings, brine-based cuttings and other drilling wastes.","og_url":"https:\/\/www.metaflotech.com\/es\/productos\/reactivos-de-solidificacion\/mf008\/","og_site_name":"MetaFLO Technologies","article_publisher":"https:\/\/www.facebook.com\/MetaFLOTechnologies\/","article_modified_time":"2026-03-12T13:14:18+00:00","og_image":[{"url":"https:\/\/www.metaflotech.com\/wp-content\/uploads\/2024\/03\/Dark-MF008.svg","type":"","width":"","height":""}],"twitter_card":"summary_large_image","twitter_site":"@metaflo","twitter_misc":{"Tiempo de lectura":"3 minutos"},"schema":{"@context":"https:\/\/schema.org","@graph":[{"@type":"WebPage","@id":"https:\/\/www.metaflotech.com\/es\/products\/solidification-reagents\/mf008\/","url":"https:\/\/www.metaflotech.com\/es\/products\/solidification-reagents\/mf008\/","name":"MF008 Oil and Gas Waste Solidification Polymer | MetaFLO Technologies","isPartOf":{"@id":"https:\/\/www.metaflotech.com\/es\/#website"},"primaryImageOfPage":{"@id":"https:\/\/www.metaflotech.com\/es\/products\/solidification-reagents\/mf008\/#primaryimage"},"image":{"@id":"https:\/\/www.metaflotech.com\/es\/products\/solidification-reagents\/mf008\/#primaryimage"},"thumbnailUrl":"https:\/\/www.metaflotech.com\/wp-content\/uploads\/2024\/03\/Dark-MF008.svg","datePublished":"2024-05-30T06:40:33+00:00","dateModified":"2026-03-12T13:14:18+00:00","description":"MF008 is a high-performance polymer for oil and gas waste solidification, ideal for invert and OBM drill cuttings, brine-based cuttings and other drilling wastes.","breadcrumb":{"@id":"https:\/\/www.metaflotech.com\/es\/products\/solidification-reagents\/mf008\/#breadcrumb"},"inLanguage":"es","potentialAction":[{"@type":"ReadAction","target":["https:\/\/www.metaflotech.com\/es\/products\/solidification-reagents\/mf008\/"]}]},{"@type":"ImageObject","inLanguage":"es","@id":"https:\/\/www.metaflotech.com\/es\/products\/solidification-reagents\/mf008\/#primaryimage","url":"https:\/\/www.metaflotech.com\/wp-content\/uploads\/2024\/03\/Dark-MF008.svg","contentUrl":"https:\/\/www.metaflotech.com\/wp-content\/uploads\/2024\/03\/Dark-MF008.svg"},{"@type":"BreadcrumbList","@id":"https:\/\/www.metaflotech.com\/es\/products\/solidification-reagents\/mf008\/#breadcrumb","itemListElement":[{"@type":"ListItem","position":1,"name":"Home","item":"https:\/\/www.metaflotech.com\/"},{"@type":"ListItem","position":2,"name":"Products","item":"https:\/\/www.metaflotech.com\/products\/"},{"@type":"ListItem","position":3,"name":"Solidification Reagents (MF)","item":"https:\/\/www.metaflotech.com\/products\/solidification-reagents\/"},{"@type":"ListItem","position":4,"name":"MF008 Oil and Gas Waste Solidification Polymer"}]},{"@type":"WebSite","@id":"https:\/\/www.metaflotech.com\/es\/#website","url":"https:\/\/www.metaflotech.com\/es\/","name":"Tecnolog\u00edas MetaFLO","description":"Soluciones de pol\u00edmeros para aplicaciones industriales","potentialAction":[{"@type":"SearchAction","target":{"@type":"EntryPoint","urlTemplate":"https:\/\/www.metaflotech.com\/es\/?s={search_term_string}"},"query-input":{"@type":"PropertyValueSpecification","valueRequired":true,"valueName":"search_term_string"}}],"inLanguage":"es"}]}},"_links":{"self":[{"href":"https:\/\/www.metaflotech.com\/es\/wp-json\/wp\/v2\/pages\/91002","targetHints":{"allow":["GET"]}}],"collection":[{"href":"https:\/\/www.metaflotech.com\/es\/wp-json\/wp\/v2\/pages"}],"about":[{"href":"https:\/\/www.metaflotech.com\/es\/wp-json\/wp\/v2\/types\/page"}],"author":[{"embeddable":true,"href":"https:\/\/www.metaflotech.com\/es\/wp-json\/wp\/v2\/users\/1"}],"replies":[{"embeddable":true,"href":"https:\/\/www.metaflotech.com\/es\/wp-json\/wp\/v2\/comments?post=91002"}],"version-history":[{"count":0,"href":"https:\/\/www.metaflotech.com\/es\/wp-json\/wp\/v2\/pages\/91002\/revisions"}],"up":[{"embeddable":true,"href":"https:\/\/www.metaflotech.com\/es\/wp-json\/wp\/v2\/pages\/108080"}],"wp:attachment":[{"href":"https:\/\/www.metaflotech.com\/es\/wp-json\/wp\/v2\/media?parent=91002"}],"curies":[{"name":"wp","href":"https:\/\/api.w.org\/{rel}","templated":true}]}}