{"id":94636,"date":"2024-10-09T07:19:08","date_gmt":"2024-10-09T07:19:08","guid":{"rendered":"https:\/\/www.metaflotech.com\/?page_id=94636"},"modified":"2026-03-17T14:24:10","modified_gmt":"2026-03-17T14:24:10","slug":"soiltech","status":"publish","type":"page","link":"https:\/\/www.metaflotech.com\/es\/products\/biopolymers\/soiltech\/","title":{"rendered":"SoilTech Biopolymer for Soil Stabilization and Unpaved Roads"},"content":{"rendered":"<p><img loading=\"lazy\" decoding=\"async\" title=\"Oscuro\" src=\"https:\/\/www.metaflotech.com\/wp-content\/uploads\/2025\/07\/Dark-3.svg\" alt=\"Oscuro\" width=\"100\" height=\"100\" \/><\/p>\r\n<h1><strong>Biopol\u00edmero<\/strong><\/h1>\r\n<h1>Se utiliza en la estabilizaci\u00f3n del suelo y la supresi\u00f3n del polvo<\/h1>\r\n<h3><strong>Aplicaci\u00f3n<\/strong><\/h3>\r\n<p>Carreteras de transporte<\/p>\r\n<p>Fundaciones<\/p>\r\n<p>Muros de contenci\u00f3n<\/p>\r\n<p>Infraestructura minera<\/p>\r\n<h3><strong>Beneficios<\/strong><\/h3>\r\n<p>Reducci\u00f3n de los costes operativos y log\u00edsticos mediante el tratamiento del suelo in situ.<\/p>\r\n<p>Nuestra tecnolog\u00eda exclusiva garantiza una mayor longevidad y resistencia del firme, la eliminaci\u00f3n del polvo y una mejor relaci\u00f3n coste-beneficio.<\/p>\r\n<p>Mejora de las propiedades mec\u00e1nicas del suelo.<\/p>\r\n<p>SoilTech aumenta significativamente el CBR (California Bearing Index) en diferentes tipos de suelo.<\/p>\r\n<p>Environmental safety &#8211; SoilTech is free of chemical contaminants that can affect the environment.<\/p>\r\n<p>La capa de tierra tratada no se vuelve resbaladiza.<\/p>\r\n<p><img loading=\"lazy\" decoding=\"async\" src=\"https:\/\/www.metaflotech.com\/wp-content\/uploads\/2024\/10\/Icon-1-Home-Page-200x200-1.png\" alt=\"\" width=\"200\" height=\"200\" \/><\/p>\r\n<h3><strong>Biopol\u00edmero derivado de algas, inocuo para el suelo y la fauna terrestre y producido en biorreactores. Mejora la estabilizaci\u00f3n del suelo y la supresi\u00f3n del polvo.<\/strong><\/h3>\r\n<p><img loading=\"lazy\" decoding=\"async\" title=\"Icon-2-Home-Page-200x200\" src=\"https:\/\/www.metaflotech.com\/wp-content\/uploads\/2024\/10\/Icon-2-Home-Page-200x200-1.png\" alt=\"Icon-2-Home-Page-200x200\" width=\"200\" height=\"200\" \/><\/p>\r\n<h3><strong>Se une al suelo para formar una superficie m\u00e1s impermeable con propiedades mec\u00e1nicas mejoradas, incluyendo una mayor resistencia a la compresi\u00f3n, una mejor cohesi\u00f3n y una mayor elasticidad.<\/strong><\/h3>\r\n<p><img loading=\"lazy\" decoding=\"async\" title=\"Icon-3-Home-Page-200x200\" src=\"https:\/\/www.metaflotech.com\/wp-content\/uploads\/2024\/10\/Icon-3-Home-Page-200x200-1.png\" alt=\"Icon-3-Home-Page-200x200\" width=\"200\" height=\"200\" \/><\/p>\r\n<h3><strong>Tecnolog\u00eda punta capaz de generar ahorros en su proyecto de construcci\u00f3n.<br \/><\/strong><\/h3>\r\n<h1><strong>METODOLOG\u00cdA DE APLICACI\u00d3N<\/strong><\/h1>\r\n<h3>Easy application, low dosage &#8211; can be diluted directly in the water truck<br \/>sin equipamiento adicional.<\/h3>\r\n<h2><strong>Suelo natural<\/strong><\/h2>\r\n<p><img loading=\"lazy\" decoding=\"async\" src=\"https:\/\/www.metaflotech.com\/wp-content\/uploads\/2024\/10\/Image-1-Home-Page-600x400-1.jpg\" alt=\"\" width=\"600\" height=\"400\" \/><\/p>\r\n<p><em>Suelo later\u00edtico amarillo<\/em><\/p>\r\n<h2><strong>Dilution of SoilTech in water<\/strong><\/h2>\r\n<p><img loading=\"lazy\" decoding=\"async\" src=\"https:\/\/www.metaflotech.com\/wp-content\/uploads\/2024\/10\/Image-2-Home-Page-400x400-1.png\" alt=\"\" width=\"400\" height=\"400\" \/><\/p>\r\n<p><em>Aplicaci\u00f3n sencilla<\/em><\/p>\r\n<h2><strong>After SoilTech<\/strong><\/h2>\r\n<p><img loading=\"lazy\" decoding=\"async\" src=\"https:\/\/www.metaflotech.com\/wp-content\/uploads\/2024\/10\/Image-4-Home-Page-400x400-1.png\" alt=\"\" width=\"400\" height=\"400\" \/><\/p>\r\n<p><em>Muestra de ensayo<\/em><\/p>\r\n<h2><strong>Mejora de las propiedades mec\u00e1nicas del suelo<\/strong><\/h2>\r\n<p>SoilTech aumenta significativamente el CBR en diferentes tipos de suelo.<\/p>\r\n<p><img loading=\"lazy\" decoding=\"async\" title=\"P\u00e1gina de inicio de Image-4\" src=\"https:\/\/www.metaflotech.com\/wp-content\/uploads\/2024\/10\/Image-4-Home-Page.png\" alt=\"P\u00e1gina de inicio de Image-4\" width=\"1080\" height=\"1080\" \/><\/p>\r\n<h2><strong>Act\u00faa como estabilizador en diferentes capas<\/strong><\/h2>\r\n<p>SoilTech puede utilizarse como base, subbase y estabilizador del subsuelo.<\/p>\r\n<p><img loading=\"lazy\" decoding=\"async\" title=\"P\u00e1gina de inicio de Image-5\" src=\"https:\/\/www.metaflotech.com\/wp-content\/uploads\/2024\/10\/Image-5-Home-Page.png\" alt=\"P\u00e1gina de inicio de Image-5\" width=\"1080\" height=\"1080\" \/> <img loading=\"lazy\" decoding=\"async\" title=\"P\u00e1gina de inicio de Image-3\" src=\"https:\/\/www.metaflotech.com\/wp-content\/uploads\/2024\/10\/Image-3-Home-Page.png\" alt=\"P\u00e1gina de inicio de Image-3\" width=\"1080\" height=\"1080\" \/><\/p>\r\n<h2><strong>Sostenibilidad<\/strong><\/h2>\r\n<p>Ambientalmente seguro para el suelo y la fauna terrestre.<\/p>\r\n<p><img loading=\"lazy\" decoding=\"async\" title=\"P\u00e1gina de inicio de Image-6\" src=\"https:\/\/www.metaflotech.com\/wp-content\/uploads\/2024\/10\/Image-6-Home-Page.png\" alt=\"P\u00e1gina de inicio de Image-6\" width=\"1080\" height=\"1080\" \/><\/p>\r\n<h2><strong>Aumento de la cohesi\u00f3n<\/strong><\/h2>\r\n<p>Aumento de la aglomeraci\u00f3n de part\u00edculas en la superficie del suelo.<\/p>\r\n<h3><strong>La supresi\u00f3n eficaz del polvo se est\u00e1 convirtiendo en algo obligatorio, ya que se est\u00e1n planteando numerosos problemas sanitarios y medioambientales relacionados con el exceso de part\u00edculas en suspensi\u00f3n.<\/strong><\/h3>\r\n<p>SoilTech soil stabilization polymers also provide dust suppression when applied using conventional spraying apparatus. SoilTech offers a wide range of benefits over water spraying-our patented biopolymer solutions have unique properties that enable them to effectively bind and stabilize soil particles and reduce dust emissions in mining, agriculture, and construction.<\/p>\r\n<h3><strong>Reducir los costes operativos y log\u00edsticos tratando el suelo in situ.<\/strong><\/h3>\r\n<h3><strong>No se necesitan materiales adicionales de estabilizaci\u00f3n del suelo como grava, arena y cemento.<\/strong><\/h3>\r\n<h3><strong>Nuestra exclusiva tecnolog\u00eda patentada garantiza una mayor resistencia y solidez de la superficie de la carretera, la eliminaci\u00f3n del polvo y un menor coste total de propiedad.<\/strong><\/h3>\r\n<h2><strong>Suelo natural Antes y Despu\u00e9s de la aplicaci\u00f3n de SoilTech<\/strong><\/h2>\r\n<h3><strong>An\u00e1polis &#8211; GO (Brazil)<\/strong><\/h3>\r\n<p><img loading=\"lazy\" decoding=\"async\" title=\"Antes y despu\u00e9s\" src=\"https:\/\/www.metaflotech.com\/wp-content\/uploads\/2024\/10\/Before-and-After.png\" alt=\"Antes y despu\u00e9s\" width=\"1601\" height=\"969\" \/><\/p>\r\n<h2>Casos pr\u00e1cticos<\/h2>\r\n<h3><a title=\"SoilTech impulsa la estabilizaci\u00f3n sostenible de carreteras\" href=\"https:\/\/www.metaflotech.com\/wp-content\/uploads\/2025\/07\/SoilTech-Case-Study-1-English-MetaFLO-Technologies.pdf\" target=\"_self\"> SoilTech impulsa la estabilizaci\u00f3n sostenible de carreteras <\/a><\/h3>\r\n<p>MetaFLO&#8217;s innovative stabilization solution provided essential cost savings, productivity gains, and environmental benefits to keep a large-scale roadway project on schedule and within budget.<\/p>\r\n<h3><a title=\"SoilTech potencia el relleno sostenible de las v\u00edas f\u00e9rreas\" href=\"https:\/\/www.metaflotech.com\/wp-content\/uploads\/2025\/07\/SoilTech-Case-Study-2-English-MetaFLO-Technologies.pdf\" target=\"_self\"> SoilTech potencia el relleno sostenible de las v\u00edas f\u00e9rreas <\/a><\/h3>\r\n<p>The use of MetaFLO&#8217;s biopolymer resulted in notable cost savings, productivity gains, and environmental benefits for a large-scale railway project by speeding up the stabilization process while cutting down water usage.<\/p>\r\n<h3><a title=\"SoilTech impulsa la carretera sostenible desde tierras ind\u00edgenas\" href=\"https:\/\/www.metaflotech.com\/wp-content\/uploads\/2025\/07\/SoilTech-Case-Study-3-English-MetaFLO-Technologies.pdf\" target=\"_self\"> SoilTech impulsa la carretera sostenible desde tierras ind\u00edgenas <\/a><\/h3>\r\n<p>MetaFLO&#8217;s biopolymer quickly turned a potentially hazardous unpaved road into a compact and durable surface while saving time and money.<\/p>\r\n<h1><strong>Nuestros biopol\u00edmeros<\/strong><\/h1>\r\n<p>MetaFLO&#8217;s biopolymers have been purposefully engineered to provide a variety of cost-effective solutions for multiple applications, from dust suppression to gold extraction. Our products are environmentally safe, easy to use, and can be tailored to meet specific needs. Contact us for more details.<\/p>\r\n<p><a href=\"https:\/\/www.metaflotech.com\/es\/productos\/biopolimeros\/soiltech\/\" target=\"_self\"> <img loading=\"lazy\" decoding=\"async\" title=\"Logotipo\" src=\"https:\/\/www.metaflotech.com\/wp-content\/uploads\/2025\/07\/Logo-3.svg\" alt=\"Logotipo\" width=\"100\" height=\"100\" \/> <\/a><\/p>\r\n<p><strong>\u2713 Estabilizaci\u00f3n del suelo<\/strong><\/p>\r\n<p><a href=\"https:\/\/www.metaflotech.com\/es\/productos\/biopolimeros\/dustech\/\" target=\"_self\"> <img loading=\"lazy\" decoding=\"async\" title=\"Logotipo\" src=\"https:\/\/www.metaflotech.com\/wp-content\/uploads\/2025\/07\/Logo-5.svg\" alt=\"Logotipo\" width=\"100\" height=\"100\" \/> <\/a><\/p>\r\n<p><strong>\u2713 Supresi\u00f3n de polvo<\/strong><\/p>\r\n<p><a href=\"https:\/\/www.metaflotech.com\/es\/productos\/biopolimeros\/extractech\/\" target=\"_self\"> <img loading=\"lazy\" decoding=\"async\" title=\"Logotipo\" src=\"https:\/\/www.metaflotech.com\/wp-content\/uploads\/2025\/07\/Logo-4.svg\" alt=\"Logotipo\" width=\"100\" height=\"100\" \/> <\/a> <strong>\u2713 Extracci\u00f3n de oro y reducci\u00f3n de cianuro<br \/><\/strong> <a href=\"https:\/\/www.metaflotech.com\/es\/productos\/biopolimeros\/remtech\/\" target=\"_self\"> <img loading=\"lazy\" decoding=\"async\" title=\"Logotipo\" src=\"https:\/\/www.metaflotech.com\/wp-content\/uploads\/2025\/07\/Logo.svg\" alt=\"Logotipo\" width=\"100\" height=\"100\" \/> <\/a><\/p>\r\n<p><strong>\u2713 Agua contaminada<\/strong><\/p>\r\n<p><a href=\"https:\/\/www.metaflotech.com\/es\/productos\/biopolimeros\/cementech\/\" target=\"_self\"> <img loading=\"lazy\" decoding=\"async\" title=\"Logotipo\" src=\"https:\/\/www.metaflotech.com\/wp-content\/uploads\/2025\/07\/Logo-8.svg\" alt=\"Logotipo\" width=\"100\" height=\"100\" \/> <\/a><\/p>\r\n<p><strong>\u2713 Mejora del cemento<\/strong><\/p>","protected":false},"excerpt":{"rendered":"<p>Biopolymer Used in soil stabilization and dust suppression Application Haul Roads Foundations Retaining Walls Mine Infrastructure Benefits Reduction in operational and logistics costs by treating the soil on site. Our exclusive technology ensures increased longevity and resistance of the road surface, dust elimination and better cost-benefit. Improvement of soil mechanical properties. SoilTech significantly increases the&hellip;<\/p>","protected":false},"author":1,"featured_media":0,"parent":108180,"menu_order":0,"comment_status":"closed","ping_status":"closed","template":"","meta":{"_acf_changed":false,"inline_featured_image":false,"footnotes":""},"class_list":["post-94636","page","type-page","status-publish","hentry"],"acf":[],"yoast_head":"<!-- This site is optimized with the Yoast SEO plugin v27.4 - https:\/\/yoast.com\/product\/yoast-seo-wordpress\/ -->\n<title>SoilTech Biopolymer for Soil Stabilization and Unpaved Roads | MetaFLO Technologies<\/title>\n<meta name=\"description\" content=\"MetaFLO SoilTech is an advanced biopolymer for soil stabilization on unpaved and industrial roads, improving durability, trafficability and long-term road performance.\" \/>\n<meta name=\"robots\" content=\"index, follow, max-snippet:-1, max-image-preview:large, max-video-preview:-1\" \/>\n<link rel=\"canonical\" href=\"https:\/\/www.metaflotech.com\/es\/productos\/biopolimeros\/soiltech\/\" \/>\n<meta property=\"og:locale\" content=\"es_ES\" \/>\n<meta property=\"og:type\" content=\"article\" \/>\n<meta property=\"og:title\" content=\"SoilTech Biopolymer for Soil Stabilization and Unpaved Roads | MetaFLO Technologies\" \/>\n<meta property=\"og:description\" content=\"MetaFLO SoilTech is an advanced biopolymer for soil stabilization on unpaved and industrial roads, improving durability, trafficability and long-term road performance.\" \/>\n<meta property=\"og:url\" content=\"https:\/\/www.metaflotech.com\/es\/productos\/biopolimeros\/soiltech\/\" \/>\n<meta property=\"og:site_name\" content=\"MetaFLO Technologies\" \/>\n<meta property=\"article:publisher\" content=\"https:\/\/www.facebook.com\/MetaFLOTechnologies\/\" \/>\n<meta property=\"article:modified_time\" content=\"2026-03-17T14:24:10+00:00\" \/>\n<meta property=\"og:image\" content=\"https:\/\/www.metaflotech.com\/wp-content\/uploads\/2025\/07\/Dark-3.svg\" \/>\n<meta name=\"twitter:card\" content=\"summary_large_image\" \/>\n<meta name=\"twitter:site\" content=\"@metaflo\" \/>\n<meta name=\"twitter:label1\" content=\"Tiempo de lectura\" \/>\n\t<meta name=\"twitter:data1\" content=\"6 minutos\" \/>\n<script type=\"application\/ld+json\" class=\"yoast-schema-graph\">{\"@context\":\"https:\\\/\\\/schema.org\",\"@graph\":[{\"@type\":\"WebPage\",\"@id\":\"https:\\\/\\\/www.metaflotech.com\\\/es\\\/products\\\/biopolymers\\\/soiltech\\\/\",\"url\":\"https:\\\/\\\/www.metaflotech.com\\\/es\\\/products\\\/biopolymers\\\/soiltech\\\/\",\"name\":\"SoilTech Biopolymer for Soil Stabilization and Unpaved Roads | MetaFLO Technologies\",\"isPartOf\":{\"@id\":\"https:\\\/\\\/www.metaflotech.com\\\/es\\\/#website\"},\"primaryImageOfPage\":{\"@id\":\"https:\\\/\\\/www.metaflotech.com\\\/es\\\/products\\\/biopolymers\\\/soiltech\\\/#primaryimage\"},\"image\":{\"@id\":\"https:\\\/\\\/www.metaflotech.com\\\/es\\\/products\\\/biopolymers\\\/soiltech\\\/#primaryimage\"},\"thumbnailUrl\":\"https:\\\/\\\/www.metaflotech.com\\\/wp-content\\\/uploads\\\/2025\\\/07\\\/Dark-3.svg\",\"datePublished\":\"2024-10-09T07:19:08+00:00\",\"dateModified\":\"2026-03-17T14:24:10+00:00\",\"description\":\"MetaFLO SoilTech is an advanced biopolymer for soil stabilization on unpaved and industrial roads, improving durability, trafficability and long-term road performance.\",\"breadcrumb\":{\"@id\":\"https:\\\/\\\/www.metaflotech.com\\\/es\\\/products\\\/biopolymers\\\/soiltech\\\/#breadcrumb\"},\"inLanguage\":\"es\",\"potentialAction\":[{\"@type\":\"ReadAction\",\"target\":[\"https:\\\/\\\/www.metaflotech.com\\\/es\\\/products\\\/biopolymers\\\/soiltech\\\/\"]}]},{\"@type\":\"ImageObject\",\"inLanguage\":\"es\",\"@id\":\"https:\\\/\\\/www.metaflotech.com\\\/es\\\/products\\\/biopolymers\\\/soiltech\\\/#primaryimage\",\"url\":\"https:\\\/\\\/www.metaflotech.com\\\/wp-content\\\/uploads\\\/2025\\\/07\\\/Dark-3.svg\",\"contentUrl\":\"https:\\\/\\\/www.metaflotech.com\\\/wp-content\\\/uploads\\\/2025\\\/07\\\/Dark-3.svg\"},{\"@type\":\"BreadcrumbList\",\"@id\":\"https:\\\/\\\/www.metaflotech.com\\\/es\\\/products\\\/biopolymers\\\/soiltech\\\/#breadcrumb\",\"itemListElement\":[{\"@type\":\"ListItem\",\"position\":1,\"name\":\"Home\",\"item\":\"https:\\\/\\\/www.metaflotech.com\\\/\"},{\"@type\":\"ListItem\",\"position\":2,\"name\":\"Products\",\"item\":\"https:\\\/\\\/www.metaflotech.com\\\/products\\\/\"},{\"@type\":\"ListItem\",\"position\":3,\"name\":\"Biopolymers (Tech)\",\"item\":\"https:\\\/\\\/www.metaflotech.com\\\/products\\\/biopolymers\\\/\"},{\"@type\":\"ListItem\",\"position\":4,\"name\":\"SoilTech Biopolymer for Soil Stabilization and Unpaved Roads\"}]},{\"@type\":\"WebSite\",\"@id\":\"https:\\\/\\\/www.metaflotech.com\\\/es\\\/#website\",\"url\":\"https:\\\/\\\/www.metaflotech.com\\\/es\\\/\",\"name\":\"MetaFLO Technologies\",\"description\":\"Engineered Polymer Solutions For Industrial Applications\",\"potentialAction\":[{\"@type\":\"SearchAction\",\"target\":{\"@type\":\"EntryPoint\",\"urlTemplate\":\"https:\\\/\\\/www.metaflotech.com\\\/es\\\/?s={search_term_string}\"},\"query-input\":{\"@type\":\"PropertyValueSpecification\",\"valueRequired\":true,\"valueName\":\"search_term_string\"}}],\"inLanguage\":\"es\"}]}<\/script>\n<!-- \/ Yoast SEO plugin. -->","yoast_head_json":{"title":"SoilTech Biopolymer for Soil Stabilization and Unpaved Roads | MetaFLO Technologies","description":"MetaFLO SoilTech is an advanced biopolymer for soil stabilization on unpaved and industrial roads, improving durability, trafficability and long-term road performance.","robots":{"index":"index","follow":"follow","max-snippet":"max-snippet:-1","max-image-preview":"max-image-preview:large","max-video-preview":"max-video-preview:-1"},"canonical":"https:\/\/www.metaflotech.com\/es\/productos\/biopolimeros\/soiltech\/","og_locale":"es_ES","og_type":"article","og_title":"SoilTech Biopolymer for Soil Stabilization and Unpaved Roads | MetaFLO Technologies","og_description":"MetaFLO SoilTech is an advanced biopolymer for soil stabilization on unpaved and industrial roads, improving durability, trafficability and long-term road performance.","og_url":"https:\/\/www.metaflotech.com\/es\/productos\/biopolimeros\/soiltech\/","og_site_name":"MetaFLO Technologies","article_publisher":"https:\/\/www.facebook.com\/MetaFLOTechnologies\/","article_modified_time":"2026-03-17T14:24:10+00:00","og_image":[{"url":"https:\/\/www.metaflotech.com\/wp-content\/uploads\/2025\/07\/Dark-3.svg","type":"","width":"","height":""}],"twitter_card":"summary_large_image","twitter_site":"@metaflo","twitter_misc":{"Tiempo de lectura":"6 minutos"},"schema":{"@context":"https:\/\/schema.org","@graph":[{"@type":"WebPage","@id":"https:\/\/www.metaflotech.com\/es\/products\/biopolymers\/soiltech\/","url":"https:\/\/www.metaflotech.com\/es\/products\/biopolymers\/soiltech\/","name":"SoilTech Biopolymer for Soil Stabilization and Unpaved Roads | MetaFLO Technologies","isPartOf":{"@id":"https:\/\/www.metaflotech.com\/es\/#website"},"primaryImageOfPage":{"@id":"https:\/\/www.metaflotech.com\/es\/products\/biopolymers\/soiltech\/#primaryimage"},"image":{"@id":"https:\/\/www.metaflotech.com\/es\/products\/biopolymers\/soiltech\/#primaryimage"},"thumbnailUrl":"https:\/\/www.metaflotech.com\/wp-content\/uploads\/2025\/07\/Dark-3.svg","datePublished":"2024-10-09T07:19:08+00:00","dateModified":"2026-03-17T14:24:10+00:00","description":"MetaFLO SoilTech is an advanced biopolymer for soil stabilization on unpaved and industrial roads, improving durability, trafficability and long-term road performance.","breadcrumb":{"@id":"https:\/\/www.metaflotech.com\/es\/products\/biopolymers\/soiltech\/#breadcrumb"},"inLanguage":"es","potentialAction":[{"@type":"ReadAction","target":["https:\/\/www.metaflotech.com\/es\/products\/biopolymers\/soiltech\/"]}]},{"@type":"ImageObject","inLanguage":"es","@id":"https:\/\/www.metaflotech.com\/es\/products\/biopolymers\/soiltech\/#primaryimage","url":"https:\/\/www.metaflotech.com\/wp-content\/uploads\/2025\/07\/Dark-3.svg","contentUrl":"https:\/\/www.metaflotech.com\/wp-content\/uploads\/2025\/07\/Dark-3.svg"},{"@type":"BreadcrumbList","@id":"https:\/\/www.metaflotech.com\/es\/products\/biopolymers\/soiltech\/#breadcrumb","itemListElement":[{"@type":"ListItem","position":1,"name":"Home","item":"https:\/\/www.metaflotech.com\/"},{"@type":"ListItem","position":2,"name":"Products","item":"https:\/\/www.metaflotech.com\/products\/"},{"@type":"ListItem","position":3,"name":"Biopolymers (Tech)","item":"https:\/\/www.metaflotech.com\/products\/biopolymers\/"},{"@type":"ListItem","position":4,"name":"SoilTech Biopolymer for Soil Stabilization and Unpaved Roads"}]},{"@type":"WebSite","@id":"https:\/\/www.metaflotech.com\/es\/#website","url":"https:\/\/www.metaflotech.com\/es\/","name":"Tecnolog\u00edas MetaFLO","description":"Soluciones de pol\u00edmeros para aplicaciones industriales","potentialAction":[{"@type":"SearchAction","target":{"@type":"EntryPoint","urlTemplate":"https:\/\/www.metaflotech.com\/es\/?s={search_term_string}"},"query-input":{"@type":"PropertyValueSpecification","valueRequired":true,"valueName":"search_term_string"}}],"inLanguage":"es"}]}},"_links":{"self":[{"href":"https:\/\/www.metaflotech.com\/es\/wp-json\/wp\/v2\/pages\/94636","targetHints":{"allow":["GET"]}}],"collection":[{"href":"https:\/\/www.metaflotech.com\/es\/wp-json\/wp\/v2\/pages"}],"about":[{"href":"https:\/\/www.metaflotech.com\/es\/wp-json\/wp\/v2\/types\/page"}],"author":[{"embeddable":true,"href":"https:\/\/www.metaflotech.com\/es\/wp-json\/wp\/v2\/users\/1"}],"replies":[{"embeddable":true,"href":"https:\/\/www.metaflotech.com\/es\/wp-json\/wp\/v2\/comments?post=94636"}],"version-history":[{"count":0,"href":"https:\/\/www.metaflotech.com\/es\/wp-json\/wp\/v2\/pages\/94636\/revisions"}],"up":[{"embeddable":true,"href":"https:\/\/www.metaflotech.com\/es\/wp-json\/wp\/v2\/pages\/108180"}],"wp:attachment":[{"href":"https:\/\/www.metaflotech.com\/es\/wp-json\/wp\/v2\/media?parent=94636"}],"curies":[{"name":"wp","href":"https:\/\/api.w.org\/{rel}","templated":true}]}}