{"id":95190,"date":"2024-10-09T13:54:53","date_gmt":"2024-10-09T13:54:53","guid":{"rendered":"https:\/\/www.metaflotech.com\/?page_id=95190"},"modified":"2026-03-12T13:10:53","modified_gmt":"2026-03-12T13:10:53","slug":"extractech","status":"publish","type":"page","link":"https:\/\/www.metaflotech.com\/es\/products\/biopolymers\/extractech\/","title":{"rendered":"ExtracTech Gold Extraction and Metal Recovery"},"content":{"rendered":"<p><img loading=\"lazy\" decoding=\"async\" title=\"Oscuro\" src=\"https:\/\/www.metaflotech.com\/wp-content\/uploads\/2025\/07\/Dark-4.svg\" alt=\"Oscuro\" width=\"100\" height=\"100\" \/><\/p>\r\n<h1><strong>Biopol\u00edmero<\/strong><\/h1>\r\n<h1>Se utiliza para el tratamiento de metales preciosos<\/h1>\r\n<h3><strong>Aplicaci\u00f3n<\/strong><\/h3>\r\n<p>Tratamiento de metales preciosos en cubas de lixiviaci\u00f3n.<\/p>\r\n<h3><strong>Beneficios<\/strong><\/h3>\r\n<p>Tiempos de reacci\u00f3n acelerados utilizando la cin\u00e9tica existente.<\/p>\r\n<p>Se puede aumentar la eficacia de la recuperaci\u00f3n\u00a0<b>hasta 3%.<\/b><\/p>\r\n<p>Reducci\u00f3n del uso de cianuro en <strong>hasta 35%.<\/strong><\/p>\r\n<p>Sustituci\u00f3n del alcalinizante utilizado en el proceso y uso de dosis <strong>hasta 20 veces menor.<\/strong><\/p>\r\n<p>Estabilidad del pH deseado durante el proceso, evitando oscilaciones comunes con el uso de otros alcalinizantes.<\/p>\r\n<p>Un proceso m\u00e1s limpio puede producir residuos con menores niveles de toxicidad.<\/p>\r\n<p>Permite utilizar oro y metales preciosos de mayor pureza.<\/p>\r\n<p>No se requiere ning\u00fan equipo especial adicional.<\/p>\r\n<p>&nbsp;<\/p>\r\n<p>Eficacia f\u00e1cilmente validada en sus laboratorios.<\/p>\r\n<p>&nbsp;<\/p>\r\n<p>Escalable utilizando la configuraci\u00f3n de inyecci\u00f3n de tanques existente.<\/p>\r\n<p>\u00a0 <img loading=\"lazy\" decoding=\"async\" title=\"ExtracTech-Soluci\u00f3n de lixiviaci\u00f3n de oro\" src=\"https:\/\/www.metaflotech.com\/wp-content\/uploads\/2024\/10\/ExtracTech-Gold-leaching-solution.png\" alt=\"ExtracTech-Soluci\u00f3n de lixiviaci\u00f3n de oro\" width=\"694\" height=\"694\" \/><\/p>\r\n<h3>La qu\u00edmica del biopol\u00edmero MetaFLO est\u00e1 dise\u00f1ada para que el proceso de cianuraci\u00f3n consiga mejoras en la etapa de lixiviaci\u00f3n del oro. Adem\u00e1s de actuar como alcalinizante en el proceso, <strong>by reacting with the heavy metals associated with gold, MetaFLO&#8217;s biopolymer can increase gold extraction percentages by up to 3%.<\/strong><\/h3>\r\n<h2><strong>Reducci\u00f3n de cianuro<\/strong><\/h2>\r\n<h2><strong>Mayor recuperaci\u00f3n<\/strong><\/h2>\r\n<h2><strong>Reacci\u00f3n Aceleraci\u00f3n<\/strong><\/h2>\r\n<div style=\"width: 640px;\" class=\"wp-video\"><video class=\"wp-video-shortcode\" id=\"video-95190-1\" width=\"640\" height=\"360\" poster=\"https:\/\/www.metaflotech.com\/wp-content\/uploads\/2023\/01\/extractech-video.jpg\" preload=\"none\" controls=\"controls\"><source type=\"video\/mp4\" src=\"https:\/\/www.metaflotech.com\/wp-content\/uploads\/2023\/01\/Extractech_30_sec_version.mp4?_=1\" \/><source type=\"video\/mp4\" src=\"https:\/\/www.metaflotech.com\/wp-content\/uploads\/2023\/01\/Extractech_30_sec_version.mp4?_=1\" \/><a href=\"https:\/\/www.metaflotech.com\/wp-content\/uploads\/2023\/01\/Extractech_30_sec_version.mp4\">https:\/\/www.metaflotech.com\/wp-content\/uploads\/2023\/01\/Extractech_30_sec_version.mp4<\/a><\/video><\/div>\r\n<h2><strong>\u00bfC\u00f3mo funciona?<\/strong><\/h2>\r\n<p>ExtracTech realiza qu\u00edmicamente dos funciones al entrar en contacto con el mineral: como alcalinizante, adaptando el pH de la pulpa al rango deseado y aportando su estabilidad durante todo el proceso y tambi\u00e9n act\u00faa como oxidante qu\u00edmico realizando reacciones de \u00f3xido reducci\u00f3n con los otros metales presentes en la matriz de oro, elimin\u00e1ndolos.<\/p>\r\n<p>ExtracTech tambi\u00e9n aporta ox\u00edgeno adicional a la reacci\u00f3n, lo que permite acelerar la propia reacci\u00f3n<\/p>\r\n<p><em><strong>El cianuro no puede ver el oro antes de ser expuesto, por lo que primero necesita reaccionar con los metales de la superficie para luego poder ver el oro.<\/strong><\/em><\/p>\r\n<p><img loading=\"lazy\" decoding=\"async\" title=\"Cianuraci\u00f3n-con-ExtracTech-a\u00f1adido\" src=\"https:\/\/www.metaflotech.com\/wp-content\/uploads\/2024\/10\/Cyanidation-with-having-ExtracTech-added.png\" alt=\"Cianuraci\u00f3n-con-ExtracTech-a\u00f1adido\" width=\"1500\" height=\"667\" \/> <strong>ExtracTech, al reaccionar con los metales asociados a las part\u00edculas de oro, facilita la acci\u00f3n del cianuro en el proceso.<\/strong> <strong> Reaccionar\u00e1 en el orden de reactividad del metal y romper\u00e1 los enlaces, liberando energ\u00eda en una reacci\u00f3n ligeramente exot\u00e9rmica.<\/strong> <strong> Reaccionar\u00e1 m\u00e1s r\u00e1pidamente con los no metales y con los metales con alto potencial de oxidaci\u00f3n-reducci\u00f3n (ORP), como el hierro.<\/strong> <img loading=\"lazy\" decoding=\"async\" title=\"Oscuro\" src=\"https:\/\/www.metaflotech.com\/wp-content\/uploads\/2025\/07\/Dark-4.svg\" alt=\"Oscuro\" width=\"100\" height=\"100\" \/><\/p>\r\n<h1>ExtracTech se ha probado con \u00e9xito en minas de oro, logrando beneficios como la sustituci\u00f3n alcalinizante, el aumento de la recuperaci\u00f3n metal\u00fargica y la reducci\u00f3n del consumo de cianuro.<\/h1>\r\n<h2><strong>Before ExtracTech Reaction<\/strong><\/h2>\r\n<p><img loading=\"lazy\" decoding=\"async\" title=\"Extractech-Antes\" src=\"https:\/\/www.metaflotech.com\/wp-content\/uploads\/2024\/10\/Extractech-Before.png\" alt=\"Extractech-Antes\" width=\"694\" height=\"694\" \/><\/p>\r\n<h2><strong>After ExtracTech Reaction<\/strong><\/h2>\r\n<p><img loading=\"lazy\" decoding=\"async\" title=\"Extractech-After-1\" src=\"https:\/\/www.metaflotech.com\/wp-content\/uploads\/2024\/10\/Extractech-After-1.png\" alt=\"Extractech-After-1\" width=\"694\" height=\"694\" \/><\/p>\r\n<p><em>Aplicaci\u00f3n de ExtracTech en mineral de oro refractario con paladio y platino.<\/em><\/p>\r\n<p>&nbsp;<\/p>\r\n<h3><strong>Se requieren dosis mucho menores que con los alcalinizantes tradicionales, adem\u00e1s de mantener la estabilidad del rango de pH deseado.<\/strong><\/h3>\r\n<h1>Como biopol\u00edmero para la reducci\u00f3n del cianuro<\/h1>\r\n<h3>Como aditivo a su proceso de cianuraci\u00f3n existente,<strong> ExtracTech can also reduce your cyanide usage by up to 35%. <\/strong><\/h3>\r\n<h2>Casos pr\u00e1cticos<\/h2>\r\n<h3><a title=\"ExtracTech Extracci\u00f3n mejorada de oro en mineral refractario\" href=\"https:\/\/www.metaflotech.com\/wp-content\/uploads\/2025\/07\/ExtracTech-Case-Study-English-MetaFLO-Technologies.pdf\" target=\"_self\"> ExtracTech Extracci\u00f3n mejorada de oro en mineral refractario <\/a><\/h3>\r\n<p>MetaFLO&#8217;s ExtracTech biopolymer demonstrated substantial efficacy for the gold extraction process, supporting safe and sustainable practices.<\/p>\r\n<h1><strong>Nuestros biopol\u00edmeros<\/strong><\/h1>\r\n<p>MetaFLO&#8217;s biopolymers have been purposefully engineered to provide a variety of cost-effective solutions for multiple applications, from dust suppression to gold extraction. Our products are environmentally safe, easy to use, and can be tailored to meet specific needs. Contact us for more details.<\/p>\r\n<p><a href=\"https:\/\/www.metaflotech.com\/es\/productos\/biopolimeros\/soiltech\/\" target=\"_self\"> <img loading=\"lazy\" decoding=\"async\" title=\"Logotipo\" src=\"https:\/\/www.metaflotech.com\/wp-content\/uploads\/2025\/07\/Logo-3.svg\" alt=\"Logotipo\" width=\"100\" height=\"100\" \/> <\/a><\/p>\r\n<p><strong>\u2713 Estabilizaci\u00f3n del suelo<\/strong><\/p>\r\n<p><a href=\"https:\/\/www.metaflotech.com\/es\/productos\/biopolimeros\/dustech\/\" target=\"_self\"> <img loading=\"lazy\" decoding=\"async\" title=\"Logotipo\" src=\"https:\/\/www.metaflotech.com\/wp-content\/uploads\/2025\/07\/Logo-5.svg\" alt=\"Logotipo\" width=\"100\" height=\"100\" \/> <\/a><\/p>\r\n<p><strong>\u2713 Supresi\u00f3n de polvo<\/strong><\/p>\r\n<p><a href=\"https:\/\/www.metaflotech.com\/es\/productos\/biopolimeros\/extractech\/\" target=\"_self\"> <img loading=\"lazy\" decoding=\"async\" title=\"Logotipo\" src=\"https:\/\/www.metaflotech.com\/wp-content\/uploads\/2025\/07\/Logo-4.svg\" alt=\"Logotipo\" width=\"100\" height=\"100\" \/> <\/a> <strong>\u2713 Extracci\u00f3n de oro y reducci\u00f3n de cianuro<br \/><\/strong> <a href=\"https:\/\/www.metaflotech.com\/es\/productos\/biopolimeros\/remtech\/\" target=\"_self\"> <img loading=\"lazy\" decoding=\"async\" title=\"Logotipo\" src=\"https:\/\/www.metaflotech.com\/wp-content\/uploads\/2025\/07\/Logo.svg\" alt=\"Logotipo\" width=\"100\" height=\"100\" \/> <\/a><\/p>\r\n<p><strong>\u2713 Agua contaminada<\/strong><\/p>\r\n<p><a href=\"https:\/\/www.metaflotech.com\/es\/productos\/biopolimeros\/cementech\/\" target=\"_self\"> <img loading=\"lazy\" decoding=\"async\" title=\"Logotipo\" src=\"https:\/\/www.metaflotech.com\/wp-content\/uploads\/2025\/07\/Logo-8.svg\" alt=\"Logotipo\" width=\"100\" height=\"100\" \/> <\/a><\/p>\r\n<p><strong>\u2713 Mejora del cemento<\/strong><\/p>","protected":false},"excerpt":{"rendered":"<p>Biopolymer Used for precious metal processing Application Processing of precious metals in leaching tanks. Benefits Accelerated reaction times using existing kinetics. Recovery efficiency can be increased\u00a0up to 3%. Reduced cyanide use by up to 35%. Replacement of the alkalizer used in the process and use of dosages up to 20x lower. Stability of the desired&hellip;<\/p>","protected":false},"author":1,"featured_media":0,"parent":108180,"menu_order":0,"comment_status":"closed","ping_status":"closed","template":"","meta":{"_acf_changed":false,"inline_featured_image":false,"footnotes":""},"class_list":["post-95190","page","type-page","status-publish","hentry"],"acf":[],"yoast_head":"<!-- This site is optimized with the Yoast SEO plugin v27.4 - https:\/\/yoast.com\/product\/yoast-seo-wordpress\/ -->\n<title>ExtracTech Gold Extraction and Metal Recovery | MetaFLO Technologies<\/title>\n<meta name=\"description\" content=\"ExtracTech enhances gold extraction and metal recovery in mining operations, improving process efficiency while reducing cyanide consumption and environmental impact.\" \/>\n<meta name=\"robots\" content=\"index, follow, max-snippet:-1, max-image-preview:large, max-video-preview:-1\" \/>\n<link rel=\"canonical\" href=\"https:\/\/www.metaflotech.com\/es\/productos\/biopolimeros\/extractech\/\" \/>\n<meta property=\"og:locale\" content=\"es_ES\" \/>\n<meta property=\"og:type\" content=\"article\" \/>\n<meta property=\"og:title\" content=\"ExtracTech Gold Extraction and Metal Recovery | MetaFLO Technologies\" \/>\n<meta property=\"og:description\" content=\"ExtracTech enhances gold extraction and metal recovery in mining operations, improving process efficiency while reducing cyanide consumption and environmental impact.\" \/>\n<meta property=\"og:url\" content=\"https:\/\/www.metaflotech.com\/es\/productos\/biopolimeros\/extractech\/\" \/>\n<meta property=\"og:site_name\" content=\"MetaFLO Technologies\" \/>\n<meta property=\"article:publisher\" content=\"https:\/\/www.facebook.com\/MetaFLOTechnologies\/\" \/>\n<meta property=\"article:modified_time\" content=\"2026-03-12T13:10:53+00:00\" \/>\n<meta property=\"og:image\" content=\"https:\/\/www.metaflotech.com\/wp-content\/uploads\/2025\/07\/Dark-4.svg\" \/>\n<meta name=\"twitter:card\" content=\"summary_large_image\" \/>\n<meta name=\"twitter:site\" content=\"@metaflo\" \/>\n<meta name=\"twitter:label1\" content=\"Tiempo de lectura\" \/>\n\t<meta name=\"twitter:data1\" content=\"5 minutos\" \/>\n<script type=\"application\/ld+json\" class=\"yoast-schema-graph\">{\"@context\":\"https:\\\/\\\/schema.org\",\"@graph\":[{\"@type\":\"WebPage\",\"@id\":\"https:\\\/\\\/www.metaflotech.com\\\/es\\\/products\\\/biopolymers\\\/extractech\\\/\",\"url\":\"https:\\\/\\\/www.metaflotech.com\\\/es\\\/products\\\/biopolymers\\\/extractech\\\/\",\"name\":\"ExtracTech Gold Extraction and Metal Recovery | MetaFLO Technologies\",\"isPartOf\":{\"@id\":\"https:\\\/\\\/www.metaflotech.com\\\/es\\\/#website\"},\"primaryImageOfPage\":{\"@id\":\"https:\\\/\\\/www.metaflotech.com\\\/es\\\/products\\\/biopolymers\\\/extractech\\\/#primaryimage\"},\"image\":{\"@id\":\"https:\\\/\\\/www.metaflotech.com\\\/es\\\/products\\\/biopolymers\\\/extractech\\\/#primaryimage\"},\"thumbnailUrl\":\"https:\\\/\\\/www.metaflotech.com\\\/wp-content\\\/uploads\\\/2025\\\/07\\\/Dark-4.svg\",\"datePublished\":\"2024-10-09T13:54:53+00:00\",\"dateModified\":\"2026-03-12T13:10:53+00:00\",\"description\":\"ExtracTech enhances gold extraction and metal recovery in mining operations, improving process efficiency while reducing cyanide consumption and environmental impact.\",\"breadcrumb\":{\"@id\":\"https:\\\/\\\/www.metaflotech.com\\\/es\\\/products\\\/biopolymers\\\/extractech\\\/#breadcrumb\"},\"inLanguage\":\"es\",\"potentialAction\":[{\"@type\":\"ReadAction\",\"target\":[\"https:\\\/\\\/www.metaflotech.com\\\/es\\\/products\\\/biopolymers\\\/extractech\\\/\"]}]},{\"@type\":\"ImageObject\",\"inLanguage\":\"es\",\"@id\":\"https:\\\/\\\/www.metaflotech.com\\\/es\\\/products\\\/biopolymers\\\/extractech\\\/#primaryimage\",\"url\":\"https:\\\/\\\/www.metaflotech.com\\\/wp-content\\\/uploads\\\/2025\\\/07\\\/Dark-4.svg\",\"contentUrl\":\"https:\\\/\\\/www.metaflotech.com\\\/wp-content\\\/uploads\\\/2025\\\/07\\\/Dark-4.svg\"},{\"@type\":\"BreadcrumbList\",\"@id\":\"https:\\\/\\\/www.metaflotech.com\\\/es\\\/products\\\/biopolymers\\\/extractech\\\/#breadcrumb\",\"itemListElement\":[{\"@type\":\"ListItem\",\"position\":1,\"name\":\"Home\",\"item\":\"https:\\\/\\\/www.metaflotech.com\\\/\"},{\"@type\":\"ListItem\",\"position\":2,\"name\":\"Products\",\"item\":\"https:\\\/\\\/www.metaflotech.com\\\/products\\\/\"},{\"@type\":\"ListItem\",\"position\":3,\"name\":\"Biopolymers (Tech)\",\"item\":\"https:\\\/\\\/www.metaflotech.com\\\/products\\\/biopolymers\\\/\"},{\"@type\":\"ListItem\",\"position\":4,\"name\":\"ExtracTech Gold Extraction and Metal Recovery\"}]},{\"@type\":\"WebSite\",\"@id\":\"https:\\\/\\\/www.metaflotech.com\\\/es\\\/#website\",\"url\":\"https:\\\/\\\/www.metaflotech.com\\\/es\\\/\",\"name\":\"MetaFLO Technologies\",\"description\":\"Engineered Polymer Solutions For Industrial Applications\",\"potentialAction\":[{\"@type\":\"SearchAction\",\"target\":{\"@type\":\"EntryPoint\",\"urlTemplate\":\"https:\\\/\\\/www.metaflotech.com\\\/es\\\/?s={search_term_string}\"},\"query-input\":{\"@type\":\"PropertyValueSpecification\",\"valueRequired\":true,\"valueName\":\"search_term_string\"}}],\"inLanguage\":\"es\"}]}<\/script>\n<!-- \/ Yoast SEO plugin. -->","yoast_head_json":{"title":"ExtracTech Gold Extraction and Metal Recovery | MetaFLO Technologies","description":"ExtracTech enhances gold extraction and metal recovery in mining operations, improving process efficiency while reducing cyanide consumption and environmental impact.","robots":{"index":"index","follow":"follow","max-snippet":"max-snippet:-1","max-image-preview":"max-image-preview:large","max-video-preview":"max-video-preview:-1"},"canonical":"https:\/\/www.metaflotech.com\/es\/productos\/biopolimeros\/extractech\/","og_locale":"es_ES","og_type":"article","og_title":"ExtracTech Gold Extraction and Metal Recovery | MetaFLO Technologies","og_description":"ExtracTech enhances gold extraction and metal recovery in mining operations, improving process efficiency while reducing cyanide consumption and environmental impact.","og_url":"https:\/\/www.metaflotech.com\/es\/productos\/biopolimeros\/extractech\/","og_site_name":"MetaFLO Technologies","article_publisher":"https:\/\/www.facebook.com\/MetaFLOTechnologies\/","article_modified_time":"2026-03-12T13:10:53+00:00","og_image":[{"url":"https:\/\/www.metaflotech.com\/wp-content\/uploads\/2025\/07\/Dark-4.svg","type":"","width":"","height":""}],"twitter_card":"summary_large_image","twitter_site":"@metaflo","twitter_misc":{"Tiempo de lectura":"5 minutos"},"schema":{"@context":"https:\/\/schema.org","@graph":[{"@type":"WebPage","@id":"https:\/\/www.metaflotech.com\/es\/products\/biopolymers\/extractech\/","url":"https:\/\/www.metaflotech.com\/es\/products\/biopolymers\/extractech\/","name":"ExtracTech Gold Extraction and Metal Recovery | MetaFLO Technologies","isPartOf":{"@id":"https:\/\/www.metaflotech.com\/es\/#website"},"primaryImageOfPage":{"@id":"https:\/\/www.metaflotech.com\/es\/products\/biopolymers\/extractech\/#primaryimage"},"image":{"@id":"https:\/\/www.metaflotech.com\/es\/products\/biopolymers\/extractech\/#primaryimage"},"thumbnailUrl":"https:\/\/www.metaflotech.com\/wp-content\/uploads\/2025\/07\/Dark-4.svg","datePublished":"2024-10-09T13:54:53+00:00","dateModified":"2026-03-12T13:10:53+00:00","description":"ExtracTech enhances gold extraction and metal recovery in mining operations, improving process efficiency while reducing cyanide consumption and environmental impact.","breadcrumb":{"@id":"https:\/\/www.metaflotech.com\/es\/products\/biopolymers\/extractech\/#breadcrumb"},"inLanguage":"es","potentialAction":[{"@type":"ReadAction","target":["https:\/\/www.metaflotech.com\/es\/products\/biopolymers\/extractech\/"]}]},{"@type":"ImageObject","inLanguage":"es","@id":"https:\/\/www.metaflotech.com\/es\/products\/biopolymers\/extractech\/#primaryimage","url":"https:\/\/www.metaflotech.com\/wp-content\/uploads\/2025\/07\/Dark-4.svg","contentUrl":"https:\/\/www.metaflotech.com\/wp-content\/uploads\/2025\/07\/Dark-4.svg"},{"@type":"BreadcrumbList","@id":"https:\/\/www.metaflotech.com\/es\/products\/biopolymers\/extractech\/#breadcrumb","itemListElement":[{"@type":"ListItem","position":1,"name":"Home","item":"https:\/\/www.metaflotech.com\/"},{"@type":"ListItem","position":2,"name":"Products","item":"https:\/\/www.metaflotech.com\/products\/"},{"@type":"ListItem","position":3,"name":"Biopolymers (Tech)","item":"https:\/\/www.metaflotech.com\/products\/biopolymers\/"},{"@type":"ListItem","position":4,"name":"ExtracTech Gold Extraction and Metal Recovery"}]},{"@type":"WebSite","@id":"https:\/\/www.metaflotech.com\/es\/#website","url":"https:\/\/www.metaflotech.com\/es\/","name":"Tecnolog\u00edas MetaFLO","description":"Soluciones de pol\u00edmeros para aplicaciones industriales","potentialAction":[{"@type":"SearchAction","target":{"@type":"EntryPoint","urlTemplate":"https:\/\/www.metaflotech.com\/es\/?s={search_term_string}"},"query-input":{"@type":"PropertyValueSpecification","valueRequired":true,"valueName":"search_term_string"}}],"inLanguage":"es"}]}},"_links":{"self":[{"href":"https:\/\/www.metaflotech.com\/es\/wp-json\/wp\/v2\/pages\/95190","targetHints":{"allow":["GET"]}}],"collection":[{"href":"https:\/\/www.metaflotech.com\/es\/wp-json\/wp\/v2\/pages"}],"about":[{"href":"https:\/\/www.metaflotech.com\/es\/wp-json\/wp\/v2\/types\/page"}],"author":[{"embeddable":true,"href":"https:\/\/www.metaflotech.com\/es\/wp-json\/wp\/v2\/users\/1"}],"replies":[{"embeddable":true,"href":"https:\/\/www.metaflotech.com\/es\/wp-json\/wp\/v2\/comments?post=95190"}],"version-history":[{"count":0,"href":"https:\/\/www.metaflotech.com\/es\/wp-json\/wp\/v2\/pages\/95190\/revisions"}],"up":[{"embeddable":true,"href":"https:\/\/www.metaflotech.com\/es\/wp-json\/wp\/v2\/pages\/108180"}],"wp:attachment":[{"href":"https:\/\/www.metaflotech.com\/es\/wp-json\/wp\/v2\/media?parent=95190"}],"curies":[{"name":"wp","href":"https:\/\/api.w.org\/{rel}","templated":true}]}}