{"id":95604,"date":"2024-10-10T07:54:17","date_gmt":"2024-10-10T07:54:17","guid":{"rendered":"https:\/\/www.metaflotech.com\/?page_id=95604"},"modified":"2026-03-12T13:10:15","modified_gmt":"2026-03-12T13:10:15","slug":"remtech","status":"publish","type":"page","link":"https:\/\/www.metaflotech.com\/es\/products\/biopolymers\/remtech\/","title":{"rendered":"RemTech Contaminated Water Treatment for Metals and Hydrocarbons"},"content":{"rendered":"<img decoding=\"async\" src=\"https:\/\/www.metaflotech.com\/wp-content\/uploads\/2025\/07\/Dark.svg\" alt=\"Oscuro\" itemprop=\"image\" height=\"100\" width=\"100\" title=\"Oscuro\" onerror=\"this.style.display='none'\" loading='lazy' \/>\r\n\t<h1><strong>Biopol\u00edmero<\/strong><\/h1>\r\n<h1>Soluci\u00f3n biol\u00f3gica avanzada para aguas contaminadas<\/h1>\r\n\t<h3><strong>Aplicaci\u00f3n<\/strong><\/h3>\r\n\t\t\t <p>Miner\u00eda<\/p>\t\t\r\n\t\t\t <p>Petr\u00f3leo y gas (fracking)<\/p>\t\t\r\n\t\t\t <p>Lodos y fangos contaminados<\/p>\t\t\r\n\t<h3><strong>Beneficios<\/strong><\/h3>\r\n\t\t\t <p>Agente oxidante alcalino f\u00e1cil de aplicar, no requiere equipo adicional.<\/p>\t\t\r\n\t\t\t <p>Respetuoso con el medio ambiente: elimina los contaminantes y permite la reutilizaci\u00f3n del agua.<\/p>\t\t\r\n\t\t\t <p>No genera subproductos t\u00f3xicos para el medio ambiente.<\/p>\t\t\r\n\t\t\t <p>Degrada aceites y grasas presentes en el agua.<\/p>\t\t\r\n\t\t\t <p>Precipita los metales presentes en el agua.<\/p>\t\t\r\n\t\t\t\t<img decoding=\"async\" src=\"https:\/\/www.metaflotech.com\/wp-content\/uploads\/2024\/10\/Biopolymer-Hero-3.png\" alt=\"Biopol\u00edmero Hero 3\" itemprop=\"image\" height=\"447\" width=\"1162\" onerror=\"this.style.display='none'\" loading='lazy' \/>\r\n\t<h3>&#8220;<strong>Soluci\u00f3n de cobre con una concentraci\u00f3n de 4% <\/strong>&#8211; before and after RemTech application.&#8221;<\/h3>\r\n<h3>&#8220;<strong>RemTech permite eliminar diferentes metales pesados simult\u00e1neamente, <\/strong>offering the opportunity to reuse water in the industrial process.&#8221;<\/h3>\r\n\t<h2><strong>Un aditivo para aguas contaminadas, fracking, lixiviados de vertedero, estanques, lagos y cursos de agua.<\/strong><\/h2>\r\n<p>Esta avanzada tecnolog\u00eda es ideal para las industrias que buscan soluciones eficaces y respetuosas con el medio ambiente para los l\u00edquidos contaminados.<\/p>\r\n<p>For produced water, RemTech at low dosages is able to act at hydrocarbons and metals simultaneously. RemTech&#8217;s chemistry can also be used effectively in any contaminated liquid, whether from mining, oil and gas, or manufacturing.<\/p>\r\n\t\t\t\t<img decoding=\"async\" src=\"https:\/\/www.metaflotech.com\/wp-content\/uploads\/2024\/11\/Fracking-Remediation.png\" alt=\"Remediaci\u00f3n del fracking\" itemprop=\"image\" height=\"702\" width=\"728\" onerror=\"this.style.display='none'\" loading='lazy' \/>\r\n\t<h1><strong>Ventajas de RemTech<\/strong><\/h1>\r\n\t<h4>En comparaci\u00f3n con otros agentes alcalinos, <strong>RemTech act\u00faa con rapidez,<\/strong> no genera residuos que deban tratarse y no desgasta los equipos de proceso.<\/h4>\r\n\t<h4>Las pruebas han demostrado que RemTech es muy eficaz para eliminar <strong>Compuestos BTEX (benceno, toleno, etilbenceno y xilenos) e hidrocarburos alif\u00e1ticos y arom\u00e1ticos.<\/strong><\/h4>\r\n\t<h4><strong>Facilidad de uso.<\/strong><\/h4>\r\n\t<h4><strong>Versatile application &#8211; different types of hydrocarbons.<\/strong><\/h4>\r\n\t<h4><strong>Seguridad y sostenibilidad.<\/strong><\/h4>\r\n\t<h4><strong>No genera residuos, permitiendo en algunos casos la producci\u00f3n de parafinas y otros componentes inertes.<\/strong><\/h4>\r\n\t<h2><strong>El proceso de tratamiento es r\u00e1pido y f\u00e1cil de realizar y se puede llevar a cabo en la propia plataforma.<\/strong><\/h2>\r\n\t<h2><strong>\u00bfC\u00f3mo debe utilizarse RemTech en el tratamiento de aguas contaminadas?<\/strong><\/h2>\r\n<p>RemTech debe utilizarse como un simple aditivo, a\u00f1adido al proceso existente. Puede dosificarse directamente en el agua, ya que tiene una alta solubilidad.<\/p>\r\n<p>&nbsp;<\/p>\r\n<h2><strong>\u00bfQu\u00e9 cantidad debo utilizar?<\/strong><\/h2>\r\n<p>La dosificaci\u00f3n de RemTech depende de los tipos de contaminantes existentes (hidrocarburos m\u00e1s complejos y de alto peso molecular) y de la concentraci\u00f3n de los contaminantes. Sin embargo, en general, las dosis bajas son suficientes para el tratamiento, siendo eficaces a partir de 250 ppm.<\/p>\r\n<h2>\r\n\t\t\tCasos pr\u00e1cticos\t<\/h2>\r\n<h3>\r\n\t\t<a href=\"https:\/\/www.metaflotech.com\/wp-content\/uploads\/2025\/07\/RemTech-Case-Study-1-English-MetaFLO-Technologies.pdf\" title=\"RemTech trata simult\u00e1neamente metales pesados para efluentes de lixiviaci\u00f3n de oro\"  target=\"_self\">\r\n\t\t\tRemTech trata simult\u00e1neamente metales pesados para efluentes de lixiviaci\u00f3n de oro\t\t<\/a>\r\n\t<\/h3>\r\n\t<p>MetaFLO&#8217;s biopolymer provides advanced bio-friendly remediation of contaminated water such as effluents, helping companies save costs, increase productivity and protect the environment.<\/p>\r\n<h3>\r\n\t\t<a href=\"https:\/\/www.metaflotech.com\/wp-content\/uploads\/2025\/07\/RemTech-Case-Study-2-English-MetaFLO-Technologies-1.pdf\" title=\"RemTech trata los hidrocarburos de los efluentes industriales del petr\u00f3leo\"  target=\"_self\">\r\n\t\t\tRemTech trata los hidrocarburos de los efluentes industriales del petr\u00f3leo\t\t<\/a>\r\n\t<\/h3>\r\n\t<p>MetaFLO&#8217;s study reveals unmatched cost savings, productivity gains, and environmental benefits for treating hydrocarbons on an effluent.<\/p>\r\n\t<h1><strong>Nuestros biopol\u00edmeros<\/strong><\/h1>\r\n<p>MetaFLO&#8217;s biopolymers have been purposefully engineered to provide a variety of cost-effective solutions for multiple applications, from dust suppression to gold extraction. Our products are environmentally safe, easy to use, and can be tailored to meet specific needs. Contact us for more details.<\/p>\r\n\t\t\t\t<a href=\"https:\/\/www.metaflotech.com\/es\/productos\/biopolimeros\/soiltech\/\"  target=\"_self\" itemprop=\"url\">\r\n\t\t\t\t<img decoding=\"async\" src=\"https:\/\/www.metaflotech.com\/wp-content\/uploads\/2025\/07\/Logo-3.svg\" alt=\"Logotipo\" itemprop=\"image\" height=\"100\" width=\"100\" title=\"Logotipo\" onerror=\"this.style.display='none'\" loading='lazy' \/>\r\n\t\t\t\t<\/a>\r\n\t<p><strong>\u2713 Estabilizaci\u00f3n del suelo<\/strong><\/p>\r\n\t\t\t\t<a href=\"https:\/\/www.metaflotech.com\/es\/productos\/biopolimeros\/dustech\/\"  target=\"_self\" itemprop=\"url\">\r\n\t\t\t\t<img decoding=\"async\" src=\"https:\/\/www.metaflotech.com\/wp-content\/uploads\/2025\/07\/Logo-5.svg\" alt=\"Logotipo\" itemprop=\"image\" height=\"100\" width=\"100\" title=\"Logotipo\" onerror=\"this.style.display='none'\" loading='lazy' \/>\r\n\t\t\t\t<\/a>\r\n\t<p><strong>\u2713 Supresi\u00f3n de polvo<\/strong><\/p>\r\n\t\t\t\t<a href=\"https:\/\/www.metaflotech.com\/es\/productos\/biopolimeros\/extractech\/\"  target=\"_self\" itemprop=\"url\">\r\n\t\t\t\t<img decoding=\"async\" src=\"https:\/\/www.metaflotech.com\/wp-content\/uploads\/2025\/07\/Logo-4.svg\" alt=\"Logotipo\" itemprop=\"image\" height=\"100\" width=\"100\" title=\"Logotipo\" onerror=\"this.style.display='none'\" loading='lazy' \/>\r\n\t\t\t\t<\/a>\r\n\t<strong>\u2713 Extracci\u00f3n de oro y reducci\u00f3n de cianuro<br \/>\r\n<\/strong>\r\n\t\t\t\t<a href=\"https:\/\/www.metaflotech.com\/es\/productos\/biopolimeros\/remtech\/\"  target=\"_self\" itemprop=\"url\">\r\n\t\t\t\t<img decoding=\"async\" src=\"https:\/\/www.metaflotech.com\/wp-content\/uploads\/2025\/07\/Logo.svg\" alt=\"Logotipo\" itemprop=\"image\" height=\"100\" width=\"100\" title=\"Logotipo\" onerror=\"this.style.display='none'\" loading='lazy' \/>\r\n\t\t\t\t<\/a>\r\n\t<p><strong>\u2713 Agua contaminada<\/strong><\/p>\r\n\t\t\t\t<a href=\"https:\/\/www.metaflotech.com\/es\/productos\/biopolimeros\/cementech\/\"  target=\"_self\" itemprop=\"url\">\r\n\t\t\t\t<img decoding=\"async\" src=\"https:\/\/www.metaflotech.com\/wp-content\/uploads\/2025\/07\/Logo-8.svg\" alt=\"Logotipo\" itemprop=\"image\" height=\"100\" width=\"100\" title=\"Logotipo\" onerror=\"this.style.display='none'\" loading='lazy' \/>\r\n\t\t\t\t<\/a>\r\n\t<p><strong>\u2713 Mejora del cemento<\/strong><\/p>","protected":false},"excerpt":{"rendered":"<p>Biopolymer Advanced Bio-Friendly Solution for Contaminated Water Application Mining Oil &amp; Gas (Fracking) Contaminated Slurries and Sludges Benefits Easy to apply alkaline oxidizing agent, does not require additional equipment. Environmentally friendly: eliminates contaminants and allows water reuse. Does not generate toxic byproducts to the environment. Degradates oils and greases present in water. Precipitates metals present&hellip;<\/p>","protected":false},"author":1,"featured_media":0,"parent":108180,"menu_order":0,"comment_status":"closed","ping_status":"closed","template":"","meta":{"_acf_changed":false,"inline_featured_image":false,"footnotes":""},"class_list":["post-95604","page","type-page","status-publish","hentry"],"acf":[],"yoast_head":"<!-- This site is optimized with the Yoast SEO plugin v27.5 - https:\/\/yoast.com\/product\/yoast-seo-wordpress\/ -->\n<title>RemTech Contaminated Water Treatment for Metals and Hydrocarbons | MetaFLO Technologies<\/title>\n<meta name=\"description\" content=\"RemTech is an advanced biopolymer for contaminated water treatment, removing heavy metals and hydrocarbons while improving environmental compliance and water reuse.\" \/>\n<meta name=\"robots\" content=\"index, follow, max-snippet:-1, max-image-preview:large, max-video-preview:-1\" \/>\n<link rel=\"canonical\" href=\"https:\/\/www.metaflotech.com\/es\/productos\/biopolimeros\/remtech\/\" \/>\n<meta property=\"og:locale\" content=\"es_ES\" \/>\n<meta property=\"og:type\" content=\"article\" \/>\n<meta property=\"og:title\" content=\"RemTech Contaminated Water Treatment for Metals and Hydrocarbons | MetaFLO Technologies\" \/>\n<meta property=\"og:description\" content=\"RemTech is an advanced biopolymer for contaminated water treatment, removing heavy metals and hydrocarbons while improving environmental compliance and water reuse.\" \/>\n<meta property=\"og:url\" content=\"https:\/\/www.metaflotech.com\/es\/productos\/biopolimeros\/remtech\/\" \/>\n<meta property=\"og:site_name\" content=\"MetaFLO Technologies\" \/>\n<meta property=\"article:publisher\" content=\"https:\/\/www.facebook.com\/MetaFLOTechnologies\/\" \/>\n<meta property=\"article:modified_time\" content=\"2026-03-12T13:10:15+00:00\" \/>\n<meta property=\"og:image\" content=\"https:\/\/www.metaflotech.com\/wp-content\/uploads\/2025\/07\/Dark.svg\" \/>\n<meta name=\"twitter:card\" content=\"summary_large_image\" \/>\n<meta name=\"twitter:site\" content=\"@metaflo\" \/>\n<meta name=\"twitter:label1\" content=\"Tiempo de lectura\" \/>\n\t<meta name=\"twitter:data1\" content=\"4 minutos\" \/>\n<script type=\"application\/ld+json\" class=\"yoast-schema-graph\">{\"@context\":\"https:\\\/\\\/schema.org\",\"@graph\":[{\"@type\":\"WebPage\",\"@id\":\"https:\\\/\\\/www.metaflotech.com\\\/es\\\/products\\\/biopolymers\\\/remtech\\\/\",\"url\":\"https:\\\/\\\/www.metaflotech.com\\\/es\\\/products\\\/biopolymers\\\/remtech\\\/\",\"name\":\"RemTech Contaminated Water Treatment for Metals and Hydrocarbons | MetaFLO Technologies\",\"isPartOf\":{\"@id\":\"https:\\\/\\\/www.metaflotech.com\\\/es\\\/#website\"},\"primaryImageOfPage\":{\"@id\":\"https:\\\/\\\/www.metaflotech.com\\\/es\\\/products\\\/biopolymers\\\/remtech\\\/#primaryimage\"},\"image\":{\"@id\":\"https:\\\/\\\/www.metaflotech.com\\\/es\\\/products\\\/biopolymers\\\/remtech\\\/#primaryimage\"},\"thumbnailUrl\":\"https:\\\/\\\/www.metaflotech.com\\\/wp-content\\\/uploads\\\/2025\\\/07\\\/Dark.svg\",\"datePublished\":\"2024-10-10T07:54:17+00:00\",\"dateModified\":\"2026-03-12T13:10:15+00:00\",\"description\":\"RemTech is an advanced biopolymer for contaminated water treatment, removing heavy metals and hydrocarbons while improving environmental compliance and water reuse.\",\"breadcrumb\":{\"@id\":\"https:\\\/\\\/www.metaflotech.com\\\/es\\\/products\\\/biopolymers\\\/remtech\\\/#breadcrumb\"},\"inLanguage\":\"es\",\"potentialAction\":[{\"@type\":\"ReadAction\",\"target\":[\"https:\\\/\\\/www.metaflotech.com\\\/es\\\/products\\\/biopolymers\\\/remtech\\\/\"]}]},{\"@type\":\"ImageObject\",\"inLanguage\":\"es\",\"@id\":\"https:\\\/\\\/www.metaflotech.com\\\/es\\\/products\\\/biopolymers\\\/remtech\\\/#primaryimage\",\"url\":\"https:\\\/\\\/www.metaflotech.com\\\/wp-content\\\/uploads\\\/2025\\\/07\\\/Dark.svg\",\"contentUrl\":\"https:\\\/\\\/www.metaflotech.com\\\/wp-content\\\/uploads\\\/2025\\\/07\\\/Dark.svg\"},{\"@type\":\"BreadcrumbList\",\"@id\":\"https:\\\/\\\/www.metaflotech.com\\\/es\\\/products\\\/biopolymers\\\/remtech\\\/#breadcrumb\",\"itemListElement\":[{\"@type\":\"ListItem\",\"position\":1,\"name\":\"Home\",\"item\":\"https:\\\/\\\/www.metaflotech.com\\\/\"},{\"@type\":\"ListItem\",\"position\":2,\"name\":\"Products\",\"item\":\"https:\\\/\\\/www.metaflotech.com\\\/products\\\/\"},{\"@type\":\"ListItem\",\"position\":3,\"name\":\"Biopolymers (Tech)\",\"item\":\"https:\\\/\\\/www.metaflotech.com\\\/products\\\/biopolymers\\\/\"},{\"@type\":\"ListItem\",\"position\":4,\"name\":\"RemTech Contaminated Water Treatment for Metals and Hydrocarbons\"}]},{\"@type\":\"WebSite\",\"@id\":\"https:\\\/\\\/www.metaflotech.com\\\/es\\\/#website\",\"url\":\"https:\\\/\\\/www.metaflotech.com\\\/es\\\/\",\"name\":\"MetaFLO Technologies\",\"description\":\"Engineered Polymer Solutions For Industrial Applications\",\"potentialAction\":[{\"@type\":\"SearchAction\",\"target\":{\"@type\":\"EntryPoint\",\"urlTemplate\":\"https:\\\/\\\/www.metaflotech.com\\\/es\\\/?s={search_term_string}\"},\"query-input\":{\"@type\":\"PropertyValueSpecification\",\"valueRequired\":true,\"valueName\":\"search_term_string\"}}],\"inLanguage\":\"es\"}]}<\/script>\n<!-- \/ Yoast SEO plugin. -->","yoast_head_json":{"title":"RemTech Contaminated Water Treatment for Metals and Hydrocarbons | MetaFLO Technologies","description":"RemTech is an advanced biopolymer for contaminated water treatment, removing heavy metals and hydrocarbons while improving environmental compliance and water reuse.","robots":{"index":"index","follow":"follow","max-snippet":"max-snippet:-1","max-image-preview":"max-image-preview:large","max-video-preview":"max-video-preview:-1"},"canonical":"https:\/\/www.metaflotech.com\/es\/productos\/biopolimeros\/remtech\/","og_locale":"es_ES","og_type":"article","og_title":"RemTech Contaminated Water Treatment for Metals and Hydrocarbons | MetaFLO Technologies","og_description":"RemTech is an advanced biopolymer for contaminated water treatment, removing heavy metals and hydrocarbons while improving environmental compliance and water reuse.","og_url":"https:\/\/www.metaflotech.com\/es\/productos\/biopolimeros\/remtech\/","og_site_name":"MetaFLO Technologies","article_publisher":"https:\/\/www.facebook.com\/MetaFLOTechnologies\/","article_modified_time":"2026-03-12T13:10:15+00:00","og_image":[{"url":"https:\/\/www.metaflotech.com\/wp-content\/uploads\/2025\/07\/Dark.svg","type":"","width":"","height":""}],"twitter_card":"summary_large_image","twitter_site":"@metaflo","twitter_misc":{"Tiempo de lectura":"4 minutos"},"schema":{"@context":"https:\/\/schema.org","@graph":[{"@type":"WebPage","@id":"https:\/\/www.metaflotech.com\/es\/products\/biopolymers\/remtech\/","url":"https:\/\/www.metaflotech.com\/es\/products\/biopolymers\/remtech\/","name":"RemTech Contaminated Water Treatment for Metals and Hydrocarbons | MetaFLO Technologies","isPartOf":{"@id":"https:\/\/www.metaflotech.com\/es\/#website"},"primaryImageOfPage":{"@id":"https:\/\/www.metaflotech.com\/es\/products\/biopolymers\/remtech\/#primaryimage"},"image":{"@id":"https:\/\/www.metaflotech.com\/es\/products\/biopolymers\/remtech\/#primaryimage"},"thumbnailUrl":"https:\/\/www.metaflotech.com\/wp-content\/uploads\/2025\/07\/Dark.svg","datePublished":"2024-10-10T07:54:17+00:00","dateModified":"2026-03-12T13:10:15+00:00","description":"RemTech is an advanced biopolymer for contaminated water treatment, removing heavy metals and hydrocarbons while improving environmental compliance and water reuse.","breadcrumb":{"@id":"https:\/\/www.metaflotech.com\/es\/products\/biopolymers\/remtech\/#breadcrumb"},"inLanguage":"es","potentialAction":[{"@type":"ReadAction","target":["https:\/\/www.metaflotech.com\/es\/products\/biopolymers\/remtech\/"]}]},{"@type":"ImageObject","inLanguage":"es","@id":"https:\/\/www.metaflotech.com\/es\/products\/biopolymers\/remtech\/#primaryimage","url":"https:\/\/www.metaflotech.com\/wp-content\/uploads\/2025\/07\/Dark.svg","contentUrl":"https:\/\/www.metaflotech.com\/wp-content\/uploads\/2025\/07\/Dark.svg"},{"@type":"BreadcrumbList","@id":"https:\/\/www.metaflotech.com\/es\/products\/biopolymers\/remtech\/#breadcrumb","itemListElement":[{"@type":"ListItem","position":1,"name":"Home","item":"https:\/\/www.metaflotech.com\/"},{"@type":"ListItem","position":2,"name":"Products","item":"https:\/\/www.metaflotech.com\/products\/"},{"@type":"ListItem","position":3,"name":"Biopolymers (Tech)","item":"https:\/\/www.metaflotech.com\/products\/biopolymers\/"},{"@type":"ListItem","position":4,"name":"RemTech Contaminated Water Treatment for Metals and Hydrocarbons"}]},{"@type":"WebSite","@id":"https:\/\/www.metaflotech.com\/es\/#website","url":"https:\/\/www.metaflotech.com\/es\/","name":"Tecnolog\u00edas MetaFLO","description":"Soluciones de pol\u00edmeros para aplicaciones industriales","potentialAction":[{"@type":"SearchAction","target":{"@type":"EntryPoint","urlTemplate":"https:\/\/www.metaflotech.com\/es\/?s={search_term_string}"},"query-input":{"@type":"PropertyValueSpecification","valueRequired":true,"valueName":"search_term_string"}}],"inLanguage":"es"}]}},"_links":{"self":[{"href":"https:\/\/www.metaflotech.com\/es\/wp-json\/wp\/v2\/pages\/95604","targetHints":{"allow":["GET"]}}],"collection":[{"href":"https:\/\/www.metaflotech.com\/es\/wp-json\/wp\/v2\/pages"}],"about":[{"href":"https:\/\/www.metaflotech.com\/es\/wp-json\/wp\/v2\/types\/page"}],"author":[{"embeddable":true,"href":"https:\/\/www.metaflotech.com\/es\/wp-json\/wp\/v2\/users\/1"}],"replies":[{"embeddable":true,"href":"https:\/\/www.metaflotech.com\/es\/wp-json\/wp\/v2\/comments?post=95604"}],"version-history":[{"count":0,"href":"https:\/\/www.metaflotech.com\/es\/wp-json\/wp\/v2\/pages\/95604\/revisions"}],"up":[{"embeddable":true,"href":"https:\/\/www.metaflotech.com\/es\/wp-json\/wp\/v2\/pages\/108180"}],"wp:attachment":[{"href":"https:\/\/www.metaflotech.com\/es\/wp-json\/wp\/v2\/media?parent=95604"}],"curies":[{"name":"wp","href":"https:\/\/api.w.org\/{rel}","templated":true}]}}