{"id":95711,"date":"2024-10-10T08:18:09","date_gmt":"2024-10-10T08:18:09","guid":{"rendered":"https:\/\/www.metaflotech.com\/?page_id=95711"},"modified":"2026-03-12T13:08:00","modified_gmt":"2026-03-12T13:08:00","slug":"dustech","status":"publish","type":"page","link":"https:\/\/www.metaflotech.com\/es\/products\/biopolymers\/dustech\/","title":{"rendered":"DusTech Dust Control Biopolymer for Unpaved and Haul Roads"},"content":{"rendered":"<img decoding=\"async\" src=\"https:\/\/www.metaflotech.com\/wp-content\/uploads\/2025\/07\/Dark-5.svg\" alt=\"Oscuro\" itemprop=\"image\" height=\"100\" width=\"100\" title=\"Oscuro\" onerror=\"this.style.display='none'\" loading=\"lazy\" \/>\r\n\t<h1><strong>Biopol\u00edmero<\/strong><\/h1>\r\n<h1>utilizado para la supresi\u00f3n eficaz del polvo<\/h1>\r\n\t<h3><strong>Aplicaci\u00f3n<\/strong><\/h3>\r\n\t\t\t <p>Caminos de tierra<\/p>\u00a0\t\t\r\n\t\t\t <p>V\u00edas de acceso a la mina<\/p>\u00a0\t\t\r\n\t\t\t <p>Colinas arenosas<\/p>\u00a0\t\t\r\n\t\t\t <p>Material de acopio<\/p>\u00a0\t\t\r\n\t<h3><strong>Beneficios<\/strong><\/h3>\r\n\t\t\t <p>Mejora la calidad del aire al reducir significativamente el polvo en suspensi\u00f3n.<\/p>\t\t\r\n\t\t\t <p>Mejorar la seguridad vial con una mayor visibilidad para el tr\u00e1fico.<\/p>\t\t\r\n\t\t\t <p>Minimiza el consumo de agua, utilizando mucha menos en comparaci\u00f3n con los m\u00e9todos tradicionales de riego de carreteras.<\/p>\t\t\r\n\t\t\t <p>Rentable, ya que requiere menos aplicaciones y reduce los costes operativos en comparaci\u00f3n con los programas de riego.<\/p>\t\t\r\n\t\t\t <p>Reduce la cantidad de camiones cisterna necesarios para mojar las carreteras, lo que disminuye a\u00fan m\u00e1s el consumo de agua y los gastos operativos.<\/p>\t\t\r\n\t\t\t <p>Biopol\u00edmero seguro para el medio ambiente derivado de algas, que garantiza una soluci\u00f3n respetuosa con el medio ambiente.<\/p>\t\t\r\n\t<h3><strong>DusTech mejora la aglutinaci\u00f3n de part\u00edculas, <\/strong>un mejor sellado de la matriz molecular y una reducci\u00f3n significativa del polvo.<\/h3>\r\n\t<h3><strong>DusTech acts residually &#8211;<\/strong> Tras el tratamiento inicial, la humedad del suelo se prolonga con el biopol\u00edmero. Adem\u00e1s, para las aplicaciones posteriores, se requieren dosis cada vez m\u00e1s peque\u00f1as para garantizar la estabilidad de la superficie.<\/h3>\r\n\t\t\t\t<img decoding=\"async\" src=\"https:\/\/www.metaflotech.com\/wp-content\/uploads\/2024\/11\/DusTech-dirt-road-dust-suppression-additive-1.webp\" alt=\"DusTech aditivo antipolvo para caminos de tierra 1\" itemprop=\"image\" height=\"760\" width=\"658\" onerror=\"this.style.display='none'\" loading=\"lazy\" \/>\r\n\t\t\t\t<img decoding=\"async\" src=\"https:\/\/www.metaflotech.com\/wp-content\/uploads\/2024\/11\/DusTech-dirt-road-dust-suppression-additive-2.webp\" alt=\"DusTech aditivo antipolvo para caminos de tierra 2\" itemprop=\"image\" height=\"760\" width=\"658\" onerror=\"this.style.display='none'\" loading=\"lazy\" \/>\r\n\t\t\t\t<img decoding=\"async\" src=\"https:\/\/www.metaflotech.com\/wp-content\/uploads\/2024\/11\/DusTech-dirt-road-dust-suppression-additive-3.webp\" alt=\"DusTech, aditivo antipolvo para caminos de tierra 3\" itemprop=\"image\" height=\"760\" width=\"658\" onerror=\"this.style.display='none'\" loading=\"lazy\" \/>\r\n\t<h3><strong>Mejora la calidad del aire al reducir significativamente el polvo en suspensi\u00f3n.<\/strong><\/h3>\r\n\t<h3><strong>Aumenta la seguridad vial al proporcionar mayor visibilidad al tr\u00e1fico.<\/strong><\/h3>\r\n\t<h1><strong>METODOLOG\u00cdA DE APLICACI\u00d3N<\/strong><\/h1>\r\n<h3>Easy application with low dosage &#8211; It can be diluted directly in the water truck<br \/>\r\nsin necesidad de equipos adicionales.<\/h3>\r\n<h2>\r\n\t\t\tCasos pr\u00e1cticos\t<\/h2>\r\n<h3>\r\n\t\t<a href=\"https:\/\/www.metaflotech.com\/wp-content\/uploads\/2025\/07\/DusTech-Case-Study-1-English-MetaFLO-Technologies.pdf\" title=\"DusTech mejora la calidad del aire y ahorra 360.000 litros de agua al d\u00eda en una obra en construcci\u00f3n\"  target=\"_self\">\r\n\t\t\tDusTech mejora la calidad del aire y ahorra 360.000 litros de agua al d\u00eda en una obra en construcci\u00f3n\t\t<\/a>\r\n\t<\/h3>\r\n\t<p>As dust suppression becomes mandatory due to health and environmental concerns, MetaFLO&#8217;s fast-acting biopolymer provides a low-cost and efficient solution for improving air quality on construction sites.<\/p>\r\n<h3>\r\n\t\t<a href=\"https:\/\/www.metaflotech.com\/wp-content\/uploads\/2025\/07\/DusTech-Case-Study-2-English-MetaFLO-Technologies.pdf\" title=\"DusTech mejora la calidad del aire de una presa minera de oro\"  target=\"_self\">\r\n\t\t\tDusTech mejora la calidad del aire de una presa minera de oro\t\t<\/a>\r\n\t<\/h3>\r\n\t<p>MetaFLO&#8217;s use of a high-quality dust suppression biopolymer helped a gold mining dam improve air quality to keep workers and communities safe in a rapid and cost-effective way.<\/p>\r\n<h3>\r\n\t\t<a href=\"https:\/\/www.metaflotech.com\/wp-content\/uploads\/2025\/07\/DusTech-Case-Study-3-English-MetaFLO-Technologies.pdf\" title=\"DusTech mejora la calidad del aire en las obras\"  target=\"_self\">\r\n\t\t\tDusTech mejora la calidad del aire en las obras\t\t<\/a>\r\n\t<\/h3>\r\n\t<p>MetaFLO&#8217;s dust suppressant helped a construction site improve air quality through effective dust suppression, helping save costs, increase productivity, and benefit the environment.<\/p>\r\n\t<h1><strong>Nuestros biopol\u00edmeros<\/strong><\/h1>\r\n<p>MetaFLO&#8217;s biopolymers have been purposefully engineered to provide a variety of cost-effective solutions for multiple applications, from dust suppression to gold extraction. Our products are environmentally safe, easy to use, and can be tailored to meet specific needs. Contact us for more details.<\/p>\r\n\t\t\t\t<a href=\"https:\/\/www.metaflotech.com\/es\/productos\/biopolimeros\/soiltech\/\"  target=\"_self\" itemprop=\"url\">\r\n\t\t\t\t<img decoding=\"async\" src=\"https:\/\/www.metaflotech.com\/wp-content\/uploads\/2025\/07\/Logo-3.svg\" alt=\"Logotipo\" itemprop=\"image\" height=\"100\" width=\"100\" title=\"Logotipo\" onerror=\"this.style.display='none'\" loading=\"lazy\" \/>\r\n\t\t\t\t<\/a>\r\n\t<p><strong>\u2713 Estabilizaci\u00f3n del suelo<\/strong><\/p>\r\n\t\t\t\t<a href=\"https:\/\/www.metaflotech.com\/es\/productos\/biopolimeros\/dustech\/\"  target=\"_self\" itemprop=\"url\">\r\n\t\t\t\t<img decoding=\"async\" src=\"https:\/\/www.metaflotech.com\/wp-content\/uploads\/2025\/07\/Logo-5.svg\" alt=\"Logotipo\" itemprop=\"image\" height=\"100\" width=\"100\" title=\"Logotipo\" onerror=\"this.style.display='none'\" loading=\"lazy\" \/>\r\n\t\t\t\t<\/a>\r\n\t<p><strong>\u2713 Supresi\u00f3n de polvo<\/strong><\/p>\r\n\t\t\t\t<a href=\"https:\/\/www.metaflotech.com\/es\/productos\/biopolimeros\/extractech\/\"  target=\"_self\" itemprop=\"url\">\r\n\t\t\t\t<img decoding=\"async\" src=\"https:\/\/www.metaflotech.com\/wp-content\/uploads\/2025\/07\/Logo-4.svg\" alt=\"Logotipo\" itemprop=\"image\" height=\"100\" width=\"100\" title=\"Logotipo\" onerror=\"this.style.display='none'\" loading=\"lazy\" \/>\r\n\t\t\t\t<\/a>\r\n\t<strong>\u2713 Extracci\u00f3n de oro y reducci\u00f3n de cianuro<br \/>\r\n<\/strong>\r\n\t\t\t\t<a href=\"https:\/\/www.metaflotech.com\/es\/productos\/biopolimeros\/remtech\/\"  target=\"_self\" itemprop=\"url\">\r\n\t\t\t\t<img decoding=\"async\" src=\"https:\/\/www.metaflotech.com\/wp-content\/uploads\/2025\/07\/Logo.svg\" alt=\"Logotipo\" itemprop=\"image\" height=\"100\" width=\"100\" title=\"Logotipo\" onerror=\"this.style.display='none'\" loading=\"lazy\" \/>\r\n\t\t\t\t<\/a>\r\n\t<p><strong>\u2713 Agua contaminada<\/strong><\/p>\r\n\t\t\t\t<a href=\"https:\/\/www.metaflotech.com\/es\/productos\/biopolimeros\/cementech\/\"  target=\"_self\" itemprop=\"url\">\r\n\t\t\t\t<img decoding=\"async\" src=\"https:\/\/www.metaflotech.com\/wp-content\/uploads\/2025\/07\/Logo-8.svg\" alt=\"Logotipo\" itemprop=\"image\" height=\"100\" width=\"100\" title=\"Logotipo\" onerror=\"this.style.display='none'\" loading=\"lazy\" \/>\r\n\t\t\t\t<\/a>\r\n\t<p><strong>\u2713 Mejora del cemento<\/strong><\/p>","protected":false},"excerpt":{"rendered":"<p>Biopolymer used for effective dust suppression Application Dirt roads \u00a0 Mine access roads \u00a0 Sandy hills \u00a0 Stockpiles material \u00a0 Benefits Improve air quality by significantly reducing airborne dust. Enhance road safety with greater visibility for traffic. Minimizes water usage, using far less compared to traditional road irrigation methods. Cost-effective, requiring fewer applications and cutting&hellip;<\/p>","protected":false},"author":1,"featured_media":0,"parent":108180,"menu_order":0,"comment_status":"closed","ping_status":"closed","template":"","meta":{"_acf_changed":false,"inline_featured_image":false,"footnotes":""},"class_list":["post-95711","page","type-page","status-publish","hentry"],"acf":[],"yoast_head":"<!-- This site is optimized with the Yoast SEO plugin v27.5 - https:\/\/yoast.com\/product\/yoast-seo-wordpress\/ -->\n<title>DusTech Dust Control Biopolymer for Unpaved and Haul Roads | MetaFLO Technologies<\/title>\n<meta name=\"description\" content=\"DusTech is an advanced biopolymer for dust suppression on unpaved, rural, industrial and mining roads, improving air quality, road safety and operational efficiency.\" \/>\n<meta name=\"robots\" content=\"index, follow, max-snippet:-1, max-image-preview:large, max-video-preview:-1\" \/>\n<link rel=\"canonical\" href=\"https:\/\/www.metaflotech.com\/es\/productos\/biopolimeros\/dustech\/\" \/>\n<meta property=\"og:locale\" content=\"es_ES\" \/>\n<meta property=\"og:type\" content=\"article\" \/>\n<meta property=\"og:title\" content=\"DusTech Dust Control Biopolymer for Unpaved and Haul Roads | MetaFLO Technologies\" \/>\n<meta property=\"og:description\" content=\"DusTech is an advanced biopolymer for dust suppression on unpaved, rural, industrial and mining roads, improving air quality, road safety and operational efficiency.\" \/>\n<meta property=\"og:url\" content=\"https:\/\/www.metaflotech.com\/es\/productos\/biopolimeros\/dustech\/\" \/>\n<meta property=\"og:site_name\" content=\"MetaFLO Technologies\" \/>\n<meta property=\"article:publisher\" content=\"https:\/\/www.facebook.com\/MetaFLOTechnologies\/\" \/>\n<meta property=\"article:modified_time\" content=\"2026-03-12T13:08:00+00:00\" \/>\n<meta property=\"og:image\" content=\"https:\/\/www.metaflotech.com\/wp-content\/uploads\/2025\/07\/Dark-5.svg\" \/>\n<meta name=\"twitter:card\" content=\"summary_large_image\" \/>\n<meta name=\"twitter:site\" content=\"@metaflo\" \/>\n<meta name=\"twitter:label1\" content=\"Tiempo de lectura\" \/>\n\t<meta name=\"twitter:data1\" content=\"4 minutos\" \/>\n<script type=\"application\/ld+json\" class=\"yoast-schema-graph\">{\"@context\":\"https:\\\/\\\/schema.org\",\"@graph\":[{\"@type\":\"WebPage\",\"@id\":\"https:\\\/\\\/www.metaflotech.com\\\/es\\\/products\\\/biopolymers\\\/dustech\\\/\",\"url\":\"https:\\\/\\\/www.metaflotech.com\\\/es\\\/products\\\/biopolymers\\\/dustech\\\/\",\"name\":\"DusTech Dust Control Biopolymer for Unpaved and Haul Roads | MetaFLO Technologies\",\"isPartOf\":{\"@id\":\"https:\\\/\\\/www.metaflotech.com\\\/es\\\/#website\"},\"primaryImageOfPage\":{\"@id\":\"https:\\\/\\\/www.metaflotech.com\\\/es\\\/products\\\/biopolymers\\\/dustech\\\/#primaryimage\"},\"image\":{\"@id\":\"https:\\\/\\\/www.metaflotech.com\\\/es\\\/products\\\/biopolymers\\\/dustech\\\/#primaryimage\"},\"thumbnailUrl\":\"https:\\\/\\\/www.metaflotech.com\\\/wp-content\\\/uploads\\\/2025\\\/07\\\/Dark-5.svg\",\"datePublished\":\"2024-10-10T08:18:09+00:00\",\"dateModified\":\"2026-03-12T13:08:00+00:00\",\"description\":\"DusTech is an advanced biopolymer for dust suppression on unpaved, rural, industrial and mining roads, improving air quality, road safety and operational efficiency.\",\"breadcrumb\":{\"@id\":\"https:\\\/\\\/www.metaflotech.com\\\/es\\\/products\\\/biopolymers\\\/dustech\\\/#breadcrumb\"},\"inLanguage\":\"es\",\"potentialAction\":[{\"@type\":\"ReadAction\",\"target\":[\"https:\\\/\\\/www.metaflotech.com\\\/es\\\/products\\\/biopolymers\\\/dustech\\\/\"]}]},{\"@type\":\"ImageObject\",\"inLanguage\":\"es\",\"@id\":\"https:\\\/\\\/www.metaflotech.com\\\/es\\\/products\\\/biopolymers\\\/dustech\\\/#primaryimage\",\"url\":\"https:\\\/\\\/www.metaflotech.com\\\/wp-content\\\/uploads\\\/2025\\\/07\\\/Dark-5.svg\",\"contentUrl\":\"https:\\\/\\\/www.metaflotech.com\\\/wp-content\\\/uploads\\\/2025\\\/07\\\/Dark-5.svg\"},{\"@type\":\"BreadcrumbList\",\"@id\":\"https:\\\/\\\/www.metaflotech.com\\\/es\\\/products\\\/biopolymers\\\/dustech\\\/#breadcrumb\",\"itemListElement\":[{\"@type\":\"ListItem\",\"position\":1,\"name\":\"Home\",\"item\":\"https:\\\/\\\/www.metaflotech.com\\\/\"},{\"@type\":\"ListItem\",\"position\":2,\"name\":\"Products\",\"item\":\"https:\\\/\\\/www.metaflotech.com\\\/products\\\/\"},{\"@type\":\"ListItem\",\"position\":3,\"name\":\"Biopolymers (Tech)\",\"item\":\"https:\\\/\\\/www.metaflotech.com\\\/products\\\/biopolymers\\\/\"},{\"@type\":\"ListItem\",\"position\":4,\"name\":\"DusTech Dust Control Biopolymer for Unpaved and Haul Roads\"}]},{\"@type\":\"WebSite\",\"@id\":\"https:\\\/\\\/www.metaflotech.com\\\/es\\\/#website\",\"url\":\"https:\\\/\\\/www.metaflotech.com\\\/es\\\/\",\"name\":\"MetaFLO Technologies\",\"description\":\"Engineered Polymer Solutions For Industrial Applications\",\"potentialAction\":[{\"@type\":\"SearchAction\",\"target\":{\"@type\":\"EntryPoint\",\"urlTemplate\":\"https:\\\/\\\/www.metaflotech.com\\\/es\\\/?s={search_term_string}\"},\"query-input\":{\"@type\":\"PropertyValueSpecification\",\"valueRequired\":true,\"valueName\":\"search_term_string\"}}],\"inLanguage\":\"es\"}]}<\/script>\n<!-- \/ Yoast SEO plugin. -->","yoast_head_json":{"title":"DusTech Dust Control Biopolymer for Unpaved and Haul Roads | MetaFLO Technologies","description":"DusTech is an advanced biopolymer for dust suppression on unpaved, rural, industrial and mining roads, improving air quality, road safety and operational efficiency.","robots":{"index":"index","follow":"follow","max-snippet":"max-snippet:-1","max-image-preview":"max-image-preview:large","max-video-preview":"max-video-preview:-1"},"canonical":"https:\/\/www.metaflotech.com\/es\/productos\/biopolimeros\/dustech\/","og_locale":"es_ES","og_type":"article","og_title":"DusTech Dust Control Biopolymer for Unpaved and Haul Roads | MetaFLO Technologies","og_description":"DusTech is an advanced biopolymer for dust suppression on unpaved, rural, industrial and mining roads, improving air quality, road safety and operational efficiency.","og_url":"https:\/\/www.metaflotech.com\/es\/productos\/biopolimeros\/dustech\/","og_site_name":"MetaFLO Technologies","article_publisher":"https:\/\/www.facebook.com\/MetaFLOTechnologies\/","article_modified_time":"2026-03-12T13:08:00+00:00","og_image":[{"url":"https:\/\/www.metaflotech.com\/wp-content\/uploads\/2025\/07\/Dark-5.svg","type":"","width":"","height":""}],"twitter_card":"summary_large_image","twitter_site":"@metaflo","twitter_misc":{"Tiempo de lectura":"4 minutos"},"schema":{"@context":"https:\/\/schema.org","@graph":[{"@type":"WebPage","@id":"https:\/\/www.metaflotech.com\/es\/products\/biopolymers\/dustech\/","url":"https:\/\/www.metaflotech.com\/es\/products\/biopolymers\/dustech\/","name":"DusTech Dust Control Biopolymer for Unpaved and Haul Roads | MetaFLO Technologies","isPartOf":{"@id":"https:\/\/www.metaflotech.com\/es\/#website"},"primaryImageOfPage":{"@id":"https:\/\/www.metaflotech.com\/es\/products\/biopolymers\/dustech\/#primaryimage"},"image":{"@id":"https:\/\/www.metaflotech.com\/es\/products\/biopolymers\/dustech\/#primaryimage"},"thumbnailUrl":"https:\/\/www.metaflotech.com\/wp-content\/uploads\/2025\/07\/Dark-5.svg","datePublished":"2024-10-10T08:18:09+00:00","dateModified":"2026-03-12T13:08:00+00:00","description":"DusTech is an advanced biopolymer for dust suppression on unpaved, rural, industrial and mining roads, improving air quality, road safety and operational efficiency.","breadcrumb":{"@id":"https:\/\/www.metaflotech.com\/es\/products\/biopolymers\/dustech\/#breadcrumb"},"inLanguage":"es","potentialAction":[{"@type":"ReadAction","target":["https:\/\/www.metaflotech.com\/es\/products\/biopolymers\/dustech\/"]}]},{"@type":"ImageObject","inLanguage":"es","@id":"https:\/\/www.metaflotech.com\/es\/products\/biopolymers\/dustech\/#primaryimage","url":"https:\/\/www.metaflotech.com\/wp-content\/uploads\/2025\/07\/Dark-5.svg","contentUrl":"https:\/\/www.metaflotech.com\/wp-content\/uploads\/2025\/07\/Dark-5.svg"},{"@type":"BreadcrumbList","@id":"https:\/\/www.metaflotech.com\/es\/products\/biopolymers\/dustech\/#breadcrumb","itemListElement":[{"@type":"ListItem","position":1,"name":"Home","item":"https:\/\/www.metaflotech.com\/"},{"@type":"ListItem","position":2,"name":"Products","item":"https:\/\/www.metaflotech.com\/products\/"},{"@type":"ListItem","position":3,"name":"Biopolymers (Tech)","item":"https:\/\/www.metaflotech.com\/products\/biopolymers\/"},{"@type":"ListItem","position":4,"name":"DusTech Dust Control Biopolymer for Unpaved and Haul Roads"}]},{"@type":"WebSite","@id":"https:\/\/www.metaflotech.com\/es\/#website","url":"https:\/\/www.metaflotech.com\/es\/","name":"Tecnolog\u00edas MetaFLO","description":"Soluciones de pol\u00edmeros para aplicaciones industriales","potentialAction":[{"@type":"SearchAction","target":{"@type":"EntryPoint","urlTemplate":"https:\/\/www.metaflotech.com\/es\/?s={search_term_string}"},"query-input":{"@type":"PropertyValueSpecification","valueRequired":true,"valueName":"search_term_string"}}],"inLanguage":"es"}]}},"_links":{"self":[{"href":"https:\/\/www.metaflotech.com\/es\/wp-json\/wp\/v2\/pages\/95711","targetHints":{"allow":["GET"]}}],"collection":[{"href":"https:\/\/www.metaflotech.com\/es\/wp-json\/wp\/v2\/pages"}],"about":[{"href":"https:\/\/www.metaflotech.com\/es\/wp-json\/wp\/v2\/types\/page"}],"author":[{"embeddable":true,"href":"https:\/\/www.metaflotech.com\/es\/wp-json\/wp\/v2\/users\/1"}],"replies":[{"embeddable":true,"href":"https:\/\/www.metaflotech.com\/es\/wp-json\/wp\/v2\/comments?post=95711"}],"version-history":[{"count":0,"href":"https:\/\/www.metaflotech.com\/es\/wp-json\/wp\/v2\/pages\/95711\/revisions"}],"up":[{"embeddable":true,"href":"https:\/\/www.metaflotech.com\/es\/wp-json\/wp\/v2\/pages\/108180"}],"wp:attachment":[{"href":"https:\/\/www.metaflotech.com\/es\/wp-json\/wp\/v2\/media?parent=95711"}],"curies":[{"name":"wp","href":"https:\/\/api.w.org\/{rel}","templated":true}]}}