{"id":99321,"date":"2024-10-25T09:21:25","date_gmt":"2024-10-25T09:21:25","guid":{"rendered":"https:\/\/www.metaflotech.com\/?page_id=99321"},"modified":"2026-03-12T12:59:39","modified_gmt":"2026-03-12T12:59:39","slug":"perforacion-horizontal-dirigida","status":"publish","type":"page","link":"https:\/\/www.metaflotech.com\/es\/applications\/horizontal-directional-drilling\/","title":{"rendered":"HDD Waste Management for Drilling Mud and Drilling Fluid"},"content":{"rendered":"<img decoding=\"async\" src=\"https:\/\/www.metaflotech.com\/wp-content\/uploads\/2024\/10\/HX30G-Vacuum-Excavator-Large.jpg\" alt=\"\" itemprop=\"image\" height=\"1068\" width=\"1600\" onerror=\"this.style.display='none'\" loading='lazy' \/>\r\n\t<h1><strong>Perforaci\u00f3n horizontal dirigida (HDD)<\/strong><\/h1>\r\n<h2><em>Innovaci\u00f3n en la eliminaci\u00f3n de fluidos a base de agua<\/em><\/h2>\r\n<h3>\r\n\t\t\tPanorama de la cuesti\u00f3n\t<\/h3>\r\n\t<p>La perforaci\u00f3n horizontal dirigida (HDD) es una t\u00e9cnica de construcci\u00f3n en la que se perfora un t\u00fanel bajo un curso de agua u otra zona designada y se extrae una tuber\u00eda u otro servicio p\u00fablico a trav\u00e9s del t\u00fanel subterr\u00e1neo perforado. Este proceso genera residuos l\u00edquidos que deben eliminarse.<\/p>\r\n<p>La eliminaci\u00f3n de los purines l\u00edquidos suele ser costosa y hostil para el medio ambiente cuando no se gestiona adecuadamente.<\/p>\r\n<p>Los m\u00e9todos tradicionales son ineficaces, lentos y caros.<\/p>\r\n<p>El proceso de eliminaci\u00f3n de purines l\u00edquidos suele ser el siguiente:<\/p>\r\n<ol>\r\n<li>Camiones aspiradores especializados transportan los purines a una estaci\u00f3n de transferencia<\/li>\r\n<li>Se utilizan agentes de carga como el serr\u00edn (que suele aumentar el volumen de los purines en un 50-200%).<\/li>\r\n<li>Los camiones volquete transportan la mayor carga de residuos a un vertedero final.<\/li>\r\n<\/ol>\r\n<p>Esto significa que se necesitan m\u00e1s camiones, se pierde m\u00e1s tiempo y se incurre en mayores costes de eliminaci\u00f3n.<\/p>\r\n<h3>\r\n\t\t\tOverview of MetaFLO&#8217;s product\t<\/h3>\r\n\t<p>Los reactivos MetaFLO son reactivos de solidificaci\u00f3n inertes* no t\u00f3xicos que absorben r\u00e1pidamente el agua y ayudan a que los residuos pasen la Prueba de Filtraci\u00f3n de Pintura (PFT). Se aplica a fluidos de base acuosa como fluidos de perforaci\u00f3n, jet grouting y residuos mineros.<\/p>\r\n<p>Con MetaFLO, se optimiza la eliminaci\u00f3n de lodos l\u00edquidos:<\/p>\r\n<ol>\r\n<li>MetaFLO&#8217;s technology solidifies the liquid waste on-site<\/li>\r\n<li>Los residuos solidificados se transfieren a camiones volquete para ser transportados directamente al vertedero final.<\/li>\r\n<\/ol>\r\n<p>Las ventajas son evidentes con nuestro proceso patentado:<\/p>\r\n<ul>\r\n<li>Ahorro de costes<\/li>\r\n<li>Se necesitan menos camiones<\/li>\r\n<li>Sin transporte de l\u00edquidos caros<\/li>\r\n<li>Reducci\u00f3n de las emisiones de GEI<\/li>\r\n<li>Control de residuos<\/li>\r\n<li>Cumplimiento para el cliente<\/li>\r\n<li>Suelo reutilizado como material de relleno limpio y regenerativo<\/li>\r\n<li>Menos papeleo<\/li>\r\n<\/ul>\r\n<p>MetaFLO Technologies puede trabajar con el personal de operaciones para ayudar a elaborar un plan a medida y eficaz para hacer frente a los desaf\u00edos de los residuos de fluidos a base de agua.<\/p>\r\n<p><em>*La clasificaci\u00f3n de los productos puede variar seg\u00fan las jurisdicciones de los distintos pa\u00edses.<\/em><\/p>\r\n\t\t\t\t<img decoding=\"async\" src=\"https:\/\/www.metaflotech.com\/wp-content\/uploads\/2024\/10\/icon-transport-w.png\" alt=\"icono transporte w\" itemprop=\"image\" height=\"311\" width=\"311\" title=\"icono transporte w\" onerror=\"this.style.display='none'\" loading='lazy' \/>\r\n\t<h3><b>Reducci\u00f3n significativa de los costes de transporte<\/b><\/h3>\r\n\t\t\t\t<img decoding=\"async\" src=\"https:\/\/www.metaflotech.com\/wp-content\/uploads\/2024\/10\/icon-ecology-w.png\" alt=\"icono ecolog\u00eda w\" itemprop=\"image\" height=\"311\" width=\"311\" title=\"icono ecolog\u00eda w\" onerror=\"this.style.display='none'\" loading='lazy' \/>\r\n\t<h3><b>Minimizar los riesgos medioambientales y de seguridad<\/b><\/h3>\r\n\t\t\t\t<img decoding=\"async\" src=\"https:\/\/www.metaflotech.com\/wp-content\/uploads\/2024\/10\/icon-savings-w.png\" alt=\"icono ahorro w\" itemprop=\"image\" height=\"311\" width=\"311\" title=\"icono ahorro w\" onerror=\"this.style.display='none'\" loading='lazy' \/>\r\n\t<h3><b>Gesti\u00f3n sostenible y eficiente de los residuos<\/b><\/h3>\r\n\t\t\t\t<img decoding=\"async\" src=\"https:\/\/www.metaflotech.com\/wp-content\/uploads\/2025\/01\/Method-EN.svg\" alt=\"M\u00e9todo-EN\" itemprop=\"image\" height=\"100\" width=\"100\" title=\"M\u00e9todo-EN\" onerror=\"this.style.display='none'\" loading='lazy' \/>\r\n<h1>\r\n\t\t\tCamiones volquete frente a camiones aspiradores\t<\/h1>\r\n\t\t\t\t<img decoding=\"async\" src=\"https:\/\/www.metaflotech.com\/wp-content\/uploads\/2024\/12\/Trucks-2-EN.svg\" alt=\"Camiones - 2 ES\" itemprop=\"image\" height=\"100\" width=\"100\" title=\"Camiones - 2 ES\" onerror=\"this.style.display='none'\" loading='lazy' \/>\r\n\t\t\t\t<img decoding=\"async\" src=\"https:\/\/www.metaflotech.com\/wp-content\/uploads\/2024\/12\/Trucks-1-EN.svg\" alt=\"Camiones - 1 ES\" itemprop=\"image\" height=\"100\" width=\"100\" title=\"Camiones - 1 ES\" onerror=\"this.style.display='none'\" loading='lazy' \/>\r\n\t<h3><strong>Nuestro proceso MetaFLO, de eficacia probada, tiene claras ventajas:<\/strong><\/h3>\r\n<ol>\r\n<li>Reducci\u00f3n de la huella operativa en emplazamientos urbanos congestionados para gestionar r\u00e1pidamente los desechos<\/li>\r\n<li>Mejora de la eficacia del transporte para retirar el material seco de las obras<\/li>\r\n<li>Residuos solidificados que cumplen los criterios normativos para ir directamente a vertederos limpios Menores emisiones de GEI, mejora de la log\u00edstica urbana, gesti\u00f3n responsable del exceso de suelo<\/li>\r\n<\/ol>\r\n<h2>\r\n\t\t\tCasos pr\u00e1cticos\t<\/h2>\r\n<h3>\r\n\t\t<a href=\"https:\/\/www.metaflotech.com\/wp-content\/uploads\/2024\/12\/MF002-Case-Study_-HDD-English-MetaFLO-Technologies.pdf\" title=\"Sustainable Waste Management for Enbridge's GTA Pipeline Project\"  target=\"_self\">\r\n\t\t\tSustainable Waste Management for Enbridge&#8217;s GTA Pipeline Project\t\t<\/a>\r\n\t<\/h3>\r\n\t<p>MetaFLO&#8217;s technology cuts GHG emissions by 67% and turns liquid waste into reusable resources, supporting a cleaner future for urban infrastructure.<\/p>\r\n\t\t\t\t<img decoding=\"async\" src=\"https:\/\/www.metaflotech.com\/wp-content\/uploads\/2025\/01\/Full-Infographic-EN.svg\" alt=\"Infograf\u00eda completa-ES\" itemprop=\"image\" height=\"100\" width=\"100\" title=\"Infograf\u00eda completa-ES\" onerror=\"this.style.display='none'\" loading='lazy' \/>","protected":false},"excerpt":{"rendered":"<p>Horizontal Directional Drilling (HDD) Innovation In Water-Based Fluid Disposal Issue at a Glance Horizontal Directional Drilling (HDD) is a construction technique in which a tunnel is drilled under a waterway or other designated area, and a pipeline or other utility is pulled through the drilled underground tunnel. This process generates liquid slurry waste that requires&hellip;<\/p>","protected":false},"author":1,"featured_media":0,"parent":73499,"menu_order":0,"comment_status":"closed","ping_status":"closed","template":"","meta":{"_acf_changed":false,"inline_featured_image":false,"footnotes":""},"class_list":["post-99321","page","type-page","status-publish","hentry"],"acf":[],"yoast_head":"<!-- This site is optimized with the Yoast SEO plugin v27.5 - https:\/\/yoast.com\/product\/yoast-seo-wordpress\/ -->\n<title>HDD Waste Management for Drilling Mud and Drilling Fluid | MetaFLO Technologies<\/title>\n<meta name=\"description\" content=\"MetaFLO provides solutions for horizontal directional drilling, enabling efficient drilling fluid and HDD slurry solidification for safer handling, transport and disposal.\" \/>\n<meta name=\"robots\" content=\"index, follow, max-snippet:-1, max-image-preview:large, max-video-preview:-1\" \/>\n<link rel=\"canonical\" href=\"https:\/\/www.metaflotech.com\/es\/aplicaciones\/perforacion-horizontal-dirigida\/\" \/>\n<meta property=\"og:locale\" content=\"es_ES\" \/>\n<meta property=\"og:type\" content=\"article\" \/>\n<meta property=\"og:title\" content=\"HDD Waste Management for Drilling Mud and Drilling Fluid | MetaFLO Technologies\" \/>\n<meta property=\"og:description\" content=\"MetaFLO provides solutions for horizontal directional drilling, enabling efficient drilling fluid and HDD slurry solidification for safer handling, transport and disposal.\" \/>\n<meta property=\"og:url\" content=\"https:\/\/www.metaflotech.com\/es\/aplicaciones\/perforacion-horizontal-dirigida\/\" \/>\n<meta property=\"og:site_name\" content=\"MetaFLO Technologies\" \/>\n<meta property=\"article:publisher\" content=\"https:\/\/www.facebook.com\/MetaFLOTechnologies\/\" \/>\n<meta property=\"article:modified_time\" content=\"2026-03-12T12:59:39+00:00\" \/>\n<meta property=\"og:image\" content=\"https:\/\/www.metaflotech.com\/wp-content\/uploads\/2024\/10\/HX30G-Vacuum-Excavator-Large.jpg\" \/>\n<meta name=\"twitter:card\" content=\"summary_large_image\" \/>\n<meta name=\"twitter:site\" content=\"@metaflo\" \/>\n<meta name=\"twitter:label1\" content=\"Tiempo de lectura\" \/>\n\t<meta name=\"twitter:data1\" content=\"4 minutos\" \/>\n<script type=\"application\/ld+json\" class=\"yoast-schema-graph\">{\"@context\":\"https:\\\/\\\/schema.org\",\"@graph\":[{\"@type\":\"WebPage\",\"@id\":\"https:\\\/\\\/www.metaflotech.com\\\/es\\\/applications\\\/horizontal-directional-drilling\\\/\",\"url\":\"https:\\\/\\\/www.metaflotech.com\\\/es\\\/applications\\\/horizontal-directional-drilling\\\/\",\"name\":\"HDD Waste Management for Drilling Mud and Drilling Fluid | MetaFLO Technologies\",\"isPartOf\":{\"@id\":\"https:\\\/\\\/www.metaflotech.com\\\/es\\\/#website\"},\"primaryImageOfPage\":{\"@id\":\"https:\\\/\\\/www.metaflotech.com\\\/es\\\/applications\\\/horizontal-directional-drilling\\\/#primaryimage\"},\"image\":{\"@id\":\"https:\\\/\\\/www.metaflotech.com\\\/es\\\/applications\\\/horizontal-directional-drilling\\\/#primaryimage\"},\"thumbnailUrl\":\"https:\\\/\\\/www.metaflotech.com\\\/wp-content\\\/uploads\\\/2024\\\/10\\\/HX30G-Vacuum-Excavator-Large.jpg\",\"datePublished\":\"2024-10-25T09:21:25+00:00\",\"dateModified\":\"2026-03-12T12:59:39+00:00\",\"description\":\"MetaFLO provides solutions for horizontal directional drilling, enabling efficient drilling fluid and HDD slurry solidification for safer handling, transport and disposal.\",\"breadcrumb\":{\"@id\":\"https:\\\/\\\/www.metaflotech.com\\\/es\\\/applications\\\/horizontal-directional-drilling\\\/#breadcrumb\"},\"inLanguage\":\"es\",\"potentialAction\":[{\"@type\":\"ReadAction\",\"target\":[\"https:\\\/\\\/www.metaflotech.com\\\/es\\\/applications\\\/horizontal-directional-drilling\\\/\"]}]},{\"@type\":\"ImageObject\",\"inLanguage\":\"es\",\"@id\":\"https:\\\/\\\/www.metaflotech.com\\\/es\\\/applications\\\/horizontal-directional-drilling\\\/#primaryimage\",\"url\":\"https:\\\/\\\/www.metaflotech.com\\\/wp-content\\\/uploads\\\/2024\\\/10\\\/HX30G-Vacuum-Excavator-Large.jpg\",\"contentUrl\":\"https:\\\/\\\/www.metaflotech.com\\\/wp-content\\\/uploads\\\/2024\\\/10\\\/HX30G-Vacuum-Excavator-Large.jpg\"},{\"@type\":\"BreadcrumbList\",\"@id\":\"https:\\\/\\\/www.metaflotech.com\\\/es\\\/applications\\\/horizontal-directional-drilling\\\/#breadcrumb\",\"itemListElement\":[{\"@type\":\"ListItem\",\"position\":1,\"name\":\"Home\",\"item\":\"https:\\\/\\\/www.metaflotech.com\\\/\"},{\"@type\":\"ListItem\",\"position\":2,\"name\":\"Applications\",\"item\":\"https:\\\/\\\/www.metaflotech.com\\\/applications\\\/\"},{\"@type\":\"ListItem\",\"position\":3,\"name\":\"HDD Waste Management for Drilling Mud and Drilling Fluid\"}]},{\"@type\":\"WebSite\",\"@id\":\"https:\\\/\\\/www.metaflotech.com\\\/es\\\/#website\",\"url\":\"https:\\\/\\\/www.metaflotech.com\\\/es\\\/\",\"name\":\"MetaFLO Technologies\",\"description\":\"Engineered Polymer Solutions For Industrial Applications\",\"potentialAction\":[{\"@type\":\"SearchAction\",\"target\":{\"@type\":\"EntryPoint\",\"urlTemplate\":\"https:\\\/\\\/www.metaflotech.com\\\/es\\\/?s={search_term_string}\"},\"query-input\":{\"@type\":\"PropertyValueSpecification\",\"valueRequired\":true,\"valueName\":\"search_term_string\"}}],\"inLanguage\":\"es\"}]}<\/script>\n<!-- \/ Yoast SEO plugin. -->","yoast_head_json":{"title":"HDD Waste Management for Drilling Mud and Drilling Fluid | MetaFLO Technologies","description":"MetaFLO provides solutions for horizontal directional drilling, enabling efficient drilling fluid and HDD slurry solidification for safer handling, transport and disposal.","robots":{"index":"index","follow":"follow","max-snippet":"max-snippet:-1","max-image-preview":"max-image-preview:large","max-video-preview":"max-video-preview:-1"},"canonical":"https:\/\/www.metaflotech.com\/es\/aplicaciones\/perforacion-horizontal-dirigida\/","og_locale":"es_ES","og_type":"article","og_title":"HDD Waste Management for Drilling Mud and Drilling Fluid | MetaFLO Technologies","og_description":"MetaFLO provides solutions for horizontal directional drilling, enabling efficient drilling fluid and HDD slurry solidification for safer handling, transport and disposal.","og_url":"https:\/\/www.metaflotech.com\/es\/aplicaciones\/perforacion-horizontal-dirigida\/","og_site_name":"MetaFLO Technologies","article_publisher":"https:\/\/www.facebook.com\/MetaFLOTechnologies\/","article_modified_time":"2026-03-12T12:59:39+00:00","og_image":[{"url":"https:\/\/www.metaflotech.com\/wp-content\/uploads\/2024\/10\/HX30G-Vacuum-Excavator-Large.jpg","type":"","width":"","height":""}],"twitter_card":"summary_large_image","twitter_site":"@metaflo","twitter_misc":{"Tiempo de lectura":"4 minutos"},"schema":{"@context":"https:\/\/schema.org","@graph":[{"@type":"WebPage","@id":"https:\/\/www.metaflotech.com\/es\/applications\/horizontal-directional-drilling\/","url":"https:\/\/www.metaflotech.com\/es\/applications\/horizontal-directional-drilling\/","name":"HDD Waste Management for Drilling Mud and Drilling Fluid | MetaFLO Technologies","isPartOf":{"@id":"https:\/\/www.metaflotech.com\/es\/#website"},"primaryImageOfPage":{"@id":"https:\/\/www.metaflotech.com\/es\/applications\/horizontal-directional-drilling\/#primaryimage"},"image":{"@id":"https:\/\/www.metaflotech.com\/es\/applications\/horizontal-directional-drilling\/#primaryimage"},"thumbnailUrl":"https:\/\/www.metaflotech.com\/wp-content\/uploads\/2024\/10\/HX30G-Vacuum-Excavator-Large.jpg","datePublished":"2024-10-25T09:21:25+00:00","dateModified":"2026-03-12T12:59:39+00:00","description":"MetaFLO provides solutions for horizontal directional drilling, enabling efficient drilling fluid and HDD slurry solidification for safer handling, transport and disposal.","breadcrumb":{"@id":"https:\/\/www.metaflotech.com\/es\/applications\/horizontal-directional-drilling\/#breadcrumb"},"inLanguage":"es","potentialAction":[{"@type":"ReadAction","target":["https:\/\/www.metaflotech.com\/es\/applications\/horizontal-directional-drilling\/"]}]},{"@type":"ImageObject","inLanguage":"es","@id":"https:\/\/www.metaflotech.com\/es\/applications\/horizontal-directional-drilling\/#primaryimage","url":"https:\/\/www.metaflotech.com\/wp-content\/uploads\/2024\/10\/HX30G-Vacuum-Excavator-Large.jpg","contentUrl":"https:\/\/www.metaflotech.com\/wp-content\/uploads\/2024\/10\/HX30G-Vacuum-Excavator-Large.jpg"},{"@type":"BreadcrumbList","@id":"https:\/\/www.metaflotech.com\/es\/applications\/horizontal-directional-drilling\/#breadcrumb","itemListElement":[{"@type":"ListItem","position":1,"name":"Home","item":"https:\/\/www.metaflotech.com\/"},{"@type":"ListItem","position":2,"name":"Applications","item":"https:\/\/www.metaflotech.com\/applications\/"},{"@type":"ListItem","position":3,"name":"HDD Waste Management for Drilling Mud and Drilling Fluid"}]},{"@type":"WebSite","@id":"https:\/\/www.metaflotech.com\/es\/#website","url":"https:\/\/www.metaflotech.com\/es\/","name":"Tecnolog\u00edas MetaFLO","description":"Soluciones de pol\u00edmeros para aplicaciones industriales","potentialAction":[{"@type":"SearchAction","target":{"@type":"EntryPoint","urlTemplate":"https:\/\/www.metaflotech.com\/es\/?s={search_term_string}"},"query-input":{"@type":"PropertyValueSpecification","valueRequired":true,"valueName":"search_term_string"}}],"inLanguage":"es"}]}},"_links":{"self":[{"href":"https:\/\/www.metaflotech.com\/es\/wp-json\/wp\/v2\/pages\/99321","targetHints":{"allow":["GET"]}}],"collection":[{"href":"https:\/\/www.metaflotech.com\/es\/wp-json\/wp\/v2\/pages"}],"about":[{"href":"https:\/\/www.metaflotech.com\/es\/wp-json\/wp\/v2\/types\/page"}],"author":[{"embeddable":true,"href":"https:\/\/www.metaflotech.com\/es\/wp-json\/wp\/v2\/users\/1"}],"replies":[{"embeddable":true,"href":"https:\/\/www.metaflotech.com\/es\/wp-json\/wp\/v2\/comments?post=99321"}],"version-history":[{"count":0,"href":"https:\/\/www.metaflotech.com\/es\/wp-json\/wp\/v2\/pages\/99321\/revisions"}],"up":[{"embeddable":true,"href":"https:\/\/www.metaflotech.com\/es\/wp-json\/wp\/v2\/pages\/73499"}],"wp:attachment":[{"href":"https:\/\/www.metaflotech.com\/es\/wp-json\/wp\/v2\/media?parent=99321"}],"curies":[{"name":"wp","href":"https:\/\/api.w.org\/{rel}","templated":true}]}}