{"id":99458,"date":"2024-10-25T09:59:17","date_gmt":"2024-10-25T09:59:17","guid":{"rendered":"https:\/\/www.metaflotech.com\/?page_id=99458"},"modified":"2026-03-13T12:47:00","modified_gmt":"2026-03-13T12:47:00","slug":"hidroexcavaciones","status":"publish","type":"page","link":"https:\/\/www.metaflotech.com\/es\/applications\/hydro-excavations\/","title":{"rendered":"Hydro Excavation Slurry Solidification and Waste Management"},"content":{"rendered":"<img loading=\"lazy\" decoding=\"async\" src=\"https:\/\/www.metaflotech.com\/wp-content\/uploads\/2024\/10\/AdobeStock_334523187.jpeg\" alt=\"Hidrovac Lateral\" itemprop=\"image\" height=\"1667\" width=\"2500\" title=\"Hidrovac Lateral\" onerror=\"this.style.display='none'\"  \/>\r\n\t<h1><strong>Hidroexcavaciones<\/strong><\/h1>\r\n<h2><em>Innovaci\u00f3n en la eliminaci\u00f3n de semis\u00f3lidos con agua<\/em><\/h2>\r\n<h3>\r\n\t\tPanorama de la cuesti\u00f3n\r\n\t<\/h3>\r\n\t<p>La hidroexcavaci\u00f3n (hydrovac) genera purines l\u00edquidos, que suelen verterse en diversos lugares receptores.<\/p>\r\n<p>Para tratar estos purines, varios contenedores o fosos los retienen hasta que se secan, o se extienden en lechos de secado. Este m\u00e9todo de tratamiento tradicional requiere una gran superficie y puede plantear problemas cuando llueve o nieva.<\/p>\r\n<p>El proceso de eliminaci\u00f3n de purines l\u00edquidos suele ser el siguiente:<\/p>\r\n<ol>\r\n<li>Camiones aspiradores especializados transportan los purines a una estaci\u00f3n de transferencia<\/li>\r\n<li>Se utilizan agentes de carga como el serr\u00edn (que suele aumentar el volumen de los purines en un 50-200%).<\/li>\r\n<li>Los camiones volquete transportan la mayor carga de residuos a un vertedero final.<\/li>\r\n<\/ol>\r\n<p>Esto significa que se necesitan m\u00e1s camiones, se pierde m\u00e1s tiempo y se incurre en mayores costes de eliminaci\u00f3n.<\/p>\r\n<h3>\r\n\t\tOverview of MetaFLO&#8217;s product\r\n\t<\/h3>\r\n\t<p>Using MetaFLO&#8217;s reagent, the hydro excavation material is transformed into a dry, earth-like finish.<\/p>\r\n<p>Esta soluci\u00f3n no requiere sumideros enterrados y proporciona una eficiencia \u00f3ptima para los caros camiones de hidroexcavaci\u00f3n y opciones de eliminaci\u00f3n de bajo coste para el material s\u00f3lido.<\/p>\r\n<p>The 1% dosage required for solidification with MetaFLO&#8217;s reagent results in a much smaller quantity than would be produced by sawdust or wood chip bulking methods.<\/p>\r\n<p>Esto tambi\u00e9n reduce las actividades que generan una huella de carbono y mitiga los riesgos para la seguridad y el medio ambiente asociados al transporte de grandes cantidades de residuos l\u00edquidos.<\/p>\r\n<p>Con MetaFLO, se optimiza la eliminaci\u00f3n de lodos l\u00edquidos:<\/p>\r\n<ol>\r\n<li>MetaFLO&#8217;s technology solidifies the liquid waste on-site<\/li>\r\n<li>Los residuos solidificados se transfieren a camiones volquete para ser transportados directamente al vertedero final.<\/li>\r\n<\/ol>\r\n<p>Las ventajas del proceso patentado MetaFLO son evidentes:<\/p>\r\n<ul>\r\n<li>Ahorro de costes<\/li>\r\n<li>Se necesitan menos camiones<\/li>\r\n<li>Sin transporte de l\u00edquidos caros<\/li>\r\n<li>Reducci\u00f3n de las emisiones de GEI<\/li>\r\n<li>Control de residuos<\/li>\r\n<li>Cumplimiento para el cliente<\/li>\r\n<li>Suelo reutilizado como material de relleno limpio y regenerativo<\/li>\r\n<li>Menos papeleo<\/li>\r\n<\/ul>\r\n<p>MetaFLO Technologies puede trabajar con el personal de operaciones para ayudar a elaborar un plan a medida y eficaz que aborde los retos que plantean los flujos variables de residuos l\u00edquidos (como escombros de t\u00faneles, lodos de hidroexcavaci\u00f3n y lagunas de aguas residuales).<\/p>\r\n\t\t\t\t<img loading=\"lazy\" decoding=\"async\" src=\"https:\/\/www.metaflotech.com\/wp-content\/uploads\/2024\/10\/icon-transport-w.png\" alt=\"icono transporte w\" itemprop=\"image\" height=\"311\" width=\"311\" title=\"icono transporte w\" onerror=\"this.style.display='none'\"  \/>\r\n\t<h3><b>Reducci\u00f3n significativa de los costes de transporte<\/b><\/h3>\r\n\t\t\t\t<img loading=\"lazy\" decoding=\"async\" src=\"https:\/\/www.metaflotech.com\/wp-content\/uploads\/2024\/10\/icon-ecology-w.png\" alt=\"icono ecolog\u00eda w\" itemprop=\"image\" height=\"311\" width=\"311\" title=\"icono ecolog\u00eda w\" onerror=\"this.style.display='none'\"  \/>\r\n\t<h3><b>Minimizar los riesgos medioambientales y de seguridad<\/b><\/h3>\r\n\t\t\t\t<img loading=\"lazy\" decoding=\"async\" src=\"https:\/\/www.metaflotech.com\/wp-content\/uploads\/2024\/10\/icon-savings-w.png\" alt=\"icono ahorro w\" itemprop=\"image\" height=\"311\" width=\"311\" title=\"icono ahorro w\" onerror=\"this.style.display='none'\"  \/>\r\n\t<h3><b>Gesti\u00f3n sostenible y eficiente de los residuos<\/b><\/h3>\r\n\t\t\t\t<img loading=\"lazy\" decoding=\"async\" src=\"https:\/\/www.metaflotech.com\/wp-content\/uploads\/2025\/01\/Method-EN.svg\" alt=\"M\u00e9todo-EN\" itemprop=\"image\" height=\"100\" width=\"100\" title=\"M\u00e9todo-EN\" onerror=\"this.style.display='none'\"  \/>\r\n<h1>\r\n\t\tCamiones volquete frente a camiones aspiradores\r\n\t<\/h1>\r\n\t\t\t\t<img loading=\"lazy\" decoding=\"async\" src=\"https:\/\/www.metaflotech.com\/wp-content\/uploads\/2024\/12\/Trucks-2-EN.svg\" alt=\"Camiones - 2 ES\" itemprop=\"image\" height=\"100\" width=\"100\" title=\"Camiones - 2 ES\" onerror=\"this.style.display='none'\"  \/>\r\n\t\t\t\t<img loading=\"lazy\" decoding=\"async\" src=\"https:\/\/www.metaflotech.com\/wp-content\/uploads\/2024\/12\/Trucks-1-EN.svg\" alt=\"Camiones - 1 ES\" itemprop=\"image\" height=\"100\" width=\"100\" title=\"Camiones - 1 ES\" onerror=\"this.style.display='none'\"  \/>\r\n\t<h3><strong>Nuestro proceso MetaFLO, de eficacia probada, tiene claras ventajas:<\/strong><\/h3>\r\n<ol>\r\n<li>Reducci\u00f3n de la huella operativa en emplazamientos urbanos congestionados para gestionar r\u00e1pidamente los desechos<\/li>\r\n<li>Mejora de la eficacia del transporte para retirar el material seco de las obras<\/li>\r\n<li>Residuos solidificados que cumplen los criterios normativos para ir directamente a vertederos limpios Menores emisiones de GEI, mejora de la log\u00edstica urbana, gesti\u00f3n responsable del exceso de suelo<\/li>\r\n<\/ol>\r\n<h2>\r\n\t\tCasos pr\u00e1cticos\r\n\t<\/h2>\r\n<h3>\r\n\t\t<a href=\"https:\/\/www.metaflotech.com\/wp-content\/uploads\/2024\/12\/MF006-Case-Study-5_-Hydrovac-English-MetaFLO-Technologies.pdf\" title=\"Transformaci\u00f3n de residuos de hidrovac en beneficios agr\u00edcolas\"  target=\"_self\">\r\n\t\tTransformaci\u00f3n de residuos de hidrovac en beneficios agr\u00edcolas\r\n\t\t<\/a>\r\n\t<\/h3>\r\n\t<p>MetaFLO reutiliza el lodo de hidrovac para mejorar la salud del suelo y la sostenibilidad de los agricultores canadienses, convirtiendo un subproducto industrial en un valioso recurso agr\u00edcola.<\/p>","protected":false},"excerpt":{"rendered":"<p>Hydro Excavations Innovation In Water-Based Semi-Solids Disposal Issue at a Glance Hydro excavation (hydrovac) generates liquid slurry, typically dumped at various receiving sites. To deal with this slurry, multiple bins or pits hold it until it dries, or the slurry is spread out on drying beds. This traditional treatment method requires a large area and&hellip;<\/p>","protected":false},"author":1,"featured_media":0,"parent":73499,"menu_order":0,"comment_status":"closed","ping_status":"closed","template":"","meta":{"_acf_changed":false,"inline_featured_image":false,"footnotes":""},"class_list":["post-99458","page","type-page","status-publish","hentry"],"acf":[],"yoast_head":"<!-- This site is optimized with the Yoast SEO plugin v27.4 - https:\/\/yoast.com\/product\/yoast-seo-wordpress\/ -->\n<title>Hydro Excavation Slurry Solidification and Waste Management | MetaFLO Technologies<\/title>\n<meta name=\"description\" content=\"MetaFLO provides polymer solutions for hydro excavation waste management, enabling efficient slurry solidification and safer transport and disposal.\" \/>\n<meta name=\"robots\" content=\"index, follow, max-snippet:-1, max-image-preview:large, max-video-preview:-1\" \/>\n<link rel=\"canonical\" href=\"https:\/\/www.metaflotech.com\/es\/aplicaciones\/hidroexcavaciones\/\" \/>\n<meta property=\"og:locale\" content=\"es_ES\" \/>\n<meta property=\"og:type\" content=\"article\" \/>\n<meta property=\"og:title\" content=\"Hydro Excavation Slurry Solidification and Waste Management | MetaFLO Technologies\" \/>\n<meta property=\"og:description\" content=\"MetaFLO provides polymer solutions for hydro excavation waste management, enabling efficient slurry solidification and safer transport and disposal.\" \/>\n<meta property=\"og:url\" content=\"https:\/\/www.metaflotech.com\/es\/aplicaciones\/hidroexcavaciones\/\" \/>\n<meta property=\"og:site_name\" content=\"MetaFLO Technologies\" \/>\n<meta property=\"article:publisher\" content=\"https:\/\/www.facebook.com\/MetaFLOTechnologies\/\" \/>\n<meta property=\"article:modified_time\" content=\"2026-03-13T12:47:00+00:00\" \/>\n<meta property=\"og:image\" content=\"https:\/\/www.metaflotech.com\/wp-content\/uploads\/2024\/10\/AdobeStock_334523187.jpeg\" \/>\n<meta name=\"twitter:card\" content=\"summary_large_image\" \/>\n<meta name=\"twitter:site\" content=\"@metaflo\" \/>\n<meta name=\"twitter:label1\" content=\"Tiempo de lectura\" \/>\n\t<meta name=\"twitter:data1\" content=\"4 minutos\" \/>\n<script type=\"application\/ld+json\" class=\"yoast-schema-graph\">{\"@context\":\"https:\\\/\\\/schema.org\",\"@graph\":[{\"@type\":\"WebPage\",\"@id\":\"https:\\\/\\\/www.metaflotech.com\\\/es\\\/applications\\\/hydro-excavations\\\/\",\"url\":\"https:\\\/\\\/www.metaflotech.com\\\/es\\\/applications\\\/hydro-excavations\\\/\",\"name\":\"Hydro Excavation Slurry Solidification and Waste Management | MetaFLO Technologies\",\"isPartOf\":{\"@id\":\"https:\\\/\\\/www.metaflotech.com\\\/es\\\/#website\"},\"primaryImageOfPage\":{\"@id\":\"https:\\\/\\\/www.metaflotech.com\\\/es\\\/applications\\\/hydro-excavations\\\/#primaryimage\"},\"image\":{\"@id\":\"https:\\\/\\\/www.metaflotech.com\\\/es\\\/applications\\\/hydro-excavations\\\/#primaryimage\"},\"thumbnailUrl\":\"https:\\\/\\\/www.metaflotech.com\\\/wp-content\\\/uploads\\\/2024\\\/10\\\/AdobeStock_334523187.jpeg\",\"datePublished\":\"2024-10-25T09:59:17+00:00\",\"dateModified\":\"2026-03-13T12:47:00+00:00\",\"description\":\"MetaFLO provides polymer solutions for hydro excavation waste management, enabling efficient slurry solidification and safer transport and disposal.\",\"breadcrumb\":{\"@id\":\"https:\\\/\\\/www.metaflotech.com\\\/es\\\/applications\\\/hydro-excavations\\\/#breadcrumb\"},\"inLanguage\":\"es\",\"potentialAction\":[{\"@type\":\"ReadAction\",\"target\":[\"https:\\\/\\\/www.metaflotech.com\\\/es\\\/applications\\\/hydro-excavations\\\/\"]}]},{\"@type\":\"ImageObject\",\"inLanguage\":\"es\",\"@id\":\"https:\\\/\\\/www.metaflotech.com\\\/es\\\/applications\\\/hydro-excavations\\\/#primaryimage\",\"url\":\"https:\\\/\\\/www.metaflotech.com\\\/wp-content\\\/uploads\\\/2024\\\/10\\\/AdobeStock_334523187.jpeg\",\"contentUrl\":\"https:\\\/\\\/www.metaflotech.com\\\/wp-content\\\/uploads\\\/2024\\\/10\\\/AdobeStock_334523187.jpeg\"},{\"@type\":\"BreadcrumbList\",\"@id\":\"https:\\\/\\\/www.metaflotech.com\\\/es\\\/applications\\\/hydro-excavations\\\/#breadcrumb\",\"itemListElement\":[{\"@type\":\"ListItem\",\"position\":1,\"name\":\"Home\",\"item\":\"https:\\\/\\\/www.metaflotech.com\\\/\"},{\"@type\":\"ListItem\",\"position\":2,\"name\":\"Applications\",\"item\":\"https:\\\/\\\/www.metaflotech.com\\\/applications\\\/\"},{\"@type\":\"ListItem\",\"position\":3,\"name\":\"Hydro Excavation Slurry Solidification and Waste Management\"}]},{\"@type\":\"WebSite\",\"@id\":\"https:\\\/\\\/www.metaflotech.com\\\/es\\\/#website\",\"url\":\"https:\\\/\\\/www.metaflotech.com\\\/es\\\/\",\"name\":\"MetaFLO Technologies\",\"description\":\"Engineered Polymer Solutions For Industrial Applications\",\"potentialAction\":[{\"@type\":\"SearchAction\",\"target\":{\"@type\":\"EntryPoint\",\"urlTemplate\":\"https:\\\/\\\/www.metaflotech.com\\\/es\\\/?s={search_term_string}\"},\"query-input\":{\"@type\":\"PropertyValueSpecification\",\"valueRequired\":true,\"valueName\":\"search_term_string\"}}],\"inLanguage\":\"es\"}]}<\/script>\n<!-- \/ Yoast SEO plugin. -->","yoast_head_json":{"title":"Hydro Excavation Slurry Solidification and Waste Management | MetaFLO Technologies","description":"MetaFLO provides polymer solutions for hydro excavation waste management, enabling efficient slurry solidification and safer transport and disposal.","robots":{"index":"index","follow":"follow","max-snippet":"max-snippet:-1","max-image-preview":"max-image-preview:large","max-video-preview":"max-video-preview:-1"},"canonical":"https:\/\/www.metaflotech.com\/es\/aplicaciones\/hidroexcavaciones\/","og_locale":"es_ES","og_type":"article","og_title":"Hydro Excavation Slurry Solidification and Waste Management | MetaFLO Technologies","og_description":"MetaFLO provides polymer solutions for hydro excavation waste management, enabling efficient slurry solidification and safer transport and disposal.","og_url":"https:\/\/www.metaflotech.com\/es\/aplicaciones\/hidroexcavaciones\/","og_site_name":"MetaFLO Technologies","article_publisher":"https:\/\/www.facebook.com\/MetaFLOTechnologies\/","article_modified_time":"2026-03-13T12:47:00+00:00","og_image":[{"url":"https:\/\/www.metaflotech.com\/wp-content\/uploads\/2024\/10\/AdobeStock_334523187.jpeg","type":"","width":"","height":""}],"twitter_card":"summary_large_image","twitter_site":"@metaflo","twitter_misc":{"Tiempo de lectura":"4 minutos"},"schema":{"@context":"https:\/\/schema.org","@graph":[{"@type":"WebPage","@id":"https:\/\/www.metaflotech.com\/es\/applications\/hydro-excavations\/","url":"https:\/\/www.metaflotech.com\/es\/applications\/hydro-excavations\/","name":"Hydro Excavation Slurry Solidification and Waste Management | MetaFLO Technologies","isPartOf":{"@id":"https:\/\/www.metaflotech.com\/es\/#website"},"primaryImageOfPage":{"@id":"https:\/\/www.metaflotech.com\/es\/applications\/hydro-excavations\/#primaryimage"},"image":{"@id":"https:\/\/www.metaflotech.com\/es\/applications\/hydro-excavations\/#primaryimage"},"thumbnailUrl":"https:\/\/www.metaflotech.com\/wp-content\/uploads\/2024\/10\/AdobeStock_334523187.jpeg","datePublished":"2024-10-25T09:59:17+00:00","dateModified":"2026-03-13T12:47:00+00:00","description":"MetaFLO provides polymer solutions for hydro excavation waste management, enabling efficient slurry solidification and safer transport and disposal.","breadcrumb":{"@id":"https:\/\/www.metaflotech.com\/es\/applications\/hydro-excavations\/#breadcrumb"},"inLanguage":"es","potentialAction":[{"@type":"ReadAction","target":["https:\/\/www.metaflotech.com\/es\/applications\/hydro-excavations\/"]}]},{"@type":"ImageObject","inLanguage":"es","@id":"https:\/\/www.metaflotech.com\/es\/applications\/hydro-excavations\/#primaryimage","url":"https:\/\/www.metaflotech.com\/wp-content\/uploads\/2024\/10\/AdobeStock_334523187.jpeg","contentUrl":"https:\/\/www.metaflotech.com\/wp-content\/uploads\/2024\/10\/AdobeStock_334523187.jpeg"},{"@type":"BreadcrumbList","@id":"https:\/\/www.metaflotech.com\/es\/applications\/hydro-excavations\/#breadcrumb","itemListElement":[{"@type":"ListItem","position":1,"name":"Home","item":"https:\/\/www.metaflotech.com\/"},{"@type":"ListItem","position":2,"name":"Applications","item":"https:\/\/www.metaflotech.com\/applications\/"},{"@type":"ListItem","position":3,"name":"Hydro Excavation Slurry Solidification and Waste Management"}]},{"@type":"WebSite","@id":"https:\/\/www.metaflotech.com\/es\/#website","url":"https:\/\/www.metaflotech.com\/es\/","name":"Tecnolog\u00edas MetaFLO","description":"Soluciones de pol\u00edmeros para aplicaciones industriales","potentialAction":[{"@type":"SearchAction","target":{"@type":"EntryPoint","urlTemplate":"https:\/\/www.metaflotech.com\/es\/?s={search_term_string}"},"query-input":{"@type":"PropertyValueSpecification","valueRequired":true,"valueName":"search_term_string"}}],"inLanguage":"es"}]}},"_links":{"self":[{"href":"https:\/\/www.metaflotech.com\/es\/wp-json\/wp\/v2\/pages\/99458","targetHints":{"allow":["GET"]}}],"collection":[{"href":"https:\/\/www.metaflotech.com\/es\/wp-json\/wp\/v2\/pages"}],"about":[{"href":"https:\/\/www.metaflotech.com\/es\/wp-json\/wp\/v2\/types\/page"}],"author":[{"embeddable":true,"href":"https:\/\/www.metaflotech.com\/es\/wp-json\/wp\/v2\/users\/1"}],"replies":[{"embeddable":true,"href":"https:\/\/www.metaflotech.com\/es\/wp-json\/wp\/v2\/comments?post=99458"}],"version-history":[{"count":0,"href":"https:\/\/www.metaflotech.com\/es\/wp-json\/wp\/v2\/pages\/99458\/revisions"}],"up":[{"embeddable":true,"href":"https:\/\/www.metaflotech.com\/es\/wp-json\/wp\/v2\/pages\/73499"}],"wp:attachment":[{"href":"https:\/\/www.metaflotech.com\/es\/wp-json\/wp\/v2\/media?parent=99458"}],"curies":[{"name":"wp","href":"https:\/\/api.w.org\/{rel}","templated":true}]}}