{"id":99540,"date":"2024-10-25T10:49:23","date_gmt":"2024-10-25T10:49:23","guid":{"rendered":"https:\/\/www.metaflotech.com\/?page_id=99540"},"modified":"2026-03-12T13:03:03","modified_gmt":"2026-03-12T13:03:03","slug":"balsas-de-aguas-pluviales","status":"publish","type":"page","link":"https:\/\/www.metaflotech.com\/es\/applications\/stormwater-wastewater-ponds\/","title":{"rendered":"Stormwater and Wastewater Pond Sludge Solidification Solutions"},"content":{"rendered":"<img loading=\"lazy\" decoding=\"async\" src=\"https:\/\/www.metaflotech.com\/wp-content\/uploads\/2024\/10\/conventionaldredge.jpg\" alt=\"\" itemprop=\"image\" height=\"1875\" width=\"2500\" onerror=\"this.style.display='none'\"  \/>\r\n\t<h1><strong>Estanques de aguas pluviales y residuales<\/strong><\/h1>\r\n<h2><em>Innovaci\u00f3n en la gesti\u00f3n de estanques de aguas pluviales y sedimentos<\/em><\/h2>\r\n<h3>\r\n\t\tPanorama de la cuesti\u00f3n\r\n\t<\/h3>\r\n\t<p>Los estanques de aguas pluviales act\u00faan como filtros para evitar que los residuos se filtren en nuestros sistemas h\u00eddricos naturales e inciden positivamente en la erosi\u00f3n.<\/p>\r\n<p>Sin embargo, estas lagunas se llenan de restos que se depositan en el fondo en forma de sedimentos. Suele contener arena, limo y arcilla procedentes de la erosi\u00f3n superficial, pero tambi\u00e9n puede incluir elementos menos aptos para el ser humano, como hidrocarburos y sal.<\/p>\r\n<p>El mantenimiento continuo es clave para el \u00e9xito de esta herramienta de gesti\u00f3n pasiva del agua. Si se deja que los sedimentos se acumulen en el estanque y no se retiran con regularidad, el estanque de aguas pluviales ya no podr\u00e1 filtrar correctamente los residuos.<\/p>\r\n<h3>\r\n\t\tOverview of MetaFLO&#8217;s product\r\n\t<\/h3>\r\n\t<p>Using MetaFLO&#8217;s reagent, the hydro excavation material is transformed into a dry, earth-like finish.<\/p>\r\n<p>Esta soluci\u00f3n no requiere sumideros enterrados y proporciona una eficiencia \u00f3ptima para los caros camiones de hidroexcavaci\u00f3n y opciones de eliminaci\u00f3n de bajo coste para el material s\u00f3lido.<\/p>\r\n<p>The dosage required for solidification with MetaFLO&#8217;s reagent results in a much smaller quantity than would be produced by sawdust or wood chip bulking methods.<\/p>\r\n<p>Esto tambi\u00e9n reduce las actividades que generan una huella de carbono y mitiga los riesgos para la seguridad y el medio ambiente asociados al transporte de grandes cantidades de residuos l\u00edquidos.<\/p>\r\n<p>Con MetaFLO, se optimiza la eliminaci\u00f3n de lodos l\u00edquidos:<\/p>\r\n<ol>\r\n<li>MetaFLO&#8217;s technology solidifies the liquid waste on-site<\/li>\r\n<li>Los residuos solidificados se transfieren a camiones volquete para ser transportados directamente al vertedero final.<\/li>\r\n<\/ol>\r\n<p>El proceso patentado MetaFLO proporciona enormes beneficios, tales como:<\/p>\r\n<ul>\r\n<li>Ahorro de costes<\/li>\r\n<li>Se necesitan menos camiones<\/li>\r\n<li>Sin transporte de l\u00edquidos caros<\/li>\r\n<li>Reducci\u00f3n de las emisiones de GEI<\/li>\r\n<li>Control de residuos<\/li>\r\n<li>Cumplimiento para el cliente<\/li>\r\n<li>Suelo reutilizado como material de relleno limpio y regenerativo<\/li>\r\n<li>Menos papeleo<\/li>\r\n<\/ul>\r\n<p>MetaFLO Technologies puede trabajar con el personal de operaciones para ayudar a elaborar un plan a medida y eficaz para hacer frente a los desaf\u00edos de tratar con escombros h\u00famedos (como recortes de perforaci\u00f3n, materiales de hidro-excavaci\u00f3n y residuos mineros).<\/p>\r\n\t\t\t\t<img loading=\"lazy\" decoding=\"async\" src=\"https:\/\/www.metaflotech.com\/wp-content\/uploads\/2024\/10\/icon-transport-w.png\" alt=\"icono transporte w\" itemprop=\"image\" height=\"311\" width=\"311\" title=\"icono transporte w\" onerror=\"this.style.display='none'\"  \/>\r\n\t<h3><b>Reducci\u00f3n significativa de los costes de transporte<\/b><\/h3>\r\n\t\t\t\t<img loading=\"lazy\" decoding=\"async\" src=\"https:\/\/www.metaflotech.com\/wp-content\/uploads\/2024\/10\/icon-ecology-w.png\" alt=\"icono ecolog\u00eda w\" itemprop=\"image\" height=\"311\" width=\"311\" title=\"icono ecolog\u00eda w\" onerror=\"this.style.display='none'\"  \/>\r\n\t<h3><b>Minimizar los riesgos medioambientales y de seguridad<\/b><\/h3>\r\n\t\t\t\t<img loading=\"lazy\" decoding=\"async\" src=\"https:\/\/www.metaflotech.com\/wp-content\/uploads\/2024\/10\/icon-savings-w.png\" alt=\"icono ahorro w\" itemprop=\"image\" height=\"311\" width=\"311\" title=\"icono ahorro w\" onerror=\"this.style.display='none'\"  \/>\r\n\t<h3><b>Gesti\u00f3n sostenible y eficiente de los residuos<\/b><\/h3>\r\n\t\t\t\t<img loading=\"lazy\" decoding=\"async\" src=\"https:\/\/www.metaflotech.com\/wp-content\/uploads\/2025\/01\/Method-EN.svg\" alt=\"M\u00e9todo-EN\" itemprop=\"image\" height=\"100\" width=\"100\" title=\"M\u00e9todo-EN\" onerror=\"this.style.display='none'\"  \/>\r\n<h1>\r\n\t\tCamiones volquete frente a camiones aspiradores\r\n\t<\/h1>\r\n\t\t\t\t<img loading=\"lazy\" decoding=\"async\" src=\"https:\/\/www.metaflotech.com\/wp-content\/uploads\/2024\/12\/Trucks-2-EN.svg\" alt=\"Camiones - 2 ES\" itemprop=\"image\" height=\"100\" width=\"100\" title=\"Camiones - 2 ES\" onerror=\"this.style.display='none'\"  \/>\r\n\t\t\t\t<img loading=\"lazy\" decoding=\"async\" src=\"https:\/\/www.metaflotech.com\/wp-content\/uploads\/2024\/12\/Trucks-1-EN.svg\" alt=\"Camiones - 1 ES\" itemprop=\"image\" height=\"100\" width=\"100\" title=\"Camiones - 1 ES\" onerror=\"this.style.display='none'\"  \/>\r\n\t<h3><strong>Nuestro proceso MetaFLO, de eficacia probada, tiene claras ventajas:<\/strong><\/h3>\r\n<ol>\r\n<li>Reducci\u00f3n de la huella operativa en emplazamientos urbanos congestionados para gestionar r\u00e1pidamente los desechos<\/li>\r\n<li>Mejora de la eficacia del transporte para retirar el material seco de las obras<\/li>\r\n<li>Residuos solidificados que cumplen los criterios normativos para ir directamente a vertederos limpios Menores emisiones de GEI, mejora de la log\u00edstica urbana, gesti\u00f3n responsable del exceso de suelo<\/li>\r\n<\/ol>\r\n<h2>\r\n\t\tCasos pr\u00e1cticos\r\n\t<\/h2>\r\n<h3>\r\n\t\t<a href=\"https:\/\/www.metaflotech.com\/wp-content\/uploads\/2024\/12\/MF006-Case-Study-3_-Wastewater-English-MetaFLO-Technologies.pdf\" title=\"Cabonne Shire's Wastewater Project Completed on Time and Under Budget\"  target=\"_self\">\r\n\t\tCabonne Shire&#8217;s Wastewater Project Completed on Time and Under Budget\r\n\t\t<\/a>\r\n\t<\/h3>\r\n\t<p>MetaFLO&#8217;s quick lagoon sludge solidification meets EPA standards, streamlining operations and reducing disposal costs, supporting efficient municipal waste management.<\/p>","protected":false},"excerpt":{"rendered":"<p>Stormwater\/Wastewater Ponds Innovation In Stormwater And Sediment Pond Management Issue at a Glance Stormwater ponds act as filters to prevent debris from seeping into our natural water systems and positively impact erosion. However, these ponds fill with debris that settles on the bottom as sediment. It usually contains sand, silt and clay from surface erosion,&hellip;<\/p>","protected":false},"author":1,"featured_media":0,"parent":73499,"menu_order":0,"comment_status":"closed","ping_status":"closed","template":"","meta":{"_acf_changed":false,"inline_featured_image":false,"footnotes":""},"class_list":["post-99540","page","type-page","status-publish","hentry"],"acf":[],"yoast_head":"<!-- This site is optimized with the Yoast SEO plugin v27.5 - https:\/\/yoast.com\/product\/yoast-seo-wordpress\/ -->\n<title>Stormwater and Wastewater Pond Sludge Solidification Solutions | MetaFLO Technologies<\/title>\n<meta name=\"description\" content=\"MetaFLO provides solutions for stormwater and wastewater pond sludge management, enabling efficient solidification and reduced disposal volumes.\" \/>\n<meta name=\"robots\" content=\"index, follow, max-snippet:-1, max-image-preview:large, max-video-preview:-1\" \/>\n<link rel=\"canonical\" href=\"https:\/\/www.metaflotech.com\/es\/aplicaciones\/balsas-de-aguas-pluviales\/\" \/>\n<meta property=\"og:locale\" content=\"es_ES\" \/>\n<meta property=\"og:type\" content=\"article\" \/>\n<meta property=\"og:title\" content=\"Stormwater and Wastewater Pond Sludge Solidification Solutions | MetaFLO Technologies\" \/>\n<meta property=\"og:description\" content=\"MetaFLO provides solutions for stormwater and wastewater pond sludge management, enabling efficient solidification and reduced disposal volumes.\" \/>\n<meta property=\"og:url\" content=\"https:\/\/www.metaflotech.com\/es\/aplicaciones\/balsas-de-aguas-pluviales\/\" \/>\n<meta property=\"og:site_name\" content=\"MetaFLO Technologies\" \/>\n<meta property=\"article:publisher\" content=\"https:\/\/www.facebook.com\/MetaFLOTechnologies\/\" \/>\n<meta property=\"article:modified_time\" content=\"2026-03-12T13:03:03+00:00\" \/>\n<meta property=\"og:image\" content=\"https:\/\/www.metaflotech.com\/wp-content\/uploads\/2024\/10\/conventionaldredge.jpg\" \/>\n<meta name=\"twitter:card\" content=\"summary_large_image\" \/>\n<meta name=\"twitter:site\" content=\"@metaflo\" \/>\n<meta name=\"twitter:label1\" content=\"Tiempo de lectura\" \/>\n\t<meta name=\"twitter:data1\" content=\"4 minutos\" \/>\n<script type=\"application\/ld+json\" class=\"yoast-schema-graph\">{\"@context\":\"https:\\\/\\\/schema.org\",\"@graph\":[{\"@type\":\"WebPage\",\"@id\":\"https:\\\/\\\/www.metaflotech.com\\\/es\\\/applications\\\/stormwater-wastewater-ponds\\\/\",\"url\":\"https:\\\/\\\/www.metaflotech.com\\\/es\\\/applications\\\/stormwater-wastewater-ponds\\\/\",\"name\":\"Stormwater and Wastewater Pond Sludge Solidification Solutions | MetaFLO Technologies\",\"isPartOf\":{\"@id\":\"https:\\\/\\\/www.metaflotech.com\\\/es\\\/#website\"},\"primaryImageOfPage\":{\"@id\":\"https:\\\/\\\/www.metaflotech.com\\\/es\\\/applications\\\/stormwater-wastewater-ponds\\\/#primaryimage\"},\"image\":{\"@id\":\"https:\\\/\\\/www.metaflotech.com\\\/es\\\/applications\\\/stormwater-wastewater-ponds\\\/#primaryimage\"},\"thumbnailUrl\":\"https:\\\/\\\/www.metaflotech.com\\\/wp-content\\\/uploads\\\/2024\\\/10\\\/conventionaldredge.jpg\",\"datePublished\":\"2024-10-25T10:49:23+00:00\",\"dateModified\":\"2026-03-12T13:03:03+00:00\",\"description\":\"MetaFLO provides solutions for stormwater and wastewater pond sludge management, enabling efficient solidification and reduced disposal volumes.\",\"breadcrumb\":{\"@id\":\"https:\\\/\\\/www.metaflotech.com\\\/es\\\/applications\\\/stormwater-wastewater-ponds\\\/#breadcrumb\"},\"inLanguage\":\"es\",\"potentialAction\":[{\"@type\":\"ReadAction\",\"target\":[\"https:\\\/\\\/www.metaflotech.com\\\/es\\\/applications\\\/stormwater-wastewater-ponds\\\/\"]}]},{\"@type\":\"ImageObject\",\"inLanguage\":\"es\",\"@id\":\"https:\\\/\\\/www.metaflotech.com\\\/es\\\/applications\\\/stormwater-wastewater-ponds\\\/#primaryimage\",\"url\":\"https:\\\/\\\/www.metaflotech.com\\\/wp-content\\\/uploads\\\/2024\\\/10\\\/conventionaldredge.jpg\",\"contentUrl\":\"https:\\\/\\\/www.metaflotech.com\\\/wp-content\\\/uploads\\\/2024\\\/10\\\/conventionaldredge.jpg\"},{\"@type\":\"BreadcrumbList\",\"@id\":\"https:\\\/\\\/www.metaflotech.com\\\/es\\\/applications\\\/stormwater-wastewater-ponds\\\/#breadcrumb\",\"itemListElement\":[{\"@type\":\"ListItem\",\"position\":1,\"name\":\"Home\",\"item\":\"https:\\\/\\\/www.metaflotech.com\\\/\"},{\"@type\":\"ListItem\",\"position\":2,\"name\":\"Applications\",\"item\":\"https:\\\/\\\/www.metaflotech.com\\\/applications\\\/\"},{\"@type\":\"ListItem\",\"position\":3,\"name\":\"Stormwater and Wastewater Pond Sludge Solidification Solutions\"}]},{\"@type\":\"WebSite\",\"@id\":\"https:\\\/\\\/www.metaflotech.com\\\/es\\\/#website\",\"url\":\"https:\\\/\\\/www.metaflotech.com\\\/es\\\/\",\"name\":\"MetaFLO Technologies\",\"description\":\"Engineered Polymer Solutions For Industrial Applications\",\"potentialAction\":[{\"@type\":\"SearchAction\",\"target\":{\"@type\":\"EntryPoint\",\"urlTemplate\":\"https:\\\/\\\/www.metaflotech.com\\\/es\\\/?s={search_term_string}\"},\"query-input\":{\"@type\":\"PropertyValueSpecification\",\"valueRequired\":true,\"valueName\":\"search_term_string\"}}],\"inLanguage\":\"es\"}]}<\/script>\n<!-- \/ Yoast SEO plugin. -->","yoast_head_json":{"title":"Stormwater and Wastewater Pond Sludge Solidification Solutions | MetaFLO Technologies","description":"MetaFLO provides solutions for stormwater and wastewater pond sludge management, enabling efficient solidification and reduced disposal volumes.","robots":{"index":"index","follow":"follow","max-snippet":"max-snippet:-1","max-image-preview":"max-image-preview:large","max-video-preview":"max-video-preview:-1"},"canonical":"https:\/\/www.metaflotech.com\/es\/aplicaciones\/balsas-de-aguas-pluviales\/","og_locale":"es_ES","og_type":"article","og_title":"Stormwater and Wastewater Pond Sludge Solidification Solutions | MetaFLO Technologies","og_description":"MetaFLO provides solutions for stormwater and wastewater pond sludge management, enabling efficient solidification and reduced disposal volumes.","og_url":"https:\/\/www.metaflotech.com\/es\/aplicaciones\/balsas-de-aguas-pluviales\/","og_site_name":"MetaFLO Technologies","article_publisher":"https:\/\/www.facebook.com\/MetaFLOTechnologies\/","article_modified_time":"2026-03-12T13:03:03+00:00","og_image":[{"url":"https:\/\/www.metaflotech.com\/wp-content\/uploads\/2024\/10\/conventionaldredge.jpg","type":"","width":"","height":""}],"twitter_card":"summary_large_image","twitter_site":"@metaflo","twitter_misc":{"Tiempo de lectura":"4 minutos"},"schema":{"@context":"https:\/\/schema.org","@graph":[{"@type":"WebPage","@id":"https:\/\/www.metaflotech.com\/es\/applications\/stormwater-wastewater-ponds\/","url":"https:\/\/www.metaflotech.com\/es\/applications\/stormwater-wastewater-ponds\/","name":"Stormwater and Wastewater Pond Sludge Solidification Solutions | MetaFLO Technologies","isPartOf":{"@id":"https:\/\/www.metaflotech.com\/es\/#website"},"primaryImageOfPage":{"@id":"https:\/\/www.metaflotech.com\/es\/applications\/stormwater-wastewater-ponds\/#primaryimage"},"image":{"@id":"https:\/\/www.metaflotech.com\/es\/applications\/stormwater-wastewater-ponds\/#primaryimage"},"thumbnailUrl":"https:\/\/www.metaflotech.com\/wp-content\/uploads\/2024\/10\/conventionaldredge.jpg","datePublished":"2024-10-25T10:49:23+00:00","dateModified":"2026-03-12T13:03:03+00:00","description":"MetaFLO provides solutions for stormwater and wastewater pond sludge management, enabling efficient solidification and reduced disposal volumes.","breadcrumb":{"@id":"https:\/\/www.metaflotech.com\/es\/applications\/stormwater-wastewater-ponds\/#breadcrumb"},"inLanguage":"es","potentialAction":[{"@type":"ReadAction","target":["https:\/\/www.metaflotech.com\/es\/applications\/stormwater-wastewater-ponds\/"]}]},{"@type":"ImageObject","inLanguage":"es","@id":"https:\/\/www.metaflotech.com\/es\/applications\/stormwater-wastewater-ponds\/#primaryimage","url":"https:\/\/www.metaflotech.com\/wp-content\/uploads\/2024\/10\/conventionaldredge.jpg","contentUrl":"https:\/\/www.metaflotech.com\/wp-content\/uploads\/2024\/10\/conventionaldredge.jpg"},{"@type":"BreadcrumbList","@id":"https:\/\/www.metaflotech.com\/es\/applications\/stormwater-wastewater-ponds\/#breadcrumb","itemListElement":[{"@type":"ListItem","position":1,"name":"Home","item":"https:\/\/www.metaflotech.com\/"},{"@type":"ListItem","position":2,"name":"Applications","item":"https:\/\/www.metaflotech.com\/applications\/"},{"@type":"ListItem","position":3,"name":"Stormwater and Wastewater Pond Sludge Solidification Solutions"}]},{"@type":"WebSite","@id":"https:\/\/www.metaflotech.com\/es\/#website","url":"https:\/\/www.metaflotech.com\/es\/","name":"Tecnolog\u00edas MetaFLO","description":"Soluciones de pol\u00edmeros para aplicaciones industriales","potentialAction":[{"@type":"SearchAction","target":{"@type":"EntryPoint","urlTemplate":"https:\/\/www.metaflotech.com\/es\/?s={search_term_string}"},"query-input":{"@type":"PropertyValueSpecification","valueRequired":true,"valueName":"search_term_string"}}],"inLanguage":"es"}]}},"_links":{"self":[{"href":"https:\/\/www.metaflotech.com\/es\/wp-json\/wp\/v2\/pages\/99540","targetHints":{"allow":["GET"]}}],"collection":[{"href":"https:\/\/www.metaflotech.com\/es\/wp-json\/wp\/v2\/pages"}],"about":[{"href":"https:\/\/www.metaflotech.com\/es\/wp-json\/wp\/v2\/types\/page"}],"author":[{"embeddable":true,"href":"https:\/\/www.metaflotech.com\/es\/wp-json\/wp\/v2\/users\/1"}],"replies":[{"embeddable":true,"href":"https:\/\/www.metaflotech.com\/es\/wp-json\/wp\/v2\/comments?post=99540"}],"version-history":[{"count":0,"href":"https:\/\/www.metaflotech.com\/es\/wp-json\/wp\/v2\/pages\/99540\/revisions"}],"up":[{"embeddable":true,"href":"https:\/\/www.metaflotech.com\/es\/wp-json\/wp\/v2\/pages\/73499"}],"wp:attachment":[{"href":"https:\/\/www.metaflotech.com\/es\/wp-json\/wp\/v2\/media?parent=99540"}],"curies":[{"name":"wp","href":"https:\/\/api.w.org\/{rel}","templated":true}]}}