{"id":108180,"date":"2024-11-08T09:06:17","date_gmt":"2024-11-08T09:06:17","guid":{"rendered":"https:\/\/www.metaflotech.com\/?page_id=108180"},"modified":"2025-12-22T22:15:07","modified_gmt":"2025-12-22T22:15:07","slug":"biopolymeres","status":"publish","type":"page","link":"https:\/\/www.metaflotech.com\/fr\/products\/biopolymers\/","title":{"rendered":"Biopolym\u00e8res (Tech)"},"content":{"rendered":"<h1>\n\t\t\tBiopolym\u00e8res (Tech)\t<\/h1>\n\t<h1>R\u00e9volutionner les processus industriels<\/h1>\n\t<p>At MetaFLO, we know that the industrial sector faces unique challenges.\u00a0That&#8217;s why we&#8217;ve developed a suite of innovative biopolymers designed to increase efficiency, enhance environmental compliance and streamline operations.<\/p>\n<p>D\u00e9couvrez comment nos solutions peuvent <strong>r\u00e9volutionner vos op\u00e9rations.<\/strong><\/p>\n\t<h3><strong>Application<\/strong><\/h3>\n\t\t\t <p><strong>Stabilisation des sols :<\/strong> stabilisation de la base et de la sous-base et contr\u00f4le des poussi\u00e8res dans la construction routi\u00e8re (SoilTech, DusTech)<\/p>\t\t\n\t\t\t <p><strong>Exploitation mini\u00e8re :<\/strong> am\u00e9lioration de l'extraction des min\u00e9raux pr\u00e9cieux (or), r\u00e9duction du cyanure, acc\u00e9l\u00e9ration de la r\u00e9action (ExtracTech)<\/p>\t\t\n\t\t\t <p><strong>P\u00e9trole et gaz :<\/strong> Rem\u00e9diation avanc\u00e9e de l'eau produite (RemTech)<\/p>\t\t\n\t<h3><strong>Avantages<\/strong><\/h3>\n\t\t\t <p>R\u00e9duire les co\u00fbts<\/p>\t\t\n\t\t\t <p>Respecter l'environnement<\/p>\t\t\n\t\t\t <p>Am\u00e9liorer l'efficacit\u00e9 op\u00e9rationnelle<\/p>\t\t\n\t\t\t\t<a href=\"https:\/\/www.metaflotech.com\/fr\/produits\/soiltech\/\"  target=\"_self\" rel=\"nofollow\"  itemprop=\"url\">\n\t\t\t\t<img decoding=\"async\" src=\"https:\/\/www.metaflotech.com\/wp-content\/uploads\/2025\/07\/Dark-3.svg\" alt=\"Sombre\" itemprop=\"image\" height=\"100\" width=\"100\" title=\"Sombre\" onerror=\"this.style.display='none'\" loading=\"lazy\" \/>\n\t\t\t\t<\/a>\n\t<p><strong>\u2713 <\/strong>Stabilisation des sols<\/p>\n\t\t\t\t<a href=\"https:\/\/www.metaflotech.com\/fr\/produits\/dustech\/\"  target=\"_self\" rel=\"nofollow\"  itemprop=\"url\">\n\t\t\t\t<img decoding=\"async\" src=\"https:\/\/www.metaflotech.com\/wp-content\/uploads\/2025\/07\/Dark-5.svg\" alt=\"Sombre\" itemprop=\"image\" height=\"100\" width=\"100\" title=\"Sombre\" onerror=\"this.style.display='none'\" loading=\"lazy\" \/>\n\t\t\t\t<\/a>\n\t<p><strong>\u2713 Suppression des poussi\u00e8res\u00a0<\/strong><\/p>\n\t\t\t\t<a href=\"https:\/\/www.metaflotech.com\/fr\/produits\/extractech\/\"  target=\"_self\" itemprop=\"url\">\n\t\t\t\t<img decoding=\"async\" src=\"https:\/\/www.metaflotech.com\/wp-content\/uploads\/2025\/07\/Dark-4.svg\" alt=\"Sombre\" itemprop=\"image\" height=\"100\" width=\"100\" title=\"Sombre\" onerror=\"this.style.display='none'\" loading=\"lazy\" \/>\n\t\t\t\t<\/a>\n\t<strong>\u2713 Extraction de l'or et r\u00e9duction du cyanure<br \/>\n<\/strong>\n\t\t\t\t<a href=\"https:\/\/www.metaflotech.com\/fr\/produits\/remtech\/\"  target=\"_self\" rel=\"nofollow\"  itemprop=\"url\">\n\t\t\t\t<img decoding=\"async\" src=\"https:\/\/www.metaflotech.com\/wp-content\/uploads\/2025\/07\/Dark.svg\" alt=\"Sombre\" itemprop=\"image\" height=\"100\" width=\"100\" title=\"Sombre\" onerror=\"this.style.display='none'\" loading=\"lazy\" \/>\n\t\t\t\t<\/a>\n\t<p><strong>\u2713 Eau contamin\u00e9e<\/strong><\/p>\n\t\t\t <p><strong>Produit \u00e0 partir d'algues marines<\/strong><\/p>\n\t\t\t <p><strong>Commercialis\u00e9 sous forme liquide<\/strong><\/p>\t\t\n\t\t\t <p><strong>Soluble dans l'eau<\/strong><\/p>\t\t\n\t\t\t <p><strong>Application facile<\/strong><\/p>\n\t\t\t <p><strong>Aucun \u00e9quipement suppl\u00e9mentaire n'est n\u00e9cessaire pour le processus<\/strong><\/p>\n\t\t\t <p><strong>Sans danger pour l'environnement, le sol et la faune terrestre<\/strong><\/p>\n\t\t\t <p><strong>Adaptable \u00e0 n'importe quel endroit<\/strong><\/p>\n\t<h2><strong>PROC\u00c9D\u00c9 DE PRODUCTION DE BIOPOLYM\u00c8RES DE SEMENCES<\/strong><\/h2>\n\t\t\t\t<img decoding=\"async\" src=\"https:\/\/www.metaflotech.com\/wp-content\/uploads\/2025\/04\/naturally-derived-biopolymer-from-seaweed1.png\" alt=\"biopolym\u00e8re d\u00e9riv\u00e9 naturellement d&#039;algues marines1\" itemprop=\"image\" height=\"798\" width=\"3677\" onerror=\"this.style.display='none'\" loading=\"lazy\" \/>","protected":false},"excerpt":{"rendered":"<p>Biopolymers (Tech) Revolutionizing Industrial Processes At MetaFLO, we know that the industrial sector faces unique challenges.\u00a0That&#8217;s why we&#8217;ve developed a suite of innovative biopolymers designed to increase efficiency, enhance environmental compliance and streamline operations. Discover how our solutions can revolutionize your operations. Application Soil Stabilization: road construction base and sub-base stabilization and dust control (SoilTech,&hellip;<\/p>","protected":false},"author":1,"featured_media":0,"parent":109809,"menu_order":0,"comment_status":"closed","ping_status":"closed","template":"","meta":{"_acf_changed":false,"inline_featured_image":false,"footnotes":""},"class_list":["post-108180","page","type-page","status-publish","hentry"],"acf":[],"yoast_head":"<!-- This site is optimized with the Yoast SEO plugin v27.4 - https:\/\/yoast.com\/product\/yoast-seo-wordpress\/ -->\n<title>Biopolymers (Tech) | MetaFLO Technologies<\/title>\n<meta name=\"description\" content=\"FOCUSED ON ENGINEERED SOLUTIONS FOR LIQUID WASTE SOLIDIFICATION THAT ARE EFFECTIVE, EFFICIENT AND MINIMIZE ENVIRONMENTAL IMPACT.\" \/>\n<meta name=\"robots\" content=\"index, follow, max-snippet:-1, max-image-preview:large, max-video-preview:-1\" \/>\n<link rel=\"canonical\" href=\"https:\/\/www.metaflotech.com\/fr\/produits\/biopolymeres\/\" \/>\n<meta property=\"og:locale\" content=\"fr_CA\" \/>\n<meta property=\"og:type\" content=\"article\" \/>\n<meta property=\"og:title\" content=\"Biopolymers (Tech) | MetaFLO Technologies\" \/>\n<meta property=\"og:description\" content=\"FOCUSED ON ENGINEERED SOLUTIONS FOR LIQUID WASTE SOLIDIFICATION THAT ARE EFFECTIVE, EFFICIENT AND MINIMIZE ENVIRONMENTAL IMPACT.\" \/>\n<meta property=\"og:url\" content=\"https:\/\/www.metaflotech.com\/fr\/produits\/biopolymeres\/\" \/>\n<meta property=\"og:site_name\" content=\"MetaFLO Technologies\" \/>\n<meta property=\"article:publisher\" content=\"https:\/\/www.facebook.com\/MetaFLOTechnologies\/\" \/>\n<meta property=\"article:modified_time\" content=\"2025-12-22T22:15:07+00:00\" \/>\n<meta property=\"og:image\" content=\"https:\/\/www.metaflotech.com\/wp-content\/uploads\/2025\/07\/Dark-3.svg\" \/>\n<meta name=\"twitter:card\" content=\"summary_large_image\" \/>\n<meta name=\"twitter:site\" content=\"@metaflo\" \/>\n<meta name=\"twitter:label1\" content=\"Estimation du temps de lecture\" \/>\n\t<meta name=\"twitter:data1\" content=\"2 minutes\" \/>\n<script type=\"application\/ld+json\" class=\"yoast-schema-graph\">{\"@context\":\"https:\\\/\\\/schema.org\",\"@graph\":[{\"@type\":\"WebPage\",\"@id\":\"https:\\\/\\\/www.metaflotech.com\\\/fr\\\/products\\\/biopolymers\\\/\",\"url\":\"https:\\\/\\\/www.metaflotech.com\\\/fr\\\/products\\\/biopolymers\\\/\",\"name\":\"Biopolymers (Tech) | MetaFLO Technologies\",\"isPartOf\":{\"@id\":\"https:\\\/\\\/www.metaflotech.com\\\/fr\\\/#website\"},\"primaryImageOfPage\":{\"@id\":\"https:\\\/\\\/www.metaflotech.com\\\/fr\\\/products\\\/biopolymers\\\/#primaryimage\"},\"image\":{\"@id\":\"https:\\\/\\\/www.metaflotech.com\\\/fr\\\/products\\\/biopolymers\\\/#primaryimage\"},\"thumbnailUrl\":\"https:\\\/\\\/www.metaflotech.com\\\/wp-content\\\/uploads\\\/2025\\\/07\\\/Dark-3.svg\",\"datePublished\":\"2024-11-08T09:06:17+00:00\",\"dateModified\":\"2025-12-22T22:15:07+00:00\",\"description\":\"FOCUSED ON ENGINEERED SOLUTIONS FOR LIQUID WASTE SOLIDIFICATION THAT ARE EFFECTIVE, EFFICIENT AND MINIMIZE ENVIRONMENTAL IMPACT.\",\"breadcrumb\":{\"@id\":\"https:\\\/\\\/www.metaflotech.com\\\/fr\\\/products\\\/biopolymers\\\/#breadcrumb\"},\"inLanguage\":\"fr-CA\",\"potentialAction\":[{\"@type\":\"ReadAction\",\"target\":[\"https:\\\/\\\/www.metaflotech.com\\\/fr\\\/products\\\/biopolymers\\\/\"]}]},{\"@type\":\"ImageObject\",\"inLanguage\":\"fr-CA\",\"@id\":\"https:\\\/\\\/www.metaflotech.com\\\/fr\\\/products\\\/biopolymers\\\/#primaryimage\",\"url\":\"https:\\\/\\\/www.metaflotech.com\\\/wp-content\\\/uploads\\\/2025\\\/07\\\/Dark-3.svg\",\"contentUrl\":\"https:\\\/\\\/www.metaflotech.com\\\/wp-content\\\/uploads\\\/2025\\\/07\\\/Dark-3.svg\"},{\"@type\":\"BreadcrumbList\",\"@id\":\"https:\\\/\\\/www.metaflotech.com\\\/fr\\\/products\\\/biopolymers\\\/#breadcrumb\",\"itemListElement\":[{\"@type\":\"ListItem\",\"position\":1,\"name\":\"Home\",\"item\":\"https:\\\/\\\/www.metaflotech.com\\\/\"},{\"@type\":\"ListItem\",\"position\":2,\"name\":\"Products\",\"item\":\"https:\\\/\\\/www.metaflotech.com\\\/products\\\/\"},{\"@type\":\"ListItem\",\"position\":3,\"name\":\"Biopolymers (Tech)\"}]},{\"@type\":\"WebSite\",\"@id\":\"https:\\\/\\\/www.metaflotech.com\\\/fr\\\/#website\",\"url\":\"https:\\\/\\\/www.metaflotech.com\\\/fr\\\/\",\"name\":\"MetaFLO Technologies\",\"description\":\"Engineered Polymer Solutions For Industrial Applications\",\"potentialAction\":[{\"@type\":\"SearchAction\",\"target\":{\"@type\":\"EntryPoint\",\"urlTemplate\":\"https:\\\/\\\/www.metaflotech.com\\\/fr\\\/?s={search_term_string}\"},\"query-input\":{\"@type\":\"PropertyValueSpecification\",\"valueRequired\":true,\"valueName\":\"search_term_string\"}}],\"inLanguage\":\"fr-CA\"}]}<\/script>\n<!-- \/ Yoast SEO plugin. -->","yoast_head_json":{"title":"Biopolymers (Tech) | MetaFLO Technologies","description":"SE CONCENTRE SUR DES SOLUTIONS TECHNIQUES POUR LA SOLIDIFICATION DES D\u00c9CHETS LIQUIDES QUI SONT EFFICACES, EFFICIENTES ET MINIMISENT L'IMPACT SUR L'ENVIRONNEMENT.","robots":{"index":"index","follow":"follow","max-snippet":"max-snippet:-1","max-image-preview":"max-image-preview:large","max-video-preview":"max-video-preview:-1"},"canonical":"https:\/\/www.metaflotech.com\/fr\/produits\/biopolymeres\/","og_locale":"fr_CA","og_type":"article","og_title":"Biopolymers (Tech) | MetaFLO Technologies","og_description":"FOCUSED ON ENGINEERED SOLUTIONS FOR LIQUID WASTE SOLIDIFICATION THAT ARE EFFECTIVE, EFFICIENT AND MINIMIZE ENVIRONMENTAL IMPACT.","og_url":"https:\/\/www.metaflotech.com\/fr\/produits\/biopolymeres\/","og_site_name":"MetaFLO Technologies","article_publisher":"https:\/\/www.facebook.com\/MetaFLOTechnologies\/","article_modified_time":"2025-12-22T22:15:07+00:00","og_image":[{"url":"https:\/\/www.metaflotech.com\/wp-content\/uploads\/2025\/07\/Dark-3.svg","type":"","width":"","height":""}],"twitter_card":"summary_large_image","twitter_site":"@metaflo","twitter_misc":{"Estimation du temps de lecture":"2 minutes"},"schema":{"@context":"https:\/\/schema.org","@graph":[{"@type":"WebPage","@id":"https:\/\/www.metaflotech.com\/fr\/products\/biopolymers\/","url":"https:\/\/www.metaflotech.com\/fr\/products\/biopolymers\/","name":"Biopolymers (Tech) | MetaFLO Technologies","isPartOf":{"@id":"https:\/\/www.metaflotech.com\/fr\/#website"},"primaryImageOfPage":{"@id":"https:\/\/www.metaflotech.com\/fr\/products\/biopolymers\/#primaryimage"},"image":{"@id":"https:\/\/www.metaflotech.com\/fr\/products\/biopolymers\/#primaryimage"},"thumbnailUrl":"https:\/\/www.metaflotech.com\/wp-content\/uploads\/2025\/07\/Dark-3.svg","datePublished":"2024-11-08T09:06:17+00:00","dateModified":"2025-12-22T22:15:07+00:00","description":"SE CONCENTRE SUR DES SOLUTIONS TECHNIQUES POUR LA SOLIDIFICATION DES D\u00c9CHETS LIQUIDES QUI SONT EFFICACES, EFFICIENTES ET MINIMISENT L'IMPACT SUR L'ENVIRONNEMENT.","breadcrumb":{"@id":"https:\/\/www.metaflotech.com\/fr\/products\/biopolymers\/#breadcrumb"},"inLanguage":"fr-CA","potentialAction":[{"@type":"ReadAction","target":["https:\/\/www.metaflotech.com\/fr\/products\/biopolymers\/"]}]},{"@type":"ImageObject","inLanguage":"fr-CA","@id":"https:\/\/www.metaflotech.com\/fr\/products\/biopolymers\/#primaryimage","url":"https:\/\/www.metaflotech.com\/wp-content\/uploads\/2025\/07\/Dark-3.svg","contentUrl":"https:\/\/www.metaflotech.com\/wp-content\/uploads\/2025\/07\/Dark-3.svg"},{"@type":"BreadcrumbList","@id":"https:\/\/www.metaflotech.com\/fr\/products\/biopolymers\/#breadcrumb","itemListElement":[{"@type":"ListItem","position":1,"name":"Home","item":"https:\/\/www.metaflotech.com\/"},{"@type":"ListItem","position":2,"name":"Products","item":"https:\/\/www.metaflotech.com\/products\/"},{"@type":"ListItem","position":3,"name":"Biopolymers (Tech)"}]},{"@type":"WebSite","@id":"https:\/\/www.metaflotech.com\/fr\/#website","url":"https:\/\/www.metaflotech.com\/fr\/","name":"MetaFLO Technologies","description":"Solutions d'ing\u00e9nierie en mati\u00e8re de polym\u00e8res pour les applications industrielles","potentialAction":[{"@type":"SearchAction","target":{"@type":"EntryPoint","urlTemplate":"https:\/\/www.metaflotech.com\/fr\/?s={search_term_string}"},"query-input":{"@type":"PropertyValueSpecification","valueRequired":true,"valueName":"search_term_string"}}],"inLanguage":"fr-CA"}]}},"_links":{"self":[{"href":"https:\/\/www.metaflotech.com\/fr\/wp-json\/wp\/v2\/pages\/108180","targetHints":{"allow":["GET"]}}],"collection":[{"href":"https:\/\/www.metaflotech.com\/fr\/wp-json\/wp\/v2\/pages"}],"about":[{"href":"https:\/\/www.metaflotech.com\/fr\/wp-json\/wp\/v2\/types\/page"}],"author":[{"embeddable":true,"href":"https:\/\/www.metaflotech.com\/fr\/wp-json\/wp\/v2\/users\/1"}],"replies":[{"embeddable":true,"href":"https:\/\/www.metaflotech.com\/fr\/wp-json\/wp\/v2\/comments?post=108180"}],"version-history":[{"count":0,"href":"https:\/\/www.metaflotech.com\/fr\/wp-json\/wp\/v2\/pages\/108180\/revisions"}],"up":[{"embeddable":true,"href":"https:\/\/www.metaflotech.com\/fr\/wp-json\/wp\/v2\/pages\/109809"}],"wp:attachment":[{"href":"https:\/\/www.metaflotech.com\/fr\/wp-json\/wp\/v2\/media?parent=108180"}],"curies":[{"name":"wp","href":"https:\/\/api.w.org\/{rel}","templated":true}]}}