{"id":109809,"date":"2024-11-15T08:29:30","date_gmt":"2024-11-15T08:29:30","guid":{"rendered":"https:\/\/www.metaflotech.com\/?page_id=109809"},"modified":"2025-12-22T22:18:43","modified_gmt":"2025-12-22T22:18:43","slug":"produits","status":"publish","type":"page","link":"https:\/\/www.metaflotech.com\/fr\/products\/","title":{"rendered":"Produits"},"content":{"rendered":"<h1>\n\t\t\tR\u00e9actifs de solidification (MF)\t<\/h1>\n\t<h1>R\u00e9volutionner la solidification des d\u00e9chets liquides<\/h1>\n\t<p>MetaFLO est le principal fournisseur de produits chimiques innovants et respectueux de l'environnement et de syst\u00e8mes uniques d'administration de r\u00e9actifs pour le traitement des flux de d\u00e9chets liquides.<\/p>\n<p>En d'autres termes, nous aidons les gens rapidement <strong>transformer les d\u00e9chets liquides en un solide g\u00e9rable sur le site de production des fluides.<\/strong><\/p>\n\t<h3><strong>Application<\/strong><\/h3>\n\t\t\t <p><a href=\"https:\/\/www.metaflotech.com\/fr\/applications\/forage-horizontal-directionnel\/\">Forage horizontal directionnel<\/a>, <a href=\"https:\/\/www.metaflotech.com\/fr\/applications\/creusement-de-tunnels\/\">Tunnelage et microtunnelage<\/a><\/p>\t\t\n\t\t\t <p><a href=\"https:\/\/www.metaflotech.com\/fr\/secteurs-dactivite\/petrole-et-gaz\/\">Forage de p\u00e9trole et de gaz<\/a><\/p>\u00a0\t\t\n\t\t\t <p><a href=\"https:\/\/www.metaflotech.com\/fr\/applications\/excavations-hydrauliques\/\">Hydro Excavations<\/a><\/p>\u00a0\t\t\n\t\t\t <p><a href=\"https:\/\/www.metaflotech.com\/fr\/applications\/dragage-environnemental\/\">Dragage environnemental<\/a><\/p>\u00a0\t\t\n\t<h3><strong>Avantages<\/strong><\/h3>\n\t\t\t <p>R\u00e9duire les risques et la responsabilit\u00e9, am\u00e9liorer la s\u00e9curit\u00e9 sur le site<\/p>\t\t\n\t\t\t <p>R\u00e9duire les co\u00fbts de gestion des d\u00e9chets liquides<\/p>\t\t\n\t\t\t <p>R\u00e9duire votre impact sur l'environnement<\/p>\t\t\n\t\t<iframe loading=\"lazy\" width=\"1120\" height=\"630\" src=\"https:\/\/www.youtube.com\/embed\/K7BlhvqGN-E?si=DG_Hz1XDcxIpNhQR\" title=\"MetaFLO Technologies - Solidification Reagents\" frameborder=\"0\" allow=\"accelerometer; autoplay; clipboard-write; encrypted-media; gyroscope; picture-in-picture; web-share\" referrerpolicy=\"strict-origin-when-cross-origin\" allowfullscreen><\/iframe>\t\n\t\t\t\t<a href=\"https:\/\/www.metaflotech.com\/fr\/produits\/mf003\/\"  target=\"_self\" itemprop=\"url\">\n\t\t\t\t<img decoding=\"async\" src=\"https:\/\/www.metaflotech.com\/wp-content\/uploads\/2024\/03\/Dark-MF003.svg\" alt=\"MF003\" itemprop=\"image\" height=\"100\" width=\"100\" onerror=\"this.style.display='none'\" loading=\"lazy\" \/>\n\t\t\t\t<\/a>\n\t<p><strong>\u2713 L<\/strong>flux de d\u00e9chets liquides<\/p>\n\t\t\t\t<a href=\"https:\/\/www.metaflotech.com\/fr\/produits\/mf006\/\"  target=\"_self\" itemprop=\"url\">\n\t\t\t\t<img decoding=\"async\" src=\"https:\/\/www.metaflotech.com\/wp-content\/uploads\/2024\/03\/Dark-MF006.svg\" alt=\"MF006\" itemprop=\"image\" height=\"100\" width=\"100\" onerror=\"this.style.display='none'\" loading=\"lazy\" \/>\n\t\t\t\t<\/a>\n\t<p><strong>\u2713 Semi-solides \u00e0 base d'eau<\/strong><\/p>\n\t\t\t\t<a href=\"https:\/\/www.metaflotech.com\/fr\/produits\/mf008\/\"  target=\"_self\" rel=\"nofollow\"  itemprop=\"url\">\n\t\t\t\t<img decoding=\"async\" src=\"https:\/\/www.metaflotech.com\/wp-content\/uploads\/2024\/03\/Dark-MF008.svg\" alt=\"Sombre MF008\" itemprop=\"image\" height=\"100\" width=\"100\" title=\"Sombre MF008\" onerror=\"this.style.display='none'\" loading=\"lazy\" \/>\n\t\t\t\t<\/a>\n\t<p><strong>\u2713 Applications p\u00e9troli\u00e8res et gazi\u00e8res<\/strong><\/p>\n<h1>\n\t\t\tBiopolym\u00e8res (Tech)\t<\/h1>\n\t<h1>R\u00e9volutionner les processus industriels<\/h1>\n\t<p>At MetaFLO, we know that the industrial sector faces unique challenges.\u00a0That&#8217;s why we&#8217;ve developed a suite of innovative biopolymers designed to increase efficiency, enhance environmental compliance and streamline operations.<\/p>\n<p>D\u00e9couvrez comment nos solutions peuvent <strong>r\u00e9volutionner vos op\u00e9rations.<\/strong><\/p>\n\t<h3><strong>Application<\/strong><\/h3>\n\t\t\t <p><strong>Stabilisation des sols :<\/strong> stabilisation de la base et de la sous-base et contr\u00f4le des poussi\u00e8res dans la construction routi\u00e8re (SoilTech, DusTech)<\/p>\t\t\n\t\t\t <p><strong>Exploitation mini\u00e8re :<\/strong> am\u00e9lioration de l'extraction des min\u00e9raux pr\u00e9cieux (or), r\u00e9duction du cyanure, acc\u00e9l\u00e9ration de la r\u00e9action (ExtracTech)<\/p>\t\t\n\t\t\t <p><strong>P\u00e9trole et gaz :<\/strong> Rem\u00e9diation avanc\u00e9e de l'eau produite (RemTech)<\/p>\t\t\n\t\t\t <p><strong>Classeurs :<\/strong> pour la production de briques, de pav\u00e9s et de mat\u00e9riaux similaires (CemenTech)<\/p>\t\t\n\t<h3><strong>Avantages<\/strong><\/h3>\n\t\t\t <p>R\u00e9duire les co\u00fbts<\/p>\t\t\n\t\t\t <p>Respecter l'environnement<\/p>\t\t\n\t\t\t <p>Am\u00e9liorer l'efficacit\u00e9 op\u00e9rationnelle<\/p>\t\t\n\t\t\t\t<a href=\"https:\/\/www.metaflotech.com\/fr\/produits\/soiltech\/\"  target=\"_self\" rel=\"nofollow\"  itemprop=\"url\">\n\t\t\t\t<img decoding=\"async\" src=\"https:\/\/www.metaflotech.com\/wp-content\/uploads\/2025\/07\/Dark-3.svg\" alt=\"Sombre\" itemprop=\"image\" height=\"100\" width=\"100\" title=\"Sombre\" onerror=\"this.style.display='none'\" loading=\"lazy\" \/>\n\t\t\t\t<\/a>\n\t<p><strong>\u2713 <\/strong>Stabilisation des sols<\/p>\n\t\t\t\t<a href=\"https:\/\/www.metaflotech.com\/fr\/produits\/dustech\/\"  target=\"_self\" rel=\"nofollow\"  itemprop=\"url\">\n\t\t\t\t<img decoding=\"async\" src=\"https:\/\/www.metaflotech.com\/wp-content\/uploads\/2025\/07\/Dark-5.svg\" alt=\"Sombre\" itemprop=\"image\" height=\"100\" width=\"100\" title=\"Sombre\" onerror=\"this.style.display='none'\" loading=\"lazy\" \/>\n\t\t\t\t<\/a>\n\t<p><strong>\u2713 Suppression des poussi\u00e8res\u00a0<\/strong><\/p>\n\t\t\t\t<a href=\"https:\/\/www.metaflotech.com\/fr\/produits\/extractech\/\"  target=\"_self\" itemprop=\"url\">\n\t\t\t\t<img decoding=\"async\" src=\"https:\/\/www.metaflotech.com\/wp-content\/uploads\/2025\/07\/Dark-4.svg\" alt=\"Sombre\" itemprop=\"image\" height=\"100\" width=\"100\" title=\"Sombre\" onerror=\"this.style.display='none'\" loading=\"lazy\" \/>\n\t\t\t\t<\/a>\n\t<strong>\u2713 Extraction de l'or et r\u00e9duction du cyanure<br \/>\n<\/strong>\n\t\t\t\t<a href=\"https:\/\/www.metaflotech.com\/fr\/produits\/remtech\/\"  target=\"_self\" rel=\"nofollow\"  itemprop=\"url\">\n\t\t\t\t<img decoding=\"async\" src=\"https:\/\/www.metaflotech.com\/wp-content\/uploads\/2025\/07\/Dark.svg\" alt=\"Sombre\" itemprop=\"image\" height=\"100\" width=\"100\" title=\"Sombre\" onerror=\"this.style.display='none'\" loading=\"lazy\" \/>\n\t\t\t\t<\/a>\n\t<p><strong>\u2713 Eau contamin\u00e9e<\/strong><\/p>","protected":false},"excerpt":{"rendered":"<p>Solidification Reagents (MF) Revolutionizing Liquid Waste Solidification MetaFLO is the leading provider of innovative, environmentally friendly chemistry and unique reagent delivery systems for the treatment of liquid waste streams. Simply put, we help people rapidly turn liquid waste into a manageable solid at the site of fluid generation. Application Horizontal Directional Drilling, Tunneling &amp; Microtunneling&hellip;<\/p>","protected":false},"author":1,"featured_media":0,"parent":0,"menu_order":0,"comment_status":"closed","ping_status":"closed","template":"","meta":{"_acf_changed":false,"inline_featured_image":false,"footnotes":""},"class_list":["post-109809","page","type-page","status-publish","hentry"],"acf":[],"yoast_head":"<!-- This site is optimized with the Yoast SEO plugin v27.4 - https:\/\/yoast.com\/product\/yoast-seo-wordpress\/ -->\n<title>Products | MetaFLO Technologies<\/title>\n<meta name=\"description\" content=\"FOCUSED ON ENGINEERED SOLUTIONS FOR LIQUID WASTE SOLIDIFICATION THAT ARE EFFECTIVE, EFFICIENT AND MINIMIZE ENVIRONMENTAL IMPACT.\" \/>\n<meta name=\"robots\" content=\"index, follow, max-snippet:-1, max-image-preview:large, max-video-preview:-1\" \/>\n<link rel=\"canonical\" href=\"https:\/\/www.metaflotech.com\/fr\/produits\/\" \/>\n<meta property=\"og:locale\" content=\"fr_CA\" \/>\n<meta property=\"og:type\" content=\"article\" \/>\n<meta property=\"og:title\" content=\"Products | MetaFLO Technologies\" \/>\n<meta property=\"og:description\" content=\"FOCUSED ON ENGINEERED SOLUTIONS FOR LIQUID WASTE SOLIDIFICATION THAT ARE EFFECTIVE, EFFICIENT AND MINIMIZE ENVIRONMENTAL IMPACT.\" \/>\n<meta property=\"og:url\" content=\"https:\/\/www.metaflotech.com\/fr\/produits\/\" \/>\n<meta property=\"og:site_name\" content=\"MetaFLO Technologies\" \/>\n<meta property=\"article:publisher\" content=\"https:\/\/www.facebook.com\/MetaFLOTechnologies\/\" \/>\n<meta property=\"article:modified_time\" content=\"2025-12-22T22:18:43+00:00\" \/>\n<meta property=\"og:image\" content=\"https:\/\/www.metaflotech.com\/wp-content\/uploads\/2024\/03\/Dark-MF003.svg\" \/>\n<meta name=\"twitter:card\" content=\"summary_large_image\" \/>\n<meta name=\"twitter:site\" content=\"@metaflo\" \/>\n<meta name=\"twitter:label1\" content=\"Estimation du temps de lecture\" \/>\n\t<meta name=\"twitter:data1\" content=\"3 minutes\" \/>\n<script type=\"application\/ld+json\" class=\"yoast-schema-graph\">{\"@context\":\"https:\\\/\\\/schema.org\",\"@graph\":[{\"@type\":\"WebPage\",\"@id\":\"https:\\\/\\\/www.metaflotech.com\\\/fr\\\/products\\\/\",\"url\":\"https:\\\/\\\/www.metaflotech.com\\\/fr\\\/products\\\/\",\"name\":\"Products | MetaFLO Technologies\",\"isPartOf\":{\"@id\":\"https:\\\/\\\/www.metaflotech.com\\\/fr\\\/#website\"},\"primaryImageOfPage\":{\"@id\":\"https:\\\/\\\/www.metaflotech.com\\\/fr\\\/products\\\/#primaryimage\"},\"image\":{\"@id\":\"https:\\\/\\\/www.metaflotech.com\\\/fr\\\/products\\\/#primaryimage\"},\"thumbnailUrl\":\"https:\\\/\\\/www.metaflotech.com\\\/wp-content\\\/uploads\\\/2024\\\/03\\\/Dark-MF003.svg\",\"datePublished\":\"2024-11-15T08:29:30+00:00\",\"dateModified\":\"2025-12-22T22:18:43+00:00\",\"description\":\"FOCUSED ON ENGINEERED SOLUTIONS FOR LIQUID WASTE SOLIDIFICATION THAT ARE EFFECTIVE, EFFICIENT AND MINIMIZE ENVIRONMENTAL IMPACT.\",\"breadcrumb\":{\"@id\":\"https:\\\/\\\/www.metaflotech.com\\\/fr\\\/products\\\/#breadcrumb\"},\"inLanguage\":\"fr-CA\",\"potentialAction\":[{\"@type\":\"ReadAction\",\"target\":[\"https:\\\/\\\/www.metaflotech.com\\\/fr\\\/products\\\/\"]}]},{\"@type\":\"ImageObject\",\"inLanguage\":\"fr-CA\",\"@id\":\"https:\\\/\\\/www.metaflotech.com\\\/fr\\\/products\\\/#primaryimage\",\"url\":\"https:\\\/\\\/www.metaflotech.com\\\/wp-content\\\/uploads\\\/2024\\\/03\\\/Dark-MF003.svg\",\"contentUrl\":\"https:\\\/\\\/www.metaflotech.com\\\/wp-content\\\/uploads\\\/2024\\\/03\\\/Dark-MF003.svg\"},{\"@type\":\"BreadcrumbList\",\"@id\":\"https:\\\/\\\/www.metaflotech.com\\\/fr\\\/products\\\/#breadcrumb\",\"itemListElement\":[{\"@type\":\"ListItem\",\"position\":1,\"name\":\"Home\",\"item\":\"https:\\\/\\\/www.metaflotech.com\\\/\"},{\"@type\":\"ListItem\",\"position\":2,\"name\":\"Products\"}]},{\"@type\":\"WebSite\",\"@id\":\"https:\\\/\\\/www.metaflotech.com\\\/fr\\\/#website\",\"url\":\"https:\\\/\\\/www.metaflotech.com\\\/fr\\\/\",\"name\":\"MetaFLO Technologies\",\"description\":\"Engineered Polymer Solutions For Industrial Applications\",\"potentialAction\":[{\"@type\":\"SearchAction\",\"target\":{\"@type\":\"EntryPoint\",\"urlTemplate\":\"https:\\\/\\\/www.metaflotech.com\\\/fr\\\/?s={search_term_string}\"},\"query-input\":{\"@type\":\"PropertyValueSpecification\",\"valueRequired\":true,\"valueName\":\"search_term_string\"}}],\"inLanguage\":\"fr-CA\"}]}<\/script>\n<!-- \/ Yoast SEO plugin. -->","yoast_head_json":{"title":"Products | MetaFLO Technologies","description":"SE CONCENTRE SUR DES SOLUTIONS TECHNIQUES POUR LA SOLIDIFICATION DES D\u00c9CHETS LIQUIDES QUI SONT EFFICACES, EFFICIENTES ET MINIMISENT L'IMPACT SUR L'ENVIRONNEMENT.","robots":{"index":"index","follow":"follow","max-snippet":"max-snippet:-1","max-image-preview":"max-image-preview:large","max-video-preview":"max-video-preview:-1"},"canonical":"https:\/\/www.metaflotech.com\/fr\/produits\/","og_locale":"fr_CA","og_type":"article","og_title":"Products | MetaFLO Technologies","og_description":"FOCUSED ON ENGINEERED SOLUTIONS FOR LIQUID WASTE SOLIDIFICATION THAT ARE EFFECTIVE, EFFICIENT AND MINIMIZE ENVIRONMENTAL IMPACT.","og_url":"https:\/\/www.metaflotech.com\/fr\/produits\/","og_site_name":"MetaFLO Technologies","article_publisher":"https:\/\/www.facebook.com\/MetaFLOTechnologies\/","article_modified_time":"2025-12-22T22:18:43+00:00","og_image":[{"url":"https:\/\/www.metaflotech.com\/wp-content\/uploads\/2024\/03\/Dark-MF003.svg","type":"","width":"","height":""}],"twitter_card":"summary_large_image","twitter_site":"@metaflo","twitter_misc":{"Estimation du temps de lecture":"3 minutes"},"schema":{"@context":"https:\/\/schema.org","@graph":[{"@type":"WebPage","@id":"https:\/\/www.metaflotech.com\/fr\/products\/","url":"https:\/\/www.metaflotech.com\/fr\/products\/","name":"Products | MetaFLO Technologies","isPartOf":{"@id":"https:\/\/www.metaflotech.com\/fr\/#website"},"primaryImageOfPage":{"@id":"https:\/\/www.metaflotech.com\/fr\/products\/#primaryimage"},"image":{"@id":"https:\/\/www.metaflotech.com\/fr\/products\/#primaryimage"},"thumbnailUrl":"https:\/\/www.metaflotech.com\/wp-content\/uploads\/2024\/03\/Dark-MF003.svg","datePublished":"2024-11-15T08:29:30+00:00","dateModified":"2025-12-22T22:18:43+00:00","description":"SE CONCENTRE SUR DES SOLUTIONS TECHNIQUES POUR LA SOLIDIFICATION DES D\u00c9CHETS LIQUIDES QUI SONT EFFICACES, EFFICIENTES ET MINIMISENT L'IMPACT SUR L'ENVIRONNEMENT.","breadcrumb":{"@id":"https:\/\/www.metaflotech.com\/fr\/products\/#breadcrumb"},"inLanguage":"fr-CA","potentialAction":[{"@type":"ReadAction","target":["https:\/\/www.metaflotech.com\/fr\/products\/"]}]},{"@type":"ImageObject","inLanguage":"fr-CA","@id":"https:\/\/www.metaflotech.com\/fr\/products\/#primaryimage","url":"https:\/\/www.metaflotech.com\/wp-content\/uploads\/2024\/03\/Dark-MF003.svg","contentUrl":"https:\/\/www.metaflotech.com\/wp-content\/uploads\/2024\/03\/Dark-MF003.svg"},{"@type":"BreadcrumbList","@id":"https:\/\/www.metaflotech.com\/fr\/products\/#breadcrumb","itemListElement":[{"@type":"ListItem","position":1,"name":"Home","item":"https:\/\/www.metaflotech.com\/"},{"@type":"ListItem","position":2,"name":"Products"}]},{"@type":"WebSite","@id":"https:\/\/www.metaflotech.com\/fr\/#website","url":"https:\/\/www.metaflotech.com\/fr\/","name":"MetaFLO Technologies","description":"Solutions d'ing\u00e9nierie en mati\u00e8re de polym\u00e8res pour les applications industrielles","potentialAction":[{"@type":"SearchAction","target":{"@type":"EntryPoint","urlTemplate":"https:\/\/www.metaflotech.com\/fr\/?s={search_term_string}"},"query-input":{"@type":"PropertyValueSpecification","valueRequired":true,"valueName":"search_term_string"}}],"inLanguage":"fr-CA"}]}},"_links":{"self":[{"href":"https:\/\/www.metaflotech.com\/fr\/wp-json\/wp\/v2\/pages\/109809","targetHints":{"allow":["GET"]}}],"collection":[{"href":"https:\/\/www.metaflotech.com\/fr\/wp-json\/wp\/v2\/pages"}],"about":[{"href":"https:\/\/www.metaflotech.com\/fr\/wp-json\/wp\/v2\/types\/page"}],"author":[{"embeddable":true,"href":"https:\/\/www.metaflotech.com\/fr\/wp-json\/wp\/v2\/users\/1"}],"replies":[{"embeddable":true,"href":"https:\/\/www.metaflotech.com\/fr\/wp-json\/wp\/v2\/comments?post=109809"}],"version-history":[{"count":0,"href":"https:\/\/www.metaflotech.com\/fr\/wp-json\/wp\/v2\/pages\/109809\/revisions"}],"wp:attachment":[{"href":"https:\/\/www.metaflotech.com\/fr\/wp-json\/wp\/v2\/media?parent=109809"}],"curies":[{"name":"wp","href":"https:\/\/api.w.org\/{rel}","templated":true}]}}