{"id":120698,"date":"2024-12-25T09:50:31","date_gmt":"2024-12-25T09:50:31","guid":{"rendered":"https:\/\/www.metaflotech.com\/?page_id=120698"},"modified":"2026-03-12T13:20:36","modified_gmt":"2026-03-12T13:20:36","slug":"lexploitation-miniere","status":"publish","type":"page","link":"https:\/\/www.metaflotech.com\/fr\/industries\/mining\/","title":{"rendered":"Mining Solutions for Haul Roads, Metal Recovery and Dust Control"},"content":{"rendered":"<h1><strong>Exploitation mini\u00e8re<\/strong><\/h1>\r\n<h2>\r\n\t\t\tD\u00e9fis\t<\/h2>\r\n\t<h3><strong>Les entreprises mini\u00e8res sont confront\u00e9es \u00e0 un certain nombre de d\u00e9fis dans le cadre de leurs activit\u00e9s :<\/strong><\/h3>\r\n\t\t\t <h4>Traitement des eaux contamin\u00e9es.<\/h4>\t\t\r\n\t\t\t <h4>Entretien des voies d'acc\u00e8s et des chemins de halage.<\/h4>\t\t\r\n\t\t\t <h4>Contr\u00f4le des poussi\u00e8res.<\/h4>\t\t\r\n\t\t\t <h4>Augmentation des rendements des gisements r\u00e9fractaires sans d\u00e9penses d'investissement importantes.<\/h4>\t\t\r\n\t\t\t <h4>Gestion responsable du cyanure et d'autres produits chimiques.<\/h4>\t\t\r\n\t\t\t <h4>Solidification de grands volumes de boues et de lisiers.<\/h4>\t\t\r\n\t\t\t <h4>Cr\u00e9er une r\u00e9utilisation b\u00e9n\u00e9fique des d\u00e9chets st\u00e9riles.<\/h4>\t\t\r\n\t\t\t\t<img decoding=\"async\" src=\"https:\/\/www.metaflotech.com\/wp-content\/uploads\/2025\/02\/Mining-1.svg\" alt=\"Exploitation mini\u00e8re 1\" itemprop=\"image\" height=\"843\" width=\"3859\" title=\"Exploitation mini\u00e8re 1\" onerror=\"this.style.display='none'\" loading=\"lazy\" \/>\r\n\t<h3><strong>Les d\u00e9g\u00e2ts caus\u00e9s par l'eau<\/strong><\/h3>\r\n\t\t\t <h4>Il est souvent difficile et co\u00fbteux d'\u00e9liminer de grands volumes de d\u00e9blais humides.<\/h4>\t\t\r\n\t\t\t <h4>L'\u00e9limination des d\u00e9blais humides n\u00e9cessite souvent des camions aspirateurs sp\u00e9cialis\u00e9s pour transporter les d\u00e9chets liquides jusqu'\u00e0 une station de transfert.<\/h4>\t\t\r\n\t\t\t <h4>La sciure de bois, la chaux et le ciment peuvent \u00eatre utilis\u00e9s pour solidifier les d\u00e9blais humides en solides, mais cette m\u00e9thode peut augmenter les volumes d'\u00e9limination jusqu'\u00e0 300%, ce qui signifie que les camions \u00e0 benne ont plus \u00e0 transporter et cr\u00e9ent une charge de d\u00e9chets plus importante sur le site d'\u00e9limination final.<\/h4>\t\t\r\n\t\t\t\t<img decoding=\"async\" src=\"https:\/\/www.metaflotech.com\/wp-content\/uploads\/2025\/02\/Energy-Utilities-4.svg\" alt=\"Services publics de l&#039;\u00e9nergie 4\" itemprop=\"image\" height=\"847\" width=\"3838\" title=\"Services publics de l&#039;\u00e9nergie 4\" onerror=\"this.style.display='none'\" loading=\"lazy\" \/>\r\n\t\t\t\t<a href=\"https:\/\/www.metaflotech.com\/fr\/produits\/reactifs-de-solidification\/mf003\/\"  target=\"_blank\" rel=\"noopener\"  itemprop=\"url\">\r\n\t\t\t\t<img decoding=\"async\" src=\"https:\/\/www.metaflotech.com\/wp-content\/uploads\/2024\/03\/Logo-MF003.svg\" alt=\"Logo MF003\" itemprop=\"image\" height=\"100\" width=\"100\" title=\"Logo MF003\" onerror=\"this.style.display='none'\" loading=\"lazy\" \/>\r\n\t\t\t\t<\/a>\r\n<h2>\r\n\t\t\tSOLUTION METAFLO\t<\/h2>\r\n\t\t\t <h4>Non toxique, inerte*, le r\u00e9actif de solidification absorbe rapidement l'eau, l'huile et la graisse pour solidifier la boue sur place &lt; 1 heure.<\/h4>\t\t\r\n\t\t\t <h4>Une fois solidifi\u00e9s, les d\u00e9chets peuvent passer le test du filtre \u00e0 peinture (PFT).<\/h4>\t\t\r\n\t\t\t <h4>Le lisier solidifi\u00e9 est transport\u00e9 directement vers le site d'\u00e9limination final, ce qui r\u00e9duit les co\u00fbts de transport et d'\u00e9limination tout en am\u00e9liorant la s\u00e9curit\u00e9 et la conformit\u00e9 aux r\u00e9glementations.<\/h4>\t\t\r\n\t<p><em>*La classification des produits peut varier d'une juridiction \u00e0 l'autre dans les diff\u00e9rents pays.<\/em><\/p>\r\n\t\t\t\t<img decoding=\"async\" src=\"https:\/\/www.metaflotech.com\/wp-content\/uploads\/2024\/10\/Reagents-Hero.png\" alt=\"R\u00e9actifs Hero\" itemprop=\"image\" height=\"449\" width=\"800\" onerror=\"this.style.display='none'\" loading=\"lazy\" \/>\r\n\t\t\t\t<img decoding=\"async\" src=\"https:\/\/www.metaflotech.com\/wp-content\/uploads\/2025\/02\/Mining-2.svg\" alt=\"Exploitation mini\u00e8re 2\" itemprop=\"image\" height=\"1861\" width=\"1718\" title=\"Exploitation mini\u00e8re 2\" onerror=\"this.style.display='none'\" loading=\"lazy\" \/>\r\n<h2>\r\n\t\t\tD\u00e9fis\t<\/h2>\r\n\t<h3><strong>Stabilisation du chemin de halage<\/strong><\/h3>\r\n\t\t\t <h4>Les routes de transport peuvent subir des dommages structurels en raison du passage quotidien de v\u00e9hicules lourds, ce qui n\u00e9cessite un entretien fr\u00e9quent.<\/h4>\t\t\r\n\t<h3><strong>Poussi\u00e8res en suspension dans l'air<\/strong><\/h3>\r\n\t\t\t <h4>L'exc\u00e8s de particules de poussi\u00e8re en suspension dans l'air caus\u00e9 par les processus d'exploitation mini\u00e8re est de plus en plus pr\u00e9occupant pour l'environnement et la sant\u00e9.<\/h4>\t\t\r\n\t\t\t <h4>La poussi\u00e8re nuit \u00e0 l'environnement, compromet la sant\u00e9 humaine, affecte n\u00e9gativement les communaut\u00e9s et r\u00e9duit la productivit\u00e9 globale des entreprises.<\/h4>\t\t\r\n\t\t\t <h4>Les m\u00e9thodes traditionnelles de suppression des poussi\u00e8res n\u00e9cessitent g\u00e9n\u00e9ralement de grandes quantit\u00e9s d'eau, ce qui est co\u00fbteux sur le plan logistique et environnemental.<\/h4>\t\t\r\n\t\t\t\t<img decoding=\"async\" src=\"https:\/\/www.metaflotech.com\/wp-content\/uploads\/2025\/02\/Roads-3.svg\" alt=\"Routes 3\" itemprop=\"image\" height=\"843\" width=\"3859\" title=\"Routes 3\" onerror=\"this.style.display='none'\" loading=\"lazy\" \/>\r\n\t\t\t\t<a href=\"https:\/\/www.metaflotech.com\/fr\/produits\/biopolymeres\/soiltech\/\"  target=\"_blank\" rel=\"noopener\"  itemprop=\"url\">\r\n\t\t\t\t<img decoding=\"async\" src=\"https:\/\/www.metaflotech.com\/wp-content\/uploads\/2025\/07\/Logo-3.svg\" alt=\"Logo\" itemprop=\"image\" height=\"100\" width=\"100\" title=\"Logo\" onerror=\"this.style.display='none'\" loading=\"lazy\" \/>\r\n\t\t\t\t<\/a>\r\n\t\t\t\t<a href=\"https:\/\/www.metaflotech.com\/fr\/produits\/biopolymeres\/dustech\/\"  target=\"_blank\" rel=\"noopener\"  itemprop=\"url\">\r\n\t\t\t\t<img decoding=\"async\" src=\"https:\/\/www.metaflotech.com\/wp-content\/uploads\/2025\/07\/Logo-5.svg\" alt=\"Logo\" itemprop=\"image\" height=\"100\" width=\"100\" title=\"Logo\" onerror=\"this.style.display='none'\" loading=\"lazy\" \/>\r\n\t\t\t\t<\/a>\r\n\t\t\t\t<img decoding=\"async\" src=\"https:\/\/www.metaflotech.com\/wp-content\/uploads\/2025\/02\/Roads-2.svg\" alt=\"Routes 2\" itemprop=\"image\" height=\"1860\" width=\"1712\" title=\"Routes 2\" onerror=\"this.style.display='none'\" loading=\"lazy\" \/>\r\n<h2>\r\n\t\t\tSolution MetaFLO\t<\/h2>\r\n\t\t\t <h4>SoilTech agit comme un stabilisateur\/liant chimique dans le sol, ce qui permet d'augmenter la densit\u00e9 massique, d'am\u00e9liorer le compactage, d'am\u00e9liorer les propri\u00e9t\u00e9s m\u00e9caniques, de renforcer la stabilisation des couches et d'am\u00e9liorer l'imperm\u00e9abilit\u00e9.<\/h4>\t\t\r\n\t\t\t <h4>Facile \u00e0 appliquer en ajoutant un dosage minimal \u00e0 vos camions-citernes existants. N\u00e9cessite beaucoup moins d'eau que les m\u00e9thodes traditionnelles.<\/h4>\t\t\r\n\t\t\t <h4>Sans danger pour l'environnement et sans contaminants chimiques.<\/h4>\t\t\r\n\t\t\t\t<img decoding=\"async\" src=\"https:\/\/www.metaflotech.com\/wp-content\/uploads\/2024\/10\/Biopolymer-Hero-2.png\" alt=\"Biopolymer Hero 2\" itemprop=\"image\" height=\"447\" width=\"800\" onerror=\"this.style.display='none'\" loading=\"lazy\" \/>\r\n<h2>\r\n\t\t\tD\u00e9fis\t<\/h2>\r\n\t\t\t <h4>Les effluents contamin\u00e9s des exploitations mini\u00e8res contiennent souvent des concentrations \u00e9lev\u00e9es de m\u00e9taux et d'hydrocarbures, ce qui pose des probl\u00e8mes de conformit\u00e9 et d'environnement.<\/h4>\t\t\r\n\t\t\t <h4>Eaux us\u00e9es contamin\u00e9es, susceptibles de ne pas r\u00e9pondre aux normes r\u00e9glementaires en mati\u00e8re de rejet ou de r\u00e9utilisation.<\/h4>\t\t\r\n\t\t\t\t<img decoding=\"async\" src=\"https:\/\/www.metaflotech.com\/wp-content\/uploads\/2024\/11\/Fracking-Remediation.png\" alt=\"Remise en \u00e9tat des sites de fracturation\" itemprop=\"image\" height=\"702\" width=\"728\" onerror=\"this.style.display='none'\" loading=\"lazy\" \/>\r\n\t\t\t\t<a href=\"https:\/\/www.metaflotech.com\/fr\/produits\/remtech\/\"  target=\"_blank\" rel=\"noopener\"  itemprop=\"url\">\r\n\t\t\t\t<img decoding=\"async\" src=\"https:\/\/www.metaflotech.com\/wp-content\/uploads\/2025\/07\/Logo.svg\" alt=\"Logo\" itemprop=\"image\" height=\"100\" width=\"100\" title=\"Logo\" onerror=\"this.style.display='none'\" loading=\"lazy\" \/>\r\n\t\t\t\t<\/a>\r\n<h2>\r\n\t\t\tSOLUTION METAFLO\t<\/h2>\r\n\t\t\t <h4>Solution biologique \u00e0 base d'algues permettant de traiter simultan\u00e9ment les hydrocarbures et les m\u00e9taux pr\u00e9sents dans les eaux contamin\u00e9es.<\/h4>\t\t\r\n\t\t\t <h4>En tant que super oxydant, Remtech agit rapidement dans la r\u00e9action et permet de r\u00e9utiliser l'eau trait\u00e9e. De plus, il est exempt de contaminants chimiques.<\/h4>\t\t\r\n\t\t\t <h4>Utilis\u00e9 comme agent alcalinisant, il peut \u00eatre appliqu\u00e9 au processus existant et dos\u00e9 directement dans l'eau car il est tr\u00e8s soluble.<\/h4>\t\t\r\n\t\t\t\t<img decoding=\"async\" src=\"https:\/\/www.metaflotech.com\/wp-content\/uploads\/2025\/02\/Mining-5.svg\" alt=\"Exploitation mini\u00e8re 5\" itemprop=\"image\" height=\"847\" width=\"2960\" title=\"Exploitation mini\u00e8re 5\" onerror=\"this.style.display='none'\" loading=\"lazy\" \/>\r\n<h2>\r\n\t\t\tD\u00e9fis\t<\/h2>\r\n\t<h3><strong>Augmentation de l'extraction des rendements \u00e0 partir de minerais r\u00e9fractaires<\/strong><\/h3>\r\n\t\t\t <h4>Le processus de lixiviation de l'or par le cyanure est connu pour ses effets n\u00e9fastes sur l'environnement et la sant\u00e9 humaine. La cyanuration de l'or, comme on l'appelle, est utilis\u00e9e pour extraire l'or du minerai brut extrait du sol. Le cyanure dissout l'or contenu dans le minerai et l'extrait sous forme liquide.<\/h4>\t\t\r\n\t\t\t <h4>L'or est trait\u00e9 pour \u00e9liminer le cyanure auquel il a \u00e9t\u00e9 expos\u00e9, mais l'extraction efficace des minerais r\u00e9fractaires est plus difficile.<\/h4>\t\t\r\n\t<h2>\r\n\t\t\tSOLUTION METAFLO\t<\/h2>\r\n\t<h3><strong>ExtracTech est un additif biopolym\u00e8re respectueux de l'environnement pour le processus d'extraction de l'or. Il agit comme un additif au processus de concentration et peut \u00eatre ajout\u00e9 directement aux cuves de cyanuration ou aux piles de lixiviation.<\/strong><\/h3>\r\n\t\t\t <h4>ExtracTech, en tant que super-oxydant, effectue des r\u00e9actions chimiques avec les m\u00e9taux \u00e0 ORP \u00e9lev\u00e9, laissant le m\u00e9tal en question plus expos\u00e9 pour r\u00e9agir plus facilement avec le cyanure dans le processus de lixiviation.<\/h4>\t\t\r\n\t\t\t <h4>Le biopolym\u00e8re augmente la cin\u00e9tique de la r\u00e9action, ce qui favorise un processus de r\u00e9cup\u00e9ration des m\u00e9taux plus efficace \u00e0 partir de minerais r\u00e9fractaires.<\/h4>\t\t\r\n\t\t\t <h4>Sans n\u00e9cessiter d'\u00e9quipement suppl\u00e9mentaire, il permet un processus plus propre produisant des r\u00e9sidus avec des niveaux de toxicit\u00e9 plus faibles et r\u00e9duisant la consommation de cyanure.<\/h4>\t\t\r\n\t\t\t\t<a href=\"https:\/\/www.metaflotech.com\/fr\/produits\/extractech\/\"  target=\"_blank\" rel=\"noopener\"  itemprop=\"url\">\r\n\t\t\t\t<img decoding=\"async\" src=\"https:\/\/www.metaflotech.com\/wp-content\/uploads\/2025\/07\/Logo-4.svg\" alt=\"Logo\" itemprop=\"image\" height=\"100\" width=\"100\" title=\"Logo\" onerror=\"this.style.display='none'\" loading=\"lazy\" \/>\r\n\t\t\t\t<\/a>\r\n\t\t\t\t<img decoding=\"async\" src=\"https:\/\/www.metaflotech.com\/wp-content\/uploads\/2024\/10\/Biopolymer-Hero.png\" alt=\"Biopolymer Hero\" itemprop=\"image\" height=\"447\" width=\"800\" onerror=\"this.style.display='none'\" loading=\"lazy\" \/>\r\n<h2>\r\n\t\t\t\u00c9tudes de cas\t<\/h2>\r\n<h3>\r\n\t\t<a href=\"https:\/\/www.metaflotech.com\/wp-content\/uploads\/2024\/12\/MF006-Case-Study-4-English-MetaFLO-Technologies.pdf\" title=\"Solidification durable des boues pour les exploitations mini\u00e8res \u00e9loign\u00e9es\"  target=\"_self\">\r\n\t\t\tSolidification durable des boues pour les exploitations mini\u00e8res \u00e9loign\u00e9es\t\t<\/a>\r\n\t<\/h3>\r\n\t<p>MetaFLO&#8217;s technology enables safe, cost-effective sludge disposal for Vale&#8217;s Northern Ontario operations, supporting sustainable mining practices in a challenging environment.<\/p>\r\n\t\t\t\t<img decoding=\"async\" src=\"https:\/\/www.metaflotech.com\/wp-content\/uploads\/2024\/10\/icon-transport-w.png\" alt=\"ic\u00f4ne transport w\" itemprop=\"image\" height=\"311\" width=\"311\" title=\"ic\u00f4ne transport w\" onerror=\"this.style.display='none'\" loading=\"lazy\" \/>\r\n\t<h3><b>R\u00e9duire consid\u00e9rablement les co\u00fbts de transport<\/b><\/h3>\r\n\t\t\t\t<img decoding=\"async\" src=\"https:\/\/www.metaflotech.com\/wp-content\/uploads\/2024\/10\/icon-ecology-w.png\" alt=\"ic\u00f4ne \u00e9cologie w\" itemprop=\"image\" height=\"311\" width=\"311\" title=\"ic\u00f4ne \u00e9cologie w\" onerror=\"this.style.display='none'\" loading=\"lazy\" \/>\r\n\t<h3><b>Minimiser les risques pour l'environnement et la s\u00e9curit\u00e9<\/b><\/h3>\r\n\t\t\t\t<img decoding=\"async\" src=\"https:\/\/www.metaflotech.com\/wp-content\/uploads\/2024\/10\/icon-savings-w.png\" alt=\"ic\u00f4ne \u00e9pargne w\" itemprop=\"image\" height=\"311\" width=\"311\" title=\"ic\u00f4ne \u00e9pargne w\" onerror=\"this.style.display='none'\" loading=\"lazy\" \/>\r\n\t<h3><b>Gestion durable et efficace des d\u00e9chets<\/b><\/h3>","protected":false},"excerpt":{"rendered":"<p>Mining Challenges Mining companies face a number challenges in their operations including: Contaminated water treatment. Access and haul road maintenance. Dust control. Increasing yields from refractory ore bodies without large capital expenditures. Responsible management of cyanide and other chemicals. Solidification of large volumes of sludges and slurries. Creating beneficial re-use for sterile waste material. Wet&hellip;<\/p>","protected":false},"author":1,"featured_media":0,"parent":120582,"menu_order":0,"comment_status":"closed","ping_status":"closed","template":"","meta":{"_acf_changed":false,"inline_featured_image":false,"footnotes":""},"class_list":["post-120698","page","type-page","status-publish","hentry"],"acf":[],"yoast_head":"<!-- This site is optimized with the Yoast SEO plugin v27.4 - https:\/\/yoast.com\/product\/yoast-seo-wordpress\/ -->\n<title>Mining Solutions for Haul Roads, Metal Recovery and Dust Control | MetaFLO Technologies<\/title>\n<meta name=\"description\" content=\"MetaFLO provides sustainable polymer and biopolymer solutions for mining, supporting haul road stabilization, dust suppression, metal recovery and liquid waste management.\" \/>\n<meta name=\"robots\" content=\"index, follow, max-snippet:-1, max-image-preview:large, max-video-preview:-1\" \/>\n<link rel=\"canonical\" href=\"https:\/\/www.metaflotech.com\/fr\/secteurs-dactivite\/lexploitation-miniere\/\" \/>\n<meta property=\"og:locale\" content=\"fr_CA\" \/>\n<meta property=\"og:type\" content=\"article\" \/>\n<meta property=\"og:title\" content=\"Mining Solutions for Haul Roads, Metal Recovery and Dust Control | MetaFLO Technologies\" \/>\n<meta property=\"og:description\" content=\"MetaFLO provides sustainable polymer and biopolymer solutions for mining, supporting haul road stabilization, dust suppression, metal recovery and liquid waste management.\" \/>\n<meta property=\"og:url\" content=\"https:\/\/www.metaflotech.com\/fr\/secteurs-dactivite\/lexploitation-miniere\/\" \/>\n<meta property=\"og:site_name\" content=\"MetaFLO Technologies\" \/>\n<meta property=\"article:publisher\" content=\"https:\/\/www.facebook.com\/MetaFLOTechnologies\/\" \/>\n<meta property=\"article:modified_time\" content=\"2026-03-12T13:20:36+00:00\" \/>\n<meta property=\"og:image\" content=\"https:\/\/www.metaflotech.com\/wp-content\/uploads\/2025\/02\/Mining-1.svg\" \/>\n<meta name=\"twitter:card\" content=\"summary_large_image\" \/>\n<meta name=\"twitter:site\" content=\"@metaflo\" \/>\n<meta name=\"twitter:label1\" content=\"Estimation du temps de lecture\" \/>\n\t<meta name=\"twitter:data1\" content=\"7 minutes\" \/>\n<script type=\"application\/ld+json\" class=\"yoast-schema-graph\">{\"@context\":\"https:\\\/\\\/schema.org\",\"@graph\":[{\"@type\":\"WebPage\",\"@id\":\"https:\\\/\\\/www.metaflotech.com\\\/fr\\\/industries\\\/mining\\\/\",\"url\":\"https:\\\/\\\/www.metaflotech.com\\\/fr\\\/industries\\\/mining\\\/\",\"name\":\"Mining Solutions for Haul Roads, Metal Recovery and Dust Control | MetaFLO Technologies\",\"isPartOf\":{\"@id\":\"https:\\\/\\\/www.metaflotech.com\\\/fr\\\/#website\"},\"primaryImageOfPage\":{\"@id\":\"https:\\\/\\\/www.metaflotech.com\\\/fr\\\/industries\\\/mining\\\/#primaryimage\"},\"image\":{\"@id\":\"https:\\\/\\\/www.metaflotech.com\\\/fr\\\/industries\\\/mining\\\/#primaryimage\"},\"thumbnailUrl\":\"https:\\\/\\\/www.metaflotech.com\\\/wp-content\\\/uploads\\\/2025\\\/02\\\/Mining-1.svg\",\"datePublished\":\"2024-12-25T09:50:31+00:00\",\"dateModified\":\"2026-03-12T13:20:36+00:00\",\"description\":\"MetaFLO provides sustainable polymer and biopolymer solutions for mining, supporting haul road stabilization, dust suppression, metal recovery and liquid waste management.\",\"breadcrumb\":{\"@id\":\"https:\\\/\\\/www.metaflotech.com\\\/fr\\\/industries\\\/mining\\\/#breadcrumb\"},\"inLanguage\":\"fr-CA\",\"potentialAction\":[{\"@type\":\"ReadAction\",\"target\":[\"https:\\\/\\\/www.metaflotech.com\\\/fr\\\/industries\\\/mining\\\/\"]}]},{\"@type\":\"ImageObject\",\"inLanguage\":\"fr-CA\",\"@id\":\"https:\\\/\\\/www.metaflotech.com\\\/fr\\\/industries\\\/mining\\\/#primaryimage\",\"url\":\"https:\\\/\\\/www.metaflotech.com\\\/wp-content\\\/uploads\\\/2025\\\/02\\\/Mining-1.svg\",\"contentUrl\":\"https:\\\/\\\/www.metaflotech.com\\\/wp-content\\\/uploads\\\/2025\\\/02\\\/Mining-1.svg\"},{\"@type\":\"BreadcrumbList\",\"@id\":\"https:\\\/\\\/www.metaflotech.com\\\/fr\\\/industries\\\/mining\\\/#breadcrumb\",\"itemListElement\":[{\"@type\":\"ListItem\",\"position\":1,\"name\":\"Home\",\"item\":\"https:\\\/\\\/www.metaflotech.com\\\/\"},{\"@type\":\"ListItem\",\"position\":2,\"name\":\"Industries\",\"item\":\"https:\\\/\\\/www.metaflotech.com\\\/industries\\\/\"},{\"@type\":\"ListItem\",\"position\":3,\"name\":\"Mining Solutions for Haul Roads, Metal Recovery and Dust Control\"}]},{\"@type\":\"WebSite\",\"@id\":\"https:\\\/\\\/www.metaflotech.com\\\/fr\\\/#website\",\"url\":\"https:\\\/\\\/www.metaflotech.com\\\/fr\\\/\",\"name\":\"MetaFLO Technologies\",\"description\":\"Engineered Polymer Solutions For Industrial Applications\",\"potentialAction\":[{\"@type\":\"SearchAction\",\"target\":{\"@type\":\"EntryPoint\",\"urlTemplate\":\"https:\\\/\\\/www.metaflotech.com\\\/fr\\\/?s={search_term_string}\"},\"query-input\":{\"@type\":\"PropertyValueSpecification\",\"valueRequired\":true,\"valueName\":\"search_term_string\"}}],\"inLanguage\":\"fr-CA\"}]}<\/script>\n<!-- \/ Yoast SEO plugin. -->","yoast_head_json":{"title":"Mining Solutions for Haul Roads, Metal Recovery and Dust Control | MetaFLO Technologies","description":"MetaFLO provides sustainable polymer and biopolymer solutions for mining, supporting haul road stabilization, dust suppression, metal recovery and liquid waste management.","robots":{"index":"index","follow":"follow","max-snippet":"max-snippet:-1","max-image-preview":"max-image-preview:large","max-video-preview":"max-video-preview:-1"},"canonical":"https:\/\/www.metaflotech.com\/fr\/secteurs-dactivite\/lexploitation-miniere\/","og_locale":"fr_CA","og_type":"article","og_title":"Mining Solutions for Haul Roads, Metal Recovery and Dust Control | MetaFLO Technologies","og_description":"MetaFLO provides sustainable polymer and biopolymer solutions for mining, supporting haul road stabilization, dust suppression, metal recovery and liquid waste management.","og_url":"https:\/\/www.metaflotech.com\/fr\/secteurs-dactivite\/lexploitation-miniere\/","og_site_name":"MetaFLO Technologies","article_publisher":"https:\/\/www.facebook.com\/MetaFLOTechnologies\/","article_modified_time":"2026-03-12T13:20:36+00:00","og_image":[{"url":"https:\/\/www.metaflotech.com\/wp-content\/uploads\/2025\/02\/Mining-1.svg","type":"","width":"","height":""}],"twitter_card":"summary_large_image","twitter_site":"@metaflo","twitter_misc":{"Estimation du temps de lecture":"7 minutes"},"schema":{"@context":"https:\/\/schema.org","@graph":[{"@type":"WebPage","@id":"https:\/\/www.metaflotech.com\/fr\/industries\/mining\/","url":"https:\/\/www.metaflotech.com\/fr\/industries\/mining\/","name":"Mining Solutions for Haul Roads, Metal Recovery and Dust Control | MetaFLO Technologies","isPartOf":{"@id":"https:\/\/www.metaflotech.com\/fr\/#website"},"primaryImageOfPage":{"@id":"https:\/\/www.metaflotech.com\/fr\/industries\/mining\/#primaryimage"},"image":{"@id":"https:\/\/www.metaflotech.com\/fr\/industries\/mining\/#primaryimage"},"thumbnailUrl":"https:\/\/www.metaflotech.com\/wp-content\/uploads\/2025\/02\/Mining-1.svg","datePublished":"2024-12-25T09:50:31+00:00","dateModified":"2026-03-12T13:20:36+00:00","description":"MetaFLO provides sustainable polymer and biopolymer solutions for mining, supporting haul road stabilization, dust suppression, metal recovery and liquid waste management.","breadcrumb":{"@id":"https:\/\/www.metaflotech.com\/fr\/industries\/mining\/#breadcrumb"},"inLanguage":"fr-CA","potentialAction":[{"@type":"ReadAction","target":["https:\/\/www.metaflotech.com\/fr\/industries\/mining\/"]}]},{"@type":"ImageObject","inLanguage":"fr-CA","@id":"https:\/\/www.metaflotech.com\/fr\/industries\/mining\/#primaryimage","url":"https:\/\/www.metaflotech.com\/wp-content\/uploads\/2025\/02\/Mining-1.svg","contentUrl":"https:\/\/www.metaflotech.com\/wp-content\/uploads\/2025\/02\/Mining-1.svg"},{"@type":"BreadcrumbList","@id":"https:\/\/www.metaflotech.com\/fr\/industries\/mining\/#breadcrumb","itemListElement":[{"@type":"ListItem","position":1,"name":"Home","item":"https:\/\/www.metaflotech.com\/"},{"@type":"ListItem","position":2,"name":"Industries","item":"https:\/\/www.metaflotech.com\/industries\/"},{"@type":"ListItem","position":3,"name":"Mining Solutions for Haul Roads, Metal Recovery and Dust Control"}]},{"@type":"WebSite","@id":"https:\/\/www.metaflotech.com\/fr\/#website","url":"https:\/\/www.metaflotech.com\/fr\/","name":"MetaFLO Technologies","description":"Solutions d'ing\u00e9nierie en mati\u00e8re de polym\u00e8res pour les applications industrielles","potentialAction":[{"@type":"SearchAction","target":{"@type":"EntryPoint","urlTemplate":"https:\/\/www.metaflotech.com\/fr\/?s={search_term_string}"},"query-input":{"@type":"PropertyValueSpecification","valueRequired":true,"valueName":"search_term_string"}}],"inLanguage":"fr-CA"}]}},"_links":{"self":[{"href":"https:\/\/www.metaflotech.com\/fr\/wp-json\/wp\/v2\/pages\/120698","targetHints":{"allow":["GET"]}}],"collection":[{"href":"https:\/\/www.metaflotech.com\/fr\/wp-json\/wp\/v2\/pages"}],"about":[{"href":"https:\/\/www.metaflotech.com\/fr\/wp-json\/wp\/v2\/types\/page"}],"author":[{"embeddable":true,"href":"https:\/\/www.metaflotech.com\/fr\/wp-json\/wp\/v2\/users\/1"}],"replies":[{"embeddable":true,"href":"https:\/\/www.metaflotech.com\/fr\/wp-json\/wp\/v2\/comments?post=120698"}],"version-history":[{"count":0,"href":"https:\/\/www.metaflotech.com\/fr\/wp-json\/wp\/v2\/pages\/120698\/revisions"}],"up":[{"embeddable":true,"href":"https:\/\/www.metaflotech.com\/fr\/wp-json\/wp\/v2\/pages\/120582"}],"wp:attachment":[{"href":"https:\/\/www.metaflotech.com\/fr\/wp-json\/wp\/v2\/media?parent=120698"}],"curies":[{"name":"wp","href":"https:\/\/api.w.org\/{rel}","templated":true}]}}