{"id":120990,"date":"2024-12-25T10:46:43","date_gmt":"2024-12-25T10:46:43","guid":{"rendered":"https:\/\/www.metaflotech.com\/?page_id=120990"},"modified":"2026-03-12T13:18:12","modified_gmt":"2026-03-12T13:18:12","slug":"routes","status":"publish","type":"page","link":"https:\/\/www.metaflotech.com\/fr\/industries\/roads\/","title":{"rendered":"Soil Stabilization and Dust Control for Strong Roads"},"content":{"rendered":"<h1><strong>Routes<\/strong><\/h1>\r\n<h2>\r\n\t\t\tD\u00e9fis\t<\/h2>\r\n\t<h3><b>Stabilisation des routes<br \/>\r\n<\/b><\/h3>\r\n\t\t\t <h4>En cas de fortes pluies et de trafic important, le mat\u00e9riau stabilis\u00e9 de la section subit des processus d'\u00e9rosion et de tassement. En cons\u00e9quence, la base de la route est compromise, ce qui r\u00e9duit la capacit\u00e9 portante de la route, acc\u00e9l\u00e9rant sa d\u00e9gradation, r\u00e9duisant sa dur\u00e9e de vie utile et g\u00e9n\u00e9rant une augmentation significative des co\u00fbts d'entretien.<\/h4>\t\t\r\n\t\t\t <h4>La r\u00e9gularisation traditionnelle des fondations n\u00e9cessite souvent de grands volumes d'eau et des co\u00fbts d'exploitation \u00e9lev\u00e9s.<\/h4>\t\t\r\n\t\t\t <h4>Les chemins de terre sont tr\u00e8s sensibles aux dommages structurels caus\u00e9s par l'\u00e9rosion due aux pr\u00e9cipitations, \u00e0 l'eau courante et au vent, ce qui n\u00e9cessite un entretien fr\u00e9quent et, dans certains cas, ne peut pas \u00eatre asphalt\u00e9.<\/h4>\t\t\r\n\t\t\t\t<img decoding=\"async\" src=\"https:\/\/www.metaflotech.com\/wp-content\/uploads\/2025\/02\/Roads-1.svg\" alt=\"Routes 1\" itemprop=\"image\" height=\"845\" width=\"3859\" title=\"Routes 1\" onerror=\"this.style.display='none'\" loading='lazy' \/>\r\n<h2>\r\n\t\t\tSolution MetaFLO\t<\/h2>\r\n\t\t\t <h4>La stabilisation du sol SoilTech augmente la densit\u00e9 de masse et le CBR et permet un meilleur compactage. Am\u00e9liore les propri\u00e9t\u00e9s m\u00e9caniques des sols et la stabilisation des couches, ainsi que l'imperm\u00e9abilit\u00e9.<\/h4>\t\t\r\n\t\t\t <h4>Facile \u00e0 appliquer en ajoutant un dosage minimal \u00e0 vos camions-citernes existants. N\u00e9cessite beaucoup moins d'eau que les m\u00e9thodes traditionnelles.<\/h4>\t\t\r\n\t\t\t <h4>Sans danger pour l'environnement et sans contaminants chimiques.<\/h4>\t\t\r\n\t\t\t\t<img decoding=\"async\" src=\"https:\/\/www.metaflotech.com\/wp-content\/uploads\/2024\/10\/Biopolymer-Hero-2.png\" alt=\"Biopolymer Hero 2\" itemprop=\"image\" height=\"447\" width=\"800\" onerror=\"this.style.display='none'\" loading='lazy' \/>\r\n\t\t\t\t<a href=\"https:\/\/www.metaflotech.com\/fr\/produits\/biopolymeres\/soiltech\/\"  target=\"_blank\" rel=\"noopener\"  itemprop=\"url\">\r\n\t\t\t\t<img decoding=\"async\" src=\"https:\/\/www.metaflotech.com\/wp-content\/uploads\/2025\/07\/Logo-3.svg\" alt=\"Logo\" itemprop=\"image\" height=\"100\" width=\"100\" title=\"Logo\" onerror=\"this.style.display='none'\" loading='lazy' \/>\r\n\t\t\t\t<\/a>\r\n<h2>\r\n\t\t\tD\u00e9fis\t<\/h2>\r\n\t<h3><b>Poussi\u00e8res en suspension dans l'air<br \/>\r\n<\/b><\/h3>\r\n\t\t\t <h4>La poussi\u00e8re nuit \u00e0 l'environnement, compromet la sant\u00e9 humaine, affecte n\u00e9gativement les communaut\u00e9s et r\u00e9duit la productivit\u00e9 globale des entreprises.<\/h4>\t\t\r\n\t\t\t <h4>Les particules fines contenues dans les routes en terre sont transport\u00e9es dans l'air par les projets de travaux publics et par la circulation, en particulier par temps sec. Cela entra\u00eene des probl\u00e8mes de visibilit\u00e9 pour les conducteurs, des risques pour la sant\u00e9 et une pollution de l'environnement.<\/h4>\t\t\r\n\t\t\t <h4>Les m\u00e9thodes traditionnelles de suppression des poussi\u00e8res n\u00e9cessitent g\u00e9n\u00e9ralement de grandes quantit\u00e9s d'eau, ce qui est co\u00fbteux sur le plan logistique et environnemental.<\/h4>\t\t\r\n\t\t\t\t<img decoding=\"async\" src=\"https:\/\/www.metaflotech.com\/wp-content\/uploads\/2025\/02\/Roads-3.svg\" alt=\"Routes 3\" itemprop=\"image\" height=\"843\" width=\"3859\" title=\"Routes 3\" onerror=\"this.style.display='none'\" loading='lazy' \/>\r\n<h2>\r\n\t\t\tSolution MetaFLO\t<\/h2>\r\n\t\t\t <h4>DusTech est un biopolym\u00e8re soluble dans l'eau qui se dilue directement dans un camion-citerne et peut \u00eatre appliqu\u00e9 facilement sur place pour la suppression des poussi\u00e8res.<\/h4>\t\t\r\n\t\t\t <h4>Cr\u00e9e une agglutination plus importante entre les particules du sol, r\u00e9duisant ainsi la poussi\u00e8re.<br \/>50% moins d'eau n\u00e9cessaire par rapport aux m\u00e9thodes traditionnelles.<\/h4>\t\t\r\n\t\t\t <h4>Renforce la s\u00e9curit\u00e9 routi\u00e8re, augmente la visibilit\u00e9 du trafic et am\u00e9liore la qualit\u00e9 de l'air.<\/h4>\t\t\r\n\t\t\t <h4>Adh\u00e8re instantan\u00e9ment au sol. Il n'est pas n\u00e9cessaire de fermer les routes \u00e0 la circulation pendant une p\u00e9riode prolong\u00e9e.<\/h4>\t\t\r\n\t\t\t <h4>Contrairement aux agents chimiques conventionnels de d\u00e9poussi\u00e9rage, DusTech ne r\u00e9duit pas le coefficient de frottement.<\/h4>\t\t\r\n\t\t\t\t<img decoding=\"async\" src=\"https:\/\/www.metaflotech.com\/wp-content\/uploads\/2025\/02\/Roads-4.svg\" alt=\"Routes 4\" itemprop=\"image\" height=\"1860\" width=\"1717\" title=\"Routes 4\" onerror=\"this.style.display='none'\" loading='lazy' \/>\r\n\t\t\t\t<a href=\"https:\/\/www.metaflotech.com\/fr\/produits\/biopolymeres\/dustech\/\"  target=\"_blank\" rel=\"noopener\"  itemprop=\"url\">\r\n\t\t\t\t<img decoding=\"async\" src=\"https:\/\/www.metaflotech.com\/wp-content\/uploads\/2025\/07\/Logo-5.svg\" alt=\"Logo\" itemprop=\"image\" height=\"100\" width=\"100\" title=\"Logo\" onerror=\"this.style.display='none'\" loading='lazy' \/>\r\n\t\t\t\t<\/a>\r\n<h2>\r\n\t\t\t\u00c9tudes de cas\t<\/h2>\r\n<h3>\r\n\t\t<a href=\"https:\/\/www.metaflotech.com\/wp-content\/uploads\/2025\/07\/SoilTech-Case-Study-1-English-MetaFLO-Technologies.pdf\" title=\"SoilTech Powers - Stabilisation durable des chauss\u00e9es\"  target=\"_self\">\r\n\t\t\tSoilTech Powers - Stabilisation durable des chauss\u00e9es\t\t<\/a>\r\n\t<\/h3>\r\n\t<p>MetaFLO&#8217;s innovative stabilization solution provided essential cost savings, productivity gains, and environmental benefits to keep a large-scale roadway project on schedule and within budget.<\/p>\r\n\t\t\t\t<img decoding=\"async\" src=\"https:\/\/www.metaflotech.com\/wp-content\/uploads\/2024\/10\/icon-transport-w.png\" alt=\"ic\u00f4ne transport w\" itemprop=\"image\" height=\"311\" width=\"311\" title=\"ic\u00f4ne transport w\" onerror=\"this.style.display='none'\" loading='lazy' \/>\r\n\t<h3><b>R\u00e9duire consid\u00e9rablement les co\u00fbts de transport<\/b><\/h3>\r\n\t\t\t\t<img decoding=\"async\" src=\"https:\/\/www.metaflotech.com\/wp-content\/uploads\/2024\/10\/icon-ecology-w.png\" alt=\"ic\u00f4ne \u00e9cologie w\" itemprop=\"image\" height=\"311\" width=\"311\" title=\"ic\u00f4ne \u00e9cologie w\" onerror=\"this.style.display='none'\" loading='lazy' \/>\r\n\t<h3><b>Minimiser les risques pour l'environnement et la s\u00e9curit\u00e9<\/b><\/h3>\r\n\t\t\t\t<img decoding=\"async\" src=\"https:\/\/www.metaflotech.com\/wp-content\/uploads\/2024\/10\/icon-savings-w.png\" alt=\"ic\u00f4ne \u00e9pargne w\" itemprop=\"image\" height=\"311\" width=\"311\" title=\"ic\u00f4ne \u00e9pargne w\" onerror=\"this.style.display='none'\" loading='lazy' \/>\r\n\t<h3><b>Gestion durable et efficace des d\u00e9chets<\/b><\/h3>","protected":false},"excerpt":{"rendered":"<p>Roads Challenges Road Stabilization With heavy rains and high traffic, the stabilized material in the section undergoes erosion and settlement processes. As a result, the road base is compromised, which reduces the load-bearing capacity of the road, accelerating its degradation, reducing its useful life and generating a significant increase in maintenance costs. Traditional subgrade regularization&hellip;<\/p>","protected":false},"author":1,"featured_media":0,"parent":120582,"menu_order":0,"comment_status":"closed","ping_status":"closed","template":"","meta":{"_acf_changed":false,"inline_featured_image":false,"footnotes":""},"class_list":["post-120990","page","type-page","status-publish","hentry"],"acf":[],"yoast_head":"<!-- This site is optimized with the Yoast SEO plugin v27.4 - https:\/\/yoast.com\/product\/yoast-seo-wordpress\/ -->\n<title>Soil Stabilization and Dust Control for Strong Roads | MetaFLO Technologies<\/title>\n<meta name=\"description\" content=\"Sustainable and environmentally safe solutions for soil stabilization and dust control on unpaved, gravel and haul roads.\" \/>\n<meta name=\"robots\" content=\"index, follow, max-snippet:-1, max-image-preview:large, max-video-preview:-1\" \/>\n<link rel=\"canonical\" href=\"https:\/\/www.metaflotech.com\/fr\/secteurs-dactivite\/routes\/\" \/>\n<meta property=\"og:locale\" content=\"fr_CA\" \/>\n<meta property=\"og:type\" content=\"article\" \/>\n<meta property=\"og:title\" content=\"Soil Stabilization and Dust Control for Strong Roads | MetaFLO Technologies\" \/>\n<meta property=\"og:description\" content=\"Sustainable and environmentally safe solutions for soil stabilization and dust control on unpaved, gravel and haul roads.\" \/>\n<meta property=\"og:url\" content=\"https:\/\/www.metaflotech.com\/fr\/secteurs-dactivite\/routes\/\" \/>\n<meta property=\"og:site_name\" content=\"MetaFLO Technologies\" \/>\n<meta property=\"article:publisher\" content=\"https:\/\/www.facebook.com\/MetaFLOTechnologies\/\" \/>\n<meta property=\"article:modified_time\" content=\"2026-03-12T13:18:12+00:00\" \/>\n<meta property=\"og:image\" content=\"https:\/\/www.metaflotech.com\/wp-content\/uploads\/2025\/02\/Roads-1.svg\" \/>\n<meta name=\"twitter:card\" content=\"summary_large_image\" \/>\n<meta name=\"twitter:site\" content=\"@metaflo\" \/>\n<meta name=\"twitter:label1\" content=\"Estimation du temps de lecture\" \/>\n\t<meta name=\"twitter:data1\" content=\"4 minutes\" \/>\n<script type=\"application\/ld+json\" class=\"yoast-schema-graph\">{\"@context\":\"https:\\\/\\\/schema.org\",\"@graph\":[{\"@type\":\"WebPage\",\"@id\":\"https:\\\/\\\/www.metaflotech.com\\\/fr\\\/industries\\\/roads\\\/\",\"url\":\"https:\\\/\\\/www.metaflotech.com\\\/fr\\\/industries\\\/roads\\\/\",\"name\":\"Soil Stabilization and Dust Control for Strong Roads | MetaFLO Technologies\",\"isPartOf\":{\"@id\":\"https:\\\/\\\/www.metaflotech.com\\\/fr\\\/#website\"},\"primaryImageOfPage\":{\"@id\":\"https:\\\/\\\/www.metaflotech.com\\\/fr\\\/industries\\\/roads\\\/#primaryimage\"},\"image\":{\"@id\":\"https:\\\/\\\/www.metaflotech.com\\\/fr\\\/industries\\\/roads\\\/#primaryimage\"},\"thumbnailUrl\":\"https:\\\/\\\/www.metaflotech.com\\\/wp-content\\\/uploads\\\/2025\\\/02\\\/Roads-1.svg\",\"datePublished\":\"2024-12-25T10:46:43+00:00\",\"dateModified\":\"2026-03-12T13:18:12+00:00\",\"description\":\"Sustainable and environmentally safe solutions for soil stabilization and dust control on unpaved, gravel and haul roads.\",\"breadcrumb\":{\"@id\":\"https:\\\/\\\/www.metaflotech.com\\\/fr\\\/industries\\\/roads\\\/#breadcrumb\"},\"inLanguage\":\"fr-CA\",\"potentialAction\":[{\"@type\":\"ReadAction\",\"target\":[\"https:\\\/\\\/www.metaflotech.com\\\/fr\\\/industries\\\/roads\\\/\"]}]},{\"@type\":\"ImageObject\",\"inLanguage\":\"fr-CA\",\"@id\":\"https:\\\/\\\/www.metaflotech.com\\\/fr\\\/industries\\\/roads\\\/#primaryimage\",\"url\":\"https:\\\/\\\/www.metaflotech.com\\\/wp-content\\\/uploads\\\/2025\\\/02\\\/Roads-1.svg\",\"contentUrl\":\"https:\\\/\\\/www.metaflotech.com\\\/wp-content\\\/uploads\\\/2025\\\/02\\\/Roads-1.svg\"},{\"@type\":\"BreadcrumbList\",\"@id\":\"https:\\\/\\\/www.metaflotech.com\\\/fr\\\/industries\\\/roads\\\/#breadcrumb\",\"itemListElement\":[{\"@type\":\"ListItem\",\"position\":1,\"name\":\"Home\",\"item\":\"https:\\\/\\\/www.metaflotech.com\\\/\"},{\"@type\":\"ListItem\",\"position\":2,\"name\":\"Industries\",\"item\":\"https:\\\/\\\/www.metaflotech.com\\\/industries\\\/\"},{\"@type\":\"ListItem\",\"position\":3,\"name\":\"Soil Stabilization and Dust Control for Strong Roads\"}]},{\"@type\":\"WebSite\",\"@id\":\"https:\\\/\\\/www.metaflotech.com\\\/fr\\\/#website\",\"url\":\"https:\\\/\\\/www.metaflotech.com\\\/fr\\\/\",\"name\":\"MetaFLO Technologies\",\"description\":\"Engineered Polymer Solutions For Industrial Applications\",\"potentialAction\":[{\"@type\":\"SearchAction\",\"target\":{\"@type\":\"EntryPoint\",\"urlTemplate\":\"https:\\\/\\\/www.metaflotech.com\\\/fr\\\/?s={search_term_string}\"},\"query-input\":{\"@type\":\"PropertyValueSpecification\",\"valueRequired\":true,\"valueName\":\"search_term_string\"}}],\"inLanguage\":\"fr-CA\"}]}<\/script>\n<!-- \/ Yoast SEO plugin. -->","yoast_head_json":{"title":"Soil Stabilization and Dust Control for Strong Roads | MetaFLO Technologies","description":"Sustainable and environmentally safe solutions for soil stabilization and dust control on unpaved, gravel and haul roads.","robots":{"index":"index","follow":"follow","max-snippet":"max-snippet:-1","max-image-preview":"max-image-preview:large","max-video-preview":"max-video-preview:-1"},"canonical":"https:\/\/www.metaflotech.com\/fr\/secteurs-dactivite\/routes\/","og_locale":"fr_CA","og_type":"article","og_title":"Soil Stabilization and Dust Control for Strong Roads | MetaFLO Technologies","og_description":"Sustainable and environmentally safe solutions for soil stabilization and dust control on unpaved, gravel and haul roads.","og_url":"https:\/\/www.metaflotech.com\/fr\/secteurs-dactivite\/routes\/","og_site_name":"MetaFLO Technologies","article_publisher":"https:\/\/www.facebook.com\/MetaFLOTechnologies\/","article_modified_time":"2026-03-12T13:18:12+00:00","og_image":[{"url":"https:\/\/www.metaflotech.com\/wp-content\/uploads\/2025\/02\/Roads-1.svg","type":"","width":"","height":""}],"twitter_card":"summary_large_image","twitter_site":"@metaflo","twitter_misc":{"Estimation du temps de lecture":"4 minutes"},"schema":{"@context":"https:\/\/schema.org","@graph":[{"@type":"WebPage","@id":"https:\/\/www.metaflotech.com\/fr\/industries\/roads\/","url":"https:\/\/www.metaflotech.com\/fr\/industries\/roads\/","name":"Soil Stabilization and Dust Control for Strong Roads | MetaFLO Technologies","isPartOf":{"@id":"https:\/\/www.metaflotech.com\/fr\/#website"},"primaryImageOfPage":{"@id":"https:\/\/www.metaflotech.com\/fr\/industries\/roads\/#primaryimage"},"image":{"@id":"https:\/\/www.metaflotech.com\/fr\/industries\/roads\/#primaryimage"},"thumbnailUrl":"https:\/\/www.metaflotech.com\/wp-content\/uploads\/2025\/02\/Roads-1.svg","datePublished":"2024-12-25T10:46:43+00:00","dateModified":"2026-03-12T13:18:12+00:00","description":"Sustainable and environmentally safe solutions for soil stabilization and dust control on unpaved, gravel and haul roads.","breadcrumb":{"@id":"https:\/\/www.metaflotech.com\/fr\/industries\/roads\/#breadcrumb"},"inLanguage":"fr-CA","potentialAction":[{"@type":"ReadAction","target":["https:\/\/www.metaflotech.com\/fr\/industries\/roads\/"]}]},{"@type":"ImageObject","inLanguage":"fr-CA","@id":"https:\/\/www.metaflotech.com\/fr\/industries\/roads\/#primaryimage","url":"https:\/\/www.metaflotech.com\/wp-content\/uploads\/2025\/02\/Roads-1.svg","contentUrl":"https:\/\/www.metaflotech.com\/wp-content\/uploads\/2025\/02\/Roads-1.svg"},{"@type":"BreadcrumbList","@id":"https:\/\/www.metaflotech.com\/fr\/industries\/roads\/#breadcrumb","itemListElement":[{"@type":"ListItem","position":1,"name":"Home","item":"https:\/\/www.metaflotech.com\/"},{"@type":"ListItem","position":2,"name":"Industries","item":"https:\/\/www.metaflotech.com\/industries\/"},{"@type":"ListItem","position":3,"name":"Soil Stabilization and Dust Control for Strong Roads"}]},{"@type":"WebSite","@id":"https:\/\/www.metaflotech.com\/fr\/#website","url":"https:\/\/www.metaflotech.com\/fr\/","name":"MetaFLO Technologies","description":"Solutions d'ing\u00e9nierie en mati\u00e8re de polym\u00e8res pour les applications industrielles","potentialAction":[{"@type":"SearchAction","target":{"@type":"EntryPoint","urlTemplate":"https:\/\/www.metaflotech.com\/fr\/?s={search_term_string}"},"query-input":{"@type":"PropertyValueSpecification","valueRequired":true,"valueName":"search_term_string"}}],"inLanguage":"fr-CA"}]}},"_links":{"self":[{"href":"https:\/\/www.metaflotech.com\/fr\/wp-json\/wp\/v2\/pages\/120990","targetHints":{"allow":["GET"]}}],"collection":[{"href":"https:\/\/www.metaflotech.com\/fr\/wp-json\/wp\/v2\/pages"}],"about":[{"href":"https:\/\/www.metaflotech.com\/fr\/wp-json\/wp\/v2\/types\/page"}],"author":[{"embeddable":true,"href":"https:\/\/www.metaflotech.com\/fr\/wp-json\/wp\/v2\/users\/1"}],"replies":[{"embeddable":true,"href":"https:\/\/www.metaflotech.com\/fr\/wp-json\/wp\/v2\/comments?post=120990"}],"version-history":[{"count":0,"href":"https:\/\/www.metaflotech.com\/fr\/wp-json\/wp\/v2\/pages\/120990\/revisions"}],"up":[{"embeddable":true,"href":"https:\/\/www.metaflotech.com\/fr\/wp-json\/wp\/v2\/pages\/120582"}],"wp:attachment":[{"href":"https:\/\/www.metaflotech.com\/fr\/wp-json\/wp\/v2\/media?parent=120990"}],"curies":[{"name":"wp","href":"https:\/\/api.w.org\/{rel}","templated":true}]}}