{"id":121047,"date":"2024-12-25T11:01:37","date_gmt":"2024-12-25T11:01:37","guid":{"rendered":"https:\/\/www.metaflotech.com\/?page_id=121047"},"modified":"2026-03-12T13:19:57","modified_gmt":"2026-03-12T13:19:57","slug":"lenvironnement","status":"publish","type":"page","link":"https:\/\/www.metaflotech.com\/fr\/industries\/environmental\/","title":{"rendered":"Stormwater and Wastewater Sludge Solidification Solutions"},"content":{"rendered":"<h1><strong>Environnement<\/strong><\/h1>\r\n<h2>\r\n\t\t\tD\u00e9fis\t<\/h2>\r\n\t<h3><strong>Bassins d'eaux pluviales \/ d'eaux us\u00e9es<br \/>\r\n<\/strong><\/h3>\r\n\t\t\t <h4>L'entretien permanent est la cl\u00e9 du succ\u00e8s des bassins d'orage. Mais si on laisse les s\u00e9diments s'accumuler dans le bassin et qu'on ne les enl\u00e8ve pas r\u00e9guli\u00e8rement, le bassin d'orage ne peut plus filtrer correctement les d\u00e9bris.<\/h4>\t\t\r\n\t\t\t <h4>Les m\u00e9thodes traditionnelles de traitement des boues demandent beaucoup de travail, de temps et d'argent.<\/h4>\t\t\r\n\t\t\t <h4>La sciure de bois, la chaux et le ciment peuvent \u00eatre utilis\u00e9s pour solidifier le bassin, mais cette m\u00e9thode peut augmenter les volumes d'\u00e9limination jusqu'\u00e0 300%, ce qui signifie que les camions \u00e0 benne ont plus \u00e0 transporter et cr\u00e9ent une charge de d\u00e9chets plus importante sur le site d'\u00e9limination final.<\/h4>\t\t\r\n\t\t\t\t<img decoding=\"async\" src=\"https:\/\/www.metaflotech.com\/wp-content\/uploads\/2025\/02\/Environmental-1.svg\" alt=\"Environnement 1\" itemprop=\"image\" height=\"843\" width=\"3859\" title=\"Environnement 1\" onerror=\"this.style.display='none'\" loading='lazy' \/>\r\n<h2>\r\n\t\t\tSolution MetaFLO\t<\/h2>\r\n\t\t\t <h4>Non toxique, inerte*, le r\u00e9actif de solidification absorbe rapidement l'eau pour solidifier la boue sur place &lt; 1 heure.<\/h4>\t\t\r\n\t\t\t <h4>Une fois solidifi\u00e9s, les d\u00e9chets peuvent passer le test du filtre \u00e0 peinture (PFT).<\/h4>\t\t\r\n\t\t\t <h4>Le lisier solidifi\u00e9 est transport\u00e9 directement vers le site d'\u00e9limination final, ce qui r\u00e9duit les co\u00fbts de transport et d'\u00e9limination tout en am\u00e9liorant la s\u00e9curit\u00e9 et la conformit\u00e9 aux r\u00e9glementations.<\/h4>\t\t\r\n\t<p><em>*La classification des produits peut varier d'une juridiction \u00e0 l'autre dans les diff\u00e9rents pays.<\/em><\/p>\r\n\t\t\t\t<img decoding=\"async\" src=\"https:\/\/www.metaflotech.com\/wp-content\/uploads\/2025\/02\/Environmental-4.svg\" alt=\"Environnement 4\" itemprop=\"image\" height=\"1861\" width=\"1718\" title=\"Environnement 4\" onerror=\"this.style.display='none'\" loading='lazy' \/>\r\n\t\t\t\t<a href=\"https:\/\/www.metaflotech.com\/fr\/produits\/reactifs-de-solidification\/mf003\/\"  target=\"_blank\" rel=\"noopener\"  itemprop=\"url\">\r\n\t\t\t\t<img decoding=\"async\" src=\"https:\/\/www.metaflotech.com\/wp-content\/uploads\/2024\/03\/Logo-MF003.svg\" alt=\"Logo MF003\" itemprop=\"image\" height=\"100\" width=\"100\" title=\"Logo MF003\" onerror=\"this.style.display='none'\" loading='lazy' \/>\r\n\t\t\t\t<\/a>\r\n\t\t\t\t<a href=\"https:\/\/www.metaflotech.com\/fr\/produits\/reactifs-de-solidification\/mf006\/\"  target=\"_blank\" rel=\"noopener\"  itemprop=\"url\">\r\n\t\t\t\t<img decoding=\"async\" src=\"https:\/\/www.metaflotech.com\/wp-content\/uploads\/2024\/03\/Logo-MF006.svg\" alt=\"Logo MF006\" itemprop=\"image\" height=\"100\" width=\"100\" title=\"Logo MF006\" onerror=\"this.style.display='none'\" loading='lazy' \/>\r\n\t\t\t\t<\/a>\r\n<h2>\r\n\t\t\t\u00c9tudes de cas\t<\/h2>\r\n<h3>\r\n\t\t<a href=\"https:\/\/www.metaflotech.com\/wp-content\/uploads\/2024\/12\/MF006-Case-Study-5_-Hydrovac-English-MetaFLO-Technologies.pdf\" title=\"Transformer les d\u00e9chets d&#039;Hydrovac en avantages pour l&#039;agriculture\"  target=\"_self\">\r\n\t\t\tTransformer les d\u00e9chets d'Hydrovac en avantages pour l'agriculture\t\t<\/a>\r\n\t<\/h3>\r\n\t<p>MetaFLO r\u00e9utilise la boue d'hydrovac pour am\u00e9liorer la sant\u00e9 et la durabilit\u00e9 des sols pour les agriculteurs canadiens, transformant un sous-produit industriel en une ressource agricole pr\u00e9cieuse.<\/p>\r\n\t\t\t\t<img decoding=\"async\" src=\"https:\/\/www.metaflotech.com\/wp-content\/uploads\/2024\/10\/icon-transport-w.png\" alt=\"ic\u00f4ne transport w\" itemprop=\"image\" height=\"311\" width=\"311\" title=\"ic\u00f4ne transport w\" onerror=\"this.style.display='none'\" loading='lazy' \/>\r\n\t<h3><b>R\u00e9duire consid\u00e9rablement les co\u00fbts de transport<\/b><\/h3>\r\n\t\t\t\t<img decoding=\"async\" src=\"https:\/\/www.metaflotech.com\/wp-content\/uploads\/2024\/10\/icon-ecology-w.png\" alt=\"ic\u00f4ne \u00e9cologie w\" itemprop=\"image\" height=\"311\" width=\"311\" title=\"ic\u00f4ne \u00e9cologie w\" onerror=\"this.style.display='none'\" loading='lazy' \/>\r\n\t<h3><b>Minimiser les risques pour l'environnement et la s\u00e9curit\u00e9<\/b><\/h3>\r\n\t\t\t\t<img decoding=\"async\" src=\"https:\/\/www.metaflotech.com\/wp-content\/uploads\/2024\/10\/icon-savings-w.png\" alt=\"ic\u00f4ne \u00e9pargne w\" itemprop=\"image\" height=\"311\" width=\"311\" title=\"ic\u00f4ne \u00e9pargne w\" onerror=\"this.style.display='none'\" loading='lazy' \/>\r\n\t<h3><b>Gestion durable et efficace des d\u00e9chets<\/b><\/h3>","protected":false},"excerpt":{"rendered":"<p>Environmental Challenges Stormwater \/ Wastewater ponds Ongoing maintenance is key to the success of stormwater ponds. But if the sediment is left to build up in the pond and is not removed regularly, the stormwater pond can no longer properly filter debris. Traditional sludge handling methods are labor-intensive, time-consuming and costly. Sawdust, lime and cement&hellip;<\/p>","protected":false},"author":1,"featured_media":0,"parent":120582,"menu_order":0,"comment_status":"closed","ping_status":"closed","template":"","meta":{"_acf_changed":false,"inline_featured_image":false,"footnotes":""},"class_list":["post-121047","page","type-page","status-publish","hentry"],"acf":[],"yoast_head":"<!-- This site is optimized with the Yoast SEO plugin v27.5 - https:\/\/yoast.com\/product\/yoast-seo-wordpress\/ -->\n<title>Stormwater and Wastewater Sludge Solidification Solutions | MetaFLO Technologies<\/title>\n<meta name=\"description\" content=\"MetaFLO provides sustainable solutions for stormwater and wastewater pond sludge management, enabling efficient solidification while reducing transport and disposal volumes.\" \/>\n<meta name=\"robots\" content=\"index, follow, max-snippet:-1, max-image-preview:large, max-video-preview:-1\" \/>\n<link rel=\"canonical\" href=\"https:\/\/www.metaflotech.com\/fr\/secteurs-dactivite\/lenvironnement\/\" \/>\n<meta property=\"og:locale\" content=\"fr_CA\" \/>\n<meta property=\"og:type\" content=\"article\" \/>\n<meta property=\"og:title\" content=\"Stormwater and Wastewater Sludge Solidification Solutions | MetaFLO Technologies\" \/>\n<meta property=\"og:description\" content=\"MetaFLO provides sustainable solutions for stormwater and wastewater pond sludge management, enabling efficient solidification while reducing transport and disposal volumes.\" \/>\n<meta property=\"og:url\" content=\"https:\/\/www.metaflotech.com\/fr\/secteurs-dactivite\/lenvironnement\/\" \/>\n<meta property=\"og:site_name\" content=\"MetaFLO Technologies\" \/>\n<meta property=\"article:publisher\" content=\"https:\/\/www.facebook.com\/MetaFLOTechnologies\/\" \/>\n<meta property=\"article:modified_time\" content=\"2026-03-12T13:19:57+00:00\" \/>\n<meta property=\"og:image\" content=\"https:\/\/www.metaflotech.com\/wp-content\/uploads\/2025\/02\/Environmental-1.svg\" \/>\n<meta name=\"twitter:card\" content=\"summary_large_image\" \/>\n<meta name=\"twitter:site\" content=\"@metaflo\" \/>\n<meta name=\"twitter:label1\" content=\"Estimation du temps de lecture\" \/>\n\t<meta name=\"twitter:data1\" content=\"3 minutes\" \/>\n<script type=\"application\/ld+json\" class=\"yoast-schema-graph\">{\"@context\":\"https:\\\/\\\/schema.org\",\"@graph\":[{\"@type\":\"WebPage\",\"@id\":\"https:\\\/\\\/www.metaflotech.com\\\/fr\\\/industries\\\/environmental\\\/\",\"url\":\"https:\\\/\\\/www.metaflotech.com\\\/fr\\\/industries\\\/environmental\\\/\",\"name\":\"Stormwater and Wastewater Sludge Solidification Solutions | MetaFLO Technologies\",\"isPartOf\":{\"@id\":\"https:\\\/\\\/www.metaflotech.com\\\/fr\\\/#website\"},\"primaryImageOfPage\":{\"@id\":\"https:\\\/\\\/www.metaflotech.com\\\/fr\\\/industries\\\/environmental\\\/#primaryimage\"},\"image\":{\"@id\":\"https:\\\/\\\/www.metaflotech.com\\\/fr\\\/industries\\\/environmental\\\/#primaryimage\"},\"thumbnailUrl\":\"https:\\\/\\\/www.metaflotech.com\\\/wp-content\\\/uploads\\\/2025\\\/02\\\/Environmental-1.svg\",\"datePublished\":\"2024-12-25T11:01:37+00:00\",\"dateModified\":\"2026-03-12T13:19:57+00:00\",\"description\":\"MetaFLO provides sustainable solutions for stormwater and wastewater pond sludge management, enabling efficient solidification while reducing transport and disposal volumes.\",\"breadcrumb\":{\"@id\":\"https:\\\/\\\/www.metaflotech.com\\\/fr\\\/industries\\\/environmental\\\/#breadcrumb\"},\"inLanguage\":\"fr-CA\",\"potentialAction\":[{\"@type\":\"ReadAction\",\"target\":[\"https:\\\/\\\/www.metaflotech.com\\\/fr\\\/industries\\\/environmental\\\/\"]}]},{\"@type\":\"ImageObject\",\"inLanguage\":\"fr-CA\",\"@id\":\"https:\\\/\\\/www.metaflotech.com\\\/fr\\\/industries\\\/environmental\\\/#primaryimage\",\"url\":\"https:\\\/\\\/www.metaflotech.com\\\/wp-content\\\/uploads\\\/2025\\\/02\\\/Environmental-1.svg\",\"contentUrl\":\"https:\\\/\\\/www.metaflotech.com\\\/wp-content\\\/uploads\\\/2025\\\/02\\\/Environmental-1.svg\"},{\"@type\":\"BreadcrumbList\",\"@id\":\"https:\\\/\\\/www.metaflotech.com\\\/fr\\\/industries\\\/environmental\\\/#breadcrumb\",\"itemListElement\":[{\"@type\":\"ListItem\",\"position\":1,\"name\":\"Home\",\"item\":\"https:\\\/\\\/www.metaflotech.com\\\/\"},{\"@type\":\"ListItem\",\"position\":2,\"name\":\"Industries\",\"item\":\"https:\\\/\\\/www.metaflotech.com\\\/industries\\\/\"},{\"@type\":\"ListItem\",\"position\":3,\"name\":\"Stormwater and Wastewater Sludge Solidification Solutions\"}]},{\"@type\":\"WebSite\",\"@id\":\"https:\\\/\\\/www.metaflotech.com\\\/fr\\\/#website\",\"url\":\"https:\\\/\\\/www.metaflotech.com\\\/fr\\\/\",\"name\":\"MetaFLO Technologies\",\"description\":\"Engineered Polymer Solutions For Industrial Applications\",\"potentialAction\":[{\"@type\":\"SearchAction\",\"target\":{\"@type\":\"EntryPoint\",\"urlTemplate\":\"https:\\\/\\\/www.metaflotech.com\\\/fr\\\/?s={search_term_string}\"},\"query-input\":{\"@type\":\"PropertyValueSpecification\",\"valueRequired\":true,\"valueName\":\"search_term_string\"}}],\"inLanguage\":\"fr-CA\"}]}<\/script>\n<!-- \/ Yoast SEO plugin. -->","yoast_head_json":{"title":"Stormwater and Wastewater Sludge Solidification Solutions | MetaFLO Technologies","description":"MetaFLO provides sustainable solutions for stormwater and wastewater pond sludge management, enabling efficient solidification while reducing transport and disposal volumes.","robots":{"index":"index","follow":"follow","max-snippet":"max-snippet:-1","max-image-preview":"max-image-preview:large","max-video-preview":"max-video-preview:-1"},"canonical":"https:\/\/www.metaflotech.com\/fr\/secteurs-dactivite\/lenvironnement\/","og_locale":"fr_CA","og_type":"article","og_title":"Stormwater and Wastewater Sludge Solidification Solutions | MetaFLO Technologies","og_description":"MetaFLO provides sustainable solutions for stormwater and wastewater pond sludge management, enabling efficient solidification while reducing transport and disposal volumes.","og_url":"https:\/\/www.metaflotech.com\/fr\/secteurs-dactivite\/lenvironnement\/","og_site_name":"MetaFLO Technologies","article_publisher":"https:\/\/www.facebook.com\/MetaFLOTechnologies\/","article_modified_time":"2026-03-12T13:19:57+00:00","og_image":[{"url":"https:\/\/www.metaflotech.com\/wp-content\/uploads\/2025\/02\/Environmental-1.svg","type":"","width":"","height":""}],"twitter_card":"summary_large_image","twitter_site":"@metaflo","twitter_misc":{"Estimation du temps de lecture":"3 minutes"},"schema":{"@context":"https:\/\/schema.org","@graph":[{"@type":"WebPage","@id":"https:\/\/www.metaflotech.com\/fr\/industries\/environmental\/","url":"https:\/\/www.metaflotech.com\/fr\/industries\/environmental\/","name":"Stormwater and Wastewater Sludge Solidification Solutions | MetaFLO Technologies","isPartOf":{"@id":"https:\/\/www.metaflotech.com\/fr\/#website"},"primaryImageOfPage":{"@id":"https:\/\/www.metaflotech.com\/fr\/industries\/environmental\/#primaryimage"},"image":{"@id":"https:\/\/www.metaflotech.com\/fr\/industries\/environmental\/#primaryimage"},"thumbnailUrl":"https:\/\/www.metaflotech.com\/wp-content\/uploads\/2025\/02\/Environmental-1.svg","datePublished":"2024-12-25T11:01:37+00:00","dateModified":"2026-03-12T13:19:57+00:00","description":"MetaFLO provides sustainable solutions for stormwater and wastewater pond sludge management, enabling efficient solidification while reducing transport and disposal volumes.","breadcrumb":{"@id":"https:\/\/www.metaflotech.com\/fr\/industries\/environmental\/#breadcrumb"},"inLanguage":"fr-CA","potentialAction":[{"@type":"ReadAction","target":["https:\/\/www.metaflotech.com\/fr\/industries\/environmental\/"]}]},{"@type":"ImageObject","inLanguage":"fr-CA","@id":"https:\/\/www.metaflotech.com\/fr\/industries\/environmental\/#primaryimage","url":"https:\/\/www.metaflotech.com\/wp-content\/uploads\/2025\/02\/Environmental-1.svg","contentUrl":"https:\/\/www.metaflotech.com\/wp-content\/uploads\/2025\/02\/Environmental-1.svg"},{"@type":"BreadcrumbList","@id":"https:\/\/www.metaflotech.com\/fr\/industries\/environmental\/#breadcrumb","itemListElement":[{"@type":"ListItem","position":1,"name":"Home","item":"https:\/\/www.metaflotech.com\/"},{"@type":"ListItem","position":2,"name":"Industries","item":"https:\/\/www.metaflotech.com\/industries\/"},{"@type":"ListItem","position":3,"name":"Stormwater and Wastewater Sludge Solidification Solutions"}]},{"@type":"WebSite","@id":"https:\/\/www.metaflotech.com\/fr\/#website","url":"https:\/\/www.metaflotech.com\/fr\/","name":"MetaFLO Technologies","description":"Solutions d'ing\u00e9nierie en mati\u00e8re de polym\u00e8res pour les applications industrielles","potentialAction":[{"@type":"SearchAction","target":{"@type":"EntryPoint","urlTemplate":"https:\/\/www.metaflotech.com\/fr\/?s={search_term_string}"},"query-input":{"@type":"PropertyValueSpecification","valueRequired":true,"valueName":"search_term_string"}}],"inLanguage":"fr-CA"}]}},"_links":{"self":[{"href":"https:\/\/www.metaflotech.com\/fr\/wp-json\/wp\/v2\/pages\/121047","targetHints":{"allow":["GET"]}}],"collection":[{"href":"https:\/\/www.metaflotech.com\/fr\/wp-json\/wp\/v2\/pages"}],"about":[{"href":"https:\/\/www.metaflotech.com\/fr\/wp-json\/wp\/v2\/types\/page"}],"author":[{"embeddable":true,"href":"https:\/\/www.metaflotech.com\/fr\/wp-json\/wp\/v2\/users\/1"}],"replies":[{"embeddable":true,"href":"https:\/\/www.metaflotech.com\/fr\/wp-json\/wp\/v2\/comments?post=121047"}],"version-history":[{"count":0,"href":"https:\/\/www.metaflotech.com\/fr\/wp-json\/wp\/v2\/pages\/121047\/revisions"}],"up":[{"embeddable":true,"href":"https:\/\/www.metaflotech.com\/fr\/wp-json\/wp\/v2\/pages\/120582"}],"wp:attachment":[{"href":"https:\/\/www.metaflotech.com\/fr\/wp-json\/wp\/v2\/media?parent=121047"}],"curies":[{"name":"wp","href":"https:\/\/api.w.org\/{rel}","templated":true}]}}